{"id":9613,"date":"2025-04-24T13:55:55","date_gmt":"2025-04-24T11:55:55","guid":{"rendered":"https:\/\/greenlink.technology\/sobre-nosotros\/la-empresa\/linq\/noticias\/"},"modified":"2025-06-12T08:04:33","modified_gmt":"2025-06-12T06:04:33","slug":"noticias","status":"publish","type":"page","link":"https:\/\/greenlink.technology\/es\/sobre-nosotros\/la-empresa\/linq\/noticias\/","title":{"rendered":"Noticias"},"content":{"rendered":"\t\t<div data-elementor-type=\"wp-page\" data-elementor-id=\"9613\" class=\"elementor elementor-9613 elementor-7679\" data-elementor-settings=\"{&quot;ha_cmc_init_switcher&quot;:&quot;no&quot;}\" data-elementor-post-type=\"page\">\n\t\t\t\t<div class=\"elementor-element elementor-element-545b1a8 e-flex e-con-boxed e-con e-parent\" data-id=\"545b1a8\" data-element_type=\"container\" data-e-type=\"container\" data-settings=\"{&quot;background_background&quot;:&quot;classic&quot;,&quot;shape_divider_bottom&quot;:&quot;waves&quot;,&quot;shape_divider_bottom_negative&quot;:&quot;yes&quot;,&quot;_ha_eqh_enable&quot;:false}\">\n\t\t\t\t\t<div class=\"e-con-inner\">\n\t\t\t\t<div class=\"elementor-shape elementor-shape-bottom\" aria-hidden=\"true\" data-negative=\"true\">\n\t\t\t<svg xmlns=\"http:\/\/www.w3.org\/2000\/svg\" viewBox=\"0 0 1000 100\" preserveAspectRatio=\"none\">\n\t<path class=\"elementor-shape-fill\" d=\"M790.5,93.1c-59.3-5.3-116.8-18-192.6-50c-29.6-12.7-76.9-31-100.5-35.9c-23.6-4.9-52.6-7.8-75.5-5.3\n\tc-10.2,1.1-22.6,1.4-50.1,7.4c-27.2,6.3-58.2,16.6-79.4,24.7c-41.3,15.9-94.9,21.9-134,22.6C72,58.2,0,25.8,0,25.8V100h1000V65.3\n\tc0,0-51.5,19.4-106.2,25.7C839.5,97,814.1,95.2,790.5,93.1z\"\/>\n<\/svg>\t\t<\/div>\n\t\t<div class=\"elementor-element elementor-element-306f62b e-con-full e-flex e-con e-child\" data-id=\"306f62b\" data-element_type=\"container\" data-e-type=\"container\" data-settings=\"{&quot;_ha_eqh_enable&quot;:false}\">\n\t\t\t\t<div class=\"elementor-element elementor-element-58ae9b2 elementor-widget elementor-widget-heading\" data-id=\"58ae9b2\" data-element_type=\"widget\" data-e-type=\"widget\" data-widget_type=\"heading.default\">\n\t\t\t\t<div class=\"elementor-widget-container\">\n\t\t\t\t\t<h3 class=\"elementor-heading-title elementor-size-default\">\u00daltimas noticias<\/h3>\t\t\t\t<\/div>\n\t\t\t\t<\/div>\n\t\t\t\t<div class=\"elementor-element elementor-element-f3eab2f elementor-widget elementor-widget-text-editor\" data-id=\"f3eab2f\" data-element_type=\"widget\" data-e-type=\"widget\" data-widget_type=\"text-editor.default\">\n\t\t\t\t<div class=\"elementor-widget-container\">\n\t\t\t\t\t\t\t\t\t<p><strong>Mantente al d\u00eda de los \u00faltimos avances e innovaciones en LinQ Europe.<\/strong><\/p><p>Inf\u00f3rmate sobre nuestros proyectos actuales, nuestras apasionantes colaboraciones y las tecnolog\u00edas pioneras que est\u00e1n dando forma al futuro de la tecnolog\u00eda de conexi\u00f3n y la electromec\u00e1nica. Descubre c\u00f3mo impulsamos la transici\u00f3n energ\u00e9tica junto con el Grupo greenLink y desarrollamos soluciones sostenibles para un futuro ecol\u00f3gico. <\/p>\t\t\t\t\t\t\t\t<\/div>\n\t\t\t\t<\/div>\n\t\t\t\t<\/div>\n\t\t<div class=\"elementor-element elementor-element-882654e e-con-full e-flex e-con e-child\" data-id=\"882654e\" data-element_type=\"container\" data-e-type=\"container\" data-settings=\"{&quot;_ha_eqh_enable&quot;:false}\">\n\t\t\t\t<div class=\"elementor-element elementor-element-d8ced8d elementor-widget elementor-widget-image\" data-id=\"d8ced8d\" data-element_type=\"widget\" data-e-type=\"widget\" data-widget_type=\"image.default\">\n\t\t\t\t<div class=\"elementor-widget-container\">\n\t\t\t\t\t\t\t\t\t\t\t\t\t\t\t<img fetchpriority=\"high\" decoding=\"async\" width=\"1200\" height=\"1006\" src=\"https:\/\/linqeurope.pl\/wp-content\/uploads\/2025\/04\/linq-content-news.jpg\" class=\"attachment-full size-full wp-image-9614\" alt=\"\" srcset=\"https:\/\/linqeurope.pl\/wp-content\/uploads\/2025\/04\/linq-content-news.jpg 1200w, https:\/\/linqeurope.pl\/wp-content\/uploads\/2025\/04\/linq-content-news-300x252.jpg 300w, https:\/\/linqeurope.pl\/wp-content\/uploads\/2025\/04\/linq-content-news-1024x858.jpg 1024w, https:\/\/linqeurope.pl\/wp-content\/uploads\/2025\/04\/linq-content-news-768x644.jpg 768w, https:\/\/linqeurope.pl\/wp-content\/uploads\/2025\/04\/linq-content-news-600x503.jpg 600w\" sizes=\"(max-width: 1200px) 100vw, 1200px\" \/>\t\t\t\t\t\t\t\t\t\t\t\t\t\t\t<\/div>\n\t\t\t\t<\/div>\n\t\t\t\t<\/div>\n\t\t\t\t\t<\/div>\n\t\t\t\t<\/div>\n\t\t\t\t<\/div>\n\t\t","protected":false},"excerpt":{"rendered":"<p>\u00daltimas noticias Mantente al d\u00eda de los \u00faltimos avances e innovaciones en LinQ Europe. Inf\u00f3rmate sobre nuestros proyectos actuales, nuestras apasionantes colaboraciones y las tecnolog\u00edas pioneras que est\u00e1n dando forma al futuro de la tecnolog\u00eda de conexi\u00f3n y la electromec\u00e1nica. Descubre c\u00f3mo impulsamos la transici\u00f3n energ\u00e9tica junto con el Grupo greenLink y desarrollamos soluciones sostenibles [&hellip;]<\/p>\n","protected":false},"author":1,"featured_media":9615,"parent":8486,"menu_order":0,"comment_status":"closed","ping_status":"closed","template":"","meta":{"_acf_changed":false,"footnotes":""},"categories":[1281],"tags":[],"class_list":["post-9613","page","type-page","status-publish","has-post-thumbnail","hentry","category-linq-es"],"acf":[],"yoast_head":"<!-- This site is optimized with the Yoast SEO plugin v27.3 - https:\/\/yoast.com\/product\/yoast-seo-wordpress\/ -->\n<title>Noticias - greenLink orchestrating energy flows | enwitec electronic GmbH | LinQ Europe Sp. z o.o.<\/title>\n<meta name=\"robots\" content=\"index, follow, max-snippet:-1, max-image-preview:large, max-video-preview:-1\" \/>\n<link rel=\"canonical\" href=\"https:\/\/greenlink.technology\/es\/sobre-nosotros\/la-empresa\/linq\/noticias\/\" \/>\n<meta property=\"og:locale\" content=\"es_ES\" \/>\n<meta property=\"og:type\" content=\"article\" \/>\n<meta property=\"og:title\" content=\"Noticias - greenLink orchestrating energy flows | enwitec electronic GmbH | LinQ Europe Sp. z o.o.\" \/>\n<meta property=\"og:description\" content=\"\u00daltimas noticias Mantente al d\u00eda de los \u00faltimos avances e innovaciones en LinQ Europe. Inf\u00f3rmate sobre nuestros proyectos actuales, nuestras apasionantes colaboraciones y las tecnolog\u00edas pioneras que est\u00e1n dando forma al futuro de la tecnolog\u00eda de conexi\u00f3n y la electromec\u00e1nica. Descubre c\u00f3mo impulsamos la transici\u00f3n energ\u00e9tica junto con el Grupo greenLink y desarrollamos soluciones sostenibles [&hellip;]\" \/>\n<meta property=\"og:url\" content=\"https:\/\/greenlink.technology\/es\/sobre-nosotros\/la-empresa\/linq\/noticias\/\" \/>\n<meta property=\"og:site_name\" content=\"greenLink orchestrating energy flows | enwitec electronic GmbH | LinQ Europe Sp. z o.o.\" \/>\n<meta property=\"article:modified_time\" content=\"2025-06-12T06:04:33+00:00\" \/>\n<meta property=\"og:image\" content=\"https:\/\/greenlink.technology\/wp-content\/uploads\/2025\/04\/linq-header-news.jpg\" \/>\n\t<meta property=\"og:image:width\" content=\"2300\" \/>\n\t<meta property=\"og:image:height\" content=\"920\" \/>\n\t<meta property=\"og:image:type\" content=\"image\/jpeg\" \/>\n<meta name=\"twitter:card\" content=\"summary_large_image\" \/>\n<script type=\"application\/ld+json\" class=\"yoast-schema-graph\">{\"@context\":\"https:\\\/\\\/schema.org\",\"@graph\":[{\"@type\":\"WebPage\",\"@id\":\"https:\\\/\\\/greenlink.technology\\\/es\\\/sobre-nosotros\\\/la-empresa\\\/linq\\\/noticias\\\/\",\"url\":\"https:\\\/\\\/greenlink.technology\\\/es\\\/sobre-nosotros\\\/la-empresa\\\/linq\\\/noticias\\\/\",\"name\":\"Noticias - greenLink orchestrating energy flows | enwitec electronic GmbH | LinQ Europe Sp. z o.o.\",\"isPartOf\":{\"@id\":\"https:\\\/\\\/enwitec.eu\\\/en\\\/#website\"},\"primaryImageOfPage\":{\"@id\":\"https:\\\/\\\/greenlink.technology\\\/es\\\/sobre-nosotros\\\/la-empresa\\\/linq\\\/noticias\\\/#primaryimage\"},\"image\":{\"@id\":\"https:\\\/\\\/greenlink.technology\\\/es\\\/sobre-nosotros\\\/la-empresa\\\/linq\\\/noticias\\\/#primaryimage\"},\"thumbnailUrl\":\"https:\\\/\\\/greenlink.technology\\\/wp-content\\\/uploads\\\/2025\\\/04\\\/linq-header-news.jpg\",\"datePublished\":\"2025-04-24T11:55:55+00:00\",\"dateModified\":\"2025-06-12T06:04:33+00:00\",\"breadcrumb\":{\"@id\":\"https:\\\/\\\/greenlink.technology\\\/es\\\/sobre-nosotros\\\/la-empresa\\\/linq\\\/noticias\\\/#breadcrumb\"},\"inLanguage\":\"es\",\"potentialAction\":[{\"@type\":\"ReadAction\",\"target\":[\"https:\\\/\\\/greenlink.technology\\\/es\\\/sobre-nosotros\\\/la-empresa\\\/linq\\\/noticias\\\/\"]}]},{\"@type\":\"ImageObject\",\"inLanguage\":\"es\",\"@id\":\"https:\\\/\\\/greenlink.technology\\\/es\\\/sobre-nosotros\\\/la-empresa\\\/linq\\\/noticias\\\/#primaryimage\",\"url\":\"https:\\\/\\\/greenlink.technology\\\/wp-content\\\/uploads\\\/2025\\\/04\\\/linq-header-news.jpg\",\"contentUrl\":\"https:\\\/\\\/greenlink.technology\\\/wp-content\\\/uploads\\\/2025\\\/04\\\/linq-header-news.jpg\",\"width\":2300,\"height\":920},{\"@type\":\"BreadcrumbList\",\"@id\":\"https:\\\/\\\/greenlink.technology\\\/es\\\/sobre-nosotros\\\/la-empresa\\\/linq\\\/noticias\\\/#breadcrumb\",\"itemListElement\":[{\"@type\":\"ListItem\",\"position\":1,\"name\":\"Startseite\",\"item\":\"https:\\\/\\\/enwitec.eu\\\/es\\\/\"},{\"@type\":\"ListItem\",\"position\":2,\"name\":\"Sobre nosotros\",\"item\":\"https:\\\/\\\/greenlink.technology\\\/es\\\/sobre-nosotros\\\/\"},{\"@type\":\"ListItem\",\"position\":3,\"name\":\"La empresa\",\"item\":\"https:\\\/\\\/greenlink.technology\\\/es\\\/sobre-nosotros\\\/la-empresa\\\/\"},{\"@type\":\"ListItem\",\"position\":4,\"name\":\"LinQ\",\"item\":\"https:\\\/\\\/linqeurope.pl\\\/\"},{\"@type\":\"ListItem\",\"position\":5,\"name\":\"Noticias\"}]},{\"@type\":\"WebSite\",\"@id\":\"https:\\\/\\\/enwitec.eu\\\/en\\\/#website\",\"url\":\"https:\\\/\\\/enwitec.eu\\\/en\\\/\",\"name\":\"greenLink orchestrating energy flows | enwitec electronic GmbH | LinQ Europe Sp. z o.o.\",\"description\":\"\",\"publisher\":{\"@id\":\"https:\\\/\\\/enwitec.eu\\\/en\\\/#organization\"},\"potentialAction\":[{\"@type\":\"SearchAction\",\"target\":{\"@type\":\"EntryPoint\",\"urlTemplate\":\"https:\\\/\\\/enwitec.eu\\\/en\\\/?s={search_term_string}\"},\"query-input\":{\"@type\":\"PropertyValueSpecification\",\"valueRequired\":true,\"valueName\":\"search_term_string\"}}],\"inLanguage\":\"es\"},{\"@type\":\"Organization\",\"@id\":\"https:\\\/\\\/enwitec.eu\\\/en\\\/#organization\",\"name\":\"greenLink orquestaci\u00f3n de flujos de energ\u00eda | enwitec electronic GmbH | LinQ Europe Sp. z o.o.\",\"url\":\"https:\\\/\\\/enwitec.eu\\\/en\\\/\",\"logo\":{\"@type\":\"ImageObject\",\"inLanguage\":\"es\",\"@id\":\"https:\\\/\\\/enwitec.eu\\\/en\\\/#\\\/schema\\\/logo\\\/image\\\/\",\"url\":\"https:\\\/\\\/greenlink.technology\\\/wp-content\\\/uploads\\\/2025\\\/01\\\/greenlink-logo-final.png\",\"contentUrl\":\"https:\\\/\\\/greenlink.technology\\\/wp-content\\\/uploads\\\/2025\\\/01\\\/greenlink-logo-final.png\",\"width\":2586,\"height\":629,\"caption\":\"greenLink orquestaci\u00f3n de flujos de energ\u00eda | enwitec electronic GmbH | LinQ Europe Sp. z o.o. \"},\"image\":{\"@id\":\"https:\\\/\\\/enwitec.eu\\\/en\\\/#\\\/schema\\\/logo\\\/image\\\/\"}}]}<\/script>\n<!-- \/ Yoast SEO plugin. -->","yoast_head_json":{"title":"Noticias - greenLink orchestrating energy flows | enwitec electronic GmbH | LinQ Europe Sp. z o.o.","robots":{"index":"index","follow":"follow","max-snippet":"max-snippet:-1","max-image-preview":"max-image-preview:large","max-video-preview":"max-video-preview:-1"},"canonical":"https:\/\/greenlink.technology\/es\/sobre-nosotros\/la-empresa\/linq\/noticias\/","og_locale":"es_ES","og_type":"article","og_title":"Noticias - greenLink orchestrating energy flows | enwitec electronic GmbH | LinQ Europe Sp. z o.o.","og_description":"\u00daltimas noticias Mantente al d\u00eda de los \u00faltimos avances e innovaciones en LinQ Europe. Inf\u00f3rmate sobre nuestros proyectos actuales, nuestras apasionantes colaboraciones y las tecnolog\u00edas pioneras que est\u00e1n dando forma al futuro de la tecnolog\u00eda de conexi\u00f3n y la electromec\u00e1nica. Descubre c\u00f3mo impulsamos la transici\u00f3n energ\u00e9tica junto con el Grupo greenLink y desarrollamos soluciones sostenibles [&hellip;]","og_url":"https:\/\/greenlink.technology\/es\/sobre-nosotros\/la-empresa\/linq\/noticias\/","og_site_name":"greenLink orchestrating energy flows | enwitec electronic GmbH | LinQ Europe Sp. z o.o.","article_modified_time":"2025-06-12T06:04:33+00:00","og_image":[{"width":2300,"height":920,"url":"https:\/\/greenlink.technology\/wp-content\/uploads\/2025\/04\/linq-header-news.jpg","type":"image\/jpeg"}],"twitter_card":"summary_large_image","schema":{"@context":"https:\/\/schema.org","@graph":[{"@type":"WebPage","@id":"https:\/\/greenlink.technology\/es\/sobre-nosotros\/la-empresa\/linq\/noticias\/","url":"https:\/\/greenlink.technology\/es\/sobre-nosotros\/la-empresa\/linq\/noticias\/","name":"Noticias - greenLink orchestrating energy flows | enwitec electronic GmbH | LinQ Europe Sp. z o.o.","isPartOf":{"@id":"https:\/\/enwitec.eu\/en\/#website"},"primaryImageOfPage":{"@id":"https:\/\/greenlink.technology\/es\/sobre-nosotros\/la-empresa\/linq\/noticias\/#primaryimage"},"image":{"@id":"https:\/\/greenlink.technology\/es\/sobre-nosotros\/la-empresa\/linq\/noticias\/#primaryimage"},"thumbnailUrl":"https:\/\/greenlink.technology\/wp-content\/uploads\/2025\/04\/linq-header-news.jpg","datePublished":"2025-04-24T11:55:55+00:00","dateModified":"2025-06-12T06:04:33+00:00","breadcrumb":{"@id":"https:\/\/greenlink.technology\/es\/sobre-nosotros\/la-empresa\/linq\/noticias\/#breadcrumb"},"inLanguage":"es","potentialAction":[{"@type":"ReadAction","target":["https:\/\/greenlink.technology\/es\/sobre-nosotros\/la-empresa\/linq\/noticias\/"]}]},{"@type":"ImageObject","inLanguage":"es","@id":"https:\/\/greenlink.technology\/es\/sobre-nosotros\/la-empresa\/linq\/noticias\/#primaryimage","url":"https:\/\/greenlink.technology\/wp-content\/uploads\/2025\/04\/linq-header-news.jpg","contentUrl":"https:\/\/greenlink.technology\/wp-content\/uploads\/2025\/04\/linq-header-news.jpg","width":2300,"height":920},{"@type":"BreadcrumbList","@id":"https:\/\/greenlink.technology\/es\/sobre-nosotros\/la-empresa\/linq\/noticias\/#breadcrumb","itemListElement":[{"@type":"ListItem","position":1,"name":"Startseite","item":"https:\/\/enwitec.eu\/es\/"},{"@type":"ListItem","position":2,"name":"Sobre nosotros","item":"https:\/\/greenlink.technology\/es\/sobre-nosotros\/"},{"@type":"ListItem","position":3,"name":"La empresa","item":"https:\/\/greenlink.technology\/es\/sobre-nosotros\/la-empresa\/"},{"@type":"ListItem","position":4,"name":"LinQ","item":"https:\/\/linqeurope.pl\/"},{"@type":"ListItem","position":5,"name":"Noticias"}]},{"@type":"WebSite","@id":"https:\/\/enwitec.eu\/en\/#website","url":"https:\/\/enwitec.eu\/en\/","name":"greenLink orchestrating energy flows | enwitec electronic GmbH | LinQ Europe Sp. z o.o.","description":"","publisher":{"@id":"https:\/\/enwitec.eu\/en\/#organization"},"potentialAction":[{"@type":"SearchAction","target":{"@type":"EntryPoint","urlTemplate":"https:\/\/enwitec.eu\/en\/?s={search_term_string}"},"query-input":{"@type":"PropertyValueSpecification","valueRequired":true,"valueName":"search_term_string"}}],"inLanguage":"es"},{"@type":"Organization","@id":"https:\/\/enwitec.eu\/en\/#organization","name":"greenLink orquestaci\u00f3n de flujos de energ\u00eda | enwitec electronic GmbH | LinQ Europe Sp. z o.o.","url":"https:\/\/enwitec.eu\/en\/","logo":{"@type":"ImageObject","inLanguage":"es","@id":"https:\/\/enwitec.eu\/en\/#\/schema\/logo\/image\/","url":"https:\/\/greenlink.technology\/wp-content\/uploads\/2025\/01\/greenlink-logo-final.png","contentUrl":"https:\/\/greenlink.technology\/wp-content\/uploads\/2025\/01\/greenlink-logo-final.png","width":2586,"height":629,"caption":"greenLink orquestaci\u00f3n de flujos de energ\u00eda | enwitec electronic GmbH | LinQ Europe Sp. z o.o. "},"image":{"@id":"https:\/\/enwitec.eu\/en\/#\/schema\/logo\/image\/"}}]}},"_links":{"self":[{"href":"https:\/\/greenlink.technology\/es\/wp-json\/wp\/v2\/pages\/9613","targetHints":{"allow":["GET"]}}],"collection":[{"href":"https:\/\/greenlink.technology\/es\/wp-json\/wp\/v2\/pages"}],"about":[{"href":"https:\/\/greenlink.technology\/es\/wp-json\/wp\/v2\/types\/page"}],"author":[{"embeddable":true,"href":"https:\/\/greenlink.technology\/es\/wp-json\/wp\/v2\/users\/1"}],"replies":[{"embeddable":true,"href":"https:\/\/greenlink.technology\/es\/wp-json\/wp\/v2\/comments?post=9613"}],"version-history":[{"count":0,"href":"https:\/\/greenlink.technology\/es\/wp-json\/wp\/v2\/pages\/9613\/revisions"}],"up":[{"embeddable":true,"href":"https:\/\/greenlink.technology\/es\/wp-json\/wp\/v2\/pages\/8486"}],"wp:featuredmedia":[{"embeddable":true,"href":"https:\/\/greenlink.technology\/es\/wp-json\/wp\/v2\/media\/9615"}],"wp:attachment":[{"href":"https:\/\/greenlink.technology\/es\/wp-json\/wp\/v2\/media?parent=9613"}],"wp:term":[{"taxonomy":"category","embeddable":true,"href":"https:\/\/greenlink.technology\/es\/wp-json\/wp\/v2\/categories?post=9613"},{"taxonomy":"post_tag","embeddable":true,"href":"https:\/\/greenlink.technology\/es\/wp-json\/wp\/v2\/tags?post=9613"}],"curies":[{"name":"wp","href":"https:\/\/api.w.org\/{rel}","templated":true}]}}