{"id":10191,"date":"2024-02-15T10:03:08","date_gmt":"2024-02-15T09:03:08","guid":{"rendered":"https:\/\/greenlink.technology\/produkt\/distribuidor-de-ca-enwitec-3ac-400-tnc-5-nh000-x-bc-pes-1-0-10015383\/"},"modified":"2024-02-15T10:03:08","modified_gmt":"2024-02-15T09:03:08","slug":"distribuidor-de-ca-enwitec-3ac-400-tnc-5-nh000-x-bc-pes-1-0-10015383","status":"publish","type":"product","link":"https:\/\/greenlink.technology\/es\/produkt\/distribuidor-de-ca-enwitec-3ac-400-tnc-5-nh000-x-bc-pes-1-0-10015383\/","title":{"rendered":"Distribuidor de CA enwitec 3AC-400-TNC-5-NH000-X-BC-PES-1.0 &#8211; 10015383"},"content":{"rendered":"<div class=\"system-stammdaten\">\n<h2><\/h2>\n<p>&nbsp;<\/p>\n<\/div>\n","protected":false},"excerpt":{"rendered":"<p>&nbsp;<\/p>\n","protected":false},"featured_media":10193,"comment_status":"closed","ping_status":"closed","template":"","meta":{"_acf_changed":false},"anwendung":[],"product_brand":[264],"product_cat":[698],"product_tag":[703,700],"class_list":{"0":"post-10191","1":"product","2":"type-product","3":"status-publish","4":"has-post-thumbnail","6":"product_brand-enwitec","7":"product_cat-distribuidor-de-ca","8":"product_tag-10015383-es","9":"product_tag-distribuidor-de-ca","10":"pa_netzformen-tn-c-es","11":"pa_ueberspannungsschutz-tipo-12","12":"pa_wechselrichtereingaenge-5-6-es","14":"first","15":"instock","16":"shipping-taxable","17":"product-type-simple"},"acf":{"product_informations":"Distribuidor de CA de enwitec para inversores fotovoltaicos y aplicaciones de CA.\n\nTipo de fusible: NH000 - eslab\u00f3n fusible seg\u00fan el tama\u00f1o del inversor; eslabones fusibles no incluidos en el volumen de suministro\n\nMatchcode: 3AC-400-TNC-5-NH000-X-BC-PES-1.0","technical_data":"<div class=\"stammdaten-col\">\n<div class=\"line\">\n<p class=\"system-stammdaten-left\">N\u00ba de art\u00edculo: 10015383\n<span style=\"font-size: inherit;\">Forma de malla: <\/span><span style=\"font-size: inherit;\">TN-C\n<\/span><span style=\"font-size: inherit;\">N\u00famero de entradas del inversor: <\/span><span style=\"font-size: inherit;\">5\n<\/span><span style=\"font-size: inherit;\">Protecci\u00f3n contra sobretensi\u00f3n: Tipo 1+2<\/span><span style=\"font-size: inherit;\">\n<\/span><span style=\"font-size: inherit;\">Tipo de fusible: <\/span><span style=\"font-size: inherit;\">NH\n<\/span><span style=\"font-size: inherit;\">Max (Ue):   <\/span><span style=\"font-size: inherit;\">400 V\n<\/span><span style=\"font-size: inherit;\">Frecuencia de funcionamiento (fn) <\/span><span style=\"font-size: inherit;\">50 Hz\n<\/span><span style=\"font-size: inherit;\">Corriente nominal (In) <\/span><span style=\"font-size: inherit;\">200 A\n<\/span><span style=\"font-size: inherit;\">Terminal de entrada: <\/span> <span style=\"font-size: inherit;\">m\u00e1x. 50 mm\u00b2 \n<\/span><span style=\"font-size: inherit;\">Terminal de salida:  <\/span><span style=\"font-size: inherit;\">m\u00e1x. 120 mm\u00b2 \n<\/span><span style=\"font-size: inherit;\">Tipo de instalaci\u00f3n: <\/span><span style=\"font-size: inherit;\">Montaje en pared\n<\/span><span style=\"font-size: inherit;\">Caja: <\/span><span style=\"font-size: inherit;\">Armario de control IP65\n<\/span><span style=\"font-size: inherit;\">Dimensiones: 540 x 540 x 171 mm<\/span><\/p>\n\n<\/div>\n<\/div>","download":"Datenblatt DE: <a href=\"https:\/\/greenlink.technology\/wp-content\/uploads\/2025\/04\/10015383_Datenblatt_3AC-400-TNC-5-NH000-X-BC-PES-1.0.pdf\" target=\"_blank\" rel=\"noopener\">10015383_Datenblatt_3AC-400-TNC-5-NH000-X-BC-PES-1.0<\/a>","product_short_description":"<strong>Tensi\u00f3n de red:<\/strong> 400 V\n<strong>Tipo de red:<\/strong> TN-C\n<strong>N\u00famero de entradas del inversor:<\/strong> 5\n<strong>Protecci\u00f3n contra sobretensiones:<\/strong> tipo 1+2","photo_gallery":{"galerie_produkte":[[]]}},"yoast_head":"<!-- This site is optimized with the Yoast SEO plugin v27.3 - https:\/\/yoast.com\/product\/yoast-seo-wordpress\/ -->\n<title>Distribuidor de CA enwitec 3AC-400-TNC-5-NH000-X-BC-PES-1.0 - 10015383 - greenLink orchestrating energy flows | enwitec electronic GmbH | LinQ Europe Sp. z o.o.<\/title>\n<meta name=\"robots\" content=\"index, follow, max-snippet:-1, max-image-preview:large, max-video-preview:-1\" \/>\n<link rel=\"canonical\" href=\"https:\/\/greenlink.technology\/es\/produkt\/distribuidor-de-ca-enwitec-3ac-400-tnc-5-nh000-x-bc-pes-1-0-10015383\/\" \/>\n<meta property=\"og:locale\" content=\"es_ES\" \/>\n<meta property=\"og:type\" content=\"article\" \/>\n<meta property=\"og:title\" content=\"Distribuidor de CA enwitec 3AC-400-TNC-5-NH000-X-BC-PES-1.0 - 10015383 - greenLink orchestrating energy flows | enwitec electronic GmbH | LinQ Europe Sp. z o.o.\" \/>\n<meta property=\"og:description\" content=\"&nbsp;\" \/>\n<meta property=\"og:url\" content=\"https:\/\/greenlink.technology\/es\/produkt\/distribuidor-de-ca-enwitec-3ac-400-tnc-5-nh000-x-bc-pes-1-0-10015383\/\" \/>\n<meta property=\"og:site_name\" content=\"greenLink orchestrating energy flows | enwitec electronic GmbH | LinQ Europe Sp. z o.o.\" \/>\n<meta property=\"og:image\" content=\"https:\/\/greenlink.technology\/wp-content\/uploads\/2025\/02\/10015383-front.png\" \/>\n\t<meta property=\"og:image:width\" content=\"500\" \/>\n\t<meta property=\"og:image:height\" content=\"500\" \/>\n\t<meta property=\"og:image:type\" content=\"image\/png\" \/>\n<meta name=\"twitter:card\" content=\"summary_large_image\" \/>\n<script type=\"application\/ld+json\" class=\"yoast-schema-graph\">{\"@context\":\"https:\\\/\\\/schema.org\",\"@graph\":[{\"@type\":\"WebPage\",\"@id\":\"https:\\\/\\\/greenlink.technology\\\/es\\\/produkt\\\/distribuidor-de-ca-enwitec-3ac-400-tnc-5-nh000-x-bc-pes-1-0-10015383\\\/\",\"url\":\"https:\\\/\\\/greenlink.technology\\\/es\\\/produkt\\\/distribuidor-de-ca-enwitec-3ac-400-tnc-5-nh000-x-bc-pes-1-0-10015383\\\/\",\"name\":\"Distribuidor de CA enwitec 3AC-400-TNC-5-NH000-X-BC-PES-1.0 - 10015383 - greenLink orchestrating energy flows | enwitec electronic GmbH | LinQ Europe Sp. z o.o.\",\"isPartOf\":{\"@id\":\"https:\\\/\\\/enwitec.eu\\\/en\\\/#website\"},\"primaryImageOfPage\":{\"@id\":\"https:\\\/\\\/greenlink.technology\\\/es\\\/produkt\\\/distribuidor-de-ca-enwitec-3ac-400-tnc-5-nh000-x-bc-pes-1-0-10015383\\\/#primaryimage\"},\"image\":{\"@id\":\"https:\\\/\\\/greenlink.technology\\\/es\\\/produkt\\\/distribuidor-de-ca-enwitec-3ac-400-tnc-5-nh000-x-bc-pes-1-0-10015383\\\/#primaryimage\"},\"thumbnailUrl\":\"https:\\\/\\\/greenlink.technology\\\/wp-content\\\/uploads\\\/2025\\\/02\\\/10015383-front.png\",\"datePublished\":\"2024-02-15T09:03:08+00:00\",\"breadcrumb\":{\"@id\":\"https:\\\/\\\/greenlink.technology\\\/es\\\/produkt\\\/distribuidor-de-ca-enwitec-3ac-400-tnc-5-nh000-x-bc-pes-1-0-10015383\\\/#breadcrumb\"},\"inLanguage\":\"es\",\"potentialAction\":[{\"@type\":\"ReadAction\",\"target\":[\"https:\\\/\\\/greenlink.technology\\\/es\\\/produkt\\\/distribuidor-de-ca-enwitec-3ac-400-tnc-5-nh000-x-bc-pes-1-0-10015383\\\/\"]}]},{\"@type\":\"ImageObject\",\"inLanguage\":\"es\",\"@id\":\"https:\\\/\\\/greenlink.technology\\\/es\\\/produkt\\\/distribuidor-de-ca-enwitec-3ac-400-tnc-5-nh000-x-bc-pes-1-0-10015383\\\/#primaryimage\",\"url\":\"https:\\\/\\\/greenlink.technology\\\/wp-content\\\/uploads\\\/2025\\\/02\\\/10015383-front.png\",\"contentUrl\":\"https:\\\/\\\/greenlink.technology\\\/wp-content\\\/uploads\\\/2025\\\/02\\\/10015383-front.png\",\"width\":500,\"height\":500},{\"@type\":\"BreadcrumbList\",\"@id\":\"https:\\\/\\\/greenlink.technology\\\/es\\\/produkt\\\/distribuidor-de-ca-enwitec-3ac-400-tnc-5-nh000-x-bc-pes-1-0-10015383\\\/#breadcrumb\",\"itemListElement\":[{\"@type\":\"ListItem\",\"position\":1,\"name\":\"Startseite\",\"item\":\"https:\\\/\\\/enwitec.eu\\\/es\\\/\"},{\"@type\":\"ListItem\",\"position\":2,\"name\":\"Productos\",\"item\":\"https:\\\/\\\/greenlink.technology\\\/es\\\/sobre-nosotros\\\/la-empresa\\\/enwitec\\\/productos\\\/\"},{\"@type\":\"ListItem\",\"position\":3,\"name\":\"Distribuidor de CA enwitec 3AC-400-TNC-5-NH000-X-BC-PES-1.0 &#8211; 10015383\"}]},{\"@type\":\"WebSite\",\"@id\":\"https:\\\/\\\/enwitec.eu\\\/en\\\/#website\",\"url\":\"https:\\\/\\\/enwitec.eu\\\/en\\\/\",\"name\":\"greenLink orchestrating energy flows | enwitec electronic GmbH | LinQ Europe Sp. z o.o.\",\"description\":\"\",\"publisher\":{\"@id\":\"https:\\\/\\\/enwitec.eu\\\/en\\\/#organization\"},\"potentialAction\":[{\"@type\":\"SearchAction\",\"target\":{\"@type\":\"EntryPoint\",\"urlTemplate\":\"https:\\\/\\\/enwitec.eu\\\/en\\\/?s={search_term_string}\"},\"query-input\":{\"@type\":\"PropertyValueSpecification\",\"valueRequired\":true,\"valueName\":\"search_term_string\"}}],\"inLanguage\":\"es\"},{\"@type\":\"Organization\",\"@id\":\"https:\\\/\\\/enwitec.eu\\\/en\\\/#organization\",\"name\":\"greenLink orquestaci\u00f3n de flujos de energ\u00eda | enwitec electronic GmbH | LinQ Europe Sp. z o.o.\",\"url\":\"https:\\\/\\\/enwitec.eu\\\/en\\\/\",\"logo\":{\"@type\":\"ImageObject\",\"inLanguage\":\"es\",\"@id\":\"https:\\\/\\\/enwitec.eu\\\/en\\\/#\\\/schema\\\/logo\\\/image\\\/\",\"url\":\"https:\\\/\\\/greenlink.technology\\\/wp-content\\\/uploads\\\/2025\\\/01\\\/greenlink-logo-final.png\",\"contentUrl\":\"https:\\\/\\\/greenlink.technology\\\/wp-content\\\/uploads\\\/2025\\\/01\\\/greenlink-logo-final.png\",\"width\":2586,\"height\":629,\"caption\":\"greenLink orquestaci\u00f3n de flujos de energ\u00eda | enwitec electronic GmbH | LinQ Europe Sp. z o.o. \"},\"image\":{\"@id\":\"https:\\\/\\\/enwitec.eu\\\/en\\\/#\\\/schema\\\/logo\\\/image\\\/\"}}]}<\/script>\n<!-- \/ Yoast SEO plugin. -->","yoast_head_json":{"title":"Distribuidor de CA enwitec 3AC-400-TNC-5-NH000-X-BC-PES-1.0 - 10015383 - greenLink orchestrating energy flows | enwitec electronic GmbH | LinQ Europe Sp. z o.o.","robots":{"index":"index","follow":"follow","max-snippet":"max-snippet:-1","max-image-preview":"max-image-preview:large","max-video-preview":"max-video-preview:-1"},"canonical":"https:\/\/greenlink.technology\/es\/produkt\/distribuidor-de-ca-enwitec-3ac-400-tnc-5-nh000-x-bc-pes-1-0-10015383\/","og_locale":"es_ES","og_type":"article","og_title":"Distribuidor de CA enwitec 3AC-400-TNC-5-NH000-X-BC-PES-1.0 - 10015383 - greenLink orchestrating energy flows | enwitec electronic GmbH | LinQ Europe Sp. z o.o.","og_description":"&nbsp;","og_url":"https:\/\/greenlink.technology\/es\/produkt\/distribuidor-de-ca-enwitec-3ac-400-tnc-5-nh000-x-bc-pes-1-0-10015383\/","og_site_name":"greenLink orchestrating energy flows | enwitec electronic GmbH | LinQ Europe Sp. z o.o.","og_image":[{"width":500,"height":500,"url":"https:\/\/greenlink.technology\/wp-content\/uploads\/2025\/02\/10015383-front.png","type":"image\/png"}],"twitter_card":"summary_large_image","schema":{"@context":"https:\/\/schema.org","@graph":[{"@type":"WebPage","@id":"https:\/\/greenlink.technology\/es\/produkt\/distribuidor-de-ca-enwitec-3ac-400-tnc-5-nh000-x-bc-pes-1-0-10015383\/","url":"https:\/\/greenlink.technology\/es\/produkt\/distribuidor-de-ca-enwitec-3ac-400-tnc-5-nh000-x-bc-pes-1-0-10015383\/","name":"Distribuidor de CA enwitec 3AC-400-TNC-5-NH000-X-BC-PES-1.0 - 10015383 - greenLink orchestrating energy flows | enwitec electronic GmbH | LinQ Europe Sp. z o.o.","isPartOf":{"@id":"https:\/\/enwitec.eu\/en\/#website"},"primaryImageOfPage":{"@id":"https:\/\/greenlink.technology\/es\/produkt\/distribuidor-de-ca-enwitec-3ac-400-tnc-5-nh000-x-bc-pes-1-0-10015383\/#primaryimage"},"image":{"@id":"https:\/\/greenlink.technology\/es\/produkt\/distribuidor-de-ca-enwitec-3ac-400-tnc-5-nh000-x-bc-pes-1-0-10015383\/#primaryimage"},"thumbnailUrl":"https:\/\/greenlink.technology\/wp-content\/uploads\/2025\/02\/10015383-front.png","datePublished":"2024-02-15T09:03:08+00:00","breadcrumb":{"@id":"https:\/\/greenlink.technology\/es\/produkt\/distribuidor-de-ca-enwitec-3ac-400-tnc-5-nh000-x-bc-pes-1-0-10015383\/#breadcrumb"},"inLanguage":"es","potentialAction":[{"@type":"ReadAction","target":["https:\/\/greenlink.technology\/es\/produkt\/distribuidor-de-ca-enwitec-3ac-400-tnc-5-nh000-x-bc-pes-1-0-10015383\/"]}]},{"@type":"ImageObject","inLanguage":"es","@id":"https:\/\/greenlink.technology\/es\/produkt\/distribuidor-de-ca-enwitec-3ac-400-tnc-5-nh000-x-bc-pes-1-0-10015383\/#primaryimage","url":"https:\/\/greenlink.technology\/wp-content\/uploads\/2025\/02\/10015383-front.png","contentUrl":"https:\/\/greenlink.technology\/wp-content\/uploads\/2025\/02\/10015383-front.png","width":500,"height":500},{"@type":"BreadcrumbList","@id":"https:\/\/greenlink.technology\/es\/produkt\/distribuidor-de-ca-enwitec-3ac-400-tnc-5-nh000-x-bc-pes-1-0-10015383\/#breadcrumb","itemListElement":[{"@type":"ListItem","position":1,"name":"Startseite","item":"https:\/\/enwitec.eu\/es\/"},{"@type":"ListItem","position":2,"name":"Productos","item":"https:\/\/greenlink.technology\/es\/sobre-nosotros\/la-empresa\/enwitec\/productos\/"},{"@type":"ListItem","position":3,"name":"Distribuidor de CA enwitec 3AC-400-TNC-5-NH000-X-BC-PES-1.0 &#8211; 10015383"}]},{"@type":"WebSite","@id":"https:\/\/enwitec.eu\/en\/#website","url":"https:\/\/enwitec.eu\/en\/","name":"greenLink orchestrating energy flows | enwitec electronic GmbH | LinQ Europe Sp. z o.o.","description":"","publisher":{"@id":"https:\/\/enwitec.eu\/en\/#organization"},"potentialAction":[{"@type":"SearchAction","target":{"@type":"EntryPoint","urlTemplate":"https:\/\/enwitec.eu\/en\/?s={search_term_string}"},"query-input":{"@type":"PropertyValueSpecification","valueRequired":true,"valueName":"search_term_string"}}],"inLanguage":"es"},{"@type":"Organization","@id":"https:\/\/enwitec.eu\/en\/#organization","name":"greenLink orquestaci\u00f3n de flujos de energ\u00eda | enwitec electronic GmbH | LinQ Europe Sp. z o.o.","url":"https:\/\/enwitec.eu\/en\/","logo":{"@type":"ImageObject","inLanguage":"es","@id":"https:\/\/enwitec.eu\/en\/#\/schema\/logo\/image\/","url":"https:\/\/greenlink.technology\/wp-content\/uploads\/2025\/01\/greenlink-logo-final.png","contentUrl":"https:\/\/greenlink.technology\/wp-content\/uploads\/2025\/01\/greenlink-logo-final.png","width":2586,"height":629,"caption":"greenLink orquestaci\u00f3n de flujos de energ\u00eda | enwitec electronic GmbH | LinQ Europe Sp. z o.o. "},"image":{"@id":"https:\/\/enwitec.eu\/en\/#\/schema\/logo\/image\/"}}]}},"_links":{"self":[{"href":"https:\/\/greenlink.technology\/es\/wp-json\/wp\/v2\/product\/10191","targetHints":{"allow":["GET"]}}],"collection":[{"href":"https:\/\/greenlink.technology\/es\/wp-json\/wp\/v2\/product"}],"about":[{"href":"https:\/\/greenlink.technology\/es\/wp-json\/wp\/v2\/types\/product"}],"replies":[{"embeddable":true,"href":"https:\/\/greenlink.technology\/es\/wp-json\/wp\/v2\/comments?post=10191"}],"wp:featuredmedia":[{"embeddable":true,"href":"https:\/\/greenlink.technology\/es\/wp-json\/wp\/v2\/media\/10193"}],"wp:attachment":[{"href":"https:\/\/greenlink.technology\/es\/wp-json\/wp\/v2\/media?parent=10191"}],"wp:term":[{"taxonomy":"anwendung","embeddable":true,"href":"https:\/\/greenlink.technology\/es\/wp-json\/wp\/v2\/anwendung?post=10191"},{"taxonomy":"product_brand","embeddable":true,"href":"https:\/\/greenlink.technology\/es\/wp-json\/wp\/v2\/product_brand?post=10191"},{"taxonomy":"product_cat","embeddable":true,"href":"https:\/\/greenlink.technology\/es\/wp-json\/wp\/v2\/product_cat?post=10191"},{"taxonomy":"product_tag","embeddable":true,"href":"https:\/\/greenlink.technology\/es\/wp-json\/wp\/v2\/product_tag?post=10191"}],"curies":[{"name":"wp","href":"https:\/\/api.w.org\/{rel}","templated":true}]}}