{"id":10210,"date":"2024-02-15T09:18:56","date_gmt":"2024-02-15T08:18:56","guid":{"rendered":"https:\/\/greenlink.technology\/produkt\/distribuidor-de-ca-enwitec-3ac-400-tnc-2-nh00-x-w-pes-v-1-0-10015392\/"},"modified":"2024-02-15T09:18:56","modified_gmt":"2024-02-15T08:18:56","slug":"distribuidor-de-ca-enwitec-3ac-400-tnc-2-nh00-x-w-pes-v-1-0-10015392","status":"publish","type":"product","link":"https:\/\/greenlink.technology\/es\/produkt\/distribuidor-de-ca-enwitec-3ac-400-tnc-2-nh00-x-w-pes-v-1-0-10015392\/","title":{"rendered":"Distribuidor de CA enwitec 3AC-400-TNC-2-NH00-X-W-PES-V-1.0 &#8211; 10015392"},"content":{"rendered":"<div class=\"system-stammdaten\">\n<h2><\/h2>\n<p>&nbsp;<\/p>\n<\/div>\n","protected":false},"excerpt":{"rendered":"<p>&nbsp;<\/p>\n","protected":false},"featured_media":10212,"comment_status":"closed","ping_status":"closed","template":"","meta":{"_acf_changed":false},"anwendung":[],"product_brand":[264],"product_cat":[698],"product_tag":[724,700],"class_list":{"0":"post-10210","1":"product","2":"type-product","3":"status-publish","4":"has-post-thumbnail","6":"product_brand-enwitec","7":"product_cat-distribuidor-de-ca","8":"product_tag-10015392-es","9":"product_tag-distribuidor-de-ca","10":"pa_netzformen-tn-c-es","11":"pa_ueberspannungsschutz-sin","12":"pa_wechselrichtereingaenge-1-2-es","14":"first","15":"instock","16":"shipping-taxable","17":"product-type-simple"},"acf":{"product_informations":"Distribuidor de CA de enwitec para inversores fotovoltaicos y aplicaciones de CA.\n\nTipo de fusible: NH000 - eslab\u00f3n fusible seg\u00fan el tama\u00f1o del inversor; eslabones fusibles no incluidos en el volumen de suministro\n\nMatchcode: 3AC-400-TNC-2-NH00-X-X-W-PES-V-1.0","technical_data":"<div class=\"stammdaten-col\">\n<div class=\"line\">\n<p class=\"system-stammdaten-left\">N\u00ba de art\u00edculo: 10015392\n<span style=\"font-size: inherit;\">Forma de malla: <\/span><span style=\"font-size: inherit;\">TN-C\n<\/span><span style=\"font-size: inherit;\">N\u00famero de entradas del inversor: <\/span><span style=\"font-size: inherit;\">2\n<\/span><span style=\"font-size: inherit;\">Protecci\u00f3n contra sobretensi\u00f3n: <\/span><span style=\"font-size: inherit;\">No\n<\/span><span style=\"font-size: inherit;\">Tipo de fusible: <\/span><span style=\"font-size: inherit;\">NH\n<\/span><span style=\"font-size: inherit;\">Max (Ue):   <\/span><span style=\"font-size: inherit;\">400 V\n<\/span><span style=\"font-size: inherit;\">Frecuencia de funcionamiento (fn) <\/span><span style=\"font-size: inherit;\">50 Hz\n<\/span><span style=\"font-size: inherit;\">Corriente nominal (In) <\/span><span style=\"font-size: inherit;\">246 A\n<\/span><span style=\"font-size: inherit;\">Terminal de entrada: <\/span> <span style=\"font-size: inherit;\">m\u00e1x. 70 mm\u00b2 \n<\/span><span style=\"font-size: inherit;\">Terminal de salida: <\/span><span style=\"font-size: inherit;\">M12\n<\/span><span style=\"font-size: inherit;\">Tipo de montaje: <\/span><span style=\"font-size: inherit;\">Montaje en pared\n<\/span><span style=\"font-size: inherit;\">Caja: <\/span><span style=\"font-size: inherit;\">Armario de control IP65\n<\/span><span style=\"font-size: inherit;\">Dimensiones: 500 x 600 x 230 mm<\/span><\/p>\n\n<\/div>\n<\/div>","download":"Hoja de datos DE: <a href=\"https:\/\/greenlink.technology\/wp-content\/uploads\/2025\/04\/10015392_data-sheet_3AC-400-TNC-2-NH00-X-X-W-PES-V-1.0.pdf\" target=\"_blank\" rel=\"noopener\">10015392_hoja de datos_3AC-400-TNC-2-NH00-X-X-W-PES-V-1<\/a> <a href=\"https:\/\/greenlink.technology\/wp-content\/uploads\/2025\/04\/10015392_Datenblatt_3AC-400-TNC-2-NH00-X-X-W-PES-V-1.0.pdf\" target=\"_blank\" rel=\"noopener\">.0<\/a>\nHoja de datos ES: 10015392_hoja de datos_3AC-400-TNC-2-NH00-X-X-W-PES-V-1.0","product_short_description":"<strong>Tensi\u00f3n de red:<\/strong> 400 V\n<strong>Tipo de red:<\/strong> TN-C\n<strong>N\u00famero de entradas del inversor:<\/strong> 2\n<strong>Protecci\u00f3n contra sobretensi\u00f3n:<\/strong> No","photo_gallery":{"galerie_produkte":[[]]}},"yoast_head":"<!-- This site is optimized with the Yoast SEO plugin v27.3 - https:\/\/yoast.com\/product\/yoast-seo-wordpress\/ -->\n<title>Distribuidor de CA enwitec 3AC-400-TNC-2-NH00-X-W-PES-V-1.0 - 10015392 - greenLink orchestrating energy flows | enwitec electronic GmbH | LinQ Europe Sp. z o.o.<\/title>\n<meta name=\"robots\" content=\"index, follow, max-snippet:-1, max-image-preview:large, max-video-preview:-1\" \/>\n<link rel=\"canonical\" href=\"https:\/\/greenlink.technology\/es\/produkt\/distribuidor-de-ca-enwitec-3ac-400-tnc-2-nh00-x-w-pes-v-1-0-10015392\/\" \/>\n<meta property=\"og:locale\" content=\"es_ES\" \/>\n<meta property=\"og:type\" content=\"article\" \/>\n<meta property=\"og:title\" content=\"Distribuidor de CA enwitec 3AC-400-TNC-2-NH00-X-W-PES-V-1.0 - 10015392 - greenLink orchestrating energy flows | enwitec electronic GmbH | LinQ Europe Sp. z o.o.\" \/>\n<meta property=\"og:description\" content=\"&nbsp;\" \/>\n<meta property=\"og:url\" content=\"https:\/\/greenlink.technology\/es\/produkt\/distribuidor-de-ca-enwitec-3ac-400-tnc-2-nh00-x-w-pes-v-1-0-10015392\/\" \/>\n<meta property=\"og:site_name\" content=\"greenLink orchestrating energy flows | enwitec electronic GmbH | LinQ Europe Sp. z o.o.\" \/>\n<meta property=\"og:image\" content=\"https:\/\/greenlink.technology\/wp-content\/uploads\/2025\/02\/10015392_MQ_72dpi_front_offen.png\" \/>\n\t<meta property=\"og:image:width\" content=\"350\" \/>\n\t<meta property=\"og:image:height\" content=\"350\" \/>\n\t<meta property=\"og:image:type\" content=\"image\/png\" \/>\n<meta name=\"twitter:card\" content=\"summary_large_image\" \/>\n<script type=\"application\/ld+json\" class=\"yoast-schema-graph\">{\"@context\":\"https:\\\/\\\/schema.org\",\"@graph\":[{\"@type\":\"WebPage\",\"@id\":\"https:\\\/\\\/greenlink.technology\\\/es\\\/produkt\\\/distribuidor-de-ca-enwitec-3ac-400-tnc-2-nh00-x-w-pes-v-1-0-10015392\\\/\",\"url\":\"https:\\\/\\\/greenlink.technology\\\/es\\\/produkt\\\/distribuidor-de-ca-enwitec-3ac-400-tnc-2-nh00-x-w-pes-v-1-0-10015392\\\/\",\"name\":\"Distribuidor de CA enwitec 3AC-400-TNC-2-NH00-X-W-PES-V-1.0 - 10015392 - greenLink orchestrating energy flows | enwitec electronic GmbH | LinQ Europe Sp. z o.o.\",\"isPartOf\":{\"@id\":\"https:\\\/\\\/enwitec.eu\\\/en\\\/#website\"},\"primaryImageOfPage\":{\"@id\":\"https:\\\/\\\/greenlink.technology\\\/es\\\/produkt\\\/distribuidor-de-ca-enwitec-3ac-400-tnc-2-nh00-x-w-pes-v-1-0-10015392\\\/#primaryimage\"},\"image\":{\"@id\":\"https:\\\/\\\/greenlink.technology\\\/es\\\/produkt\\\/distribuidor-de-ca-enwitec-3ac-400-tnc-2-nh00-x-w-pes-v-1-0-10015392\\\/#primaryimage\"},\"thumbnailUrl\":\"https:\\\/\\\/greenlink.technology\\\/wp-content\\\/uploads\\\/2025\\\/02\\\/10015392_MQ_72dpi_front_offen.png\",\"datePublished\":\"2024-02-15T08:18:56+00:00\",\"breadcrumb\":{\"@id\":\"https:\\\/\\\/greenlink.technology\\\/es\\\/produkt\\\/distribuidor-de-ca-enwitec-3ac-400-tnc-2-nh00-x-w-pes-v-1-0-10015392\\\/#breadcrumb\"},\"inLanguage\":\"es\",\"potentialAction\":[{\"@type\":\"ReadAction\",\"target\":[\"https:\\\/\\\/greenlink.technology\\\/es\\\/produkt\\\/distribuidor-de-ca-enwitec-3ac-400-tnc-2-nh00-x-w-pes-v-1-0-10015392\\\/\"]}]},{\"@type\":\"ImageObject\",\"inLanguage\":\"es\",\"@id\":\"https:\\\/\\\/greenlink.technology\\\/es\\\/produkt\\\/distribuidor-de-ca-enwitec-3ac-400-tnc-2-nh00-x-w-pes-v-1-0-10015392\\\/#primaryimage\",\"url\":\"https:\\\/\\\/greenlink.technology\\\/wp-content\\\/uploads\\\/2025\\\/02\\\/10015392_MQ_72dpi_front_offen.png\",\"contentUrl\":\"https:\\\/\\\/greenlink.technology\\\/wp-content\\\/uploads\\\/2025\\\/02\\\/10015392_MQ_72dpi_front_offen.png\",\"width\":350,\"height\":350},{\"@type\":\"BreadcrumbList\",\"@id\":\"https:\\\/\\\/greenlink.technology\\\/es\\\/produkt\\\/distribuidor-de-ca-enwitec-3ac-400-tnc-2-nh00-x-w-pes-v-1-0-10015392\\\/#breadcrumb\",\"itemListElement\":[{\"@type\":\"ListItem\",\"position\":1,\"name\":\"Startseite\",\"item\":\"https:\\\/\\\/enwitec.eu\\\/es\\\/\"},{\"@type\":\"ListItem\",\"position\":2,\"name\":\"Productos\",\"item\":\"https:\\\/\\\/greenlink.technology\\\/es\\\/sobre-nosotros\\\/la-empresa\\\/enwitec\\\/productos\\\/\"},{\"@type\":\"ListItem\",\"position\":3,\"name\":\"Distribuidor de CA enwitec 3AC-400-TNC-2-NH00-X-W-PES-V-1.0 &#8211; 10015392\"}]},{\"@type\":\"WebSite\",\"@id\":\"https:\\\/\\\/enwitec.eu\\\/en\\\/#website\",\"url\":\"https:\\\/\\\/enwitec.eu\\\/en\\\/\",\"name\":\"greenLink orchestrating energy flows | enwitec electronic GmbH | LinQ Europe Sp. z o.o.\",\"description\":\"\",\"publisher\":{\"@id\":\"https:\\\/\\\/enwitec.eu\\\/en\\\/#organization\"},\"potentialAction\":[{\"@type\":\"SearchAction\",\"target\":{\"@type\":\"EntryPoint\",\"urlTemplate\":\"https:\\\/\\\/enwitec.eu\\\/en\\\/?s={search_term_string}\"},\"query-input\":{\"@type\":\"PropertyValueSpecification\",\"valueRequired\":true,\"valueName\":\"search_term_string\"}}],\"inLanguage\":\"es\"},{\"@type\":\"Organization\",\"@id\":\"https:\\\/\\\/enwitec.eu\\\/en\\\/#organization\",\"name\":\"greenLink orquestaci\u00f3n de flujos de energ\u00eda | enwitec electronic GmbH | LinQ Europe Sp. z o.o.\",\"url\":\"https:\\\/\\\/enwitec.eu\\\/en\\\/\",\"logo\":{\"@type\":\"ImageObject\",\"inLanguage\":\"es\",\"@id\":\"https:\\\/\\\/enwitec.eu\\\/en\\\/#\\\/schema\\\/logo\\\/image\\\/\",\"url\":\"https:\\\/\\\/greenlink.technology\\\/wp-content\\\/uploads\\\/2025\\\/01\\\/greenlink-logo-final.png\",\"contentUrl\":\"https:\\\/\\\/greenlink.technology\\\/wp-content\\\/uploads\\\/2025\\\/01\\\/greenlink-logo-final.png\",\"width\":2586,\"height\":629,\"caption\":\"greenLink orquestaci\u00f3n de flujos de energ\u00eda | enwitec electronic GmbH | LinQ Europe Sp. z o.o. \"},\"image\":{\"@id\":\"https:\\\/\\\/enwitec.eu\\\/en\\\/#\\\/schema\\\/logo\\\/image\\\/\"}}]}<\/script>\n<!-- \/ Yoast SEO plugin. -->","yoast_head_json":{"title":"Distribuidor de CA enwitec 3AC-400-TNC-2-NH00-X-W-PES-V-1.0 - 10015392 - greenLink orchestrating energy flows | enwitec electronic GmbH | LinQ Europe Sp. z o.o.","robots":{"index":"index","follow":"follow","max-snippet":"max-snippet:-1","max-image-preview":"max-image-preview:large","max-video-preview":"max-video-preview:-1"},"canonical":"https:\/\/greenlink.technology\/es\/produkt\/distribuidor-de-ca-enwitec-3ac-400-tnc-2-nh00-x-w-pes-v-1-0-10015392\/","og_locale":"es_ES","og_type":"article","og_title":"Distribuidor de CA enwitec 3AC-400-TNC-2-NH00-X-W-PES-V-1.0 - 10015392 - greenLink orchestrating energy flows | enwitec electronic GmbH | LinQ Europe Sp. z o.o.","og_description":"&nbsp;","og_url":"https:\/\/greenlink.technology\/es\/produkt\/distribuidor-de-ca-enwitec-3ac-400-tnc-2-nh00-x-w-pes-v-1-0-10015392\/","og_site_name":"greenLink orchestrating energy flows | enwitec electronic GmbH | LinQ Europe Sp. z o.o.","og_image":[{"width":350,"height":350,"url":"https:\/\/greenlink.technology\/wp-content\/uploads\/2025\/02\/10015392_MQ_72dpi_front_offen.png","type":"image\/png"}],"twitter_card":"summary_large_image","schema":{"@context":"https:\/\/schema.org","@graph":[{"@type":"WebPage","@id":"https:\/\/greenlink.technology\/es\/produkt\/distribuidor-de-ca-enwitec-3ac-400-tnc-2-nh00-x-w-pes-v-1-0-10015392\/","url":"https:\/\/greenlink.technology\/es\/produkt\/distribuidor-de-ca-enwitec-3ac-400-tnc-2-nh00-x-w-pes-v-1-0-10015392\/","name":"Distribuidor de CA enwitec 3AC-400-TNC-2-NH00-X-W-PES-V-1.0 - 10015392 - greenLink orchestrating energy flows | enwitec electronic GmbH | LinQ Europe Sp. z o.o.","isPartOf":{"@id":"https:\/\/enwitec.eu\/en\/#website"},"primaryImageOfPage":{"@id":"https:\/\/greenlink.technology\/es\/produkt\/distribuidor-de-ca-enwitec-3ac-400-tnc-2-nh00-x-w-pes-v-1-0-10015392\/#primaryimage"},"image":{"@id":"https:\/\/greenlink.technology\/es\/produkt\/distribuidor-de-ca-enwitec-3ac-400-tnc-2-nh00-x-w-pes-v-1-0-10015392\/#primaryimage"},"thumbnailUrl":"https:\/\/greenlink.technology\/wp-content\/uploads\/2025\/02\/10015392_MQ_72dpi_front_offen.png","datePublished":"2024-02-15T08:18:56+00:00","breadcrumb":{"@id":"https:\/\/greenlink.technology\/es\/produkt\/distribuidor-de-ca-enwitec-3ac-400-tnc-2-nh00-x-w-pes-v-1-0-10015392\/#breadcrumb"},"inLanguage":"es","potentialAction":[{"@type":"ReadAction","target":["https:\/\/greenlink.technology\/es\/produkt\/distribuidor-de-ca-enwitec-3ac-400-tnc-2-nh00-x-w-pes-v-1-0-10015392\/"]}]},{"@type":"ImageObject","inLanguage":"es","@id":"https:\/\/greenlink.technology\/es\/produkt\/distribuidor-de-ca-enwitec-3ac-400-tnc-2-nh00-x-w-pes-v-1-0-10015392\/#primaryimage","url":"https:\/\/greenlink.technology\/wp-content\/uploads\/2025\/02\/10015392_MQ_72dpi_front_offen.png","contentUrl":"https:\/\/greenlink.technology\/wp-content\/uploads\/2025\/02\/10015392_MQ_72dpi_front_offen.png","width":350,"height":350},{"@type":"BreadcrumbList","@id":"https:\/\/greenlink.technology\/es\/produkt\/distribuidor-de-ca-enwitec-3ac-400-tnc-2-nh00-x-w-pes-v-1-0-10015392\/#breadcrumb","itemListElement":[{"@type":"ListItem","position":1,"name":"Startseite","item":"https:\/\/enwitec.eu\/es\/"},{"@type":"ListItem","position":2,"name":"Productos","item":"https:\/\/greenlink.technology\/es\/sobre-nosotros\/la-empresa\/enwitec\/productos\/"},{"@type":"ListItem","position":3,"name":"Distribuidor de CA enwitec 3AC-400-TNC-2-NH00-X-W-PES-V-1.0 &#8211; 10015392"}]},{"@type":"WebSite","@id":"https:\/\/enwitec.eu\/en\/#website","url":"https:\/\/enwitec.eu\/en\/","name":"greenLink orchestrating energy flows | enwitec electronic GmbH | LinQ Europe Sp. z o.o.","description":"","publisher":{"@id":"https:\/\/enwitec.eu\/en\/#organization"},"potentialAction":[{"@type":"SearchAction","target":{"@type":"EntryPoint","urlTemplate":"https:\/\/enwitec.eu\/en\/?s={search_term_string}"},"query-input":{"@type":"PropertyValueSpecification","valueRequired":true,"valueName":"search_term_string"}}],"inLanguage":"es"},{"@type":"Organization","@id":"https:\/\/enwitec.eu\/en\/#organization","name":"greenLink orquestaci\u00f3n de flujos de energ\u00eda | enwitec electronic GmbH | LinQ Europe Sp. z o.o.","url":"https:\/\/enwitec.eu\/en\/","logo":{"@type":"ImageObject","inLanguage":"es","@id":"https:\/\/enwitec.eu\/en\/#\/schema\/logo\/image\/","url":"https:\/\/greenlink.technology\/wp-content\/uploads\/2025\/01\/greenlink-logo-final.png","contentUrl":"https:\/\/greenlink.technology\/wp-content\/uploads\/2025\/01\/greenlink-logo-final.png","width":2586,"height":629,"caption":"greenLink orquestaci\u00f3n de flujos de energ\u00eda | enwitec electronic GmbH | LinQ Europe Sp. z o.o. "},"image":{"@id":"https:\/\/enwitec.eu\/en\/#\/schema\/logo\/image\/"}}]}},"_links":{"self":[{"href":"https:\/\/greenlink.technology\/es\/wp-json\/wp\/v2\/product\/10210","targetHints":{"allow":["GET"]}}],"collection":[{"href":"https:\/\/greenlink.technology\/es\/wp-json\/wp\/v2\/product"}],"about":[{"href":"https:\/\/greenlink.technology\/es\/wp-json\/wp\/v2\/types\/product"}],"replies":[{"embeddable":true,"href":"https:\/\/greenlink.technology\/es\/wp-json\/wp\/v2\/comments?post=10210"}],"wp:featuredmedia":[{"embeddable":true,"href":"https:\/\/greenlink.technology\/es\/wp-json\/wp\/v2\/media\/10212"}],"wp:attachment":[{"href":"https:\/\/greenlink.technology\/es\/wp-json\/wp\/v2\/media?parent=10210"}],"wp:term":[{"taxonomy":"anwendung","embeddable":true,"href":"https:\/\/greenlink.technology\/es\/wp-json\/wp\/v2\/anwendung?post=10210"},{"taxonomy":"product_brand","embeddable":true,"href":"https:\/\/greenlink.technology\/es\/wp-json\/wp\/v2\/product_brand?post=10210"},{"taxonomy":"product_cat","embeddable":true,"href":"https:\/\/greenlink.technology\/es\/wp-json\/wp\/v2\/product_cat?post=10210"},{"taxonomy":"product_tag","embeddable":true,"href":"https:\/\/greenlink.technology\/es\/wp-json\/wp\/v2\/product_tag?post=10210"}],"curies":[{"name":"wp","href":"https:\/\/api.w.org\/{rel}","templated":true}]}}