{"id":10509,"date":"2024-02-22T10:51:30","date_gmt":"2024-02-22T09:51:30","guid":{"rendered":"https:\/\/greenlink.technology\/produkt\/enwitec-bat-breaker-alto-voltaje-3xaccu-1xcargador-600vdc-hvs-hvm-10015859\/"},"modified":"2026-01-21T09:19:41","modified_gmt":"2026-01-21T08:19:41","slug":"enwitec-bat-breaker-alto-voltaje-3xaccu-1xcargador-600vdc-hvs-hvm-10015859","status":"publish","type":"product","link":"https:\/\/greenlink.technology\/es\/produkt\/enwitec-bat-breaker-alto-voltaje-3xaccu-1xcargador-600vdc-hvs-hvm-10015859\/","title":{"rendered":"enwitec BAT BREAKER Alto Voltaje-3xAccu 1xCargador 600VDC HVS HVM &#8211; 10015859"},"content":{"rendered":"<div class=\"system-stammdaten\">\n<h2><\/h2>\n<p>&nbsp;<\/p>\n<\/div>\n","protected":false},"excerpt":{"rendered":"<p>&nbsp;<\/p>\n","protected":false},"featured_media":10510,"comment_status":"closed","ping_status":"closed","template":"","meta":{"_acf_changed":false},"anwendung":[],"product_brand":[264],"product_cat":[658],"product_tag":[793,662,659],"class_list":{"0":"post-10509","1":"product","2":"type-product","3":"status-publish","4":"has-post-thumbnail","6":"product_brand-enwitec","7":"product_cat-fusibles-de-la-bateria","8":"product_tag-10015859-es","9":"product_tag-fusible-de-la-bateria","10":"product_tag-interruptor-de-bateria","11":"pa_anzahl-batterien-1-2-es","12":"pa_anzahl-wechselrichter-1-es","13":"pa_spannung-75-vcc","15":"first","16":"instock","17":"shipping-taxable","18":"product-type-simple"},"acf":{"product_informations":"Fusible de bater\u00eda enwitec para el sistema de almacenamiento de energ\u00eda BYD \"Premium\" - tipo HVS o HVM:\nFronius SYMO GEN 24 Plus (todos los tipos)\nFronius SYMO HYBRID (todos los tipos)\nKostal BI 5.5\/26 - 10\/26\nSungrow SH5.0RT \/ SH6.0RT \/ SH8.0RT \/ SH10RT\nGoodWe GW##-ET \/-BT \/ -EH \/ -BH\n\nN\u00famero y tipo de unidades de almacenamiento de energ\u00eda: m\u00e1x. 3 x unidades de almacenamiento de energ\u00eda \u00a7 BYD \"Premium\" - tipo HVS o HVM \n\nC\u00f3digo de partido: BAT BREAKER-3xAccu_1xCargador_600VDC_HVS_HVM","technical_data":"<div class=\"stammdaten-col\">\n<div class=\"line\">\n<p class=\"system-stammdaten-left\">N\u00ba de art\u00edculo: 10015859\n<span style=\"font-size: inherit;\">Tipo de fusible: <\/span><span style=\"font-size: inherit;\">Magn\u00e9tico-hidr\u00e1ulico\n<\/span><span style=\"font-size: inherit;\">N\u00famero de cargadores\/inversores de bater\u00eda: 1<\/span><span style=\"font-size: inherit;\">\n<\/span><span style=\"font-size: inherit;\">N\u00famero de cadenas de bater\u00edas en paralelo: m\u00e1x. 3 BYD Battery-Box tipo HVM\/HVS <\/span><span style=\"font-size: inherit;\">\n<\/span><span style=\"font-size: inherit;\">M\u00e1x. Tensi\u00f3n CC:   <\/span><span style=\"font-size: inherit;\">600 V\n<\/span><span style=\"font-size: inherit;\">Corriente nominal: 32 A por potencial\n<\/span><span style=\"font-size: inherit;\">Caracter\u00edstica de disparo: C<\/span><span style=\"font-size: inherit;\">\n<\/span><span style=\"font-size: inherit;\">Corriente m\u00e1x. de cortocircuito conmutable:   <\/span> <span style=\"font-size: inherit;\">> 6kA\n<\/span><span style=\"font-size: inherit;\">Conexi\u00f3n al cargador\/inversor: conexi\u00f3n roscada M16\n<\/span><span style=\"font-size: inherit;\">Conexi\u00f3n a la bater\u00eda: conexi\u00f3n roscada M16<\/span><span style=\"font-size: inherit;\">\n<\/span><span style=\"font-size: inherit;\">Rango de temperatura hasta: <\/span><span style=\"font-size: inherit;\">0\u00b0C a +45\u00b0C\n<\/span><span style=\"font-size: inherit;\">Humedad relativa <\/span><span style=\"font-size: inherit;\">hasta 85%, sin condensaci\u00f3n\n<\/span><span style=\"font-size: inherit;\">Dimensiones del armario de la bater\u00eda AnxAlxPr: 270x370x123mm<\/span><span style=\"font-size: inherit;\">\n<\/span><span style=\"font-size: inherit;\">Peso total: <\/span><span style=\"font-size: inherit;\">5 kg<\/span><\/p>\n\n<\/div>\n<\/div>","download":"Hoja de datos DE: <a href=\"https:\/\/greenlink.technology\/wp-content\/uploads\/2025\/10\/10015859_GB_DAT_BAT-BREAKER-3xAccu_1xCharger_600VDC_HVS_HVM_1.0-a19.pdf\" target=\"_blank\" rel=\"noopener\">10015859_Hoja de datos_BAT BREAKER-3xAccu_1xCharger_600VDC_HVS_HVM\nHoja de datos ES: 10015859_Hoja de datos_BAT BREAKER-3xAccu_1xCharger_600VDC_HVS_HVM<\/a>","product_short_description":"<strong>N\u00famero de inversores:<\/strong> 1\n<strong>N\u00famero de bater\u00edas:<\/strong> 1\n<strong>Tensi\u00f3n:<\/strong> 600 VCC","photo_gallery":{"galerie_produkte":[[]]}},"yoast_head":"<!-- This site is optimized with the Yoast SEO plugin v27.3 - https:\/\/yoast.com\/product\/yoast-seo-wordpress\/ -->\n<title>enwitec BAT BREAKER Alto Voltaje-3xAccu 1xCargador 600VDC HVS HVM - 10015859 - greenLink orchestrating energy flows | enwitec electronic GmbH | LinQ Europe Sp. z o.o.<\/title>\n<meta name=\"robots\" content=\"index, follow, max-snippet:-1, max-image-preview:large, max-video-preview:-1\" \/>\n<link rel=\"canonical\" href=\"https:\/\/greenlink.technology\/es\/produkt\/enwitec-bat-breaker-alto-voltaje-3xaccu-1xcargador-600vdc-hvs-hvm-10015859\/\" \/>\n<meta property=\"og:locale\" content=\"es_ES\" \/>\n<meta property=\"og:type\" content=\"article\" \/>\n<meta property=\"og:title\" content=\"enwitec BAT BREAKER Alto Voltaje-3xAccu 1xCargador 600VDC HVS HVM - 10015859 - greenLink orchestrating energy flows | enwitec electronic GmbH | LinQ Europe Sp. z o.o.\" \/>\n<meta property=\"og:description\" content=\"&nbsp;\" \/>\n<meta property=\"og:url\" content=\"https:\/\/greenlink.technology\/es\/produkt\/enwitec-bat-breaker-alto-voltaje-3xaccu-1xcargador-600vdc-hvs-hvm-10015859\/\" \/>\n<meta property=\"og:site_name\" content=\"greenLink orchestrating energy flows | enwitec electronic GmbH | LinQ Europe Sp. z o.o.\" \/>\n<meta property=\"article:modified_time\" content=\"2026-01-21T08:19:41+00:00\" \/>\n<meta property=\"og:image\" content=\"https:\/\/greenlink.technology\/wp-content\/uploads\/2025\/02\/10015859_front_offen.png\" \/>\n\t<meta property=\"og:image:width\" content=\"500\" \/>\n\t<meta property=\"og:image:height\" content=\"500\" \/>\n\t<meta property=\"og:image:type\" content=\"image\/png\" \/>\n<meta name=\"twitter:card\" content=\"summary_large_image\" \/>\n<script type=\"application\/ld+json\" class=\"yoast-schema-graph\">{\"@context\":\"https:\\\/\\\/schema.org\",\"@graph\":[{\"@type\":\"WebPage\",\"@id\":\"https:\\\/\\\/greenlink.technology\\\/es\\\/produkt\\\/enwitec-bat-breaker-alto-voltaje-3xaccu-1xcargador-600vdc-hvs-hvm-10015859\\\/\",\"url\":\"https:\\\/\\\/greenlink.technology\\\/es\\\/produkt\\\/enwitec-bat-breaker-alto-voltaje-3xaccu-1xcargador-600vdc-hvs-hvm-10015859\\\/\",\"name\":\"enwitec BAT BREAKER Alto Voltaje-3xAccu 1xCargador 600VDC HVS HVM - 10015859 - greenLink orchestrating energy flows | enwitec electronic GmbH | LinQ Europe Sp. z o.o.\",\"isPartOf\":{\"@id\":\"https:\\\/\\\/enwitec.eu\\\/en\\\/#website\"},\"primaryImageOfPage\":{\"@id\":\"https:\\\/\\\/greenlink.technology\\\/es\\\/produkt\\\/enwitec-bat-breaker-alto-voltaje-3xaccu-1xcargador-600vdc-hvs-hvm-10015859\\\/#primaryimage\"},\"image\":{\"@id\":\"https:\\\/\\\/greenlink.technology\\\/es\\\/produkt\\\/enwitec-bat-breaker-alto-voltaje-3xaccu-1xcargador-600vdc-hvs-hvm-10015859\\\/#primaryimage\"},\"thumbnailUrl\":\"https:\\\/\\\/greenlink.technology\\\/wp-content\\\/uploads\\\/2025\\\/02\\\/10015859_front_offen.png\",\"datePublished\":\"2024-02-22T09:51:30+00:00\",\"dateModified\":\"2026-01-21T08:19:41+00:00\",\"breadcrumb\":{\"@id\":\"https:\\\/\\\/greenlink.technology\\\/es\\\/produkt\\\/enwitec-bat-breaker-alto-voltaje-3xaccu-1xcargador-600vdc-hvs-hvm-10015859\\\/#breadcrumb\"},\"inLanguage\":\"es\",\"potentialAction\":[{\"@type\":\"ReadAction\",\"target\":[\"https:\\\/\\\/greenlink.technology\\\/es\\\/produkt\\\/enwitec-bat-breaker-alto-voltaje-3xaccu-1xcargador-600vdc-hvs-hvm-10015859\\\/\"]}]},{\"@type\":\"ImageObject\",\"inLanguage\":\"es\",\"@id\":\"https:\\\/\\\/greenlink.technology\\\/es\\\/produkt\\\/enwitec-bat-breaker-alto-voltaje-3xaccu-1xcargador-600vdc-hvs-hvm-10015859\\\/#primaryimage\",\"url\":\"https:\\\/\\\/greenlink.technology\\\/wp-content\\\/uploads\\\/2025\\\/02\\\/10015859_front_offen.png\",\"contentUrl\":\"https:\\\/\\\/greenlink.technology\\\/wp-content\\\/uploads\\\/2025\\\/02\\\/10015859_front_offen.png\",\"width\":500,\"height\":500},{\"@type\":\"BreadcrumbList\",\"@id\":\"https:\\\/\\\/greenlink.technology\\\/es\\\/produkt\\\/enwitec-bat-breaker-alto-voltaje-3xaccu-1xcargador-600vdc-hvs-hvm-10015859\\\/#breadcrumb\",\"itemListElement\":[{\"@type\":\"ListItem\",\"position\":1,\"name\":\"Startseite\",\"item\":\"https:\\\/\\\/enwitec.eu\\\/es\\\/\"},{\"@type\":\"ListItem\",\"position\":2,\"name\":\"Productos\",\"item\":\"https:\\\/\\\/greenlink.technology\\\/es\\\/sobre-nosotros\\\/la-empresa\\\/enwitec\\\/productos\\\/\"},{\"@type\":\"ListItem\",\"position\":3,\"name\":\"enwitec BAT BREAKER Alto Voltaje-3xAccu 1xCargador 600VDC HVS HVM &#8211; 10015859\"}]},{\"@type\":\"WebSite\",\"@id\":\"https:\\\/\\\/enwitec.eu\\\/en\\\/#website\",\"url\":\"https:\\\/\\\/enwitec.eu\\\/en\\\/\",\"name\":\"greenLink orchestrating energy flows | enwitec electronic GmbH | LinQ Europe Sp. z o.o.\",\"description\":\"\",\"publisher\":{\"@id\":\"https:\\\/\\\/enwitec.eu\\\/en\\\/#organization\"},\"potentialAction\":[{\"@type\":\"SearchAction\",\"target\":{\"@type\":\"EntryPoint\",\"urlTemplate\":\"https:\\\/\\\/enwitec.eu\\\/en\\\/?s={search_term_string}\"},\"query-input\":{\"@type\":\"PropertyValueSpecification\",\"valueRequired\":true,\"valueName\":\"search_term_string\"}}],\"inLanguage\":\"es\"},{\"@type\":\"Organization\",\"@id\":\"https:\\\/\\\/enwitec.eu\\\/en\\\/#organization\",\"name\":\"greenLink orquestaci\u00f3n de flujos de energ\u00eda | enwitec electronic GmbH | LinQ Europe Sp. z o.o.\",\"url\":\"https:\\\/\\\/enwitec.eu\\\/en\\\/\",\"logo\":{\"@type\":\"ImageObject\",\"inLanguage\":\"es\",\"@id\":\"https:\\\/\\\/enwitec.eu\\\/en\\\/#\\\/schema\\\/logo\\\/image\\\/\",\"url\":\"https:\\\/\\\/greenlink.technology\\\/wp-content\\\/uploads\\\/2025\\\/01\\\/greenlink-logo-final.png\",\"contentUrl\":\"https:\\\/\\\/greenlink.technology\\\/wp-content\\\/uploads\\\/2025\\\/01\\\/greenlink-logo-final.png\",\"width\":2586,\"height\":629,\"caption\":\"greenLink orquestaci\u00f3n de flujos de energ\u00eda | enwitec electronic GmbH | LinQ Europe Sp. z o.o. \"},\"image\":{\"@id\":\"https:\\\/\\\/enwitec.eu\\\/en\\\/#\\\/schema\\\/logo\\\/image\\\/\"}}]}<\/script>\n<!-- \/ Yoast SEO plugin. -->","yoast_head_json":{"title":"enwitec BAT BREAKER Alto Voltaje-3xAccu 1xCargador 600VDC HVS HVM - 10015859 - greenLink orchestrating energy flows | enwitec electronic GmbH | LinQ Europe Sp. z o.o.","robots":{"index":"index","follow":"follow","max-snippet":"max-snippet:-1","max-image-preview":"max-image-preview:large","max-video-preview":"max-video-preview:-1"},"canonical":"https:\/\/greenlink.technology\/es\/produkt\/enwitec-bat-breaker-alto-voltaje-3xaccu-1xcargador-600vdc-hvs-hvm-10015859\/","og_locale":"es_ES","og_type":"article","og_title":"enwitec BAT BREAKER Alto Voltaje-3xAccu 1xCargador 600VDC HVS HVM - 10015859 - greenLink orchestrating energy flows | enwitec electronic GmbH | LinQ Europe Sp. z o.o.","og_description":"&nbsp;","og_url":"https:\/\/greenlink.technology\/es\/produkt\/enwitec-bat-breaker-alto-voltaje-3xaccu-1xcargador-600vdc-hvs-hvm-10015859\/","og_site_name":"greenLink orchestrating energy flows | enwitec electronic GmbH | LinQ Europe Sp. z o.o.","article_modified_time":"2026-01-21T08:19:41+00:00","og_image":[{"width":500,"height":500,"url":"https:\/\/greenlink.technology\/wp-content\/uploads\/2025\/02\/10015859_front_offen.png","type":"image\/png"}],"twitter_card":"summary_large_image","schema":{"@context":"https:\/\/schema.org","@graph":[{"@type":"WebPage","@id":"https:\/\/greenlink.technology\/es\/produkt\/enwitec-bat-breaker-alto-voltaje-3xaccu-1xcargador-600vdc-hvs-hvm-10015859\/","url":"https:\/\/greenlink.technology\/es\/produkt\/enwitec-bat-breaker-alto-voltaje-3xaccu-1xcargador-600vdc-hvs-hvm-10015859\/","name":"enwitec BAT BREAKER Alto Voltaje-3xAccu 1xCargador 600VDC HVS HVM - 10015859 - greenLink orchestrating energy flows | enwitec electronic GmbH | LinQ Europe Sp. z o.o.","isPartOf":{"@id":"https:\/\/enwitec.eu\/en\/#website"},"primaryImageOfPage":{"@id":"https:\/\/greenlink.technology\/es\/produkt\/enwitec-bat-breaker-alto-voltaje-3xaccu-1xcargador-600vdc-hvs-hvm-10015859\/#primaryimage"},"image":{"@id":"https:\/\/greenlink.technology\/es\/produkt\/enwitec-bat-breaker-alto-voltaje-3xaccu-1xcargador-600vdc-hvs-hvm-10015859\/#primaryimage"},"thumbnailUrl":"https:\/\/greenlink.technology\/wp-content\/uploads\/2025\/02\/10015859_front_offen.png","datePublished":"2024-02-22T09:51:30+00:00","dateModified":"2026-01-21T08:19:41+00:00","breadcrumb":{"@id":"https:\/\/greenlink.technology\/es\/produkt\/enwitec-bat-breaker-alto-voltaje-3xaccu-1xcargador-600vdc-hvs-hvm-10015859\/#breadcrumb"},"inLanguage":"es","potentialAction":[{"@type":"ReadAction","target":["https:\/\/greenlink.technology\/es\/produkt\/enwitec-bat-breaker-alto-voltaje-3xaccu-1xcargador-600vdc-hvs-hvm-10015859\/"]}]},{"@type":"ImageObject","inLanguage":"es","@id":"https:\/\/greenlink.technology\/es\/produkt\/enwitec-bat-breaker-alto-voltaje-3xaccu-1xcargador-600vdc-hvs-hvm-10015859\/#primaryimage","url":"https:\/\/greenlink.technology\/wp-content\/uploads\/2025\/02\/10015859_front_offen.png","contentUrl":"https:\/\/greenlink.technology\/wp-content\/uploads\/2025\/02\/10015859_front_offen.png","width":500,"height":500},{"@type":"BreadcrumbList","@id":"https:\/\/greenlink.technology\/es\/produkt\/enwitec-bat-breaker-alto-voltaje-3xaccu-1xcargador-600vdc-hvs-hvm-10015859\/#breadcrumb","itemListElement":[{"@type":"ListItem","position":1,"name":"Startseite","item":"https:\/\/enwitec.eu\/es\/"},{"@type":"ListItem","position":2,"name":"Productos","item":"https:\/\/greenlink.technology\/es\/sobre-nosotros\/la-empresa\/enwitec\/productos\/"},{"@type":"ListItem","position":3,"name":"enwitec BAT BREAKER Alto Voltaje-3xAccu 1xCargador 600VDC HVS HVM &#8211; 10015859"}]},{"@type":"WebSite","@id":"https:\/\/enwitec.eu\/en\/#website","url":"https:\/\/enwitec.eu\/en\/","name":"greenLink orchestrating energy flows | enwitec electronic GmbH | LinQ Europe Sp. z o.o.","description":"","publisher":{"@id":"https:\/\/enwitec.eu\/en\/#organization"},"potentialAction":[{"@type":"SearchAction","target":{"@type":"EntryPoint","urlTemplate":"https:\/\/enwitec.eu\/en\/?s={search_term_string}"},"query-input":{"@type":"PropertyValueSpecification","valueRequired":true,"valueName":"search_term_string"}}],"inLanguage":"es"},{"@type":"Organization","@id":"https:\/\/enwitec.eu\/en\/#organization","name":"greenLink orquestaci\u00f3n de flujos de energ\u00eda | enwitec electronic GmbH | LinQ Europe Sp. z o.o.","url":"https:\/\/enwitec.eu\/en\/","logo":{"@type":"ImageObject","inLanguage":"es","@id":"https:\/\/enwitec.eu\/en\/#\/schema\/logo\/image\/","url":"https:\/\/greenlink.technology\/wp-content\/uploads\/2025\/01\/greenlink-logo-final.png","contentUrl":"https:\/\/greenlink.technology\/wp-content\/uploads\/2025\/01\/greenlink-logo-final.png","width":2586,"height":629,"caption":"greenLink orquestaci\u00f3n de flujos de energ\u00eda | enwitec electronic GmbH | LinQ Europe Sp. z o.o. "},"image":{"@id":"https:\/\/enwitec.eu\/en\/#\/schema\/logo\/image\/"}}]}},"_links":{"self":[{"href":"https:\/\/greenlink.technology\/es\/wp-json\/wp\/v2\/product\/10509","targetHints":{"allow":["GET"]}}],"collection":[{"href":"https:\/\/greenlink.technology\/es\/wp-json\/wp\/v2\/product"}],"about":[{"href":"https:\/\/greenlink.technology\/es\/wp-json\/wp\/v2\/types\/product"}],"replies":[{"embeddable":true,"href":"https:\/\/greenlink.technology\/es\/wp-json\/wp\/v2\/comments?post=10509"}],"wp:featuredmedia":[{"embeddable":true,"href":"https:\/\/greenlink.technology\/es\/wp-json\/wp\/v2\/media\/10510"}],"wp:attachment":[{"href":"https:\/\/greenlink.technology\/es\/wp-json\/wp\/v2\/media?parent=10509"}],"wp:term":[{"taxonomy":"anwendung","embeddable":true,"href":"https:\/\/greenlink.technology\/es\/wp-json\/wp\/v2\/anwendung?post=10509"},{"taxonomy":"product_brand","embeddable":true,"href":"https:\/\/greenlink.technology\/es\/wp-json\/wp\/v2\/product_brand?post=10509"},{"taxonomy":"product_cat","embeddable":true,"href":"https:\/\/greenlink.technology\/es\/wp-json\/wp\/v2\/product_cat?post=10509"},{"taxonomy":"product_tag","embeddable":true,"href":"https:\/\/greenlink.technology\/es\/wp-json\/wp\/v2\/product_tag?post=10509"}],"curies":[{"name":"wp","href":"https:\/\/api.w.org\/{rel}","templated":true}]}}