{"id":10546,"date":"2024-02-26T09:31:08","date_gmt":"2024-02-26T08:31:08","guid":{"rendered":"https:\/\/greenlink.technology\/produkt\/enwitec-bat-breaker-spec-byd-3xaccu-3xcharger-estandar-ks-10012417\/"},"modified":"2024-02-26T09:31:08","modified_gmt":"2024-02-26T08:31:08","slug":"enwitec-bat-breaker-spec-byd-3xaccu-3xcharger-estandar-ks-10012417","status":"publish","type":"product","link":"https:\/\/greenlink.technology\/es\/produkt\/enwitec-bat-breaker-spec-byd-3xaccu-3xcharger-estandar-ks-10012417\/","title":{"rendered":"enwitec BAT BREAKER Spec.BYD 3xAccu 3xCharger est\u00e1ndar KS &#8211; 10012417"},"content":{"rendered":"<div class=\"system-stammdaten\">\n<h2><\/h2>\n<p>&nbsp;<\/p>\n<\/div>\n","protected":false},"excerpt":{"rendered":"<p>&nbsp;<\/p>\n","protected":false},"featured_media":10550,"comment_status":"closed","ping_status":"closed","template":"","meta":{"_acf_changed":false},"anwendung":[],"product_brand":[264],"product_cat":[658],"product_tag":[814,662,659],"class_list":{"0":"post-10546","1":"product","2":"type-product","3":"status-publish","4":"has-post-thumbnail","6":"product_brand-enwitec","7":"product_cat-fusibles-de-la-bateria","8":"product_tag-10012417-es","9":"product_tag-fusible-de-la-bateria","10":"product_tag-interruptor-de-bateria","11":"pa_anzahl-batterien-1-2-es","12":"pa_anzahl-wechselrichter-3-es","13":"pa_spannung--75-vdc-es","15":"first","16":"instock","17":"shipping-taxable","18":"product-type-simple"},"acf":{"product_informations":"Fusible de bater\u00eda \"BAT BREAKER\" de enwitec para el sistema de almacenamiento de energ\u00eda fotovoltaica \"Battery-Box\" de BYD\n\nN\u00famero y tipo de cargadores de bater\u00eda \/ inversores: M\u00e1x. 3 x SMA Sunny Island\nN\u00famero y tipo de unidades de almacenamiento de energ\u00eda: M\u00e1x. 3 x BYD 48V Battery-Box (todos los tipos)  \n\nMatchcode: BAT BREAKER-Spec.BYD-3xAccu-3xCargador_standard_KS","technical_data":"<div class=\"stammdaten-col\">\n<div class=\"line\">\n<p class=\"system-stammdaten-left\">N\u00ba de art\u00edculo: 10012417\n<span style=\"font-size: inherit;\">Tipo de fusible: <\/span><span style=\"font-size: inherit;\">Magn\u00e9tico-hidr\u00e1ulico<\/span><span style=\"font-size: inherit;\">\n<\/span><span style=\"font-size: inherit;\">N\u00famero de cargadores de bater\u00edas\/inversores: m\u00e1x. 3 x Sunny Island <\/span><span style=\"font-size: inherit;\">\n<\/span><span style=\"font-size: inherit;\">N\u00famero de cadenas de bater\u00edas en paralelo: m\u00e1x. 3 x BYD 48V Bater\u00eda-Caja (todos los tipos) <\/span><span style=\"font-size: inherit;\">\n<\/span><span style=\"font-size: inherit;\">Corriente nominal: 200A por potencial<\/span><span style=\"font-size: inherit;\">\n<\/span><span style=\"font-size: inherit;\">Caracter\u00edstica de disparo: \"DC Retardo Largo\"<\/span><span style=\"font-size: inherit;\">\n<\/span><span style=\"font-size: inherit;\">Corriente m\u00e1x. de cortocircuito conmutable:   <\/span><span style=\"font-size: inherit;\">10kA\n<\/span><span style=\"font-size: inherit;\">Conexi\u00f3n al cargador\/inversor: terminal de cable M10\n<\/span><span style=\"font-size: inherit;\">Conexi\u00f3n a la bater\u00eda: terminal de cable M10<\/span><span style=\"font-size: inherit;\">\n<\/span><span style=\"font-size: inherit;\">Rango de temperatura hasta: <\/span><span style=\"font-size: inherit;\">0\u00b0C a +45\u00b0C\n<\/span><span style=\"font-size: inherit;\">Humedad relativa <\/span><span style=\"font-size: inherit;\">hasta 85%, sin condensaci\u00f3n\n<\/span><span style=\"font-size: inherit;\">Dimensiones del armario de la bater\u00eda AnxAlxPr: 400x400x132 mm sin atornillar<\/span><span style=\"font-size: inherit;\">\n<\/span><span style=\"font-size: inherit;\">Peso total: <\/span><span style=\"font-size: inherit;\">9 kg<\/span><\/p>\n\n<\/div>\n<\/div>","download":"Ficha de datos ES: <a href=\"https:\/\/greenlink.technology\/wp-content\/uploads\/2025\/04\/10012417_Datenblatt_BAT-BREAKER-Spec.BYD-3xAccu-3xCharger_standard_KS_2023_10_19.pdf\" target=\"_blank\" rel=\"noopener\">10012417_Datasheet_BAT BREAKER-Spec.BYD-3xAccu-3xCharger_standard_KS<\/a>","product_short_description":"<strong>N\u00famero de inversores:<\/strong> m\u00e1x. 3\n<strong>N\u00famero de bater\u00edas:<\/strong> m\u00e1x. 3\n<strong>Tensi\u00f3n:<\/strong> 75 VCC","photo_gallery":{"galerie_produkte":[[]]}},"yoast_head":"<!-- This site is optimized with the Yoast SEO plugin v27.3 - https:\/\/yoast.com\/product\/yoast-seo-wordpress\/ -->\n<title>enwitec BAT BREAKER Spec.BYD 3xAccu 3xCharger est\u00e1ndar KS - 10012417 - greenLink orchestrating energy flows | enwitec electronic GmbH | LinQ Europe Sp. z o.o.<\/title>\n<meta name=\"robots\" content=\"index, follow, max-snippet:-1, max-image-preview:large, max-video-preview:-1\" \/>\n<link rel=\"canonical\" href=\"https:\/\/greenlink.technology\/es\/produkt\/enwitec-bat-breaker-spec-byd-3xaccu-3xcharger-estandar-ks-10012417\/\" \/>\n<meta property=\"og:locale\" content=\"es_ES\" \/>\n<meta property=\"og:type\" content=\"article\" \/>\n<meta property=\"og:title\" content=\"enwitec BAT BREAKER Spec.BYD 3xAccu 3xCharger est\u00e1ndar KS - 10012417 - greenLink orchestrating energy flows | enwitec electronic GmbH | LinQ Europe Sp. z o.o.\" \/>\n<meta property=\"og:description\" content=\"&nbsp;\" \/>\n<meta property=\"og:url\" content=\"https:\/\/greenlink.technology\/es\/produkt\/enwitec-bat-breaker-spec-byd-3xaccu-3xcharger-estandar-ks-10012417\/\" \/>\n<meta property=\"og:site_name\" content=\"greenLink orchestrating energy flows | enwitec electronic GmbH | LinQ Europe Sp. z o.o.\" \/>\n<meta property=\"og:image\" content=\"https:\/\/greenlink.technology\/wp-content\/uploads\/2025\/02\/10012417_front.png\" \/>\n\t<meta property=\"og:image:width\" content=\"500\" \/>\n\t<meta property=\"og:image:height\" content=\"500\" \/>\n\t<meta property=\"og:image:type\" content=\"image\/png\" \/>\n<meta name=\"twitter:card\" content=\"summary_large_image\" \/>\n<script type=\"application\/ld+json\" class=\"yoast-schema-graph\">{\"@context\":\"https:\\\/\\\/schema.org\",\"@graph\":[{\"@type\":\"WebPage\",\"@id\":\"https:\\\/\\\/greenlink.technology\\\/es\\\/produkt\\\/enwitec-bat-breaker-spec-byd-3xaccu-3xcharger-estandar-ks-10012417\\\/\",\"url\":\"https:\\\/\\\/greenlink.technology\\\/es\\\/produkt\\\/enwitec-bat-breaker-spec-byd-3xaccu-3xcharger-estandar-ks-10012417\\\/\",\"name\":\"enwitec BAT BREAKER Spec.BYD 3xAccu 3xCharger est\u00e1ndar KS - 10012417 - greenLink orchestrating energy flows | enwitec electronic GmbH | LinQ Europe Sp. z o.o.\",\"isPartOf\":{\"@id\":\"https:\\\/\\\/enwitec.eu\\\/en\\\/#website\"},\"primaryImageOfPage\":{\"@id\":\"https:\\\/\\\/greenlink.technology\\\/es\\\/produkt\\\/enwitec-bat-breaker-spec-byd-3xaccu-3xcharger-estandar-ks-10012417\\\/#primaryimage\"},\"image\":{\"@id\":\"https:\\\/\\\/greenlink.technology\\\/es\\\/produkt\\\/enwitec-bat-breaker-spec-byd-3xaccu-3xcharger-estandar-ks-10012417\\\/#primaryimage\"},\"thumbnailUrl\":\"https:\\\/\\\/greenlink.technology\\\/wp-content\\\/uploads\\\/2025\\\/02\\\/10012417_front.png\",\"datePublished\":\"2024-02-26T08:31:08+00:00\",\"breadcrumb\":{\"@id\":\"https:\\\/\\\/greenlink.technology\\\/es\\\/produkt\\\/enwitec-bat-breaker-spec-byd-3xaccu-3xcharger-estandar-ks-10012417\\\/#breadcrumb\"},\"inLanguage\":\"es\",\"potentialAction\":[{\"@type\":\"ReadAction\",\"target\":[\"https:\\\/\\\/greenlink.technology\\\/es\\\/produkt\\\/enwitec-bat-breaker-spec-byd-3xaccu-3xcharger-estandar-ks-10012417\\\/\"]}]},{\"@type\":\"ImageObject\",\"inLanguage\":\"es\",\"@id\":\"https:\\\/\\\/greenlink.technology\\\/es\\\/produkt\\\/enwitec-bat-breaker-spec-byd-3xaccu-3xcharger-estandar-ks-10012417\\\/#primaryimage\",\"url\":\"https:\\\/\\\/greenlink.technology\\\/wp-content\\\/uploads\\\/2025\\\/02\\\/10012417_front.png\",\"contentUrl\":\"https:\\\/\\\/greenlink.technology\\\/wp-content\\\/uploads\\\/2025\\\/02\\\/10012417_front.png\",\"width\":500,\"height\":500},{\"@type\":\"BreadcrumbList\",\"@id\":\"https:\\\/\\\/greenlink.technology\\\/es\\\/produkt\\\/enwitec-bat-breaker-spec-byd-3xaccu-3xcharger-estandar-ks-10012417\\\/#breadcrumb\",\"itemListElement\":[{\"@type\":\"ListItem\",\"position\":1,\"name\":\"Startseite\",\"item\":\"https:\\\/\\\/enwitec.eu\\\/es\\\/\"},{\"@type\":\"ListItem\",\"position\":2,\"name\":\"Productos\",\"item\":\"https:\\\/\\\/greenlink.technology\\\/es\\\/sobre-nosotros\\\/la-empresa\\\/enwitec\\\/productos\\\/\"},{\"@type\":\"ListItem\",\"position\":3,\"name\":\"enwitec BAT BREAKER Spec.BYD 3xAccu 3xCharger est\u00e1ndar KS &#8211; 10012417\"}]},{\"@type\":\"WebSite\",\"@id\":\"https:\\\/\\\/enwitec.eu\\\/en\\\/#website\",\"url\":\"https:\\\/\\\/enwitec.eu\\\/en\\\/\",\"name\":\"greenLink orchestrating energy flows | enwitec electronic GmbH | LinQ Europe Sp. z o.o.\",\"description\":\"\",\"publisher\":{\"@id\":\"https:\\\/\\\/enwitec.eu\\\/en\\\/#organization\"},\"potentialAction\":[{\"@type\":\"SearchAction\",\"target\":{\"@type\":\"EntryPoint\",\"urlTemplate\":\"https:\\\/\\\/enwitec.eu\\\/en\\\/?s={search_term_string}\"},\"query-input\":{\"@type\":\"PropertyValueSpecification\",\"valueRequired\":true,\"valueName\":\"search_term_string\"}}],\"inLanguage\":\"es\"},{\"@type\":\"Organization\",\"@id\":\"https:\\\/\\\/enwitec.eu\\\/en\\\/#organization\",\"name\":\"greenLink orquestaci\u00f3n de flujos de energ\u00eda | enwitec electronic GmbH | LinQ Europe Sp. z o.o.\",\"url\":\"https:\\\/\\\/enwitec.eu\\\/en\\\/\",\"logo\":{\"@type\":\"ImageObject\",\"inLanguage\":\"es\",\"@id\":\"https:\\\/\\\/enwitec.eu\\\/en\\\/#\\\/schema\\\/logo\\\/image\\\/\",\"url\":\"https:\\\/\\\/greenlink.technology\\\/wp-content\\\/uploads\\\/2025\\\/01\\\/greenlink-logo-final.png\",\"contentUrl\":\"https:\\\/\\\/greenlink.technology\\\/wp-content\\\/uploads\\\/2025\\\/01\\\/greenlink-logo-final.png\",\"width\":2586,\"height\":629,\"caption\":\"greenLink orquestaci\u00f3n de flujos de energ\u00eda | enwitec electronic GmbH | LinQ Europe Sp. z o.o. \"},\"image\":{\"@id\":\"https:\\\/\\\/enwitec.eu\\\/en\\\/#\\\/schema\\\/logo\\\/image\\\/\"}}]}<\/script>\n<!-- \/ Yoast SEO plugin. -->","yoast_head_json":{"title":"enwitec BAT BREAKER Spec.BYD 3xAccu 3xCharger est\u00e1ndar KS - 10012417 - greenLink orchestrating energy flows | enwitec electronic GmbH | LinQ Europe Sp. z o.o.","robots":{"index":"index","follow":"follow","max-snippet":"max-snippet:-1","max-image-preview":"max-image-preview:large","max-video-preview":"max-video-preview:-1"},"canonical":"https:\/\/greenlink.technology\/es\/produkt\/enwitec-bat-breaker-spec-byd-3xaccu-3xcharger-estandar-ks-10012417\/","og_locale":"es_ES","og_type":"article","og_title":"enwitec BAT BREAKER Spec.BYD 3xAccu 3xCharger est\u00e1ndar KS - 10012417 - greenLink orchestrating energy flows | enwitec electronic GmbH | LinQ Europe Sp. z o.o.","og_description":"&nbsp;","og_url":"https:\/\/greenlink.technology\/es\/produkt\/enwitec-bat-breaker-spec-byd-3xaccu-3xcharger-estandar-ks-10012417\/","og_site_name":"greenLink orchestrating energy flows | enwitec electronic GmbH | LinQ Europe Sp. z o.o.","og_image":[{"width":500,"height":500,"url":"https:\/\/greenlink.technology\/wp-content\/uploads\/2025\/02\/10012417_front.png","type":"image\/png"}],"twitter_card":"summary_large_image","schema":{"@context":"https:\/\/schema.org","@graph":[{"@type":"WebPage","@id":"https:\/\/greenlink.technology\/es\/produkt\/enwitec-bat-breaker-spec-byd-3xaccu-3xcharger-estandar-ks-10012417\/","url":"https:\/\/greenlink.technology\/es\/produkt\/enwitec-bat-breaker-spec-byd-3xaccu-3xcharger-estandar-ks-10012417\/","name":"enwitec BAT BREAKER Spec.BYD 3xAccu 3xCharger est\u00e1ndar KS - 10012417 - greenLink orchestrating energy flows | enwitec electronic GmbH | LinQ Europe Sp. z o.o.","isPartOf":{"@id":"https:\/\/enwitec.eu\/en\/#website"},"primaryImageOfPage":{"@id":"https:\/\/greenlink.technology\/es\/produkt\/enwitec-bat-breaker-spec-byd-3xaccu-3xcharger-estandar-ks-10012417\/#primaryimage"},"image":{"@id":"https:\/\/greenlink.technology\/es\/produkt\/enwitec-bat-breaker-spec-byd-3xaccu-3xcharger-estandar-ks-10012417\/#primaryimage"},"thumbnailUrl":"https:\/\/greenlink.technology\/wp-content\/uploads\/2025\/02\/10012417_front.png","datePublished":"2024-02-26T08:31:08+00:00","breadcrumb":{"@id":"https:\/\/greenlink.technology\/es\/produkt\/enwitec-bat-breaker-spec-byd-3xaccu-3xcharger-estandar-ks-10012417\/#breadcrumb"},"inLanguage":"es","potentialAction":[{"@type":"ReadAction","target":["https:\/\/greenlink.technology\/es\/produkt\/enwitec-bat-breaker-spec-byd-3xaccu-3xcharger-estandar-ks-10012417\/"]}]},{"@type":"ImageObject","inLanguage":"es","@id":"https:\/\/greenlink.technology\/es\/produkt\/enwitec-bat-breaker-spec-byd-3xaccu-3xcharger-estandar-ks-10012417\/#primaryimage","url":"https:\/\/greenlink.technology\/wp-content\/uploads\/2025\/02\/10012417_front.png","contentUrl":"https:\/\/greenlink.technology\/wp-content\/uploads\/2025\/02\/10012417_front.png","width":500,"height":500},{"@type":"BreadcrumbList","@id":"https:\/\/greenlink.technology\/es\/produkt\/enwitec-bat-breaker-spec-byd-3xaccu-3xcharger-estandar-ks-10012417\/#breadcrumb","itemListElement":[{"@type":"ListItem","position":1,"name":"Startseite","item":"https:\/\/enwitec.eu\/es\/"},{"@type":"ListItem","position":2,"name":"Productos","item":"https:\/\/greenlink.technology\/es\/sobre-nosotros\/la-empresa\/enwitec\/productos\/"},{"@type":"ListItem","position":3,"name":"enwitec BAT BREAKER Spec.BYD 3xAccu 3xCharger est\u00e1ndar KS &#8211; 10012417"}]},{"@type":"WebSite","@id":"https:\/\/enwitec.eu\/en\/#website","url":"https:\/\/enwitec.eu\/en\/","name":"greenLink orchestrating energy flows | enwitec electronic GmbH | LinQ Europe Sp. z o.o.","description":"","publisher":{"@id":"https:\/\/enwitec.eu\/en\/#organization"},"potentialAction":[{"@type":"SearchAction","target":{"@type":"EntryPoint","urlTemplate":"https:\/\/enwitec.eu\/en\/?s={search_term_string}"},"query-input":{"@type":"PropertyValueSpecification","valueRequired":true,"valueName":"search_term_string"}}],"inLanguage":"es"},{"@type":"Organization","@id":"https:\/\/enwitec.eu\/en\/#organization","name":"greenLink orquestaci\u00f3n de flujos de energ\u00eda | enwitec electronic GmbH | LinQ Europe Sp. z o.o.","url":"https:\/\/enwitec.eu\/en\/","logo":{"@type":"ImageObject","inLanguage":"es","@id":"https:\/\/enwitec.eu\/en\/#\/schema\/logo\/image\/","url":"https:\/\/greenlink.technology\/wp-content\/uploads\/2025\/01\/greenlink-logo-final.png","contentUrl":"https:\/\/greenlink.technology\/wp-content\/uploads\/2025\/01\/greenlink-logo-final.png","width":2586,"height":629,"caption":"greenLink orquestaci\u00f3n de flujos de energ\u00eda | enwitec electronic GmbH | LinQ Europe Sp. z o.o. "},"image":{"@id":"https:\/\/enwitec.eu\/en\/#\/schema\/logo\/image\/"}}]}},"_links":{"self":[{"href":"https:\/\/greenlink.technology\/es\/wp-json\/wp\/v2\/product\/10546","targetHints":{"allow":["GET"]}}],"collection":[{"href":"https:\/\/greenlink.technology\/es\/wp-json\/wp\/v2\/product"}],"about":[{"href":"https:\/\/greenlink.technology\/es\/wp-json\/wp\/v2\/types\/product"}],"replies":[{"embeddable":true,"href":"https:\/\/greenlink.technology\/es\/wp-json\/wp\/v2\/comments?post=10546"}],"wp:featuredmedia":[{"embeddable":true,"href":"https:\/\/greenlink.technology\/es\/wp-json\/wp\/v2\/media\/10550"}],"wp:attachment":[{"href":"https:\/\/greenlink.technology\/es\/wp-json\/wp\/v2\/media?parent=10546"}],"wp:term":[{"taxonomy":"anwendung","embeddable":true,"href":"https:\/\/greenlink.technology\/es\/wp-json\/wp\/v2\/anwendung?post=10546"},{"taxonomy":"product_brand","embeddable":true,"href":"https:\/\/greenlink.technology\/es\/wp-json\/wp\/v2\/product_brand?post=10546"},{"taxonomy":"product_cat","embeddable":true,"href":"https:\/\/greenlink.technology\/es\/wp-json\/wp\/v2\/product_cat?post=10546"},{"taxonomy":"product_tag","embeddable":true,"href":"https:\/\/greenlink.technology\/es\/wp-json\/wp\/v2\/product_tag?post=10546"}],"curies":[{"name":"wp","href":"https:\/\/api.w.org\/{rel}","templated":true}]}}