{"id":10899,"date":"2024-02-27T09:42:19","date_gmt":"2024-02-27T08:42:19","guid":{"rendered":"https:\/\/greenlink.technology\/produkt\/unidad-de-control-remoto-fv-enwitec-pv-rss-unidad-de-control-remoto-4-r-10012951\/"},"modified":"2024-02-27T09:42:19","modified_gmt":"2024-02-27T08:42:19","slug":"unidad-de-control-remoto-fv-enwitec-pv-rss-unidad-de-control-remoto-4-r-10012951","status":"publish","type":"product","link":"https:\/\/greenlink.technology\/es\/produkt\/unidad-de-control-remoto-fv-enwitec-pv-rss-unidad-de-control-remoto-4-r-10012951\/","title":{"rendered":"Unidad de control remoto FV enwitec PV-RSS &#8211; Unidad de control remoto 4-R &#8211; 10012951"},"content":{"rendered":"<div class=\"system-stammdaten\">\n<h2><\/h2>\n<p>&nbsp;<\/p>\n<\/div>\n","protected":false},"excerpt":{"rendered":"<p>&nbsp;<\/p>\n","protected":false},"featured_media":10901,"comment_status":"closed","ping_status":"closed","template":"","meta":{"_acf_changed":false},"anwendung":[],"product_brand":[264],"product_cat":[646],"product_tag":[999,648,436,435,649],"class_list":{"0":"post-10899","1":"product","2":"type-product","3":"status-publish","4":"has-post-thumbnail","6":"product_brand-enwitec","7":"product_cat-accesorios-para-interruptores-de-servicio-contra-incendios","8":"product_tag-10012951-es","9":"product_tag-accesorios-para-interruptores-de-servicio-contra-incendios","10":"product_tag-fws-es","11":"product_tag-interruptor-de-bomberos","12":"product_tag-mando-a-distancia","13":"pa_anzahl-feuerwehrschalter-3-4-es","15":"first","16":"instock","17":"shipping-taxable","18":"product-type-simple"},"acf":{"product_informations":"<strong>Unidad de control remoto FV Enwitec PV-RSS - Unidad de control remoto 4-R<\/strong>\n\n\u00a1Es imprescindible observar la ficha t\u00e9cnica!\n\n<strong>Nota<\/strong>\n\u00a1Para la integraci\u00f3n en el sistema global, consulta las instrucciones de instalaci\u00f3n del Sistema de desconexi\u00f3n remota FV!\n\nC\u00f3digo de coincidencia: Santon-control remoto-2-R","technical_data":"<div class=\"stammdaten-col\">\n<div class=\"line\">\n<p class=\"system-stammdaten-left\">N\u00ba de art\u00edculo: 10012951\nN\u00famero de interruptores de bombero: 4\nCombinaciones de interruptores: EN 61439-1, EN 61439-2\nSistemas de alimentaci\u00f3n FV: DIN IEC 60364-7-712\nCarcasa: Policarbonato\nDimensiones (AnxAlxPr): 250 x 200 x 122 mm\nPeso total: 2 kg<\/p>\n\n<\/div>\n<\/div>","download":"Ficha de datos ES: <a href=\"https:\/\/greenlink.technology\/wp-content\/uploads\/2025\/04\/10012951_Datenblatt_remote_control_unit-4-R_2024_04_12.pdf\" target=\"_blank\" rel=\"noopener\">10012951_Ficha_datos_unidad_de_control_remoto-4-R<\/a>","product_short_description":"<strong>N\u00famero de interruptores de bombero:<\/strong> 4","photo_gallery":{"galerie_produkte":[[]]}},"yoast_head":"<!-- This site is optimized with the Yoast SEO plugin v27.3 - https:\/\/yoast.com\/product\/yoast-seo-wordpress\/ -->\n<title>Unidad de control remoto FV enwitec PV-RSS - Unidad de control remoto 4-R - 10012951 - greenLink orchestrating energy flows | enwitec electronic GmbH | LinQ Europe Sp. z o.o.<\/title>\n<meta name=\"robots\" content=\"index, follow, max-snippet:-1, max-image-preview:large, max-video-preview:-1\" \/>\n<link rel=\"canonical\" href=\"https:\/\/greenlink.technology\/es\/produkt\/unidad-de-control-remoto-fv-enwitec-pv-rss-unidad-de-control-remoto-4-r-10012951\/\" \/>\n<meta property=\"og:locale\" content=\"es_ES\" \/>\n<meta property=\"og:type\" content=\"article\" \/>\n<meta property=\"og:title\" content=\"Unidad de control remoto FV enwitec PV-RSS - Unidad de control remoto 4-R - 10012951 - greenLink orchestrating energy flows | enwitec electronic GmbH | LinQ Europe Sp. z o.o.\" \/>\n<meta property=\"og:description\" content=\"&nbsp;\" \/>\n<meta property=\"og:url\" content=\"https:\/\/greenlink.technology\/es\/produkt\/unidad-de-control-remoto-fv-enwitec-pv-rss-unidad-de-control-remoto-4-r-10012951\/\" \/>\n<meta property=\"og:site_name\" content=\"greenLink orchestrating energy flows | enwitec electronic GmbH | LinQ Europe Sp. z o.o.\" \/>\n<meta property=\"og:image\" content=\"https:\/\/enwitec.eu\/wp-content\/uploads\/2025\/02\/10012951_front.png\" \/>\n\t<meta property=\"og:image:width\" content=\"500\" \/>\n\t<meta property=\"og:image:height\" content=\"500\" \/>\n\t<meta property=\"og:image:type\" content=\"image\/png\" \/>\n<meta name=\"twitter:card\" content=\"summary_large_image\" \/>\n<script type=\"application\/ld+json\" class=\"yoast-schema-graph\">{\"@context\":\"https:\\\/\\\/schema.org\",\"@graph\":[{\"@type\":\"WebPage\",\"@id\":\"https:\\\/\\\/greenlink.technology\\\/es\\\/produkt\\\/unidad-de-control-remoto-fv-enwitec-pv-rss-unidad-de-control-remoto-4-r-10012951\\\/\",\"url\":\"https:\\\/\\\/greenlink.technology\\\/es\\\/produkt\\\/unidad-de-control-remoto-fv-enwitec-pv-rss-unidad-de-control-remoto-4-r-10012951\\\/\",\"name\":\"Unidad de control remoto FV enwitec PV-RSS - Unidad de control remoto 4-R - 10012951 - greenLink orchestrating energy flows | enwitec electronic GmbH | LinQ Europe Sp. z o.o.\",\"isPartOf\":{\"@id\":\"https:\\\/\\\/enwitec.eu\\\/en\\\/#website\"},\"primaryImageOfPage\":{\"@id\":\"https:\\\/\\\/greenlink.technology\\\/es\\\/produkt\\\/unidad-de-control-remoto-fv-enwitec-pv-rss-unidad-de-control-remoto-4-r-10012951\\\/#primaryimage\"},\"image\":{\"@id\":\"https:\\\/\\\/greenlink.technology\\\/es\\\/produkt\\\/unidad-de-control-remoto-fv-enwitec-pv-rss-unidad-de-control-remoto-4-r-10012951\\\/#primaryimage\"},\"thumbnailUrl\":\"https:\\\/\\\/greenlink.technology\\\/wp-content\\\/uploads\\\/2025\\\/02\\\/10012951_front.png\",\"datePublished\":\"2024-02-27T08:42:19+00:00\",\"breadcrumb\":{\"@id\":\"https:\\\/\\\/greenlink.technology\\\/es\\\/produkt\\\/unidad-de-control-remoto-fv-enwitec-pv-rss-unidad-de-control-remoto-4-r-10012951\\\/#breadcrumb\"},\"inLanguage\":\"es\",\"potentialAction\":[{\"@type\":\"ReadAction\",\"target\":[\"https:\\\/\\\/greenlink.technology\\\/es\\\/produkt\\\/unidad-de-control-remoto-fv-enwitec-pv-rss-unidad-de-control-remoto-4-r-10012951\\\/\"]}]},{\"@type\":\"ImageObject\",\"inLanguage\":\"es\",\"@id\":\"https:\\\/\\\/greenlink.technology\\\/es\\\/produkt\\\/unidad-de-control-remoto-fv-enwitec-pv-rss-unidad-de-control-remoto-4-r-10012951\\\/#primaryimage\",\"url\":\"https:\\\/\\\/greenlink.technology\\\/wp-content\\\/uploads\\\/2025\\\/02\\\/10012951_front.png\",\"contentUrl\":\"https:\\\/\\\/greenlink.technology\\\/wp-content\\\/uploads\\\/2025\\\/02\\\/10012951_front.png\",\"width\":500,\"height\":500},{\"@type\":\"BreadcrumbList\",\"@id\":\"https:\\\/\\\/greenlink.technology\\\/es\\\/produkt\\\/unidad-de-control-remoto-fv-enwitec-pv-rss-unidad-de-control-remoto-4-r-10012951\\\/#breadcrumb\",\"itemListElement\":[{\"@type\":\"ListItem\",\"position\":1,\"name\":\"Startseite\",\"item\":\"https:\\\/\\\/enwitec.eu\\\/es\\\/\"},{\"@type\":\"ListItem\",\"position\":2,\"name\":\"Productos\",\"item\":\"https:\\\/\\\/greenlink.technology\\\/es\\\/sobre-nosotros\\\/la-empresa\\\/enwitec\\\/productos\\\/\"},{\"@type\":\"ListItem\",\"position\":3,\"name\":\"Unidad de control remoto FV enwitec PV-RSS &#8211; Unidad de control remoto 4-R &#8211; 10012951\"}]},{\"@type\":\"WebSite\",\"@id\":\"https:\\\/\\\/enwitec.eu\\\/en\\\/#website\",\"url\":\"https:\\\/\\\/enwitec.eu\\\/en\\\/\",\"name\":\"greenLink orchestrating energy flows | enwitec electronic GmbH | LinQ Europe Sp. z o.o.\",\"description\":\"\",\"publisher\":{\"@id\":\"https:\\\/\\\/enwitec.eu\\\/en\\\/#organization\"},\"potentialAction\":[{\"@type\":\"SearchAction\",\"target\":{\"@type\":\"EntryPoint\",\"urlTemplate\":\"https:\\\/\\\/enwitec.eu\\\/en\\\/?s={search_term_string}\"},\"query-input\":{\"@type\":\"PropertyValueSpecification\",\"valueRequired\":true,\"valueName\":\"search_term_string\"}}],\"inLanguage\":\"es\"},{\"@type\":\"Organization\",\"@id\":\"https:\\\/\\\/enwitec.eu\\\/en\\\/#organization\",\"name\":\"greenLink orquestaci\u00f3n de flujos de energ\u00eda | enwitec electronic GmbH | LinQ Europe Sp. z o.o.\",\"url\":\"https:\\\/\\\/enwitec.eu\\\/en\\\/\",\"logo\":{\"@type\":\"ImageObject\",\"inLanguage\":\"es\",\"@id\":\"https:\\\/\\\/enwitec.eu\\\/en\\\/#\\\/schema\\\/logo\\\/image\\\/\",\"url\":\"https:\\\/\\\/greenlink.technology\\\/wp-content\\\/uploads\\\/2025\\\/01\\\/greenlink-logo-final.png\",\"contentUrl\":\"https:\\\/\\\/greenlink.technology\\\/wp-content\\\/uploads\\\/2025\\\/01\\\/greenlink-logo-final.png\",\"width\":2586,\"height\":629,\"caption\":\"greenLink orquestaci\u00f3n de flujos de energ\u00eda | enwitec electronic GmbH | LinQ Europe Sp. z o.o. \"},\"image\":{\"@id\":\"https:\\\/\\\/enwitec.eu\\\/en\\\/#\\\/schema\\\/logo\\\/image\\\/\"}}]}<\/script>\n<!-- \/ Yoast SEO plugin. -->","yoast_head_json":{"title":"Unidad de control remoto FV enwitec PV-RSS - Unidad de control remoto 4-R - 10012951 - greenLink orchestrating energy flows | enwitec electronic GmbH | LinQ Europe Sp. z o.o.","robots":{"index":"index","follow":"follow","max-snippet":"max-snippet:-1","max-image-preview":"max-image-preview:large","max-video-preview":"max-video-preview:-1"},"canonical":"https:\/\/greenlink.technology\/es\/produkt\/unidad-de-control-remoto-fv-enwitec-pv-rss-unidad-de-control-remoto-4-r-10012951\/","og_locale":"es_ES","og_type":"article","og_title":"Unidad de control remoto FV enwitec PV-RSS - Unidad de control remoto 4-R - 10012951 - greenLink orchestrating energy flows | enwitec electronic GmbH | LinQ Europe Sp. z o.o.","og_description":"&nbsp;","og_url":"https:\/\/greenlink.technology\/es\/produkt\/unidad-de-control-remoto-fv-enwitec-pv-rss-unidad-de-control-remoto-4-r-10012951\/","og_site_name":"greenLink orchestrating energy flows | enwitec electronic GmbH | LinQ Europe Sp. z o.o.","og_image":[{"width":500,"height":500,"url":"https:\/\/enwitec.eu\/wp-content\/uploads\/2025\/02\/10012951_front.png","type":"image\/png"}],"twitter_card":"summary_large_image","schema":{"@context":"https:\/\/schema.org","@graph":[{"@type":"WebPage","@id":"https:\/\/greenlink.technology\/es\/produkt\/unidad-de-control-remoto-fv-enwitec-pv-rss-unidad-de-control-remoto-4-r-10012951\/","url":"https:\/\/greenlink.technology\/es\/produkt\/unidad-de-control-remoto-fv-enwitec-pv-rss-unidad-de-control-remoto-4-r-10012951\/","name":"Unidad de control remoto FV enwitec PV-RSS - Unidad de control remoto 4-R - 10012951 - greenLink orchestrating energy flows | enwitec electronic GmbH | LinQ Europe Sp. z o.o.","isPartOf":{"@id":"https:\/\/enwitec.eu\/en\/#website"},"primaryImageOfPage":{"@id":"https:\/\/greenlink.technology\/es\/produkt\/unidad-de-control-remoto-fv-enwitec-pv-rss-unidad-de-control-remoto-4-r-10012951\/#primaryimage"},"image":{"@id":"https:\/\/greenlink.technology\/es\/produkt\/unidad-de-control-remoto-fv-enwitec-pv-rss-unidad-de-control-remoto-4-r-10012951\/#primaryimage"},"thumbnailUrl":"https:\/\/greenlink.technology\/wp-content\/uploads\/2025\/02\/10012951_front.png","datePublished":"2024-02-27T08:42:19+00:00","breadcrumb":{"@id":"https:\/\/greenlink.technology\/es\/produkt\/unidad-de-control-remoto-fv-enwitec-pv-rss-unidad-de-control-remoto-4-r-10012951\/#breadcrumb"},"inLanguage":"es","potentialAction":[{"@type":"ReadAction","target":["https:\/\/greenlink.technology\/es\/produkt\/unidad-de-control-remoto-fv-enwitec-pv-rss-unidad-de-control-remoto-4-r-10012951\/"]}]},{"@type":"ImageObject","inLanguage":"es","@id":"https:\/\/greenlink.technology\/es\/produkt\/unidad-de-control-remoto-fv-enwitec-pv-rss-unidad-de-control-remoto-4-r-10012951\/#primaryimage","url":"https:\/\/greenlink.technology\/wp-content\/uploads\/2025\/02\/10012951_front.png","contentUrl":"https:\/\/greenlink.technology\/wp-content\/uploads\/2025\/02\/10012951_front.png","width":500,"height":500},{"@type":"BreadcrumbList","@id":"https:\/\/greenlink.technology\/es\/produkt\/unidad-de-control-remoto-fv-enwitec-pv-rss-unidad-de-control-remoto-4-r-10012951\/#breadcrumb","itemListElement":[{"@type":"ListItem","position":1,"name":"Startseite","item":"https:\/\/enwitec.eu\/es\/"},{"@type":"ListItem","position":2,"name":"Productos","item":"https:\/\/greenlink.technology\/es\/sobre-nosotros\/la-empresa\/enwitec\/productos\/"},{"@type":"ListItem","position":3,"name":"Unidad de control remoto FV enwitec PV-RSS &#8211; Unidad de control remoto 4-R &#8211; 10012951"}]},{"@type":"WebSite","@id":"https:\/\/enwitec.eu\/en\/#website","url":"https:\/\/enwitec.eu\/en\/","name":"greenLink orchestrating energy flows | enwitec electronic GmbH | LinQ Europe Sp. z o.o.","description":"","publisher":{"@id":"https:\/\/enwitec.eu\/en\/#organization"},"potentialAction":[{"@type":"SearchAction","target":{"@type":"EntryPoint","urlTemplate":"https:\/\/enwitec.eu\/en\/?s={search_term_string}"},"query-input":{"@type":"PropertyValueSpecification","valueRequired":true,"valueName":"search_term_string"}}],"inLanguage":"es"},{"@type":"Organization","@id":"https:\/\/enwitec.eu\/en\/#organization","name":"greenLink orquestaci\u00f3n de flujos de energ\u00eda | enwitec electronic GmbH | LinQ Europe Sp. z o.o.","url":"https:\/\/enwitec.eu\/en\/","logo":{"@type":"ImageObject","inLanguage":"es","@id":"https:\/\/enwitec.eu\/en\/#\/schema\/logo\/image\/","url":"https:\/\/greenlink.technology\/wp-content\/uploads\/2025\/01\/greenlink-logo-final.png","contentUrl":"https:\/\/greenlink.technology\/wp-content\/uploads\/2025\/01\/greenlink-logo-final.png","width":2586,"height":629,"caption":"greenLink orquestaci\u00f3n de flujos de energ\u00eda | enwitec electronic GmbH | LinQ Europe Sp. z o.o. "},"image":{"@id":"https:\/\/enwitec.eu\/en\/#\/schema\/logo\/image\/"}}]}},"_links":{"self":[{"href":"https:\/\/greenlink.technology\/es\/wp-json\/wp\/v2\/product\/10899","targetHints":{"allow":["GET"]}}],"collection":[{"href":"https:\/\/greenlink.technology\/es\/wp-json\/wp\/v2\/product"}],"about":[{"href":"https:\/\/greenlink.technology\/es\/wp-json\/wp\/v2\/types\/product"}],"replies":[{"embeddable":true,"href":"https:\/\/greenlink.technology\/es\/wp-json\/wp\/v2\/comments?post=10899"}],"wp:featuredmedia":[{"embeddable":true,"href":"https:\/\/greenlink.technology\/es\/wp-json\/wp\/v2\/media\/10901"}],"wp:attachment":[{"href":"https:\/\/greenlink.technology\/es\/wp-json\/wp\/v2\/media?parent=10899"}],"wp:term":[{"taxonomy":"anwendung","embeddable":true,"href":"https:\/\/greenlink.technology\/es\/wp-json\/wp\/v2\/anwendung?post=10899"},{"taxonomy":"product_brand","embeddable":true,"href":"https:\/\/greenlink.technology\/es\/wp-json\/wp\/v2\/product_brand?post=10899"},{"taxonomy":"product_cat","embeddable":true,"href":"https:\/\/greenlink.technology\/es\/wp-json\/wp\/v2\/product_cat?post=10899"},{"taxonomy":"product_tag","embeddable":true,"href":"https:\/\/greenlink.technology\/es\/wp-json\/wp\/v2\/product_tag?post=10899"}],"curies":[{"name":"wp","href":"https:\/\/api.w.org\/{rel}","templated":true}]}}