{"id":10939,"date":"2024-02-26T14:26:47","date_gmt":"2024-02-26T13:26:47","guid":{"rendered":"https:\/\/greenlink.technology\/produkt\/interruptor-de-bombero-enwitec-santon-1000-6x2r-t50-x-pes-1-0-10013565\/"},"modified":"2026-01-21T09:20:07","modified_gmt":"2026-01-21T08:20:07","slug":"interruptor-de-bombero-enwitec-santon-1000-6x2r-t50-x-pes-1-0-10013565","status":"publish","type":"product","link":"https:\/\/greenlink.technology\/es\/produkt\/interruptor-de-bombero-enwitec-santon-1000-6x2r-t50-x-pes-1-0-10013565\/","title":{"rendered":"Interruptor de bombero enwitec Santon-1000-6x2R-T50-X-PES-1.0 &#8211; 10013565"},"content":{"rendered":"<div class=\"system-stammdaten\">\n<h2><\/h2>\n<p>&nbsp;<\/p>\n<\/div>\n","protected":false},"excerpt":{"rendered":"<p>&nbsp;<\/p>\n","protected":false},"featured_media":10941,"comment_status":"closed","ping_status":"closed","template":"","meta":{"_acf_changed":false},"anwendung":[],"product_brand":[264],"product_cat":[434],"product_tag":[1019,436,435,437],"class_list":{"0":"post-10939","1":"product","2":"type-product","3":"status-publish","4":"has-post-thumbnail","6":"product_brand-enwitec","7":"product_cat-interruptor-de-bomberos","8":"product_tag-10013565-es","9":"product_tag-fws-es","10":"product_tag-interruptor-de-bomberos","11":"product_tag-santon-es","12":"pa_anschlussform-conexion-roscada","13":"pa_mpp-tracker-6-es","14":"pa_strings-im-ausgang-pro-mpp-2-es","15":"pa_strings-im-eingang-pro-mpp-2-es","16":"pa_systemspannung-vdc-1000-es","17":"pa_ueberspannungsschutz-sin","19":"first","20":"instock","21":"shipping-taxable","22":"product-type-simple"},"acf":{"product_informations":"<strong>Interruptor de bombero Enwitec Santon-1000-6x2R-T50-X-PES-1.1<\/strong>\n\nInterruptor de bomberos de enwitec. Los edificios p\u00fablicos, las naves industriales y los almacenes, en particular, est\u00e1n sujetos a mayores requisitos de seguridad. enwitec combina la tecnolog\u00eda de conexi\u00f3n convencional para sistemas fotovoltaicos con el seccionador PVSEC y ofrece as\u00ed soluciones personalizadas y libremente escalables hasta la gama de megavatios. Se puede utilizar para desexcitar los cables de CC instalados en el edificio.   \n\nC\u00f3digo de partido: Santon-1000-6x2R-T50-X-PES-1.1","technical_data":"<div class=\"stammdaten-col\">\n<div class=\"line\">\n<p class=\"system-stammdaten-left\">N\u00ba de art\u00edculo: 10013565\nTensi\u00f3n del sistema VDC: 1000VDC\nSeguidor MPP: 6\nCadenas de entrada por MPP: 2\nCadenas de salida por MPP: 2\nProtecci\u00f3n contra sobretensi\u00f3n: -\nTipo de conexi\u00f3n: Conexi\u00f3n por tornillo\nFusible de cadena: No\nOpci\u00f3n de monitorizaci\u00f3n: NO contactos auxiliares del seccionador\nInterruptor de corte de carga: S\u00ed\nCarcasa: Poli\u00e9ster\nDimensiones (AnxAlxPr): 500 x 600 x 230 mm<\/p>\n\n<\/div>\n<\/div>","download":"<a href=\"https:\/\/greenlink.technology\/wp-content\/uploads\/2025\/04\/10013565_Datenblatt_Santon-1000-6x2R-T50-X-PES-1.1_2024_01_16.pdf\" target=\"_blank\" rel=\"noopener\">Hoja de datos_ES<\/a>\n<a href=\"https:\/\/greenlink.technology\/wp-content\/uploads\/2025\/04\/10012986_allgemeine-Installationsanleitung_PV-RSS_DACH_DE_V1.1_2024_07_10.pdf\" target=\"_blank\" rel=\"noopener\">Instrucciones generales de instalaci\u00f3n<\/a>","product_short_description":"<strong>Tensi\u00f3n del sistema VDC:<\/strong> 1000\n<strong>Seguidor MPP:<\/strong> 6\n<strong>Cadenas<\/strong><strong>en entrada<\/strong><strong>por MPP:<\/strong> 2\n<strong>Cadenas en salida por seguidor MPP:<\/strong> 2\n<strong>Protecci\u00f3n contra sobretensi\u00f3n:<\/strong> -\n<strong>Tipo de conexi\u00f3n:<\/strong> conexi\u00f3n roscada","photo_gallery":{"galerie_produkte":[[]]}},"yoast_head":"<!-- This site is optimized with the Yoast SEO plugin v27.3 - https:\/\/yoast.com\/product\/yoast-seo-wordpress\/ -->\n<title>Interruptor de bombero enwitec Santon-1000-6x2R-T50-X-PES-1.0 - 10013565 - greenLink orchestrating energy flows | enwitec electronic GmbH | LinQ Europe Sp. z o.o.<\/title>\n<meta name=\"robots\" content=\"index, follow, max-snippet:-1, max-image-preview:large, max-video-preview:-1\" \/>\n<link rel=\"canonical\" href=\"https:\/\/greenlink.technology\/es\/produkt\/interruptor-de-bombero-enwitec-santon-1000-6x2r-t50-x-pes-1-0-10013565\/\" \/>\n<meta property=\"og:locale\" content=\"es_ES\" \/>\n<meta property=\"og:type\" content=\"article\" \/>\n<meta property=\"og:title\" content=\"Interruptor de bombero enwitec Santon-1000-6x2R-T50-X-PES-1.0 - 10013565 - greenLink orchestrating energy flows | enwitec electronic GmbH | LinQ Europe Sp. z o.o.\" \/>\n<meta property=\"og:description\" content=\"&nbsp;\" \/>\n<meta property=\"og:url\" content=\"https:\/\/greenlink.technology\/es\/produkt\/interruptor-de-bombero-enwitec-santon-1000-6x2r-t50-x-pes-1-0-10013565\/\" \/>\n<meta property=\"og:site_name\" content=\"greenLink orchestrating energy flows | enwitec electronic GmbH | LinQ Europe Sp. z o.o.\" \/>\n<meta property=\"article:modified_time\" content=\"2026-01-21T08:20:07+00:00\" \/>\n<meta property=\"og:image\" content=\"https:\/\/greenlink.technology\/wp-content\/uploads\/2025\/02\/10013565_front_offen.png\" \/>\n\t<meta property=\"og:image:width\" content=\"500\" \/>\n\t<meta property=\"og:image:height\" content=\"500\" \/>\n\t<meta property=\"og:image:type\" content=\"image\/png\" \/>\n<meta name=\"twitter:card\" content=\"summary_large_image\" \/>\n<script type=\"application\/ld+json\" class=\"yoast-schema-graph\">{\"@context\":\"https:\\\/\\\/schema.org\",\"@graph\":[{\"@type\":\"WebPage\",\"@id\":\"https:\\\/\\\/greenlink.technology\\\/es\\\/produkt\\\/interruptor-de-bombero-enwitec-santon-1000-6x2r-t50-x-pes-1-0-10013565\\\/\",\"url\":\"https:\\\/\\\/greenlink.technology\\\/es\\\/produkt\\\/interruptor-de-bombero-enwitec-santon-1000-6x2r-t50-x-pes-1-0-10013565\\\/\",\"name\":\"Interruptor de bombero enwitec Santon-1000-6x2R-T50-X-PES-1.0 - 10013565 - greenLink orchestrating energy flows | enwitec electronic GmbH | LinQ Europe Sp. z o.o.\",\"isPartOf\":{\"@id\":\"https:\\\/\\\/enwitec.eu\\\/en\\\/#website\"},\"primaryImageOfPage\":{\"@id\":\"https:\\\/\\\/greenlink.technology\\\/es\\\/produkt\\\/interruptor-de-bombero-enwitec-santon-1000-6x2r-t50-x-pes-1-0-10013565\\\/#primaryimage\"},\"image\":{\"@id\":\"https:\\\/\\\/greenlink.technology\\\/es\\\/produkt\\\/interruptor-de-bombero-enwitec-santon-1000-6x2r-t50-x-pes-1-0-10013565\\\/#primaryimage\"},\"thumbnailUrl\":\"https:\\\/\\\/greenlink.technology\\\/wp-content\\\/uploads\\\/2025\\\/02\\\/10013565_front_offen.png\",\"datePublished\":\"2024-02-26T13:26:47+00:00\",\"dateModified\":\"2026-01-21T08:20:07+00:00\",\"breadcrumb\":{\"@id\":\"https:\\\/\\\/greenlink.technology\\\/es\\\/produkt\\\/interruptor-de-bombero-enwitec-santon-1000-6x2r-t50-x-pes-1-0-10013565\\\/#breadcrumb\"},\"inLanguage\":\"es\",\"potentialAction\":[{\"@type\":\"ReadAction\",\"target\":[\"https:\\\/\\\/greenlink.technology\\\/es\\\/produkt\\\/interruptor-de-bombero-enwitec-santon-1000-6x2r-t50-x-pes-1-0-10013565\\\/\"]}]},{\"@type\":\"ImageObject\",\"inLanguage\":\"es\",\"@id\":\"https:\\\/\\\/greenlink.technology\\\/es\\\/produkt\\\/interruptor-de-bombero-enwitec-santon-1000-6x2r-t50-x-pes-1-0-10013565\\\/#primaryimage\",\"url\":\"https:\\\/\\\/greenlink.technology\\\/wp-content\\\/uploads\\\/2025\\\/02\\\/10013565_front_offen.png\",\"contentUrl\":\"https:\\\/\\\/greenlink.technology\\\/wp-content\\\/uploads\\\/2025\\\/02\\\/10013565_front_offen.png\",\"width\":500,\"height\":500},{\"@type\":\"BreadcrumbList\",\"@id\":\"https:\\\/\\\/greenlink.technology\\\/es\\\/produkt\\\/interruptor-de-bombero-enwitec-santon-1000-6x2r-t50-x-pes-1-0-10013565\\\/#breadcrumb\",\"itemListElement\":[{\"@type\":\"ListItem\",\"position\":1,\"name\":\"Startseite\",\"item\":\"https:\\\/\\\/enwitec.eu\\\/es\\\/\"},{\"@type\":\"ListItem\",\"position\":2,\"name\":\"Productos\",\"item\":\"https:\\\/\\\/greenlink.technology\\\/es\\\/sobre-nosotros\\\/la-empresa\\\/enwitec\\\/productos\\\/\"},{\"@type\":\"ListItem\",\"position\":3,\"name\":\"Interruptor de bombero enwitec Santon-1000-6x2R-T50-X-PES-1.0 &#8211; 10013565\"}]},{\"@type\":\"WebSite\",\"@id\":\"https:\\\/\\\/enwitec.eu\\\/en\\\/#website\",\"url\":\"https:\\\/\\\/enwitec.eu\\\/en\\\/\",\"name\":\"greenLink orchestrating energy flows | enwitec electronic GmbH | LinQ Europe Sp. z o.o.\",\"description\":\"\",\"publisher\":{\"@id\":\"https:\\\/\\\/enwitec.eu\\\/en\\\/#organization\"},\"potentialAction\":[{\"@type\":\"SearchAction\",\"target\":{\"@type\":\"EntryPoint\",\"urlTemplate\":\"https:\\\/\\\/enwitec.eu\\\/en\\\/?s={search_term_string}\"},\"query-input\":{\"@type\":\"PropertyValueSpecification\",\"valueRequired\":true,\"valueName\":\"search_term_string\"}}],\"inLanguage\":\"es\"},{\"@type\":\"Organization\",\"@id\":\"https:\\\/\\\/enwitec.eu\\\/en\\\/#organization\",\"name\":\"greenLink orquestaci\u00f3n de flujos de energ\u00eda | enwitec electronic GmbH | LinQ Europe Sp. z o.o.\",\"url\":\"https:\\\/\\\/enwitec.eu\\\/en\\\/\",\"logo\":{\"@type\":\"ImageObject\",\"inLanguage\":\"es\",\"@id\":\"https:\\\/\\\/enwitec.eu\\\/en\\\/#\\\/schema\\\/logo\\\/image\\\/\",\"url\":\"https:\\\/\\\/greenlink.technology\\\/wp-content\\\/uploads\\\/2025\\\/01\\\/greenlink-logo-final.png\",\"contentUrl\":\"https:\\\/\\\/greenlink.technology\\\/wp-content\\\/uploads\\\/2025\\\/01\\\/greenlink-logo-final.png\",\"width\":2586,\"height\":629,\"caption\":\"greenLink orquestaci\u00f3n de flujos de energ\u00eda | enwitec electronic GmbH | LinQ Europe Sp. z o.o. \"},\"image\":{\"@id\":\"https:\\\/\\\/enwitec.eu\\\/en\\\/#\\\/schema\\\/logo\\\/image\\\/\"}}]}<\/script>\n<!-- \/ Yoast SEO plugin. -->","yoast_head_json":{"title":"Interruptor de bombero enwitec Santon-1000-6x2R-T50-X-PES-1.0 - 10013565 - greenLink orchestrating energy flows | enwitec electronic GmbH | LinQ Europe Sp. z o.o.","robots":{"index":"index","follow":"follow","max-snippet":"max-snippet:-1","max-image-preview":"max-image-preview:large","max-video-preview":"max-video-preview:-1"},"canonical":"https:\/\/greenlink.technology\/es\/produkt\/interruptor-de-bombero-enwitec-santon-1000-6x2r-t50-x-pes-1-0-10013565\/","og_locale":"es_ES","og_type":"article","og_title":"Interruptor de bombero enwitec Santon-1000-6x2R-T50-X-PES-1.0 - 10013565 - greenLink orchestrating energy flows | enwitec electronic GmbH | LinQ Europe Sp. z o.o.","og_description":"&nbsp;","og_url":"https:\/\/greenlink.technology\/es\/produkt\/interruptor-de-bombero-enwitec-santon-1000-6x2r-t50-x-pes-1-0-10013565\/","og_site_name":"greenLink orchestrating energy flows | enwitec electronic GmbH | LinQ Europe Sp. z o.o.","article_modified_time":"2026-01-21T08:20:07+00:00","og_image":[{"width":500,"height":500,"url":"https:\/\/greenlink.technology\/wp-content\/uploads\/2025\/02\/10013565_front_offen.png","type":"image\/png"}],"twitter_card":"summary_large_image","schema":{"@context":"https:\/\/schema.org","@graph":[{"@type":"WebPage","@id":"https:\/\/greenlink.technology\/es\/produkt\/interruptor-de-bombero-enwitec-santon-1000-6x2r-t50-x-pes-1-0-10013565\/","url":"https:\/\/greenlink.technology\/es\/produkt\/interruptor-de-bombero-enwitec-santon-1000-6x2r-t50-x-pes-1-0-10013565\/","name":"Interruptor de bombero enwitec Santon-1000-6x2R-T50-X-PES-1.0 - 10013565 - greenLink orchestrating energy flows | enwitec electronic GmbH | LinQ Europe Sp. z o.o.","isPartOf":{"@id":"https:\/\/enwitec.eu\/en\/#website"},"primaryImageOfPage":{"@id":"https:\/\/greenlink.technology\/es\/produkt\/interruptor-de-bombero-enwitec-santon-1000-6x2r-t50-x-pes-1-0-10013565\/#primaryimage"},"image":{"@id":"https:\/\/greenlink.technology\/es\/produkt\/interruptor-de-bombero-enwitec-santon-1000-6x2r-t50-x-pes-1-0-10013565\/#primaryimage"},"thumbnailUrl":"https:\/\/greenlink.technology\/wp-content\/uploads\/2025\/02\/10013565_front_offen.png","datePublished":"2024-02-26T13:26:47+00:00","dateModified":"2026-01-21T08:20:07+00:00","breadcrumb":{"@id":"https:\/\/greenlink.technology\/es\/produkt\/interruptor-de-bombero-enwitec-santon-1000-6x2r-t50-x-pes-1-0-10013565\/#breadcrumb"},"inLanguage":"es","potentialAction":[{"@type":"ReadAction","target":["https:\/\/greenlink.technology\/es\/produkt\/interruptor-de-bombero-enwitec-santon-1000-6x2r-t50-x-pes-1-0-10013565\/"]}]},{"@type":"ImageObject","inLanguage":"es","@id":"https:\/\/greenlink.technology\/es\/produkt\/interruptor-de-bombero-enwitec-santon-1000-6x2r-t50-x-pes-1-0-10013565\/#primaryimage","url":"https:\/\/greenlink.technology\/wp-content\/uploads\/2025\/02\/10013565_front_offen.png","contentUrl":"https:\/\/greenlink.technology\/wp-content\/uploads\/2025\/02\/10013565_front_offen.png","width":500,"height":500},{"@type":"BreadcrumbList","@id":"https:\/\/greenlink.technology\/es\/produkt\/interruptor-de-bombero-enwitec-santon-1000-6x2r-t50-x-pes-1-0-10013565\/#breadcrumb","itemListElement":[{"@type":"ListItem","position":1,"name":"Startseite","item":"https:\/\/enwitec.eu\/es\/"},{"@type":"ListItem","position":2,"name":"Productos","item":"https:\/\/greenlink.technology\/es\/sobre-nosotros\/la-empresa\/enwitec\/productos\/"},{"@type":"ListItem","position":3,"name":"Interruptor de bombero enwitec Santon-1000-6x2R-T50-X-PES-1.0 &#8211; 10013565"}]},{"@type":"WebSite","@id":"https:\/\/enwitec.eu\/en\/#website","url":"https:\/\/enwitec.eu\/en\/","name":"greenLink orchestrating energy flows | enwitec electronic GmbH | LinQ Europe Sp. z o.o.","description":"","publisher":{"@id":"https:\/\/enwitec.eu\/en\/#organization"},"potentialAction":[{"@type":"SearchAction","target":{"@type":"EntryPoint","urlTemplate":"https:\/\/enwitec.eu\/en\/?s={search_term_string}"},"query-input":{"@type":"PropertyValueSpecification","valueRequired":true,"valueName":"search_term_string"}}],"inLanguage":"es"},{"@type":"Organization","@id":"https:\/\/enwitec.eu\/en\/#organization","name":"greenLink orquestaci\u00f3n de flujos de energ\u00eda | enwitec electronic GmbH | LinQ Europe Sp. z o.o.","url":"https:\/\/enwitec.eu\/en\/","logo":{"@type":"ImageObject","inLanguage":"es","@id":"https:\/\/enwitec.eu\/en\/#\/schema\/logo\/image\/","url":"https:\/\/greenlink.technology\/wp-content\/uploads\/2025\/01\/greenlink-logo-final.png","contentUrl":"https:\/\/greenlink.technology\/wp-content\/uploads\/2025\/01\/greenlink-logo-final.png","width":2586,"height":629,"caption":"greenLink orquestaci\u00f3n de flujos de energ\u00eda | enwitec electronic GmbH | LinQ Europe Sp. z o.o. "},"image":{"@id":"https:\/\/enwitec.eu\/en\/#\/schema\/logo\/image\/"}}]}},"_links":{"self":[{"href":"https:\/\/greenlink.technology\/es\/wp-json\/wp\/v2\/product\/10939","targetHints":{"allow":["GET"]}}],"collection":[{"href":"https:\/\/greenlink.technology\/es\/wp-json\/wp\/v2\/product"}],"about":[{"href":"https:\/\/greenlink.technology\/es\/wp-json\/wp\/v2\/types\/product"}],"replies":[{"embeddable":true,"href":"https:\/\/greenlink.technology\/es\/wp-json\/wp\/v2\/comments?post=10939"}],"wp:featuredmedia":[{"embeddable":true,"href":"https:\/\/greenlink.technology\/es\/wp-json\/wp\/v2\/media\/10941"}],"wp:attachment":[{"href":"https:\/\/greenlink.technology\/es\/wp-json\/wp\/v2\/media?parent=10939"}],"wp:term":[{"taxonomy":"anwendung","embeddable":true,"href":"https:\/\/greenlink.technology\/es\/wp-json\/wp\/v2\/anwendung?post=10939"},{"taxonomy":"product_brand","embeddable":true,"href":"https:\/\/greenlink.technology\/es\/wp-json\/wp\/v2\/product_brand?post=10939"},{"taxonomy":"product_cat","embeddable":true,"href":"https:\/\/greenlink.technology\/es\/wp-json\/wp\/v2\/product_cat?post=10939"},{"taxonomy":"product_tag","embeddable":true,"href":"https:\/\/greenlink.technology\/es\/wp-json\/wp\/v2\/product_tag?post=10939"}],"curies":[{"name":"wp","href":"https:\/\/api.w.org\/{rel}","templated":true}]}}