{"id":12358,"date":"2024-03-05T08:58:12","date_gmt":"2024-03-05T07:58:12","guid":{"rendered":"https:\/\/greenlink.technology\/produkt\/caja-de-conmutacion-de-red-enwitec-para-el-sistema-fronius-symo-gen24-plus-full-backup-20kw-omnipolar-frt-10017349\/"},"modified":"2026-01-21T09:19:45","modified_gmt":"2026-01-21T08:19:45","slug":"caja-de-conmutacion-de-red-enwitec-para-el-sistema-fronius-symo-gen24-plus-full-backup-20kw-omnipolar-frt-10017349","status":"publish","type":"product","link":"https:\/\/greenlink.technology\/es\/produkt\/caja-de-conmutacion-de-red-enwitec-para-el-sistema-fronius-symo-gen24-plus-full-backup-20kw-omnipolar-frt-10017349\/","title":{"rendered":"Caja de conmutaci\u00f3n de red enwitec para el sistema Fronius SYMO GEN24 Plus &#8220;Full Backup&#8221; &#8211; 20kW, omnipolar, FRT &#8211; 10017349"},"content":{"rendered":"","protected":false},"excerpt":{"rendered":"","protected":false},"featured_media":12359,"comment_status":"closed","ping_status":"closed","template":"","meta":{"_acf_changed":false},"anwendung":[],"product_brand":[264],"product_cat":[341],"product_tag":[1198,384,382,383,485],"class_list":{"0":"post-12358","1":"product","2":"type-product","3":"status-publish","4":"has-post-thumbnail","6":"product_brand-enwitec","7":"product_cat-cajas-de-conmutacion-de-red-en-la-red","8":"product_tag-10017349-es","9":"product_tag-dispositivo-de-cambio","10":"product_tag-dispositivos-de-conmutacion-de-red","11":"product_tag-en-la-red","12":"product_tag-fronius-symo-gen24-es","13":"pa_laenderfreigabe-en-es","14":"pa_max-durchgangsleistung-0-30-kw-es","15":"pa_nf-a-netzanschlusspunkt-tn-c-es","16":"pa_nf-a-netzanschlusspunkt-tn-s-es","17":"pa_nf-a-netzanschlusspunkt-tt-es","18":"pa_nf-i-d-verbraucheranlage-tn-s-es","19":"pa_nf-i-d-verbraucheranlage-tt-es","20":"pa_umschaltung-automatico","21":"pa_wechselrichter-fronius-gen24-plus-es","23":"first","24":"instock","25":"shipping-taxable","26":"product-type-simple"},"acf":{"product_informations":"Caja de interruptores de red 3AC 230\/400V 50Hz\n- Fusible de conexi\u00f3n m\u00e1x. 63A\n- Desconexi\u00f3n omnipolar: redes TN(C)-S\/TN-S, redes TT previa consulta con el operador de red\n- \u00a1Ninguna red TN-C en la instalaci\u00f3n del cliente!\n- para instalaciones FV CON requisito FRT (Fault Ride Through) \n\nadecuado para\nFRONIUS - Symo GEN24 6.0 Plus\/8.0 Plus\/10.0 Plus\/12.0 SC Plus\n\nDisponibilidad del pa\u00eds: Austria\n\n- incl. Fronius SMART METER TS 65A-3 \n\nSi desea m\u00e1s informaci\u00f3n t\u00e9cnica, descargue la documentaci\u00f3n.\n\nNota\nMatchcode: 3PH_FRO_BBDAP_20KW_3PH_FRT","technical_data":"N\u00ba de art\u00edculo: 10017349\nCompatible con: Fronius\nFases: trif\u00e1sica\nDesconexi\u00f3n a la red: omnipolar\nM\u00e1x. Potencia t\u00e9rmica: 20 - 30 kW\nC\u00f3digo del pa\u00eds: Austria\nProtecci\u00f3n NA: no\nConmutador de fuente: no\nTensi\u00f3n nominal: 230\/400V\nFrecuencia nominal: 50\/60 Hz\nCorriente de cortocircuito: 10 kA\nFusible de seguridad: 63 A\nTemperatura de funcionamiento: -5\u00b0C a +40\u00b0C\nHumedad: -25% a 55%\nClase de protecci\u00f3n: II\nDimensiones AnxAlxPr: 315x600x155 mm\nPeso: 11 kg\nCarcasa: Policarbonato","download":"<a href=\"https:\/\/greenlink.technology\/wp-content\/uploads\/2025\/10\/10017349_Datenblatt_3PH_FRO_BBDAP_20KW_3PH_FRT_2025_05_26_a.pdf\" target=\"_blank\" rel=\"noopener\">Ficha de datos ES<\/a>\n<a href=\"https:\/\/greenlink.technology\/wp-content\/uploads\/2025\/10\/10017349_datasheet_3PH_FRO_BBDAP_20KW_3PH_FRT_2025_05_26_a.pdf\" target=\"_blank\" rel=\"noopener\">Hoja de datos ES<\/a>\n<a href=\"https:\/\/greenlink.technology\/wp-content\/uploads\/2025\/04\/2024_05_07_Auswahlhilfe-Fronius-Netzumschaltboxen_AUT-1.pdf\" target=\"_blank\" rel=\"noopener\">Ayudas para la selecci\u00f3n AT<\/a>\n<a href=\"https:\/\/greenlink.technology\/wp-content\/uploads\/2025\/04\/Allg_Installationsanleitung_10017760_Fronius-Netzumschaltboxen-DACH_V1.0_DE_2024_05_31-1-3.pdf\" target=\"_blank\" rel=\"noopener\">Gu\u00eda de instalaci\u00f3n<\/a>","product_short_description":"Inversor: Fronius SYMO GEN24 Plus\nHomologaci\u00f3n del pa\u00eds: Austria\nPotencia t\u00e9rmica m\u00e1xima: 20-30 kW\nConmutaci\u00f3n: autom\u00e1tica\nTipo de red en el punto de conexi\u00f3n a la red: TN-S, TT, TN-C\nTipo de red en el sistema consumidor: TN-S, TT ","photo_gallery":{"galerie_produkte":[[]]}},"yoast_head":"<!-- This site is optimized with the Yoast SEO plugin v27.3 - https:\/\/yoast.com\/product\/yoast-seo-wordpress\/ -->\n<title>Caja de conmutaci\u00f3n de red enwitec para el sistema Fronius SYMO GEN24 Plus &quot;Full Backup&quot; - 20kW, omnipolar, FRT - 10017349 - greenLink orchestrating energy flows | enwitec electronic GmbH | LinQ Europe Sp. z o.o.<\/title>\n<meta name=\"robots\" content=\"index, follow, max-snippet:-1, max-image-preview:large, max-video-preview:-1\" \/>\n<link rel=\"canonical\" href=\"https:\/\/greenlink.technology\/es\/produkt\/caja-de-conmutacion-de-red-enwitec-para-el-sistema-fronius-symo-gen24-plus-full-backup-20kw-omnipolar-frt-10017349\/\" \/>\n<meta property=\"og:locale\" content=\"es_ES\" \/>\n<meta property=\"og:type\" content=\"article\" \/>\n<meta property=\"og:title\" content=\"Caja de conmutaci\u00f3n de red enwitec para el sistema Fronius SYMO GEN24 Plus &quot;Full Backup&quot; - 20kW, omnipolar, FRT - 10017349 - greenLink orchestrating energy flows | enwitec electronic GmbH | LinQ Europe Sp. z o.o.\" \/>\n<meta property=\"og:url\" content=\"https:\/\/greenlink.technology\/es\/produkt\/caja-de-conmutacion-de-red-enwitec-para-el-sistema-fronius-symo-gen24-plus-full-backup-20kw-omnipolar-frt-10017349\/\" \/>\n<meta property=\"og:site_name\" content=\"greenLink orchestrating energy flows | enwitec electronic GmbH | LinQ Europe Sp. z o.o.\" \/>\n<meta property=\"article:modified_time\" content=\"2026-01-21T08:19:45+00:00\" \/>\n<meta property=\"og:image\" content=\"https:\/\/greenlink.technology\/wp-content\/uploads\/2025\/02\/10017349_front.png\" \/>\n\t<meta property=\"og:image:width\" content=\"500\" \/>\n\t<meta property=\"og:image:height\" content=\"500\" \/>\n\t<meta property=\"og:image:type\" content=\"image\/png\" \/>\n<meta name=\"twitter:card\" content=\"summary_large_image\" \/>\n<script type=\"application\/ld+json\" class=\"yoast-schema-graph\">{\"@context\":\"https:\\\/\\\/schema.org\",\"@graph\":[{\"@type\":\"WebPage\",\"@id\":\"https:\\\/\\\/greenlink.technology\\\/es\\\/produkt\\\/caja-de-conmutacion-de-red-enwitec-para-el-sistema-fronius-symo-gen24-plus-full-backup-20kw-omnipolar-frt-10017349\\\/\",\"url\":\"https:\\\/\\\/greenlink.technology\\\/es\\\/produkt\\\/caja-de-conmutacion-de-red-enwitec-para-el-sistema-fronius-symo-gen24-plus-full-backup-20kw-omnipolar-frt-10017349\\\/\",\"name\":\"Caja de conmutaci\u00f3n de red enwitec para el sistema Fronius SYMO GEN24 Plus \\\"Full Backup\\\" - 20kW, omnipolar, FRT - 10017349 - greenLink orchestrating energy flows | enwitec electronic GmbH | LinQ Europe Sp. z o.o.\",\"isPartOf\":{\"@id\":\"https:\\\/\\\/enwitec.eu\\\/en\\\/#website\"},\"primaryImageOfPage\":{\"@id\":\"https:\\\/\\\/greenlink.technology\\\/es\\\/produkt\\\/caja-de-conmutacion-de-red-enwitec-para-el-sistema-fronius-symo-gen24-plus-full-backup-20kw-omnipolar-frt-10017349\\\/#primaryimage\"},\"image\":{\"@id\":\"https:\\\/\\\/greenlink.technology\\\/es\\\/produkt\\\/caja-de-conmutacion-de-red-enwitec-para-el-sistema-fronius-symo-gen24-plus-full-backup-20kw-omnipolar-frt-10017349\\\/#primaryimage\"},\"thumbnailUrl\":\"https:\\\/\\\/greenlink.technology\\\/wp-content\\\/uploads\\\/2025\\\/02\\\/10017349_front.png\",\"datePublished\":\"2024-03-05T07:58:12+00:00\",\"dateModified\":\"2026-01-21T08:19:45+00:00\",\"breadcrumb\":{\"@id\":\"https:\\\/\\\/greenlink.technology\\\/es\\\/produkt\\\/caja-de-conmutacion-de-red-enwitec-para-el-sistema-fronius-symo-gen24-plus-full-backup-20kw-omnipolar-frt-10017349\\\/#breadcrumb\"},\"inLanguage\":\"es\",\"potentialAction\":[{\"@type\":\"ReadAction\",\"target\":[\"https:\\\/\\\/greenlink.technology\\\/es\\\/produkt\\\/caja-de-conmutacion-de-red-enwitec-para-el-sistema-fronius-symo-gen24-plus-full-backup-20kw-omnipolar-frt-10017349\\\/\"]}]},{\"@type\":\"ImageObject\",\"inLanguage\":\"es\",\"@id\":\"https:\\\/\\\/greenlink.technology\\\/es\\\/produkt\\\/caja-de-conmutacion-de-red-enwitec-para-el-sistema-fronius-symo-gen24-plus-full-backup-20kw-omnipolar-frt-10017349\\\/#primaryimage\",\"url\":\"https:\\\/\\\/greenlink.technology\\\/wp-content\\\/uploads\\\/2025\\\/02\\\/10017349_front.png\",\"contentUrl\":\"https:\\\/\\\/greenlink.technology\\\/wp-content\\\/uploads\\\/2025\\\/02\\\/10017349_front.png\",\"width\":500,\"height\":500},{\"@type\":\"BreadcrumbList\",\"@id\":\"https:\\\/\\\/greenlink.technology\\\/es\\\/produkt\\\/caja-de-conmutacion-de-red-enwitec-para-el-sistema-fronius-symo-gen24-plus-full-backup-20kw-omnipolar-frt-10017349\\\/#breadcrumb\",\"itemListElement\":[{\"@type\":\"ListItem\",\"position\":1,\"name\":\"Startseite\",\"item\":\"https:\\\/\\\/enwitec.eu\\\/es\\\/\"},{\"@type\":\"ListItem\",\"position\":2,\"name\":\"Productos\",\"item\":\"https:\\\/\\\/greenlink.technology\\\/es\\\/sobre-nosotros\\\/la-empresa\\\/enwitec\\\/productos\\\/\"},{\"@type\":\"ListItem\",\"position\":3,\"name\":\"Caja de conmutaci\u00f3n de red enwitec para el sistema Fronius SYMO GEN24 Plus &#8220;Full Backup&#8221; &#8211; 20kW, omnipolar, FRT &#8211; 10017349\"}]},{\"@type\":\"WebSite\",\"@id\":\"https:\\\/\\\/enwitec.eu\\\/en\\\/#website\",\"url\":\"https:\\\/\\\/enwitec.eu\\\/en\\\/\",\"name\":\"greenLink orchestrating energy flows | enwitec electronic GmbH | LinQ Europe Sp. z o.o.\",\"description\":\"\",\"publisher\":{\"@id\":\"https:\\\/\\\/enwitec.eu\\\/en\\\/#organization\"},\"potentialAction\":[{\"@type\":\"SearchAction\",\"target\":{\"@type\":\"EntryPoint\",\"urlTemplate\":\"https:\\\/\\\/enwitec.eu\\\/en\\\/?s={search_term_string}\"},\"query-input\":{\"@type\":\"PropertyValueSpecification\",\"valueRequired\":true,\"valueName\":\"search_term_string\"}}],\"inLanguage\":\"es\"},{\"@type\":\"Organization\",\"@id\":\"https:\\\/\\\/enwitec.eu\\\/en\\\/#organization\",\"name\":\"greenLink orquestaci\u00f3n de flujos de energ\u00eda | enwitec electronic GmbH | LinQ Europe Sp. z o.o.\",\"url\":\"https:\\\/\\\/enwitec.eu\\\/en\\\/\",\"logo\":{\"@type\":\"ImageObject\",\"inLanguage\":\"es\",\"@id\":\"https:\\\/\\\/enwitec.eu\\\/en\\\/#\\\/schema\\\/logo\\\/image\\\/\",\"url\":\"https:\\\/\\\/greenlink.technology\\\/wp-content\\\/uploads\\\/2025\\\/01\\\/greenlink-logo-final.png\",\"contentUrl\":\"https:\\\/\\\/greenlink.technology\\\/wp-content\\\/uploads\\\/2025\\\/01\\\/greenlink-logo-final.png\",\"width\":2586,\"height\":629,\"caption\":\"greenLink orquestaci\u00f3n de flujos de energ\u00eda | enwitec electronic GmbH | LinQ Europe Sp. z o.o. \"},\"image\":{\"@id\":\"https:\\\/\\\/enwitec.eu\\\/en\\\/#\\\/schema\\\/logo\\\/image\\\/\"}}]}<\/script>\n<!-- \/ Yoast SEO plugin. -->","yoast_head_json":{"title":"Caja de conmutaci\u00f3n de red enwitec para el sistema Fronius SYMO GEN24 Plus \"Full Backup\" - 20kW, omnipolar, FRT - 10017349 - greenLink orchestrating energy flows | enwitec electronic GmbH | LinQ Europe Sp. z o.o.","robots":{"index":"index","follow":"follow","max-snippet":"max-snippet:-1","max-image-preview":"max-image-preview:large","max-video-preview":"max-video-preview:-1"},"canonical":"https:\/\/greenlink.technology\/es\/produkt\/caja-de-conmutacion-de-red-enwitec-para-el-sistema-fronius-symo-gen24-plus-full-backup-20kw-omnipolar-frt-10017349\/","og_locale":"es_ES","og_type":"article","og_title":"Caja de conmutaci\u00f3n de red enwitec para el sistema Fronius SYMO GEN24 Plus \"Full Backup\" - 20kW, omnipolar, FRT - 10017349 - greenLink orchestrating energy flows | enwitec electronic GmbH | LinQ Europe Sp. z o.o.","og_url":"https:\/\/greenlink.technology\/es\/produkt\/caja-de-conmutacion-de-red-enwitec-para-el-sistema-fronius-symo-gen24-plus-full-backup-20kw-omnipolar-frt-10017349\/","og_site_name":"greenLink orchestrating energy flows | enwitec electronic GmbH | LinQ Europe Sp. z o.o.","article_modified_time":"2026-01-21T08:19:45+00:00","og_image":[{"width":500,"height":500,"url":"https:\/\/greenlink.technology\/wp-content\/uploads\/2025\/02\/10017349_front.png","type":"image\/png"}],"twitter_card":"summary_large_image","schema":{"@context":"https:\/\/schema.org","@graph":[{"@type":"WebPage","@id":"https:\/\/greenlink.technology\/es\/produkt\/caja-de-conmutacion-de-red-enwitec-para-el-sistema-fronius-symo-gen24-plus-full-backup-20kw-omnipolar-frt-10017349\/","url":"https:\/\/greenlink.technology\/es\/produkt\/caja-de-conmutacion-de-red-enwitec-para-el-sistema-fronius-symo-gen24-plus-full-backup-20kw-omnipolar-frt-10017349\/","name":"Caja de conmutaci\u00f3n de red enwitec para el sistema Fronius SYMO GEN24 Plus \"Full Backup\" - 20kW, omnipolar, FRT - 10017349 - greenLink orchestrating energy flows | enwitec electronic GmbH | LinQ Europe Sp. z o.o.","isPartOf":{"@id":"https:\/\/enwitec.eu\/en\/#website"},"primaryImageOfPage":{"@id":"https:\/\/greenlink.technology\/es\/produkt\/caja-de-conmutacion-de-red-enwitec-para-el-sistema-fronius-symo-gen24-plus-full-backup-20kw-omnipolar-frt-10017349\/#primaryimage"},"image":{"@id":"https:\/\/greenlink.technology\/es\/produkt\/caja-de-conmutacion-de-red-enwitec-para-el-sistema-fronius-symo-gen24-plus-full-backup-20kw-omnipolar-frt-10017349\/#primaryimage"},"thumbnailUrl":"https:\/\/greenlink.technology\/wp-content\/uploads\/2025\/02\/10017349_front.png","datePublished":"2024-03-05T07:58:12+00:00","dateModified":"2026-01-21T08:19:45+00:00","breadcrumb":{"@id":"https:\/\/greenlink.technology\/es\/produkt\/caja-de-conmutacion-de-red-enwitec-para-el-sistema-fronius-symo-gen24-plus-full-backup-20kw-omnipolar-frt-10017349\/#breadcrumb"},"inLanguage":"es","potentialAction":[{"@type":"ReadAction","target":["https:\/\/greenlink.technology\/es\/produkt\/caja-de-conmutacion-de-red-enwitec-para-el-sistema-fronius-symo-gen24-plus-full-backup-20kw-omnipolar-frt-10017349\/"]}]},{"@type":"ImageObject","inLanguage":"es","@id":"https:\/\/greenlink.technology\/es\/produkt\/caja-de-conmutacion-de-red-enwitec-para-el-sistema-fronius-symo-gen24-plus-full-backup-20kw-omnipolar-frt-10017349\/#primaryimage","url":"https:\/\/greenlink.technology\/wp-content\/uploads\/2025\/02\/10017349_front.png","contentUrl":"https:\/\/greenlink.technology\/wp-content\/uploads\/2025\/02\/10017349_front.png","width":500,"height":500},{"@type":"BreadcrumbList","@id":"https:\/\/greenlink.technology\/es\/produkt\/caja-de-conmutacion-de-red-enwitec-para-el-sistema-fronius-symo-gen24-plus-full-backup-20kw-omnipolar-frt-10017349\/#breadcrumb","itemListElement":[{"@type":"ListItem","position":1,"name":"Startseite","item":"https:\/\/enwitec.eu\/es\/"},{"@type":"ListItem","position":2,"name":"Productos","item":"https:\/\/greenlink.technology\/es\/sobre-nosotros\/la-empresa\/enwitec\/productos\/"},{"@type":"ListItem","position":3,"name":"Caja de conmutaci\u00f3n de red enwitec para el sistema Fronius SYMO GEN24 Plus &#8220;Full Backup&#8221; &#8211; 20kW, omnipolar, FRT &#8211; 10017349"}]},{"@type":"WebSite","@id":"https:\/\/enwitec.eu\/en\/#website","url":"https:\/\/enwitec.eu\/en\/","name":"greenLink orchestrating energy flows | enwitec electronic GmbH | LinQ Europe Sp. z o.o.","description":"","publisher":{"@id":"https:\/\/enwitec.eu\/en\/#organization"},"potentialAction":[{"@type":"SearchAction","target":{"@type":"EntryPoint","urlTemplate":"https:\/\/enwitec.eu\/en\/?s={search_term_string}"},"query-input":{"@type":"PropertyValueSpecification","valueRequired":true,"valueName":"search_term_string"}}],"inLanguage":"es"},{"@type":"Organization","@id":"https:\/\/enwitec.eu\/en\/#organization","name":"greenLink orquestaci\u00f3n de flujos de energ\u00eda | enwitec electronic GmbH | LinQ Europe Sp. z o.o.","url":"https:\/\/enwitec.eu\/en\/","logo":{"@type":"ImageObject","inLanguage":"es","@id":"https:\/\/enwitec.eu\/en\/#\/schema\/logo\/image\/","url":"https:\/\/greenlink.technology\/wp-content\/uploads\/2025\/01\/greenlink-logo-final.png","contentUrl":"https:\/\/greenlink.technology\/wp-content\/uploads\/2025\/01\/greenlink-logo-final.png","width":2586,"height":629,"caption":"greenLink orquestaci\u00f3n de flujos de energ\u00eda | enwitec electronic GmbH | LinQ Europe Sp. z o.o. "},"image":{"@id":"https:\/\/enwitec.eu\/en\/#\/schema\/logo\/image\/"}}]}},"_links":{"self":[{"href":"https:\/\/greenlink.technology\/es\/wp-json\/wp\/v2\/product\/12358","targetHints":{"allow":["GET"]}}],"collection":[{"href":"https:\/\/greenlink.technology\/es\/wp-json\/wp\/v2\/product"}],"about":[{"href":"https:\/\/greenlink.technology\/es\/wp-json\/wp\/v2\/types\/product"}],"replies":[{"embeddable":true,"href":"https:\/\/greenlink.technology\/es\/wp-json\/wp\/v2\/comments?post=12358"}],"wp:featuredmedia":[{"embeddable":true,"href":"https:\/\/greenlink.technology\/es\/wp-json\/wp\/v2\/media\/12359"}],"wp:attachment":[{"href":"https:\/\/greenlink.technology\/es\/wp-json\/wp\/v2\/media?parent=12358"}],"wp:term":[{"taxonomy":"anwendung","embeddable":true,"href":"https:\/\/greenlink.technology\/es\/wp-json\/wp\/v2\/anwendung?post=12358"},{"taxonomy":"product_brand","embeddable":true,"href":"https:\/\/greenlink.technology\/es\/wp-json\/wp\/v2\/product_brand?post=12358"},{"taxonomy":"product_cat","embeddable":true,"href":"https:\/\/greenlink.technology\/es\/wp-json\/wp\/v2\/product_cat?post=12358"},{"taxonomy":"product_tag","embeddable":true,"href":"https:\/\/greenlink.technology\/es\/wp-json\/wp\/v2\/product_tag?post=12358"}],"curies":[{"name":"wp","href":"https:\/\/api.w.org\/{rel}","templated":true}]}}