{"id":12806,"date":"2024-03-22T12:48:57","date_gmt":"2024-03-22T11:48:57","guid":{"rendered":"https:\/\/greenlink.technology\/produkt\/enwitec-caja-de-bornes-para-generador-cc-gak-s-1000-10x2r-x-bc-pes-1-0_mc4-10016501\/"},"modified":"2025-11-26T09:05:09","modified_gmt":"2025-11-26T08:05:09","slug":"enwitec-caja-de-bornes-para-generador-cc-gak-s-1000-10x2r-x-bc-pes-1-0_mc4-10016501","status":"publish","type":"product","link":"https:\/\/greenlink.technology\/es\/produkt\/enwitec-caja-de-bornes-para-generador-cc-gak-s-1000-10x2r-x-bc-pes-1-0_mc4-10016501\/","title":{"rendered":"enwitec Caja de bornes para generador CC GAK-S-1000-10x2R-X-BC-PES-1.0_MC4 &#8211; 10016501"},"content":{"rendered":"<div class=\"system-stammdaten\">\n<h2\/>\n&nbsp;<\/p>\n<\/div>\n","protected":false},"excerpt":{"rendered":"<p>&nbsp;<\/p>\n","protected":false},"featured_media":19123,"comment_status":"closed","ping_status":"closed","template":"","meta":{"_acf_changed":false},"anwendung":[],"product_brand":[264],"product_cat":[542],"product_tag":[1264,544,543],"class_list":{"0":"post-12806","1":"product","2":"type-product","3":"status-publish","4":"has-post-thumbnail","6":"product_brand-enwitec","7":"product_cat-caja-de-conexiones-del-generador","8":"product_tag-10016501-es","9":"product_tag-caja-de-conexiones-del-generador","10":"product_tag-gak-es","11":"pa_anschlussform-conector-mc4","12":"pa_mpp-tracker-10-es","13":"pa_strings-im-ausgang-pro-mpp-2-es","14":"pa_strings-im-eingang-pro-mpp-2-es","15":"pa_systemspannung--1000-vdc-es","16":"pa_trennschalter-no-es","17":"pa_ueberspannungsschutz-tipo-12","19":"first","20":"instock","21":"shipping-taxable","22":"product-type-simple"},"acf":{"product_informations":"Caixas de deriva\u00e7\u00e3o de geradores CC para aplica\u00e7\u00f5es fotovoltaicas privadas e comerciais.\n\nPara dados t\u00e9cnicos pormenorizados, consultar a ficha t\u00e9cnica!\n\n<strong>Nota\n<\/strong>C\u00f3digo de correspond\u00eancia: GAK-S-1000-10x2R-X-BC-PES-1.0","technical_data":"<div class=\"stammdaten-col\">\n<div class=\"line\">\n<p class=\"system-stammdaten-left\">Referencia: 10016501\nM\u00e1x. Umpp (Ue): 1000 VDC\nSeguidor MPP: 10\nCadenas en entrada por MPP: 2\nCadenas en salida por MPP: 2\nFusible de cadena: No\nProtecci\u00f3n contra sobretensi\u00f3n: Clase I + II\/BC\nSeccionador: No\nTipo de conexi\u00f3n: Clavija MC4\nCorriente nominal I<sub>sc<\/sub>: 320 ADC\nCorriente nominal I<sub>sc<\/sub> por cadena: 16 ADC\nDimensiones (AnxAlxPr): 500 x 600 x 230 mm\nPeso total: 18,3 kg <\/p>\n\n<\/div>\n<\/div>","download":"<a href=\"https:\/\/greenlink.technology\/wp-content\/uploads\/2025\/11\/10016501-DE_DAT_GAK-S-1000-10x2R-X-BC-PES-1.0_MC4-a.pdf\" target=\"_blank\" rel=\"noopener\">Datasheet EN<\/a>","product_short_description":"<strong>Tensi\u00f3n del sistema: <\/strong>1000 VDC\n<strong>Seguidor MPP:<\/strong> 10\n<strong>Cadenas en entrada por MPP: <\/strong>2\n<strong>Cadenas en salida por MPP:<\/strong> 2\n<strong>Protecci\u00f3n contra sobretensiones:<\/strong> Clase I + II\/BC\n<strong>Seccionador:<\/strong> No\n<strong>Tipo de conexi\u00f3n:<\/strong> Clavija MC4","photo_gallery":{"galerie_produkte":[[]]}},"yoast_head":"<!-- This site is optimized with the Yoast SEO plugin v27.3 - https:\/\/yoast.com\/product\/yoast-seo-wordpress\/ -->\n<title>enwitec Caja de bornes para generador CC GAK-S-1000-10x2R-X-BC-PES-1.0_MC4 - 10016501 - greenLink orchestrating energy flows | enwitec electronic GmbH | LinQ Europe Sp. z o.o.<\/title>\n<meta name=\"robots\" content=\"index, follow, max-snippet:-1, max-image-preview:large, max-video-preview:-1\" \/>\n<link rel=\"canonical\" href=\"https:\/\/greenlink.technology\/es\/produkt\/enwitec-caja-de-bornes-para-generador-cc-gak-s-1000-10x2r-x-bc-pes-1-0_mc4-10016501\/\" \/>\n<meta property=\"og:locale\" content=\"es_ES\" \/>\n<meta property=\"og:type\" content=\"article\" \/>\n<meta property=\"og:title\" content=\"enwitec Caja de bornes para generador CC GAK-S-1000-10x2R-X-BC-PES-1.0_MC4 - 10016501 - greenLink orchestrating energy flows | enwitec electronic GmbH | LinQ Europe Sp. z o.o.\" \/>\n<meta property=\"og:description\" content=\"&nbsp;\" \/>\n<meta property=\"og:url\" content=\"https:\/\/greenlink.technology\/es\/produkt\/enwitec-caja-de-bornes-para-generador-cc-gak-s-1000-10x2r-x-bc-pes-1-0_mc4-10016501\/\" \/>\n<meta property=\"og:site_name\" content=\"greenLink orchestrating energy flows | enwitec electronic GmbH | LinQ Europe Sp. z o.o.\" \/>\n<meta property=\"article:modified_time\" content=\"2025-11-26T08:05:09+00:00\" \/>\n<meta property=\"og:image\" content=\"https:\/\/greenlink.technology\/wp-content\/uploads\/2025\/07\/Bilder-folgen.png\" \/>\n\t<meta property=\"og:image:width\" content=\"500\" \/>\n\t<meta property=\"og:image:height\" content=\"500\" \/>\n\t<meta property=\"og:image:type\" content=\"image\/png\" \/>\n<meta name=\"twitter:card\" content=\"summary_large_image\" \/>\n<script type=\"application\/ld+json\" class=\"yoast-schema-graph\">{\"@context\":\"https:\\\/\\\/schema.org\",\"@graph\":[{\"@type\":\"WebPage\",\"@id\":\"https:\\\/\\\/greenlink.technology\\\/es\\\/produkt\\\/enwitec-caja-de-bornes-para-generador-cc-gak-s-1000-10x2r-x-bc-pes-1-0_mc4-10016501\\\/\",\"url\":\"https:\\\/\\\/greenlink.technology\\\/es\\\/produkt\\\/enwitec-caja-de-bornes-para-generador-cc-gak-s-1000-10x2r-x-bc-pes-1-0_mc4-10016501\\\/\",\"name\":\"enwitec Caja de bornes para generador CC GAK-S-1000-10x2R-X-BC-PES-1.0_MC4 - 10016501 - greenLink orchestrating energy flows | enwitec electronic GmbH | LinQ Europe Sp. z o.o.\",\"isPartOf\":{\"@id\":\"https:\\\/\\\/enwitec.eu\\\/en\\\/#website\"},\"primaryImageOfPage\":{\"@id\":\"https:\\\/\\\/greenlink.technology\\\/es\\\/produkt\\\/enwitec-caja-de-bornes-para-generador-cc-gak-s-1000-10x2r-x-bc-pes-1-0_mc4-10016501\\\/#primaryimage\"},\"image\":{\"@id\":\"https:\\\/\\\/greenlink.technology\\\/es\\\/produkt\\\/enwitec-caja-de-bornes-para-generador-cc-gak-s-1000-10x2r-x-bc-pes-1-0_mc4-10016501\\\/#primaryimage\"},\"thumbnailUrl\":\"https:\\\/\\\/greenlink.technology\\\/wp-content\\\/uploads\\\/2025\\\/07\\\/Bilder-folgen.png\",\"datePublished\":\"2024-03-22T11:48:57+00:00\",\"dateModified\":\"2025-11-26T08:05:09+00:00\",\"breadcrumb\":{\"@id\":\"https:\\\/\\\/greenlink.technology\\\/es\\\/produkt\\\/enwitec-caja-de-bornes-para-generador-cc-gak-s-1000-10x2r-x-bc-pes-1-0_mc4-10016501\\\/#breadcrumb\"},\"inLanguage\":\"es\",\"potentialAction\":[{\"@type\":\"ReadAction\",\"target\":[\"https:\\\/\\\/greenlink.technology\\\/es\\\/produkt\\\/enwitec-caja-de-bornes-para-generador-cc-gak-s-1000-10x2r-x-bc-pes-1-0_mc4-10016501\\\/\"]}]},{\"@type\":\"ImageObject\",\"inLanguage\":\"es\",\"@id\":\"https:\\\/\\\/greenlink.technology\\\/es\\\/produkt\\\/enwitec-caja-de-bornes-para-generador-cc-gak-s-1000-10x2r-x-bc-pes-1-0_mc4-10016501\\\/#primaryimage\",\"url\":\"https:\\\/\\\/greenlink.technology\\\/wp-content\\\/uploads\\\/2025\\\/07\\\/Bilder-folgen.png\",\"contentUrl\":\"https:\\\/\\\/greenlink.technology\\\/wp-content\\\/uploads\\\/2025\\\/07\\\/Bilder-folgen.png\",\"width\":500,\"height\":500},{\"@type\":\"BreadcrumbList\",\"@id\":\"https:\\\/\\\/greenlink.technology\\\/es\\\/produkt\\\/enwitec-caja-de-bornes-para-generador-cc-gak-s-1000-10x2r-x-bc-pes-1-0_mc4-10016501\\\/#breadcrumb\",\"itemListElement\":[{\"@type\":\"ListItem\",\"position\":1,\"name\":\"Startseite\",\"item\":\"https:\\\/\\\/enwitec.eu\\\/es\\\/\"},{\"@type\":\"ListItem\",\"position\":2,\"name\":\"Productos\",\"item\":\"https:\\\/\\\/greenlink.technology\\\/es\\\/sobre-nosotros\\\/la-empresa\\\/enwitec\\\/productos\\\/\"},{\"@type\":\"ListItem\",\"position\":3,\"name\":\"enwitec Caja de bornes para generador CC GAK-S-1000-10x2R-X-BC-PES-1.0_MC4 &#8211; 10016501\"}]},{\"@type\":\"WebSite\",\"@id\":\"https:\\\/\\\/enwitec.eu\\\/en\\\/#website\",\"url\":\"https:\\\/\\\/enwitec.eu\\\/en\\\/\",\"name\":\"greenLink orchestrating energy flows | enwitec electronic GmbH | LinQ Europe Sp. z o.o.\",\"description\":\"\",\"publisher\":{\"@id\":\"https:\\\/\\\/enwitec.eu\\\/en\\\/#organization\"},\"potentialAction\":[{\"@type\":\"SearchAction\",\"target\":{\"@type\":\"EntryPoint\",\"urlTemplate\":\"https:\\\/\\\/enwitec.eu\\\/en\\\/?s={search_term_string}\"},\"query-input\":{\"@type\":\"PropertyValueSpecification\",\"valueRequired\":true,\"valueName\":\"search_term_string\"}}],\"inLanguage\":\"es\"},{\"@type\":\"Organization\",\"@id\":\"https:\\\/\\\/enwitec.eu\\\/en\\\/#organization\",\"name\":\"greenLink orquestaci\u00f3n de flujos de energ\u00eda | enwitec electronic GmbH | LinQ Europe Sp. z o.o.\",\"url\":\"https:\\\/\\\/enwitec.eu\\\/en\\\/\",\"logo\":{\"@type\":\"ImageObject\",\"inLanguage\":\"es\",\"@id\":\"https:\\\/\\\/enwitec.eu\\\/en\\\/#\\\/schema\\\/logo\\\/image\\\/\",\"url\":\"https:\\\/\\\/greenlink.technology\\\/wp-content\\\/uploads\\\/2025\\\/01\\\/greenlink-logo-final.png\",\"contentUrl\":\"https:\\\/\\\/greenlink.technology\\\/wp-content\\\/uploads\\\/2025\\\/01\\\/greenlink-logo-final.png\",\"width\":2586,\"height\":629,\"caption\":\"greenLink orquestaci\u00f3n de flujos de energ\u00eda | enwitec electronic GmbH | LinQ Europe Sp. z o.o. \"},\"image\":{\"@id\":\"https:\\\/\\\/enwitec.eu\\\/en\\\/#\\\/schema\\\/logo\\\/image\\\/\"}}]}<\/script>\n<!-- \/ Yoast SEO plugin. -->","yoast_head_json":{"title":"enwitec Caja de bornes para generador CC GAK-S-1000-10x2R-X-BC-PES-1.0_MC4 - 10016501 - greenLink orchestrating energy flows | enwitec electronic GmbH | LinQ Europe Sp. z o.o.","robots":{"index":"index","follow":"follow","max-snippet":"max-snippet:-1","max-image-preview":"max-image-preview:large","max-video-preview":"max-video-preview:-1"},"canonical":"https:\/\/greenlink.technology\/es\/produkt\/enwitec-caja-de-bornes-para-generador-cc-gak-s-1000-10x2r-x-bc-pes-1-0_mc4-10016501\/","og_locale":"es_ES","og_type":"article","og_title":"enwitec Caja de bornes para generador CC GAK-S-1000-10x2R-X-BC-PES-1.0_MC4 - 10016501 - greenLink orchestrating energy flows | enwitec electronic GmbH | LinQ Europe Sp. z o.o.","og_description":"&nbsp;","og_url":"https:\/\/greenlink.technology\/es\/produkt\/enwitec-caja-de-bornes-para-generador-cc-gak-s-1000-10x2r-x-bc-pes-1-0_mc4-10016501\/","og_site_name":"greenLink orchestrating energy flows | enwitec electronic GmbH | LinQ Europe Sp. z o.o.","article_modified_time":"2025-11-26T08:05:09+00:00","og_image":[{"width":500,"height":500,"url":"https:\/\/greenlink.technology\/wp-content\/uploads\/2025\/07\/Bilder-folgen.png","type":"image\/png"}],"twitter_card":"summary_large_image","schema":{"@context":"https:\/\/schema.org","@graph":[{"@type":"WebPage","@id":"https:\/\/greenlink.technology\/es\/produkt\/enwitec-caja-de-bornes-para-generador-cc-gak-s-1000-10x2r-x-bc-pes-1-0_mc4-10016501\/","url":"https:\/\/greenlink.technology\/es\/produkt\/enwitec-caja-de-bornes-para-generador-cc-gak-s-1000-10x2r-x-bc-pes-1-0_mc4-10016501\/","name":"enwitec Caja de bornes para generador CC GAK-S-1000-10x2R-X-BC-PES-1.0_MC4 - 10016501 - greenLink orchestrating energy flows | enwitec electronic GmbH | LinQ Europe Sp. z o.o.","isPartOf":{"@id":"https:\/\/enwitec.eu\/en\/#website"},"primaryImageOfPage":{"@id":"https:\/\/greenlink.technology\/es\/produkt\/enwitec-caja-de-bornes-para-generador-cc-gak-s-1000-10x2r-x-bc-pes-1-0_mc4-10016501\/#primaryimage"},"image":{"@id":"https:\/\/greenlink.technology\/es\/produkt\/enwitec-caja-de-bornes-para-generador-cc-gak-s-1000-10x2r-x-bc-pes-1-0_mc4-10016501\/#primaryimage"},"thumbnailUrl":"https:\/\/greenlink.technology\/wp-content\/uploads\/2025\/07\/Bilder-folgen.png","datePublished":"2024-03-22T11:48:57+00:00","dateModified":"2025-11-26T08:05:09+00:00","breadcrumb":{"@id":"https:\/\/greenlink.technology\/es\/produkt\/enwitec-caja-de-bornes-para-generador-cc-gak-s-1000-10x2r-x-bc-pes-1-0_mc4-10016501\/#breadcrumb"},"inLanguage":"es","potentialAction":[{"@type":"ReadAction","target":["https:\/\/greenlink.technology\/es\/produkt\/enwitec-caja-de-bornes-para-generador-cc-gak-s-1000-10x2r-x-bc-pes-1-0_mc4-10016501\/"]}]},{"@type":"ImageObject","inLanguage":"es","@id":"https:\/\/greenlink.technology\/es\/produkt\/enwitec-caja-de-bornes-para-generador-cc-gak-s-1000-10x2r-x-bc-pes-1-0_mc4-10016501\/#primaryimage","url":"https:\/\/greenlink.technology\/wp-content\/uploads\/2025\/07\/Bilder-folgen.png","contentUrl":"https:\/\/greenlink.technology\/wp-content\/uploads\/2025\/07\/Bilder-folgen.png","width":500,"height":500},{"@type":"BreadcrumbList","@id":"https:\/\/greenlink.technology\/es\/produkt\/enwitec-caja-de-bornes-para-generador-cc-gak-s-1000-10x2r-x-bc-pes-1-0_mc4-10016501\/#breadcrumb","itemListElement":[{"@type":"ListItem","position":1,"name":"Startseite","item":"https:\/\/enwitec.eu\/es\/"},{"@type":"ListItem","position":2,"name":"Productos","item":"https:\/\/greenlink.technology\/es\/sobre-nosotros\/la-empresa\/enwitec\/productos\/"},{"@type":"ListItem","position":3,"name":"enwitec Caja de bornes para generador CC GAK-S-1000-10x2R-X-BC-PES-1.0_MC4 &#8211; 10016501"}]},{"@type":"WebSite","@id":"https:\/\/enwitec.eu\/en\/#website","url":"https:\/\/enwitec.eu\/en\/","name":"greenLink orchestrating energy flows | enwitec electronic GmbH | LinQ Europe Sp. z o.o.","description":"","publisher":{"@id":"https:\/\/enwitec.eu\/en\/#organization"},"potentialAction":[{"@type":"SearchAction","target":{"@type":"EntryPoint","urlTemplate":"https:\/\/enwitec.eu\/en\/?s={search_term_string}"},"query-input":{"@type":"PropertyValueSpecification","valueRequired":true,"valueName":"search_term_string"}}],"inLanguage":"es"},{"@type":"Organization","@id":"https:\/\/enwitec.eu\/en\/#organization","name":"greenLink orquestaci\u00f3n de flujos de energ\u00eda | enwitec electronic GmbH | LinQ Europe Sp. z o.o.","url":"https:\/\/enwitec.eu\/en\/","logo":{"@type":"ImageObject","inLanguage":"es","@id":"https:\/\/enwitec.eu\/en\/#\/schema\/logo\/image\/","url":"https:\/\/greenlink.technology\/wp-content\/uploads\/2025\/01\/greenlink-logo-final.png","contentUrl":"https:\/\/greenlink.technology\/wp-content\/uploads\/2025\/01\/greenlink-logo-final.png","width":2586,"height":629,"caption":"greenLink orquestaci\u00f3n de flujos de energ\u00eda | enwitec electronic GmbH | LinQ Europe Sp. z o.o. "},"image":{"@id":"https:\/\/enwitec.eu\/en\/#\/schema\/logo\/image\/"}}]}},"_links":{"self":[{"href":"https:\/\/greenlink.technology\/es\/wp-json\/wp\/v2\/product\/12806","targetHints":{"allow":["GET"]}}],"collection":[{"href":"https:\/\/greenlink.technology\/es\/wp-json\/wp\/v2\/product"}],"about":[{"href":"https:\/\/greenlink.technology\/es\/wp-json\/wp\/v2\/types\/product"}],"replies":[{"embeddable":true,"href":"https:\/\/greenlink.technology\/es\/wp-json\/wp\/v2\/comments?post=12806"}],"wp:featuredmedia":[{"embeddable":true,"href":"https:\/\/greenlink.technology\/es\/wp-json\/wp\/v2\/media\/19123"}],"wp:attachment":[{"href":"https:\/\/greenlink.technology\/es\/wp-json\/wp\/v2\/media?parent=12806"}],"wp:term":[{"taxonomy":"anwendung","embeddable":true,"href":"https:\/\/greenlink.technology\/es\/wp-json\/wp\/v2\/anwendung?post=12806"},{"taxonomy":"product_brand","embeddable":true,"href":"https:\/\/greenlink.technology\/es\/wp-json\/wp\/v2\/product_brand?post=12806"},{"taxonomy":"product_cat","embeddable":true,"href":"https:\/\/greenlink.technology\/es\/wp-json\/wp\/v2\/product_cat?post=12806"},{"taxonomy":"product_tag","embeddable":true,"href":"https:\/\/greenlink.technology\/es\/wp-json\/wp\/v2\/product_tag?post=12806"}],"curies":[{"name":"wp","href":"https:\/\/api.w.org\/{rel}","templated":true}]}}