{"id":17190,"date":"2025-06-30T13:31:38","date_gmt":"2025-06-30T11:31:38","guid":{"rendered":"https:\/\/enwitec.eu\/?post_type=product&#038;p=17190"},"modified":"2025-09-15T11:12:02","modified_gmt":"2025-09-15T09:12:02","slug":"caja-de-interruptores-de-red-enwitec-power-backup-dual-eu-10019361-kopie","status":"publish","type":"product","link":"https:\/\/greenlink.technology\/es\/produkt\/caja-de-interruptores-de-red-enwitec-power-backup-dual-eu-10019361-kopie\/","title":{"rendered":"enwitec PowerBackup Cerebro &#8211; 10019625"},"content":{"rendered":"<div class=\"system-stammdaten\">\n<h2><\/h2>\n<p>&nbsp;<\/p>\n<\/div>\n","protected":false},"excerpt":{"rendered":"<p>&nbsp;<\/p>\n","protected":false},"featured_media":17210,"comment_status":"closed","ping_status":"closed","template":"","meta":{"_acf_changed":false},"anwendung":[],"product_brand":[264],"product_cat":[341],"product_tag":[1421,1422],"class_list":{"0":"post-17190","1":"product","2":"type-product","3":"status-publish","4":"has-post-thumbnail","6":"product_brand-enwitec","7":"product_cat-cajas-de-conmutacion-de-red-en-la-red","8":"product_tag-1421","9":"product_tag-cerebro","10":"pa_laenderfreigabe-be-es","11":"pa_laenderfreigabe-ch-es","12":"pa_laenderfreigabe-en-es","13":"pa_laenderfreigabe-es-es-2","14":"pa_laenderfreigabe-es-es","15":"pa_laenderfreigabe-fr-es","16":"pa_laenderfreigabe-it-es","17":"pa_laenderfreigabe-lu-es","18":"pa_laenderfreigabe-nl-es","19":"pa_laenderfreigabe-pt-es","20":"pa_max-durchgangsleistung-0-30-kw-es","21":"pa_nf-a-netzanschlusspunkt-tn-c-es","22":"pa_nf-a-netzanschlusspunkt-tn-s-es","23":"pa_nf-a-netzanschlusspunkt-tt-es","24":"pa_nf-i-d-verbraucheranlage-tn-s-es","25":"pa_nf-i-d-verbraucheranlage-tt-es","26":"pa_umschaltung-automatico","28":"first","29":"instock","30":"shipping-taxable","31":"product-type-simple"},"acf":{"product_informations":"La soluci\u00f3n inteligente de respaldo definitiva para tus sistemas energ\u00e9ticos.\n\nDescubre el Cerebro PowerBackup: \u00a1la soluci\u00f3n de respaldo inteligente definitiva para tus sistemas de energ\u00eda! Esta revolucionaria soluci\u00f3n de copia de seguridad completa combina a la perfecci\u00f3n un sistema integrado de gesti\u00f3n de la energ\u00eda (EMS), que tambi\u00e9n utiliza IA, con compatibilidad universal para todos los inversores h\u00edbridos de hasta 30 kW. \n\nNuestra tecnolog\u00eda EMS registra y analiza el consumo de energ\u00eda, el flujo de potencia, los niveles de carga de la bater\u00eda, los datos meteorol\u00f3gicos diarios y las tarifas el\u00e9ctricas para maximizar la eficiencia y fiabilidad de tus sistemas. Con funciones como la reserva de energ\u00eda de emergencia adaptable, la limitaci\u00f3n de picos de carga y la limitaci\u00f3n de picos de generaci\u00f3n, el cerebro PowerBackup establece nuevos est\u00e1ndares en la tecnolog\u00eda dom\u00e9stica moderna.\nEl sistema de control inteligente optimiza el comercio de energ\u00eda y el confort, proporciona datos de previsi\u00f3n a los operadores de red y permite el ajuste din\u00e1mico de la gesti\u00f3n energ\u00e9tica. Adem\u00e1s, te beneficias de una instalaci\u00f3n sencilla, \u00a1sin necesidad de una laboriosa conversi\u00f3n del sistema de distribuci\u00f3n de los consumidores! Preparado para toda la UE, el PowerBackup Brain prepara tu hogar para el futuro y ofrece la m\u00e1xima eficiencia y seguridad. \u00a1Experimenta el futuro del suministro energ\u00e9tico con el PowerBackup Brain!    ","technical_data":"<table border=\"0\" cellspacing=\"0\" cellpadding=\"8\">\n<tbody>\n<tr>\n<th>Designaci\u00f3n<\/th>\n<th>Valor<\/th>\n<\/tr>\n<tr>\n<td>N\u00ba de art\u00edculo<\/td>\n<td>10019625<\/td>\n<\/tr>\n<tr>\n<td>Compatible con<\/td>\n<td>Todos los inversores de bater\u00eda e h\u00edbridos aptos para funcionar sin conexi\u00f3n a la red con dos conexiones trif\u00e1sicas de CA\nhasta 30 KW<\/td>\n<\/tr>\n<tr>\n<td>Fases<\/td>\n<td>3 fases<\/td>\n<\/tr>\n<tr>\n<td>Desconexi\u00f3n de la red<\/td>\n<td>Desconexi\u00f3n omnipolar<\/td>\n<\/tr>\n<tr>\n<td>Rendimiento t\u00e9rmico m\u00e1x. <\/td>\n<td>30 kW<\/td>\n<\/tr>\n<tr>\n<td>C\u00f3digo de pa\u00eds<\/td>\n<td>UE<\/td>\n<\/tr>\n<tr>\n<td>Protecci\u00f3n NA<\/td>\n<td>no<\/td>\n<\/tr>\n<tr>\n<td>Interruptor de fuente<\/td>\n<td>no<\/td>\n<\/tr>\n<tr>\n<td>Tensi\u00f3n nominal<\/td>\n<td>230\/400V<\/td>\n<\/tr>\n<tr>\n<td>Frecuencia nominal<\/td>\n<td>50\/60 Hz<\/td>\n<\/tr>\n<tr>\n<td>Corriente de cortocircuito<\/td>\n<td>10 kA<\/td>\n<\/tr>\n<tr>\n<td>Fusible de reserva<\/td>\n<td>63 A<\/td>\n<\/tr>\n<tr>\n<td>Temperatura de funcionamiento<\/td>\n<td>-5\u00b0C a +35\u00b0C<\/td>\n<\/tr>\n<tr>\n<td>Humedad del aire<\/td>\n<td>del 5% al 60<\/td>\n<\/tr>\n<tr>\n<td>Clase de protecci\u00f3n<\/td>\n<td>II<\/td>\n<\/tr>\n<tr>\n<td>Dimensiones AnxAlxPr<\/td>\n<td>600 x 800 x 300<\/td>\n<\/tr>\n<tr>\n<td>Peso<\/td>\n<td>23 kg<\/td>\n<\/tr>\n<tr>\n<td>Carcasa<\/td>\n<td>Policarbonato<\/td>\n<\/tr>\n<\/tbody>\n<\/table>","download":"<a href=\"https:\/\/greenlink.technology\/wp-content\/uploads\/2025\/06\/10019625_Datenblatt_Power-Backup-Brain_DE_2025_04_30.pdf\" target=\"_blank\" rel=\"noopener\">Hoja de datos ES<\/a>\n<a href=\"https:\/\/greenlink.technology\/wp-content\/uploads\/2025\/06\/10019625_datasheet_Power-Backup-Brain_EN_2025_05_05.pdf\" target=\"_blank\" rel=\"noopener\">Hoja de datos ES<\/a>\n<a href=\"https:\/\/greenlink.technology\/wp-content\/uploads\/2025\/06\/10019625_Arkusz-danych_Power-Backup-Brain_PL_2025_05_20.pdf\" target=\"_blank\" rel=\"noopener\">Arkusz danych<\/a>\n\n\u00a0","product_short_description":"<strong>Inversores:<\/strong> todos los inversores de bater\u00eda e h\u00edbridos sin conexi\u00f3n a la red\n<strong>Liberaci\u00f3n del pa\u00eds:<\/strong> UE\n<strong>rendimiento t\u00e9rmico m\u00e1ximo : <\/strong>  30<span style=\"font-size: inherit;\"> kW<\/span>\n<strong>Conmutaci\u00f3n: <\/strong>Autom\u00e1tica\n<strong>Forma de la rejilla en el punto de conexi\u00f3n a la red:<\/strong> TT, TN-S, TN-C\n<strong>Forma de cuadr\u00edcula en el sistema de consumo:<\/strong> TT, TN-S","photo_gallery":{"galerie_produkte":[[]]}},"yoast_head":"<!-- This site is optimized with the Yoast SEO plugin v27.3 - https:\/\/yoast.com\/product\/yoast-seo-wordpress\/ -->\n<title>enwitec PowerBackup Cerebro - 10019625 - greenLink orchestrating energy flows | enwitec electronic GmbH | LinQ Europe Sp. z o.o.<\/title>\n<meta name=\"robots\" content=\"index, follow, max-snippet:-1, max-image-preview:large, max-video-preview:-1\" \/>\n<link rel=\"canonical\" href=\"https:\/\/greenlink.technology\/es\/produkt\/caja-de-interruptores-de-red-enwitec-power-backup-dual-eu-10019361-kopie\/\" \/>\n<meta property=\"og:locale\" content=\"es_ES\" \/>\n<meta property=\"og:type\" content=\"article\" \/>\n<meta property=\"og:title\" content=\"enwitec PowerBackup Cerebro - 10019625 - greenLink orchestrating energy flows | enwitec electronic GmbH | LinQ Europe Sp. z o.o.\" \/>\n<meta property=\"og:description\" content=\"&nbsp;\" \/>\n<meta property=\"og:url\" content=\"https:\/\/greenlink.technology\/es\/produkt\/caja-de-interruptores-de-red-enwitec-power-backup-dual-eu-10019361-kopie\/\" \/>\n<meta property=\"og:site_name\" content=\"greenLink orchestrating energy flows | enwitec electronic GmbH | LinQ Europe Sp. z o.o.\" \/>\n<meta property=\"article:modified_time\" content=\"2025-09-15T09:12:02+00:00\" \/>\n<meta property=\"og:image\" content=\"https:\/\/linqeurope.pl\/wp-content\/uploads\/2025\/06\/Brain3.png\" \/>\n\t<meta property=\"og:image:width\" content=\"500\" \/>\n\t<meta property=\"og:image:height\" content=\"500\" \/>\n\t<meta property=\"og:image:type\" content=\"image\/png\" \/>\n<meta name=\"twitter:card\" content=\"summary_large_image\" \/>\n<script type=\"application\/ld+json\" class=\"yoast-schema-graph\">{\"@context\":\"https:\\\/\\\/schema.org\",\"@graph\":[{\"@type\":\"WebPage\",\"@id\":\"https:\\\/\\\/greenlink.technology\\\/es\\\/produkt\\\/caja-de-interruptores-de-red-enwitec-power-backup-dual-eu-10019361-kopie\\\/\",\"url\":\"https:\\\/\\\/greenlink.technology\\\/es\\\/produkt\\\/caja-de-interruptores-de-red-enwitec-power-backup-dual-eu-10019361-kopie\\\/\",\"name\":\"enwitec PowerBackup Cerebro - 10019625 - greenLink orchestrating energy flows | enwitec electronic GmbH | LinQ Europe Sp. z o.o.\",\"isPartOf\":{\"@id\":\"https:\\\/\\\/enwitec.eu\\\/en\\\/#website\"},\"primaryImageOfPage\":{\"@id\":\"https:\\\/\\\/greenlink.technology\\\/es\\\/produkt\\\/caja-de-interruptores-de-red-enwitec-power-backup-dual-eu-10019361-kopie\\\/#primaryimage\"},\"image\":{\"@id\":\"https:\\\/\\\/greenlink.technology\\\/es\\\/produkt\\\/caja-de-interruptores-de-red-enwitec-power-backup-dual-eu-10019361-kopie\\\/#primaryimage\"},\"thumbnailUrl\":\"https:\\\/\\\/greenlink.technology\\\/wp-content\\\/uploads\\\/2025\\\/06\\\/Brain3.png\",\"datePublished\":\"2025-06-30T11:31:38+00:00\",\"dateModified\":\"2025-09-15T09:12:02+00:00\",\"breadcrumb\":{\"@id\":\"https:\\\/\\\/greenlink.technology\\\/es\\\/produkt\\\/caja-de-interruptores-de-red-enwitec-power-backup-dual-eu-10019361-kopie\\\/#breadcrumb\"},\"inLanguage\":\"es\",\"potentialAction\":[{\"@type\":\"ReadAction\",\"target\":[\"https:\\\/\\\/greenlink.technology\\\/es\\\/produkt\\\/caja-de-interruptores-de-red-enwitec-power-backup-dual-eu-10019361-kopie\\\/\"]}]},{\"@type\":\"ImageObject\",\"inLanguage\":\"es\",\"@id\":\"https:\\\/\\\/greenlink.technology\\\/es\\\/produkt\\\/caja-de-interruptores-de-red-enwitec-power-backup-dual-eu-10019361-kopie\\\/#primaryimage\",\"url\":\"https:\\\/\\\/greenlink.technology\\\/wp-content\\\/uploads\\\/2025\\\/06\\\/Brain3.png\",\"contentUrl\":\"https:\\\/\\\/greenlink.technology\\\/wp-content\\\/uploads\\\/2025\\\/06\\\/Brain3.png\",\"width\":500,\"height\":500},{\"@type\":\"BreadcrumbList\",\"@id\":\"https:\\\/\\\/greenlink.technology\\\/es\\\/produkt\\\/caja-de-interruptores-de-red-enwitec-power-backup-dual-eu-10019361-kopie\\\/#breadcrumb\",\"itemListElement\":[{\"@type\":\"ListItem\",\"position\":1,\"name\":\"Startseite\",\"item\":\"https:\\\/\\\/enwitec.eu\\\/es\\\/\"},{\"@type\":\"ListItem\",\"position\":2,\"name\":\"Productos\",\"item\":\"https:\\\/\\\/greenlink.technology\\\/es\\\/sobre-nosotros\\\/la-empresa\\\/enwitec\\\/productos\\\/\"},{\"@type\":\"ListItem\",\"position\":3,\"name\":\"enwitec PowerBackup Cerebro &#8211; 10019625\"}]},{\"@type\":\"WebSite\",\"@id\":\"https:\\\/\\\/enwitec.eu\\\/en\\\/#website\",\"url\":\"https:\\\/\\\/enwitec.eu\\\/en\\\/\",\"name\":\"greenLink orchestrating energy flows | enwitec electronic GmbH | LinQ Europe Sp. z o.o.\",\"description\":\"\",\"publisher\":{\"@id\":\"https:\\\/\\\/enwitec.eu\\\/en\\\/#organization\"},\"potentialAction\":[{\"@type\":\"SearchAction\",\"target\":{\"@type\":\"EntryPoint\",\"urlTemplate\":\"https:\\\/\\\/enwitec.eu\\\/en\\\/?s={search_term_string}\"},\"query-input\":{\"@type\":\"PropertyValueSpecification\",\"valueRequired\":true,\"valueName\":\"search_term_string\"}}],\"inLanguage\":\"es\"},{\"@type\":\"Organization\",\"@id\":\"https:\\\/\\\/enwitec.eu\\\/en\\\/#organization\",\"name\":\"greenLink orquestaci\u00f3n de flujos de energ\u00eda | enwitec electronic GmbH | LinQ Europe Sp. z o.o.\",\"url\":\"https:\\\/\\\/enwitec.eu\\\/en\\\/\",\"logo\":{\"@type\":\"ImageObject\",\"inLanguage\":\"es\",\"@id\":\"https:\\\/\\\/enwitec.eu\\\/en\\\/#\\\/schema\\\/logo\\\/image\\\/\",\"url\":\"https:\\\/\\\/greenlink.technology\\\/wp-content\\\/uploads\\\/2025\\\/01\\\/greenlink-logo-final.png\",\"contentUrl\":\"https:\\\/\\\/greenlink.technology\\\/wp-content\\\/uploads\\\/2025\\\/01\\\/greenlink-logo-final.png\",\"width\":2586,\"height\":629,\"caption\":\"greenLink orquestaci\u00f3n de flujos de energ\u00eda | enwitec electronic GmbH | LinQ Europe Sp. z o.o. \"},\"image\":{\"@id\":\"https:\\\/\\\/enwitec.eu\\\/en\\\/#\\\/schema\\\/logo\\\/image\\\/\"}}]}<\/script>\n<!-- \/ Yoast SEO plugin. -->","yoast_head_json":{"title":"enwitec PowerBackup Cerebro - 10019625 - greenLink orchestrating energy flows | enwitec electronic GmbH | LinQ Europe Sp. z o.o.","robots":{"index":"index","follow":"follow","max-snippet":"max-snippet:-1","max-image-preview":"max-image-preview:large","max-video-preview":"max-video-preview:-1"},"canonical":"https:\/\/greenlink.technology\/es\/produkt\/caja-de-interruptores-de-red-enwitec-power-backup-dual-eu-10019361-kopie\/","og_locale":"es_ES","og_type":"article","og_title":"enwitec PowerBackup Cerebro - 10019625 - greenLink orchestrating energy flows | enwitec electronic GmbH | LinQ Europe Sp. z o.o.","og_description":"&nbsp;","og_url":"https:\/\/greenlink.technology\/es\/produkt\/caja-de-interruptores-de-red-enwitec-power-backup-dual-eu-10019361-kopie\/","og_site_name":"greenLink orchestrating energy flows | enwitec electronic GmbH | LinQ Europe Sp. z o.o.","article_modified_time":"2025-09-15T09:12:02+00:00","og_image":[{"width":500,"height":500,"url":"https:\/\/linqeurope.pl\/wp-content\/uploads\/2025\/06\/Brain3.png","type":"image\/png"}],"twitter_card":"summary_large_image","schema":{"@context":"https:\/\/schema.org","@graph":[{"@type":"WebPage","@id":"https:\/\/greenlink.technology\/es\/produkt\/caja-de-interruptores-de-red-enwitec-power-backup-dual-eu-10019361-kopie\/","url":"https:\/\/greenlink.technology\/es\/produkt\/caja-de-interruptores-de-red-enwitec-power-backup-dual-eu-10019361-kopie\/","name":"enwitec PowerBackup Cerebro - 10019625 - greenLink orchestrating energy flows | enwitec electronic GmbH | LinQ Europe Sp. z o.o.","isPartOf":{"@id":"https:\/\/enwitec.eu\/en\/#website"},"primaryImageOfPage":{"@id":"https:\/\/greenlink.technology\/es\/produkt\/caja-de-interruptores-de-red-enwitec-power-backup-dual-eu-10019361-kopie\/#primaryimage"},"image":{"@id":"https:\/\/greenlink.technology\/es\/produkt\/caja-de-interruptores-de-red-enwitec-power-backup-dual-eu-10019361-kopie\/#primaryimage"},"thumbnailUrl":"https:\/\/greenlink.technology\/wp-content\/uploads\/2025\/06\/Brain3.png","datePublished":"2025-06-30T11:31:38+00:00","dateModified":"2025-09-15T09:12:02+00:00","breadcrumb":{"@id":"https:\/\/greenlink.technology\/es\/produkt\/caja-de-interruptores-de-red-enwitec-power-backup-dual-eu-10019361-kopie\/#breadcrumb"},"inLanguage":"es","potentialAction":[{"@type":"ReadAction","target":["https:\/\/greenlink.technology\/es\/produkt\/caja-de-interruptores-de-red-enwitec-power-backup-dual-eu-10019361-kopie\/"]}]},{"@type":"ImageObject","inLanguage":"es","@id":"https:\/\/greenlink.technology\/es\/produkt\/caja-de-interruptores-de-red-enwitec-power-backup-dual-eu-10019361-kopie\/#primaryimage","url":"https:\/\/greenlink.technology\/wp-content\/uploads\/2025\/06\/Brain3.png","contentUrl":"https:\/\/greenlink.technology\/wp-content\/uploads\/2025\/06\/Brain3.png","width":500,"height":500},{"@type":"BreadcrumbList","@id":"https:\/\/greenlink.technology\/es\/produkt\/caja-de-interruptores-de-red-enwitec-power-backup-dual-eu-10019361-kopie\/#breadcrumb","itemListElement":[{"@type":"ListItem","position":1,"name":"Startseite","item":"https:\/\/enwitec.eu\/es\/"},{"@type":"ListItem","position":2,"name":"Productos","item":"https:\/\/greenlink.technology\/es\/sobre-nosotros\/la-empresa\/enwitec\/productos\/"},{"@type":"ListItem","position":3,"name":"enwitec PowerBackup Cerebro &#8211; 10019625"}]},{"@type":"WebSite","@id":"https:\/\/enwitec.eu\/en\/#website","url":"https:\/\/enwitec.eu\/en\/","name":"greenLink orchestrating energy flows | enwitec electronic GmbH | LinQ Europe Sp. z o.o.","description":"","publisher":{"@id":"https:\/\/enwitec.eu\/en\/#organization"},"potentialAction":[{"@type":"SearchAction","target":{"@type":"EntryPoint","urlTemplate":"https:\/\/enwitec.eu\/en\/?s={search_term_string}"},"query-input":{"@type":"PropertyValueSpecification","valueRequired":true,"valueName":"search_term_string"}}],"inLanguage":"es"},{"@type":"Organization","@id":"https:\/\/enwitec.eu\/en\/#organization","name":"greenLink orquestaci\u00f3n de flujos de energ\u00eda | enwitec electronic GmbH | LinQ Europe Sp. z o.o.","url":"https:\/\/enwitec.eu\/en\/","logo":{"@type":"ImageObject","inLanguage":"es","@id":"https:\/\/enwitec.eu\/en\/#\/schema\/logo\/image\/","url":"https:\/\/greenlink.technology\/wp-content\/uploads\/2025\/01\/greenlink-logo-final.png","contentUrl":"https:\/\/greenlink.technology\/wp-content\/uploads\/2025\/01\/greenlink-logo-final.png","width":2586,"height":629,"caption":"greenLink orquestaci\u00f3n de flujos de energ\u00eda | enwitec electronic GmbH | LinQ Europe Sp. z o.o. "},"image":{"@id":"https:\/\/enwitec.eu\/en\/#\/schema\/logo\/image\/"}}]}},"_links":{"self":[{"href":"https:\/\/greenlink.technology\/es\/wp-json\/wp\/v2\/product\/17190","targetHints":{"allow":["GET"]}}],"collection":[{"href":"https:\/\/greenlink.technology\/es\/wp-json\/wp\/v2\/product"}],"about":[{"href":"https:\/\/greenlink.technology\/es\/wp-json\/wp\/v2\/types\/product"}],"replies":[{"embeddable":true,"href":"https:\/\/greenlink.technology\/es\/wp-json\/wp\/v2\/comments?post=17190"}],"wp:featuredmedia":[{"embeddable":true,"href":"https:\/\/greenlink.technology\/es\/wp-json\/wp\/v2\/media\/17210"}],"wp:attachment":[{"href":"https:\/\/greenlink.technology\/es\/wp-json\/wp\/v2\/media?parent=17190"}],"wp:term":[{"taxonomy":"anwendung","embeddable":true,"href":"https:\/\/greenlink.technology\/es\/wp-json\/wp\/v2\/anwendung?post=17190"},{"taxonomy":"product_brand","embeddable":true,"href":"https:\/\/greenlink.technology\/es\/wp-json\/wp\/v2\/product_brand?post=17190"},{"taxonomy":"product_cat","embeddable":true,"href":"https:\/\/greenlink.technology\/es\/wp-json\/wp\/v2\/product_cat?post=17190"},{"taxonomy":"product_tag","embeddable":true,"href":"https:\/\/greenlink.technology\/es\/wp-json\/wp\/v2\/product_tag?post=17190"}],"curies":[{"name":"wp","href":"https:\/\/api.w.org\/{rel}","templated":true}]}}