{"id":20827,"date":"2025-11-11T08:39:27","date_gmt":"2025-11-11T07:39:27","guid":{"rendered":"https:\/\/greenlink.technology\/produkt\/solarconnect-sun2000-10019337\/"},"modified":"2025-11-24T07:30:49","modified_gmt":"2025-11-24T06:30:49","slug":"solarconnect-sun2000-10019337","status":"publish","type":"product","link":"https:\/\/greenlink.technology\/es\/produkt\/solarconnect-sun2000-10019337\/","title":{"rendered":"Caja de conexiones para generador de CC Enwitec GAK 1500V M28 I01VRS O01VRS Sxxxx Xxxxx M- \u00dc12 SolarConnect SUN2000 10019937"},"content":{"rendered":"","protected":false},"excerpt":{"rendered":"","protected":false},"featured_media":0,"comment_status":"closed","ping_status":"closed","template":"","meta":{"_acf_changed":false},"anwendung":[],"product_brand":[],"product_cat":[542],"product_tag":[],"class_list":{"0":"post-20827","1":"product","2":"type-product","3":"status-publish","5":"product_cat-caja-de-conexiones-del-generador","7":"first","8":"instock","9":"shipping-taxable","10":"product-type-simple"},"acf":{"product_informations":"El SolarConnect SUN2000 es el primer GAK con conducci\u00f3n 1:1 de 28 strings individuales y una tensi\u00f3n de sistema de 1.500 VCC, que est\u00e1 dirigido a operadores e instaladores de <strong>sistemas FV comerciales<\/strong>, <strong>plantas industriales<\/strong> y <strong>proyectos energ\u00e9ticos <\/strong>agr\u00edcolas que requieren las normas de seguridad m\u00e1s estrictas para las conexiones de protecci\u00f3n contra rayos. Es una soluci\u00f3n ideal para los exigentes proyectos C&I y de servicios p\u00fablicos de toda Europa. \n\nLos sistemas FV est\u00e1n protegidos de forma fiable contra las sobretensiones y el GAK recibe simult\u00e1neamente las exclusivas funciones de seguridad y supervisi\u00f3n de los inversores SUN2000 de Huawei. Cada cadena fotovoltaica est\u00e1 enrutada individualmente y equipada con <strong>protecci\u00f3n contra sobretensiones de tipo I\/II<\/strong>, perfecta para sistemas con conexi\u00f3n de protecci\u00f3n contra rayos en los que Huawei no ofrece una soluci\u00f3n de tipo I por s\u00ed misma. ","technical_data":"N\u00ba de art\u00edculo: 10019937\nUmpp m\u00e1x. Umpp (Ue): 1500 VDC\nSeguimiento MPP: 28\nCadenas en entrada por MPP: 1\nCadenas en salida por MPP: 1\nFusible de cadena: no\nProtecci\u00f3n contra sobretensi\u00f3n: tipo I+II\nSeccionador: no\nTipo de conexi\u00f3n: conexi\u00f3n por tornillo\nCorriente nominal InA: 476 ADC\nCorriente nominal Isc por cadena: 17 ADC\nDimensiones (AnxAlxPr): 1000 x 800 x 300 mm\nPeso total: 40,5 kg ","download":"<a href=\"https:\/\/greenlink.technology\/wp-content\/uploads\/2025\/11\/10019937_DAT_GAK-1500V-M28-I01VRS-O01VRS-Sxxxx-Xxxxx-M-Ue12-a.pdf\" target=\"_blank\" rel=\"noopener\">Hoja de datos en alem\u00e1n<\/a>\n<a href=\"https:\/\/greenlink.technology\/wp-content\/uploads\/2025\/11\/10019937_GB_DAT_GAK-1500V-M28-I01VRS-O01VRS-Sxxxx-Xxxxx-M-Ue12-a.pdf\" target=\"_blank\" rel=\"noopener\">Hoja de datos ingl\u00e9s<\/a>","product_short_description":"<strong>Tensi\u00f3n del sistema:<\/strong> 1500 VDC\n<strong>Seguidor MPP:<\/strong> 28\n<strong>Cadenas<\/strong><strong>en entrada <\/strong><strong>por MPP:<\/strong> 1\n<strong>Cadenas en salida por MPP: <\/strong>1\n<strong>Protecci\u00f3n contra sobretensi\u00f3n:<\/strong> Tipo I+II\n<strong>Seccionador: <\/strong>No\n<strong>Tipo de conexi\u00f3n:<\/strong> Conexi\u00f3n roscada","photo_gallery":{"galerie_produkte":[[]]}},"yoast_head":"<!-- This site is optimized with the Yoast SEO plugin v27.3 - https:\/\/yoast.com\/product\/yoast-seo-wordpress\/ -->\n<title>Caja de conexiones para generador de CC Enwitec GAK 1500V M28 I01VRS O01VRS Sxxxx Xxxxx M- \u00dc12 SolarConnect SUN2000 10019937 - greenLink orchestrating energy flows | enwitec electronic GmbH | LinQ Europe Sp. z o.o.<\/title>\n<meta name=\"robots\" content=\"index, follow, max-snippet:-1, max-image-preview:large, max-video-preview:-1\" \/>\n<link rel=\"canonical\" href=\"https:\/\/greenlink.technology\/es\/produkt\/solarconnect-sun2000-10019337\/\" \/>\n<meta property=\"og:locale\" content=\"es_ES\" \/>\n<meta property=\"og:type\" content=\"article\" \/>\n<meta property=\"og:title\" content=\"Caja de conexiones para generador de CC Enwitec GAK 1500V M28 I01VRS O01VRS Sxxxx Xxxxx M- \u00dc12 SolarConnect SUN2000 10019937 - greenLink orchestrating energy flows | enwitec electronic GmbH | LinQ Europe Sp. z o.o.\" \/>\n<meta property=\"og:url\" content=\"https:\/\/greenlink.technology\/es\/produkt\/solarconnect-sun2000-10019337\/\" \/>\n<meta property=\"og:site_name\" content=\"greenLink orchestrating energy flows | enwitec electronic GmbH | LinQ Europe Sp. z o.o.\" \/>\n<meta property=\"article:modified_time\" content=\"2025-11-24T06:30:49+00:00\" \/>\n<meta name=\"twitter:card\" content=\"summary_large_image\" \/>\n<script type=\"application\/ld+json\" class=\"yoast-schema-graph\">{\"@context\":\"https:\\\/\\\/schema.org\",\"@graph\":[{\"@type\":\"WebPage\",\"@id\":\"https:\\\/\\\/greenlink.technology\\\/es\\\/produkt\\\/solarconnect-sun2000-10019337\\\/\",\"url\":\"https:\\\/\\\/greenlink.technology\\\/es\\\/produkt\\\/solarconnect-sun2000-10019337\\\/\",\"name\":\"Caja de conexiones para generador de CC Enwitec GAK 1500V M28 I01VRS O01VRS Sxxxx Xxxxx M- \u00dc12 SolarConnect SUN2000 10019937 - greenLink orchestrating energy flows | enwitec electronic GmbH | LinQ Europe Sp. z o.o.\",\"isPartOf\":{\"@id\":\"https:\\\/\\\/enwitec.eu\\\/en\\\/#website\"},\"datePublished\":\"2025-11-11T07:39:27+00:00\",\"dateModified\":\"2025-11-24T06:30:49+00:00\",\"breadcrumb\":{\"@id\":\"https:\\\/\\\/greenlink.technology\\\/es\\\/produkt\\\/solarconnect-sun2000-10019337\\\/#breadcrumb\"},\"inLanguage\":\"es\",\"potentialAction\":[{\"@type\":\"ReadAction\",\"target\":[\"https:\\\/\\\/greenlink.technology\\\/es\\\/produkt\\\/solarconnect-sun2000-10019337\\\/\"]}]},{\"@type\":\"BreadcrumbList\",\"@id\":\"https:\\\/\\\/greenlink.technology\\\/es\\\/produkt\\\/solarconnect-sun2000-10019337\\\/#breadcrumb\",\"itemListElement\":[{\"@type\":\"ListItem\",\"position\":1,\"name\":\"Startseite\",\"item\":\"https:\\\/\\\/enwitec.eu\\\/es\\\/\"},{\"@type\":\"ListItem\",\"position\":2,\"name\":\"Productos\",\"item\":\"https:\\\/\\\/greenlink.technology\\\/es\\\/sobre-nosotros\\\/la-empresa\\\/enwitec\\\/productos\\\/\"},{\"@type\":\"ListItem\",\"position\":3,\"name\":\"Caja de conexiones para generador de CC Enwitec GAK 1500V M28 I01VRS O01VRS Sxxxx Xxxxx M- \u00dc12 SolarConnect SUN2000 10019937\"}]},{\"@type\":\"WebSite\",\"@id\":\"https:\\\/\\\/enwitec.eu\\\/en\\\/#website\",\"url\":\"https:\\\/\\\/enwitec.eu\\\/en\\\/\",\"name\":\"greenLink orchestrating energy flows | enwitec electronic GmbH | LinQ Europe Sp. z o.o.\",\"description\":\"\",\"publisher\":{\"@id\":\"https:\\\/\\\/enwitec.eu\\\/en\\\/#organization\"},\"potentialAction\":[{\"@type\":\"SearchAction\",\"target\":{\"@type\":\"EntryPoint\",\"urlTemplate\":\"https:\\\/\\\/enwitec.eu\\\/en\\\/?s={search_term_string}\"},\"query-input\":{\"@type\":\"PropertyValueSpecification\",\"valueRequired\":true,\"valueName\":\"search_term_string\"}}],\"inLanguage\":\"es\"},{\"@type\":\"Organization\",\"@id\":\"https:\\\/\\\/enwitec.eu\\\/en\\\/#organization\",\"name\":\"greenLink orquestaci\u00f3n de flujos de energ\u00eda | enwitec electronic GmbH | LinQ Europe Sp. z o.o.\",\"url\":\"https:\\\/\\\/enwitec.eu\\\/en\\\/\",\"logo\":{\"@type\":\"ImageObject\",\"inLanguage\":\"es\",\"@id\":\"https:\\\/\\\/enwitec.eu\\\/en\\\/#\\\/schema\\\/logo\\\/image\\\/\",\"url\":\"https:\\\/\\\/greenlink.technology\\\/wp-content\\\/uploads\\\/2025\\\/01\\\/greenlink-logo-final.png\",\"contentUrl\":\"https:\\\/\\\/greenlink.technology\\\/wp-content\\\/uploads\\\/2025\\\/01\\\/greenlink-logo-final.png\",\"width\":2586,\"height\":629,\"caption\":\"greenLink orquestaci\u00f3n de flujos de energ\u00eda | enwitec electronic GmbH | LinQ Europe Sp. z o.o. \"},\"image\":{\"@id\":\"https:\\\/\\\/enwitec.eu\\\/en\\\/#\\\/schema\\\/logo\\\/image\\\/\"}}]}<\/script>\n<!-- \/ Yoast SEO plugin. -->","yoast_head_json":{"title":"Caja de conexiones para generador de CC Enwitec GAK 1500V M28 I01VRS O01VRS Sxxxx Xxxxx M- \u00dc12 SolarConnect SUN2000 10019937 - greenLink orchestrating energy flows | enwitec electronic GmbH | LinQ Europe Sp. z o.o.","robots":{"index":"index","follow":"follow","max-snippet":"max-snippet:-1","max-image-preview":"max-image-preview:large","max-video-preview":"max-video-preview:-1"},"canonical":"https:\/\/greenlink.technology\/es\/produkt\/solarconnect-sun2000-10019337\/","og_locale":"es_ES","og_type":"article","og_title":"Caja de conexiones para generador de CC Enwitec GAK 1500V M28 I01VRS O01VRS Sxxxx Xxxxx M- \u00dc12 SolarConnect SUN2000 10019937 - greenLink orchestrating energy flows | enwitec electronic GmbH | LinQ Europe Sp. z o.o.","og_url":"https:\/\/greenlink.technology\/es\/produkt\/solarconnect-sun2000-10019337\/","og_site_name":"greenLink orchestrating energy flows | enwitec electronic GmbH | LinQ Europe Sp. z o.o.","article_modified_time":"2025-11-24T06:30:49+00:00","twitter_card":"summary_large_image","schema":{"@context":"https:\/\/schema.org","@graph":[{"@type":"WebPage","@id":"https:\/\/greenlink.technology\/es\/produkt\/solarconnect-sun2000-10019337\/","url":"https:\/\/greenlink.technology\/es\/produkt\/solarconnect-sun2000-10019337\/","name":"Caja de conexiones para generador de CC Enwitec GAK 1500V M28 I01VRS O01VRS Sxxxx Xxxxx M- \u00dc12 SolarConnect SUN2000 10019937 - greenLink orchestrating energy flows | enwitec electronic GmbH | LinQ Europe Sp. z o.o.","isPartOf":{"@id":"https:\/\/enwitec.eu\/en\/#website"},"datePublished":"2025-11-11T07:39:27+00:00","dateModified":"2025-11-24T06:30:49+00:00","breadcrumb":{"@id":"https:\/\/greenlink.technology\/es\/produkt\/solarconnect-sun2000-10019337\/#breadcrumb"},"inLanguage":"es","potentialAction":[{"@type":"ReadAction","target":["https:\/\/greenlink.technology\/es\/produkt\/solarconnect-sun2000-10019337\/"]}]},{"@type":"BreadcrumbList","@id":"https:\/\/greenlink.technology\/es\/produkt\/solarconnect-sun2000-10019337\/#breadcrumb","itemListElement":[{"@type":"ListItem","position":1,"name":"Startseite","item":"https:\/\/enwitec.eu\/es\/"},{"@type":"ListItem","position":2,"name":"Productos","item":"https:\/\/greenlink.technology\/es\/sobre-nosotros\/la-empresa\/enwitec\/productos\/"},{"@type":"ListItem","position":3,"name":"Caja de conexiones para generador de CC Enwitec GAK 1500V M28 I01VRS O01VRS Sxxxx Xxxxx M- \u00dc12 SolarConnect SUN2000 10019937"}]},{"@type":"WebSite","@id":"https:\/\/enwitec.eu\/en\/#website","url":"https:\/\/enwitec.eu\/en\/","name":"greenLink orchestrating energy flows | enwitec electronic GmbH | LinQ Europe Sp. z o.o.","description":"","publisher":{"@id":"https:\/\/enwitec.eu\/en\/#organization"},"potentialAction":[{"@type":"SearchAction","target":{"@type":"EntryPoint","urlTemplate":"https:\/\/enwitec.eu\/en\/?s={search_term_string}"},"query-input":{"@type":"PropertyValueSpecification","valueRequired":true,"valueName":"search_term_string"}}],"inLanguage":"es"},{"@type":"Organization","@id":"https:\/\/enwitec.eu\/en\/#organization","name":"greenLink orquestaci\u00f3n de flujos de energ\u00eda | enwitec electronic GmbH | LinQ Europe Sp. z o.o.","url":"https:\/\/enwitec.eu\/en\/","logo":{"@type":"ImageObject","inLanguage":"es","@id":"https:\/\/enwitec.eu\/en\/#\/schema\/logo\/image\/","url":"https:\/\/greenlink.technology\/wp-content\/uploads\/2025\/01\/greenlink-logo-final.png","contentUrl":"https:\/\/greenlink.technology\/wp-content\/uploads\/2025\/01\/greenlink-logo-final.png","width":2586,"height":629,"caption":"greenLink orquestaci\u00f3n de flujos de energ\u00eda | enwitec electronic GmbH | LinQ Europe Sp. z o.o. "},"image":{"@id":"https:\/\/enwitec.eu\/en\/#\/schema\/logo\/image\/"}}]}},"_links":{"self":[{"href":"https:\/\/greenlink.technology\/es\/wp-json\/wp\/v2\/product\/20827","targetHints":{"allow":["GET"]}}],"collection":[{"href":"https:\/\/greenlink.technology\/es\/wp-json\/wp\/v2\/product"}],"about":[{"href":"https:\/\/greenlink.technology\/es\/wp-json\/wp\/v2\/types\/product"}],"replies":[{"embeddable":true,"href":"https:\/\/greenlink.technology\/es\/wp-json\/wp\/v2\/comments?post=20827"}],"wp:attachment":[{"href":"https:\/\/greenlink.technology\/es\/wp-json\/wp\/v2\/media?parent=20827"}],"wp:term":[{"taxonomy":"anwendung","embeddable":true,"href":"https:\/\/greenlink.technology\/es\/wp-json\/wp\/v2\/anwendung?post=20827"},{"taxonomy":"product_brand","embeddable":true,"href":"https:\/\/greenlink.technology\/es\/wp-json\/wp\/v2\/product_brand?post=20827"},{"taxonomy":"product_cat","embeddable":true,"href":"https:\/\/greenlink.technology\/es\/wp-json\/wp\/v2\/product_cat?post=20827"},{"taxonomy":"product_tag","embeddable":true,"href":"https:\/\/greenlink.technology\/es\/wp-json\/wp\/v2\/product_tag?post=20827"}],"curies":[{"name":"wp","href":"https:\/\/api.w.org\/{rel}","templated":true}]}}