{"id":9750,"date":"2024-04-25T12:42:15","date_gmt":"2024-04-25T10:42:15","guid":{"rendered":"https:\/\/greenlink.technology\/produkt\/protector-de-red-y-de-sistema-enwitec-100-kva-segun-na-eea-ne7-ch2020-10016127\/"},"modified":"2024-04-25T12:42:15","modified_gmt":"2024-04-25T10:42:15","slug":"protector-de-red-y-de-sistema-enwitec-100-kva-segun-na-eea-ne7-ch2020-10016127","status":"publish","type":"product","link":"https:\/\/greenlink.technology\/es\/produkt\/protector-de-red-y-de-sistema-enwitec-100-kva-segun-na-eea-ne7-ch2020-10016127\/","title":{"rendered":"Protector de red y de sistema enwitec &#8211; 100 kVA &#8211; seg\u00fan NA\/EEA-NE7 &#8211; CH2020 &#8211; 10016127"},"content":{"rendered":"<div class=\"system-stammdaten\">\n<h2><\/h2>\n<p>&nbsp;<\/p>\n<\/div>\n","protected":false},"excerpt":{"rendered":"<p>&nbsp;<\/p>\n","protected":false},"featured_media":9403,"comment_status":"closed","ping_status":"closed","template":"","meta":{"_acf_changed":false},"anwendung":[],"product_brand":[264],"product_cat":[595],"product_tag":[622,597,596,620],"class_list":{"0":"post-9750","1":"product","2":"type-product","3":"status-publish","4":"has-post-thumbnail","6":"product_brand-enwitec","7":"product_cat-proteccion-de-la-red-y-del-sistema","8":"product_tag-10016127-es","9":"product_tag-proteccion-de-la-red-y-del-sistema","10":"product_tag-proteccion-na","11":"product_tag-protector-de-alimentacion","12":"pa_laenderfreigabe-ch-es","13":"pa_leistung-87-172-kva-es","14":"pa_trennung-todo-polo-es","16":"first","17":"instock","18":"shipping-taxable","19":"product-type-simple"},"acf":{"product_informations":"Protecci\u00f3n de redes y sistemas (NA) de enwitec. Seg\u00fan la directiva nacional, los sistemas de generaci\u00f3n deben desconectarse en caso de desviaciones de tensi\u00f3n o frecuencia no permitidas en la red de baja tensi\u00f3n. Si se superan los valores l\u00edmite permitidos en la norma de aplicaci\u00f3n, el sistema de generaci\u00f3n se desconecta autom\u00e1ticamente de la red.   Una vez que la tensi\u00f3n o la frecuencia de la red vuelven a estar dentro del rango admisible, el sistema se vuelve a conectar autom\u00e1ticamente. Ofrecemos tanto productos est\u00e1ndar como soluciones personalizadas que se adaptan a las necesidades de cada sistema fotovoltaico. \n\nEsta protecci\u00f3n de red y de sistema est\u00e1 especialmente dise\u00f1ada para el mercado suizo de acuerdo con la <strong>norma NA\/EEA-NE7 - CH2020<\/strong>.\n\n<strong>Nota<\/strong>\nMatchcode: feed-guard-NE7-PV-100KVA-TNS_TT_1.0","technical_data":"<div class=\"stammdaten-col\">\n<div class=\"line\">\n<p class=\"system-stammdaten-left\">N\u00ba de art\u00edculo: 10016127\nForma de la red: TT \/ TN-S\nPotencia: 100 kVA\nHomologaci\u00f3n de pa\u00eds: NA\/EEA-NE7 - CH2020\nAislamiento: omnipolar\nRegleta de bornes de desconexi\u00f3n de prueba: -\nEntradas: 1 x\nTerminales de entrada de red: 25 - 185 \u00f8\nSalidas: 1 x\nTerminales de salida: 25 - 185 \u00f8\nEntradas de cables: Pasacables M75<\/p>\n\n<\/div>\n<\/div>","download":"<a href=\"https:\/\/greenlink.technology\/wp-content\/uploads\/2025\/04\/10016127_Datenblatt_feed-guard-NE7-PV-100KVA-TNS_TT_1.0_2024_03_11.pdf\" target=\"_blank\" rel=\"noopener\">Hoja de datos ES<\/a>\n<a href=\"https:\/\/greenlink.technology\/wp-content\/uploads\/2025\/04\/10018665_Installationsanleitung_NA-Schutz_DE_2023_10_25.pdf\" target=\"_blank\" rel=\"noopener\">Instrucciones de instalaci\u00f3n<\/a>","product_short_description":"<strong>Homologaci\u00f3n de pa\u00eds:<\/strong> NA\/EEA-NE7 - CH2020\n<strong>Potencia:<\/strong> 100 kVA\n<strong>Desconexi\u00f3n:<\/strong> omnipolar\n<strong>Forma de la red: <\/strong>TT \/ TN-S","photo_gallery":{"galerie_produkte":[[]]}},"yoast_head":"<!-- This site is optimized with the Yoast SEO plugin v27.3 - https:\/\/yoast.com\/product\/yoast-seo-wordpress\/ -->\n<title>Protector de red y de sistema enwitec - 100 kVA - seg\u00fan NA\/EEA-NE7 - CH2020 - 10016127 - greenLink orchestrating energy flows | enwitec electronic GmbH | LinQ Europe Sp. z o.o.<\/title>\n<meta name=\"robots\" content=\"index, follow, max-snippet:-1, max-image-preview:large, max-video-preview:-1\" \/>\n<link rel=\"canonical\" href=\"https:\/\/greenlink.technology\/es\/produkt\/protector-de-red-y-de-sistema-enwitec-100-kva-segun-na-eea-ne7-ch2020-10016127\/\" \/>\n<meta property=\"og:locale\" content=\"es_ES\" \/>\n<meta property=\"og:type\" content=\"article\" \/>\n<meta property=\"og:title\" content=\"Protector de red y de sistema enwitec - 100 kVA - seg\u00fan NA\/EEA-NE7 - CH2020 - 10016127 - greenLink orchestrating energy flows | enwitec electronic GmbH | LinQ Europe Sp. z o.o.\" \/>\n<meta property=\"og:description\" content=\"&nbsp;\" \/>\n<meta property=\"og:url\" content=\"https:\/\/greenlink.technology\/es\/produkt\/protector-de-red-y-de-sistema-enwitec-100-kva-segun-na-eea-ne7-ch2020-10016127\/\" \/>\n<meta property=\"og:site_name\" content=\"greenLink orchestrating energy flows | enwitec electronic GmbH | LinQ Europe Sp. z o.o.\" \/>\n<meta property=\"og:image\" content=\"https:\/\/enwitec.eu\/wp-content\/uploads\/2025\/02\/Bilder-folgen.png\" \/>\n\t<meta property=\"og:image:width\" content=\"500\" \/>\n\t<meta property=\"og:image:height\" content=\"500\" \/>\n\t<meta property=\"og:image:type\" content=\"image\/png\" \/>\n<meta name=\"twitter:card\" content=\"summary_large_image\" \/>\n<script type=\"application\/ld+json\" class=\"yoast-schema-graph\">{\"@context\":\"https:\\\/\\\/schema.org\",\"@graph\":[{\"@type\":\"WebPage\",\"@id\":\"https:\\\/\\\/greenlink.technology\\\/es\\\/produkt\\\/protector-de-red-y-de-sistema-enwitec-100-kva-segun-na-eea-ne7-ch2020-10016127\\\/\",\"url\":\"https:\\\/\\\/greenlink.technology\\\/es\\\/produkt\\\/protector-de-red-y-de-sistema-enwitec-100-kva-segun-na-eea-ne7-ch2020-10016127\\\/\",\"name\":\"Protector de red y de sistema enwitec - 100 kVA - seg\u00fan NA\\\/EEA-NE7 - CH2020 - 10016127 - greenLink orchestrating energy flows | enwitec electronic GmbH | LinQ Europe Sp. z o.o.\",\"isPartOf\":{\"@id\":\"https:\\\/\\\/enwitec.eu\\\/en\\\/#website\"},\"primaryImageOfPage\":{\"@id\":\"https:\\\/\\\/greenlink.technology\\\/es\\\/produkt\\\/protector-de-red-y-de-sistema-enwitec-100-kva-segun-na-eea-ne7-ch2020-10016127\\\/#primaryimage\"},\"image\":{\"@id\":\"https:\\\/\\\/greenlink.technology\\\/es\\\/produkt\\\/protector-de-red-y-de-sistema-enwitec-100-kva-segun-na-eea-ne7-ch2020-10016127\\\/#primaryimage\"},\"thumbnailUrl\":\"https:\\\/\\\/greenlink.technology\\\/wp-content\\\/uploads\\\/2025\\\/02\\\/Bilder-folgen.png\",\"datePublished\":\"2024-04-25T10:42:15+00:00\",\"breadcrumb\":{\"@id\":\"https:\\\/\\\/greenlink.technology\\\/es\\\/produkt\\\/protector-de-red-y-de-sistema-enwitec-100-kva-segun-na-eea-ne7-ch2020-10016127\\\/#breadcrumb\"},\"inLanguage\":\"es\",\"potentialAction\":[{\"@type\":\"ReadAction\",\"target\":[\"https:\\\/\\\/greenlink.technology\\\/es\\\/produkt\\\/protector-de-red-y-de-sistema-enwitec-100-kva-segun-na-eea-ne7-ch2020-10016127\\\/\"]}]},{\"@type\":\"ImageObject\",\"inLanguage\":\"es\",\"@id\":\"https:\\\/\\\/greenlink.technology\\\/es\\\/produkt\\\/protector-de-red-y-de-sistema-enwitec-100-kva-segun-na-eea-ne7-ch2020-10016127\\\/#primaryimage\",\"url\":\"https:\\\/\\\/greenlink.technology\\\/wp-content\\\/uploads\\\/2025\\\/02\\\/Bilder-folgen.png\",\"contentUrl\":\"https:\\\/\\\/greenlink.technology\\\/wp-content\\\/uploads\\\/2025\\\/02\\\/Bilder-folgen.png\",\"width\":500,\"height\":500},{\"@type\":\"BreadcrumbList\",\"@id\":\"https:\\\/\\\/greenlink.technology\\\/es\\\/produkt\\\/protector-de-red-y-de-sistema-enwitec-100-kva-segun-na-eea-ne7-ch2020-10016127\\\/#breadcrumb\",\"itemListElement\":[{\"@type\":\"ListItem\",\"position\":1,\"name\":\"Startseite\",\"item\":\"https:\\\/\\\/enwitec.eu\\\/es\\\/\"},{\"@type\":\"ListItem\",\"position\":2,\"name\":\"Productos\",\"item\":\"https:\\\/\\\/greenlink.technology\\\/es\\\/sobre-nosotros\\\/la-empresa\\\/enwitec\\\/productos\\\/\"},{\"@type\":\"ListItem\",\"position\":3,\"name\":\"Protector de red y de sistema enwitec &#8211; 100 kVA &#8211; seg\u00fan NA\\\/EEA-NE7 &#8211; CH2020 &#8211; 10016127\"}]},{\"@type\":\"WebSite\",\"@id\":\"https:\\\/\\\/enwitec.eu\\\/en\\\/#website\",\"url\":\"https:\\\/\\\/enwitec.eu\\\/en\\\/\",\"name\":\"greenLink orchestrating energy flows | enwitec electronic GmbH | LinQ Europe Sp. z o.o.\",\"description\":\"\",\"publisher\":{\"@id\":\"https:\\\/\\\/enwitec.eu\\\/en\\\/#organization\"},\"potentialAction\":[{\"@type\":\"SearchAction\",\"target\":{\"@type\":\"EntryPoint\",\"urlTemplate\":\"https:\\\/\\\/enwitec.eu\\\/en\\\/?s={search_term_string}\"},\"query-input\":{\"@type\":\"PropertyValueSpecification\",\"valueRequired\":true,\"valueName\":\"search_term_string\"}}],\"inLanguage\":\"es\"},{\"@type\":\"Organization\",\"@id\":\"https:\\\/\\\/enwitec.eu\\\/en\\\/#organization\",\"name\":\"greenLink orquestaci\u00f3n de flujos de energ\u00eda | enwitec electronic GmbH | LinQ Europe Sp. z o.o.\",\"url\":\"https:\\\/\\\/enwitec.eu\\\/en\\\/\",\"logo\":{\"@type\":\"ImageObject\",\"inLanguage\":\"es\",\"@id\":\"https:\\\/\\\/enwitec.eu\\\/en\\\/#\\\/schema\\\/logo\\\/image\\\/\",\"url\":\"https:\\\/\\\/greenlink.technology\\\/wp-content\\\/uploads\\\/2025\\\/01\\\/greenlink-logo-final.png\",\"contentUrl\":\"https:\\\/\\\/greenlink.technology\\\/wp-content\\\/uploads\\\/2025\\\/01\\\/greenlink-logo-final.png\",\"width\":2586,\"height\":629,\"caption\":\"greenLink orquestaci\u00f3n de flujos de energ\u00eda | enwitec electronic GmbH | LinQ Europe Sp. z o.o. \"},\"image\":{\"@id\":\"https:\\\/\\\/enwitec.eu\\\/en\\\/#\\\/schema\\\/logo\\\/image\\\/\"}}]}<\/script>\n<!-- \/ Yoast SEO plugin. -->","yoast_head_json":{"title":"Protector de red y de sistema enwitec - 100 kVA - seg\u00fan NA\/EEA-NE7 - CH2020 - 10016127 - greenLink orchestrating energy flows | enwitec electronic GmbH | LinQ Europe Sp. z o.o.","robots":{"index":"index","follow":"follow","max-snippet":"max-snippet:-1","max-image-preview":"max-image-preview:large","max-video-preview":"max-video-preview:-1"},"canonical":"https:\/\/greenlink.technology\/es\/produkt\/protector-de-red-y-de-sistema-enwitec-100-kva-segun-na-eea-ne7-ch2020-10016127\/","og_locale":"es_ES","og_type":"article","og_title":"Protector de red y de sistema enwitec - 100 kVA - seg\u00fan NA\/EEA-NE7 - CH2020 - 10016127 - greenLink orchestrating energy flows | enwitec electronic GmbH | LinQ Europe Sp. z o.o.","og_description":"&nbsp;","og_url":"https:\/\/greenlink.technology\/es\/produkt\/protector-de-red-y-de-sistema-enwitec-100-kva-segun-na-eea-ne7-ch2020-10016127\/","og_site_name":"greenLink orchestrating energy flows | enwitec electronic GmbH | LinQ Europe Sp. z o.o.","og_image":[{"width":500,"height":500,"url":"https:\/\/enwitec.eu\/wp-content\/uploads\/2025\/02\/Bilder-folgen.png","type":"image\/png"}],"twitter_card":"summary_large_image","schema":{"@context":"https:\/\/schema.org","@graph":[{"@type":"WebPage","@id":"https:\/\/greenlink.technology\/es\/produkt\/protector-de-red-y-de-sistema-enwitec-100-kva-segun-na-eea-ne7-ch2020-10016127\/","url":"https:\/\/greenlink.technology\/es\/produkt\/protector-de-red-y-de-sistema-enwitec-100-kva-segun-na-eea-ne7-ch2020-10016127\/","name":"Protector de red y de sistema enwitec - 100 kVA - seg\u00fan NA\/EEA-NE7 - CH2020 - 10016127 - greenLink orchestrating energy flows | enwitec electronic GmbH | LinQ Europe Sp. z o.o.","isPartOf":{"@id":"https:\/\/enwitec.eu\/en\/#website"},"primaryImageOfPage":{"@id":"https:\/\/greenlink.technology\/es\/produkt\/protector-de-red-y-de-sistema-enwitec-100-kva-segun-na-eea-ne7-ch2020-10016127\/#primaryimage"},"image":{"@id":"https:\/\/greenlink.technology\/es\/produkt\/protector-de-red-y-de-sistema-enwitec-100-kva-segun-na-eea-ne7-ch2020-10016127\/#primaryimage"},"thumbnailUrl":"https:\/\/greenlink.technology\/wp-content\/uploads\/2025\/02\/Bilder-folgen.png","datePublished":"2024-04-25T10:42:15+00:00","breadcrumb":{"@id":"https:\/\/greenlink.technology\/es\/produkt\/protector-de-red-y-de-sistema-enwitec-100-kva-segun-na-eea-ne7-ch2020-10016127\/#breadcrumb"},"inLanguage":"es","potentialAction":[{"@type":"ReadAction","target":["https:\/\/greenlink.technology\/es\/produkt\/protector-de-red-y-de-sistema-enwitec-100-kva-segun-na-eea-ne7-ch2020-10016127\/"]}]},{"@type":"ImageObject","inLanguage":"es","@id":"https:\/\/greenlink.technology\/es\/produkt\/protector-de-red-y-de-sistema-enwitec-100-kva-segun-na-eea-ne7-ch2020-10016127\/#primaryimage","url":"https:\/\/greenlink.technology\/wp-content\/uploads\/2025\/02\/Bilder-folgen.png","contentUrl":"https:\/\/greenlink.technology\/wp-content\/uploads\/2025\/02\/Bilder-folgen.png","width":500,"height":500},{"@type":"BreadcrumbList","@id":"https:\/\/greenlink.technology\/es\/produkt\/protector-de-red-y-de-sistema-enwitec-100-kva-segun-na-eea-ne7-ch2020-10016127\/#breadcrumb","itemListElement":[{"@type":"ListItem","position":1,"name":"Startseite","item":"https:\/\/enwitec.eu\/es\/"},{"@type":"ListItem","position":2,"name":"Productos","item":"https:\/\/greenlink.technology\/es\/sobre-nosotros\/la-empresa\/enwitec\/productos\/"},{"@type":"ListItem","position":3,"name":"Protector de red y de sistema enwitec &#8211; 100 kVA &#8211; seg\u00fan NA\/EEA-NE7 &#8211; CH2020 &#8211; 10016127"}]},{"@type":"WebSite","@id":"https:\/\/enwitec.eu\/en\/#website","url":"https:\/\/enwitec.eu\/en\/","name":"greenLink orchestrating energy flows | enwitec electronic GmbH | LinQ Europe Sp. z o.o.","description":"","publisher":{"@id":"https:\/\/enwitec.eu\/en\/#organization"},"potentialAction":[{"@type":"SearchAction","target":{"@type":"EntryPoint","urlTemplate":"https:\/\/enwitec.eu\/en\/?s={search_term_string}"},"query-input":{"@type":"PropertyValueSpecification","valueRequired":true,"valueName":"search_term_string"}}],"inLanguage":"es"},{"@type":"Organization","@id":"https:\/\/enwitec.eu\/en\/#organization","name":"greenLink orquestaci\u00f3n de flujos de energ\u00eda | enwitec electronic GmbH | LinQ Europe Sp. z o.o.","url":"https:\/\/enwitec.eu\/en\/","logo":{"@type":"ImageObject","inLanguage":"es","@id":"https:\/\/enwitec.eu\/en\/#\/schema\/logo\/image\/","url":"https:\/\/greenlink.technology\/wp-content\/uploads\/2025\/01\/greenlink-logo-final.png","contentUrl":"https:\/\/greenlink.technology\/wp-content\/uploads\/2025\/01\/greenlink-logo-final.png","width":2586,"height":629,"caption":"greenLink orquestaci\u00f3n de flujos de energ\u00eda | enwitec electronic GmbH | LinQ Europe Sp. z o.o. "},"image":{"@id":"https:\/\/enwitec.eu\/en\/#\/schema\/logo\/image\/"}}]}},"_links":{"self":[{"href":"https:\/\/greenlink.technology\/es\/wp-json\/wp\/v2\/product\/9750","targetHints":{"allow":["GET"]}}],"collection":[{"href":"https:\/\/greenlink.technology\/es\/wp-json\/wp\/v2\/product"}],"about":[{"href":"https:\/\/greenlink.technology\/es\/wp-json\/wp\/v2\/types\/product"}],"replies":[{"embeddable":true,"href":"https:\/\/greenlink.technology\/es\/wp-json\/wp\/v2\/comments?post=9750"}],"wp:featuredmedia":[{"embeddable":true,"href":"https:\/\/greenlink.technology\/es\/wp-json\/wp\/v2\/media\/9403"}],"wp:attachment":[{"href":"https:\/\/greenlink.technology\/es\/wp-json\/wp\/v2\/media?parent=9750"}],"wp:term":[{"taxonomy":"anwendung","embeddable":true,"href":"https:\/\/greenlink.technology\/es\/wp-json\/wp\/v2\/anwendung?post=9750"},{"taxonomy":"product_brand","embeddable":true,"href":"https:\/\/greenlink.technology\/es\/wp-json\/wp\/v2\/product_brand?post=9750"},{"taxonomy":"product_cat","embeddable":true,"href":"https:\/\/greenlink.technology\/es\/wp-json\/wp\/v2\/product_cat?post=9750"},{"taxonomy":"product_tag","embeddable":true,"href":"https:\/\/greenlink.technology\/es\/wp-json\/wp\/v2\/product_tag?post=9750"}],"curies":[{"name":"wp","href":"https:\/\/api.w.org\/{rel}","templated":true}]}}