{"id":1522,"date":"2024-02-26T14:26:47","date_gmt":"2024-02-26T13:26:47","guid":{"rendered":"https:\/\/greenlink.technology\/produkt\/enwitec-feuerwehrschalter-santon-1000-6x2r-t50-x-pes-1-0-10013565\/"},"modified":"2025-11-04T14:33:43","modified_gmt":"2025-11-04T13:33:43","slug":"enwitec-feuerwehrschalter-santon-1000-6x2r-t50-x-pes-1-0-10013565","status":"publish","type":"product","link":"https:\/\/greenlink.technology\/it\/produkt\/enwitec-feuerwehrschalter-santon-1000-6x2r-t50-x-pes-1-0-10013565\/","title":{"rendered":"enwitec Feuerwehrschalter Santon-1000-6x2R-T50-X-PES-1.0 \u2013 10013565"},"content":{"rendered":"<div class=\"system-stammdaten\">\n<h2><\/h2>\n<p>&nbsp;<\/p>\n<\/div>\n","protected":false},"excerpt":{"rendered":"<p>&nbsp;<\/p>\n","protected":false},"featured_media":1523,"comment_status":"closed","ping_status":"closed","template":"","meta":{"_acf_changed":false},"anwendung":[],"product_brand":[264],"product_cat":[83],"product_tag":[92,85,86,87],"class_list":{"0":"post-1522","1":"product","2":"type-product","3":"status-publish","4":"has-post-thumbnail","6":"product_brand-enwitec","7":"product_cat-feuerwehrschalter-produkte","8":"product_tag-92","9":"product_tag-feuerwehrschalter","10":"product_tag-fws","11":"product_tag-santon","12":"pa_anschlussform-verschraubung","13":"pa_mpp-tracker-90","14":"pa_strings-im-ausgang-pro-mpp-80","15":"pa_strings-im-eingang-pro-mpp-81","16":"pa_systemspannung-vdc-82","17":"pa_ueberspannungsschutz-ohne","19":"first","20":"instock","21":"shipping-taxable","22":"product-type-simple"},"acf":{"product_informations":"<strong>Enwitec Feuerwehrschalter Santon-1000-6x2R-T50-X-PES-1.1<\/strong>\r\n\r\nFeuerwehrschalter von enwitec. Gerade bei \u00f6ffentlichen Geb\u00e4uden bzw. Industrie- und Lagerhallen werden erh\u00f6hte Anforderungen an die Sicherheit gestellt. enwitec kombiniert die herk\u00f6mmliche Anschlusstechnik f\u00fcr PV Anlagen mit dem PVSEC Trennschalter und bietet so individuelle und frei skalierbare L\u00f6sungen bis in den Megawatt Bereich. Mit diesem k\u00f6nnen die im Geb\u00e4ude verlegten DC-Leitungen spannungsfrei geschaltet werden.\r\n\r\nMatchcode: Santon-1000-6x2R-T50-X-PES-1.1","technical_data":"<div class=\"stammdaten-col\">\r\n<div class=\"line\">\r\n<p class=\"system-stammdaten-left\">Artikel Nr.: 10013565\r\nSystemspannung VDC: 1000VDC\r\nMPP Tracker: 6\r\nStrings im Eingang pro MPP: 2\r\nStrings im Ausgang pro MPP: 2\r\n\u00dcberspannungsschutz: -\r\nAnschlussform: Verschraubung\r\nStrangsicherung: Nein\r\n\u00dcberwachungsm\u00f6glichkeit: NO-Hilfskontakte vom Trennschalter\r\nLasttrennschalter: Ja\r\nGeh\u00e4use: Polyester\r\nMa\u00dfe (BxHxT): 500 x 600 x 230 mm<\/p>\r\n\r\n<\/div>\r\n<\/div>","download":"<a href=\"https:\/\/greenlink.technology\/wp-content\/uploads\/2025\/04\/10013565_Datenblatt_Santon-1000-6x2R-T50-X-PES-1.1_2024_01_16.pdf\" target=\"_blank\" rel=\"noopener\">Datenblatt_DE<\/a>\r\n<a href=\"https:\/\/greenlink.technology\/wp-content\/uploads\/2025\/04\/10012986_allgemeine-Installationsanleitung_PV-RSS_DACH_DE_V1.1_2024_07_10.pdf\" target=\"_blank\" rel=\"noopener\">Allgemeine Installationsanleitung<\/a>","product_short_description":"<strong>Systemspannung VDC:<\/strong> 1000\r\n<strong>MPP Tracker:<\/strong> 6\r\n<strong>Strings im Eingang pro MPP:<\/strong> 2\r\n<strong>Strings im Ausgang pro MPP Tracker:<\/strong> 2\r\n<strong>\u00dcberspannungsschutz:<\/strong> -\r\n<strong>Anschlussform:<\/strong> Verschraubung","photo_gallery":{"galerie_produkte":[[]]}},"yoast_head":"<!-- This site is optimized with the Yoast SEO plugin v27.3 - https:\/\/yoast.com\/product\/yoast-seo-wordpress\/ -->\n<title>enwitec Feuerwehrschalter Santon-1000-6x2R-T50-X-PES-1.0 \u2013 10013565 - greenLink orchestrating energy flows | enwitec electronic GmbH | LinQ Europe Sp. z o.o.<\/title>\n<meta name=\"robots\" content=\"index, follow, max-snippet:-1, max-image-preview:large, max-video-preview:-1\" \/>\n<link rel=\"canonical\" href=\"https:\/\/greenlink.technology\/it\/produkt\/enwitec-feuerwehrschalter-santon-1000-6x2r-t50-x-pes-1-0-10013565\/\" \/>\n<meta property=\"og:locale\" content=\"it_IT\" \/>\n<meta property=\"og:type\" content=\"article\" \/>\n<meta property=\"og:title\" content=\"enwitec Feuerwehrschalter Santon-1000-6x2R-T50-X-PES-1.0 \u2013 10013565 - greenLink orchestrating energy flows | enwitec electronic GmbH | LinQ Europe Sp. z o.o.\" \/>\n<meta property=\"og:description\" content=\"&nbsp;\" \/>\n<meta property=\"og:url\" content=\"https:\/\/greenlink.technology\/it\/produkt\/enwitec-feuerwehrschalter-santon-1000-6x2r-t50-x-pes-1-0-10013565\/\" \/>\n<meta property=\"og:site_name\" content=\"greenLink orchestrating energy flows | enwitec electronic GmbH | LinQ Europe Sp. z o.o.\" \/>\n<meta property=\"article:modified_time\" content=\"2025-11-04T13:33:43+00:00\" \/>\n<meta property=\"og:image\" content=\"https:\/\/enwitec.eu\/wp-content\/uploads\/2025\/02\/10013565_front_offen.png\" \/>\n\t<meta property=\"og:image:width\" content=\"500\" \/>\n\t<meta property=\"og:image:height\" content=\"500\" \/>\n\t<meta property=\"og:image:type\" content=\"image\/png\" \/>\n<meta name=\"twitter:card\" content=\"summary_large_image\" \/>\n<meta name=\"twitter:label1\" content=\"Tempo di lettura stimato\" \/>\n\t<meta name=\"twitter:data1\" content=\"1 minuto\" \/>\n<script type=\"application\/ld+json\" class=\"yoast-schema-graph\">{\"@context\":\"https:\\\/\\\/schema.org\",\"@graph\":[{\"@type\":\"WebPage\",\"@id\":\"https:\\\/\\\/greenlink.technology\\\/it\\\/produkt\\\/enwitec-feuerwehrschalter-santon-1000-6x2r-t50-x-pes-1-0-10013565\\\/\",\"url\":\"https:\\\/\\\/greenlink.technology\\\/it\\\/produkt\\\/enwitec-feuerwehrschalter-santon-1000-6x2r-t50-x-pes-1-0-10013565\\\/\",\"name\":\"enwitec Feuerwehrschalter Santon-1000-6x2R-T50-X-PES-1.0 \u2013 10013565 - greenLink orchestrating energy flows | enwitec electronic GmbH | LinQ Europe Sp. z o.o.\",\"isPartOf\":{\"@id\":\"https:\\\/\\\/enwitec.eu\\\/en\\\/#website\"},\"primaryImageOfPage\":{\"@id\":\"https:\\\/\\\/greenlink.technology\\\/it\\\/produkt\\\/enwitec-feuerwehrschalter-santon-1000-6x2r-t50-x-pes-1-0-10013565\\\/#primaryimage\"},\"image\":{\"@id\":\"https:\\\/\\\/greenlink.technology\\\/it\\\/produkt\\\/enwitec-feuerwehrschalter-santon-1000-6x2r-t50-x-pes-1-0-10013565\\\/#primaryimage\"},\"thumbnailUrl\":\"https:\\\/\\\/greenlink.technology\\\/wp-content\\\/uploads\\\/2025\\\/02\\\/10013565_front_offen.png\",\"datePublished\":\"2024-02-26T13:26:47+00:00\",\"dateModified\":\"2025-11-04T13:33:43+00:00\",\"breadcrumb\":{\"@id\":\"https:\\\/\\\/greenlink.technology\\\/it\\\/produkt\\\/enwitec-feuerwehrschalter-santon-1000-6x2r-t50-x-pes-1-0-10013565\\\/#breadcrumb\"},\"inLanguage\":\"it-IT\",\"potentialAction\":[{\"@type\":\"ReadAction\",\"target\":[\"https:\\\/\\\/greenlink.technology\\\/it\\\/produkt\\\/enwitec-feuerwehrschalter-santon-1000-6x2r-t50-x-pes-1-0-10013565\\\/\"]}]},{\"@type\":\"ImageObject\",\"inLanguage\":\"it-IT\",\"@id\":\"https:\\\/\\\/greenlink.technology\\\/it\\\/produkt\\\/enwitec-feuerwehrschalter-santon-1000-6x2r-t50-x-pes-1-0-10013565\\\/#primaryimage\",\"url\":\"https:\\\/\\\/greenlink.technology\\\/wp-content\\\/uploads\\\/2025\\\/02\\\/10013565_front_offen.png\",\"contentUrl\":\"https:\\\/\\\/greenlink.technology\\\/wp-content\\\/uploads\\\/2025\\\/02\\\/10013565_front_offen.png\",\"width\":500,\"height\":500},{\"@type\":\"BreadcrumbList\",\"@id\":\"https:\\\/\\\/greenlink.technology\\\/it\\\/produkt\\\/enwitec-feuerwehrschalter-santon-1000-6x2r-t50-x-pes-1-0-10013565\\\/#breadcrumb\",\"itemListElement\":[{\"@type\":\"ListItem\",\"position\":1,\"name\":\"Startseite\",\"item\":\"https:\\\/\\\/greenlink.technology\\\/it\\\/\"},{\"@type\":\"ListItem\",\"position\":2,\"name\":\"Prodotti\",\"item\":\"https:\\\/\\\/greenlink.technology\\\/it\\\/chi-siamo\\\/unternehmen\\\/enwitec\\\/prodotti\\\/\"},{\"@type\":\"ListItem\",\"position\":3,\"name\":\"enwitec Feuerwehrschalter Santon-1000-6x2R-T50-X-PES-1.0 \u2013 10013565\"}]},{\"@type\":\"WebSite\",\"@id\":\"https:\\\/\\\/enwitec.eu\\\/en\\\/#website\",\"url\":\"https:\\\/\\\/enwitec.eu\\\/en\\\/\",\"name\":\"greenLink orchestrating energy flows | enwitec electronic GmbH | LinQ Europe Sp. z o.o.\",\"description\":\"\",\"publisher\":{\"@id\":\"https:\\\/\\\/enwitec.eu\\\/en\\\/#organization\"},\"potentialAction\":[{\"@type\":\"SearchAction\",\"target\":{\"@type\":\"EntryPoint\",\"urlTemplate\":\"https:\\\/\\\/enwitec.eu\\\/en\\\/?s={search_term_string}\"},\"query-input\":{\"@type\":\"PropertyValueSpecification\",\"valueRequired\":true,\"valueName\":\"search_term_string\"}}],\"inLanguage\":\"it-IT\"},{\"@type\":\"Organization\",\"@id\":\"https:\\\/\\\/enwitec.eu\\\/en\\\/#organization\",\"name\":\"greenLink orchestrando i flussi di energia | enwitec electronic GmbH | LinQ Europe Sp. z o.o.\",\"url\":\"https:\\\/\\\/enwitec.eu\\\/en\\\/\",\"logo\":{\"@type\":\"ImageObject\",\"inLanguage\":\"it-IT\",\"@id\":\"https:\\\/\\\/enwitec.eu\\\/en\\\/#\\\/schema\\\/logo\\\/image\\\/\",\"url\":\"https:\\\/\\\/greenlink.technology\\\/wp-content\\\/uploads\\\/2025\\\/01\\\/greenlink-logo-final.png\",\"contentUrl\":\"https:\\\/\\\/greenlink.technology\\\/wp-content\\\/uploads\\\/2025\\\/01\\\/greenlink-logo-final.png\",\"width\":2586,\"height\":629,\"caption\":\"greenLink orchestrando i flussi di energia | enwitec electronic GmbH | LinQ Europe Sp. z o.o. \"},\"image\":{\"@id\":\"https:\\\/\\\/enwitec.eu\\\/en\\\/#\\\/schema\\\/logo\\\/image\\\/\"}}]}<\/script>\n<!-- \/ Yoast SEO plugin. -->","yoast_head_json":{"title":"enwitec Feuerwehrschalter Santon-1000-6x2R-T50-X-PES-1.0 \u2013 10013565 - greenLink orchestrating energy flows | enwitec electronic GmbH | LinQ Europe Sp. z o.o.","robots":{"index":"index","follow":"follow","max-snippet":"max-snippet:-1","max-image-preview":"max-image-preview:large","max-video-preview":"max-video-preview:-1"},"canonical":"https:\/\/greenlink.technology\/it\/produkt\/enwitec-feuerwehrschalter-santon-1000-6x2r-t50-x-pes-1-0-10013565\/","og_locale":"it_IT","og_type":"article","og_title":"enwitec Feuerwehrschalter Santon-1000-6x2R-T50-X-PES-1.0 \u2013 10013565 - greenLink orchestrating energy flows | enwitec electronic GmbH | LinQ Europe Sp. z o.o.","og_description":"&nbsp;","og_url":"https:\/\/greenlink.technology\/it\/produkt\/enwitec-feuerwehrschalter-santon-1000-6x2r-t50-x-pes-1-0-10013565\/","og_site_name":"greenLink orchestrating energy flows | enwitec electronic GmbH | LinQ Europe Sp. z o.o.","article_modified_time":"2025-11-04T13:33:43+00:00","og_image":[{"width":500,"height":500,"url":"https:\/\/enwitec.eu\/wp-content\/uploads\/2025\/02\/10013565_front_offen.png","type":"image\/png"}],"twitter_card":"summary_large_image","twitter_misc":{"Tempo di lettura stimato":"1 minuto"},"schema":{"@context":"https:\/\/schema.org","@graph":[{"@type":"WebPage","@id":"https:\/\/greenlink.technology\/it\/produkt\/enwitec-feuerwehrschalter-santon-1000-6x2r-t50-x-pes-1-0-10013565\/","url":"https:\/\/greenlink.technology\/it\/produkt\/enwitec-feuerwehrschalter-santon-1000-6x2r-t50-x-pes-1-0-10013565\/","name":"enwitec Feuerwehrschalter Santon-1000-6x2R-T50-X-PES-1.0 \u2013 10013565 - greenLink orchestrating energy flows | enwitec electronic GmbH | LinQ Europe Sp. z o.o.","isPartOf":{"@id":"https:\/\/enwitec.eu\/en\/#website"},"primaryImageOfPage":{"@id":"https:\/\/greenlink.technology\/it\/produkt\/enwitec-feuerwehrschalter-santon-1000-6x2r-t50-x-pes-1-0-10013565\/#primaryimage"},"image":{"@id":"https:\/\/greenlink.technology\/it\/produkt\/enwitec-feuerwehrschalter-santon-1000-6x2r-t50-x-pes-1-0-10013565\/#primaryimage"},"thumbnailUrl":"https:\/\/greenlink.technology\/wp-content\/uploads\/2025\/02\/10013565_front_offen.png","datePublished":"2024-02-26T13:26:47+00:00","dateModified":"2025-11-04T13:33:43+00:00","breadcrumb":{"@id":"https:\/\/greenlink.technology\/it\/produkt\/enwitec-feuerwehrschalter-santon-1000-6x2r-t50-x-pes-1-0-10013565\/#breadcrumb"},"inLanguage":"it-IT","potentialAction":[{"@type":"ReadAction","target":["https:\/\/greenlink.technology\/it\/produkt\/enwitec-feuerwehrschalter-santon-1000-6x2r-t50-x-pes-1-0-10013565\/"]}]},{"@type":"ImageObject","inLanguage":"it-IT","@id":"https:\/\/greenlink.technology\/it\/produkt\/enwitec-feuerwehrschalter-santon-1000-6x2r-t50-x-pes-1-0-10013565\/#primaryimage","url":"https:\/\/greenlink.technology\/wp-content\/uploads\/2025\/02\/10013565_front_offen.png","contentUrl":"https:\/\/greenlink.technology\/wp-content\/uploads\/2025\/02\/10013565_front_offen.png","width":500,"height":500},{"@type":"BreadcrumbList","@id":"https:\/\/greenlink.technology\/it\/produkt\/enwitec-feuerwehrschalter-santon-1000-6x2r-t50-x-pes-1-0-10013565\/#breadcrumb","itemListElement":[{"@type":"ListItem","position":1,"name":"Startseite","item":"https:\/\/greenlink.technology\/it\/"},{"@type":"ListItem","position":2,"name":"Prodotti","item":"https:\/\/greenlink.technology\/it\/chi-siamo\/unternehmen\/enwitec\/prodotti\/"},{"@type":"ListItem","position":3,"name":"enwitec Feuerwehrschalter Santon-1000-6x2R-T50-X-PES-1.0 \u2013 10013565"}]},{"@type":"WebSite","@id":"https:\/\/enwitec.eu\/en\/#website","url":"https:\/\/enwitec.eu\/en\/","name":"greenLink orchestrating energy flows | enwitec electronic GmbH | LinQ Europe Sp. z o.o.","description":"","publisher":{"@id":"https:\/\/enwitec.eu\/en\/#organization"},"potentialAction":[{"@type":"SearchAction","target":{"@type":"EntryPoint","urlTemplate":"https:\/\/enwitec.eu\/en\/?s={search_term_string}"},"query-input":{"@type":"PropertyValueSpecification","valueRequired":true,"valueName":"search_term_string"}}],"inLanguage":"it-IT"},{"@type":"Organization","@id":"https:\/\/enwitec.eu\/en\/#organization","name":"greenLink orchestrando i flussi di energia | enwitec electronic GmbH | LinQ Europe Sp. z o.o.","url":"https:\/\/enwitec.eu\/en\/","logo":{"@type":"ImageObject","inLanguage":"it-IT","@id":"https:\/\/enwitec.eu\/en\/#\/schema\/logo\/image\/","url":"https:\/\/greenlink.technology\/wp-content\/uploads\/2025\/01\/greenlink-logo-final.png","contentUrl":"https:\/\/greenlink.technology\/wp-content\/uploads\/2025\/01\/greenlink-logo-final.png","width":2586,"height":629,"caption":"greenLink orchestrando i flussi di energia | enwitec electronic GmbH | LinQ Europe Sp. z o.o. "},"image":{"@id":"https:\/\/enwitec.eu\/en\/#\/schema\/logo\/image\/"}}]}},"_links":{"self":[{"href":"https:\/\/greenlink.technology\/it\/wp-json\/wp\/v2\/product\/1522","targetHints":{"allow":["GET"]}}],"collection":[{"href":"https:\/\/greenlink.technology\/it\/wp-json\/wp\/v2\/product"}],"about":[{"href":"https:\/\/greenlink.technology\/it\/wp-json\/wp\/v2\/types\/product"}],"replies":[{"embeddable":true,"href":"https:\/\/greenlink.technology\/it\/wp-json\/wp\/v2\/comments?post=1522"}],"wp:featuredmedia":[{"embeddable":true,"href":"https:\/\/greenlink.technology\/it\/wp-json\/wp\/v2\/media\/1523"}],"wp:attachment":[{"href":"https:\/\/greenlink.technology\/it\/wp-json\/wp\/v2\/media?parent=1522"}],"wp:term":[{"taxonomy":"anwendung","embeddable":true,"href":"https:\/\/greenlink.technology\/it\/wp-json\/wp\/v2\/anwendung?post=1522"},{"taxonomy":"product_brand","embeddable":true,"href":"https:\/\/greenlink.technology\/it\/wp-json\/wp\/v2\/product_brand?post=1522"},{"taxonomy":"product_cat","embeddable":true,"href":"https:\/\/greenlink.technology\/it\/wp-json\/wp\/v2\/product_cat?post=1522"},{"taxonomy":"product_tag","embeddable":true,"href":"https:\/\/greenlink.technology\/it\/wp-json\/wp\/v2\/product_tag?post=1522"}],"curies":[{"name":"wp","href":"https:\/\/api.w.org\/{rel}","templated":true}]}}