{"id":1877,"date":"2024-02-29T14:18:11","date_gmt":"2024-02-29T13:18:11","guid":{"rendered":"https:\/\/greenlink.technology\/produkt\/enwitec-netz-und-anlagenschutz-na4105-863-kva-gemaess-vde-ar-n-41052018-11-10018521\/"},"modified":"2025-10-28T14:50:46","modified_gmt":"2025-10-28T13:50:46","slug":"enwitec-netz-und-anlagenschutz-na4105-863-kva-gemaess-vde-ar-n-41052018-11-10018521","status":"publish","type":"product","link":"https:\/\/greenlink.technology\/it\/produkt\/enwitec-netz-und-anlagenschutz-na4105-863-kva-gemaess-vde-ar-n-41052018-11-10018521\/","title":{"rendered":"enwitec Netz- und Anlagenschutz NA4105 \u2013 86,3 kVA \u2013 gem\u00e4\u00df VDE-AR-N 4105:2018-11 \u2013 10018521"},"content":{"rendered":"<div class=\"system-stammdaten\">\n<h2><\/h2>\n<p>&nbsp;<\/p>\n<\/div>\n","protected":false},"excerpt":{"rendered":"<p>&nbsp;<\/p>\n","protected":false},"featured_media":1878,"comment_status":"closed","ping_status":"closed","template":"","meta":{"_acf_changed":false},"anwendung":[],"product_brand":[264],"product_cat":[152],"product_tag":[162,155,163,156],"class_list":{"0":"post-1877","1":"product","2":"type-product","3":"status-publish","4":"has-post-thumbnail","6":"product_brand-enwitec","7":"product_cat-netz-und-anlagen-schutz","8":"product_tag-162","9":"product_tag-na-schutz","10":"product_tag-na4105","11":"product_tag-netz-und-anlagenschutz","12":"pa_laenderfreigabe-de","13":"pa_leistung-30-86-kva","14":"pa_trennung-allpolig","16":"first","17":"instock","18":"shipping-taxable","19":"product-type-simple"},"acf":{"product_informations":"Netz- und Anlagenschutz (NA) von enwitec. Je nach nationaler Richtlinie m\u00fcssen Erzeugeranlagen bei unzul\u00e4ssigen Spannungs- oder Frequenzabweichungen des Niederspannungsnetzes abgeschaltet werden. Sollten die in der Anwendungsregel zul\u00e4ssigen Grenzwerte \u00fcberschritten werden, wird die Erzeugungsanlage automatisch vom Netz getrennt. Ist die Netzspannung oder Netzfrequenz wieder im zul\u00e4ssigen Bereich, wird die Anlage automatisch wieder eingeschaltet. Wir bieten sowohl Standardprodukte als auch individuelle L\u00f6sungen, welche an die Bed\u00fcrfnisse der jeweiligen Photovoltaikanlage angepasst sind.\r\n\r\nDieser Netz- und Anlagenschutz ist speziell f\u00fcr den deutschen Markt, gem\u00e4\u00df <strong>VDE-AR-N 4105:2018-11<\/strong>\u00a0gebaut.\r\n\r\nZum leichteren Anklemmen des Kabels oben am Leistungsschalter kann der Steuerteil bei dieser Variante durch L\u00f6sen der beiden Befestigungsschrauben nach rechts geklappt werden.\r\n\r\n<strong>Anmerkung<\/strong>\r\nMatchcode: NA-Schutz-NA4105-PV86.3KVA-TNS_TT","technical_data":"<div class=\"stammdaten-col\">\r\n<div class=\"line\">\r\n<p class=\"system-stammdaten-left\">Artikel Nr.: 10018521\r\nNetzform: TT \/ TN-S\r\nLeistung: 86,3 kVA\r\nL\u00e4nderfreigabe: VDE-AR-N 4105:2018-11\r\nTrennung: allpolig\r\nPr\u00fcftrennklemmleiste: -\r\nAusg\u00e4nge: 1 x\r\nEingangs- und Ausgangsklemmen : 16 - 95mm\u00b2\r\nLeitungseinf\u00fchrungen: Kabelt\u00fclle M63<\/p>\r\n\r\n<\/div>\r\n<\/div>","download":"<a href=\"https:\/\/greenlink.technology\/wp-content\/uploads\/2025\/10\/10018521_Datenblatt_NA-Schutz-NA4105-PV-86.3KVA-TNS_TT_2025_09_08_b.pdf\" target=\"_blank\" rel=\"noopener\">Datenblatt DE<\/a>\r\n<a href=\"https:\/\/greenlink.technology\/wp-content\/uploads\/2025\/04\/10018665_Installationsanleitung_NA-Schutz_DE_2023_10_25.pdf\" target=\"_blank\" rel=\"noopener\">Installationsanleitung<\/a>\r\n<a href=\"https:\/\/greenlink.technology\/wp-content\/uploads\/2025\/04\/Zertifikat_NA-Schutz_U22-0171_VDE-AR-N-4105_DE.pdf\" target=\"_blank\" rel=\"noopener\">Zertifikat<\/a>","product_short_description":"<strong>L\u00e4nderfreigabe:<\/strong> VDE-AR-N 4105:2018-11\r\n<strong>Leistung:<\/strong> 86,3 kVA\r\n<strong>Trennung:<\/strong> allpolig\r\n<strong>Netzform: <\/strong>TT \/ TN-S","photo_gallery":{"galerie_produkte":[[]]}},"yoast_head":"<!-- This site is optimized with the Yoast SEO plugin v27.3 - https:\/\/yoast.com\/product\/yoast-seo-wordpress\/ -->\n<title>enwitec Netz- und Anlagenschutz NA4105 \u2013 86,3 kVA \u2013 gem\u00e4\u00df VDE-AR-N 4105:2018-11 \u2013 10018521 - greenLink orchestrating energy flows | enwitec electronic GmbH | LinQ Europe Sp. z o.o.<\/title>\n<meta name=\"robots\" content=\"index, follow, max-snippet:-1, max-image-preview:large, max-video-preview:-1\" \/>\n<link rel=\"canonical\" href=\"https:\/\/greenlink.technology\/it\/produkt\/enwitec-netz-und-anlagenschutz-na4105-863-kva-gemaess-vde-ar-n-41052018-11-10018521\/\" \/>\n<meta property=\"og:locale\" content=\"it_IT\" \/>\n<meta property=\"og:type\" content=\"article\" \/>\n<meta property=\"og:title\" content=\"enwitec Netz- und Anlagenschutz NA4105 \u2013 86,3 kVA \u2013 gem\u00e4\u00df VDE-AR-N 4105:2018-11 \u2013 10018521 - greenLink orchestrating energy flows | enwitec electronic GmbH | LinQ Europe Sp. z o.o.\" \/>\n<meta property=\"og:description\" content=\"&nbsp;\" \/>\n<meta property=\"og:url\" content=\"https:\/\/greenlink.technology\/it\/produkt\/enwitec-netz-und-anlagenschutz-na4105-863-kva-gemaess-vde-ar-n-41052018-11-10018521\/\" \/>\n<meta property=\"og:site_name\" content=\"greenLink orchestrating energy flows | enwitec electronic GmbH | LinQ Europe Sp. z o.o.\" \/>\n<meta property=\"article:modified_time\" content=\"2025-10-28T13:50:46+00:00\" \/>\n<meta property=\"og:image\" content=\"https:\/\/enwitec.eu\/wp-content\/uploads\/2025\/02\/10018521_front.png\" \/>\n\t<meta property=\"og:image:width\" content=\"500\" \/>\n\t<meta property=\"og:image:height\" content=\"500\" \/>\n\t<meta property=\"og:image:type\" content=\"image\/png\" \/>\n<meta name=\"twitter:card\" content=\"summary_large_image\" \/>\n<meta name=\"twitter:label1\" content=\"Tempo di lettura stimato\" \/>\n\t<meta name=\"twitter:data1\" content=\"1 minuto\" \/>\n<script type=\"application\/ld+json\" class=\"yoast-schema-graph\">{\"@context\":\"https:\\\/\\\/schema.org\",\"@graph\":[{\"@type\":\"WebPage\",\"@id\":\"https:\\\/\\\/greenlink.technology\\\/it\\\/produkt\\\/enwitec-netz-und-anlagenschutz-na4105-863-kva-gemaess-vde-ar-n-41052018-11-10018521\\\/\",\"url\":\"https:\\\/\\\/greenlink.technology\\\/it\\\/produkt\\\/enwitec-netz-und-anlagenschutz-na4105-863-kva-gemaess-vde-ar-n-41052018-11-10018521\\\/\",\"name\":\"enwitec Netz- und Anlagenschutz NA4105 \u2013 86,3 kVA \u2013 gem\u00e4\u00df VDE-AR-N 4105:2018-11 \u2013 10018521 - greenLink orchestrating energy flows | enwitec electronic GmbH | LinQ Europe Sp. z o.o.\",\"isPartOf\":{\"@id\":\"https:\\\/\\\/enwitec.eu\\\/en\\\/#website\"},\"primaryImageOfPage\":{\"@id\":\"https:\\\/\\\/greenlink.technology\\\/it\\\/produkt\\\/enwitec-netz-und-anlagenschutz-na4105-863-kva-gemaess-vde-ar-n-41052018-11-10018521\\\/#primaryimage\"},\"image\":{\"@id\":\"https:\\\/\\\/greenlink.technology\\\/it\\\/produkt\\\/enwitec-netz-und-anlagenschutz-na4105-863-kva-gemaess-vde-ar-n-41052018-11-10018521\\\/#primaryimage\"},\"thumbnailUrl\":\"https:\\\/\\\/greenlink.technology\\\/wp-content\\\/uploads\\\/2025\\\/02\\\/10018521_front.png\",\"datePublished\":\"2024-02-29T13:18:11+00:00\",\"dateModified\":\"2025-10-28T13:50:46+00:00\",\"breadcrumb\":{\"@id\":\"https:\\\/\\\/greenlink.technology\\\/it\\\/produkt\\\/enwitec-netz-und-anlagenschutz-na4105-863-kva-gemaess-vde-ar-n-41052018-11-10018521\\\/#breadcrumb\"},\"inLanguage\":\"it-IT\",\"potentialAction\":[{\"@type\":\"ReadAction\",\"target\":[\"https:\\\/\\\/greenlink.technology\\\/it\\\/produkt\\\/enwitec-netz-und-anlagenschutz-na4105-863-kva-gemaess-vde-ar-n-41052018-11-10018521\\\/\"]}]},{\"@type\":\"ImageObject\",\"inLanguage\":\"it-IT\",\"@id\":\"https:\\\/\\\/greenlink.technology\\\/it\\\/produkt\\\/enwitec-netz-und-anlagenschutz-na4105-863-kva-gemaess-vde-ar-n-41052018-11-10018521\\\/#primaryimage\",\"url\":\"https:\\\/\\\/greenlink.technology\\\/wp-content\\\/uploads\\\/2025\\\/02\\\/10018521_front.png\",\"contentUrl\":\"https:\\\/\\\/greenlink.technology\\\/wp-content\\\/uploads\\\/2025\\\/02\\\/10018521_front.png\",\"width\":500,\"height\":500},{\"@type\":\"BreadcrumbList\",\"@id\":\"https:\\\/\\\/greenlink.technology\\\/it\\\/produkt\\\/enwitec-netz-und-anlagenschutz-na4105-863-kva-gemaess-vde-ar-n-41052018-11-10018521\\\/#breadcrumb\",\"itemListElement\":[{\"@type\":\"ListItem\",\"position\":1,\"name\":\"Startseite\",\"item\":\"https:\\\/\\\/greenlink.technology\\\/it\\\/\"},{\"@type\":\"ListItem\",\"position\":2,\"name\":\"Prodotti\",\"item\":\"https:\\\/\\\/greenlink.technology\\\/it\\\/chi-siamo\\\/unternehmen\\\/enwitec\\\/prodotti\\\/\"},{\"@type\":\"ListItem\",\"position\":3,\"name\":\"enwitec Netz- und Anlagenschutz NA4105 \u2013 86,3 kVA \u2013 gem\u00e4\u00df VDE-AR-N 4105:2018-11 \u2013 10018521\"}]},{\"@type\":\"WebSite\",\"@id\":\"https:\\\/\\\/enwitec.eu\\\/en\\\/#website\",\"url\":\"https:\\\/\\\/enwitec.eu\\\/en\\\/\",\"name\":\"greenLink orchestrating energy flows | enwitec electronic GmbH | LinQ Europe Sp. z o.o.\",\"description\":\"\",\"publisher\":{\"@id\":\"https:\\\/\\\/enwitec.eu\\\/en\\\/#organization\"},\"potentialAction\":[{\"@type\":\"SearchAction\",\"target\":{\"@type\":\"EntryPoint\",\"urlTemplate\":\"https:\\\/\\\/enwitec.eu\\\/en\\\/?s={search_term_string}\"},\"query-input\":{\"@type\":\"PropertyValueSpecification\",\"valueRequired\":true,\"valueName\":\"search_term_string\"}}],\"inLanguage\":\"it-IT\"},{\"@type\":\"Organization\",\"@id\":\"https:\\\/\\\/enwitec.eu\\\/en\\\/#organization\",\"name\":\"greenLink orchestrando i flussi di energia | enwitec electronic GmbH | LinQ Europe Sp. z o.o.\",\"url\":\"https:\\\/\\\/enwitec.eu\\\/en\\\/\",\"logo\":{\"@type\":\"ImageObject\",\"inLanguage\":\"it-IT\",\"@id\":\"https:\\\/\\\/enwitec.eu\\\/en\\\/#\\\/schema\\\/logo\\\/image\\\/\",\"url\":\"https:\\\/\\\/greenlink.technology\\\/wp-content\\\/uploads\\\/2025\\\/01\\\/greenlink-logo-final.png\",\"contentUrl\":\"https:\\\/\\\/greenlink.technology\\\/wp-content\\\/uploads\\\/2025\\\/01\\\/greenlink-logo-final.png\",\"width\":2586,\"height\":629,\"caption\":\"greenLink orchestrando i flussi di energia | enwitec electronic GmbH | LinQ Europe Sp. z o.o. \"},\"image\":{\"@id\":\"https:\\\/\\\/enwitec.eu\\\/en\\\/#\\\/schema\\\/logo\\\/image\\\/\"}}]}<\/script>\n<!-- \/ Yoast SEO plugin. -->","yoast_head_json":{"title":"enwitec Netz- und Anlagenschutz NA4105 \u2013 86,3 kVA \u2013 gem\u00e4\u00df VDE-AR-N 4105:2018-11 \u2013 10018521 - greenLink orchestrating energy flows | enwitec electronic GmbH | LinQ Europe Sp. z o.o.","robots":{"index":"index","follow":"follow","max-snippet":"max-snippet:-1","max-image-preview":"max-image-preview:large","max-video-preview":"max-video-preview:-1"},"canonical":"https:\/\/greenlink.technology\/it\/produkt\/enwitec-netz-und-anlagenschutz-na4105-863-kva-gemaess-vde-ar-n-41052018-11-10018521\/","og_locale":"it_IT","og_type":"article","og_title":"enwitec Netz- und Anlagenschutz NA4105 \u2013 86,3 kVA \u2013 gem\u00e4\u00df VDE-AR-N 4105:2018-11 \u2013 10018521 - greenLink orchestrating energy flows | enwitec electronic GmbH | LinQ Europe Sp. z o.o.","og_description":"&nbsp;","og_url":"https:\/\/greenlink.technology\/it\/produkt\/enwitec-netz-und-anlagenschutz-na4105-863-kva-gemaess-vde-ar-n-41052018-11-10018521\/","og_site_name":"greenLink orchestrating energy flows | enwitec electronic GmbH | LinQ Europe Sp. z o.o.","article_modified_time":"2025-10-28T13:50:46+00:00","og_image":[{"width":500,"height":500,"url":"https:\/\/enwitec.eu\/wp-content\/uploads\/2025\/02\/10018521_front.png","type":"image\/png"}],"twitter_card":"summary_large_image","twitter_misc":{"Tempo di lettura stimato":"1 minuto"},"schema":{"@context":"https:\/\/schema.org","@graph":[{"@type":"WebPage","@id":"https:\/\/greenlink.technology\/it\/produkt\/enwitec-netz-und-anlagenschutz-na4105-863-kva-gemaess-vde-ar-n-41052018-11-10018521\/","url":"https:\/\/greenlink.technology\/it\/produkt\/enwitec-netz-und-anlagenschutz-na4105-863-kva-gemaess-vde-ar-n-41052018-11-10018521\/","name":"enwitec Netz- und Anlagenschutz NA4105 \u2013 86,3 kVA \u2013 gem\u00e4\u00df VDE-AR-N 4105:2018-11 \u2013 10018521 - greenLink orchestrating energy flows | enwitec electronic GmbH | LinQ Europe Sp. z o.o.","isPartOf":{"@id":"https:\/\/enwitec.eu\/en\/#website"},"primaryImageOfPage":{"@id":"https:\/\/greenlink.technology\/it\/produkt\/enwitec-netz-und-anlagenschutz-na4105-863-kva-gemaess-vde-ar-n-41052018-11-10018521\/#primaryimage"},"image":{"@id":"https:\/\/greenlink.technology\/it\/produkt\/enwitec-netz-und-anlagenschutz-na4105-863-kva-gemaess-vde-ar-n-41052018-11-10018521\/#primaryimage"},"thumbnailUrl":"https:\/\/greenlink.technology\/wp-content\/uploads\/2025\/02\/10018521_front.png","datePublished":"2024-02-29T13:18:11+00:00","dateModified":"2025-10-28T13:50:46+00:00","breadcrumb":{"@id":"https:\/\/greenlink.technology\/it\/produkt\/enwitec-netz-und-anlagenschutz-na4105-863-kva-gemaess-vde-ar-n-41052018-11-10018521\/#breadcrumb"},"inLanguage":"it-IT","potentialAction":[{"@type":"ReadAction","target":["https:\/\/greenlink.technology\/it\/produkt\/enwitec-netz-und-anlagenschutz-na4105-863-kva-gemaess-vde-ar-n-41052018-11-10018521\/"]}]},{"@type":"ImageObject","inLanguage":"it-IT","@id":"https:\/\/greenlink.technology\/it\/produkt\/enwitec-netz-und-anlagenschutz-na4105-863-kva-gemaess-vde-ar-n-41052018-11-10018521\/#primaryimage","url":"https:\/\/greenlink.technology\/wp-content\/uploads\/2025\/02\/10018521_front.png","contentUrl":"https:\/\/greenlink.technology\/wp-content\/uploads\/2025\/02\/10018521_front.png","width":500,"height":500},{"@type":"BreadcrumbList","@id":"https:\/\/greenlink.technology\/it\/produkt\/enwitec-netz-und-anlagenschutz-na4105-863-kva-gemaess-vde-ar-n-41052018-11-10018521\/#breadcrumb","itemListElement":[{"@type":"ListItem","position":1,"name":"Startseite","item":"https:\/\/greenlink.technology\/it\/"},{"@type":"ListItem","position":2,"name":"Prodotti","item":"https:\/\/greenlink.technology\/it\/chi-siamo\/unternehmen\/enwitec\/prodotti\/"},{"@type":"ListItem","position":3,"name":"enwitec Netz- und Anlagenschutz NA4105 \u2013 86,3 kVA \u2013 gem\u00e4\u00df VDE-AR-N 4105:2018-11 \u2013 10018521"}]},{"@type":"WebSite","@id":"https:\/\/enwitec.eu\/en\/#website","url":"https:\/\/enwitec.eu\/en\/","name":"greenLink orchestrating energy flows | enwitec electronic GmbH | LinQ Europe Sp. z o.o.","description":"","publisher":{"@id":"https:\/\/enwitec.eu\/en\/#organization"},"potentialAction":[{"@type":"SearchAction","target":{"@type":"EntryPoint","urlTemplate":"https:\/\/enwitec.eu\/en\/?s={search_term_string}"},"query-input":{"@type":"PropertyValueSpecification","valueRequired":true,"valueName":"search_term_string"}}],"inLanguage":"it-IT"},{"@type":"Organization","@id":"https:\/\/enwitec.eu\/en\/#organization","name":"greenLink orchestrando i flussi di energia | enwitec electronic GmbH | LinQ Europe Sp. z o.o.","url":"https:\/\/enwitec.eu\/en\/","logo":{"@type":"ImageObject","inLanguage":"it-IT","@id":"https:\/\/enwitec.eu\/en\/#\/schema\/logo\/image\/","url":"https:\/\/greenlink.technology\/wp-content\/uploads\/2025\/01\/greenlink-logo-final.png","contentUrl":"https:\/\/greenlink.technology\/wp-content\/uploads\/2025\/01\/greenlink-logo-final.png","width":2586,"height":629,"caption":"greenLink orchestrando i flussi di energia | enwitec electronic GmbH | LinQ Europe Sp. z o.o. "},"image":{"@id":"https:\/\/enwitec.eu\/en\/#\/schema\/logo\/image\/"}}]}},"_links":{"self":[{"href":"https:\/\/greenlink.technology\/it\/wp-json\/wp\/v2\/product\/1877","targetHints":{"allow":["GET"]}}],"collection":[{"href":"https:\/\/greenlink.technology\/it\/wp-json\/wp\/v2\/product"}],"about":[{"href":"https:\/\/greenlink.technology\/it\/wp-json\/wp\/v2\/types\/product"}],"replies":[{"embeddable":true,"href":"https:\/\/greenlink.technology\/it\/wp-json\/wp\/v2\/comments?post=1877"}],"wp:featuredmedia":[{"embeddable":true,"href":"https:\/\/greenlink.technology\/it\/wp-json\/wp\/v2\/media\/1878"}],"wp:attachment":[{"href":"https:\/\/greenlink.technology\/it\/wp-json\/wp\/v2\/media?parent=1877"}],"wp:term":[{"taxonomy":"anwendung","embeddable":true,"href":"https:\/\/greenlink.technology\/it\/wp-json\/wp\/v2\/anwendung?post=1877"},{"taxonomy":"product_brand","embeddable":true,"href":"https:\/\/greenlink.technology\/it\/wp-json\/wp\/v2\/product_brand?post=1877"},{"taxonomy":"product_cat","embeddable":true,"href":"https:\/\/greenlink.technology\/it\/wp-json\/wp\/v2\/product_cat?post=1877"},{"taxonomy":"product_tag","embeddable":true,"href":"https:\/\/greenlink.technology\/it\/wp-json\/wp\/v2\/product_tag?post=1877"}],"curies":[{"name":"wp","href":"https:\/\/api.w.org\/{rel}","templated":true}]}}