{"id":2009,"date":"2024-03-04T09:25:46","date_gmt":"2024-03-04T08:25:46","guid":{"rendered":"https:\/\/greenlink.technology\/produkt\/enwitec-netzumschaltbox-fuer-fronius-energy-package-system-3-polig-na-schutz-frt-10015584\/"},"modified":"2025-05-28T08:44:59","modified_gmt":"2025-05-28T06:44:59","slug":"enwitec-netzumschaltbox-fuer-fronius-energy-package-system-3-polig-na-schutz-frt-10015584","status":"publish","type":"product","link":"https:\/\/greenlink.technology\/it\/produkt\/enwitec-netzumschaltbox-fuer-fronius-energy-package-system-3-polig-na-schutz-frt-10015584\/","title":{"rendered":"enwitec Netzumschaltbox f\u00fcr das Fronius SYMO GEN24 Plus System \u201eFull Backup\u201c \u2013 20kW, dreipolig, NA + FRT \u2013 10015584"},"content":{"rendered":"<div class=\"system-stammdaten\">\n<h2><\/h2>\n<p>&nbsp;<\/p>\n<\/div>\n","protected":false},"excerpt":{"rendered":"<p>&nbsp;<\/p>\n","protected":false},"featured_media":2010,"comment_status":"closed","ping_status":"closed","template":"","meta":{"_acf_changed":false},"anwendung":[],"product_brand":[264],"product_cat":[192],"product_tag":[202,201,194,195,197],"class_list":{"0":"post-2009","1":"product","2":"type-product","3":"status-publish","4":"has-post-thumbnail","6":"product_brand-enwitec","7":"product_cat-netzumschaltboxen-on-grid","8":"product_tag-202","9":"product_tag-fronius-symo-gen24","10":"product_tag-netzumschalteinrichtungen","11":"product_tag-on-grid","12":"product_tag-umschalteinrichtung","13":"pa_laenderfreigabe-at","14":"pa_max-durchgangsleistung-0-30-kw","15":"pa_nf-a-netzanschlusspunkt-tn-c","16":"pa_nf-i-d-verbraucheranlage-tn-s","17":"pa_umschaltung-automatisch","18":"pa_wechselrichter-fronius-gen24-plus","20":"first","21":"instock","22":"shipping-taxable","23":"product-type-simple"},"acf":{"product_informations":"<strong>Dieser Artikel ist ABGEK\u00dcNDIGT, jedoch noch im Gro\u00dfhandel zu beziehen!<\/strong>\r\n\r\n<strong>Netzumschaltbox 3AC 230\/400V 50Hz<\/strong>\r\n\u2013 Anschlusssicherung max. 63A\r\n\u2013 Dreipolige Trennung -TN(C)-S Netze\r\n\u2013 KEIN TT-Netz!\r\n\u2013 KEIN TN-C Netz in der Kundenanlage!\r\n\u2013 f\u00fcr PV-Anlagen <strong>MIT FRT-Forderung<\/strong> (Fault Ride Through) geeignet\r\n\r\n<strong>passend f\u00fcr<\/strong>\r\nFRONIUS \u2013 Symo Hybrid 3.0-3-S\/4.0-3-S\/5.0-3-S\r\nFRONIUS \u2013 Symo GEN24 6.0 Plus\/8.0 Plus\/10.0 Plus\/12.0 SC Plus\r\n\r\nL\u00e4nderverf\u00fcgbarkeit: ausschlie\u00dflich f\u00fcr \u00d6sterreich (+ Abstimmung mit Netzbetreiber, ob Dreipolige Trennung erlaubt und die Tele \u201eENS\u201c zus\u00e4tzlich gefordert ist)\r\n\r\n\u2013 incl. Fronius SMART METER TS 65A-3\r\n\u2013 incl. NA-Schutz (\u201eENS\u201c) Typ \u201eTele NA003-M64\u201c und Pr\u00fcftrennklemmen\r\n\r\nF\u00fcr weitere technische Informationen downloaden Sie bitte die Dokumentation.\r\n\r\n<strong>Anmerkung<\/strong>\r\nMatchcode: 3PH_FRO_BBD3P_20KW_3PH_FRT_1.0_NA_Tele","technical_data":"<div class=\"stammdaten-col\">\r\n<div class=\"line\">\r\n<div class=\"stammdaten-col\">\r\n<div class=\"line\">\r\n<p class=\"system-stammdaten-left\">Artikel Nr.: 10015584\r\n<span style=\"font-size: inherit;\">Kompatibel zu: <\/span><span style=\"font-size: inherit;\">Fronius\r\n<\/span><span style=\"font-size: inherit;\">Phasen: <\/span><span style=\"font-size: inherit;\">3 Phasig\r\n<\/span><span style=\"font-size: inherit;\">Netztrennung: <\/span><span style=\"font-size: inherit;\">Dreipolig<\/span><span style=\"font-size: inherit;\">\r\n<\/span><span style=\"font-size: inherit;\">Max. thermische Durchgangsleistung: <\/span><span style=\"font-size: inherit;\">20 kW\r\n<\/span><span style=\"font-size: inherit;\">L\u00e4nderkennung: <\/span><span style=\"font-size: inherit;\">\u00d6sterreich\r\n<\/span><span style=\"font-size: inherit;\">NA-Schutz: <\/span><span style=\"font-size: inherit;\">ja\r\n<\/span><span style=\"font-size: inherit;\">Quellenumschalter: <\/span><span style=\"font-size: inherit;\">nein\r\n<\/span><span style=\"font-size: inherit;\">Nennspannung: <\/span><span style=\"font-size: inherit;\">230\/400V\r\n<\/span><span style=\"font-size: inherit;\">Nennfrequenz: <\/span><span style=\"font-size: inherit;\">50\/60 Hz\r\n<\/span><span style=\"font-size: inherit;\">Kurzschlussstrom: <\/span><span style=\"font-size: inherit;\">10 kA\r\n<\/span><span style=\"font-size: inherit;\">Vorsicherung: <\/span><span style=\"font-size: inherit;\">63 A\r\n<\/span><span style=\"font-size: inherit;\">Betriebstemperaturbereich: -5\u00b0C bis +40\u00b0C<\/span><span style=\"font-size: inherit;\">\r\n<\/span><span style=\"font-size: inherit;\">Luftfeuchtigkeit: 5% bis 95%<\/span><span style=\"font-size: inherit;\">\r\n<\/span><span style=\"font-size: inherit;\">Schutzklasse: II<\/span><span style=\"font-size: inherit;\">\r\n<\/span><span style=\"font-size: inherit;\">Abmessungen BxHxT: 448 x 622 x 161 mm<\/span><span style=\"font-size: inherit;\">\r\n<\/span><span style=\"font-size: inherit;\">Gewicht: <\/span><span style=\"font-size: inherit;\">12 kg\r\n<\/span><span style=\"font-size: inherit;\">Geh\u00e4use: Polycarbonat<\/span><span style=\"font-size: inherit;\">\r\n<\/span><\/p>\r\n\r\n<\/div>\r\n<\/div>\r\n<\/div>\r\n<\/div>","download":"<a href=\"https:\/\/greenlink.technology\/wp-content\/uploads\/2025\/04\/10015584_Datenblatt_3PH_FRO_BBD3P_20KW_3PH_FRT_1.1_NA_Tele_2024_05_07.pdf\" target=\"_blank\" rel=\"noopener\">Datenblatt DE<\/a>\r\n<a href=\"https:\/\/greenlink.technology\/wp-content\/uploads\/2025\/04\/2024_05_07_Auswahlhilfe-Fronius-Netzumschaltboxen_AUT-3.pdf\" target=\"_blank\" rel=\"noopener\">Auswahlhilfen AT<\/a>\r\n<a href=\"https:\/\/greenlink.technology\/wp-content\/uploads\/2025\/04\/Allg_Installationsanleitung_10017760_Fronius-Netzumschaltboxen-DACH_V1.0_DE_2024_05_31-1-6.pdf\" target=\"_blank\" rel=\"noopener\">Installationsanleitung<\/a>","product_short_description":"<strong>Wechselrichter:<\/strong> Fronius GEN24 Plus\r\n<strong>L\u00e4nderfreigabe:<\/strong> \u00d6sterreich\r\n<strong>max. thermische Durchgangsleistung :<\/strong> <span style=\"font-size: inherit;\">20-30 kW<\/span>\r\n<strong>Umschaltung: <\/strong>automatisch\r\n<strong>Netzform am Netzanschlusspunkt: <\/strong>TN-C\r\n<strong>Netzform in der Verbraucheranlage:\u00a0<\/strong>TN-S","photo_gallery":{"galerie_produkte":[[]]}},"yoast_head":"<!-- This site is optimized with the Yoast SEO plugin v27.3 - https:\/\/yoast.com\/product\/yoast-seo-wordpress\/ -->\n<title>enwitec Netzumschaltbox f\u00fcr das Fronius SYMO GEN24 Plus System \u201eFull Backup\u201c \u2013 20kW, dreipolig, NA + FRT \u2013 10015584 - greenLink orchestrating energy flows | enwitec electronic GmbH | LinQ Europe Sp. z o.o.<\/title>\n<meta name=\"robots\" content=\"index, follow, max-snippet:-1, max-image-preview:large, max-video-preview:-1\" \/>\n<link rel=\"canonical\" href=\"https:\/\/greenlink.technology\/it\/produkt\/enwitec-netzumschaltbox-fuer-fronius-energy-package-system-3-polig-na-schutz-frt-10015584\/\" \/>\n<meta property=\"og:locale\" content=\"it_IT\" \/>\n<meta property=\"og:type\" content=\"article\" \/>\n<meta property=\"og:title\" content=\"enwitec Netzumschaltbox f\u00fcr das Fronius SYMO GEN24 Plus System \u201eFull Backup\u201c \u2013 20kW, dreipolig, NA + FRT \u2013 10015584 - greenLink orchestrating energy flows | enwitec electronic GmbH | LinQ Europe Sp. z o.o.\" \/>\n<meta property=\"og:description\" content=\"&nbsp;\" \/>\n<meta property=\"og:url\" content=\"https:\/\/greenlink.technology\/it\/produkt\/enwitec-netzumschaltbox-fuer-fronius-energy-package-system-3-polig-na-schutz-frt-10015584\/\" \/>\n<meta property=\"og:site_name\" content=\"greenLink orchestrating energy flows | enwitec electronic GmbH | LinQ Europe Sp. z o.o.\" \/>\n<meta property=\"article:modified_time\" content=\"2025-05-28T06:44:59+00:00\" \/>\n<meta property=\"og:image\" content=\"https:\/\/enwitec.eu\/wp-content\/uploads\/2025\/02\/10015584_front.png\" \/>\n\t<meta property=\"og:image:width\" content=\"500\" \/>\n\t<meta property=\"og:image:height\" content=\"500\" \/>\n\t<meta property=\"og:image:type\" content=\"image\/png\" \/>\n<meta name=\"twitter:card\" content=\"summary_large_image\" \/>\n<script type=\"application\/ld+json\" class=\"yoast-schema-graph\">{\"@context\":\"https:\\\/\\\/schema.org\",\"@graph\":[{\"@type\":\"WebPage\",\"@id\":\"https:\\\/\\\/greenlink.technology\\\/it\\\/produkt\\\/enwitec-netzumschaltbox-fuer-fronius-energy-package-system-3-polig-na-schutz-frt-10015584\\\/\",\"url\":\"https:\\\/\\\/greenlink.technology\\\/it\\\/produkt\\\/enwitec-netzumschaltbox-fuer-fronius-energy-package-system-3-polig-na-schutz-frt-10015584\\\/\",\"name\":\"enwitec Netzumschaltbox f\u00fcr das Fronius SYMO GEN24 Plus System \u201eFull Backup\u201c \u2013 20kW, dreipolig, NA + FRT \u2013 10015584 - greenLink orchestrating energy flows | enwitec electronic GmbH | LinQ Europe Sp. z o.o.\",\"isPartOf\":{\"@id\":\"https:\\\/\\\/enwitec.eu\\\/en\\\/#website\"},\"primaryImageOfPage\":{\"@id\":\"https:\\\/\\\/greenlink.technology\\\/it\\\/produkt\\\/enwitec-netzumschaltbox-fuer-fronius-energy-package-system-3-polig-na-schutz-frt-10015584\\\/#primaryimage\"},\"image\":{\"@id\":\"https:\\\/\\\/greenlink.technology\\\/it\\\/produkt\\\/enwitec-netzumschaltbox-fuer-fronius-energy-package-system-3-polig-na-schutz-frt-10015584\\\/#primaryimage\"},\"thumbnailUrl\":\"https:\\\/\\\/greenlink.technology\\\/wp-content\\\/uploads\\\/2025\\\/02\\\/10015584_front.png\",\"datePublished\":\"2024-03-04T08:25:46+00:00\",\"dateModified\":\"2025-05-28T06:44:59+00:00\",\"breadcrumb\":{\"@id\":\"https:\\\/\\\/greenlink.technology\\\/it\\\/produkt\\\/enwitec-netzumschaltbox-fuer-fronius-energy-package-system-3-polig-na-schutz-frt-10015584\\\/#breadcrumb\"},\"inLanguage\":\"it-IT\",\"potentialAction\":[{\"@type\":\"ReadAction\",\"target\":[\"https:\\\/\\\/greenlink.technology\\\/it\\\/produkt\\\/enwitec-netzumschaltbox-fuer-fronius-energy-package-system-3-polig-na-schutz-frt-10015584\\\/\"]}]},{\"@type\":\"ImageObject\",\"inLanguage\":\"it-IT\",\"@id\":\"https:\\\/\\\/greenlink.technology\\\/it\\\/produkt\\\/enwitec-netzumschaltbox-fuer-fronius-energy-package-system-3-polig-na-schutz-frt-10015584\\\/#primaryimage\",\"url\":\"https:\\\/\\\/greenlink.technology\\\/wp-content\\\/uploads\\\/2025\\\/02\\\/10015584_front.png\",\"contentUrl\":\"https:\\\/\\\/greenlink.technology\\\/wp-content\\\/uploads\\\/2025\\\/02\\\/10015584_front.png\",\"width\":500,\"height\":500},{\"@type\":\"BreadcrumbList\",\"@id\":\"https:\\\/\\\/greenlink.technology\\\/it\\\/produkt\\\/enwitec-netzumschaltbox-fuer-fronius-energy-package-system-3-polig-na-schutz-frt-10015584\\\/#breadcrumb\",\"itemListElement\":[{\"@type\":\"ListItem\",\"position\":1,\"name\":\"Startseite\",\"item\":\"https:\\\/\\\/greenlink.technology\\\/it\\\/\"},{\"@type\":\"ListItem\",\"position\":2,\"name\":\"Prodotti\",\"item\":\"https:\\\/\\\/greenlink.technology\\\/it\\\/chi-siamo\\\/unternehmen\\\/enwitec\\\/prodotti\\\/\"},{\"@type\":\"ListItem\",\"position\":3,\"name\":\"enwitec Netzumschaltbox f\u00fcr das Fronius SYMO GEN24 Plus System \u201eFull Backup\u201c \u2013 20kW, dreipolig, NA + FRT \u2013 10015584\"}]},{\"@type\":\"WebSite\",\"@id\":\"https:\\\/\\\/enwitec.eu\\\/en\\\/#website\",\"url\":\"https:\\\/\\\/enwitec.eu\\\/en\\\/\",\"name\":\"greenLink orchestrating energy flows | enwitec electronic GmbH | LinQ Europe Sp. z o.o.\",\"description\":\"\",\"publisher\":{\"@id\":\"https:\\\/\\\/enwitec.eu\\\/en\\\/#organization\"},\"potentialAction\":[{\"@type\":\"SearchAction\",\"target\":{\"@type\":\"EntryPoint\",\"urlTemplate\":\"https:\\\/\\\/enwitec.eu\\\/en\\\/?s={search_term_string}\"},\"query-input\":{\"@type\":\"PropertyValueSpecification\",\"valueRequired\":true,\"valueName\":\"search_term_string\"}}],\"inLanguage\":\"it-IT\"},{\"@type\":\"Organization\",\"@id\":\"https:\\\/\\\/enwitec.eu\\\/en\\\/#organization\",\"name\":\"greenLink orchestrando i flussi di energia | enwitec electronic GmbH | LinQ Europe Sp. z o.o.\",\"url\":\"https:\\\/\\\/enwitec.eu\\\/en\\\/\",\"logo\":{\"@type\":\"ImageObject\",\"inLanguage\":\"it-IT\",\"@id\":\"https:\\\/\\\/enwitec.eu\\\/en\\\/#\\\/schema\\\/logo\\\/image\\\/\",\"url\":\"https:\\\/\\\/greenlink.technology\\\/wp-content\\\/uploads\\\/2025\\\/01\\\/greenlink-logo-final.png\",\"contentUrl\":\"https:\\\/\\\/greenlink.technology\\\/wp-content\\\/uploads\\\/2025\\\/01\\\/greenlink-logo-final.png\",\"width\":2586,\"height\":629,\"caption\":\"greenLink orchestrando i flussi di energia | enwitec electronic GmbH | LinQ Europe Sp. z o.o. \"},\"image\":{\"@id\":\"https:\\\/\\\/enwitec.eu\\\/en\\\/#\\\/schema\\\/logo\\\/image\\\/\"}}]}<\/script>\n<!-- \/ Yoast SEO plugin. -->","yoast_head_json":{"title":"enwitec Netzumschaltbox f\u00fcr das Fronius SYMO GEN24 Plus System \u201eFull Backup\u201c \u2013 20kW, dreipolig, NA + FRT \u2013 10015584 - greenLink orchestrating energy flows | enwitec electronic GmbH | LinQ Europe Sp. z o.o.","robots":{"index":"index","follow":"follow","max-snippet":"max-snippet:-1","max-image-preview":"max-image-preview:large","max-video-preview":"max-video-preview:-1"},"canonical":"https:\/\/greenlink.technology\/it\/produkt\/enwitec-netzumschaltbox-fuer-fronius-energy-package-system-3-polig-na-schutz-frt-10015584\/","og_locale":"it_IT","og_type":"article","og_title":"enwitec Netzumschaltbox f\u00fcr das Fronius SYMO GEN24 Plus System \u201eFull Backup\u201c \u2013 20kW, dreipolig, NA + FRT \u2013 10015584 - greenLink orchestrating energy flows | enwitec electronic GmbH | LinQ Europe Sp. z o.o.","og_description":"&nbsp;","og_url":"https:\/\/greenlink.technology\/it\/produkt\/enwitec-netzumschaltbox-fuer-fronius-energy-package-system-3-polig-na-schutz-frt-10015584\/","og_site_name":"greenLink orchestrating energy flows | enwitec electronic GmbH | LinQ Europe Sp. z o.o.","article_modified_time":"2025-05-28T06:44:59+00:00","og_image":[{"width":500,"height":500,"url":"https:\/\/enwitec.eu\/wp-content\/uploads\/2025\/02\/10015584_front.png","type":"image\/png"}],"twitter_card":"summary_large_image","schema":{"@context":"https:\/\/schema.org","@graph":[{"@type":"WebPage","@id":"https:\/\/greenlink.technology\/it\/produkt\/enwitec-netzumschaltbox-fuer-fronius-energy-package-system-3-polig-na-schutz-frt-10015584\/","url":"https:\/\/greenlink.technology\/it\/produkt\/enwitec-netzumschaltbox-fuer-fronius-energy-package-system-3-polig-na-schutz-frt-10015584\/","name":"enwitec Netzumschaltbox f\u00fcr das Fronius SYMO GEN24 Plus System \u201eFull Backup\u201c \u2013 20kW, dreipolig, NA + FRT \u2013 10015584 - greenLink orchestrating energy flows | enwitec electronic GmbH | LinQ Europe Sp. z o.o.","isPartOf":{"@id":"https:\/\/enwitec.eu\/en\/#website"},"primaryImageOfPage":{"@id":"https:\/\/greenlink.technology\/it\/produkt\/enwitec-netzumschaltbox-fuer-fronius-energy-package-system-3-polig-na-schutz-frt-10015584\/#primaryimage"},"image":{"@id":"https:\/\/greenlink.technology\/it\/produkt\/enwitec-netzumschaltbox-fuer-fronius-energy-package-system-3-polig-na-schutz-frt-10015584\/#primaryimage"},"thumbnailUrl":"https:\/\/greenlink.technology\/wp-content\/uploads\/2025\/02\/10015584_front.png","datePublished":"2024-03-04T08:25:46+00:00","dateModified":"2025-05-28T06:44:59+00:00","breadcrumb":{"@id":"https:\/\/greenlink.technology\/it\/produkt\/enwitec-netzumschaltbox-fuer-fronius-energy-package-system-3-polig-na-schutz-frt-10015584\/#breadcrumb"},"inLanguage":"it-IT","potentialAction":[{"@type":"ReadAction","target":["https:\/\/greenlink.technology\/it\/produkt\/enwitec-netzumschaltbox-fuer-fronius-energy-package-system-3-polig-na-schutz-frt-10015584\/"]}]},{"@type":"ImageObject","inLanguage":"it-IT","@id":"https:\/\/greenlink.technology\/it\/produkt\/enwitec-netzumschaltbox-fuer-fronius-energy-package-system-3-polig-na-schutz-frt-10015584\/#primaryimage","url":"https:\/\/greenlink.technology\/wp-content\/uploads\/2025\/02\/10015584_front.png","contentUrl":"https:\/\/greenlink.technology\/wp-content\/uploads\/2025\/02\/10015584_front.png","width":500,"height":500},{"@type":"BreadcrumbList","@id":"https:\/\/greenlink.technology\/it\/produkt\/enwitec-netzumschaltbox-fuer-fronius-energy-package-system-3-polig-na-schutz-frt-10015584\/#breadcrumb","itemListElement":[{"@type":"ListItem","position":1,"name":"Startseite","item":"https:\/\/greenlink.technology\/it\/"},{"@type":"ListItem","position":2,"name":"Prodotti","item":"https:\/\/greenlink.technology\/it\/chi-siamo\/unternehmen\/enwitec\/prodotti\/"},{"@type":"ListItem","position":3,"name":"enwitec Netzumschaltbox f\u00fcr das Fronius SYMO GEN24 Plus System \u201eFull Backup\u201c \u2013 20kW, dreipolig, NA + FRT \u2013 10015584"}]},{"@type":"WebSite","@id":"https:\/\/enwitec.eu\/en\/#website","url":"https:\/\/enwitec.eu\/en\/","name":"greenLink orchestrating energy flows | enwitec electronic GmbH | LinQ Europe Sp. z o.o.","description":"","publisher":{"@id":"https:\/\/enwitec.eu\/en\/#organization"},"potentialAction":[{"@type":"SearchAction","target":{"@type":"EntryPoint","urlTemplate":"https:\/\/enwitec.eu\/en\/?s={search_term_string}"},"query-input":{"@type":"PropertyValueSpecification","valueRequired":true,"valueName":"search_term_string"}}],"inLanguage":"it-IT"},{"@type":"Organization","@id":"https:\/\/enwitec.eu\/en\/#organization","name":"greenLink orchestrando i flussi di energia | enwitec electronic GmbH | LinQ Europe Sp. z o.o.","url":"https:\/\/enwitec.eu\/en\/","logo":{"@type":"ImageObject","inLanguage":"it-IT","@id":"https:\/\/enwitec.eu\/en\/#\/schema\/logo\/image\/","url":"https:\/\/greenlink.technology\/wp-content\/uploads\/2025\/01\/greenlink-logo-final.png","contentUrl":"https:\/\/greenlink.technology\/wp-content\/uploads\/2025\/01\/greenlink-logo-final.png","width":2586,"height":629,"caption":"greenLink orchestrando i flussi di energia | enwitec electronic GmbH | LinQ Europe Sp. z o.o. "},"image":{"@id":"https:\/\/enwitec.eu\/en\/#\/schema\/logo\/image\/"}}]}},"_links":{"self":[{"href":"https:\/\/greenlink.technology\/it\/wp-json\/wp\/v2\/product\/2009","targetHints":{"allow":["GET"]}}],"collection":[{"href":"https:\/\/greenlink.technology\/it\/wp-json\/wp\/v2\/product"}],"about":[{"href":"https:\/\/greenlink.technology\/it\/wp-json\/wp\/v2\/types\/product"}],"replies":[{"embeddable":true,"href":"https:\/\/greenlink.technology\/it\/wp-json\/wp\/v2\/comments?post=2009"}],"wp:featuredmedia":[{"embeddable":true,"href":"https:\/\/greenlink.technology\/it\/wp-json\/wp\/v2\/media\/2010"}],"wp:attachment":[{"href":"https:\/\/greenlink.technology\/it\/wp-json\/wp\/v2\/media?parent=2009"}],"wp:term":[{"taxonomy":"anwendung","embeddable":true,"href":"https:\/\/greenlink.technology\/it\/wp-json\/wp\/v2\/anwendung?post=2009"},{"taxonomy":"product_brand","embeddable":true,"href":"https:\/\/greenlink.technology\/it\/wp-json\/wp\/v2\/product_brand?post=2009"},{"taxonomy":"product_cat","embeddable":true,"href":"https:\/\/greenlink.technology\/it\/wp-json\/wp\/v2\/product_cat?post=2009"},{"taxonomy":"product_tag","embeddable":true,"href":"https:\/\/greenlink.technology\/it\/wp-json\/wp\/v2\/product_tag?post=2009"}],"curies":[{"name":"wp","href":"https:\/\/api.w.org\/{rel}","templated":true}]}}