{"id":2094,"date":"2024-03-05T08:58:12","date_gmt":"2024-03-05T07:58:12","guid":{"rendered":"https:\/\/greenlink.technology\/produkt\/enwitec-netzumschaltbox-fuer-fronius-symo-gen24-dreipolig-10017485\/"},"modified":"2025-10-28T14:45:26","modified_gmt":"2025-10-28T13:45:26","slug":"enwitec-netzumschaltbox-fuer-fronius-symo-gen24-dreipolig-10017485","status":"publish","type":"product","link":"https:\/\/greenlink.technology\/it\/produkt\/enwitec-netzumschaltbox-fuer-fronius-symo-gen24-dreipolig-10017485\/","title":{"rendered":"enwitec Netzumschaltbox f\u00fcr das Fronius SYMO GEN24 Plus System \u201eFull Backup\u201c \u2013 20kW, allpolig, FRT \u2013 10017349"},"content":{"rendered":"","protected":false},"excerpt":{"rendered":"","protected":false},"featured_media":2095,"comment_status":"closed","ping_status":"closed","template":"","meta":{"_acf_changed":false},"anwendung":[],"product_brand":[264],"product_cat":[192],"product_tag":[209,201,194,195,197],"class_list":{"0":"post-2094","1":"product","2":"type-product","3":"status-publish","4":"has-post-thumbnail","6":"product_brand-enwitec","7":"product_cat-netzumschaltboxen-on-grid","8":"product_tag-209","9":"product_tag-fronius-symo-gen24","10":"product_tag-netzumschalteinrichtungen","11":"product_tag-on-grid","12":"product_tag-umschalteinrichtung","13":"pa_laenderfreigabe-at","14":"pa_max-durchgangsleistung-0-30-kw","15":"pa_nf-a-netzanschlusspunkt-tn-c","16":"pa_nf-a-netzanschlusspunkt-tn-s","17":"pa_nf-a-netzanschlusspunkt-tt","18":"pa_nf-i-d-verbraucheranlage-tn-s","19":"pa_nf-i-d-verbraucheranlage-tt","20":"pa_umschaltung-automatisch","21":"pa_wechselrichter-fronius-gen24-plus","23":"first","24":"instock","25":"shipping-taxable","26":"product-type-simple"},"acf":{"product_informations":"Netzumschaltbox 3AC 230\/400V 50Hz\r\n\u2013 Anschlusssicherung max. 63A\r\n\u2013 Allpolige Trennung: TN(C)-S\/TN-S Netze, TT-Netze nach R\u00fccksprache mit dem Netzbetreiber\r\n\u2013 KEIN TN-C Netz in der Kundenanlage!\r\n\u2013 f\u00fcr PV-Anlagen MIT FRT-Forderung (Fault Ride Through)\r\n\r\npassend f\u00fcr\r\nFRONIUS \u2013 Symo GEN24 6.0 Plus\/8.0 Plus\/10.0 Plus\/12.0 SC Plus\r\n\r\nL\u00e4nderverf\u00fcgbarkeit: \u00d6sterreich\r\n\r\n\u2013 incl. Fronius SMART METER TS 65A-3\r\n\r\nF\u00fcr weitere technische Informationen downloaden Sie bitte die Dokumentation.\r\n\r\nAnmerkung\r\nMatchcode: 3PH_FRO_BBDAP_20KW_3PH_FRT","technical_data":"Artikel Nr.: 10017349\r\nKompatibel zu: Fronius\r\nPhasen: 3 Phasig\r\nNetztrennung: Allpolig\r\nMax. thermische Durchgangsleistung: 20 - 30 kW\r\nL\u00e4nderkennung: \u00d6sterreich\r\nNA-Schutz: nein\r\nQuellenumschalter: nein\r\nNennspannung: 230\/400V\r\nNennfrequenz: 50\/60 Hz\r\nKurzschlussstrom: 10 kA\r\nVorsicherung: 63 A\r\nBetriebstemperaturbereich: -5\u00b0C bis +40\u00b0C\r\nLuftfeuchtigkeit: -25% bis 55%\r\nSchutzklasse: II\r\nAbmessungen BxHxT: 315x600x155 mm\r\nGewicht: 11 kg\r\nGeh\u00e4use: Polycarbonat","download":"<a href=\"https:\/\/greenlink.technology\/wp-content\/uploads\/2025\/10\/10017349_Datenblatt_3PH_FRO_BBDAP_20KW_3PH_FRT_2025_05_26_a.pdf\" target=\"_blank\" rel=\"noopener\">Datenblatt DE<\/a>\r\n<a href=\"https:\/\/greenlink.technology\/wp-content\/uploads\/2025\/10\/10017349_datasheet_3PH_FRO_BBDAP_20KW_3PH_FRT_2025_05_26_a.pdf\" target=\"_blank\" rel=\"noopener\">Data Sheet EN<\/a>\r\n<a href=\"https:\/\/greenlink.technology\/wp-content\/uploads\/2025\/04\/2024_05_07_Auswahlhilfe-Fronius-Netzumschaltboxen_AUT-1.pdf\" target=\"_blank\" rel=\"noopener\">Auswahlhilfen AT<\/a>\r\n<a href=\"https:\/\/greenlink.technology\/wp-content\/uploads\/2025\/04\/Allg_Installationsanleitung_10017760_Fronius-Netzumschaltboxen-DACH_V1.0_DE_2024_05_31-1-3.pdf\" target=\"_blank\" rel=\"noopener\">Installationsanleitung<\/a>","product_short_description":"Wechselrichter: Fronius SYMO GEN24 Plus\r\nL\u00e4nderfreigabe: \u00d6sterreich\r\nmax. thermische Durchgangsleistung : 20-30 kW\r\nUmschaltung: automatisch\r\nNetzform am Netzanschlusspunkt: TN-S, TT, TN-C\r\nNetzform in der Verbraucheranlage: TN-S, TT","photo_gallery":{"galerie_produkte":[[]]}},"yoast_head":"<!-- This site is optimized with the Yoast SEO plugin v27.3 - https:\/\/yoast.com\/product\/yoast-seo-wordpress\/ -->\n<title>enwitec Netzumschaltbox f\u00fcr das Fronius SYMO GEN24 Plus System \u201eFull Backup\u201c \u2013 20kW, allpolig, FRT \u2013 10017349 - greenLink orchestrating energy flows | enwitec electronic GmbH | LinQ Europe Sp. z o.o.<\/title>\n<meta name=\"robots\" content=\"index, follow, max-snippet:-1, max-image-preview:large, max-video-preview:-1\" \/>\n<link rel=\"canonical\" href=\"https:\/\/greenlink.technology\/it\/produkt\/enwitec-netzumschaltbox-fuer-fronius-symo-gen24-dreipolig-10017485\/\" \/>\n<meta property=\"og:locale\" content=\"it_IT\" \/>\n<meta property=\"og:type\" content=\"article\" \/>\n<meta property=\"og:title\" content=\"enwitec Netzumschaltbox f\u00fcr das Fronius SYMO GEN24 Plus System \u201eFull Backup\u201c \u2013 20kW, allpolig, FRT \u2013 10017349 - greenLink orchestrating energy flows | enwitec electronic GmbH | LinQ Europe Sp. z o.o.\" \/>\n<meta property=\"og:url\" content=\"https:\/\/greenlink.technology\/it\/produkt\/enwitec-netzumschaltbox-fuer-fronius-symo-gen24-dreipolig-10017485\/\" \/>\n<meta property=\"og:site_name\" content=\"greenLink orchestrating energy flows | enwitec electronic GmbH | LinQ Europe Sp. z o.o.\" \/>\n<meta property=\"article:modified_time\" content=\"2025-10-28T13:45:26+00:00\" \/>\n<meta property=\"og:image\" content=\"https:\/\/enwitec.eu\/wp-content\/uploads\/2025\/02\/10017349_front.png\" \/>\n\t<meta property=\"og:image:width\" content=\"500\" \/>\n\t<meta property=\"og:image:height\" content=\"500\" \/>\n\t<meta property=\"og:image:type\" content=\"image\/png\" \/>\n<meta name=\"twitter:card\" content=\"summary_large_image\" \/>\n<meta name=\"twitter:label1\" content=\"Tempo di lettura stimato\" \/>\n\t<meta name=\"twitter:data1\" content=\"1 minuto\" \/>\n<script type=\"application\/ld+json\" class=\"yoast-schema-graph\">{\"@context\":\"https:\\\/\\\/schema.org\",\"@graph\":[{\"@type\":\"WebPage\",\"@id\":\"https:\\\/\\\/greenlink.technology\\\/it\\\/produkt\\\/enwitec-netzumschaltbox-fuer-fronius-symo-gen24-dreipolig-10017485\\\/\",\"url\":\"https:\\\/\\\/greenlink.technology\\\/it\\\/produkt\\\/enwitec-netzumschaltbox-fuer-fronius-symo-gen24-dreipolig-10017485\\\/\",\"name\":\"enwitec Netzumschaltbox f\u00fcr das Fronius SYMO GEN24 Plus System \u201eFull Backup\u201c \u2013 20kW, allpolig, FRT \u2013 10017349 - greenLink orchestrating energy flows | enwitec electronic GmbH | LinQ Europe Sp. z o.o.\",\"isPartOf\":{\"@id\":\"https:\\\/\\\/enwitec.eu\\\/en\\\/#website\"},\"primaryImageOfPage\":{\"@id\":\"https:\\\/\\\/greenlink.technology\\\/it\\\/produkt\\\/enwitec-netzumschaltbox-fuer-fronius-symo-gen24-dreipolig-10017485\\\/#primaryimage\"},\"image\":{\"@id\":\"https:\\\/\\\/greenlink.technology\\\/it\\\/produkt\\\/enwitec-netzumschaltbox-fuer-fronius-symo-gen24-dreipolig-10017485\\\/#primaryimage\"},\"thumbnailUrl\":\"https:\\\/\\\/greenlink.technology\\\/wp-content\\\/uploads\\\/2025\\\/02\\\/10017349_front.png\",\"datePublished\":\"2024-03-05T07:58:12+00:00\",\"dateModified\":\"2025-10-28T13:45:26+00:00\",\"breadcrumb\":{\"@id\":\"https:\\\/\\\/greenlink.technology\\\/it\\\/produkt\\\/enwitec-netzumschaltbox-fuer-fronius-symo-gen24-dreipolig-10017485\\\/#breadcrumb\"},\"inLanguage\":\"it-IT\",\"potentialAction\":[{\"@type\":\"ReadAction\",\"target\":[\"https:\\\/\\\/greenlink.technology\\\/it\\\/produkt\\\/enwitec-netzumschaltbox-fuer-fronius-symo-gen24-dreipolig-10017485\\\/\"]}]},{\"@type\":\"ImageObject\",\"inLanguage\":\"it-IT\",\"@id\":\"https:\\\/\\\/greenlink.technology\\\/it\\\/produkt\\\/enwitec-netzumschaltbox-fuer-fronius-symo-gen24-dreipolig-10017485\\\/#primaryimage\",\"url\":\"https:\\\/\\\/greenlink.technology\\\/wp-content\\\/uploads\\\/2025\\\/02\\\/10017349_front.png\",\"contentUrl\":\"https:\\\/\\\/greenlink.technology\\\/wp-content\\\/uploads\\\/2025\\\/02\\\/10017349_front.png\",\"width\":500,\"height\":500},{\"@type\":\"BreadcrumbList\",\"@id\":\"https:\\\/\\\/greenlink.technology\\\/it\\\/produkt\\\/enwitec-netzumschaltbox-fuer-fronius-symo-gen24-dreipolig-10017485\\\/#breadcrumb\",\"itemListElement\":[{\"@type\":\"ListItem\",\"position\":1,\"name\":\"Startseite\",\"item\":\"https:\\\/\\\/greenlink.technology\\\/it\\\/\"},{\"@type\":\"ListItem\",\"position\":2,\"name\":\"Prodotti\",\"item\":\"https:\\\/\\\/greenlink.technology\\\/it\\\/chi-siamo\\\/unternehmen\\\/enwitec\\\/prodotti\\\/\"},{\"@type\":\"ListItem\",\"position\":3,\"name\":\"enwitec Netzumschaltbox f\u00fcr das Fronius SYMO GEN24 Plus System \u201eFull Backup\u201c \u2013 20kW, allpolig, FRT \u2013 10017349\"}]},{\"@type\":\"WebSite\",\"@id\":\"https:\\\/\\\/enwitec.eu\\\/en\\\/#website\",\"url\":\"https:\\\/\\\/enwitec.eu\\\/en\\\/\",\"name\":\"greenLink orchestrating energy flows | enwitec electronic GmbH | LinQ Europe Sp. z o.o.\",\"description\":\"\",\"publisher\":{\"@id\":\"https:\\\/\\\/enwitec.eu\\\/en\\\/#organization\"},\"potentialAction\":[{\"@type\":\"SearchAction\",\"target\":{\"@type\":\"EntryPoint\",\"urlTemplate\":\"https:\\\/\\\/enwitec.eu\\\/en\\\/?s={search_term_string}\"},\"query-input\":{\"@type\":\"PropertyValueSpecification\",\"valueRequired\":true,\"valueName\":\"search_term_string\"}}],\"inLanguage\":\"it-IT\"},{\"@type\":\"Organization\",\"@id\":\"https:\\\/\\\/enwitec.eu\\\/en\\\/#organization\",\"name\":\"greenLink orchestrando i flussi di energia | enwitec electronic GmbH | LinQ Europe Sp. z o.o.\",\"url\":\"https:\\\/\\\/enwitec.eu\\\/en\\\/\",\"logo\":{\"@type\":\"ImageObject\",\"inLanguage\":\"it-IT\",\"@id\":\"https:\\\/\\\/enwitec.eu\\\/en\\\/#\\\/schema\\\/logo\\\/image\\\/\",\"url\":\"https:\\\/\\\/greenlink.technology\\\/wp-content\\\/uploads\\\/2025\\\/01\\\/greenlink-logo-final.png\",\"contentUrl\":\"https:\\\/\\\/greenlink.technology\\\/wp-content\\\/uploads\\\/2025\\\/01\\\/greenlink-logo-final.png\",\"width\":2586,\"height\":629,\"caption\":\"greenLink orchestrando i flussi di energia | enwitec electronic GmbH | LinQ Europe Sp. z o.o. \"},\"image\":{\"@id\":\"https:\\\/\\\/enwitec.eu\\\/en\\\/#\\\/schema\\\/logo\\\/image\\\/\"}}]}<\/script>\n<!-- \/ Yoast SEO plugin. -->","yoast_head_json":{"title":"enwitec Netzumschaltbox f\u00fcr das Fronius SYMO GEN24 Plus System \u201eFull Backup\u201c \u2013 20kW, allpolig, FRT \u2013 10017349 - greenLink orchestrating energy flows | enwitec electronic GmbH | LinQ Europe Sp. z o.o.","robots":{"index":"index","follow":"follow","max-snippet":"max-snippet:-1","max-image-preview":"max-image-preview:large","max-video-preview":"max-video-preview:-1"},"canonical":"https:\/\/greenlink.technology\/it\/produkt\/enwitec-netzumschaltbox-fuer-fronius-symo-gen24-dreipolig-10017485\/","og_locale":"it_IT","og_type":"article","og_title":"enwitec Netzumschaltbox f\u00fcr das Fronius SYMO GEN24 Plus System \u201eFull Backup\u201c \u2013 20kW, allpolig, FRT \u2013 10017349 - greenLink orchestrating energy flows | enwitec electronic GmbH | LinQ Europe Sp. z o.o.","og_url":"https:\/\/greenlink.technology\/it\/produkt\/enwitec-netzumschaltbox-fuer-fronius-symo-gen24-dreipolig-10017485\/","og_site_name":"greenLink orchestrating energy flows | enwitec electronic GmbH | LinQ Europe Sp. z o.o.","article_modified_time":"2025-10-28T13:45:26+00:00","og_image":[{"width":500,"height":500,"url":"https:\/\/enwitec.eu\/wp-content\/uploads\/2025\/02\/10017349_front.png","type":"image\/png"}],"twitter_card":"summary_large_image","twitter_misc":{"Tempo di lettura stimato":"1 minuto"},"schema":{"@context":"https:\/\/schema.org","@graph":[{"@type":"WebPage","@id":"https:\/\/greenlink.technology\/it\/produkt\/enwitec-netzumschaltbox-fuer-fronius-symo-gen24-dreipolig-10017485\/","url":"https:\/\/greenlink.technology\/it\/produkt\/enwitec-netzumschaltbox-fuer-fronius-symo-gen24-dreipolig-10017485\/","name":"enwitec Netzumschaltbox f\u00fcr das Fronius SYMO GEN24 Plus System \u201eFull Backup\u201c \u2013 20kW, allpolig, FRT \u2013 10017349 - greenLink orchestrating energy flows | enwitec electronic GmbH | LinQ Europe Sp. z o.o.","isPartOf":{"@id":"https:\/\/enwitec.eu\/en\/#website"},"primaryImageOfPage":{"@id":"https:\/\/greenlink.technology\/it\/produkt\/enwitec-netzumschaltbox-fuer-fronius-symo-gen24-dreipolig-10017485\/#primaryimage"},"image":{"@id":"https:\/\/greenlink.technology\/it\/produkt\/enwitec-netzumschaltbox-fuer-fronius-symo-gen24-dreipolig-10017485\/#primaryimage"},"thumbnailUrl":"https:\/\/greenlink.technology\/wp-content\/uploads\/2025\/02\/10017349_front.png","datePublished":"2024-03-05T07:58:12+00:00","dateModified":"2025-10-28T13:45:26+00:00","breadcrumb":{"@id":"https:\/\/greenlink.technology\/it\/produkt\/enwitec-netzumschaltbox-fuer-fronius-symo-gen24-dreipolig-10017485\/#breadcrumb"},"inLanguage":"it-IT","potentialAction":[{"@type":"ReadAction","target":["https:\/\/greenlink.technology\/it\/produkt\/enwitec-netzumschaltbox-fuer-fronius-symo-gen24-dreipolig-10017485\/"]}]},{"@type":"ImageObject","inLanguage":"it-IT","@id":"https:\/\/greenlink.technology\/it\/produkt\/enwitec-netzumschaltbox-fuer-fronius-symo-gen24-dreipolig-10017485\/#primaryimage","url":"https:\/\/greenlink.technology\/wp-content\/uploads\/2025\/02\/10017349_front.png","contentUrl":"https:\/\/greenlink.technology\/wp-content\/uploads\/2025\/02\/10017349_front.png","width":500,"height":500},{"@type":"BreadcrumbList","@id":"https:\/\/greenlink.technology\/it\/produkt\/enwitec-netzumschaltbox-fuer-fronius-symo-gen24-dreipolig-10017485\/#breadcrumb","itemListElement":[{"@type":"ListItem","position":1,"name":"Startseite","item":"https:\/\/greenlink.technology\/it\/"},{"@type":"ListItem","position":2,"name":"Prodotti","item":"https:\/\/greenlink.technology\/it\/chi-siamo\/unternehmen\/enwitec\/prodotti\/"},{"@type":"ListItem","position":3,"name":"enwitec Netzumschaltbox f\u00fcr das Fronius SYMO GEN24 Plus System \u201eFull Backup\u201c \u2013 20kW, allpolig, FRT \u2013 10017349"}]},{"@type":"WebSite","@id":"https:\/\/enwitec.eu\/en\/#website","url":"https:\/\/enwitec.eu\/en\/","name":"greenLink orchestrating energy flows | enwitec electronic GmbH | LinQ Europe Sp. z o.o.","description":"","publisher":{"@id":"https:\/\/enwitec.eu\/en\/#organization"},"potentialAction":[{"@type":"SearchAction","target":{"@type":"EntryPoint","urlTemplate":"https:\/\/enwitec.eu\/en\/?s={search_term_string}"},"query-input":{"@type":"PropertyValueSpecification","valueRequired":true,"valueName":"search_term_string"}}],"inLanguage":"it-IT"},{"@type":"Organization","@id":"https:\/\/enwitec.eu\/en\/#organization","name":"greenLink orchestrando i flussi di energia | enwitec electronic GmbH | LinQ Europe Sp. z o.o.","url":"https:\/\/enwitec.eu\/en\/","logo":{"@type":"ImageObject","inLanguage":"it-IT","@id":"https:\/\/enwitec.eu\/en\/#\/schema\/logo\/image\/","url":"https:\/\/greenlink.technology\/wp-content\/uploads\/2025\/01\/greenlink-logo-final.png","contentUrl":"https:\/\/greenlink.technology\/wp-content\/uploads\/2025\/01\/greenlink-logo-final.png","width":2586,"height":629,"caption":"greenLink orchestrando i flussi di energia | enwitec electronic GmbH | LinQ Europe Sp. z o.o. "},"image":{"@id":"https:\/\/enwitec.eu\/en\/#\/schema\/logo\/image\/"}}]}},"_links":{"self":[{"href":"https:\/\/greenlink.technology\/it\/wp-json\/wp\/v2\/product\/2094","targetHints":{"allow":["GET"]}}],"collection":[{"href":"https:\/\/greenlink.technology\/it\/wp-json\/wp\/v2\/product"}],"about":[{"href":"https:\/\/greenlink.technology\/it\/wp-json\/wp\/v2\/types\/product"}],"replies":[{"embeddable":true,"href":"https:\/\/greenlink.technology\/it\/wp-json\/wp\/v2\/comments?post=2094"}],"wp:featuredmedia":[{"embeddable":true,"href":"https:\/\/greenlink.technology\/it\/wp-json\/wp\/v2\/media\/2095"}],"wp:attachment":[{"href":"https:\/\/greenlink.technology\/it\/wp-json\/wp\/v2\/media?parent=2094"}],"wp:term":[{"taxonomy":"anwendung","embeddable":true,"href":"https:\/\/greenlink.technology\/it\/wp-json\/wp\/v2\/anwendung?post=2094"},{"taxonomy":"product_brand","embeddable":true,"href":"https:\/\/greenlink.technology\/it\/wp-json\/wp\/v2\/product_brand?post=2094"},{"taxonomy":"product_cat","embeddable":true,"href":"https:\/\/greenlink.technology\/it\/wp-json\/wp\/v2\/product_cat?post=2094"},{"taxonomy":"product_tag","embeddable":true,"href":"https:\/\/greenlink.technology\/it\/wp-json\/wp\/v2\/product_tag?post=2094"}],"curies":[{"name":"wp","href":"https:\/\/api.w.org\/{rel}","templated":true}]}}