{"id":22829,"date":"2025-11-11T08:39:44","date_gmt":"2025-11-11T07:39:44","guid":{"rendered":"https:\/\/greenlink.technology\/produkt\/enwitec-scatola-di-connessione-per-generatori-dc-gak-1100v-m21-i01vrs-o01vrs-sxxxx-xxxxx-m-ue12-solarconnect-sun2000-10019939\/"},"modified":"2025-11-11T08:39:44","modified_gmt":"2025-11-11T07:39:44","slug":"enwitec-scatola-di-connessione-per-generatori-dc-gak-1100v-m21-i01vrs-o01vrs-sxxxx-xxxxx-m-ue12-solarconnect-sun2000-10019939","status":"publish","type":"product","link":"https:\/\/greenlink.technology\/it\/produkt\/enwitec-scatola-di-connessione-per-generatori-dc-gak-1100v-m21-i01vrs-o01vrs-sxxxx-xxxxx-m-ue12-solarconnect-sun2000-10019939\/","title":{"rendered":"Enwitec Scatola di connessione per generatori DC GAK 1100V M21 I01VRS O01VRS Sxxxx Xxxxx M- \u00dc12 SolarConnect SUN2000 10019939"},"content":{"rendered":"","protected":false},"excerpt":{"rendered":"","protected":false},"featured_media":0,"comment_status":"closed","ping_status":"closed","template":"","meta":{"_acf_changed":false},"anwendung":[],"product_brand":[],"product_cat":[1712],"product_tag":[],"class_list":{"0":"post-22829","1":"product","2":"type-product","3":"status-publish","5":"product_cat-scatola-di-connessione-del-generatore","7":"first","8":"instock","9":"shipping-taxable","10":"product-type-simple"},"acf":{"product_informations":"Il SolarConnect SUN2000 \u00e8 un sistema di trasmissione 1:1 con 21 stringhe individuali e una tensione di sistema di 1.100 VDC che si rivolge agli operatori e agli installatori di impianti fotovoltaici commerciali, impianti industriali e progetti energetici agricoli che richiedono i pi\u00f9 elevati standard di sicurezza per le connessioni antifulmine. \u00c8 la soluzione ideale per i progetti C&I e utility pi\u00f9 esigenti in tutta Europa.\nGli impianti fotovoltaici sono protetti in modo affidabile dalle sovratensioni e il GAK riceve contemporaneamente le esclusive funzioni di sicurezza e monitoraggio degli inverter SUN2000 di Huawei. Ogni stringa fotovoltaica \u00e8 instradata individualmente e dotata di protezione contro le sovratensioni di tipo I\/II, perfetta per i sistemi con connessione di protezione contro i fulmini per i quali Huawei stessa non offre una soluzione di tipo I.  ","technical_data":"Article no.: 10019939\nMax. Umpp (Ue): 1100 VDC\nInseguitore MPP: 21\nStringhe in ingresso per MPP: 1\nStringhe in uscita per MPP: 1\nFusibile di stringa: no\nProtezione da sovratensione: tipo I+II\nSezionatore: no\nTipo di connessione: connessione a vite\nCorrente nominale InA: 357 ADC\nCorrente nominale Isc per stringa: 17 ADC\nDimensioni (LxHxP): 800 x 600 x 300 mm\nPeso totale: 29 kg ","download":"<a href=\"https:\/\/greenlink.technology\/wp-content\/uploads\/2025\/11\/10019939_DE_DAT_GAK-1100V-M21-I01VRS-O01VRS-Sxxxx-Xxxxx-M-Ue12-d.pdf\" target=\"_blank\" rel=\"noopener\">Scheda tecnica in tedesco<\/a>\n<a href=\"https:\/\/greenlink.technology\/wp-content\/uploads\/2025\/11\/10019939_GB_DAT_GAK-1100V-M21-I01VRS-O01VRS-Sxxxx-Xxxxx-M-Ue12-d.pdf\" target=\"_blank\" rel=\"noopener\">Scheda tecnica in inglese<\/a>","product_short_description":"<strong>Tensione di sistema:<\/strong> 1100 VDC\n<strong>Inseguitore MPP:<\/strong> 21\n<strong>Corde in ingresso per MPP:<\/strong> 1\n<strong>Corde in uscita per MPP: <\/strong>1\n<strong>Protezione da sovratensione:<\/strong> Tipo I+II\n<strong>Sezionatore: <\/strong>No\n<strong>Tipo di connessione:<\/strong> Connessione a vite","photo_gallery":{"galerie_produkte":[[]]}},"yoast_head":"<!-- This site is optimized with the Yoast SEO plugin v27.3 - https:\/\/yoast.com\/product\/yoast-seo-wordpress\/ -->\n<title>Enwitec Scatola di connessione per generatori DC GAK 1100V M21 I01VRS O01VRS Sxxxx Xxxxx M- \u00dc12 SolarConnect SUN2000 10019939 - greenLink orchestrating energy flows | enwitec electronic GmbH | LinQ Europe Sp. z o.o.<\/title>\n<meta name=\"robots\" content=\"index, follow, max-snippet:-1, max-image-preview:large, max-video-preview:-1\" \/>\n<link rel=\"canonical\" href=\"https:\/\/greenlink.technology\/it\/produkt\/enwitec-scatola-di-connessione-per-generatori-dc-gak-1100v-m21-i01vrs-o01vrs-sxxxx-xxxxx-m-ue12-solarconnect-sun2000-10019939\/\" \/>\n<meta property=\"og:locale\" content=\"it_IT\" \/>\n<meta property=\"og:type\" content=\"article\" \/>\n<meta property=\"og:title\" content=\"Enwitec Scatola di connessione per generatori DC GAK 1100V M21 I01VRS O01VRS Sxxxx Xxxxx M- \u00dc12 SolarConnect SUN2000 10019939 - greenLink orchestrating energy flows | enwitec electronic GmbH | LinQ Europe Sp. z o.o.\" \/>\n<meta property=\"og:url\" content=\"https:\/\/greenlink.technology\/it\/produkt\/enwitec-scatola-di-connessione-per-generatori-dc-gak-1100v-m21-i01vrs-o01vrs-sxxxx-xxxxx-m-ue12-solarconnect-sun2000-10019939\/\" \/>\n<meta property=\"og:site_name\" content=\"greenLink orchestrating energy flows | enwitec electronic GmbH | LinQ Europe Sp. z o.o.\" \/>\n<meta name=\"twitter:card\" content=\"summary_large_image\" \/>\n<script type=\"application\/ld+json\" class=\"yoast-schema-graph\">{\"@context\":\"https:\\\/\\\/schema.org\",\"@graph\":[{\"@type\":\"WebPage\",\"@id\":\"https:\\\/\\\/greenlink.technology\\\/it\\\/produkt\\\/enwitec-scatola-di-connessione-per-generatori-dc-gak-1100v-m21-i01vrs-o01vrs-sxxxx-xxxxx-m-ue12-solarconnect-sun2000-10019939\\\/\",\"url\":\"https:\\\/\\\/greenlink.technology\\\/it\\\/produkt\\\/enwitec-scatola-di-connessione-per-generatori-dc-gak-1100v-m21-i01vrs-o01vrs-sxxxx-xxxxx-m-ue12-solarconnect-sun2000-10019939\\\/\",\"name\":\"Enwitec Scatola di connessione per generatori DC GAK 1100V M21 I01VRS O01VRS Sxxxx Xxxxx M- \u00dc12 SolarConnect SUN2000 10019939 - greenLink orchestrating energy flows | enwitec electronic GmbH | LinQ Europe Sp. z o.o.\",\"isPartOf\":{\"@id\":\"https:\\\/\\\/enwitec.eu\\\/en\\\/#website\"},\"datePublished\":\"2025-11-11T07:39:44+00:00\",\"breadcrumb\":{\"@id\":\"https:\\\/\\\/greenlink.technology\\\/it\\\/produkt\\\/enwitec-scatola-di-connessione-per-generatori-dc-gak-1100v-m21-i01vrs-o01vrs-sxxxx-xxxxx-m-ue12-solarconnect-sun2000-10019939\\\/#breadcrumb\"},\"inLanguage\":\"it-IT\",\"potentialAction\":[{\"@type\":\"ReadAction\",\"target\":[\"https:\\\/\\\/greenlink.technology\\\/it\\\/produkt\\\/enwitec-scatola-di-connessione-per-generatori-dc-gak-1100v-m21-i01vrs-o01vrs-sxxxx-xxxxx-m-ue12-solarconnect-sun2000-10019939\\\/\"]}]},{\"@type\":\"BreadcrumbList\",\"@id\":\"https:\\\/\\\/greenlink.technology\\\/it\\\/produkt\\\/enwitec-scatola-di-connessione-per-generatori-dc-gak-1100v-m21-i01vrs-o01vrs-sxxxx-xxxxx-m-ue12-solarconnect-sun2000-10019939\\\/#breadcrumb\",\"itemListElement\":[{\"@type\":\"ListItem\",\"position\":1,\"name\":\"Startseite\",\"item\":\"https:\\\/\\\/greenlink.technology\\\/it\\\/\"},{\"@type\":\"ListItem\",\"position\":2,\"name\":\"Prodotti\",\"item\":\"https:\\\/\\\/greenlink.technology\\\/it\\\/chi-siamo\\\/unternehmen\\\/enwitec\\\/prodotti\\\/\"},{\"@type\":\"ListItem\",\"position\":3,\"name\":\"Enwitec Scatola di connessione per generatori DC GAK 1100V M21 I01VRS O01VRS Sxxxx Xxxxx M- \u00dc12 SolarConnect SUN2000 10019939\"}]},{\"@type\":\"WebSite\",\"@id\":\"https:\\\/\\\/enwitec.eu\\\/en\\\/#website\",\"url\":\"https:\\\/\\\/enwitec.eu\\\/en\\\/\",\"name\":\"greenLink orchestrating energy flows | enwitec electronic GmbH | LinQ Europe Sp. z o.o.\",\"description\":\"\",\"publisher\":{\"@id\":\"https:\\\/\\\/enwitec.eu\\\/en\\\/#organization\"},\"potentialAction\":[{\"@type\":\"SearchAction\",\"target\":{\"@type\":\"EntryPoint\",\"urlTemplate\":\"https:\\\/\\\/enwitec.eu\\\/en\\\/?s={search_term_string}\"},\"query-input\":{\"@type\":\"PropertyValueSpecification\",\"valueRequired\":true,\"valueName\":\"search_term_string\"}}],\"inLanguage\":\"it-IT\"},{\"@type\":\"Organization\",\"@id\":\"https:\\\/\\\/enwitec.eu\\\/en\\\/#organization\",\"name\":\"greenLink orchestrando i flussi di energia | enwitec electronic GmbH | LinQ Europe Sp. z o.o.\",\"url\":\"https:\\\/\\\/enwitec.eu\\\/en\\\/\",\"logo\":{\"@type\":\"ImageObject\",\"inLanguage\":\"it-IT\",\"@id\":\"https:\\\/\\\/enwitec.eu\\\/en\\\/#\\\/schema\\\/logo\\\/image\\\/\",\"url\":\"https:\\\/\\\/greenlink.technology\\\/wp-content\\\/uploads\\\/2025\\\/01\\\/greenlink-logo-final.png\",\"contentUrl\":\"https:\\\/\\\/greenlink.technology\\\/wp-content\\\/uploads\\\/2025\\\/01\\\/greenlink-logo-final.png\",\"width\":2586,\"height\":629,\"caption\":\"greenLink orchestrando i flussi di energia | enwitec electronic GmbH | LinQ Europe Sp. z o.o. \"},\"image\":{\"@id\":\"https:\\\/\\\/enwitec.eu\\\/en\\\/#\\\/schema\\\/logo\\\/image\\\/\"}}]}<\/script>\n<!-- \/ Yoast SEO plugin. -->","yoast_head_json":{"title":"Enwitec Scatola di connessione per generatori DC GAK 1100V M21 I01VRS O01VRS Sxxxx Xxxxx M- \u00dc12 SolarConnect SUN2000 10019939 - greenLink orchestrating energy flows | enwitec electronic GmbH | LinQ Europe Sp. z o.o.","robots":{"index":"index","follow":"follow","max-snippet":"max-snippet:-1","max-image-preview":"max-image-preview:large","max-video-preview":"max-video-preview:-1"},"canonical":"https:\/\/greenlink.technology\/it\/produkt\/enwitec-scatola-di-connessione-per-generatori-dc-gak-1100v-m21-i01vrs-o01vrs-sxxxx-xxxxx-m-ue12-solarconnect-sun2000-10019939\/","og_locale":"it_IT","og_type":"article","og_title":"Enwitec Scatola di connessione per generatori DC GAK 1100V M21 I01VRS O01VRS Sxxxx Xxxxx M- \u00dc12 SolarConnect SUN2000 10019939 - greenLink orchestrating energy flows | enwitec electronic GmbH | LinQ Europe Sp. z o.o.","og_url":"https:\/\/greenlink.technology\/it\/produkt\/enwitec-scatola-di-connessione-per-generatori-dc-gak-1100v-m21-i01vrs-o01vrs-sxxxx-xxxxx-m-ue12-solarconnect-sun2000-10019939\/","og_site_name":"greenLink orchestrating energy flows | enwitec electronic GmbH | LinQ Europe Sp. z o.o.","twitter_card":"summary_large_image","schema":{"@context":"https:\/\/schema.org","@graph":[{"@type":"WebPage","@id":"https:\/\/greenlink.technology\/it\/produkt\/enwitec-scatola-di-connessione-per-generatori-dc-gak-1100v-m21-i01vrs-o01vrs-sxxxx-xxxxx-m-ue12-solarconnect-sun2000-10019939\/","url":"https:\/\/greenlink.technology\/it\/produkt\/enwitec-scatola-di-connessione-per-generatori-dc-gak-1100v-m21-i01vrs-o01vrs-sxxxx-xxxxx-m-ue12-solarconnect-sun2000-10019939\/","name":"Enwitec Scatola di connessione per generatori DC GAK 1100V M21 I01VRS O01VRS Sxxxx Xxxxx M- \u00dc12 SolarConnect SUN2000 10019939 - greenLink orchestrating energy flows | enwitec electronic GmbH | LinQ Europe Sp. z o.o.","isPartOf":{"@id":"https:\/\/enwitec.eu\/en\/#website"},"datePublished":"2025-11-11T07:39:44+00:00","breadcrumb":{"@id":"https:\/\/greenlink.technology\/it\/produkt\/enwitec-scatola-di-connessione-per-generatori-dc-gak-1100v-m21-i01vrs-o01vrs-sxxxx-xxxxx-m-ue12-solarconnect-sun2000-10019939\/#breadcrumb"},"inLanguage":"it-IT","potentialAction":[{"@type":"ReadAction","target":["https:\/\/greenlink.technology\/it\/produkt\/enwitec-scatola-di-connessione-per-generatori-dc-gak-1100v-m21-i01vrs-o01vrs-sxxxx-xxxxx-m-ue12-solarconnect-sun2000-10019939\/"]}]},{"@type":"BreadcrumbList","@id":"https:\/\/greenlink.technology\/it\/produkt\/enwitec-scatola-di-connessione-per-generatori-dc-gak-1100v-m21-i01vrs-o01vrs-sxxxx-xxxxx-m-ue12-solarconnect-sun2000-10019939\/#breadcrumb","itemListElement":[{"@type":"ListItem","position":1,"name":"Startseite","item":"https:\/\/greenlink.technology\/it\/"},{"@type":"ListItem","position":2,"name":"Prodotti","item":"https:\/\/greenlink.technology\/it\/chi-siamo\/unternehmen\/enwitec\/prodotti\/"},{"@type":"ListItem","position":3,"name":"Enwitec Scatola di connessione per generatori DC GAK 1100V M21 I01VRS O01VRS Sxxxx Xxxxx M- \u00dc12 SolarConnect SUN2000 10019939"}]},{"@type":"WebSite","@id":"https:\/\/enwitec.eu\/en\/#website","url":"https:\/\/enwitec.eu\/en\/","name":"greenLink orchestrating energy flows | enwitec electronic GmbH | LinQ Europe Sp. z o.o.","description":"","publisher":{"@id":"https:\/\/enwitec.eu\/en\/#organization"},"potentialAction":[{"@type":"SearchAction","target":{"@type":"EntryPoint","urlTemplate":"https:\/\/enwitec.eu\/en\/?s={search_term_string}"},"query-input":{"@type":"PropertyValueSpecification","valueRequired":true,"valueName":"search_term_string"}}],"inLanguage":"it-IT"},{"@type":"Organization","@id":"https:\/\/enwitec.eu\/en\/#organization","name":"greenLink orchestrando i flussi di energia | enwitec electronic GmbH | LinQ Europe Sp. z o.o.","url":"https:\/\/enwitec.eu\/en\/","logo":{"@type":"ImageObject","inLanguage":"it-IT","@id":"https:\/\/enwitec.eu\/en\/#\/schema\/logo\/image\/","url":"https:\/\/greenlink.technology\/wp-content\/uploads\/2025\/01\/greenlink-logo-final.png","contentUrl":"https:\/\/greenlink.technology\/wp-content\/uploads\/2025\/01\/greenlink-logo-final.png","width":2586,"height":629,"caption":"greenLink orchestrando i flussi di energia | enwitec electronic GmbH | LinQ Europe Sp. z o.o. "},"image":{"@id":"https:\/\/enwitec.eu\/en\/#\/schema\/logo\/image\/"}}]}},"_links":{"self":[{"href":"https:\/\/greenlink.technology\/it\/wp-json\/wp\/v2\/product\/22829","targetHints":{"allow":["GET"]}}],"collection":[{"href":"https:\/\/greenlink.technology\/it\/wp-json\/wp\/v2\/product"}],"about":[{"href":"https:\/\/greenlink.technology\/it\/wp-json\/wp\/v2\/types\/product"}],"replies":[{"embeddable":true,"href":"https:\/\/greenlink.technology\/it\/wp-json\/wp\/v2\/comments?post=22829"}],"wp:attachment":[{"href":"https:\/\/greenlink.technology\/it\/wp-json\/wp\/v2\/media?parent=22829"}],"wp:term":[{"taxonomy":"anwendung","embeddable":true,"href":"https:\/\/greenlink.technology\/it\/wp-json\/wp\/v2\/anwendung?post=22829"},{"taxonomy":"product_brand","embeddable":true,"href":"https:\/\/greenlink.technology\/it\/wp-json\/wp\/v2\/product_brand?post=22829"},{"taxonomy":"product_cat","embeddable":true,"href":"https:\/\/greenlink.technology\/it\/wp-json\/wp\/v2\/product_cat?post=22829"},{"taxonomy":"product_tag","embeddable":true,"href":"https:\/\/greenlink.technology\/it\/wp-json\/wp\/v2\/product_tag?post=22829"}],"curies":[{"name":"wp","href":"https:\/\/api.w.org\/{rel}","templated":true}]}}