{"id":10670,"date":"2024-02-27T08:38:24","date_gmt":"2024-02-27T07:38:24","guid":{"rendered":"https:\/\/greenlink.technology\/produkt\/modul-zdalnego-sterowania-enwitec-pv-rss-modul-zdalnego-sterowania-1-r-10012949\/"},"modified":"2025-05-19T17:34:29","modified_gmt":"2025-05-19T15:34:29","slug":"modul-zdalnego-sterowania-enwitec-pv-rss-modul-zdalnego-sterowania-1-r-10012949","status":"publish","type":"product","link":"https:\/\/greenlink.technology\/pl\/produkt\/modul-zdalnego-sterowania-enwitec-pv-rss-modul-zdalnego-sterowania-1-r-10012949\/","title":{"rendered":"Modu\u0142 zdalnego sterowania enwitec PV-RSS &#8211; Modu\u0142 zdalnego sterowania 1-R &#8211; 10012949"},"content":{"rendered":"<div class=\"system-stammdaten\">\n<h2><\/h2>\n<p>&nbsp;<\/p>\n<\/div>\n","protected":false},"excerpt":{"rendered":"<p>&nbsp;<\/p>\n","protected":false},"featured_media":10671,"comment_status":"closed","ping_status":"closed","template":"","meta":{"_acf_changed":false},"anwendung":[],"product_brand":[264],"product_cat":[771],"product_tag":[854,773,464,774,463],"class_list":{"0":"post-10670","1":"product","2":"type-product","3":"status-publish","4":"has-post-thumbnail","6":"product_brand-enwitec","7":"product_cat-akcesoria-do-wylacznikow-przeciwpozarowych","8":"product_tag-10012949-pl","9":"product_tag-akcesoria-do-wylacznikow-przeciwpozarowych","10":"product_tag-fws-pl","11":"product_tag-pilot-zdalnego-sterowania","12":"product_tag-przelacznik-strazy-pozarnej","13":"pa_anzahl-feuerwehrschalter-1-pl","15":"first","16":"instock","17":"shipping-taxable","18":"product-type-simple"},"acf":{"product_informations":"<b>Enwitec Jednostka zdalnego sterowania PV-RSS \u2013 Remote Control Unit 1-R<\/b>\r\n\r\n<b>Koniecznie zapozna\u0107 si\u0119 z kart\u0105 katalogow\u0105!<\/b>\r\n\r\n<b>Uwaga:<\/b>\r\nW celu integracji z ca\u0142ym systemem nale\u017cy zapozna\u0107 si\u0119 z instrukcj\u0105 instalacji systemu zdalnego wy\u0142\u0105czania PV!\r\n\r\n<span lang=\"en-US\"><b>Kod produktu (Matchcode):<\/b><\/span><span lang=\"en-US\"> Remote Control Unit 1-R<\/span>","technical_data":"<div class=\"stammdaten-col\">\r\n<div class=\"line\">\r\n\r\n<b>Nr artyku\u0142u:<\/b> 10012949\r\n<b>Liczba prze\u0142\u0105cznik\u00f3w stra\u017cackich:<\/b> 1\r\n<b>Zestawienia aparatury \u0142\u0105czeniowej:<\/b> EN 61439-1, EN 61439-2\r\n<b>Obudowa:<\/b> Poliw\u0119glan\r\n<b>Wymiary (szer. x wys. x g\u0142.):<\/b> 125 x 200 x 122 mm\r\n<b>Waga ca\u0142kowita:<\/b> 1,2 kg\r\n\r\n<\/div>\r\n<\/div>","download":"Karta katalogowa DE: <a href=\"\/wp-content\/uploads\/2024\/02\/10012949_Datenblatt_remote_control_unit-1-R_2024_04_12.pdf\" target=\"_blank\" rel=\"noopener\">10012949_Datenblatt_remote_control_unit-1-R_1.1<\/a>","product_short_description":"","photo_gallery":{"galerie_produkte":[[]]}},"yoast_head":"<!-- This site is optimized with the Yoast SEO plugin v27.3 - https:\/\/yoast.com\/product\/yoast-seo-wordpress\/ -->\n<title>Modu\u0142 zdalnego sterowania enwitec PV-RSS - Modu\u0142 zdalnego sterowania 1-R - 10012949 - greenLink orchestrating energy flows | enwitec electronic GmbH | LinQ Europe Sp. z o.o.<\/title>\n<meta name=\"robots\" content=\"index, follow, max-snippet:-1, max-image-preview:large, max-video-preview:-1\" \/>\n<link rel=\"canonical\" href=\"https:\/\/greenlink.technology\/pl\/produkt\/modul-zdalnego-sterowania-enwitec-pv-rss-modul-zdalnego-sterowania-1-r-10012949\/\" \/>\n<meta property=\"og:locale\" content=\"pl_PL\" \/>\n<meta property=\"og:type\" content=\"article\" \/>\n<meta property=\"og:title\" content=\"Modu\u0142 zdalnego sterowania enwitec PV-RSS - Modu\u0142 zdalnego sterowania 1-R - 10012949 - greenLink orchestrating energy flows | enwitec electronic GmbH | LinQ Europe Sp. z o.o.\" \/>\n<meta property=\"og:description\" content=\"&nbsp;\" \/>\n<meta property=\"og:url\" content=\"https:\/\/greenlink.technology\/pl\/produkt\/modul-zdalnego-sterowania-enwitec-pv-rss-modul-zdalnego-sterowania-1-r-10012949\/\" \/>\n<meta property=\"og:site_name\" content=\"greenLink orchestrating energy flows | enwitec electronic GmbH | LinQ Europe Sp. z o.o.\" \/>\n<meta property=\"article:modified_time\" content=\"2025-05-19T15:34:29+00:00\" \/>\n<meta property=\"og:image\" content=\"https:\/\/linqeurope.pl\/wp-content\/uploads\/2025\/02\/10012949_front.png\" \/>\n\t<meta property=\"og:image:width\" content=\"500\" \/>\n\t<meta property=\"og:image:height\" content=\"500\" \/>\n\t<meta property=\"og:image:type\" content=\"image\/png\" \/>\n<meta name=\"twitter:card\" content=\"summary_large_image\" \/>\n<script type=\"application\/ld+json\" class=\"yoast-schema-graph\">{\"@context\":\"https:\\\/\\\/schema.org\",\"@graph\":[{\"@type\":\"WebPage\",\"@id\":\"https:\\\/\\\/greenlink.technology\\\/pl\\\/produkt\\\/modul-zdalnego-sterowania-enwitec-pv-rss-modul-zdalnego-sterowania-1-r-10012949\\\/\",\"url\":\"https:\\\/\\\/greenlink.technology\\\/pl\\\/produkt\\\/modul-zdalnego-sterowania-enwitec-pv-rss-modul-zdalnego-sterowania-1-r-10012949\\\/\",\"name\":\"Modu\u0142 zdalnego sterowania enwitec PV-RSS - Modu\u0142 zdalnego sterowania 1-R - 10012949 - greenLink orchestrating energy flows | enwitec electronic GmbH | LinQ Europe Sp. z o.o.\",\"isPartOf\":{\"@id\":\"https:\\\/\\\/enwitec.eu\\\/en\\\/#website\"},\"primaryImageOfPage\":{\"@id\":\"https:\\\/\\\/greenlink.technology\\\/pl\\\/produkt\\\/modul-zdalnego-sterowania-enwitec-pv-rss-modul-zdalnego-sterowania-1-r-10012949\\\/#primaryimage\"},\"image\":{\"@id\":\"https:\\\/\\\/greenlink.technology\\\/pl\\\/produkt\\\/modul-zdalnego-sterowania-enwitec-pv-rss-modul-zdalnego-sterowania-1-r-10012949\\\/#primaryimage\"},\"thumbnailUrl\":\"https:\\\/\\\/greenlink.technology\\\/wp-content\\\/uploads\\\/2025\\\/02\\\/10012949_front.png\",\"datePublished\":\"2024-02-27T07:38:24+00:00\",\"dateModified\":\"2025-05-19T15:34:29+00:00\",\"breadcrumb\":{\"@id\":\"https:\\\/\\\/greenlink.technology\\\/pl\\\/produkt\\\/modul-zdalnego-sterowania-enwitec-pv-rss-modul-zdalnego-sterowania-1-r-10012949\\\/#breadcrumb\"},\"inLanguage\":\"pl-PL\",\"potentialAction\":[{\"@type\":\"ReadAction\",\"target\":[\"https:\\\/\\\/greenlink.technology\\\/pl\\\/produkt\\\/modul-zdalnego-sterowania-enwitec-pv-rss-modul-zdalnego-sterowania-1-r-10012949\\\/\"]}]},{\"@type\":\"ImageObject\",\"inLanguage\":\"pl-PL\",\"@id\":\"https:\\\/\\\/greenlink.technology\\\/pl\\\/produkt\\\/modul-zdalnego-sterowania-enwitec-pv-rss-modul-zdalnego-sterowania-1-r-10012949\\\/#primaryimage\",\"url\":\"https:\\\/\\\/greenlink.technology\\\/wp-content\\\/uploads\\\/2025\\\/02\\\/10012949_front.png\",\"contentUrl\":\"https:\\\/\\\/greenlink.technology\\\/wp-content\\\/uploads\\\/2025\\\/02\\\/10012949_front.png\",\"width\":500,\"height\":500},{\"@type\":\"BreadcrumbList\",\"@id\":\"https:\\\/\\\/greenlink.technology\\\/pl\\\/produkt\\\/modul-zdalnego-sterowania-enwitec-pv-rss-modul-zdalnego-sterowania-1-r-10012949\\\/#breadcrumb\",\"itemListElement\":[{\"@type\":\"ListItem\",\"position\":1,\"name\":\"Startseite\",\"item\":\"https:\\\/\\\/greenlink.technology\\\/pl\\\/\"},{\"@type\":\"ListItem\",\"position\":2,\"name\":\"Produkty\",\"item\":\"https:\\\/\\\/greenlink.technology\\\/pl\\\/o-nas\\\/firma\\\/enwitec\\\/produkty\\\/\"},{\"@type\":\"ListItem\",\"position\":3,\"name\":\"Modu\u0142 zdalnego sterowania enwitec PV-RSS &#8211; Modu\u0142 zdalnego sterowania 1-R &#8211; 10012949\"}]},{\"@type\":\"WebSite\",\"@id\":\"https:\\\/\\\/enwitec.eu\\\/en\\\/#website\",\"url\":\"https:\\\/\\\/enwitec.eu\\\/en\\\/\",\"name\":\"greenLink orchestrating energy flows | enwitec electronic GmbH | LinQ Europe Sp. z o.o.\",\"description\":\"\",\"publisher\":{\"@id\":\"https:\\\/\\\/enwitec.eu\\\/en\\\/#organization\"},\"potentialAction\":[{\"@type\":\"SearchAction\",\"target\":{\"@type\":\"EntryPoint\",\"urlTemplate\":\"https:\\\/\\\/enwitec.eu\\\/en\\\/?s={search_term_string}\"},\"query-input\":{\"@type\":\"PropertyValueSpecification\",\"valueRequired\":true,\"valueName\":\"search_term_string\"}}],\"inLanguage\":\"pl-PL\"},{\"@type\":\"Organization\",\"@id\":\"https:\\\/\\\/enwitec.eu\\\/en\\\/#organization\",\"name\":\"greenLink orkiestruj\u0105cy przep\u0142ywy energii | enwitec electronic GmbH | LinQ Europe Sp. z o.o.\",\"url\":\"https:\\\/\\\/enwitec.eu\\\/en\\\/\",\"logo\":{\"@type\":\"ImageObject\",\"inLanguage\":\"pl-PL\",\"@id\":\"https:\\\/\\\/enwitec.eu\\\/en\\\/#\\\/schema\\\/logo\\\/image\\\/\",\"url\":\"https:\\\/\\\/greenlink.technology\\\/wp-content\\\/uploads\\\/2025\\\/01\\\/greenlink-logo-final.png\",\"contentUrl\":\"https:\\\/\\\/greenlink.technology\\\/wp-content\\\/uploads\\\/2025\\\/01\\\/greenlink-logo-final.png\",\"width\":2586,\"height\":629,\"caption\":\"greenLink orkiestruj\u0105cy przep\u0142ywy energii | enwitec electronic GmbH | LinQ Europe Sp. z o.o. \"},\"image\":{\"@id\":\"https:\\\/\\\/enwitec.eu\\\/en\\\/#\\\/schema\\\/logo\\\/image\\\/\"}}]}<\/script>\n<!-- \/ Yoast SEO plugin. -->","yoast_head_json":{"title":"Modu\u0142 zdalnego sterowania enwitec PV-RSS - Modu\u0142 zdalnego sterowania 1-R - 10012949 - greenLink orchestrating energy flows | enwitec electronic GmbH | LinQ Europe Sp. z o.o.","robots":{"index":"index","follow":"follow","max-snippet":"max-snippet:-1","max-image-preview":"max-image-preview:large","max-video-preview":"max-video-preview:-1"},"canonical":"https:\/\/greenlink.technology\/pl\/produkt\/modul-zdalnego-sterowania-enwitec-pv-rss-modul-zdalnego-sterowania-1-r-10012949\/","og_locale":"pl_PL","og_type":"article","og_title":"Modu\u0142 zdalnego sterowania enwitec PV-RSS - Modu\u0142 zdalnego sterowania 1-R - 10012949 - greenLink orchestrating energy flows | enwitec electronic GmbH | LinQ Europe Sp. z o.o.","og_description":"&nbsp;","og_url":"https:\/\/greenlink.technology\/pl\/produkt\/modul-zdalnego-sterowania-enwitec-pv-rss-modul-zdalnego-sterowania-1-r-10012949\/","og_site_name":"greenLink orchestrating energy flows | enwitec electronic GmbH | LinQ Europe Sp. z o.o.","article_modified_time":"2025-05-19T15:34:29+00:00","og_image":[{"width":500,"height":500,"url":"https:\/\/linqeurope.pl\/wp-content\/uploads\/2025\/02\/10012949_front.png","type":"image\/png"}],"twitter_card":"summary_large_image","schema":{"@context":"https:\/\/schema.org","@graph":[{"@type":"WebPage","@id":"https:\/\/greenlink.technology\/pl\/produkt\/modul-zdalnego-sterowania-enwitec-pv-rss-modul-zdalnego-sterowania-1-r-10012949\/","url":"https:\/\/greenlink.technology\/pl\/produkt\/modul-zdalnego-sterowania-enwitec-pv-rss-modul-zdalnego-sterowania-1-r-10012949\/","name":"Modu\u0142 zdalnego sterowania enwitec PV-RSS - Modu\u0142 zdalnego sterowania 1-R - 10012949 - greenLink orchestrating energy flows | enwitec electronic GmbH | LinQ Europe Sp. z o.o.","isPartOf":{"@id":"https:\/\/enwitec.eu\/en\/#website"},"primaryImageOfPage":{"@id":"https:\/\/greenlink.technology\/pl\/produkt\/modul-zdalnego-sterowania-enwitec-pv-rss-modul-zdalnego-sterowania-1-r-10012949\/#primaryimage"},"image":{"@id":"https:\/\/greenlink.technology\/pl\/produkt\/modul-zdalnego-sterowania-enwitec-pv-rss-modul-zdalnego-sterowania-1-r-10012949\/#primaryimage"},"thumbnailUrl":"https:\/\/greenlink.technology\/wp-content\/uploads\/2025\/02\/10012949_front.png","datePublished":"2024-02-27T07:38:24+00:00","dateModified":"2025-05-19T15:34:29+00:00","breadcrumb":{"@id":"https:\/\/greenlink.technology\/pl\/produkt\/modul-zdalnego-sterowania-enwitec-pv-rss-modul-zdalnego-sterowania-1-r-10012949\/#breadcrumb"},"inLanguage":"pl-PL","potentialAction":[{"@type":"ReadAction","target":["https:\/\/greenlink.technology\/pl\/produkt\/modul-zdalnego-sterowania-enwitec-pv-rss-modul-zdalnego-sterowania-1-r-10012949\/"]}]},{"@type":"ImageObject","inLanguage":"pl-PL","@id":"https:\/\/greenlink.technology\/pl\/produkt\/modul-zdalnego-sterowania-enwitec-pv-rss-modul-zdalnego-sterowania-1-r-10012949\/#primaryimage","url":"https:\/\/greenlink.technology\/wp-content\/uploads\/2025\/02\/10012949_front.png","contentUrl":"https:\/\/greenlink.technology\/wp-content\/uploads\/2025\/02\/10012949_front.png","width":500,"height":500},{"@type":"BreadcrumbList","@id":"https:\/\/greenlink.technology\/pl\/produkt\/modul-zdalnego-sterowania-enwitec-pv-rss-modul-zdalnego-sterowania-1-r-10012949\/#breadcrumb","itemListElement":[{"@type":"ListItem","position":1,"name":"Startseite","item":"https:\/\/greenlink.technology\/pl\/"},{"@type":"ListItem","position":2,"name":"Produkty","item":"https:\/\/greenlink.technology\/pl\/o-nas\/firma\/enwitec\/produkty\/"},{"@type":"ListItem","position":3,"name":"Modu\u0142 zdalnego sterowania enwitec PV-RSS &#8211; Modu\u0142 zdalnego sterowania 1-R &#8211; 10012949"}]},{"@type":"WebSite","@id":"https:\/\/enwitec.eu\/en\/#website","url":"https:\/\/enwitec.eu\/en\/","name":"greenLink orchestrating energy flows | enwitec electronic GmbH | LinQ Europe Sp. z o.o.","description":"","publisher":{"@id":"https:\/\/enwitec.eu\/en\/#organization"},"potentialAction":[{"@type":"SearchAction","target":{"@type":"EntryPoint","urlTemplate":"https:\/\/enwitec.eu\/en\/?s={search_term_string}"},"query-input":{"@type":"PropertyValueSpecification","valueRequired":true,"valueName":"search_term_string"}}],"inLanguage":"pl-PL"},{"@type":"Organization","@id":"https:\/\/enwitec.eu\/en\/#organization","name":"greenLink orkiestruj\u0105cy przep\u0142ywy energii | enwitec electronic GmbH | LinQ Europe Sp. z o.o.","url":"https:\/\/enwitec.eu\/en\/","logo":{"@type":"ImageObject","inLanguage":"pl-PL","@id":"https:\/\/enwitec.eu\/en\/#\/schema\/logo\/image\/","url":"https:\/\/greenlink.technology\/wp-content\/uploads\/2025\/01\/greenlink-logo-final.png","contentUrl":"https:\/\/greenlink.technology\/wp-content\/uploads\/2025\/01\/greenlink-logo-final.png","width":2586,"height":629,"caption":"greenLink orkiestruj\u0105cy przep\u0142ywy energii | enwitec electronic GmbH | LinQ Europe Sp. z o.o. "},"image":{"@id":"https:\/\/enwitec.eu\/en\/#\/schema\/logo\/image\/"}}]}},"_links":{"self":[{"href":"https:\/\/greenlink.technology\/pl\/wp-json\/wp\/v2\/product\/10670","targetHints":{"allow":["GET"]}}],"collection":[{"href":"https:\/\/greenlink.technology\/pl\/wp-json\/wp\/v2\/product"}],"about":[{"href":"https:\/\/greenlink.technology\/pl\/wp-json\/wp\/v2\/types\/product"}],"replies":[{"embeddable":true,"href":"https:\/\/greenlink.technology\/pl\/wp-json\/wp\/v2\/comments?post=10670"}],"wp:featuredmedia":[{"embeddable":true,"href":"https:\/\/greenlink.technology\/pl\/wp-json\/wp\/v2\/media\/10671"}],"wp:attachment":[{"href":"https:\/\/greenlink.technology\/pl\/wp-json\/wp\/v2\/media?parent=10670"}],"wp:term":[{"taxonomy":"anwendung","embeddable":true,"href":"https:\/\/greenlink.technology\/pl\/wp-json\/wp\/v2\/anwendung?post=10670"},{"taxonomy":"product_brand","embeddable":true,"href":"https:\/\/greenlink.technology\/pl\/wp-json\/wp\/v2\/product_brand?post=10670"},{"taxonomy":"product_cat","embeddable":true,"href":"https:\/\/greenlink.technology\/pl\/wp-json\/wp\/v2\/product_cat?post=10670"},{"taxonomy":"product_tag","embeddable":true,"href":"https:\/\/greenlink.technology\/pl\/wp-json\/wp\/v2\/product_tag?post=10670"}],"curies":[{"name":"wp","href":"https:\/\/api.w.org\/{rel}","templated":true}]}}