{"id":10831,"date":"2024-02-28T07:39:34","date_gmt":"2024-02-28T06:39:34","guid":{"rendered":"https:\/\/greenlink.technology\/produkt\/skrzynka-zaciskowa-generatora-pradu-stalego-enwitec-gak-enwitec-s-1000-2r-x-bc-pc-1-0-10014968\/"},"modified":"2026-01-21T08:54:10","modified_gmt":"2026-01-21T07:54:10","slug":"skrzynka-zaciskowa-generatora-pradu-stalego-enwitec-gak-enwitec-s-1000-2r-x-bc-pc-1-0-10014968","status":"publish","type":"product","link":"https:\/\/greenlink.technology\/pl\/produkt\/skrzynka-zaciskowa-generatora-pradu-stalego-enwitec-gak-enwitec-s-1000-2r-x-bc-pc-1-0-10014968\/","title":{"rendered":"skrzynka zaciskowa generatora pr\u0105du sta\u0142ego enwitec GAK-enwitec-S-1000-2R-X-BC-PC-1.0 &#8211; 10014968"},"content":{"rendered":"<div class=\"system-stammdaten\">\n<h2\/>\n&nbsp;<\/p>\n<\/div>\n","protected":false},"excerpt":{"rendered":"<p>&nbsp;<\/p>\n","protected":false},"featured_media":10835,"comment_status":"closed","ping_status":"closed","template":"","meta":{"_acf_changed":false},"anwendung":[],"product_brand":[264],"product_cat":[562],"product_tag":[971,563,564],"class_list":{"0":"post-10831","1":"product","2":"type-product","3":"status-publish","4":"has-post-thumbnail","6":"product_brand-enwitec","7":"product_cat-skrzynki-przylaczeniowe-generatora","8":"product_tag-10014968-pl","9":"product_tag-gak-pl","10":"product_tag-skrzynka-przylaczeniowa-generatora","11":"pa_anschlussform-polaczenie-srubowe","12":"pa_mpp-tracker-1-pl","13":"pa_strings-im-ausgang-pro-mpp-1-pl","14":"pa_strings-im-eingang-pro-mpp-2-pl","15":"pa_systemspannung--1000-vdc-pl","16":"pa_trennschalter-nie","17":"pa_ueberspannungsschutz-typ-12-pl","19":"first","20":"instock","21":"shipping-taxable","22":"product-type-simple"},"acf":{"product_informations":"Puszki przy\u0142\u0105czeniowe generatora pr\u0105du sta\u0142ego do prywatnych i komercyjnych zastosowa\u0144 fotowoltaicznych.\n\nSzczeg\u00f3\u0142owe dane techniczne mo\u017cna znale\u017a\u0107 w karcie katalogowej!\n\n<strong>Uwaga<\/strong>\nKod dopasowania: GAK-enwitec-S-1000-2R-X-BC-PC-1.0","technical_data":"<div class=\"stammdaten-col\">\n<div class=\"line\">\n<p class=\"system-stammdaten-left\">Nr artyku\u0142u: 10014968\nMaks. Umpp (Ue): 1000 VDC\n\u015aledzenie MPP: 1\nCi\u0105gi na wej\u015bciu na MPP: 2\nCi\u0105gi na wyj\u015bciu na MPP: 1\nBezpiecznik ci\u0105gu: Nie\nOchrona przepi\u0119ciowa: Klasa I+II\nOd\u0142\u0105cznik: Nie\nTyp po\u0142\u0105czenia: Po\u0142\u0105czenie \u015brubowe\nPr\u0105d znamionowy<sub>Isc <\/sub>: 32 ADC\nPr\u0105d znamionowy<sub>Isc <\/sub>na ci\u0105g: 16 ADC\nWymiary (WxHxD): 180 x 180 x 111 mm\nMasa ca\u0142kowita: 1,5 kg <\/p>\n\n<\/div>\n<\/div>","download":"<a href=\"https:\/\/greenlink.technology\/wp-content\/uploads\/2025\/12\/10014968_DAT_GAK-enwitec-S-1000-2R-X-BC-PC-1.0-b.pdf\" target=\"_blank\" rel=\"noopener\">Arkusz danych PL<\/a>","product_short_description":"<strong>Napi\u0119cie systemowe:<\/strong> 1000 VDC\n<strong>\u015aledzenie MPP:<\/strong> 1\n<strong>Ci\u0105gi na wej\u015bciu<\/strong><strong>na MP<\/strong><strong>P:<\/strong> 2\n<strong>Ci\u0105gi na wyj\u015bciu na MPP:<\/strong> 1\n<strong>Ochrona przeciwprzepi\u0119ciowa:<\/strong> Klasa I+II\n<strong>Od\u0142\u0105cznik: <\/strong>Nie\n<strong>Typ po\u0142\u0105czenia:<\/strong> Po\u0142\u0105czenie \u015brubowe","photo_gallery":{"galerie_produkte":[[]]}},"yoast_head":"<!-- This site is optimized with the Yoast SEO plugin v27.3 - https:\/\/yoast.com\/product\/yoast-seo-wordpress\/ -->\n<title>skrzynka zaciskowa generatora pr\u0105du sta\u0142ego enwitec GAK-enwitec-S-1000-2R-X-BC-PC-1.0 - 10014968 - greenLink orchestrating energy flows | enwitec electronic GmbH | LinQ Europe Sp. z o.o.<\/title>\n<meta name=\"robots\" content=\"index, follow, max-snippet:-1, max-image-preview:large, max-video-preview:-1\" \/>\n<link rel=\"canonical\" href=\"https:\/\/greenlink.technology\/pl\/produkt\/skrzynka-zaciskowa-generatora-pradu-stalego-enwitec-gak-enwitec-s-1000-2r-x-bc-pc-1-0-10014968\/\" \/>\n<meta property=\"og:locale\" content=\"pl_PL\" \/>\n<meta property=\"og:type\" content=\"article\" \/>\n<meta property=\"og:title\" content=\"skrzynka zaciskowa generatora pr\u0105du sta\u0142ego enwitec GAK-enwitec-S-1000-2R-X-BC-PC-1.0 - 10014968 - greenLink orchestrating energy flows | enwitec electronic GmbH | LinQ Europe Sp. z o.o.\" \/>\n<meta property=\"og:description\" content=\"&nbsp;\" \/>\n<meta property=\"og:url\" content=\"https:\/\/greenlink.technology\/pl\/produkt\/skrzynka-zaciskowa-generatora-pradu-stalego-enwitec-gak-enwitec-s-1000-2r-x-bc-pc-1-0-10014968\/\" \/>\n<meta property=\"og:site_name\" content=\"greenLink orchestrating energy flows | enwitec electronic GmbH | LinQ Europe Sp. z o.o.\" \/>\n<meta property=\"article:modified_time\" content=\"2026-01-21T07:54:10+00:00\" \/>\n<meta property=\"og:image\" content=\"https:\/\/linqeurope.pl\/wp-content\/uploads\/2025\/02\/10014968_front.png\" \/>\n\t<meta property=\"og:image:width\" content=\"500\" \/>\n\t<meta property=\"og:image:height\" content=\"500\" \/>\n\t<meta property=\"og:image:type\" content=\"image\/png\" \/>\n<meta name=\"twitter:card\" content=\"summary_large_image\" \/>\n<script type=\"application\/ld+json\" class=\"yoast-schema-graph\">{\"@context\":\"https:\\\/\\\/schema.org\",\"@graph\":[{\"@type\":\"WebPage\",\"@id\":\"https:\\\/\\\/greenlink.technology\\\/pl\\\/produkt\\\/skrzynka-zaciskowa-generatora-pradu-stalego-enwitec-gak-enwitec-s-1000-2r-x-bc-pc-1-0-10014968\\\/\",\"url\":\"https:\\\/\\\/greenlink.technology\\\/pl\\\/produkt\\\/skrzynka-zaciskowa-generatora-pradu-stalego-enwitec-gak-enwitec-s-1000-2r-x-bc-pc-1-0-10014968\\\/\",\"name\":\"skrzynka zaciskowa generatora pr\u0105du sta\u0142ego enwitec GAK-enwitec-S-1000-2R-X-BC-PC-1.0 - 10014968 - greenLink orchestrating energy flows | enwitec electronic GmbH | LinQ Europe Sp. z o.o.\",\"isPartOf\":{\"@id\":\"https:\\\/\\\/enwitec.eu\\\/en\\\/#website\"},\"primaryImageOfPage\":{\"@id\":\"https:\\\/\\\/greenlink.technology\\\/pl\\\/produkt\\\/skrzynka-zaciskowa-generatora-pradu-stalego-enwitec-gak-enwitec-s-1000-2r-x-bc-pc-1-0-10014968\\\/#primaryimage\"},\"image\":{\"@id\":\"https:\\\/\\\/greenlink.technology\\\/pl\\\/produkt\\\/skrzynka-zaciskowa-generatora-pradu-stalego-enwitec-gak-enwitec-s-1000-2r-x-bc-pc-1-0-10014968\\\/#primaryimage\"},\"thumbnailUrl\":\"https:\\\/\\\/greenlink.technology\\\/wp-content\\\/uploads\\\/2025\\\/02\\\/10014968_front.png\",\"datePublished\":\"2024-02-28T06:39:34+00:00\",\"dateModified\":\"2026-01-21T07:54:10+00:00\",\"breadcrumb\":{\"@id\":\"https:\\\/\\\/greenlink.technology\\\/pl\\\/produkt\\\/skrzynka-zaciskowa-generatora-pradu-stalego-enwitec-gak-enwitec-s-1000-2r-x-bc-pc-1-0-10014968\\\/#breadcrumb\"},\"inLanguage\":\"pl-PL\",\"potentialAction\":[{\"@type\":\"ReadAction\",\"target\":[\"https:\\\/\\\/greenlink.technology\\\/pl\\\/produkt\\\/skrzynka-zaciskowa-generatora-pradu-stalego-enwitec-gak-enwitec-s-1000-2r-x-bc-pc-1-0-10014968\\\/\"]}]},{\"@type\":\"ImageObject\",\"inLanguage\":\"pl-PL\",\"@id\":\"https:\\\/\\\/greenlink.technology\\\/pl\\\/produkt\\\/skrzynka-zaciskowa-generatora-pradu-stalego-enwitec-gak-enwitec-s-1000-2r-x-bc-pc-1-0-10014968\\\/#primaryimage\",\"url\":\"https:\\\/\\\/greenlink.technology\\\/wp-content\\\/uploads\\\/2025\\\/02\\\/10014968_front.png\",\"contentUrl\":\"https:\\\/\\\/greenlink.technology\\\/wp-content\\\/uploads\\\/2025\\\/02\\\/10014968_front.png\",\"width\":500,\"height\":500},{\"@type\":\"BreadcrumbList\",\"@id\":\"https:\\\/\\\/greenlink.technology\\\/pl\\\/produkt\\\/skrzynka-zaciskowa-generatora-pradu-stalego-enwitec-gak-enwitec-s-1000-2r-x-bc-pc-1-0-10014968\\\/#breadcrumb\",\"itemListElement\":[{\"@type\":\"ListItem\",\"position\":1,\"name\":\"Startseite\",\"item\":\"https:\\\/\\\/greenlink.technology\\\/pl\\\/\"},{\"@type\":\"ListItem\",\"position\":2,\"name\":\"Produkty\",\"item\":\"https:\\\/\\\/greenlink.technology\\\/pl\\\/o-nas\\\/firma\\\/enwitec\\\/produkty\\\/\"},{\"@type\":\"ListItem\",\"position\":3,\"name\":\"skrzynka zaciskowa generatora pr\u0105du sta\u0142ego enwitec GAK-enwitec-S-1000-2R-X-BC-PC-1.0 &#8211; 10014968\"}]},{\"@type\":\"WebSite\",\"@id\":\"https:\\\/\\\/enwitec.eu\\\/en\\\/#website\",\"url\":\"https:\\\/\\\/enwitec.eu\\\/en\\\/\",\"name\":\"greenLink orchestrating energy flows | enwitec electronic GmbH | LinQ Europe Sp. z o.o.\",\"description\":\"\",\"publisher\":{\"@id\":\"https:\\\/\\\/enwitec.eu\\\/en\\\/#organization\"},\"potentialAction\":[{\"@type\":\"SearchAction\",\"target\":{\"@type\":\"EntryPoint\",\"urlTemplate\":\"https:\\\/\\\/enwitec.eu\\\/en\\\/?s={search_term_string}\"},\"query-input\":{\"@type\":\"PropertyValueSpecification\",\"valueRequired\":true,\"valueName\":\"search_term_string\"}}],\"inLanguage\":\"pl-PL\"},{\"@type\":\"Organization\",\"@id\":\"https:\\\/\\\/enwitec.eu\\\/en\\\/#organization\",\"name\":\"greenLink orkiestruj\u0105cy przep\u0142ywy energii | enwitec electronic GmbH | LinQ Europe Sp. z o.o.\",\"url\":\"https:\\\/\\\/enwitec.eu\\\/en\\\/\",\"logo\":{\"@type\":\"ImageObject\",\"inLanguage\":\"pl-PL\",\"@id\":\"https:\\\/\\\/enwitec.eu\\\/en\\\/#\\\/schema\\\/logo\\\/image\\\/\",\"url\":\"https:\\\/\\\/greenlink.technology\\\/wp-content\\\/uploads\\\/2025\\\/01\\\/greenlink-logo-final.png\",\"contentUrl\":\"https:\\\/\\\/greenlink.technology\\\/wp-content\\\/uploads\\\/2025\\\/01\\\/greenlink-logo-final.png\",\"width\":2586,\"height\":629,\"caption\":\"greenLink orkiestruj\u0105cy przep\u0142ywy energii | enwitec electronic GmbH | LinQ Europe Sp. z o.o. \"},\"image\":{\"@id\":\"https:\\\/\\\/enwitec.eu\\\/en\\\/#\\\/schema\\\/logo\\\/image\\\/\"}}]}<\/script>\n<!-- \/ Yoast SEO plugin. -->","yoast_head_json":{"title":"skrzynka zaciskowa generatora pr\u0105du sta\u0142ego enwitec GAK-enwitec-S-1000-2R-X-BC-PC-1.0 - 10014968 - greenLink orchestrating energy flows | enwitec electronic GmbH | LinQ Europe Sp. z o.o.","robots":{"index":"index","follow":"follow","max-snippet":"max-snippet:-1","max-image-preview":"max-image-preview:large","max-video-preview":"max-video-preview:-1"},"canonical":"https:\/\/greenlink.technology\/pl\/produkt\/skrzynka-zaciskowa-generatora-pradu-stalego-enwitec-gak-enwitec-s-1000-2r-x-bc-pc-1-0-10014968\/","og_locale":"pl_PL","og_type":"article","og_title":"skrzynka zaciskowa generatora pr\u0105du sta\u0142ego enwitec GAK-enwitec-S-1000-2R-X-BC-PC-1.0 - 10014968 - greenLink orchestrating energy flows | enwitec electronic GmbH | LinQ Europe Sp. z o.o.","og_description":"&nbsp;","og_url":"https:\/\/greenlink.technology\/pl\/produkt\/skrzynka-zaciskowa-generatora-pradu-stalego-enwitec-gak-enwitec-s-1000-2r-x-bc-pc-1-0-10014968\/","og_site_name":"greenLink orchestrating energy flows | enwitec electronic GmbH | LinQ Europe Sp. z o.o.","article_modified_time":"2026-01-21T07:54:10+00:00","og_image":[{"width":500,"height":500,"url":"https:\/\/linqeurope.pl\/wp-content\/uploads\/2025\/02\/10014968_front.png","type":"image\/png"}],"twitter_card":"summary_large_image","schema":{"@context":"https:\/\/schema.org","@graph":[{"@type":"WebPage","@id":"https:\/\/greenlink.technology\/pl\/produkt\/skrzynka-zaciskowa-generatora-pradu-stalego-enwitec-gak-enwitec-s-1000-2r-x-bc-pc-1-0-10014968\/","url":"https:\/\/greenlink.technology\/pl\/produkt\/skrzynka-zaciskowa-generatora-pradu-stalego-enwitec-gak-enwitec-s-1000-2r-x-bc-pc-1-0-10014968\/","name":"skrzynka zaciskowa generatora pr\u0105du sta\u0142ego enwitec GAK-enwitec-S-1000-2R-X-BC-PC-1.0 - 10014968 - greenLink orchestrating energy flows | enwitec electronic GmbH | LinQ Europe Sp. z o.o.","isPartOf":{"@id":"https:\/\/enwitec.eu\/en\/#website"},"primaryImageOfPage":{"@id":"https:\/\/greenlink.technology\/pl\/produkt\/skrzynka-zaciskowa-generatora-pradu-stalego-enwitec-gak-enwitec-s-1000-2r-x-bc-pc-1-0-10014968\/#primaryimage"},"image":{"@id":"https:\/\/greenlink.technology\/pl\/produkt\/skrzynka-zaciskowa-generatora-pradu-stalego-enwitec-gak-enwitec-s-1000-2r-x-bc-pc-1-0-10014968\/#primaryimage"},"thumbnailUrl":"https:\/\/greenlink.technology\/wp-content\/uploads\/2025\/02\/10014968_front.png","datePublished":"2024-02-28T06:39:34+00:00","dateModified":"2026-01-21T07:54:10+00:00","breadcrumb":{"@id":"https:\/\/greenlink.technology\/pl\/produkt\/skrzynka-zaciskowa-generatora-pradu-stalego-enwitec-gak-enwitec-s-1000-2r-x-bc-pc-1-0-10014968\/#breadcrumb"},"inLanguage":"pl-PL","potentialAction":[{"@type":"ReadAction","target":["https:\/\/greenlink.technology\/pl\/produkt\/skrzynka-zaciskowa-generatora-pradu-stalego-enwitec-gak-enwitec-s-1000-2r-x-bc-pc-1-0-10014968\/"]}]},{"@type":"ImageObject","inLanguage":"pl-PL","@id":"https:\/\/greenlink.technology\/pl\/produkt\/skrzynka-zaciskowa-generatora-pradu-stalego-enwitec-gak-enwitec-s-1000-2r-x-bc-pc-1-0-10014968\/#primaryimage","url":"https:\/\/greenlink.technology\/wp-content\/uploads\/2025\/02\/10014968_front.png","contentUrl":"https:\/\/greenlink.technology\/wp-content\/uploads\/2025\/02\/10014968_front.png","width":500,"height":500},{"@type":"BreadcrumbList","@id":"https:\/\/greenlink.technology\/pl\/produkt\/skrzynka-zaciskowa-generatora-pradu-stalego-enwitec-gak-enwitec-s-1000-2r-x-bc-pc-1-0-10014968\/#breadcrumb","itemListElement":[{"@type":"ListItem","position":1,"name":"Startseite","item":"https:\/\/greenlink.technology\/pl\/"},{"@type":"ListItem","position":2,"name":"Produkty","item":"https:\/\/greenlink.technology\/pl\/o-nas\/firma\/enwitec\/produkty\/"},{"@type":"ListItem","position":3,"name":"skrzynka zaciskowa generatora pr\u0105du sta\u0142ego enwitec GAK-enwitec-S-1000-2R-X-BC-PC-1.0 &#8211; 10014968"}]},{"@type":"WebSite","@id":"https:\/\/enwitec.eu\/en\/#website","url":"https:\/\/enwitec.eu\/en\/","name":"greenLink orchestrating energy flows | enwitec electronic GmbH | LinQ Europe Sp. z o.o.","description":"","publisher":{"@id":"https:\/\/enwitec.eu\/en\/#organization"},"potentialAction":[{"@type":"SearchAction","target":{"@type":"EntryPoint","urlTemplate":"https:\/\/enwitec.eu\/en\/?s={search_term_string}"},"query-input":{"@type":"PropertyValueSpecification","valueRequired":true,"valueName":"search_term_string"}}],"inLanguage":"pl-PL"},{"@type":"Organization","@id":"https:\/\/enwitec.eu\/en\/#organization","name":"greenLink orkiestruj\u0105cy przep\u0142ywy energii | enwitec electronic GmbH | LinQ Europe Sp. z o.o.","url":"https:\/\/enwitec.eu\/en\/","logo":{"@type":"ImageObject","inLanguage":"pl-PL","@id":"https:\/\/enwitec.eu\/en\/#\/schema\/logo\/image\/","url":"https:\/\/greenlink.technology\/wp-content\/uploads\/2025\/01\/greenlink-logo-final.png","contentUrl":"https:\/\/greenlink.technology\/wp-content\/uploads\/2025\/01\/greenlink-logo-final.png","width":2586,"height":629,"caption":"greenLink orkiestruj\u0105cy przep\u0142ywy energii | enwitec electronic GmbH | LinQ Europe Sp. z o.o. "},"image":{"@id":"https:\/\/enwitec.eu\/en\/#\/schema\/logo\/image\/"}}]}},"_links":{"self":[{"href":"https:\/\/greenlink.technology\/pl\/wp-json\/wp\/v2\/product\/10831","targetHints":{"allow":["GET"]}}],"collection":[{"href":"https:\/\/greenlink.technology\/pl\/wp-json\/wp\/v2\/product"}],"about":[{"href":"https:\/\/greenlink.technology\/pl\/wp-json\/wp\/v2\/types\/product"}],"replies":[{"embeddable":true,"href":"https:\/\/greenlink.technology\/pl\/wp-json\/wp\/v2\/comments?post=10831"}],"wp:featuredmedia":[{"embeddable":true,"href":"https:\/\/greenlink.technology\/pl\/wp-json\/wp\/v2\/media\/10835"}],"wp:attachment":[{"href":"https:\/\/greenlink.technology\/pl\/wp-json\/wp\/v2\/media?parent=10831"}],"wp:term":[{"taxonomy":"anwendung","embeddable":true,"href":"https:\/\/greenlink.technology\/pl\/wp-json\/wp\/v2\/anwendung?post=10831"},{"taxonomy":"product_brand","embeddable":true,"href":"https:\/\/greenlink.technology\/pl\/wp-json\/wp\/v2\/product_brand?post=10831"},{"taxonomy":"product_cat","embeddable":true,"href":"https:\/\/greenlink.technology\/pl\/wp-json\/wp\/v2\/product_cat?post=10831"},{"taxonomy":"product_tag","embeddable":true,"href":"https:\/\/greenlink.technology\/pl\/wp-json\/wp\/v2\/product_tag?post=10831"}],"curies":[{"name":"wp","href":"https:\/\/api.w.org\/{rel}","templated":true}]}}