{"id":10954,"date":"2024-02-26T13:05:05","date_gmt":"2024-02-26T12:05:05","guid":{"rendered":"https:\/\/greenlink.technology\/produkt\/przelacznik-strazacki-enwitec-santon-1000-6x2r-t50-bc-pes-1-0-10014008\/"},"modified":"2026-01-21T09:20:08","modified_gmt":"2026-01-21T08:20:08","slug":"przelacznik-strazacki-enwitec-santon-1000-6x2r-t50-bc-pes-1-0-10014008","status":"publish","type":"product","link":"https:\/\/greenlink.technology\/pl\/produkt\/przelacznik-strazacki-enwitec-santon-1000-6x2r-t50-bc-pes-1-0-10014008\/","title":{"rendered":"prze\u0142\u0105cznik stra\u017cacki enwitec Santon-1000-6x2R-T50-BC-PES-1.0 &#8211; 10014008"},"content":{"rendered":"","protected":false},"excerpt":{"rendered":"","protected":false},"featured_media":10956,"comment_status":"closed","ping_status":"closed","template":"","meta":{"_acf_changed":false},"anwendung":[],"product_brand":[264],"product_cat":[462],"product_tag":[1023,464,463,465],"class_list":{"0":"post-10954","1":"product","2":"type-product","3":"status-publish","4":"has-post-thumbnail","6":"product_brand-enwitec","7":"product_cat-wylaczniki-przeciwpozarowe","8":"product_tag-10014008-pl","9":"product_tag-fws-pl","10":"product_tag-przelacznik-strazy-pozarnej","11":"product_tag-santon-pl","12":"pa_anschlussform-polaczenie-srubowe","13":"pa_mpp-tracker-6-pl","14":"pa_strings-im-ausgang-pro-mpp-2-pl","15":"pa_strings-im-eingang-pro-mpp-2-pl","16":"pa_systemspannung-vdc-1000-pl","17":"pa_ueberspannungsschutz-typ-12-pl","19":"first","20":"instock","21":"shipping-taxable","22":"product-type-simple"},"acf":{"product_informations":"prze\u0142\u0105cznik stra\u017cacki enwitec Santon-1000-6x2R-T50-BC-PES-1.0\n\nWy\u0142\u0105cznik stra\u017cacki od enwitec. Budynki u\u017cyteczno\u015bci publicznej, budynki przemys\u0142owe i magazyny w szczeg\u00f3lno\u015bci podlegaj\u0105 zwi\u0119kszonym wymogom bezpiecze\u0144stwa. enwitec \u0142\u0105czy konwencjonaln\u0105 technologi\u0119 po\u0142\u0105cze\u0144 dla system\u00f3w fotowoltaicznych z roz\u0142\u0105cznikiem PVSEC, oferuj\u0105c w ten spos\u00f3b niestandardowe i swobodnie skalowalne rozwi\u0105zania o mocy do megawat\u00f3w. Mo\u017cna go wykorzysta\u0107 do od\u0142\u0105czenia napi\u0119cia od kabli DC zainstalowanych w budynku.   \n\nKod meczu: Santon-1000-6x2R-T50-BC-PES-1.0","technical_data":"<div class=\"stammdaten-col\">\n<div class=\"line\">\n<p class=\"system-stammdaten-left\">Nr art.10014008\nNapi\u0119cie systemowe: 1000VDC\n\u015aledzenie MPP: 6\n\u0141a\u0144cuchy wej\u015bciowe na MPP: 2\n\u0141a\u0144cuchy wyj\u015bciowe na MPP: 2\nOchrona przepi\u0119ciowa: I + II\/BC\nTyp po\u0142\u0105czenia: Przy\u0142\u0105cze \u015brubowe\nBezpiecznik sznurkowy: Nie\nOpcja monitorowania: NO styki pomocnicze z roz\u0142\u0105cznika\nWy\u0142\u0105cznik obci\u0105\u017cenia: Tak\nObudowa: Poliester GRP\nWymiary (WxHxD): 500 x 600 x 230 mm<\/p>\n\n<\/div>\n<\/div>","download":"<a href=\"https:\/\/greenlink.technology\/wp-content\/uploads\/2025\/11\/10014008_DAT_Santon-1000-6x2R-T50-BC-PES-1.2-a.pdf\" target=\"_blank\" rel=\"noopener\">Karta katalogowa_PL\n<\/a><a href=\"https:\/\/greenlink.technology\/wp-content\/uploads\/2025\/04\/10012986_allgemeine-Installationsanleitung_PV-RSS_DACH_DE_V1.1_2024_07_10.pdf\" target=\"_blank\" rel=\"noopener\">Og\u00f3lne instrukcje instalacji<\/a>","product_short_description":"<strong>Napi\u0119cie systemowe VDC:<\/strong> 1000\n<strong>MPP<\/strong><strong>tracker<\/strong><strong>:<\/strong> 6\n<strong>Struny na<\/strong><strong>wej\u015bciu na MPP<\/strong><strong>:<\/strong> 2\n<strong>Struny na wyj\u015bciu na MPP tracker:<\/strong> 2\n<strong>Ochrona przeciwprzepi\u0119ciowa:<\/strong> Klasa I+II\/BC\n<strong>Typ po\u0142\u0105czenia:<\/strong> Po\u0142\u0105czenie \u015brubowe","photo_gallery":{"galerie_produkte":[[]]}},"yoast_head":"<!-- This site is optimized with the Yoast SEO plugin v27.3 - https:\/\/yoast.com\/product\/yoast-seo-wordpress\/ -->\n<title>prze\u0142\u0105cznik stra\u017cacki enwitec Santon-1000-6x2R-T50-BC-PES-1.0 - 10014008 - greenLink orchestrating energy flows | enwitec electronic GmbH | LinQ Europe Sp. z o.o.<\/title>\n<meta name=\"robots\" content=\"index, follow, max-snippet:-1, max-image-preview:large, max-video-preview:-1\" \/>\n<link rel=\"canonical\" href=\"https:\/\/greenlink.technology\/pl\/produkt\/przelacznik-strazacki-enwitec-santon-1000-6x2r-t50-bc-pes-1-0-10014008\/\" \/>\n<meta property=\"og:locale\" content=\"pl_PL\" \/>\n<meta property=\"og:type\" content=\"article\" \/>\n<meta property=\"og:title\" content=\"prze\u0142\u0105cznik stra\u017cacki enwitec Santon-1000-6x2R-T50-BC-PES-1.0 - 10014008 - greenLink orchestrating energy flows | enwitec electronic GmbH | LinQ Europe Sp. z o.o.\" \/>\n<meta property=\"og:url\" content=\"https:\/\/greenlink.technology\/pl\/produkt\/przelacznik-strazacki-enwitec-santon-1000-6x2r-t50-bc-pes-1-0-10014008\/\" \/>\n<meta property=\"og:site_name\" content=\"greenLink orchestrating energy flows | enwitec electronic GmbH | LinQ Europe Sp. z o.o.\" \/>\n<meta property=\"article:modified_time\" content=\"2026-01-21T08:20:08+00:00\" \/>\n<meta property=\"og:image\" content=\"https:\/\/enwitec.eu\/wp-content\/uploads\/2025\/02\/10014008_front_offen.png\" \/>\n\t<meta property=\"og:image:width\" content=\"500\" \/>\n\t<meta property=\"og:image:height\" content=\"500\" \/>\n\t<meta property=\"og:image:type\" content=\"image\/png\" \/>\n<meta name=\"twitter:card\" content=\"summary_large_image\" \/>\n<script type=\"application\/ld+json\" class=\"yoast-schema-graph\">{\"@context\":\"https:\\\/\\\/schema.org\",\"@graph\":[{\"@type\":\"WebPage\",\"@id\":\"https:\\\/\\\/greenlink.technology\\\/pl\\\/produkt\\\/przelacznik-strazacki-enwitec-santon-1000-6x2r-t50-bc-pes-1-0-10014008\\\/\",\"url\":\"https:\\\/\\\/greenlink.technology\\\/pl\\\/produkt\\\/przelacznik-strazacki-enwitec-santon-1000-6x2r-t50-bc-pes-1-0-10014008\\\/\",\"name\":\"prze\u0142\u0105cznik stra\u017cacki enwitec Santon-1000-6x2R-T50-BC-PES-1.0 - 10014008 - greenLink orchestrating energy flows | enwitec electronic GmbH | LinQ Europe Sp. z o.o.\",\"isPartOf\":{\"@id\":\"https:\\\/\\\/enwitec.eu\\\/en\\\/#website\"},\"primaryImageOfPage\":{\"@id\":\"https:\\\/\\\/greenlink.technology\\\/pl\\\/produkt\\\/przelacznik-strazacki-enwitec-santon-1000-6x2r-t50-bc-pes-1-0-10014008\\\/#primaryimage\"},\"image\":{\"@id\":\"https:\\\/\\\/greenlink.technology\\\/pl\\\/produkt\\\/przelacznik-strazacki-enwitec-santon-1000-6x2r-t50-bc-pes-1-0-10014008\\\/#primaryimage\"},\"thumbnailUrl\":\"https:\\\/\\\/greenlink.technology\\\/wp-content\\\/uploads\\\/2025\\\/02\\\/10014008_front_offen.png\",\"datePublished\":\"2024-02-26T12:05:05+00:00\",\"dateModified\":\"2026-01-21T08:20:08+00:00\",\"breadcrumb\":{\"@id\":\"https:\\\/\\\/greenlink.technology\\\/pl\\\/produkt\\\/przelacznik-strazacki-enwitec-santon-1000-6x2r-t50-bc-pes-1-0-10014008\\\/#breadcrumb\"},\"inLanguage\":\"pl-PL\",\"potentialAction\":[{\"@type\":\"ReadAction\",\"target\":[\"https:\\\/\\\/greenlink.technology\\\/pl\\\/produkt\\\/przelacznik-strazacki-enwitec-santon-1000-6x2r-t50-bc-pes-1-0-10014008\\\/\"]}]},{\"@type\":\"ImageObject\",\"inLanguage\":\"pl-PL\",\"@id\":\"https:\\\/\\\/greenlink.technology\\\/pl\\\/produkt\\\/przelacznik-strazacki-enwitec-santon-1000-6x2r-t50-bc-pes-1-0-10014008\\\/#primaryimage\",\"url\":\"https:\\\/\\\/greenlink.technology\\\/wp-content\\\/uploads\\\/2025\\\/02\\\/10014008_front_offen.png\",\"contentUrl\":\"https:\\\/\\\/greenlink.technology\\\/wp-content\\\/uploads\\\/2025\\\/02\\\/10014008_front_offen.png\",\"width\":500,\"height\":500},{\"@type\":\"BreadcrumbList\",\"@id\":\"https:\\\/\\\/greenlink.technology\\\/pl\\\/produkt\\\/przelacznik-strazacki-enwitec-santon-1000-6x2r-t50-bc-pes-1-0-10014008\\\/#breadcrumb\",\"itemListElement\":[{\"@type\":\"ListItem\",\"position\":1,\"name\":\"Startseite\",\"item\":\"https:\\\/\\\/greenlink.technology\\\/pl\\\/\"},{\"@type\":\"ListItem\",\"position\":2,\"name\":\"Produkty\",\"item\":\"https:\\\/\\\/greenlink.technology\\\/pl\\\/o-nas\\\/firma\\\/enwitec\\\/produkty\\\/\"},{\"@type\":\"ListItem\",\"position\":3,\"name\":\"prze\u0142\u0105cznik stra\u017cacki enwitec Santon-1000-6x2R-T50-BC-PES-1.0 &#8211; 10014008\"}]},{\"@type\":\"WebSite\",\"@id\":\"https:\\\/\\\/enwitec.eu\\\/en\\\/#website\",\"url\":\"https:\\\/\\\/enwitec.eu\\\/en\\\/\",\"name\":\"greenLink orchestrating energy flows | enwitec electronic GmbH | LinQ Europe Sp. z o.o.\",\"description\":\"\",\"publisher\":{\"@id\":\"https:\\\/\\\/enwitec.eu\\\/en\\\/#organization\"},\"potentialAction\":[{\"@type\":\"SearchAction\",\"target\":{\"@type\":\"EntryPoint\",\"urlTemplate\":\"https:\\\/\\\/enwitec.eu\\\/en\\\/?s={search_term_string}\"},\"query-input\":{\"@type\":\"PropertyValueSpecification\",\"valueRequired\":true,\"valueName\":\"search_term_string\"}}],\"inLanguage\":\"pl-PL\"},{\"@type\":\"Organization\",\"@id\":\"https:\\\/\\\/enwitec.eu\\\/en\\\/#organization\",\"name\":\"greenLink orkiestruj\u0105cy przep\u0142ywy energii | enwitec electronic GmbH | LinQ Europe Sp. z o.o.\",\"url\":\"https:\\\/\\\/enwitec.eu\\\/en\\\/\",\"logo\":{\"@type\":\"ImageObject\",\"inLanguage\":\"pl-PL\",\"@id\":\"https:\\\/\\\/enwitec.eu\\\/en\\\/#\\\/schema\\\/logo\\\/image\\\/\",\"url\":\"https:\\\/\\\/greenlink.technology\\\/wp-content\\\/uploads\\\/2025\\\/01\\\/greenlink-logo-final.png\",\"contentUrl\":\"https:\\\/\\\/greenlink.technology\\\/wp-content\\\/uploads\\\/2025\\\/01\\\/greenlink-logo-final.png\",\"width\":2586,\"height\":629,\"caption\":\"greenLink orkiestruj\u0105cy przep\u0142ywy energii | enwitec electronic GmbH | LinQ Europe Sp. z o.o. \"},\"image\":{\"@id\":\"https:\\\/\\\/enwitec.eu\\\/en\\\/#\\\/schema\\\/logo\\\/image\\\/\"}}]}<\/script>\n<!-- \/ Yoast SEO plugin. -->","yoast_head_json":{"title":"prze\u0142\u0105cznik stra\u017cacki enwitec Santon-1000-6x2R-T50-BC-PES-1.0 - 10014008 - greenLink orchestrating energy flows | enwitec electronic GmbH | LinQ Europe Sp. z o.o.","robots":{"index":"index","follow":"follow","max-snippet":"max-snippet:-1","max-image-preview":"max-image-preview:large","max-video-preview":"max-video-preview:-1"},"canonical":"https:\/\/greenlink.technology\/pl\/produkt\/przelacznik-strazacki-enwitec-santon-1000-6x2r-t50-bc-pes-1-0-10014008\/","og_locale":"pl_PL","og_type":"article","og_title":"prze\u0142\u0105cznik stra\u017cacki enwitec Santon-1000-6x2R-T50-BC-PES-1.0 - 10014008 - greenLink orchestrating energy flows | enwitec electronic GmbH | LinQ Europe Sp. z o.o.","og_url":"https:\/\/greenlink.technology\/pl\/produkt\/przelacznik-strazacki-enwitec-santon-1000-6x2r-t50-bc-pes-1-0-10014008\/","og_site_name":"greenLink orchestrating energy flows | enwitec electronic GmbH | LinQ Europe Sp. z o.o.","article_modified_time":"2026-01-21T08:20:08+00:00","og_image":[{"width":500,"height":500,"url":"https:\/\/enwitec.eu\/wp-content\/uploads\/2025\/02\/10014008_front_offen.png","type":"image\/png"}],"twitter_card":"summary_large_image","schema":{"@context":"https:\/\/schema.org","@graph":[{"@type":"WebPage","@id":"https:\/\/greenlink.technology\/pl\/produkt\/przelacznik-strazacki-enwitec-santon-1000-6x2r-t50-bc-pes-1-0-10014008\/","url":"https:\/\/greenlink.technology\/pl\/produkt\/przelacznik-strazacki-enwitec-santon-1000-6x2r-t50-bc-pes-1-0-10014008\/","name":"prze\u0142\u0105cznik stra\u017cacki enwitec Santon-1000-6x2R-T50-BC-PES-1.0 - 10014008 - greenLink orchestrating energy flows | enwitec electronic GmbH | LinQ Europe Sp. z o.o.","isPartOf":{"@id":"https:\/\/enwitec.eu\/en\/#website"},"primaryImageOfPage":{"@id":"https:\/\/greenlink.technology\/pl\/produkt\/przelacznik-strazacki-enwitec-santon-1000-6x2r-t50-bc-pes-1-0-10014008\/#primaryimage"},"image":{"@id":"https:\/\/greenlink.technology\/pl\/produkt\/przelacznik-strazacki-enwitec-santon-1000-6x2r-t50-bc-pes-1-0-10014008\/#primaryimage"},"thumbnailUrl":"https:\/\/greenlink.technology\/wp-content\/uploads\/2025\/02\/10014008_front_offen.png","datePublished":"2024-02-26T12:05:05+00:00","dateModified":"2026-01-21T08:20:08+00:00","breadcrumb":{"@id":"https:\/\/greenlink.technology\/pl\/produkt\/przelacznik-strazacki-enwitec-santon-1000-6x2r-t50-bc-pes-1-0-10014008\/#breadcrumb"},"inLanguage":"pl-PL","potentialAction":[{"@type":"ReadAction","target":["https:\/\/greenlink.technology\/pl\/produkt\/przelacznik-strazacki-enwitec-santon-1000-6x2r-t50-bc-pes-1-0-10014008\/"]}]},{"@type":"ImageObject","inLanguage":"pl-PL","@id":"https:\/\/greenlink.technology\/pl\/produkt\/przelacznik-strazacki-enwitec-santon-1000-6x2r-t50-bc-pes-1-0-10014008\/#primaryimage","url":"https:\/\/greenlink.technology\/wp-content\/uploads\/2025\/02\/10014008_front_offen.png","contentUrl":"https:\/\/greenlink.technology\/wp-content\/uploads\/2025\/02\/10014008_front_offen.png","width":500,"height":500},{"@type":"BreadcrumbList","@id":"https:\/\/greenlink.technology\/pl\/produkt\/przelacznik-strazacki-enwitec-santon-1000-6x2r-t50-bc-pes-1-0-10014008\/#breadcrumb","itemListElement":[{"@type":"ListItem","position":1,"name":"Startseite","item":"https:\/\/greenlink.technology\/pl\/"},{"@type":"ListItem","position":2,"name":"Produkty","item":"https:\/\/greenlink.technology\/pl\/o-nas\/firma\/enwitec\/produkty\/"},{"@type":"ListItem","position":3,"name":"prze\u0142\u0105cznik stra\u017cacki enwitec Santon-1000-6x2R-T50-BC-PES-1.0 &#8211; 10014008"}]},{"@type":"WebSite","@id":"https:\/\/enwitec.eu\/en\/#website","url":"https:\/\/enwitec.eu\/en\/","name":"greenLink orchestrating energy flows | enwitec electronic GmbH | LinQ Europe Sp. z o.o.","description":"","publisher":{"@id":"https:\/\/enwitec.eu\/en\/#organization"},"potentialAction":[{"@type":"SearchAction","target":{"@type":"EntryPoint","urlTemplate":"https:\/\/enwitec.eu\/en\/?s={search_term_string}"},"query-input":{"@type":"PropertyValueSpecification","valueRequired":true,"valueName":"search_term_string"}}],"inLanguage":"pl-PL"},{"@type":"Organization","@id":"https:\/\/enwitec.eu\/en\/#organization","name":"greenLink orkiestruj\u0105cy przep\u0142ywy energii | enwitec electronic GmbH | LinQ Europe Sp. z o.o.","url":"https:\/\/enwitec.eu\/en\/","logo":{"@type":"ImageObject","inLanguage":"pl-PL","@id":"https:\/\/enwitec.eu\/en\/#\/schema\/logo\/image\/","url":"https:\/\/greenlink.technology\/wp-content\/uploads\/2025\/01\/greenlink-logo-final.png","contentUrl":"https:\/\/greenlink.technology\/wp-content\/uploads\/2025\/01\/greenlink-logo-final.png","width":2586,"height":629,"caption":"greenLink orkiestruj\u0105cy przep\u0142ywy energii | enwitec electronic GmbH | LinQ Europe Sp. z o.o. "},"image":{"@id":"https:\/\/enwitec.eu\/en\/#\/schema\/logo\/image\/"}}]}},"_links":{"self":[{"href":"https:\/\/greenlink.technology\/pl\/wp-json\/wp\/v2\/product\/10954","targetHints":{"allow":["GET"]}}],"collection":[{"href":"https:\/\/greenlink.technology\/pl\/wp-json\/wp\/v2\/product"}],"about":[{"href":"https:\/\/greenlink.technology\/pl\/wp-json\/wp\/v2\/types\/product"}],"replies":[{"embeddable":true,"href":"https:\/\/greenlink.technology\/pl\/wp-json\/wp\/v2\/comments?post=10954"}],"wp:featuredmedia":[{"embeddable":true,"href":"https:\/\/greenlink.technology\/pl\/wp-json\/wp\/v2\/media\/10956"}],"wp:attachment":[{"href":"https:\/\/greenlink.technology\/pl\/wp-json\/wp\/v2\/media?parent=10954"}],"wp:term":[{"taxonomy":"anwendung","embeddable":true,"href":"https:\/\/greenlink.technology\/pl\/wp-json\/wp\/v2\/anwendung?post=10954"},{"taxonomy":"product_brand","embeddable":true,"href":"https:\/\/greenlink.technology\/pl\/wp-json\/wp\/v2\/product_brand?post=10954"},{"taxonomy":"product_cat","embeddable":true,"href":"https:\/\/greenlink.technology\/pl\/wp-json\/wp\/v2\/product_cat?post=10954"},{"taxonomy":"product_tag","embeddable":true,"href":"https:\/\/greenlink.technology\/pl\/wp-json\/wp\/v2\/product_tag?post=10954"}],"curies":[{"name":"wp","href":"https:\/\/api.w.org\/{rel}","templated":true}]}}