{"id":10972,"date":"2024-02-26T11:58:43","date_gmt":"2024-02-26T10:58:43","guid":{"rendered":"https:\/\/greenlink.technology\/produkt\/wylacznik-strazacki-enwitec-santon-1000-4x2r-t50-bc-pes-1-0-10012235\/"},"modified":"2026-01-21T09:19:57","modified_gmt":"2026-01-21T08:19:57","slug":"wylacznik-strazacki-enwitec-santon-1000-4x2r-t50-bc-pes-1-0-10012235","status":"publish","type":"product","link":"https:\/\/greenlink.technology\/pl\/produkt\/wylacznik-strazacki-enwitec-santon-1000-4x2r-t50-bc-pes-1-0-10012235\/","title":{"rendered":"wy\u0142\u0105cznik stra\u017cacki enwitec Santon-1000-4x2R-T50-BC-PES-1.0 &#8211; 10012235"},"content":{"rendered":"<div class=\"system-stammdaten\">\n<h2><\/h2>\n<p>&nbsp;<\/p>\n<\/div>\n","protected":false},"excerpt":{"rendered":"<p>&nbsp;<\/p>\n","protected":false},"featured_media":10973,"comment_status":"closed","ping_status":"closed","template":"","meta":{"_acf_changed":false},"anwendung":[],"product_brand":[264],"product_cat":[462],"product_tag":[1031,464,463,465],"class_list":{"0":"post-10972","1":"product","2":"type-product","3":"status-publish","4":"has-post-thumbnail","6":"product_brand-enwitec","7":"product_cat-wylaczniki-przeciwpozarowe","8":"product_tag-10012235-pl","9":"product_tag-fws-pl","10":"product_tag-przelacznik-strazy-pozarnej","11":"product_tag-santon-pl","12":"pa_anschlussform-polaczenie-srubowe","13":"pa_mpp-tracker-4-pl","14":"pa_strings-im-ausgang-pro-mpp-2-pl","15":"pa_strings-im-eingang-pro-mpp-2-pl","16":"pa_systemspannung-vdc-1000-pl","17":"pa_ueberspannungsschutz-typ-12-pl","19":"first","20":"instock","21":"shipping-taxable","22":"product-type-simple"},"acf":{"product_informations":"<strong>Prze\u0142\u0105cznik stra\u017cacki Enwitec Santon-1000-2x2R-T50-BC-PES-1.0<\/strong>\n\nWy\u0142\u0105cznik stra\u017cacki od enwitec. Budynki u\u017cyteczno\u015bci publicznej, budynki przemys\u0142owe i magazyny w szczeg\u00f3lno\u015bci podlegaj\u0105 zwi\u0119kszonym wymogom bezpiecze\u0144stwa. enwitec \u0142\u0105czy konwencjonaln\u0105 technologi\u0119 po\u0142\u0105cze\u0144 dla system\u00f3w fotowoltaicznych z roz\u0142\u0105cznikiem PVSEC, oferuj\u0105c w ten spos\u00f3b niestandardowe i swobodnie skalowalne rozwi\u0105zania o mocy do megawat\u00f3w. Mo\u017cna go wykorzysta\u0107 do od\u0142\u0105czenia napi\u0119cia od kabli DC zainstalowanych w budynku.   \n\nKod meczu: Santon-1000-4x2R-T50-BC-PES-1.0","technical_data":"<div class=\"stammdaten-col\">\n<div class=\"line\">\n<p class=\"system-stammdaten-left\">Nr art.10012235\nNapi\u0119cie systemowe VDC: 1000VDC\nTracker MPP: 4\n\u0141a\u0144cuchy wej\u015bciowe na MPP: 2\n\u0141a\u0144cuchy wyj\u015bciowe na MPP: 2\nOchrona przepi\u0119ciowa: Klasa I+II\/BC\nTyp po\u0142\u0105czenia: Po\u0142\u0105czenie \u015brubowe\nBezpiecznik sznurkowy: Nie\nOpcja monitorowania: NO styki pomocnicze z roz\u0142\u0105cznika\nWy\u0142\u0105cznik obci\u0105\u017cenia: Tak\nObudowa: Poliester\nWymiary (WxHxD): 400 x 600 x 230 mm<\/p>\n\n<\/div>\n<\/div>","download":"<a href=\"https:\/\/greenlink.technology\/wp-content\/uploads\/2025\/11\/10012235_DE_DAT_Santon-1000-4x2R-T50-BC-PES-1.1-a.pdf\" target=\"_blank\" rel=\"noopener\">data sheet_EN<\/a>\n<a href=\"https:\/\/greenlink.technology\/wp-content\/uploads\/2025\/11\/10012235_GB_DAT_Santon-1000-4x2R-T50-BC-PES-1.1-a.pdf\">arkusz danych (angielski)<\/a>\n<a href=\"https:\/\/greenlink.technology\/wp-content\/uploads\/2025\/04\/10012986_allgemeine-Installationsanleitung_PV-RSS_DACH_DE_V1.1_2024_07_10.pdf\" target=\"_blank\" rel=\"noopener\">Og\u00f3lne instrukcje instalacji<\/a>","product_short_description":"<strong>Napi\u0119cie systemowe VDC:<\/strong> 1000\n<strong>\u015aledzenie MPP:<\/strong> 4\n<strong>Ci\u0105gi na wej\u015bciu<\/strong><strong>na MP<\/strong><strong>P<\/strong><strong>:<\/strong> 2\n<strong>Ci\u0105gi na wyj\u015bciu na MPP:<\/strong> 2\n<strong>Ochrona przeciwprzepi\u0119ciowa:<\/strong> Klasa I+II\/BC\n<strong>Typ po\u0142\u0105czenia:<\/strong> Po\u0142\u0105czenie \u015brubowe","photo_gallery":{"galerie_produkte":[[]]}},"yoast_head":"<!-- This site is optimized with the Yoast SEO plugin v27.3 - https:\/\/yoast.com\/product\/yoast-seo-wordpress\/ -->\n<title>wy\u0142\u0105cznik stra\u017cacki enwitec Santon-1000-4x2R-T50-BC-PES-1.0 - 10012235 - greenLink orchestrating energy flows | enwitec electronic GmbH | LinQ Europe Sp. z o.o.<\/title>\n<meta name=\"robots\" content=\"index, follow, max-snippet:-1, max-image-preview:large, max-video-preview:-1\" \/>\n<link rel=\"canonical\" href=\"https:\/\/greenlink.technology\/pl\/produkt\/wylacznik-strazacki-enwitec-santon-1000-4x2r-t50-bc-pes-1-0-10012235\/\" \/>\n<meta property=\"og:locale\" content=\"pl_PL\" \/>\n<meta property=\"og:type\" content=\"article\" \/>\n<meta property=\"og:title\" content=\"wy\u0142\u0105cznik stra\u017cacki enwitec Santon-1000-4x2R-T50-BC-PES-1.0 - 10012235 - greenLink orchestrating energy flows | enwitec electronic GmbH | LinQ Europe Sp. z o.o.\" \/>\n<meta property=\"og:description\" content=\"&nbsp;\" \/>\n<meta property=\"og:url\" content=\"https:\/\/greenlink.technology\/pl\/produkt\/wylacznik-strazacki-enwitec-santon-1000-4x2r-t50-bc-pes-1-0-10012235\/\" \/>\n<meta property=\"og:site_name\" content=\"greenLink orchestrating energy flows | enwitec electronic GmbH | LinQ Europe Sp. z o.o.\" \/>\n<meta property=\"article:modified_time\" content=\"2026-01-21T08:19:57+00:00\" \/>\n<meta property=\"og:image\" content=\"https:\/\/linqeurope.pl\/wp-content\/uploads\/2025\/02\/10012217_front_offen.png\" \/>\n\t<meta property=\"og:image:width\" content=\"500\" \/>\n\t<meta property=\"og:image:height\" content=\"500\" \/>\n\t<meta property=\"og:image:type\" content=\"image\/png\" \/>\n<meta name=\"twitter:card\" content=\"summary_large_image\" \/>\n<script type=\"application\/ld+json\" class=\"yoast-schema-graph\">{\"@context\":\"https:\\\/\\\/schema.org\",\"@graph\":[{\"@type\":\"WebPage\",\"@id\":\"https:\\\/\\\/greenlink.technology\\\/pl\\\/produkt\\\/wylacznik-strazacki-enwitec-santon-1000-4x2r-t50-bc-pes-1-0-10012235\\\/\",\"url\":\"https:\\\/\\\/greenlink.technology\\\/pl\\\/produkt\\\/wylacznik-strazacki-enwitec-santon-1000-4x2r-t50-bc-pes-1-0-10012235\\\/\",\"name\":\"wy\u0142\u0105cznik stra\u017cacki enwitec Santon-1000-4x2R-T50-BC-PES-1.0 - 10012235 - greenLink orchestrating energy flows | enwitec electronic GmbH | LinQ Europe Sp. z o.o.\",\"isPartOf\":{\"@id\":\"https:\\\/\\\/enwitec.eu\\\/en\\\/#website\"},\"primaryImageOfPage\":{\"@id\":\"https:\\\/\\\/greenlink.technology\\\/pl\\\/produkt\\\/wylacznik-strazacki-enwitec-santon-1000-4x2r-t50-bc-pes-1-0-10012235\\\/#primaryimage\"},\"image\":{\"@id\":\"https:\\\/\\\/greenlink.technology\\\/pl\\\/produkt\\\/wylacznik-strazacki-enwitec-santon-1000-4x2r-t50-bc-pes-1-0-10012235\\\/#primaryimage\"},\"thumbnailUrl\":\"https:\\\/\\\/greenlink.technology\\\/wp-content\\\/uploads\\\/2025\\\/02\\\/10012217_front_offen.png\",\"datePublished\":\"2024-02-26T10:58:43+00:00\",\"dateModified\":\"2026-01-21T08:19:57+00:00\",\"breadcrumb\":{\"@id\":\"https:\\\/\\\/greenlink.technology\\\/pl\\\/produkt\\\/wylacznik-strazacki-enwitec-santon-1000-4x2r-t50-bc-pes-1-0-10012235\\\/#breadcrumb\"},\"inLanguage\":\"pl-PL\",\"potentialAction\":[{\"@type\":\"ReadAction\",\"target\":[\"https:\\\/\\\/greenlink.technology\\\/pl\\\/produkt\\\/wylacznik-strazacki-enwitec-santon-1000-4x2r-t50-bc-pes-1-0-10012235\\\/\"]}]},{\"@type\":\"ImageObject\",\"inLanguage\":\"pl-PL\",\"@id\":\"https:\\\/\\\/greenlink.technology\\\/pl\\\/produkt\\\/wylacznik-strazacki-enwitec-santon-1000-4x2r-t50-bc-pes-1-0-10012235\\\/#primaryimage\",\"url\":\"https:\\\/\\\/greenlink.technology\\\/wp-content\\\/uploads\\\/2025\\\/02\\\/10012217_front_offen.png\",\"contentUrl\":\"https:\\\/\\\/greenlink.technology\\\/wp-content\\\/uploads\\\/2025\\\/02\\\/10012217_front_offen.png\",\"width\":500,\"height\":500},{\"@type\":\"BreadcrumbList\",\"@id\":\"https:\\\/\\\/greenlink.technology\\\/pl\\\/produkt\\\/wylacznik-strazacki-enwitec-santon-1000-4x2r-t50-bc-pes-1-0-10012235\\\/#breadcrumb\",\"itemListElement\":[{\"@type\":\"ListItem\",\"position\":1,\"name\":\"Startseite\",\"item\":\"https:\\\/\\\/greenlink.technology\\\/pl\\\/\"},{\"@type\":\"ListItem\",\"position\":2,\"name\":\"Produkty\",\"item\":\"https:\\\/\\\/greenlink.technology\\\/pl\\\/o-nas\\\/firma\\\/enwitec\\\/produkty\\\/\"},{\"@type\":\"ListItem\",\"position\":3,\"name\":\"wy\u0142\u0105cznik stra\u017cacki enwitec Santon-1000-4x2R-T50-BC-PES-1.0 &#8211; 10012235\"}]},{\"@type\":\"WebSite\",\"@id\":\"https:\\\/\\\/enwitec.eu\\\/en\\\/#website\",\"url\":\"https:\\\/\\\/enwitec.eu\\\/en\\\/\",\"name\":\"greenLink orchestrating energy flows | enwitec electronic GmbH | LinQ Europe Sp. z o.o.\",\"description\":\"\",\"publisher\":{\"@id\":\"https:\\\/\\\/enwitec.eu\\\/en\\\/#organization\"},\"potentialAction\":[{\"@type\":\"SearchAction\",\"target\":{\"@type\":\"EntryPoint\",\"urlTemplate\":\"https:\\\/\\\/enwitec.eu\\\/en\\\/?s={search_term_string}\"},\"query-input\":{\"@type\":\"PropertyValueSpecification\",\"valueRequired\":true,\"valueName\":\"search_term_string\"}}],\"inLanguage\":\"pl-PL\"},{\"@type\":\"Organization\",\"@id\":\"https:\\\/\\\/enwitec.eu\\\/en\\\/#organization\",\"name\":\"greenLink orkiestruj\u0105cy przep\u0142ywy energii | enwitec electronic GmbH | LinQ Europe Sp. z o.o.\",\"url\":\"https:\\\/\\\/enwitec.eu\\\/en\\\/\",\"logo\":{\"@type\":\"ImageObject\",\"inLanguage\":\"pl-PL\",\"@id\":\"https:\\\/\\\/enwitec.eu\\\/en\\\/#\\\/schema\\\/logo\\\/image\\\/\",\"url\":\"https:\\\/\\\/greenlink.technology\\\/wp-content\\\/uploads\\\/2025\\\/01\\\/greenlink-logo-final.png\",\"contentUrl\":\"https:\\\/\\\/greenlink.technology\\\/wp-content\\\/uploads\\\/2025\\\/01\\\/greenlink-logo-final.png\",\"width\":2586,\"height\":629,\"caption\":\"greenLink orkiestruj\u0105cy przep\u0142ywy energii | enwitec electronic GmbH | LinQ Europe Sp. z o.o. \"},\"image\":{\"@id\":\"https:\\\/\\\/enwitec.eu\\\/en\\\/#\\\/schema\\\/logo\\\/image\\\/\"}}]}<\/script>\n<!-- \/ Yoast SEO plugin. -->","yoast_head_json":{"title":"wy\u0142\u0105cznik stra\u017cacki enwitec Santon-1000-4x2R-T50-BC-PES-1.0 - 10012235 - greenLink orchestrating energy flows | enwitec electronic GmbH | LinQ Europe Sp. z o.o.","robots":{"index":"index","follow":"follow","max-snippet":"max-snippet:-1","max-image-preview":"max-image-preview:large","max-video-preview":"max-video-preview:-1"},"canonical":"https:\/\/greenlink.technology\/pl\/produkt\/wylacznik-strazacki-enwitec-santon-1000-4x2r-t50-bc-pes-1-0-10012235\/","og_locale":"pl_PL","og_type":"article","og_title":"wy\u0142\u0105cznik stra\u017cacki enwitec Santon-1000-4x2R-T50-BC-PES-1.0 - 10012235 - greenLink orchestrating energy flows | enwitec electronic GmbH | LinQ Europe Sp. z o.o.","og_description":"&nbsp;","og_url":"https:\/\/greenlink.technology\/pl\/produkt\/wylacznik-strazacki-enwitec-santon-1000-4x2r-t50-bc-pes-1-0-10012235\/","og_site_name":"greenLink orchestrating energy flows | enwitec electronic GmbH | LinQ Europe Sp. z o.o.","article_modified_time":"2026-01-21T08:19:57+00:00","og_image":[{"width":500,"height":500,"url":"https:\/\/linqeurope.pl\/wp-content\/uploads\/2025\/02\/10012217_front_offen.png","type":"image\/png"}],"twitter_card":"summary_large_image","schema":{"@context":"https:\/\/schema.org","@graph":[{"@type":"WebPage","@id":"https:\/\/greenlink.technology\/pl\/produkt\/wylacznik-strazacki-enwitec-santon-1000-4x2r-t50-bc-pes-1-0-10012235\/","url":"https:\/\/greenlink.technology\/pl\/produkt\/wylacznik-strazacki-enwitec-santon-1000-4x2r-t50-bc-pes-1-0-10012235\/","name":"wy\u0142\u0105cznik stra\u017cacki enwitec Santon-1000-4x2R-T50-BC-PES-1.0 - 10012235 - greenLink orchestrating energy flows | enwitec electronic GmbH | LinQ Europe Sp. z o.o.","isPartOf":{"@id":"https:\/\/enwitec.eu\/en\/#website"},"primaryImageOfPage":{"@id":"https:\/\/greenlink.technology\/pl\/produkt\/wylacznik-strazacki-enwitec-santon-1000-4x2r-t50-bc-pes-1-0-10012235\/#primaryimage"},"image":{"@id":"https:\/\/greenlink.technology\/pl\/produkt\/wylacznik-strazacki-enwitec-santon-1000-4x2r-t50-bc-pes-1-0-10012235\/#primaryimage"},"thumbnailUrl":"https:\/\/greenlink.technology\/wp-content\/uploads\/2025\/02\/10012217_front_offen.png","datePublished":"2024-02-26T10:58:43+00:00","dateModified":"2026-01-21T08:19:57+00:00","breadcrumb":{"@id":"https:\/\/greenlink.technology\/pl\/produkt\/wylacznik-strazacki-enwitec-santon-1000-4x2r-t50-bc-pes-1-0-10012235\/#breadcrumb"},"inLanguage":"pl-PL","potentialAction":[{"@type":"ReadAction","target":["https:\/\/greenlink.technology\/pl\/produkt\/wylacznik-strazacki-enwitec-santon-1000-4x2r-t50-bc-pes-1-0-10012235\/"]}]},{"@type":"ImageObject","inLanguage":"pl-PL","@id":"https:\/\/greenlink.technology\/pl\/produkt\/wylacznik-strazacki-enwitec-santon-1000-4x2r-t50-bc-pes-1-0-10012235\/#primaryimage","url":"https:\/\/greenlink.technology\/wp-content\/uploads\/2025\/02\/10012217_front_offen.png","contentUrl":"https:\/\/greenlink.technology\/wp-content\/uploads\/2025\/02\/10012217_front_offen.png","width":500,"height":500},{"@type":"BreadcrumbList","@id":"https:\/\/greenlink.technology\/pl\/produkt\/wylacznik-strazacki-enwitec-santon-1000-4x2r-t50-bc-pes-1-0-10012235\/#breadcrumb","itemListElement":[{"@type":"ListItem","position":1,"name":"Startseite","item":"https:\/\/greenlink.technology\/pl\/"},{"@type":"ListItem","position":2,"name":"Produkty","item":"https:\/\/greenlink.technology\/pl\/o-nas\/firma\/enwitec\/produkty\/"},{"@type":"ListItem","position":3,"name":"wy\u0142\u0105cznik stra\u017cacki enwitec Santon-1000-4x2R-T50-BC-PES-1.0 &#8211; 10012235"}]},{"@type":"WebSite","@id":"https:\/\/enwitec.eu\/en\/#website","url":"https:\/\/enwitec.eu\/en\/","name":"greenLink orchestrating energy flows | enwitec electronic GmbH | LinQ Europe Sp. z o.o.","description":"","publisher":{"@id":"https:\/\/enwitec.eu\/en\/#organization"},"potentialAction":[{"@type":"SearchAction","target":{"@type":"EntryPoint","urlTemplate":"https:\/\/enwitec.eu\/en\/?s={search_term_string}"},"query-input":{"@type":"PropertyValueSpecification","valueRequired":true,"valueName":"search_term_string"}}],"inLanguage":"pl-PL"},{"@type":"Organization","@id":"https:\/\/enwitec.eu\/en\/#organization","name":"greenLink orkiestruj\u0105cy przep\u0142ywy energii | enwitec electronic GmbH | LinQ Europe Sp. z o.o.","url":"https:\/\/enwitec.eu\/en\/","logo":{"@type":"ImageObject","inLanguage":"pl-PL","@id":"https:\/\/enwitec.eu\/en\/#\/schema\/logo\/image\/","url":"https:\/\/greenlink.technology\/wp-content\/uploads\/2025\/01\/greenlink-logo-final.png","contentUrl":"https:\/\/greenlink.technology\/wp-content\/uploads\/2025\/01\/greenlink-logo-final.png","width":2586,"height":629,"caption":"greenLink orkiestruj\u0105cy przep\u0142ywy energii | enwitec electronic GmbH | LinQ Europe Sp. z o.o. "},"image":{"@id":"https:\/\/enwitec.eu\/en\/#\/schema\/logo\/image\/"}}]}},"_links":{"self":[{"href":"https:\/\/greenlink.technology\/pl\/wp-json\/wp\/v2\/product\/10972","targetHints":{"allow":["GET"]}}],"collection":[{"href":"https:\/\/greenlink.technology\/pl\/wp-json\/wp\/v2\/product"}],"about":[{"href":"https:\/\/greenlink.technology\/pl\/wp-json\/wp\/v2\/types\/product"}],"replies":[{"embeddable":true,"href":"https:\/\/greenlink.technology\/pl\/wp-json\/wp\/v2\/comments?post=10972"}],"wp:featuredmedia":[{"embeddable":true,"href":"https:\/\/greenlink.technology\/pl\/wp-json\/wp\/v2\/media\/10973"}],"wp:attachment":[{"href":"https:\/\/greenlink.technology\/pl\/wp-json\/wp\/v2\/media?parent=10972"}],"wp:term":[{"taxonomy":"anwendung","embeddable":true,"href":"https:\/\/greenlink.technology\/pl\/wp-json\/wp\/v2\/anwendung?post=10972"},{"taxonomy":"product_brand","embeddable":true,"href":"https:\/\/greenlink.technology\/pl\/wp-json\/wp\/v2\/product_brand?post=10972"},{"taxonomy":"product_cat","embeddable":true,"href":"https:\/\/greenlink.technology\/pl\/wp-json\/wp\/v2\/product_cat?post=10972"},{"taxonomy":"product_tag","embeddable":true,"href":"https:\/\/greenlink.technology\/pl\/wp-json\/wp\/v2\/product_tag?post=10972"}],"curies":[{"name":"wp","href":"https:\/\/api.w.org\/{rel}","templated":true}]}}