{"id":10979,"date":"2024-03-01T11:09:38","date_gmt":"2024-03-01T10:09:38","guid":{"rendered":"https:\/\/greenlink.technology\/produkt\/enwitec-skrzynka-przelacznika-sieciowego-dla-falownika-sma-sma-3ph-dla-sunny-boy-storage-10012856\/"},"modified":"2025-05-30T14:30:27","modified_gmt":"2025-05-30T12:30:27","slug":"enwitec-skrzynka-przelacznikow-sieciowych-dla-falownikow-sma-sma-3ph-do-sunny-boy-storage-10012856","status":"publish","type":"product","link":"https:\/\/greenlink.technology\/pl\/produkt\/enwitec-skrzynka-przelacznikow-sieciowych-dla-falownikow-sma-sma-3ph-do-sunny-boy-storage-10012856\/","title":{"rendered":"ENWITEC SKRZYNKA PRZE\u0141\u0104CZNIK\u00d3W SIECIOWYCH DLA FALOWNIK\u00d3W SMA SMA-3PH DO SUNNY BOY STORAGE \u2013 10012856"},"content":{"rendered":"<div class=\"system-stammdaten\">\n<h2><\/h2>\n<p>&nbsp;<\/p>\n<\/div>\n","protected":false},"excerpt":{"rendered":"<p>&nbsp;<\/p>\n","protected":false},"featured_media":10983,"comment_status":"closed","ping_status":"closed","template":"","meta":{"_acf_changed":false},"anwendung":[],"product_brand":[264],"product_cat":[367],"product_tag":[1037,389,490,388,390],"class_list":{"0":"post-10979","1":"product","2":"type-product","3":"status-publish","4":"has-post-thumbnail","6":"product_brand-enwitec","7":"product_cat-skrzynki-przelacznikow-sieciowych","8":"product_tag-10012856-pl","9":"product_tag-on-grid-pl","10":"product_tag-sma-sunny-boy-storage-pl","11":"product_tag-urzadzenia-przelaczajace-zasilanie","12":"product_tag-urzadzenie-przelaczajace","13":"pa_laenderfreigabe-at-pl","14":"pa_laenderfreigabe-ch-pl","15":"pa_laenderfreigabe-pl","16":"pa_max-durchgangsleistung-0-30-kw-pl","17":"pa_nf-a-netzanschlusspunkt-tn-c-pl","18":"pa_nf-a-netzanschlusspunkt-tn-s-pl","19":"pa_nf-a-netzanschlusspunkt-tt-pl","20":"pa_nf-i-d-verbraucheranlage-tn-s-pl","21":"pa_nf-i-d-verbraucheranlage-tt-pl","22":"pa_umschaltung-automatyczny","23":"pa_wechselrichter-sma-sunny-boy-storage-pl","25":"first","26":"instock","27":"shipping-taxable","28":"product-type-simple"},"acf":{"product_informations":"<strong>WYCOFANE Z OFERTY<\/strong>\r\n\r\nODWO\u0141ANE\r\n\r\n<strong>Inwerter baterii:<\/strong>\r\n1 x Sunny Boy Storage - odpowiedni dla 3.7\/5.0\/6.0\r\n\r\n<strong>Falowniki fotowoltaiczne:<\/strong>\r\n2 x Sunny Boy - odpowiednie dla 3.0\/3.6\/4.0\/5.0*\r\n\r\n<strong>Falownik PV - 1PH:\r\n<\/strong>2 x Sunny Boy - opcjonalnie 3.0\/3.6\/4.0\/5.0\r\n\r\n<strong>Falownik fotowoltaiczny - 3PH:\r\n<\/strong>1 x Sunny Tripower 3.0 do 10.0 lub 5000TL do 12000TL (brak wsparcia dla pracy z podtrzymaniem bateryjnym!)\r\n\r\n<strong>Miernik generacji PV:\r\n<\/strong>Opcja po\u0142\u0105czenia!\r\n\r\n<strong>Monitorowanie i sterowanie:<\/strong>\r\nzintegrowany SMA - Backup Controller\r\nprzygotowany dla SMA Home Manager 2.0 lub SMA Energy Meter\r\n- SMA Sunny Home Manager 2.0 lub\r\n- SMA Energy Meter\r\n\r\n<strong>Zasilanie sieciowe:\r\n<\/strong>3PH 230\/400V - system TT lub TN-S\r\n\r\nAby uzyska\u0107 wi\u0119cej informacji technicznych, pobierz dokumentacj\u0119.\r\n\r\n<strong>Note<\/strong>\r\nMatchcode: 3PH_SMA.ST6.0_1STP12_2SB5_BBDAP_20KW_1PH_PREP_DACH_1.5","technical_data":"<div class=\"stammdaten-col\">\r\n<div class=\"line\">\r\n<div class=\"stammdaten-col\">\r\n<div class=\"line\">\r\n<p class=\"system-stammdaten-left\">Nr artyku\u0142u: 10012856\r\n<span style=\"font-size: inherit;\">Kompatybilny z: <\/span><span style=\"font-size: inherit;\">SMA\r\n<\/span><span style=\"font-size: inherit;\">Fazy: <\/span><span style=\"font-size: inherit;\">1 faza\r\n<\/span><span style=\"font-size: inherit;\">Od\u0142\u0105czenie od sieci: <\/span><span style=\"font-size: inherit;\">Wszystkie bieguny\r\n<\/span><span style=\"font-size: inherit;\">Moc wyj\u015bciowa: <\/span><span style=\"font-size: inherit;\">&lt;= 35kW\r\n<\/span><span style=\"font-size: inherit;\">Maksymalna przepustowo\u015b\u0107 termiczna: <\/span><span style=\"font-size: inherit;\">12 kW\r\n<\/span><span style=\"font-size: inherit;\">Numer kierunkowy kraju: <\/span><span style=\"font-size: inherit;\">Niemcy, Austria, Szwajcaria (D-A-CH)\r\n<\/span><span style=\"font-size: inherit;\">Ochrona NA: <\/span><span style=\"font-size: inherit;\">nie\r\n<\/span><span style=\"font-size: inherit;\">Prze\u0142\u0105cznik \u017ar\u00f3d\u0142a: <\/span><span style=\"font-size: inherit;\">nie\r\n<\/span><span style=\"font-size: inherit;\">Napi\u0119cie znamionowe: <\/span><span style=\"font-size: inherit;\">230\/400V\r\n<\/span> <span style=\"font-size: inherit;\">Cz\u0119stotliwo\u015b\u0107 znamionowa: <\/span><span style=\"font-size: inherit;\">50 Hz\r\n<\/span> <span style=\"font-size: inherit;\">Pr\u0105d zwarciowy: <\/span><span style=\"font-size: inherit;\">10 A\r\n<\/span> <span style=\"font-size: inherit;\">Bezpiecznik: <\/span><span style=\"font-size: inherit;\">63 A\r\n<\/span><span style=\"font-size: inherit;\">Zakres temperatur pracy: od -25\u00b0C do +40\u00b0C<\/span><span style=\"font-size: inherit;\">\r\n<\/span><span style=\"font-size: inherit;\">Wilgotno\u015b\u0107: od 5% do 95%<\/span><span style=\"font-size: inherit;\">\r\n<\/span><span style=\"font-size: inherit;\">Klasa ochrony: <\/span><span style=\"font-size: inherit;\">II\r\n<\/span><span style=\"font-size: inherit;\">Wymiary WxHxD (mm): 448x622x161 mm<\/span><span style=\"font-size: inherit;\">\r\n<\/span><span style=\"font-size: inherit;\">Waga: <\/span><span style=\"font-size: inherit;\">12 kg\r\n<\/span><span style=\"font-size: inherit;\">Obudowa: IP65<\/span><span style=\"font-size: inherit;\">\r\n<\/span><span style=\"font-size: inherit;\">Kszta\u0142t siatki: <\/span><span style=\"font-size: inherit;\">TN-S, TT<\/span><\/p>\r\n\r\n<\/div>\r\n<\/div>\r\n<\/div>\r\n<\/div>","download":"<a href=\"https:\/\/greenlink.technology\/wp-content\/uploads\/2025\/04\/10012856_Datenblatt_3PH_SMA.ST6_.0_1STP12_2SB5_BBDAP_20KW_1PH_PREP_DACH_1.5_2024_06_10-1.pdf\" target=\"_blank\" rel=\"noopener\">Arkusz danych PL<\/a>\r\n<a href=\"https:\/\/greenlink.technology\/wp-content\/uploads\/2025\/04\/10012856_data-sheet_3PH_SMA.ST6_.0_1STP12_2SB5_BBDAP_20KW_1PH_PREP_DACH_1.5_2024_06_10-1.pdf\" target=\"_blank\" rel=\"noopener\">Arkusz danych PL<\/a>\r\n<a href=\"https:\/\/greenlink.technology\/wp-content\/uploads\/2025\/04\/10012856_Produktinfo_3PH_SMA.ST6_.0_1STP12_2SB5_BBDAP_20KW_1PH_PREP_DACH_1.5_2024_06_10-1.pdf\" target=\"_blank\" rel=\"noopener\">Informacje o produkcie<\/a>","product_short_description":"<strong>Falownik:<\/strong> SMA Sunny Boy Storage\r\n<strong>Kraj wydania:<\/strong> W\u0142ochy\r\n<strong>maks. przepustowo\u015b\u0107 termiczna : <\/strong> <span style=\"font-size: inherit;\">12 kW<\/span>\r\n<strong>Prze\u0142\u0105czanie: <\/strong>automatyczne\r\n<strong>Typ sieci w punkcie przy\u0142\u0105czenia do sieci: <\/strong>TN-S, TT, TN-C\r\n<strong>Posta\u0107 sieci w odbiorniku: <\/strong>TN-S, TT","photo_gallery":{"galerie_produkte":[[]]}},"yoast_head":"<!-- This site is optimized with the Yoast SEO plugin v27.3 - https:\/\/yoast.com\/product\/yoast-seo-wordpress\/ -->\n<title>ENWITEC SKRZYNKA PRZE\u0141\u0104CZNIK\u00d3W SIECIOWYCH DLA FALOWNIK\u00d3W SMA SMA-3PH DO SUNNY BOY STORAGE \u2013 10012856 - greenLink orchestrating energy flows | enwitec electronic GmbH | LinQ Europe Sp. z o.o.<\/title>\n<meta name=\"robots\" content=\"index, follow, max-snippet:-1, max-image-preview:large, max-video-preview:-1\" \/>\n<link rel=\"canonical\" href=\"https:\/\/greenlink.technology\/pl\/produkt\/enwitec-skrzynka-przelacznikow-sieciowych-dla-falownikow-sma-sma-3ph-do-sunny-boy-storage-10012856\/\" \/>\n<meta property=\"og:locale\" content=\"pl_PL\" \/>\n<meta property=\"og:type\" content=\"article\" \/>\n<meta property=\"og:title\" content=\"ENWITEC SKRZYNKA PRZE\u0141\u0104CZNIK\u00d3W SIECIOWYCH DLA FALOWNIK\u00d3W SMA SMA-3PH DO SUNNY BOY STORAGE \u2013 10012856 - greenLink orchestrating energy flows | enwitec electronic GmbH | LinQ Europe Sp. z o.o.\" \/>\n<meta property=\"og:description\" content=\"&nbsp;\" \/>\n<meta property=\"og:url\" content=\"https:\/\/greenlink.technology\/pl\/produkt\/enwitec-skrzynka-przelacznikow-sieciowych-dla-falownikow-sma-sma-3ph-do-sunny-boy-storage-10012856\/\" \/>\n<meta property=\"og:site_name\" content=\"greenLink orchestrating energy flows | enwitec electronic GmbH | LinQ Europe Sp. z o.o.\" \/>\n<meta property=\"article:modified_time\" content=\"2025-05-30T12:30:27+00:00\" \/>\n<meta property=\"og:image\" content=\"https:\/\/enwitec.eu\/wp-content\/uploads\/2025\/02\/10012856_front.png\" \/>\n\t<meta property=\"og:image:width\" content=\"500\" \/>\n\t<meta property=\"og:image:height\" content=\"500\" \/>\n\t<meta property=\"og:image:type\" content=\"image\/png\" \/>\n<meta name=\"twitter:card\" content=\"summary_large_image\" \/>\n<script type=\"application\/ld+json\" class=\"yoast-schema-graph\">{\"@context\":\"https:\\\/\\\/schema.org\",\"@graph\":[{\"@type\":\"WebPage\",\"@id\":\"https:\\\/\\\/greenlink.technology\\\/pl\\\/produkt\\\/enwitec-skrzynka-przelacznikow-sieciowych-dla-falownikow-sma-sma-3ph-do-sunny-boy-storage-10012856\\\/\",\"url\":\"https:\\\/\\\/greenlink.technology\\\/pl\\\/produkt\\\/enwitec-skrzynka-przelacznikow-sieciowych-dla-falownikow-sma-sma-3ph-do-sunny-boy-storage-10012856\\\/\",\"name\":\"ENWITEC SKRZYNKA PRZE\u0141\u0104CZNIK\u00d3W SIECIOWYCH DLA FALOWNIK\u00d3W SMA SMA-3PH DO SUNNY BOY STORAGE \u2013 10012856 - greenLink orchestrating energy flows | enwitec electronic GmbH | LinQ Europe Sp. z o.o.\",\"isPartOf\":{\"@id\":\"https:\\\/\\\/enwitec.eu\\\/en\\\/#website\"},\"primaryImageOfPage\":{\"@id\":\"https:\\\/\\\/greenlink.technology\\\/pl\\\/produkt\\\/enwitec-skrzynka-przelacznikow-sieciowych-dla-falownikow-sma-sma-3ph-do-sunny-boy-storage-10012856\\\/#primaryimage\"},\"image\":{\"@id\":\"https:\\\/\\\/greenlink.technology\\\/pl\\\/produkt\\\/enwitec-skrzynka-przelacznikow-sieciowych-dla-falownikow-sma-sma-3ph-do-sunny-boy-storage-10012856\\\/#primaryimage\"},\"thumbnailUrl\":\"https:\\\/\\\/greenlink.technology\\\/wp-content\\\/uploads\\\/2025\\\/02\\\/10012856_front.png\",\"datePublished\":\"2024-03-01T10:09:38+00:00\",\"dateModified\":\"2025-05-30T12:30:27+00:00\",\"breadcrumb\":{\"@id\":\"https:\\\/\\\/greenlink.technology\\\/pl\\\/produkt\\\/enwitec-skrzynka-przelacznikow-sieciowych-dla-falownikow-sma-sma-3ph-do-sunny-boy-storage-10012856\\\/#breadcrumb\"},\"inLanguage\":\"pl-PL\",\"potentialAction\":[{\"@type\":\"ReadAction\",\"target\":[\"https:\\\/\\\/greenlink.technology\\\/pl\\\/produkt\\\/enwitec-skrzynka-przelacznikow-sieciowych-dla-falownikow-sma-sma-3ph-do-sunny-boy-storage-10012856\\\/\"]}]},{\"@type\":\"ImageObject\",\"inLanguage\":\"pl-PL\",\"@id\":\"https:\\\/\\\/greenlink.technology\\\/pl\\\/produkt\\\/enwitec-skrzynka-przelacznikow-sieciowych-dla-falownikow-sma-sma-3ph-do-sunny-boy-storage-10012856\\\/#primaryimage\",\"url\":\"https:\\\/\\\/greenlink.technology\\\/wp-content\\\/uploads\\\/2025\\\/02\\\/10012856_front.png\",\"contentUrl\":\"https:\\\/\\\/greenlink.technology\\\/wp-content\\\/uploads\\\/2025\\\/02\\\/10012856_front.png\",\"width\":500,\"height\":500},{\"@type\":\"BreadcrumbList\",\"@id\":\"https:\\\/\\\/greenlink.technology\\\/pl\\\/produkt\\\/enwitec-skrzynka-przelacznikow-sieciowych-dla-falownikow-sma-sma-3ph-do-sunny-boy-storage-10012856\\\/#breadcrumb\",\"itemListElement\":[{\"@type\":\"ListItem\",\"position\":1,\"name\":\"Startseite\",\"item\":\"https:\\\/\\\/greenlink.technology\\\/pl\\\/\"},{\"@type\":\"ListItem\",\"position\":2,\"name\":\"Produkty\",\"item\":\"https:\\\/\\\/greenlink.technology\\\/pl\\\/o-nas\\\/firma\\\/enwitec\\\/produkty\\\/\"},{\"@type\":\"ListItem\",\"position\":3,\"name\":\"ENWITEC SKRZYNKA PRZE\u0141\u0104CZNIK\u00d3W SIECIOWYCH DLA FALOWNIK\u00d3W SMA SMA-3PH DO SUNNY BOY STORAGE \u2013 10012856\"}]},{\"@type\":\"WebSite\",\"@id\":\"https:\\\/\\\/enwitec.eu\\\/en\\\/#website\",\"url\":\"https:\\\/\\\/enwitec.eu\\\/en\\\/\",\"name\":\"greenLink orchestrating energy flows | enwitec electronic GmbH | LinQ Europe Sp. z o.o.\",\"description\":\"\",\"publisher\":{\"@id\":\"https:\\\/\\\/enwitec.eu\\\/en\\\/#organization\"},\"potentialAction\":[{\"@type\":\"SearchAction\",\"target\":{\"@type\":\"EntryPoint\",\"urlTemplate\":\"https:\\\/\\\/enwitec.eu\\\/en\\\/?s={search_term_string}\"},\"query-input\":{\"@type\":\"PropertyValueSpecification\",\"valueRequired\":true,\"valueName\":\"search_term_string\"}}],\"inLanguage\":\"pl-PL\"},{\"@type\":\"Organization\",\"@id\":\"https:\\\/\\\/enwitec.eu\\\/en\\\/#organization\",\"name\":\"greenLink orkiestruj\u0105cy przep\u0142ywy energii | enwitec electronic GmbH | LinQ Europe Sp. z o.o.\",\"url\":\"https:\\\/\\\/enwitec.eu\\\/en\\\/\",\"logo\":{\"@type\":\"ImageObject\",\"inLanguage\":\"pl-PL\",\"@id\":\"https:\\\/\\\/enwitec.eu\\\/en\\\/#\\\/schema\\\/logo\\\/image\\\/\",\"url\":\"https:\\\/\\\/greenlink.technology\\\/wp-content\\\/uploads\\\/2025\\\/01\\\/greenlink-logo-final.png\",\"contentUrl\":\"https:\\\/\\\/greenlink.technology\\\/wp-content\\\/uploads\\\/2025\\\/01\\\/greenlink-logo-final.png\",\"width\":2586,\"height\":629,\"caption\":\"greenLink orkiestruj\u0105cy przep\u0142ywy energii | enwitec electronic GmbH | LinQ Europe Sp. z o.o. \"},\"image\":{\"@id\":\"https:\\\/\\\/enwitec.eu\\\/en\\\/#\\\/schema\\\/logo\\\/image\\\/\"}}]}<\/script>\n<!-- \/ Yoast SEO plugin. -->","yoast_head_json":{"title":"ENWITEC SKRZYNKA PRZE\u0141\u0104CZNIK\u00d3W SIECIOWYCH DLA FALOWNIK\u00d3W SMA SMA-3PH DO SUNNY BOY STORAGE \u2013 10012856 - greenLink orchestrating energy flows | enwitec electronic GmbH | LinQ Europe Sp. z o.o.","robots":{"index":"index","follow":"follow","max-snippet":"max-snippet:-1","max-image-preview":"max-image-preview:large","max-video-preview":"max-video-preview:-1"},"canonical":"https:\/\/greenlink.technology\/pl\/produkt\/enwitec-skrzynka-przelacznikow-sieciowych-dla-falownikow-sma-sma-3ph-do-sunny-boy-storage-10012856\/","og_locale":"pl_PL","og_type":"article","og_title":"ENWITEC SKRZYNKA PRZE\u0141\u0104CZNIK\u00d3W SIECIOWYCH DLA FALOWNIK\u00d3W SMA SMA-3PH DO SUNNY BOY STORAGE \u2013 10012856 - greenLink orchestrating energy flows | enwitec electronic GmbH | LinQ Europe Sp. z o.o.","og_description":"&nbsp;","og_url":"https:\/\/greenlink.technology\/pl\/produkt\/enwitec-skrzynka-przelacznikow-sieciowych-dla-falownikow-sma-sma-3ph-do-sunny-boy-storage-10012856\/","og_site_name":"greenLink orchestrating energy flows | enwitec electronic GmbH | LinQ Europe Sp. z o.o.","article_modified_time":"2025-05-30T12:30:27+00:00","og_image":[{"width":500,"height":500,"url":"https:\/\/enwitec.eu\/wp-content\/uploads\/2025\/02\/10012856_front.png","type":"image\/png"}],"twitter_card":"summary_large_image","schema":{"@context":"https:\/\/schema.org","@graph":[{"@type":"WebPage","@id":"https:\/\/greenlink.technology\/pl\/produkt\/enwitec-skrzynka-przelacznikow-sieciowych-dla-falownikow-sma-sma-3ph-do-sunny-boy-storage-10012856\/","url":"https:\/\/greenlink.technology\/pl\/produkt\/enwitec-skrzynka-przelacznikow-sieciowych-dla-falownikow-sma-sma-3ph-do-sunny-boy-storage-10012856\/","name":"ENWITEC SKRZYNKA PRZE\u0141\u0104CZNIK\u00d3W SIECIOWYCH DLA FALOWNIK\u00d3W SMA SMA-3PH DO SUNNY BOY STORAGE \u2013 10012856 - greenLink orchestrating energy flows | enwitec electronic GmbH | LinQ Europe Sp. z o.o.","isPartOf":{"@id":"https:\/\/enwitec.eu\/en\/#website"},"primaryImageOfPage":{"@id":"https:\/\/greenlink.technology\/pl\/produkt\/enwitec-skrzynka-przelacznikow-sieciowych-dla-falownikow-sma-sma-3ph-do-sunny-boy-storage-10012856\/#primaryimage"},"image":{"@id":"https:\/\/greenlink.technology\/pl\/produkt\/enwitec-skrzynka-przelacznikow-sieciowych-dla-falownikow-sma-sma-3ph-do-sunny-boy-storage-10012856\/#primaryimage"},"thumbnailUrl":"https:\/\/greenlink.technology\/wp-content\/uploads\/2025\/02\/10012856_front.png","datePublished":"2024-03-01T10:09:38+00:00","dateModified":"2025-05-30T12:30:27+00:00","breadcrumb":{"@id":"https:\/\/greenlink.technology\/pl\/produkt\/enwitec-skrzynka-przelacznikow-sieciowych-dla-falownikow-sma-sma-3ph-do-sunny-boy-storage-10012856\/#breadcrumb"},"inLanguage":"pl-PL","potentialAction":[{"@type":"ReadAction","target":["https:\/\/greenlink.technology\/pl\/produkt\/enwitec-skrzynka-przelacznikow-sieciowych-dla-falownikow-sma-sma-3ph-do-sunny-boy-storage-10012856\/"]}]},{"@type":"ImageObject","inLanguage":"pl-PL","@id":"https:\/\/greenlink.technology\/pl\/produkt\/enwitec-skrzynka-przelacznikow-sieciowych-dla-falownikow-sma-sma-3ph-do-sunny-boy-storage-10012856\/#primaryimage","url":"https:\/\/greenlink.technology\/wp-content\/uploads\/2025\/02\/10012856_front.png","contentUrl":"https:\/\/greenlink.technology\/wp-content\/uploads\/2025\/02\/10012856_front.png","width":500,"height":500},{"@type":"BreadcrumbList","@id":"https:\/\/greenlink.technology\/pl\/produkt\/enwitec-skrzynka-przelacznikow-sieciowych-dla-falownikow-sma-sma-3ph-do-sunny-boy-storage-10012856\/#breadcrumb","itemListElement":[{"@type":"ListItem","position":1,"name":"Startseite","item":"https:\/\/greenlink.technology\/pl\/"},{"@type":"ListItem","position":2,"name":"Produkty","item":"https:\/\/greenlink.technology\/pl\/o-nas\/firma\/enwitec\/produkty\/"},{"@type":"ListItem","position":3,"name":"ENWITEC SKRZYNKA PRZE\u0141\u0104CZNIK\u00d3W SIECIOWYCH DLA FALOWNIK\u00d3W SMA SMA-3PH DO SUNNY BOY STORAGE \u2013 10012856"}]},{"@type":"WebSite","@id":"https:\/\/enwitec.eu\/en\/#website","url":"https:\/\/enwitec.eu\/en\/","name":"greenLink orchestrating energy flows | enwitec electronic GmbH | LinQ Europe Sp. z o.o.","description":"","publisher":{"@id":"https:\/\/enwitec.eu\/en\/#organization"},"potentialAction":[{"@type":"SearchAction","target":{"@type":"EntryPoint","urlTemplate":"https:\/\/enwitec.eu\/en\/?s={search_term_string}"},"query-input":{"@type":"PropertyValueSpecification","valueRequired":true,"valueName":"search_term_string"}}],"inLanguage":"pl-PL"},{"@type":"Organization","@id":"https:\/\/enwitec.eu\/en\/#organization","name":"greenLink orkiestruj\u0105cy przep\u0142ywy energii | enwitec electronic GmbH | LinQ Europe Sp. z o.o.","url":"https:\/\/enwitec.eu\/en\/","logo":{"@type":"ImageObject","inLanguage":"pl-PL","@id":"https:\/\/enwitec.eu\/en\/#\/schema\/logo\/image\/","url":"https:\/\/greenlink.technology\/wp-content\/uploads\/2025\/01\/greenlink-logo-final.png","contentUrl":"https:\/\/greenlink.technology\/wp-content\/uploads\/2025\/01\/greenlink-logo-final.png","width":2586,"height":629,"caption":"greenLink orkiestruj\u0105cy przep\u0142ywy energii | enwitec electronic GmbH | LinQ Europe Sp. z o.o. "},"image":{"@id":"https:\/\/enwitec.eu\/en\/#\/schema\/logo\/image\/"}}]}},"_links":{"self":[{"href":"https:\/\/greenlink.technology\/pl\/wp-json\/wp\/v2\/product\/10979","targetHints":{"allow":["GET"]}}],"collection":[{"href":"https:\/\/greenlink.technology\/pl\/wp-json\/wp\/v2\/product"}],"about":[{"href":"https:\/\/greenlink.technology\/pl\/wp-json\/wp\/v2\/types\/product"}],"replies":[{"embeddable":true,"href":"https:\/\/greenlink.technology\/pl\/wp-json\/wp\/v2\/comments?post=10979"}],"wp:featuredmedia":[{"embeddable":true,"href":"https:\/\/greenlink.technology\/pl\/wp-json\/wp\/v2\/media\/10983"}],"wp:attachment":[{"href":"https:\/\/greenlink.technology\/pl\/wp-json\/wp\/v2\/media?parent=10979"}],"wp:term":[{"taxonomy":"anwendung","embeddable":true,"href":"https:\/\/greenlink.technology\/pl\/wp-json\/wp\/v2\/anwendung?post=10979"},{"taxonomy":"product_brand","embeddable":true,"href":"https:\/\/greenlink.technology\/pl\/wp-json\/wp\/v2\/product_brand?post=10979"},{"taxonomy":"product_cat","embeddable":true,"href":"https:\/\/greenlink.technology\/pl\/wp-json\/wp\/v2\/product_cat?post=10979"},{"taxonomy":"product_tag","embeddable":true,"href":"https:\/\/greenlink.technology\/pl\/wp-json\/wp\/v2\/product_tag?post=10979"}],"curies":[{"name":"wp","href":"https:\/\/api.w.org\/{rel}","templated":true}]}}