{"id":12388,"date":"2024-03-07T07:57:13","date_gmt":"2024-03-07T06:57:13","guid":{"rendered":"https:\/\/greenlink.technology\/produkt\/enwitec-skrzynka-przelacznika-sieciowego-skrzynka-ats-dla-lg-ess-home-8-10-wszystkie-bieguny-10013677\/"},"modified":"2025-05-30T14:26:38","modified_gmt":"2025-05-30T12:26:38","slug":"enwitec-skrzynka-przelacznika-sieciowego-skrzynka-ats-dla-lg-ess-home-8-10-wszystkie-bieguny-10013677","status":"publish","type":"product","link":"https:\/\/greenlink.technology\/pl\/produkt\/enwitec-skrzynka-przelacznika-sieciowego-skrzynka-ats-dla-lg-ess-home-8-10-wszystkie-bieguny-10013677\/","title":{"rendered":"ENWITEC SKRZYNKA PRZE\u0141\u0104CZNIKA SIECIOWEGO \/ SKRZYNKA ATS DLA LG ESS HOME 8 \/ 10 \u2013 WSZYSTKIE BIEGUNY \u2013 10013677"},"content":{"rendered":"<div class=\"system-stammdaten\">\n<h2><\/h2>\n<p>&nbsp;<\/p>\n<\/div>\n","protected":false},"excerpt":{"rendered":"<p>&nbsp;<\/p>\n","protected":false},"featured_media":12389,"comment_status":"closed","ping_status":"closed","template":"","meta":{"_acf_changed":false},"anwendung":[],"product_brand":[264],"product_cat":[367],"product_tag":[1210,1204,389,388,390],"class_list":{"0":"post-12388","1":"product","2":"type-product","3":"status-publish","4":"has-post-thumbnail","6":"product_brand-enwitec","7":"product_cat-skrzynki-przelacznikow-sieciowych","8":"product_tag-10013677-pl","9":"product_tag-lg-ess-home-8-10-pl","10":"product_tag-on-grid-pl","11":"product_tag-urzadzenia-przelaczajace-zasilanie","12":"product_tag-urzadzenie-przelaczajace","13":"pa_laenderfreigabe-ch-pl","14":"pa_laenderfreigabe-pl","15":"pa_max-durchgangsleistung-0-30-kw-pl","16":"pa_nf-a-netzanschlusspunkt-tn-c-pl","17":"pa_nf-a-netzanschlusspunkt-tn-s-pl","18":"pa_nf-a-netzanschlusspunkt-tt-pl","19":"pa_nf-i-d-verbraucheranlage-tn-s-pl","20":"pa_nf-i-d-verbraucheranlage-tt-pl","21":"pa_umschaltung-automatyczny","22":"pa_wechselrichter-lg-ees-home-pl","24":"first","25":"instock","26":"shipping-taxable","27":"product-type-simple"},"acf":{"product_informations":"<strong>Prze\u0142\u0105cznik sieciowy 3AC 230\/400V 50Hz<\/strong>\r\n<ul>\r\n \t<li>Zabezpieczenie nadpr\u0105dowe 63A<\/li>\r\n \t<li>Od\u0142\u0105czenie wszystkich biegun\u00f3w \u2013 Sieci TN(C)-S\/TN-S\/TT<\/li>\r\n \t<li>BRAK sieci TN-C w instalacji klienta!<\/li>\r\n \t<li>Do instalacji fotowoltaicznych BEZ wymogu FRT (Fault Ride Through)<\/li>\r\n<\/ul>\r\n<strong>Kompatybilno\u015b\u0107<\/strong>\r\n\r\nLG ESS Home 8 \/ 10\r\n\r\n<strong>Kraje przeznaczenia:<\/strong> Niemcy, Szwajcaria\r\n\r\nAby uzyska\u0107 dalsze informacje techniczne, prosimy pobra\u0107 dokumentacj\u0119.\r\n\r\n<strong>Uwaga<\/strong>\r\nMatchcode: 3PH_LG_BBDAP_20KW_3PH","technical_data":"<div class=\"stammdaten-col\">\r\n<div class=\"line\">\r\n<div class=\"stammdaten-col\">\r\n<div class=\"line\">\r\n<p class=\"system-stammdaten-left\"><span style=\"font-size: inherit;\">Numer artyku\u0142u 10013677\r\nKompatybilno\u015b\u0107 LG\r\nFazowo\u015b\u0107 3-fazowy\r\nRoz\u0142\u0105czenie sieci Wszystkie bieguny\r\nMaksymalna przepustowo\u015b\u0107 termiczna 20-30 kW\r\nKraje przeznaczenia Niemcy, Szwajcaria\r\nOchrona NA brak\r\nPrze\u0142\u0105cznik \u017ar\u00f3d\u0142a brak\r\nNapi\u0119cie znamionowe 230\/400 V\r\nCz\u0119stotliwo\u015b\u0107 znamionowa 50\/60 Hz\r\nPr\u0105d zwarciowy 10 kA\r\nBezpiecznik 63 A\r\nZakres temperatur pracy -5\u00b0C do +40\u00b0C\r\nWilgotno\u015b\u0107 powietrza 5% do 95%\r\nKlasa ochrony II\r\nWymiary VAR1 (SxWxG) 340 x 622 x 161 mm\r\nWymiary VAR2 (SxWxG) 315 x 600 x 155 mm\r\nWaga 11 kg\r\nObudowa Polimer\r\n<\/span><\/p>\r\n\r\n<\/div>\r\n<\/div>\r\n<\/div>\r\n<\/div>","download":"<a href=\"https:\/\/greenlink.technology\/wp-content\/uploads\/2025\/04\/10013677_Datenblatt_3PH_LG_BBDAP_20KW_3PH_2024_05_29.pdf\" target=\"_blank\" rel=\"noopener\">Karta katalogowa PL<\/a>\r\n<a href=\"https:\/\/greenlink.technology\/wp-content\/uploads\/2025\/04\/Installationsanleitung_10016470_LG_Netzumschaltboxen_V1.0_DE.pdf\" target=\"_blank\" rel=\"noopener\">Instrukcja instalacji<\/a>","product_short_description":"<strong>Falownik:<\/strong> LG ESS Home 8 \/ 10\r\n<strong>Kraj wydania:<\/strong> Niemcy, Szwajcaria\r\n<strong>maks. przepustowo\u015b\u0107 termiczna : <\/strong> <span style=\"font-size: inherit;\">20-30 kW<\/span>\r\n<strong>Prze\u0142\u0105czanie: <\/strong>automatyczne\r\n<strong>Typ sieci w punkcie przy\u0142\u0105czenia do sieci: <\/strong>TN-S, TN-C, TT\r\n<strong>Posta\u0107 sieci w odbiorniku:<\/strong> TN-S, TT","photo_gallery":{"galerie_produkte":[[]]}},"yoast_head":"<!-- This site is optimized with the Yoast SEO plugin v27.3 - https:\/\/yoast.com\/product\/yoast-seo-wordpress\/ -->\n<title>ENWITEC SKRZYNKA PRZE\u0141\u0104CZNIKA SIECIOWEGO \/ SKRZYNKA ATS DLA LG ESS HOME 8 \/ 10 \u2013 WSZYSTKIE BIEGUNY \u2013 10013677 - greenLink orchestrating energy flows | enwitec electronic GmbH | LinQ Europe Sp. z o.o.<\/title>\n<meta name=\"robots\" content=\"index, follow, max-snippet:-1, max-image-preview:large, max-video-preview:-1\" \/>\n<link rel=\"canonical\" href=\"https:\/\/greenlink.technology\/pl\/produkt\/enwitec-skrzynka-przelacznika-sieciowego-skrzynka-ats-dla-lg-ess-home-8-10-wszystkie-bieguny-10013677\/\" \/>\n<meta property=\"og:locale\" content=\"pl_PL\" \/>\n<meta property=\"og:type\" content=\"article\" \/>\n<meta property=\"og:title\" content=\"ENWITEC SKRZYNKA PRZE\u0141\u0104CZNIKA SIECIOWEGO \/ SKRZYNKA ATS DLA LG ESS HOME 8 \/ 10 \u2013 WSZYSTKIE BIEGUNY \u2013 10013677 - greenLink orchestrating energy flows | enwitec electronic GmbH | LinQ Europe Sp. z o.o.\" \/>\n<meta property=\"og:description\" content=\"&nbsp;\" \/>\n<meta property=\"og:url\" content=\"https:\/\/greenlink.technology\/pl\/produkt\/enwitec-skrzynka-przelacznika-sieciowego-skrzynka-ats-dla-lg-ess-home-8-10-wszystkie-bieguny-10013677\/\" \/>\n<meta property=\"og:site_name\" content=\"greenLink orchestrating energy flows | enwitec electronic GmbH | LinQ Europe Sp. z o.o.\" \/>\n<meta property=\"article:modified_time\" content=\"2025-05-30T12:26:38+00:00\" \/>\n<meta property=\"og:image\" content=\"https:\/\/linqeurope.pl\/wp-content\/uploads\/2025\/02\/10013677_front.png\" \/>\n\t<meta property=\"og:image:width\" content=\"500\" \/>\n\t<meta property=\"og:image:height\" content=\"500\" \/>\n\t<meta property=\"og:image:type\" content=\"image\/png\" \/>\n<meta name=\"twitter:card\" content=\"summary_large_image\" \/>\n<script type=\"application\/ld+json\" class=\"yoast-schema-graph\">{\"@context\":\"https:\\\/\\\/schema.org\",\"@graph\":[{\"@type\":\"WebPage\",\"@id\":\"https:\\\/\\\/greenlink.technology\\\/pl\\\/produkt\\\/enwitec-skrzynka-przelacznika-sieciowego-skrzynka-ats-dla-lg-ess-home-8-10-wszystkie-bieguny-10013677\\\/\",\"url\":\"https:\\\/\\\/greenlink.technology\\\/pl\\\/produkt\\\/enwitec-skrzynka-przelacznika-sieciowego-skrzynka-ats-dla-lg-ess-home-8-10-wszystkie-bieguny-10013677\\\/\",\"name\":\"ENWITEC SKRZYNKA PRZE\u0141\u0104CZNIKA SIECIOWEGO \\\/ SKRZYNKA ATS DLA LG ESS HOME 8 \\\/ 10 \u2013 WSZYSTKIE BIEGUNY \u2013 10013677 - greenLink orchestrating energy flows | enwitec electronic GmbH | LinQ Europe Sp. z o.o.\",\"isPartOf\":{\"@id\":\"https:\\\/\\\/enwitec.eu\\\/en\\\/#website\"},\"primaryImageOfPage\":{\"@id\":\"https:\\\/\\\/greenlink.technology\\\/pl\\\/produkt\\\/enwitec-skrzynka-przelacznika-sieciowego-skrzynka-ats-dla-lg-ess-home-8-10-wszystkie-bieguny-10013677\\\/#primaryimage\"},\"image\":{\"@id\":\"https:\\\/\\\/greenlink.technology\\\/pl\\\/produkt\\\/enwitec-skrzynka-przelacznika-sieciowego-skrzynka-ats-dla-lg-ess-home-8-10-wszystkie-bieguny-10013677\\\/#primaryimage\"},\"thumbnailUrl\":\"https:\\\/\\\/greenlink.technology\\\/wp-content\\\/uploads\\\/2025\\\/02\\\/10013677_front.png\",\"datePublished\":\"2024-03-07T06:57:13+00:00\",\"dateModified\":\"2025-05-30T12:26:38+00:00\",\"breadcrumb\":{\"@id\":\"https:\\\/\\\/greenlink.technology\\\/pl\\\/produkt\\\/enwitec-skrzynka-przelacznika-sieciowego-skrzynka-ats-dla-lg-ess-home-8-10-wszystkie-bieguny-10013677\\\/#breadcrumb\"},\"inLanguage\":\"pl-PL\",\"potentialAction\":[{\"@type\":\"ReadAction\",\"target\":[\"https:\\\/\\\/greenlink.technology\\\/pl\\\/produkt\\\/enwitec-skrzynka-przelacznika-sieciowego-skrzynka-ats-dla-lg-ess-home-8-10-wszystkie-bieguny-10013677\\\/\"]}]},{\"@type\":\"ImageObject\",\"inLanguage\":\"pl-PL\",\"@id\":\"https:\\\/\\\/greenlink.technology\\\/pl\\\/produkt\\\/enwitec-skrzynka-przelacznika-sieciowego-skrzynka-ats-dla-lg-ess-home-8-10-wszystkie-bieguny-10013677\\\/#primaryimage\",\"url\":\"https:\\\/\\\/greenlink.technology\\\/wp-content\\\/uploads\\\/2025\\\/02\\\/10013677_front.png\",\"contentUrl\":\"https:\\\/\\\/greenlink.technology\\\/wp-content\\\/uploads\\\/2025\\\/02\\\/10013677_front.png\",\"width\":500,\"height\":500},{\"@type\":\"BreadcrumbList\",\"@id\":\"https:\\\/\\\/greenlink.technology\\\/pl\\\/produkt\\\/enwitec-skrzynka-przelacznika-sieciowego-skrzynka-ats-dla-lg-ess-home-8-10-wszystkie-bieguny-10013677\\\/#breadcrumb\",\"itemListElement\":[{\"@type\":\"ListItem\",\"position\":1,\"name\":\"Startseite\",\"item\":\"https:\\\/\\\/greenlink.technology\\\/pl\\\/\"},{\"@type\":\"ListItem\",\"position\":2,\"name\":\"Produkty\",\"item\":\"https:\\\/\\\/greenlink.technology\\\/pl\\\/o-nas\\\/firma\\\/enwitec\\\/produkty\\\/\"},{\"@type\":\"ListItem\",\"position\":3,\"name\":\"ENWITEC SKRZYNKA PRZE\u0141\u0104CZNIKA SIECIOWEGO \\\/ SKRZYNKA ATS DLA LG ESS HOME 8 \\\/ 10 \u2013 WSZYSTKIE BIEGUNY \u2013 10013677\"}]},{\"@type\":\"WebSite\",\"@id\":\"https:\\\/\\\/enwitec.eu\\\/en\\\/#website\",\"url\":\"https:\\\/\\\/enwitec.eu\\\/en\\\/\",\"name\":\"greenLink orchestrating energy flows | enwitec electronic GmbH | LinQ Europe Sp. z o.o.\",\"description\":\"\",\"publisher\":{\"@id\":\"https:\\\/\\\/enwitec.eu\\\/en\\\/#organization\"},\"potentialAction\":[{\"@type\":\"SearchAction\",\"target\":{\"@type\":\"EntryPoint\",\"urlTemplate\":\"https:\\\/\\\/enwitec.eu\\\/en\\\/?s={search_term_string}\"},\"query-input\":{\"@type\":\"PropertyValueSpecification\",\"valueRequired\":true,\"valueName\":\"search_term_string\"}}],\"inLanguage\":\"pl-PL\"},{\"@type\":\"Organization\",\"@id\":\"https:\\\/\\\/enwitec.eu\\\/en\\\/#organization\",\"name\":\"greenLink orkiestruj\u0105cy przep\u0142ywy energii | enwitec electronic GmbH | LinQ Europe Sp. z o.o.\",\"url\":\"https:\\\/\\\/enwitec.eu\\\/en\\\/\",\"logo\":{\"@type\":\"ImageObject\",\"inLanguage\":\"pl-PL\",\"@id\":\"https:\\\/\\\/enwitec.eu\\\/en\\\/#\\\/schema\\\/logo\\\/image\\\/\",\"url\":\"https:\\\/\\\/greenlink.technology\\\/wp-content\\\/uploads\\\/2025\\\/01\\\/greenlink-logo-final.png\",\"contentUrl\":\"https:\\\/\\\/greenlink.technology\\\/wp-content\\\/uploads\\\/2025\\\/01\\\/greenlink-logo-final.png\",\"width\":2586,\"height\":629,\"caption\":\"greenLink orkiestruj\u0105cy przep\u0142ywy energii | enwitec electronic GmbH | LinQ Europe Sp. z o.o. \"},\"image\":{\"@id\":\"https:\\\/\\\/enwitec.eu\\\/en\\\/#\\\/schema\\\/logo\\\/image\\\/\"}}]}<\/script>\n<!-- \/ Yoast SEO plugin. -->","yoast_head_json":{"title":"ENWITEC SKRZYNKA PRZE\u0141\u0104CZNIKA SIECIOWEGO \/ SKRZYNKA ATS DLA LG ESS HOME 8 \/ 10 \u2013 WSZYSTKIE BIEGUNY \u2013 10013677 - greenLink orchestrating energy flows | enwitec electronic GmbH | LinQ Europe Sp. z o.o.","robots":{"index":"index","follow":"follow","max-snippet":"max-snippet:-1","max-image-preview":"max-image-preview:large","max-video-preview":"max-video-preview:-1"},"canonical":"https:\/\/greenlink.technology\/pl\/produkt\/enwitec-skrzynka-przelacznika-sieciowego-skrzynka-ats-dla-lg-ess-home-8-10-wszystkie-bieguny-10013677\/","og_locale":"pl_PL","og_type":"article","og_title":"ENWITEC SKRZYNKA PRZE\u0141\u0104CZNIKA SIECIOWEGO \/ SKRZYNKA ATS DLA LG ESS HOME 8 \/ 10 \u2013 WSZYSTKIE BIEGUNY \u2013 10013677 - greenLink orchestrating energy flows | enwitec electronic GmbH | LinQ Europe Sp. z o.o.","og_description":"&nbsp;","og_url":"https:\/\/greenlink.technology\/pl\/produkt\/enwitec-skrzynka-przelacznika-sieciowego-skrzynka-ats-dla-lg-ess-home-8-10-wszystkie-bieguny-10013677\/","og_site_name":"greenLink orchestrating energy flows | enwitec electronic GmbH | LinQ Europe Sp. z o.o.","article_modified_time":"2025-05-30T12:26:38+00:00","og_image":[{"width":500,"height":500,"url":"https:\/\/linqeurope.pl\/wp-content\/uploads\/2025\/02\/10013677_front.png","type":"image\/png"}],"twitter_card":"summary_large_image","schema":{"@context":"https:\/\/schema.org","@graph":[{"@type":"WebPage","@id":"https:\/\/greenlink.technology\/pl\/produkt\/enwitec-skrzynka-przelacznika-sieciowego-skrzynka-ats-dla-lg-ess-home-8-10-wszystkie-bieguny-10013677\/","url":"https:\/\/greenlink.technology\/pl\/produkt\/enwitec-skrzynka-przelacznika-sieciowego-skrzynka-ats-dla-lg-ess-home-8-10-wszystkie-bieguny-10013677\/","name":"ENWITEC SKRZYNKA PRZE\u0141\u0104CZNIKA SIECIOWEGO \/ SKRZYNKA ATS DLA LG ESS HOME 8 \/ 10 \u2013 WSZYSTKIE BIEGUNY \u2013 10013677 - greenLink orchestrating energy flows | enwitec electronic GmbH | LinQ Europe Sp. z o.o.","isPartOf":{"@id":"https:\/\/enwitec.eu\/en\/#website"},"primaryImageOfPage":{"@id":"https:\/\/greenlink.technology\/pl\/produkt\/enwitec-skrzynka-przelacznika-sieciowego-skrzynka-ats-dla-lg-ess-home-8-10-wszystkie-bieguny-10013677\/#primaryimage"},"image":{"@id":"https:\/\/greenlink.technology\/pl\/produkt\/enwitec-skrzynka-przelacznika-sieciowego-skrzynka-ats-dla-lg-ess-home-8-10-wszystkie-bieguny-10013677\/#primaryimage"},"thumbnailUrl":"https:\/\/greenlink.technology\/wp-content\/uploads\/2025\/02\/10013677_front.png","datePublished":"2024-03-07T06:57:13+00:00","dateModified":"2025-05-30T12:26:38+00:00","breadcrumb":{"@id":"https:\/\/greenlink.technology\/pl\/produkt\/enwitec-skrzynka-przelacznika-sieciowego-skrzynka-ats-dla-lg-ess-home-8-10-wszystkie-bieguny-10013677\/#breadcrumb"},"inLanguage":"pl-PL","potentialAction":[{"@type":"ReadAction","target":["https:\/\/greenlink.technology\/pl\/produkt\/enwitec-skrzynka-przelacznika-sieciowego-skrzynka-ats-dla-lg-ess-home-8-10-wszystkie-bieguny-10013677\/"]}]},{"@type":"ImageObject","inLanguage":"pl-PL","@id":"https:\/\/greenlink.technology\/pl\/produkt\/enwitec-skrzynka-przelacznika-sieciowego-skrzynka-ats-dla-lg-ess-home-8-10-wszystkie-bieguny-10013677\/#primaryimage","url":"https:\/\/greenlink.technology\/wp-content\/uploads\/2025\/02\/10013677_front.png","contentUrl":"https:\/\/greenlink.technology\/wp-content\/uploads\/2025\/02\/10013677_front.png","width":500,"height":500},{"@type":"BreadcrumbList","@id":"https:\/\/greenlink.technology\/pl\/produkt\/enwitec-skrzynka-przelacznika-sieciowego-skrzynka-ats-dla-lg-ess-home-8-10-wszystkie-bieguny-10013677\/#breadcrumb","itemListElement":[{"@type":"ListItem","position":1,"name":"Startseite","item":"https:\/\/greenlink.technology\/pl\/"},{"@type":"ListItem","position":2,"name":"Produkty","item":"https:\/\/greenlink.technology\/pl\/o-nas\/firma\/enwitec\/produkty\/"},{"@type":"ListItem","position":3,"name":"ENWITEC SKRZYNKA PRZE\u0141\u0104CZNIKA SIECIOWEGO \/ SKRZYNKA ATS DLA LG ESS HOME 8 \/ 10 \u2013 WSZYSTKIE BIEGUNY \u2013 10013677"}]},{"@type":"WebSite","@id":"https:\/\/enwitec.eu\/en\/#website","url":"https:\/\/enwitec.eu\/en\/","name":"greenLink orchestrating energy flows | enwitec electronic GmbH | LinQ Europe Sp. z o.o.","description":"","publisher":{"@id":"https:\/\/enwitec.eu\/en\/#organization"},"potentialAction":[{"@type":"SearchAction","target":{"@type":"EntryPoint","urlTemplate":"https:\/\/enwitec.eu\/en\/?s={search_term_string}"},"query-input":{"@type":"PropertyValueSpecification","valueRequired":true,"valueName":"search_term_string"}}],"inLanguage":"pl-PL"},{"@type":"Organization","@id":"https:\/\/enwitec.eu\/en\/#organization","name":"greenLink orkiestruj\u0105cy przep\u0142ywy energii | enwitec electronic GmbH | LinQ Europe Sp. z o.o.","url":"https:\/\/enwitec.eu\/en\/","logo":{"@type":"ImageObject","inLanguage":"pl-PL","@id":"https:\/\/enwitec.eu\/en\/#\/schema\/logo\/image\/","url":"https:\/\/greenlink.technology\/wp-content\/uploads\/2025\/01\/greenlink-logo-final.png","contentUrl":"https:\/\/greenlink.technology\/wp-content\/uploads\/2025\/01\/greenlink-logo-final.png","width":2586,"height":629,"caption":"greenLink orkiestruj\u0105cy przep\u0142ywy energii | enwitec electronic GmbH | LinQ Europe Sp. z o.o. "},"image":{"@id":"https:\/\/enwitec.eu\/en\/#\/schema\/logo\/image\/"}}]}},"_links":{"self":[{"href":"https:\/\/greenlink.technology\/pl\/wp-json\/wp\/v2\/product\/12388","targetHints":{"allow":["GET"]}}],"collection":[{"href":"https:\/\/greenlink.technology\/pl\/wp-json\/wp\/v2\/product"}],"about":[{"href":"https:\/\/greenlink.technology\/pl\/wp-json\/wp\/v2\/types\/product"}],"replies":[{"embeddable":true,"href":"https:\/\/greenlink.technology\/pl\/wp-json\/wp\/v2\/comments?post=12388"}],"wp:featuredmedia":[{"embeddable":true,"href":"https:\/\/greenlink.technology\/pl\/wp-json\/wp\/v2\/media\/12389"}],"wp:attachment":[{"href":"https:\/\/greenlink.technology\/pl\/wp-json\/wp\/v2\/media?parent=12388"}],"wp:term":[{"taxonomy":"anwendung","embeddable":true,"href":"https:\/\/greenlink.technology\/pl\/wp-json\/wp\/v2\/anwendung?post=12388"},{"taxonomy":"product_brand","embeddable":true,"href":"https:\/\/greenlink.technology\/pl\/wp-json\/wp\/v2\/product_brand?post=12388"},{"taxonomy":"product_cat","embeddable":true,"href":"https:\/\/greenlink.technology\/pl\/wp-json\/wp\/v2\/product_cat?post=12388"},{"taxonomy":"product_tag","embeddable":true,"href":"https:\/\/greenlink.technology\/pl\/wp-json\/wp\/v2\/product_tag?post=12388"}],"curies":[{"name":"wp","href":"https:\/\/api.w.org\/{rel}","templated":true}]}}