{"id":12434,"date":"2024-03-06T07:21:10","date_gmt":"2024-03-06T06:21:10","guid":{"rendered":"https:\/\/greenlink.technology\/produkt\/enwitec-reczne-przelaczanie-sieci-fronius-symo-gen24-plus-wszystkie-bieguny-3ph-230-400v-10016117\/"},"modified":"2025-05-30T13:42:07","modified_gmt":"2025-05-30T11:42:07","slug":"enwitec-reczny-przelacznik-sieciowy-fronius-symo-gen24-plus-rozlaczanie-wszystkich-biegunow-3ph-230-400v-10016117","status":"publish","type":"product","link":"https:\/\/greenlink.technology\/pl\/produkt\/enwitec-reczny-przelacznik-sieciowy-fronius-symo-gen24-plus-rozlaczanie-wszystkich-biegunow-3ph-230-400v-10016117\/","title":{"rendered":"ENWITEC R\u0118CZNY PRZE\u0141\u0104CZNIK SIECIOWY \u2013 FRONIUS SYMO GEN24 PLUS \u2013 ROZ\u0141\u0104CZANIE WSZYSTKICH BIEGUN\u00d3W \u2013 3PH 230\/400V \u2013 10016117"},"content":{"rendered":"<div class=\"system-stammdaten\">\n<h2><\/h2>\n<p>&nbsp;<\/p>\n<\/div>\n","protected":false},"excerpt":{"rendered":"<p>&nbsp;<\/p>\n","protected":false},"featured_media":12437,"comment_status":"closed","ping_status":"closed","template":"","meta":{"_acf_changed":false},"anwendung":[],"product_brand":[264],"product_cat":[367],"product_tag":[1226,442,389,388,390],"class_list":{"0":"post-12434","1":"product","2":"type-product","3":"status-publish","4":"has-post-thumbnail","6":"product_brand-enwitec","7":"product_cat-skrzynki-przelacznikow-sieciowych","8":"product_tag-10016117-pl","9":"product_tag-fronius-symo-gen24-pl","10":"product_tag-on-grid-pl","11":"product_tag-urzadzenia-przelaczajace-zasilanie","12":"product_tag-urzadzenie-przelaczajace","13":"pa_laenderfreigabe-at-pl","14":"pa_laenderfreigabe-ch-pl","15":"pa_laenderfreigabe-pl","16":"pa_max-durchgangsleistung-0-30-kw-pl","17":"pa_nf-a-netzanschlusspunkt-tn-s-pl","18":"pa_nf-a-netzanschlusspunkt-tt-pl","19":"pa_nf-i-d-verbraucheranlage-tn-s-pl","20":"pa_nf-i-d-verbraucheranlage-tt-pl","21":"pa_umschaltung-podrecznik","22":"pa_wechselrichter-fronius-gen24-plus-pl","24":"first","25":"instock","26":"shipping-taxable","27":"product-type-simple"},"acf":{"product_informations":"<strong>R\u0119czny prze\u0142\u0105cznik sieciowy 3AC 230\/400 V 50 Hz<\/strong>\r\n<ul>\r\n \t<li>Zabezpieczenie nadpr\u0105dowe: <strong>63 A<\/strong><\/li>\r\n \t<li>Roz\u0142\u0105czanie wszystkich biegun\u00f3w z uziemieniem sieci wyspowej, TN-S, TT<\/li>\r\n \t<li>NIE stosowa\u0107 w sieci TN-C ani w systemie TT<\/li>\r\n<\/ul>\r\n<strong>Kompatybilno\u015b\u0107<\/strong>\r\n\r\nFRONIUS \u2013 Symo GEN24 6.0 Plus \/ 8.0 Plus \/ 10.0 Plus \/ 12.0 SC Plus\r\n\r\n<strong>Kraje przeznaczenia<\/strong>\r\n\r\nNiemcy, Austria, Szwajcaria\r\n\r\nAby uzyska\u0107 wi\u0119cej informacji technicznych, prosimy o pobranie dokumentacji.\r\n\r\n<strong>UWAGI<\/strong>\r\n\r\nKod produktu (Matchcode): 3PH_FRO_MTS-AP-3PH_FRT_1.0","technical_data":"<div class=\"stammdaten-col\">\r\n<div class=\"line\">\r\n<div class=\"stammdaten-col\">\r\n<div class=\"line\">\r\n<p class=\"system-stammdaten-left\">Numer artyku\u0142u 10016117\r\nKompatybilno\u015b\u0107 Fronius\r\nFazy 3-fazowy\r\nRodzaj roz\u0142\u0105czenia sieci Tr\u00f3jbiegunowe\r\nDost\u0119pno\u015b\u0107 krajowa Niemcy, Austria, Szwajcaria\r\nNapi\u0119cie znamionowe 230\/400 V\r\nCz\u0119stotliwo\u015b\u0107 znamionowa 50\/60 Hz\r\nPr\u0105d zwarciowy 10 kA\r\nBezpiecznik 63 A\r\nZakres temperatury pracy -5\u00b0C do +40\u00b0C\r\nWilgotno\u015b\u0107 5% do 95%\r\nRodzaj sieci TN-S, TT<\/p>\r\n\r\n<\/div>\r\n<\/div>\r\n<\/div>\r\n<\/div>","download":"<a href=\"\/wp-content\/uploads\/2024\/03\/10016117_Datenblatt_3PH_FRO_MTS-AP-3PH_FRT_1.0_2024_05_28.pdf\" target=\"_blank\" rel=\"noopener\">Karta katalogowa PL<\/a>\r\n<a href=\"https:\/\/greenlink.technology\/wp-content\/uploads\/2025\/04\/Installationsanleitung_10016426_Fronius-Umschaltung-Manuell_V1.1_DE_2024_06_03.pdf\" target=\"_blank\" rel=\"noopener\">Instrukcja instalacji<\/a>","product_short_description":"<strong>Falownik:<\/strong> FRONIUS - Symo GEN24 6.0 Plus\/8.0 Plus\/10.0 Plus\/12.0 SC Plus\r\n<strong>Kraj wydania:<\/strong> Niemcy, Austria, Szwajcaria\r\n<strong>maks. przepustowo\u015b\u0107 termiczna : <\/strong> <span style=\"font-size: inherit;\">20 kW<\/span>\r\n<strong>Prze\u0142\u0105czanie: <\/strong>automatyczne\r\n<strong>Typ sieci w punkcie przy\u0142\u0105czenia do sieci: <\/strong>TN-S, TT\r\n<strong>Posta\u0107 sieci w odbiorniku: <\/strong>TN-S, TT","photo_gallery":{"galerie_produkte":[[]]}},"yoast_head":"<!-- This site is optimized with the Yoast SEO plugin v27.3 - https:\/\/yoast.com\/product\/yoast-seo-wordpress\/ -->\n<title>ENWITEC R\u0118CZNY PRZE\u0141\u0104CZNIK SIECIOWY \u2013 FRONIUS SYMO GEN24 PLUS \u2013 ROZ\u0141\u0104CZANIE WSZYSTKICH BIEGUN\u00d3W \u2013 3PH 230\/400V \u2013 10016117 - greenLink orchestrating energy flows | enwitec electronic GmbH | LinQ Europe Sp. z o.o.<\/title>\n<meta name=\"robots\" content=\"index, follow, max-snippet:-1, max-image-preview:large, max-video-preview:-1\" \/>\n<link rel=\"canonical\" href=\"https:\/\/greenlink.technology\/pl\/produkt\/enwitec-reczny-przelacznik-sieciowy-fronius-symo-gen24-plus-rozlaczanie-wszystkich-biegunow-3ph-230-400v-10016117\/\" \/>\n<meta property=\"og:locale\" content=\"pl_PL\" \/>\n<meta property=\"og:type\" content=\"article\" \/>\n<meta property=\"og:title\" content=\"ENWITEC R\u0118CZNY PRZE\u0141\u0104CZNIK SIECIOWY \u2013 FRONIUS SYMO GEN24 PLUS \u2013 ROZ\u0141\u0104CZANIE WSZYSTKICH BIEGUN\u00d3W \u2013 3PH 230\/400V \u2013 10016117 - greenLink orchestrating energy flows | enwitec electronic GmbH | LinQ Europe Sp. z o.o.\" \/>\n<meta property=\"og:description\" content=\"&nbsp;\" \/>\n<meta property=\"og:url\" content=\"https:\/\/greenlink.technology\/pl\/produkt\/enwitec-reczny-przelacznik-sieciowy-fronius-symo-gen24-plus-rozlaczanie-wszystkich-biegunow-3ph-230-400v-10016117\/\" \/>\n<meta property=\"og:site_name\" content=\"greenLink orchestrating energy flows | enwitec electronic GmbH | LinQ Europe Sp. z o.o.\" \/>\n<meta property=\"article:modified_time\" content=\"2025-05-30T11:42:07+00:00\" \/>\n<meta property=\"og:image\" content=\"https:\/\/greenlink.technology\/wp-content\/uploads\/2025\/02\/10016117_front.png\" \/>\n\t<meta property=\"og:image:width\" content=\"500\" \/>\n\t<meta property=\"og:image:height\" content=\"500\" \/>\n\t<meta property=\"og:image:type\" content=\"image\/png\" \/>\n<meta name=\"twitter:card\" content=\"summary_large_image\" \/>\n<script type=\"application\/ld+json\" class=\"yoast-schema-graph\">{\"@context\":\"https:\\\/\\\/schema.org\",\"@graph\":[{\"@type\":\"WebPage\",\"@id\":\"https:\\\/\\\/greenlink.technology\\\/pl\\\/produkt\\\/enwitec-reczny-przelacznik-sieciowy-fronius-symo-gen24-plus-rozlaczanie-wszystkich-biegunow-3ph-230-400v-10016117\\\/\",\"url\":\"https:\\\/\\\/greenlink.technology\\\/pl\\\/produkt\\\/enwitec-reczny-przelacznik-sieciowy-fronius-symo-gen24-plus-rozlaczanie-wszystkich-biegunow-3ph-230-400v-10016117\\\/\",\"name\":\"ENWITEC R\u0118CZNY PRZE\u0141\u0104CZNIK SIECIOWY \u2013 FRONIUS SYMO GEN24 PLUS \u2013 ROZ\u0141\u0104CZANIE WSZYSTKICH BIEGUN\u00d3W \u2013 3PH 230\\\/400V \u2013 10016117 - greenLink orchestrating energy flows | enwitec electronic GmbH | LinQ Europe Sp. z o.o.\",\"isPartOf\":{\"@id\":\"https:\\\/\\\/enwitec.eu\\\/en\\\/#website\"},\"primaryImageOfPage\":{\"@id\":\"https:\\\/\\\/greenlink.technology\\\/pl\\\/produkt\\\/enwitec-reczny-przelacznik-sieciowy-fronius-symo-gen24-plus-rozlaczanie-wszystkich-biegunow-3ph-230-400v-10016117\\\/#primaryimage\"},\"image\":{\"@id\":\"https:\\\/\\\/greenlink.technology\\\/pl\\\/produkt\\\/enwitec-reczny-przelacznik-sieciowy-fronius-symo-gen24-plus-rozlaczanie-wszystkich-biegunow-3ph-230-400v-10016117\\\/#primaryimage\"},\"thumbnailUrl\":\"https:\\\/\\\/greenlink.technology\\\/wp-content\\\/uploads\\\/2025\\\/02\\\/10016117_front.png\",\"datePublished\":\"2024-03-06T06:21:10+00:00\",\"dateModified\":\"2025-05-30T11:42:07+00:00\",\"breadcrumb\":{\"@id\":\"https:\\\/\\\/greenlink.technology\\\/pl\\\/produkt\\\/enwitec-reczny-przelacznik-sieciowy-fronius-symo-gen24-plus-rozlaczanie-wszystkich-biegunow-3ph-230-400v-10016117\\\/#breadcrumb\"},\"inLanguage\":\"pl-PL\",\"potentialAction\":[{\"@type\":\"ReadAction\",\"target\":[\"https:\\\/\\\/greenlink.technology\\\/pl\\\/produkt\\\/enwitec-reczny-przelacznik-sieciowy-fronius-symo-gen24-plus-rozlaczanie-wszystkich-biegunow-3ph-230-400v-10016117\\\/\"]}]},{\"@type\":\"ImageObject\",\"inLanguage\":\"pl-PL\",\"@id\":\"https:\\\/\\\/greenlink.technology\\\/pl\\\/produkt\\\/enwitec-reczny-przelacznik-sieciowy-fronius-symo-gen24-plus-rozlaczanie-wszystkich-biegunow-3ph-230-400v-10016117\\\/#primaryimage\",\"url\":\"https:\\\/\\\/greenlink.technology\\\/wp-content\\\/uploads\\\/2025\\\/02\\\/10016117_front.png\",\"contentUrl\":\"https:\\\/\\\/greenlink.technology\\\/wp-content\\\/uploads\\\/2025\\\/02\\\/10016117_front.png\",\"width\":500,\"height\":500},{\"@type\":\"BreadcrumbList\",\"@id\":\"https:\\\/\\\/greenlink.technology\\\/pl\\\/produkt\\\/enwitec-reczny-przelacznik-sieciowy-fronius-symo-gen24-plus-rozlaczanie-wszystkich-biegunow-3ph-230-400v-10016117\\\/#breadcrumb\",\"itemListElement\":[{\"@type\":\"ListItem\",\"position\":1,\"name\":\"Startseite\",\"item\":\"https:\\\/\\\/greenlink.technology\\\/pl\\\/\"},{\"@type\":\"ListItem\",\"position\":2,\"name\":\"Produkty\",\"item\":\"https:\\\/\\\/greenlink.technology\\\/pl\\\/o-nas\\\/firma\\\/enwitec\\\/produkty\\\/\"},{\"@type\":\"ListItem\",\"position\":3,\"name\":\"ENWITEC R\u0118CZNY PRZE\u0141\u0104CZNIK SIECIOWY \u2013 FRONIUS SYMO GEN24 PLUS \u2013 ROZ\u0141\u0104CZANIE WSZYSTKICH BIEGUN\u00d3W \u2013 3PH 230\\\/400V \u2013 10016117\"}]},{\"@type\":\"WebSite\",\"@id\":\"https:\\\/\\\/enwitec.eu\\\/en\\\/#website\",\"url\":\"https:\\\/\\\/enwitec.eu\\\/en\\\/\",\"name\":\"greenLink orchestrating energy flows | enwitec electronic GmbH | LinQ Europe Sp. z o.o.\",\"description\":\"\",\"publisher\":{\"@id\":\"https:\\\/\\\/enwitec.eu\\\/en\\\/#organization\"},\"potentialAction\":[{\"@type\":\"SearchAction\",\"target\":{\"@type\":\"EntryPoint\",\"urlTemplate\":\"https:\\\/\\\/enwitec.eu\\\/en\\\/?s={search_term_string}\"},\"query-input\":{\"@type\":\"PropertyValueSpecification\",\"valueRequired\":true,\"valueName\":\"search_term_string\"}}],\"inLanguage\":\"pl-PL\"},{\"@type\":\"Organization\",\"@id\":\"https:\\\/\\\/enwitec.eu\\\/en\\\/#organization\",\"name\":\"greenLink orkiestruj\u0105cy przep\u0142ywy energii | enwitec electronic GmbH | LinQ Europe Sp. z o.o.\",\"url\":\"https:\\\/\\\/enwitec.eu\\\/en\\\/\",\"logo\":{\"@type\":\"ImageObject\",\"inLanguage\":\"pl-PL\",\"@id\":\"https:\\\/\\\/enwitec.eu\\\/en\\\/#\\\/schema\\\/logo\\\/image\\\/\",\"url\":\"https:\\\/\\\/greenlink.technology\\\/wp-content\\\/uploads\\\/2025\\\/01\\\/greenlink-logo-final.png\",\"contentUrl\":\"https:\\\/\\\/greenlink.technology\\\/wp-content\\\/uploads\\\/2025\\\/01\\\/greenlink-logo-final.png\",\"width\":2586,\"height\":629,\"caption\":\"greenLink orkiestruj\u0105cy przep\u0142ywy energii | enwitec electronic GmbH | LinQ Europe Sp. z o.o. \"},\"image\":{\"@id\":\"https:\\\/\\\/enwitec.eu\\\/en\\\/#\\\/schema\\\/logo\\\/image\\\/\"}}]}<\/script>\n<!-- \/ Yoast SEO plugin. -->","yoast_head_json":{"title":"ENWITEC R\u0118CZNY PRZE\u0141\u0104CZNIK SIECIOWY \u2013 FRONIUS SYMO GEN24 PLUS \u2013 ROZ\u0141\u0104CZANIE WSZYSTKICH BIEGUN\u00d3W \u2013 3PH 230\/400V \u2013 10016117 - greenLink orchestrating energy flows | enwitec electronic GmbH | LinQ Europe Sp. z o.o.","robots":{"index":"index","follow":"follow","max-snippet":"max-snippet:-1","max-image-preview":"max-image-preview:large","max-video-preview":"max-video-preview:-1"},"canonical":"https:\/\/greenlink.technology\/pl\/produkt\/enwitec-reczny-przelacznik-sieciowy-fronius-symo-gen24-plus-rozlaczanie-wszystkich-biegunow-3ph-230-400v-10016117\/","og_locale":"pl_PL","og_type":"article","og_title":"ENWITEC R\u0118CZNY PRZE\u0141\u0104CZNIK SIECIOWY \u2013 FRONIUS SYMO GEN24 PLUS \u2013 ROZ\u0141\u0104CZANIE WSZYSTKICH BIEGUN\u00d3W \u2013 3PH 230\/400V \u2013 10016117 - greenLink orchestrating energy flows | enwitec electronic GmbH | LinQ Europe Sp. z o.o.","og_description":"&nbsp;","og_url":"https:\/\/greenlink.technology\/pl\/produkt\/enwitec-reczny-przelacznik-sieciowy-fronius-symo-gen24-plus-rozlaczanie-wszystkich-biegunow-3ph-230-400v-10016117\/","og_site_name":"greenLink orchestrating energy flows | enwitec electronic GmbH | LinQ Europe Sp. z o.o.","article_modified_time":"2025-05-30T11:42:07+00:00","og_image":[{"width":500,"height":500,"url":"https:\/\/greenlink.technology\/wp-content\/uploads\/2025\/02\/10016117_front.png","type":"image\/png"}],"twitter_card":"summary_large_image","schema":{"@context":"https:\/\/schema.org","@graph":[{"@type":"WebPage","@id":"https:\/\/greenlink.technology\/pl\/produkt\/enwitec-reczny-przelacznik-sieciowy-fronius-symo-gen24-plus-rozlaczanie-wszystkich-biegunow-3ph-230-400v-10016117\/","url":"https:\/\/greenlink.technology\/pl\/produkt\/enwitec-reczny-przelacznik-sieciowy-fronius-symo-gen24-plus-rozlaczanie-wszystkich-biegunow-3ph-230-400v-10016117\/","name":"ENWITEC R\u0118CZNY PRZE\u0141\u0104CZNIK SIECIOWY \u2013 FRONIUS SYMO GEN24 PLUS \u2013 ROZ\u0141\u0104CZANIE WSZYSTKICH BIEGUN\u00d3W \u2013 3PH 230\/400V \u2013 10016117 - greenLink orchestrating energy flows | enwitec electronic GmbH | LinQ Europe Sp. z o.o.","isPartOf":{"@id":"https:\/\/enwitec.eu\/en\/#website"},"primaryImageOfPage":{"@id":"https:\/\/greenlink.technology\/pl\/produkt\/enwitec-reczny-przelacznik-sieciowy-fronius-symo-gen24-plus-rozlaczanie-wszystkich-biegunow-3ph-230-400v-10016117\/#primaryimage"},"image":{"@id":"https:\/\/greenlink.technology\/pl\/produkt\/enwitec-reczny-przelacznik-sieciowy-fronius-symo-gen24-plus-rozlaczanie-wszystkich-biegunow-3ph-230-400v-10016117\/#primaryimage"},"thumbnailUrl":"https:\/\/greenlink.technology\/wp-content\/uploads\/2025\/02\/10016117_front.png","datePublished":"2024-03-06T06:21:10+00:00","dateModified":"2025-05-30T11:42:07+00:00","breadcrumb":{"@id":"https:\/\/greenlink.technology\/pl\/produkt\/enwitec-reczny-przelacznik-sieciowy-fronius-symo-gen24-plus-rozlaczanie-wszystkich-biegunow-3ph-230-400v-10016117\/#breadcrumb"},"inLanguage":"pl-PL","potentialAction":[{"@type":"ReadAction","target":["https:\/\/greenlink.technology\/pl\/produkt\/enwitec-reczny-przelacznik-sieciowy-fronius-symo-gen24-plus-rozlaczanie-wszystkich-biegunow-3ph-230-400v-10016117\/"]}]},{"@type":"ImageObject","inLanguage":"pl-PL","@id":"https:\/\/greenlink.technology\/pl\/produkt\/enwitec-reczny-przelacznik-sieciowy-fronius-symo-gen24-plus-rozlaczanie-wszystkich-biegunow-3ph-230-400v-10016117\/#primaryimage","url":"https:\/\/greenlink.technology\/wp-content\/uploads\/2025\/02\/10016117_front.png","contentUrl":"https:\/\/greenlink.technology\/wp-content\/uploads\/2025\/02\/10016117_front.png","width":500,"height":500},{"@type":"BreadcrumbList","@id":"https:\/\/greenlink.technology\/pl\/produkt\/enwitec-reczny-przelacznik-sieciowy-fronius-symo-gen24-plus-rozlaczanie-wszystkich-biegunow-3ph-230-400v-10016117\/#breadcrumb","itemListElement":[{"@type":"ListItem","position":1,"name":"Startseite","item":"https:\/\/greenlink.technology\/pl\/"},{"@type":"ListItem","position":2,"name":"Produkty","item":"https:\/\/greenlink.technology\/pl\/o-nas\/firma\/enwitec\/produkty\/"},{"@type":"ListItem","position":3,"name":"ENWITEC R\u0118CZNY PRZE\u0141\u0104CZNIK SIECIOWY \u2013 FRONIUS SYMO GEN24 PLUS \u2013 ROZ\u0141\u0104CZANIE WSZYSTKICH BIEGUN\u00d3W \u2013 3PH 230\/400V \u2013 10016117"}]},{"@type":"WebSite","@id":"https:\/\/enwitec.eu\/en\/#website","url":"https:\/\/enwitec.eu\/en\/","name":"greenLink orchestrating energy flows | enwitec electronic GmbH | LinQ Europe Sp. z o.o.","description":"","publisher":{"@id":"https:\/\/enwitec.eu\/en\/#organization"},"potentialAction":[{"@type":"SearchAction","target":{"@type":"EntryPoint","urlTemplate":"https:\/\/enwitec.eu\/en\/?s={search_term_string}"},"query-input":{"@type":"PropertyValueSpecification","valueRequired":true,"valueName":"search_term_string"}}],"inLanguage":"pl-PL"},{"@type":"Organization","@id":"https:\/\/enwitec.eu\/en\/#organization","name":"greenLink orkiestruj\u0105cy przep\u0142ywy energii | enwitec electronic GmbH | LinQ Europe Sp. z o.o.","url":"https:\/\/enwitec.eu\/en\/","logo":{"@type":"ImageObject","inLanguage":"pl-PL","@id":"https:\/\/enwitec.eu\/en\/#\/schema\/logo\/image\/","url":"https:\/\/greenlink.technology\/wp-content\/uploads\/2025\/01\/greenlink-logo-final.png","contentUrl":"https:\/\/greenlink.technology\/wp-content\/uploads\/2025\/01\/greenlink-logo-final.png","width":2586,"height":629,"caption":"greenLink orkiestruj\u0105cy przep\u0142ywy energii | enwitec electronic GmbH | LinQ Europe Sp. z o.o. "},"image":{"@id":"https:\/\/enwitec.eu\/en\/#\/schema\/logo\/image\/"}}]}},"_links":{"self":[{"href":"https:\/\/greenlink.technology\/pl\/wp-json\/wp\/v2\/product\/12434","targetHints":{"allow":["GET"]}}],"collection":[{"href":"https:\/\/greenlink.technology\/pl\/wp-json\/wp\/v2\/product"}],"about":[{"href":"https:\/\/greenlink.technology\/pl\/wp-json\/wp\/v2\/types\/product"}],"replies":[{"embeddable":true,"href":"https:\/\/greenlink.technology\/pl\/wp-json\/wp\/v2\/comments?post=12434"}],"wp:featuredmedia":[{"embeddable":true,"href":"https:\/\/greenlink.technology\/pl\/wp-json\/wp\/v2\/media\/12437"}],"wp:attachment":[{"href":"https:\/\/greenlink.technology\/pl\/wp-json\/wp\/v2\/media?parent=12434"}],"wp:term":[{"taxonomy":"anwendung","embeddable":true,"href":"https:\/\/greenlink.technology\/pl\/wp-json\/wp\/v2\/anwendung?post=12434"},{"taxonomy":"product_brand","embeddable":true,"href":"https:\/\/greenlink.technology\/pl\/wp-json\/wp\/v2\/product_brand?post=12434"},{"taxonomy":"product_cat","embeddable":true,"href":"https:\/\/greenlink.technology\/pl\/wp-json\/wp\/v2\/product_cat?post=12434"},{"taxonomy":"product_tag","embeddable":true,"href":"https:\/\/greenlink.technology\/pl\/wp-json\/wp\/v2\/product_tag?post=12434"}],"curies":[{"name":"wp","href":"https:\/\/api.w.org\/{rel}","templated":true}]}}