{"id":17188,"date":"2025-06-30T13:31:38","date_gmt":"2025-06-30T11:31:38","guid":{"rendered":"https:\/\/enwitec.eu\/?post_type=product&#038;p=17188"},"modified":"2025-09-15T11:16:30","modified_gmt":"2025-09-15T09:16:30","slug":"enwitec-skrzynka-przelacznikow-sieciowych-power-backup-dual-eu-10019361-kopie","status":"publish","type":"product","link":"https:\/\/greenlink.technology\/pl\/produkt\/enwitec-skrzynka-przelacznikow-sieciowych-power-backup-dual-eu-10019361-kopie\/","title":{"rendered":"enwitec PowerBackup Brain &#8211; 10019625"},"content":{"rendered":"<div class=\"system-stammdaten\">\n<h2><\/h2>\n<p>&nbsp;<\/p>\n<\/div>\n","protected":false},"excerpt":{"rendered":"<p>&nbsp;<\/p>\n","protected":false},"featured_media":17208,"comment_status":"closed","ping_status":"closed","template":"","meta":{"_acf_changed":false},"anwendung":[],"product_brand":[264],"product_cat":[367],"product_tag":[1565,1566],"class_list":{"0":"post-17188","1":"product","2":"type-product","3":"status-publish","4":"has-post-thumbnail","6":"product_brand-enwitec","7":"product_cat-skrzynki-przelacznikow-sieciowych","8":"product_tag-1565","9":"product_tag-mozg","10":"pa_laenderfreigabe-at-pl","11":"pa_laenderfreigabe-be-pl","12":"pa_laenderfreigabe-ch-pl","13":"pa_laenderfreigabe-es-pl","14":"pa_laenderfreigabe-fr-pl","15":"pa_laenderfreigabe-it-pl","16":"pa_laenderfreigabe-lu-pl","17":"pa_laenderfreigabe-nl-pl","18":"pa_laenderfreigabe-pl","19":"pa_laenderfreigabe-pt-pl","20":"pa_max-durchgangsleistung-0-30-kw-pl","21":"pa_nf-a-netzanschlusspunkt-tn-c-pl","22":"pa_nf-a-netzanschlusspunkt-tn-s-pl","23":"pa_nf-a-netzanschlusspunkt-tt-pl","24":"pa_nf-i-d-verbraucheranlage-tn-s-pl","25":"pa_nf-i-d-verbraucheranlage-tt-pl","26":"pa_umschaltung-automatyczny","28":"first","29":"instock","30":"shipping-taxable","31":"product-type-simple"},"acf":{"product_informations":"Najlepsze inteligentne rozwi\u0105zanie do tworzenia kopii zapasowych system\u00f3w energetycznych.\n\nOdkryj PowerBackup Brain - najlepsze inteligentne rozwi\u0105zanie do tworzenia kopii zapasowych dla Twoich system\u00f3w energetycznych! To rewolucyjne rozwi\u0105zanie do pe\u0142nego tworzenia kopii zapasowych p\u0142ynnie \u0142\u0105czy zintegrowany system zarz\u0105dzania energi\u0105 (EMS), kt\u00f3ry wykorzystuje r\u00f3wnie\u017c sztuczn\u0105 inteligencj\u0119, z uniwersaln\u0105 kompatybilno\u015bci\u0105 ze wszystkimi falownikami hybrydowymi o mocy do 30 kW. \n\nNasza technologia EMS rejestruje i analizuje zu\u017cycie energii, przep\u0142yw mocy, poziomy na\u0142adowania baterii, codzienne dane pogodowe i taryfy energii elektrycznej, aby zmaksymalizowa\u0107 wydajno\u015b\u0107 i niezawodno\u015b\u0107 system\u00f3w. Dzi\u0119ki takim funkcjom, jak adaptacyjna rezerwa zasilania awaryjnego, ograniczanie szczytowego obci\u0105\u017cenia i ograniczanie szczytowego wytwarzania, PowerBackup Brain wyznacza nowe standardy w nowoczesnej technologii domowej.\nInteligentny system sterowania optymalizuje handel energi\u0105 i komfort, dostarcza dane prognostyczne dla operator\u00f3w sieci i umo\u017cliwia dynamiczne dostosowywanie zarz\u0105dzania energi\u0105. Ponadto, u\u017cytkownik korzysta z prostej instalacji bez konieczno\u015bci czasoch\u0142onnej przebudowy systemu dystrybucji! PowerBackup Brain, gotowy do u\u017cycia w ca\u0142ej UE, sprawia, \u017ce Tw\u00f3j dom jest przysz\u0142o\u015bciowy i oferuje maksymaln\u0105 wydajno\u015b\u0107 i bezpiecze\u0144stwo. Poznaj przysz\u0142o\u015b\u0107 dostaw energii z PowerBackup Brain!    ","technical_data":"<table border=\"0\" cellspacing=\"0\" cellpadding=\"8\">\n<tbody>\n<tr>\n<th>Oznaczenie<\/th>\n<th>Warto\u015b\u0107<\/th>\n<\/tr>\n<tr>\n<td>Nr artyku\u0142u.<\/td>\n<td>10019625<\/td>\n<\/tr>\n<tr>\n<td>Kompatybilny z<\/td>\n<td>Wszystkie inwertery akumulatorowe i hybrydowe zdolne do pracy poza sieci\u0105 z dwoma tr\u00f3jfazowymi po\u0142\u0105czeniami AC\ndo 30 KW<\/td>\n<\/tr>\n<tr>\n<td>Fazy<\/td>\n<td>3 fazy<\/td>\n<\/tr>\n<tr>\n<td>Od\u0142\u0105czanie zasilania<\/td>\n<td>Od\u0142\u0105czenie wszystkich biegun\u00f3w<\/td>\n<\/tr>\n<tr>\n<td>Maksymalna przepustowo\u015b\u0107 termiczna <\/td>\n<td>30 kW<\/td>\n<\/tr>\n<tr>\n<td>Kod kraju<\/td>\n<td>UE<\/td>\n<\/tr>\n<tr>\n<td>Ochrona NA<\/td>\n<td>nie<\/td>\n<\/tr>\n<tr>\n<td>Prze\u0142\u0105cznik \u017ar\u00f3d\u0142a<\/td>\n<td>nie<\/td>\n<\/tr>\n<tr>\n<td>Napi\u0119cie znamionowe<\/td>\n<td>230\/400V<\/td>\n<\/tr>\n<tr>\n<td>Cz\u0119stotliwo\u015b\u0107 znamionowa<\/td>\n<td>50\/60 Hz<\/td>\n<\/tr>\n<tr>\n<td>Pr\u0105d zwarciowy<\/td>\n<td>10 kA<\/td>\n<\/tr>\n<tr>\n<td>Bezpiecznik rezerwowy<\/td>\n<td>63 A<\/td>\n<\/tr>\n<tr>\n<td>Zakres temperatur pracy<\/td>\n<td>-5\u00b0C do +35\u00b0C<\/td>\n<\/tr>\n<tr>\n<td>Wilgotno\u015b\u0107 powietrza<\/td>\n<td>5% do 60%<\/td>\n<\/tr>\n<tr>\n<td>Klasa ochrony<\/td>\n<td>II<\/td>\n<\/tr>\n<tr>\n<td>Wymiary WxHxD<\/td>\n<td>600 x 800 x 300<\/td>\n<\/tr>\n<tr>\n<td>Waga<\/td>\n<td>23 kg<\/td>\n<\/tr>\n<tr>\n<td>Obudowa<\/td>\n<td>Poliw\u0119glan<\/td>\n<\/tr>\n<\/tbody>\n<\/table>","download":"<a href=\"https:\/\/greenlink.technology\/wp-content\/uploads\/2025\/06\/10019625_Datenblatt_Power-Backup-Brain_DE_2025_04_30.pdf\" target=\"_blank\" rel=\"noopener\">Karta katalogowa PL<\/a>\n<a href=\"https:\/\/greenlink.technology\/wp-content\/uploads\/2025\/06\/10019625_datasheet_Power-Backup-Brain_EN_2025_05_05.pdf\" target=\"_blank\" rel=\"noopener\">Arkusz danych PL<\/a>\n<a href=\"https:\/\/greenlink.technology\/wp-content\/uploads\/2025\/06\/10019625_Arkusz-danych_Power-Backup-Brain_PL_2025_05_20.pdf\" target=\"_blank\" rel=\"noopener\">Arkusz danych<\/a>\n\n\u00a0","product_short_description":"<strong>Falowniki:<\/strong> wszystkie falowniki akumulatorowe i hybrydowe poza sieci\u0105\n<strong>Kraj wydania:<\/strong> UE\n<strong>maks. przepustowo\u015b\u0107 termiczna : <\/strong>  30<span style=\"font-size: inherit;\"> kW<\/span>\n<strong>Prze\u0142\u0105czanie: <\/strong>automatyczne\n<strong>Typ sieci w punkcie pod\u0142\u0105czenia do sieci:<\/strong> TT, TN-S, TN-C\n<strong>Formularz siatki w systemie konsumenckim:<\/strong> TT, TN-S","photo_gallery":{"galerie_produkte":[[]]}},"yoast_head":"<!-- This site is optimized with the Yoast SEO plugin v27.3 - https:\/\/yoast.com\/product\/yoast-seo-wordpress\/ -->\n<title>enwitec PowerBackup Brain - 10019625 - greenLink orchestrating energy flows | enwitec electronic GmbH | LinQ Europe Sp. z o.o.<\/title>\n<meta name=\"robots\" content=\"index, follow, max-snippet:-1, max-image-preview:large, max-video-preview:-1\" \/>\n<link rel=\"canonical\" href=\"https:\/\/greenlink.technology\/pl\/produkt\/enwitec-skrzynka-przelacznikow-sieciowych-power-backup-dual-eu-10019361-kopie\/\" \/>\n<meta property=\"og:locale\" content=\"pl_PL\" \/>\n<meta property=\"og:type\" content=\"article\" \/>\n<meta property=\"og:title\" content=\"enwitec PowerBackup Brain - 10019625 - greenLink orchestrating energy flows | enwitec electronic GmbH | LinQ Europe Sp. z o.o.\" \/>\n<meta property=\"og:description\" content=\"&nbsp;\" \/>\n<meta property=\"og:url\" content=\"https:\/\/greenlink.technology\/pl\/produkt\/enwitec-skrzynka-przelacznikow-sieciowych-power-backup-dual-eu-10019361-kopie\/\" \/>\n<meta property=\"og:site_name\" content=\"greenLink orchestrating energy flows | enwitec electronic GmbH | LinQ Europe Sp. z o.o.\" \/>\n<meta property=\"article:modified_time\" content=\"2025-09-15T09:16:30+00:00\" \/>\n<meta property=\"og:image\" content=\"https:\/\/linqeurope.pl\/wp-content\/uploads\/2025\/06\/Brain3.png\" \/>\n\t<meta property=\"og:image:width\" content=\"500\" \/>\n\t<meta property=\"og:image:height\" content=\"500\" \/>\n\t<meta property=\"og:image:type\" content=\"image\/png\" \/>\n<meta name=\"twitter:card\" content=\"summary_large_image\" \/>\n<script type=\"application\/ld+json\" class=\"yoast-schema-graph\">{\"@context\":\"https:\\\/\\\/schema.org\",\"@graph\":[{\"@type\":\"WebPage\",\"@id\":\"https:\\\/\\\/greenlink.technology\\\/pl\\\/produkt\\\/enwitec-skrzynka-przelacznikow-sieciowych-power-backup-dual-eu-10019361-kopie\\\/\",\"url\":\"https:\\\/\\\/greenlink.technology\\\/pl\\\/produkt\\\/enwitec-skrzynka-przelacznikow-sieciowych-power-backup-dual-eu-10019361-kopie\\\/\",\"name\":\"enwitec PowerBackup Brain - 10019625 - greenLink orchestrating energy flows | enwitec electronic GmbH | LinQ Europe Sp. z o.o.\",\"isPartOf\":{\"@id\":\"https:\\\/\\\/enwitec.eu\\\/en\\\/#website\"},\"primaryImageOfPage\":{\"@id\":\"https:\\\/\\\/greenlink.technology\\\/pl\\\/produkt\\\/enwitec-skrzynka-przelacznikow-sieciowych-power-backup-dual-eu-10019361-kopie\\\/#primaryimage\"},\"image\":{\"@id\":\"https:\\\/\\\/greenlink.technology\\\/pl\\\/produkt\\\/enwitec-skrzynka-przelacznikow-sieciowych-power-backup-dual-eu-10019361-kopie\\\/#primaryimage\"},\"thumbnailUrl\":\"https:\\\/\\\/greenlink.technology\\\/wp-content\\\/uploads\\\/2025\\\/06\\\/Brain3.png\",\"datePublished\":\"2025-06-30T11:31:38+00:00\",\"dateModified\":\"2025-09-15T09:16:30+00:00\",\"breadcrumb\":{\"@id\":\"https:\\\/\\\/greenlink.technology\\\/pl\\\/produkt\\\/enwitec-skrzynka-przelacznikow-sieciowych-power-backup-dual-eu-10019361-kopie\\\/#breadcrumb\"},\"inLanguage\":\"pl-PL\",\"potentialAction\":[{\"@type\":\"ReadAction\",\"target\":[\"https:\\\/\\\/greenlink.technology\\\/pl\\\/produkt\\\/enwitec-skrzynka-przelacznikow-sieciowych-power-backup-dual-eu-10019361-kopie\\\/\"]}]},{\"@type\":\"ImageObject\",\"inLanguage\":\"pl-PL\",\"@id\":\"https:\\\/\\\/greenlink.technology\\\/pl\\\/produkt\\\/enwitec-skrzynka-przelacznikow-sieciowych-power-backup-dual-eu-10019361-kopie\\\/#primaryimage\",\"url\":\"https:\\\/\\\/greenlink.technology\\\/wp-content\\\/uploads\\\/2025\\\/06\\\/Brain3.png\",\"contentUrl\":\"https:\\\/\\\/greenlink.technology\\\/wp-content\\\/uploads\\\/2025\\\/06\\\/Brain3.png\",\"width\":500,\"height\":500},{\"@type\":\"BreadcrumbList\",\"@id\":\"https:\\\/\\\/greenlink.technology\\\/pl\\\/produkt\\\/enwitec-skrzynka-przelacznikow-sieciowych-power-backup-dual-eu-10019361-kopie\\\/#breadcrumb\",\"itemListElement\":[{\"@type\":\"ListItem\",\"position\":1,\"name\":\"Startseite\",\"item\":\"https:\\\/\\\/greenlink.technology\\\/pl\\\/\"},{\"@type\":\"ListItem\",\"position\":2,\"name\":\"Produkty\",\"item\":\"https:\\\/\\\/greenlink.technology\\\/pl\\\/o-nas\\\/firma\\\/enwitec\\\/produkty\\\/\"},{\"@type\":\"ListItem\",\"position\":3,\"name\":\"enwitec PowerBackup Brain &#8211; 10019625\"}]},{\"@type\":\"WebSite\",\"@id\":\"https:\\\/\\\/enwitec.eu\\\/en\\\/#website\",\"url\":\"https:\\\/\\\/enwitec.eu\\\/en\\\/\",\"name\":\"greenLink orchestrating energy flows | enwitec electronic GmbH | LinQ Europe Sp. z o.o.\",\"description\":\"\",\"publisher\":{\"@id\":\"https:\\\/\\\/enwitec.eu\\\/en\\\/#organization\"},\"potentialAction\":[{\"@type\":\"SearchAction\",\"target\":{\"@type\":\"EntryPoint\",\"urlTemplate\":\"https:\\\/\\\/enwitec.eu\\\/en\\\/?s={search_term_string}\"},\"query-input\":{\"@type\":\"PropertyValueSpecification\",\"valueRequired\":true,\"valueName\":\"search_term_string\"}}],\"inLanguage\":\"pl-PL\"},{\"@type\":\"Organization\",\"@id\":\"https:\\\/\\\/enwitec.eu\\\/en\\\/#organization\",\"name\":\"greenLink orkiestruj\u0105cy przep\u0142ywy energii | enwitec electronic GmbH | LinQ Europe Sp. z o.o.\",\"url\":\"https:\\\/\\\/enwitec.eu\\\/en\\\/\",\"logo\":{\"@type\":\"ImageObject\",\"inLanguage\":\"pl-PL\",\"@id\":\"https:\\\/\\\/enwitec.eu\\\/en\\\/#\\\/schema\\\/logo\\\/image\\\/\",\"url\":\"https:\\\/\\\/greenlink.technology\\\/wp-content\\\/uploads\\\/2025\\\/01\\\/greenlink-logo-final.png\",\"contentUrl\":\"https:\\\/\\\/greenlink.technology\\\/wp-content\\\/uploads\\\/2025\\\/01\\\/greenlink-logo-final.png\",\"width\":2586,\"height\":629,\"caption\":\"greenLink orkiestruj\u0105cy przep\u0142ywy energii | enwitec electronic GmbH | LinQ Europe Sp. z o.o. \"},\"image\":{\"@id\":\"https:\\\/\\\/enwitec.eu\\\/en\\\/#\\\/schema\\\/logo\\\/image\\\/\"}}]}<\/script>\n<!-- \/ Yoast SEO plugin. -->","yoast_head_json":{"title":"enwitec PowerBackup Brain - 10019625 - greenLink orchestrating energy flows | enwitec electronic GmbH | LinQ Europe Sp. z o.o.","robots":{"index":"index","follow":"follow","max-snippet":"max-snippet:-1","max-image-preview":"max-image-preview:large","max-video-preview":"max-video-preview:-1"},"canonical":"https:\/\/greenlink.technology\/pl\/produkt\/enwitec-skrzynka-przelacznikow-sieciowych-power-backup-dual-eu-10019361-kopie\/","og_locale":"pl_PL","og_type":"article","og_title":"enwitec PowerBackup Brain - 10019625 - greenLink orchestrating energy flows | enwitec electronic GmbH | LinQ Europe Sp. z o.o.","og_description":"&nbsp;","og_url":"https:\/\/greenlink.technology\/pl\/produkt\/enwitec-skrzynka-przelacznikow-sieciowych-power-backup-dual-eu-10019361-kopie\/","og_site_name":"greenLink orchestrating energy flows | enwitec electronic GmbH | LinQ Europe Sp. z o.o.","article_modified_time":"2025-09-15T09:16:30+00:00","og_image":[{"width":500,"height":500,"url":"https:\/\/linqeurope.pl\/wp-content\/uploads\/2025\/06\/Brain3.png","type":"image\/png"}],"twitter_card":"summary_large_image","schema":{"@context":"https:\/\/schema.org","@graph":[{"@type":"WebPage","@id":"https:\/\/greenlink.technology\/pl\/produkt\/enwitec-skrzynka-przelacznikow-sieciowych-power-backup-dual-eu-10019361-kopie\/","url":"https:\/\/greenlink.technology\/pl\/produkt\/enwitec-skrzynka-przelacznikow-sieciowych-power-backup-dual-eu-10019361-kopie\/","name":"enwitec PowerBackup Brain - 10019625 - greenLink orchestrating energy flows | enwitec electronic GmbH | LinQ Europe Sp. z o.o.","isPartOf":{"@id":"https:\/\/enwitec.eu\/en\/#website"},"primaryImageOfPage":{"@id":"https:\/\/greenlink.technology\/pl\/produkt\/enwitec-skrzynka-przelacznikow-sieciowych-power-backup-dual-eu-10019361-kopie\/#primaryimage"},"image":{"@id":"https:\/\/greenlink.technology\/pl\/produkt\/enwitec-skrzynka-przelacznikow-sieciowych-power-backup-dual-eu-10019361-kopie\/#primaryimage"},"thumbnailUrl":"https:\/\/greenlink.technology\/wp-content\/uploads\/2025\/06\/Brain3.png","datePublished":"2025-06-30T11:31:38+00:00","dateModified":"2025-09-15T09:16:30+00:00","breadcrumb":{"@id":"https:\/\/greenlink.technology\/pl\/produkt\/enwitec-skrzynka-przelacznikow-sieciowych-power-backup-dual-eu-10019361-kopie\/#breadcrumb"},"inLanguage":"pl-PL","potentialAction":[{"@type":"ReadAction","target":["https:\/\/greenlink.technology\/pl\/produkt\/enwitec-skrzynka-przelacznikow-sieciowych-power-backup-dual-eu-10019361-kopie\/"]}]},{"@type":"ImageObject","inLanguage":"pl-PL","@id":"https:\/\/greenlink.technology\/pl\/produkt\/enwitec-skrzynka-przelacznikow-sieciowych-power-backup-dual-eu-10019361-kopie\/#primaryimage","url":"https:\/\/greenlink.technology\/wp-content\/uploads\/2025\/06\/Brain3.png","contentUrl":"https:\/\/greenlink.technology\/wp-content\/uploads\/2025\/06\/Brain3.png","width":500,"height":500},{"@type":"BreadcrumbList","@id":"https:\/\/greenlink.technology\/pl\/produkt\/enwitec-skrzynka-przelacznikow-sieciowych-power-backup-dual-eu-10019361-kopie\/#breadcrumb","itemListElement":[{"@type":"ListItem","position":1,"name":"Startseite","item":"https:\/\/greenlink.technology\/pl\/"},{"@type":"ListItem","position":2,"name":"Produkty","item":"https:\/\/greenlink.technology\/pl\/o-nas\/firma\/enwitec\/produkty\/"},{"@type":"ListItem","position":3,"name":"enwitec PowerBackup Brain &#8211; 10019625"}]},{"@type":"WebSite","@id":"https:\/\/enwitec.eu\/en\/#website","url":"https:\/\/enwitec.eu\/en\/","name":"greenLink orchestrating energy flows | enwitec electronic GmbH | LinQ Europe Sp. z o.o.","description":"","publisher":{"@id":"https:\/\/enwitec.eu\/en\/#organization"},"potentialAction":[{"@type":"SearchAction","target":{"@type":"EntryPoint","urlTemplate":"https:\/\/enwitec.eu\/en\/?s={search_term_string}"},"query-input":{"@type":"PropertyValueSpecification","valueRequired":true,"valueName":"search_term_string"}}],"inLanguage":"pl-PL"},{"@type":"Organization","@id":"https:\/\/enwitec.eu\/en\/#organization","name":"greenLink orkiestruj\u0105cy przep\u0142ywy energii | enwitec electronic GmbH | LinQ Europe Sp. z o.o.","url":"https:\/\/enwitec.eu\/en\/","logo":{"@type":"ImageObject","inLanguage":"pl-PL","@id":"https:\/\/enwitec.eu\/en\/#\/schema\/logo\/image\/","url":"https:\/\/greenlink.technology\/wp-content\/uploads\/2025\/01\/greenlink-logo-final.png","contentUrl":"https:\/\/greenlink.technology\/wp-content\/uploads\/2025\/01\/greenlink-logo-final.png","width":2586,"height":629,"caption":"greenLink orkiestruj\u0105cy przep\u0142ywy energii | enwitec electronic GmbH | LinQ Europe Sp. z o.o. "},"image":{"@id":"https:\/\/enwitec.eu\/en\/#\/schema\/logo\/image\/"}}]}},"_links":{"self":[{"href":"https:\/\/greenlink.technology\/pl\/wp-json\/wp\/v2\/product\/17188","targetHints":{"allow":["GET"]}}],"collection":[{"href":"https:\/\/greenlink.technology\/pl\/wp-json\/wp\/v2\/product"}],"about":[{"href":"https:\/\/greenlink.technology\/pl\/wp-json\/wp\/v2\/types\/product"}],"replies":[{"embeddable":true,"href":"https:\/\/greenlink.technology\/pl\/wp-json\/wp\/v2\/comments?post=17188"}],"wp:featuredmedia":[{"embeddable":true,"href":"https:\/\/greenlink.technology\/pl\/wp-json\/wp\/v2\/media\/17208"}],"wp:attachment":[{"href":"https:\/\/greenlink.technology\/pl\/wp-json\/wp\/v2\/media?parent=17188"}],"wp:term":[{"taxonomy":"anwendung","embeddable":true,"href":"https:\/\/greenlink.technology\/pl\/wp-json\/wp\/v2\/anwendung?post=17188"},{"taxonomy":"product_brand","embeddable":true,"href":"https:\/\/greenlink.technology\/pl\/wp-json\/wp\/v2\/product_brand?post=17188"},{"taxonomy":"product_cat","embeddable":true,"href":"https:\/\/greenlink.technology\/pl\/wp-json\/wp\/v2\/product_cat?post=17188"},{"taxonomy":"product_tag","embeddable":true,"href":"https:\/\/greenlink.technology\/pl\/wp-json\/wp\/v2\/product_tag?post=17188"}],"curies":[{"name":"wp","href":"https:\/\/api.w.org\/{rel}","templated":true}]}}