{"id":17523,"date":"2025-07-02T14:44:33","date_gmt":"2025-07-02T12:44:33","guid":{"rendered":"https:\/\/greenlink.technology\/?post_type=product&#038;p=17523"},"modified":"2025-09-15T11:16:27","modified_gmt":"2025-09-15T09:16:27","slug":"bezpiecznik-akumulatorowy-enwitec-bat-breaker-big-200-10011034-kopie","status":"publish","type":"product","link":"https:\/\/greenlink.technology\/pl\/produkt\/bezpiecznik-akumulatorowy-enwitec-bat-breaker-big-200-10011034-kopie\/","title":{"rendered":"enwitec bezpiecznik akumulatora BAT BREAKER -BIG 200VT &#8211; 10011143"},"content":{"rendered":"<div class=\"system-stammdaten\">\n<h2><\/h2>\n<p>&nbsp;<\/p>\n<\/div>\n","protected":false},"excerpt":{"rendered":"<p>&nbsp;<\/p>\n","protected":false},"featured_media":17542,"comment_status":"closed","ping_status":"closed","template":"","meta":{"_acf_changed":false},"anwendung":[],"product_brand":[264],"product_cat":[683],"product_tag":[1558,686,685],"class_list":{"0":"post-17523","1":"product","2":"type-product","3":"status-publish","4":"has-post-thumbnail","6":"product_brand-enwitec","7":"product_cat-zabezpieczenia-akumulatora","8":"product_tag-1558","9":"product_tag-bezpiecznik-akumulatora","10":"product_tag-wylacznik-awaryjny","11":"pa_anzahl-batterien-3-4-pl","12":"pa_anzahl-wechselrichter-3-pl","13":"pa_spannung--75-vdc-pl","15":"first","16":"instock","17":"shipping-taxable","18":"product-type-simple"},"acf":{"product_informations":"Bezpiecznik akumulatorowy enwitec (BAT BREAKER) Zabezpieczenie przed przet\u0119\u017ceniem i zwarciem dla stacjonarnych lub mobilnych system\u00f3w magazynowania energii z akumulator\u00f3w r\u00f3\u017cnych technologii (o\u0142owiowych, litowych...) i ich okablowania.\n\nLiczba \u0142adowarek\/inwerter\u00f3w akumulator\u00f3w: maks. 3\nLiczba system\u00f3w magazynowania energii: maks. 3\n\nKod dopasowania: BAT BREAKER -BIG 200VT","technical_data":"<div class=\"stammdaten-col\">\n<div class=\"line\">\n<p class=\"system-stammdaten-left\">Nr artyku\u0142u: 10011143\n<span style=\"font-size: inherit;\">Typ bezpiecznika: <\/span><span style=\"font-size: inherit;\">Magnetyczno-hydrauliczny<\/span><span style=\"font-size: inherit;\">\n<\/span><span style=\"font-size: inherit;\">Liczba \u0142adowarek akumulator\u00f3w\/inwerter\u00f3w: 3<\/span><span style=\"font-size: inherit;\">\n<\/span><span style=\"font-size: inherit;\">Liczba r\u00f3wnoleg\u0142ych \u0142a\u0144cuch\u00f3w akumulator\u00f3w: <\/span><span style=\"font-size: inherit;\">3\n<\/span><span style=\"font-size: inherit;\">Maks. Napi\u0119cie DC:   <\/span><span style=\"font-size: inherit;\">75 V\n<\/span><span style=\"font-size: inherit;\">Pr\u0105d znamionowy: 3x200A<\/span><span style=\"font-size: inherit;\">\n<\/span><span style=\"font-size: inherit;\">Ci\u0105g\u0142y pr\u0105d roboczy: 3x160A<\/span><span style=\"font-size: inherit;\">\n<\/span><span style=\"font-size: inherit;\">Maks. Pr\u0105d roboczy przez 30 minut: 3x180A <\/span><span style=\"font-size: inherit;\">\n<\/span><span style=\"font-size: inherit;\">Charakterystyka wyzwalania: DC - wolno<\/span><span style=\"font-size: inherit;\">\n<\/span><span style=\"font-size: inherit;\">Prze\u0142\u0105czany maks. pr\u0105d zwarciowy:   <\/span><span style=\"font-size: inherit;\">10kA\n<\/span><span style=\"font-size: inherit;\">Pod\u0142\u0105czenie \u0142adowarki\/inwertera:\n<\/span><span style=\"font-size: inherit;\">Pod\u0142\u0105czenie do akumulatora: <\/span><span style=\"font-size: inherit;\">3 x 16 mm\u00b2 - 120 mm\u00b2 na potencja\u0142\n<\/span> <span style=\"font-size: inherit;\">Zakres temperatur do: <\/span><span style=\"font-size: inherit;\">-25\u00b0C do +45\u00b0C (kr\u00f3tkotrwale 50\u00b0C)\n<\/span> <span style=\"font-size: inherit;\">Wilgotno\u015b\u0107 wzgl\u0119dna: <\/span><span style=\"font-size: inherit;\">5% do 95%\n<\/span> <span style=\"font-size: inherit;\">Wymiary obudowy baterii WxHxD: 400 x 500 x 200 <\/span><span style=\"font-size: inherit;\">mm\n<\/span> <span style=\"font-size: inherit;\">Masa ca\u0142kowita: <\/span><span style=\"font-size: inherit;\">11,5 kg<\/span><\/p>\n\n<\/div>\n<\/div>","download":"<a href=\"https:\/\/greenlink.technology\/wp-content\/uploads\/2025\/07\/10011143_Datenblatt_BAT-BREAKER-BIG-200VT_2023_11_06.pdf\" target=\"_blank\" rel=\"noopener\">Arkusz danych PL<\/a>","product_short_description":"<strong>Liczba falownik\u00f3w<\/strong><strong>: 3<\/strong>\n<strong>Liczba akumulator\u00f3w:<\/strong> 3\n<strong>Napi\u0119cie:<\/strong> \u2264 75 VDC","photo_gallery":{"galerie_produkte":[[]]}},"yoast_head":"<!-- This site is optimized with the Yoast SEO plugin v27.3 - https:\/\/yoast.com\/product\/yoast-seo-wordpress\/ -->\n<title>enwitec bezpiecznik akumulatora BAT BREAKER -BIG 200VT - 10011143 - greenLink orchestrating energy flows | enwitec electronic GmbH | LinQ Europe Sp. z o.o.<\/title>\n<meta name=\"robots\" content=\"index, follow, max-snippet:-1, max-image-preview:large, max-video-preview:-1\" \/>\n<link rel=\"canonical\" href=\"https:\/\/greenlink.technology\/pl\/produkt\/bezpiecznik-akumulatorowy-enwitec-bat-breaker-big-200-10011034-kopie\/\" \/>\n<meta property=\"og:locale\" content=\"pl_PL\" \/>\n<meta property=\"og:type\" content=\"article\" \/>\n<meta property=\"og:title\" content=\"enwitec bezpiecznik akumulatora BAT BREAKER -BIG 200VT - 10011143 - greenLink orchestrating energy flows | enwitec electronic GmbH | LinQ Europe Sp. z o.o.\" \/>\n<meta property=\"og:description\" content=\"&nbsp;\" \/>\n<meta property=\"og:url\" content=\"https:\/\/greenlink.technology\/pl\/produkt\/bezpiecznik-akumulatorowy-enwitec-bat-breaker-big-200-10011034-kopie\/\" \/>\n<meta property=\"og:site_name\" content=\"greenLink orchestrating energy flows | enwitec electronic GmbH | LinQ Europe Sp. z o.o.\" \/>\n<meta property=\"article:modified_time\" content=\"2025-09-15T09:16:27+00:00\" \/>\n<meta property=\"og:image\" content=\"https:\/\/linqeurope.pl\/wp-content\/uploads\/2025\/07\/10011143_front_offen.png\" \/>\n\t<meta property=\"og:image:width\" content=\"500\" \/>\n\t<meta property=\"og:image:height\" content=\"500\" \/>\n\t<meta property=\"og:image:type\" content=\"image\/png\" \/>\n<meta name=\"twitter:card\" content=\"summary_large_image\" \/>\n<script type=\"application\/ld+json\" class=\"yoast-schema-graph\">{\"@context\":\"https:\\\/\\\/schema.org\",\"@graph\":[{\"@type\":\"WebPage\",\"@id\":\"https:\\\/\\\/greenlink.technology\\\/pl\\\/produkt\\\/bezpiecznik-akumulatorowy-enwitec-bat-breaker-big-200-10011034-kopie\\\/\",\"url\":\"https:\\\/\\\/greenlink.technology\\\/pl\\\/produkt\\\/bezpiecznik-akumulatorowy-enwitec-bat-breaker-big-200-10011034-kopie\\\/\",\"name\":\"enwitec bezpiecznik akumulatora BAT BREAKER -BIG 200VT - 10011143 - greenLink orchestrating energy flows | enwitec electronic GmbH | LinQ Europe Sp. z o.o.\",\"isPartOf\":{\"@id\":\"https:\\\/\\\/enwitec.eu\\\/en\\\/#website\"},\"primaryImageOfPage\":{\"@id\":\"https:\\\/\\\/greenlink.technology\\\/pl\\\/produkt\\\/bezpiecznik-akumulatorowy-enwitec-bat-breaker-big-200-10011034-kopie\\\/#primaryimage\"},\"image\":{\"@id\":\"https:\\\/\\\/greenlink.technology\\\/pl\\\/produkt\\\/bezpiecznik-akumulatorowy-enwitec-bat-breaker-big-200-10011034-kopie\\\/#primaryimage\"},\"thumbnailUrl\":\"https:\\\/\\\/greenlink.technology\\\/wp-content\\\/uploads\\\/2025\\\/07\\\/10011143_front_offen.png\",\"datePublished\":\"2025-07-02T12:44:33+00:00\",\"dateModified\":\"2025-09-15T09:16:27+00:00\",\"breadcrumb\":{\"@id\":\"https:\\\/\\\/greenlink.technology\\\/pl\\\/produkt\\\/bezpiecznik-akumulatorowy-enwitec-bat-breaker-big-200-10011034-kopie\\\/#breadcrumb\"},\"inLanguage\":\"pl-PL\",\"potentialAction\":[{\"@type\":\"ReadAction\",\"target\":[\"https:\\\/\\\/greenlink.technology\\\/pl\\\/produkt\\\/bezpiecznik-akumulatorowy-enwitec-bat-breaker-big-200-10011034-kopie\\\/\"]}]},{\"@type\":\"ImageObject\",\"inLanguage\":\"pl-PL\",\"@id\":\"https:\\\/\\\/greenlink.technology\\\/pl\\\/produkt\\\/bezpiecznik-akumulatorowy-enwitec-bat-breaker-big-200-10011034-kopie\\\/#primaryimage\",\"url\":\"https:\\\/\\\/greenlink.technology\\\/wp-content\\\/uploads\\\/2025\\\/07\\\/10011143_front_offen.png\",\"contentUrl\":\"https:\\\/\\\/greenlink.technology\\\/wp-content\\\/uploads\\\/2025\\\/07\\\/10011143_front_offen.png\",\"width\":500,\"height\":500},{\"@type\":\"BreadcrumbList\",\"@id\":\"https:\\\/\\\/greenlink.technology\\\/pl\\\/produkt\\\/bezpiecznik-akumulatorowy-enwitec-bat-breaker-big-200-10011034-kopie\\\/#breadcrumb\",\"itemListElement\":[{\"@type\":\"ListItem\",\"position\":1,\"name\":\"Startseite\",\"item\":\"https:\\\/\\\/greenlink.technology\\\/pl\\\/\"},{\"@type\":\"ListItem\",\"position\":2,\"name\":\"Produkty\",\"item\":\"https:\\\/\\\/greenlink.technology\\\/pl\\\/o-nas\\\/firma\\\/enwitec\\\/produkty\\\/\"},{\"@type\":\"ListItem\",\"position\":3,\"name\":\"enwitec bezpiecznik akumulatora BAT BREAKER -BIG 200VT &#8211; 10011143\"}]},{\"@type\":\"WebSite\",\"@id\":\"https:\\\/\\\/enwitec.eu\\\/en\\\/#website\",\"url\":\"https:\\\/\\\/enwitec.eu\\\/en\\\/\",\"name\":\"greenLink orchestrating energy flows | enwitec electronic GmbH | LinQ Europe Sp. z o.o.\",\"description\":\"\",\"publisher\":{\"@id\":\"https:\\\/\\\/enwitec.eu\\\/en\\\/#organization\"},\"potentialAction\":[{\"@type\":\"SearchAction\",\"target\":{\"@type\":\"EntryPoint\",\"urlTemplate\":\"https:\\\/\\\/enwitec.eu\\\/en\\\/?s={search_term_string}\"},\"query-input\":{\"@type\":\"PropertyValueSpecification\",\"valueRequired\":true,\"valueName\":\"search_term_string\"}}],\"inLanguage\":\"pl-PL\"},{\"@type\":\"Organization\",\"@id\":\"https:\\\/\\\/enwitec.eu\\\/en\\\/#organization\",\"name\":\"greenLink orkiestruj\u0105cy przep\u0142ywy energii | enwitec electronic GmbH | LinQ Europe Sp. z o.o.\",\"url\":\"https:\\\/\\\/enwitec.eu\\\/en\\\/\",\"logo\":{\"@type\":\"ImageObject\",\"inLanguage\":\"pl-PL\",\"@id\":\"https:\\\/\\\/enwitec.eu\\\/en\\\/#\\\/schema\\\/logo\\\/image\\\/\",\"url\":\"https:\\\/\\\/greenlink.technology\\\/wp-content\\\/uploads\\\/2025\\\/01\\\/greenlink-logo-final.png\",\"contentUrl\":\"https:\\\/\\\/greenlink.technology\\\/wp-content\\\/uploads\\\/2025\\\/01\\\/greenlink-logo-final.png\",\"width\":2586,\"height\":629,\"caption\":\"greenLink orkiestruj\u0105cy przep\u0142ywy energii | enwitec electronic GmbH | LinQ Europe Sp. z o.o. \"},\"image\":{\"@id\":\"https:\\\/\\\/enwitec.eu\\\/en\\\/#\\\/schema\\\/logo\\\/image\\\/\"}}]}<\/script>\n<!-- \/ Yoast SEO plugin. -->","yoast_head_json":{"title":"enwitec bezpiecznik akumulatora BAT BREAKER -BIG 200VT - 10011143 - greenLink orchestrating energy flows | enwitec electronic GmbH | LinQ Europe Sp. z o.o.","robots":{"index":"index","follow":"follow","max-snippet":"max-snippet:-1","max-image-preview":"max-image-preview:large","max-video-preview":"max-video-preview:-1"},"canonical":"https:\/\/greenlink.technology\/pl\/produkt\/bezpiecznik-akumulatorowy-enwitec-bat-breaker-big-200-10011034-kopie\/","og_locale":"pl_PL","og_type":"article","og_title":"enwitec bezpiecznik akumulatora BAT BREAKER -BIG 200VT - 10011143 - greenLink orchestrating energy flows | enwitec electronic GmbH | LinQ Europe Sp. z o.o.","og_description":"&nbsp;","og_url":"https:\/\/greenlink.technology\/pl\/produkt\/bezpiecznik-akumulatorowy-enwitec-bat-breaker-big-200-10011034-kopie\/","og_site_name":"greenLink orchestrating energy flows | enwitec electronic GmbH | LinQ Europe Sp. z o.o.","article_modified_time":"2025-09-15T09:16:27+00:00","og_image":[{"width":500,"height":500,"url":"https:\/\/linqeurope.pl\/wp-content\/uploads\/2025\/07\/10011143_front_offen.png","type":"image\/png"}],"twitter_card":"summary_large_image","schema":{"@context":"https:\/\/schema.org","@graph":[{"@type":"WebPage","@id":"https:\/\/greenlink.technology\/pl\/produkt\/bezpiecznik-akumulatorowy-enwitec-bat-breaker-big-200-10011034-kopie\/","url":"https:\/\/greenlink.technology\/pl\/produkt\/bezpiecznik-akumulatorowy-enwitec-bat-breaker-big-200-10011034-kopie\/","name":"enwitec bezpiecznik akumulatora BAT BREAKER -BIG 200VT - 10011143 - greenLink orchestrating energy flows | enwitec electronic GmbH | LinQ Europe Sp. z o.o.","isPartOf":{"@id":"https:\/\/enwitec.eu\/en\/#website"},"primaryImageOfPage":{"@id":"https:\/\/greenlink.technology\/pl\/produkt\/bezpiecznik-akumulatorowy-enwitec-bat-breaker-big-200-10011034-kopie\/#primaryimage"},"image":{"@id":"https:\/\/greenlink.technology\/pl\/produkt\/bezpiecznik-akumulatorowy-enwitec-bat-breaker-big-200-10011034-kopie\/#primaryimage"},"thumbnailUrl":"https:\/\/greenlink.technology\/wp-content\/uploads\/2025\/07\/10011143_front_offen.png","datePublished":"2025-07-02T12:44:33+00:00","dateModified":"2025-09-15T09:16:27+00:00","breadcrumb":{"@id":"https:\/\/greenlink.technology\/pl\/produkt\/bezpiecznik-akumulatorowy-enwitec-bat-breaker-big-200-10011034-kopie\/#breadcrumb"},"inLanguage":"pl-PL","potentialAction":[{"@type":"ReadAction","target":["https:\/\/greenlink.technology\/pl\/produkt\/bezpiecznik-akumulatorowy-enwitec-bat-breaker-big-200-10011034-kopie\/"]}]},{"@type":"ImageObject","inLanguage":"pl-PL","@id":"https:\/\/greenlink.technology\/pl\/produkt\/bezpiecznik-akumulatorowy-enwitec-bat-breaker-big-200-10011034-kopie\/#primaryimage","url":"https:\/\/greenlink.technology\/wp-content\/uploads\/2025\/07\/10011143_front_offen.png","contentUrl":"https:\/\/greenlink.technology\/wp-content\/uploads\/2025\/07\/10011143_front_offen.png","width":500,"height":500},{"@type":"BreadcrumbList","@id":"https:\/\/greenlink.technology\/pl\/produkt\/bezpiecznik-akumulatorowy-enwitec-bat-breaker-big-200-10011034-kopie\/#breadcrumb","itemListElement":[{"@type":"ListItem","position":1,"name":"Startseite","item":"https:\/\/greenlink.technology\/pl\/"},{"@type":"ListItem","position":2,"name":"Produkty","item":"https:\/\/greenlink.technology\/pl\/o-nas\/firma\/enwitec\/produkty\/"},{"@type":"ListItem","position":3,"name":"enwitec bezpiecznik akumulatora BAT BREAKER -BIG 200VT &#8211; 10011143"}]},{"@type":"WebSite","@id":"https:\/\/enwitec.eu\/en\/#website","url":"https:\/\/enwitec.eu\/en\/","name":"greenLink orchestrating energy flows | enwitec electronic GmbH | LinQ Europe Sp. z o.o.","description":"","publisher":{"@id":"https:\/\/enwitec.eu\/en\/#organization"},"potentialAction":[{"@type":"SearchAction","target":{"@type":"EntryPoint","urlTemplate":"https:\/\/enwitec.eu\/en\/?s={search_term_string}"},"query-input":{"@type":"PropertyValueSpecification","valueRequired":true,"valueName":"search_term_string"}}],"inLanguage":"pl-PL"},{"@type":"Organization","@id":"https:\/\/enwitec.eu\/en\/#organization","name":"greenLink orkiestruj\u0105cy przep\u0142ywy energii | enwitec electronic GmbH | LinQ Europe Sp. z o.o.","url":"https:\/\/enwitec.eu\/en\/","logo":{"@type":"ImageObject","inLanguage":"pl-PL","@id":"https:\/\/enwitec.eu\/en\/#\/schema\/logo\/image\/","url":"https:\/\/greenlink.technology\/wp-content\/uploads\/2025\/01\/greenlink-logo-final.png","contentUrl":"https:\/\/greenlink.technology\/wp-content\/uploads\/2025\/01\/greenlink-logo-final.png","width":2586,"height":629,"caption":"greenLink orkiestruj\u0105cy przep\u0142ywy energii | enwitec electronic GmbH | LinQ Europe Sp. z o.o. "},"image":{"@id":"https:\/\/enwitec.eu\/en\/#\/schema\/logo\/image\/"}}]}},"_links":{"self":[{"href":"https:\/\/greenlink.technology\/pl\/wp-json\/wp\/v2\/product\/17523","targetHints":{"allow":["GET"]}}],"collection":[{"href":"https:\/\/greenlink.technology\/pl\/wp-json\/wp\/v2\/product"}],"about":[{"href":"https:\/\/greenlink.technology\/pl\/wp-json\/wp\/v2\/types\/product"}],"replies":[{"embeddable":true,"href":"https:\/\/greenlink.technology\/pl\/wp-json\/wp\/v2\/comments?post=17523"}],"wp:featuredmedia":[{"embeddable":true,"href":"https:\/\/greenlink.technology\/pl\/wp-json\/wp\/v2\/media\/17542"}],"wp:attachment":[{"href":"https:\/\/greenlink.technology\/pl\/wp-json\/wp\/v2\/media?parent=17523"}],"wp:term":[{"taxonomy":"anwendung","embeddable":true,"href":"https:\/\/greenlink.technology\/pl\/wp-json\/wp\/v2\/anwendung?post=17523"},{"taxonomy":"product_brand","embeddable":true,"href":"https:\/\/greenlink.technology\/pl\/wp-json\/wp\/v2\/product_brand?post=17523"},{"taxonomy":"product_cat","embeddable":true,"href":"https:\/\/greenlink.technology\/pl\/wp-json\/wp\/v2\/product_cat?post=17523"},{"taxonomy":"product_tag","embeddable":true,"href":"https:\/\/greenlink.technology\/pl\/wp-json\/wp\/v2\/product_tag?post=17523"}],"curies":[{"name":"wp","href":"https:\/\/api.w.org\/{rel}","templated":true}]}}