{"id":18653,"date":"2025-07-07T15:21:58","date_gmt":"2025-07-07T13:21:58","guid":{"rendered":"https:\/\/enwitec.eu\/?post_type=product&#038;p=18653"},"modified":"2025-12-02T13:09:51","modified_gmt":"2025-12-02T12:09:51","slug":"enwitec-skrzynka-przylaczeniowa-generatora-pradu-stalego-gak-s-1000-4x2r-x-bc-pc-1-0-10016321-kopie-kopie","status":"publish","type":"product","link":"https:\/\/greenlink.technology\/pl\/produkt\/enwitec-skrzynka-przylaczeniowa-generatora-pradu-stalego-gak-s-1000-4x2r-x-bc-pc-1-0-10016321-kopie-kopie\/","title":{"rendered":"skrzynka zaciskowa generatora pr\u0105du sta\u0142ego enwitec GAK-enwitec-S-1000-4(x2)S-X-Y-PC-1.0 &#8211; 10014965"},"content":{"rendered":"<div class=\"system-stammdaten\">\n<h2\/>\n&nbsp;<\/p>\n<\/div>\n","protected":false},"excerpt":{"rendered":"<p>&nbsp;<\/p>\n","protected":false},"featured_media":18682,"comment_status":"closed","ping_status":"closed","template":"","meta":{"_acf_changed":false},"anwendung":[],"product_brand":[264],"product_cat":[562],"product_tag":[1505,563,564],"class_list":{"0":"post-18653","1":"product","2":"type-product","3":"status-publish","4":"has-post-thumbnail","6":"product_brand-enwitec","7":"product_cat-skrzynki-przylaczeniowe-generatora","8":"product_tag-1505","9":"product_tag-gak-pl","10":"product_tag-skrzynka-przylaczeniowa-generatora","11":"pa_anschlussform-polaczenie-srubowe","12":"pa_mpp-tracker-1-pl","13":"pa_strings-im-ausgang-pro-mpp-1-pl","14":"pa_strings-im-eingang-pro-mpp-4-pl","15":"pa_systemspannung--1000-vdc-pl","16":"pa_trennschalter-nie","17":"pa_ueberspannungsschutz-typ-2-pl","19":"first","20":"instock","21":"shipping-taxable","22":"product-type-simple"},"acf":{"product_informations":"Puszki przy\u0142\u0105czeniowe generatora pr\u0105du sta\u0142ego do zastosowa\u0144 prywatnych i komercyjnych w fotowoltaice.\n\nSzczeg\u00f3\u0142owe dane techniczne mo\u017cna znale\u017a\u0107 w karcie katalogowej!\n\n<strong>Uwaga<\/strong>\nKod dopasowania: GAK-enwitec-S-1000-4(x2)S-X-Y-PC-1.0","technical_data":"<div class=\"stammdaten-col\">\n<div class=\"line\">\n<p class=\"system-stammdaten-left\">Nr artyku\u0142u: 10014965\nMaks. Umpp (Ue): 1000 VDC\n\u015aledzenie MPP: 1\nCi\u0105gi na wej\u015bciu na MPP: 4\nCi\u0105gi na wyj\u015bciu na MPP: 1\nBezpiecznik ci\u0105gu: Nie\nZabezpieczenie przepi\u0119ciowe: Klasa II\nOd\u0142\u0105cznik: Nie\nTyp po\u0142\u0105czenia: Po\u0142\u0105czenie \u015brubowe\nPr\u0105d znamionowy<sub>Isc <\/sub>: 48 ADC\nPr\u0105d znamionowy<sub>Isc <\/sub>na ci\u0105g: 12 ADC\nWymiary (WxHxD): 250 x 180 x 111 mm\nWaga ca\u0142kowita: 3 kg <\/p>\n\n<\/div>\n<\/div>","download":"<a href=\"https:\/\/greenlink.technology\/wp-content\/uploads\/2025\/12\/10014965-DE_DAT_GAK-enwitec-S-1000-4x2S-X-Y-PC-1.0-a.pdf\" target=\"_blank\" rel=\"noopener\">Arkusz danych PL<\/a>\n<a href=\"https:\/\/greenlink.technology\/wp-content\/uploads\/2025\/12\/10014965-GB_DAT_GAK-enwitec-S-1000-4x2S-X-Y-PC-1.0-a.pdf\" target=\"_blank\" rel=\"noopener\">Arkusz danych PL<\/a>","product_short_description":"<strong>Napi\u0119cie systemowe:<\/strong> 1000 VDC\n<strong>\u015aledzenie MPP:<\/strong> 1\n<strong>Ci\u0105gi na wej\u015bciu na MPP:<\/strong> 4\n<strong>Ci\u0105gi na wyj\u015bciu na MPP: <\/strong>1\n<strong>Ochrona przeciwprzepi\u0119ciowa:<\/strong> Klasa II\n<strong>Od\u0142\u0105cznik:<\/strong> Nie\n<strong>Typ po\u0142\u0105czenia:<\/strong> Po\u0142\u0105czenie \u015brubowe","photo_gallery":{"galerie_produkte":[[]]}},"yoast_head":"<!-- This site is optimized with the Yoast SEO plugin v27.3 - https:\/\/yoast.com\/product\/yoast-seo-wordpress\/ -->\n<title>skrzynka zaciskowa generatora pr\u0105du sta\u0142ego enwitec GAK-enwitec-S-1000-4(x2)S-X-Y-PC-1.0 - 10014965 - greenLink orchestrating energy flows | enwitec electronic GmbH | LinQ Europe Sp. z o.o.<\/title>\n<meta name=\"robots\" content=\"index, follow, max-snippet:-1, max-image-preview:large, max-video-preview:-1\" \/>\n<link rel=\"canonical\" href=\"https:\/\/greenlink.technology\/pl\/produkt\/enwitec-skrzynka-przylaczeniowa-generatora-pradu-stalego-gak-s-1000-4x2r-x-bc-pc-1-0-10016321-kopie-kopie\/\" \/>\n<meta property=\"og:locale\" content=\"pl_PL\" \/>\n<meta property=\"og:type\" content=\"article\" \/>\n<meta property=\"og:title\" content=\"skrzynka zaciskowa generatora pr\u0105du sta\u0142ego enwitec GAK-enwitec-S-1000-4(x2)S-X-Y-PC-1.0 - 10014965 - greenLink orchestrating energy flows | enwitec electronic GmbH | LinQ Europe Sp. z o.o.\" \/>\n<meta property=\"og:description\" content=\"&nbsp;\" \/>\n<meta property=\"og:url\" content=\"https:\/\/greenlink.technology\/pl\/produkt\/enwitec-skrzynka-przylaczeniowa-generatora-pradu-stalego-gak-s-1000-4x2r-x-bc-pc-1-0-10016321-kopie-kopie\/\" \/>\n<meta property=\"og:site_name\" content=\"greenLink orchestrating energy flows | enwitec electronic GmbH | LinQ Europe Sp. z o.o.\" \/>\n<meta property=\"article:modified_time\" content=\"2025-12-02T12:09:51+00:00\" \/>\n<meta property=\"og:image\" content=\"https:\/\/greenlink.technology\/wp-content\/uploads\/2025\/07\/10014965_MQ_72dpi_front.jpg\" \/>\n\t<meta property=\"og:image:width\" content=\"1200\" \/>\n\t<meta property=\"og:image:height\" content=\"1200\" \/>\n\t<meta property=\"og:image:type\" content=\"image\/jpeg\" \/>\n<meta name=\"twitter:card\" content=\"summary_large_image\" \/>\n<script type=\"application\/ld+json\" class=\"yoast-schema-graph\">{\"@context\":\"https:\\\/\\\/schema.org\",\"@graph\":[{\"@type\":\"WebPage\",\"@id\":\"https:\\\/\\\/greenlink.technology\\\/pl\\\/produkt\\\/enwitec-skrzynka-przylaczeniowa-generatora-pradu-stalego-gak-s-1000-4x2r-x-bc-pc-1-0-10016321-kopie-kopie\\\/\",\"url\":\"https:\\\/\\\/greenlink.technology\\\/pl\\\/produkt\\\/enwitec-skrzynka-przylaczeniowa-generatora-pradu-stalego-gak-s-1000-4x2r-x-bc-pc-1-0-10016321-kopie-kopie\\\/\",\"name\":\"skrzynka zaciskowa generatora pr\u0105du sta\u0142ego enwitec GAK-enwitec-S-1000-4(x2)S-X-Y-PC-1.0 - 10014965 - greenLink orchestrating energy flows | enwitec electronic GmbH | LinQ Europe Sp. z o.o.\",\"isPartOf\":{\"@id\":\"https:\\\/\\\/enwitec.eu\\\/en\\\/#website\"},\"primaryImageOfPage\":{\"@id\":\"https:\\\/\\\/greenlink.technology\\\/pl\\\/produkt\\\/enwitec-skrzynka-przylaczeniowa-generatora-pradu-stalego-gak-s-1000-4x2r-x-bc-pc-1-0-10016321-kopie-kopie\\\/#primaryimage\"},\"image\":{\"@id\":\"https:\\\/\\\/greenlink.technology\\\/pl\\\/produkt\\\/enwitec-skrzynka-przylaczeniowa-generatora-pradu-stalego-gak-s-1000-4x2r-x-bc-pc-1-0-10016321-kopie-kopie\\\/#primaryimage\"},\"thumbnailUrl\":\"https:\\\/\\\/greenlink.technology\\\/wp-content\\\/uploads\\\/2025\\\/07\\\/10014965_MQ_72dpi_front.jpg\",\"datePublished\":\"2025-07-07T13:21:58+00:00\",\"dateModified\":\"2025-12-02T12:09:51+00:00\",\"breadcrumb\":{\"@id\":\"https:\\\/\\\/greenlink.technology\\\/pl\\\/produkt\\\/enwitec-skrzynka-przylaczeniowa-generatora-pradu-stalego-gak-s-1000-4x2r-x-bc-pc-1-0-10016321-kopie-kopie\\\/#breadcrumb\"},\"inLanguage\":\"pl-PL\",\"potentialAction\":[{\"@type\":\"ReadAction\",\"target\":[\"https:\\\/\\\/greenlink.technology\\\/pl\\\/produkt\\\/enwitec-skrzynka-przylaczeniowa-generatora-pradu-stalego-gak-s-1000-4x2r-x-bc-pc-1-0-10016321-kopie-kopie\\\/\"]}]},{\"@type\":\"ImageObject\",\"inLanguage\":\"pl-PL\",\"@id\":\"https:\\\/\\\/greenlink.technology\\\/pl\\\/produkt\\\/enwitec-skrzynka-przylaczeniowa-generatora-pradu-stalego-gak-s-1000-4x2r-x-bc-pc-1-0-10016321-kopie-kopie\\\/#primaryimage\",\"url\":\"https:\\\/\\\/greenlink.technology\\\/wp-content\\\/uploads\\\/2025\\\/07\\\/10014965_MQ_72dpi_front.jpg\",\"contentUrl\":\"https:\\\/\\\/greenlink.technology\\\/wp-content\\\/uploads\\\/2025\\\/07\\\/10014965_MQ_72dpi_front.jpg\",\"width\":1200,\"height\":1200},{\"@type\":\"BreadcrumbList\",\"@id\":\"https:\\\/\\\/greenlink.technology\\\/pl\\\/produkt\\\/enwitec-skrzynka-przylaczeniowa-generatora-pradu-stalego-gak-s-1000-4x2r-x-bc-pc-1-0-10016321-kopie-kopie\\\/#breadcrumb\",\"itemListElement\":[{\"@type\":\"ListItem\",\"position\":1,\"name\":\"Startseite\",\"item\":\"https:\\\/\\\/greenlink.technology\\\/pl\\\/\"},{\"@type\":\"ListItem\",\"position\":2,\"name\":\"Produkty\",\"item\":\"https:\\\/\\\/greenlink.technology\\\/pl\\\/o-nas\\\/firma\\\/enwitec\\\/produkty\\\/\"},{\"@type\":\"ListItem\",\"position\":3,\"name\":\"skrzynka zaciskowa generatora pr\u0105du sta\u0142ego enwitec GAK-enwitec-S-1000-4(x2)S-X-Y-PC-1.0 &#8211; 10014965\"}]},{\"@type\":\"WebSite\",\"@id\":\"https:\\\/\\\/enwitec.eu\\\/en\\\/#website\",\"url\":\"https:\\\/\\\/enwitec.eu\\\/en\\\/\",\"name\":\"greenLink orchestrating energy flows | enwitec electronic GmbH | LinQ Europe Sp. z o.o.\",\"description\":\"\",\"publisher\":{\"@id\":\"https:\\\/\\\/enwitec.eu\\\/en\\\/#organization\"},\"potentialAction\":[{\"@type\":\"SearchAction\",\"target\":{\"@type\":\"EntryPoint\",\"urlTemplate\":\"https:\\\/\\\/enwitec.eu\\\/en\\\/?s={search_term_string}\"},\"query-input\":{\"@type\":\"PropertyValueSpecification\",\"valueRequired\":true,\"valueName\":\"search_term_string\"}}],\"inLanguage\":\"pl-PL\"},{\"@type\":\"Organization\",\"@id\":\"https:\\\/\\\/enwitec.eu\\\/en\\\/#organization\",\"name\":\"greenLink orkiestruj\u0105cy przep\u0142ywy energii | enwitec electronic GmbH | LinQ Europe Sp. z o.o.\",\"url\":\"https:\\\/\\\/enwitec.eu\\\/en\\\/\",\"logo\":{\"@type\":\"ImageObject\",\"inLanguage\":\"pl-PL\",\"@id\":\"https:\\\/\\\/enwitec.eu\\\/en\\\/#\\\/schema\\\/logo\\\/image\\\/\",\"url\":\"https:\\\/\\\/greenlink.technology\\\/wp-content\\\/uploads\\\/2025\\\/01\\\/greenlink-logo-final.png\",\"contentUrl\":\"https:\\\/\\\/greenlink.technology\\\/wp-content\\\/uploads\\\/2025\\\/01\\\/greenlink-logo-final.png\",\"width\":2586,\"height\":629,\"caption\":\"greenLink orkiestruj\u0105cy przep\u0142ywy energii | enwitec electronic GmbH | LinQ Europe Sp. z o.o. \"},\"image\":{\"@id\":\"https:\\\/\\\/enwitec.eu\\\/en\\\/#\\\/schema\\\/logo\\\/image\\\/\"}}]}<\/script>\n<!-- \/ Yoast SEO plugin. -->","yoast_head_json":{"title":"skrzynka zaciskowa generatora pr\u0105du sta\u0142ego enwitec GAK-enwitec-S-1000-4(x2)S-X-Y-PC-1.0 - 10014965 - greenLink orchestrating energy flows | enwitec electronic GmbH | LinQ Europe Sp. z o.o.","robots":{"index":"index","follow":"follow","max-snippet":"max-snippet:-1","max-image-preview":"max-image-preview:large","max-video-preview":"max-video-preview:-1"},"canonical":"https:\/\/greenlink.technology\/pl\/produkt\/enwitec-skrzynka-przylaczeniowa-generatora-pradu-stalego-gak-s-1000-4x2r-x-bc-pc-1-0-10016321-kopie-kopie\/","og_locale":"pl_PL","og_type":"article","og_title":"skrzynka zaciskowa generatora pr\u0105du sta\u0142ego enwitec GAK-enwitec-S-1000-4(x2)S-X-Y-PC-1.0 - 10014965 - greenLink orchestrating energy flows | enwitec electronic GmbH | LinQ Europe Sp. z o.o.","og_description":"&nbsp;","og_url":"https:\/\/greenlink.technology\/pl\/produkt\/enwitec-skrzynka-przylaczeniowa-generatora-pradu-stalego-gak-s-1000-4x2r-x-bc-pc-1-0-10016321-kopie-kopie\/","og_site_name":"greenLink orchestrating energy flows | enwitec electronic GmbH | LinQ Europe Sp. z o.o.","article_modified_time":"2025-12-02T12:09:51+00:00","og_image":[{"width":1200,"height":1200,"url":"https:\/\/greenlink.technology\/wp-content\/uploads\/2025\/07\/10014965_MQ_72dpi_front.jpg","type":"image\/jpeg"}],"twitter_card":"summary_large_image","schema":{"@context":"https:\/\/schema.org","@graph":[{"@type":"WebPage","@id":"https:\/\/greenlink.technology\/pl\/produkt\/enwitec-skrzynka-przylaczeniowa-generatora-pradu-stalego-gak-s-1000-4x2r-x-bc-pc-1-0-10016321-kopie-kopie\/","url":"https:\/\/greenlink.technology\/pl\/produkt\/enwitec-skrzynka-przylaczeniowa-generatora-pradu-stalego-gak-s-1000-4x2r-x-bc-pc-1-0-10016321-kopie-kopie\/","name":"skrzynka zaciskowa generatora pr\u0105du sta\u0142ego enwitec GAK-enwitec-S-1000-4(x2)S-X-Y-PC-1.0 - 10014965 - greenLink orchestrating energy flows | enwitec electronic GmbH | LinQ Europe Sp. z o.o.","isPartOf":{"@id":"https:\/\/enwitec.eu\/en\/#website"},"primaryImageOfPage":{"@id":"https:\/\/greenlink.technology\/pl\/produkt\/enwitec-skrzynka-przylaczeniowa-generatora-pradu-stalego-gak-s-1000-4x2r-x-bc-pc-1-0-10016321-kopie-kopie\/#primaryimage"},"image":{"@id":"https:\/\/greenlink.technology\/pl\/produkt\/enwitec-skrzynka-przylaczeniowa-generatora-pradu-stalego-gak-s-1000-4x2r-x-bc-pc-1-0-10016321-kopie-kopie\/#primaryimage"},"thumbnailUrl":"https:\/\/greenlink.technology\/wp-content\/uploads\/2025\/07\/10014965_MQ_72dpi_front.jpg","datePublished":"2025-07-07T13:21:58+00:00","dateModified":"2025-12-02T12:09:51+00:00","breadcrumb":{"@id":"https:\/\/greenlink.technology\/pl\/produkt\/enwitec-skrzynka-przylaczeniowa-generatora-pradu-stalego-gak-s-1000-4x2r-x-bc-pc-1-0-10016321-kopie-kopie\/#breadcrumb"},"inLanguage":"pl-PL","potentialAction":[{"@type":"ReadAction","target":["https:\/\/greenlink.technology\/pl\/produkt\/enwitec-skrzynka-przylaczeniowa-generatora-pradu-stalego-gak-s-1000-4x2r-x-bc-pc-1-0-10016321-kopie-kopie\/"]}]},{"@type":"ImageObject","inLanguage":"pl-PL","@id":"https:\/\/greenlink.technology\/pl\/produkt\/enwitec-skrzynka-przylaczeniowa-generatora-pradu-stalego-gak-s-1000-4x2r-x-bc-pc-1-0-10016321-kopie-kopie\/#primaryimage","url":"https:\/\/greenlink.technology\/wp-content\/uploads\/2025\/07\/10014965_MQ_72dpi_front.jpg","contentUrl":"https:\/\/greenlink.technology\/wp-content\/uploads\/2025\/07\/10014965_MQ_72dpi_front.jpg","width":1200,"height":1200},{"@type":"BreadcrumbList","@id":"https:\/\/greenlink.technology\/pl\/produkt\/enwitec-skrzynka-przylaczeniowa-generatora-pradu-stalego-gak-s-1000-4x2r-x-bc-pc-1-0-10016321-kopie-kopie\/#breadcrumb","itemListElement":[{"@type":"ListItem","position":1,"name":"Startseite","item":"https:\/\/greenlink.technology\/pl\/"},{"@type":"ListItem","position":2,"name":"Produkty","item":"https:\/\/greenlink.technology\/pl\/o-nas\/firma\/enwitec\/produkty\/"},{"@type":"ListItem","position":3,"name":"skrzynka zaciskowa generatora pr\u0105du sta\u0142ego enwitec GAK-enwitec-S-1000-4(x2)S-X-Y-PC-1.0 &#8211; 10014965"}]},{"@type":"WebSite","@id":"https:\/\/enwitec.eu\/en\/#website","url":"https:\/\/enwitec.eu\/en\/","name":"greenLink orchestrating energy flows | enwitec electronic GmbH | LinQ Europe Sp. z o.o.","description":"","publisher":{"@id":"https:\/\/enwitec.eu\/en\/#organization"},"potentialAction":[{"@type":"SearchAction","target":{"@type":"EntryPoint","urlTemplate":"https:\/\/enwitec.eu\/en\/?s={search_term_string}"},"query-input":{"@type":"PropertyValueSpecification","valueRequired":true,"valueName":"search_term_string"}}],"inLanguage":"pl-PL"},{"@type":"Organization","@id":"https:\/\/enwitec.eu\/en\/#organization","name":"greenLink orkiestruj\u0105cy przep\u0142ywy energii | enwitec electronic GmbH | LinQ Europe Sp. z o.o.","url":"https:\/\/enwitec.eu\/en\/","logo":{"@type":"ImageObject","inLanguage":"pl-PL","@id":"https:\/\/enwitec.eu\/en\/#\/schema\/logo\/image\/","url":"https:\/\/greenlink.technology\/wp-content\/uploads\/2025\/01\/greenlink-logo-final.png","contentUrl":"https:\/\/greenlink.technology\/wp-content\/uploads\/2025\/01\/greenlink-logo-final.png","width":2586,"height":629,"caption":"greenLink orkiestruj\u0105cy przep\u0142ywy energii | enwitec electronic GmbH | LinQ Europe Sp. z o.o. "},"image":{"@id":"https:\/\/enwitec.eu\/en\/#\/schema\/logo\/image\/"}}]}},"_links":{"self":[{"href":"https:\/\/greenlink.technology\/pl\/wp-json\/wp\/v2\/product\/18653","targetHints":{"allow":["GET"]}}],"collection":[{"href":"https:\/\/greenlink.technology\/pl\/wp-json\/wp\/v2\/product"}],"about":[{"href":"https:\/\/greenlink.technology\/pl\/wp-json\/wp\/v2\/types\/product"}],"replies":[{"embeddable":true,"href":"https:\/\/greenlink.technology\/pl\/wp-json\/wp\/v2\/comments?post=18653"}],"wp:featuredmedia":[{"embeddable":true,"href":"https:\/\/greenlink.technology\/pl\/wp-json\/wp\/v2\/media\/18682"}],"wp:attachment":[{"href":"https:\/\/greenlink.technology\/pl\/wp-json\/wp\/v2\/media?parent=18653"}],"wp:term":[{"taxonomy":"anwendung","embeddable":true,"href":"https:\/\/greenlink.technology\/pl\/wp-json\/wp\/v2\/anwendung?post=18653"},{"taxonomy":"product_brand","embeddable":true,"href":"https:\/\/greenlink.technology\/pl\/wp-json\/wp\/v2\/product_brand?post=18653"},{"taxonomy":"product_cat","embeddable":true,"href":"https:\/\/greenlink.technology\/pl\/wp-json\/wp\/v2\/product_cat?post=18653"},{"taxonomy":"product_tag","embeddable":true,"href":"https:\/\/greenlink.technology\/pl\/wp-json\/wp\/v2\/product_tag?post=18653"}],"curies":[{"name":"wp","href":"https:\/\/api.w.org\/{rel}","templated":true}]}}