{"id":20824,"date":"2025-11-11T08:39:44","date_gmt":"2025-11-11T07:39:44","guid":{"rendered":"https:\/\/greenlink.technology\/produkt\/solarconnect-sun2000-10019339\/"},"modified":"2025-11-21T12:30:49","modified_gmt":"2025-11-21T11:30:49","slug":"solarconnect-sun2000-10019339","status":"publish","type":"product","link":"https:\/\/greenlink.technology\/pl\/produkt\/solarconnect-sun2000-10019339\/","title":{"rendered":"Skrzynka przy\u0142\u0105czeniowa generatora pr\u0105du sta\u0142ego Enwitec GAK 1100V M21 I01VRS O01VRS Sxxxx Xxxxx M- \u00dc12 SolarConnect SUN2000 10019939"},"content":{"rendered":"","protected":false},"excerpt":{"rendered":"","protected":false},"featured_media":0,"comment_status":"closed","ping_status":"closed","template":"","meta":{"_acf_changed":false},"anwendung":[],"product_brand":[],"product_cat":[562],"product_tag":[],"class_list":{"0":"post-20824","1":"product","2":"type-product","3":"status-publish","5":"product_cat-skrzynki-przylaczeniowe-generatora","7":"first","8":"instock","9":"shipping-taxable","10":"product-type-simple"},"acf":{"product_informations":"SolarConnect SUN2000 to system transmisji 1:1 z 21 pojedynczymi \u0142a\u0144cuchami i napi\u0119ciem systemowym 1100 VDC, kt\u00f3ry jest przeznaczony dla operator\u00f3w i instalator\u00f3w komercyjnych system\u00f3w fotowoltaicznych, zak\u0142ad\u00f3w przemys\u0142owych i rolniczych projekt\u00f3w energetycznych, kt\u00f3re wymagaj\u0105 najwy\u017cszych standard\u00f3w bezpiecze\u0144stwa dla po\u0142\u0105cze\u0144 odgromowych. Jest to idealne rozwi\u0105zanie dla wymagaj\u0105cych projekt\u00f3w C&I i u\u017cyteczno\u015bci publicznej w ca\u0142ej Europie.\nSystemy fotowoltaiczne s\u0105 niezawodnie chronione przed przepi\u0119ciami, a GAK jednocze\u015bnie otrzymuje unikalne funkcje bezpiecze\u0144stwa i monitorowania falownik\u00f3w Huawei SUN2000. Ka\u017cdy \u0142a\u0144cuch fotowoltaiczny jest indywidualnie poprowadzony i wyposa\u017cony w ochron\u0119 przeciwprzepi\u0119ciow\u0105 typu I\/II - idealn\u0105 dla system\u00f3w z po\u0142\u0105czeniem odgromowym, w kt\u00f3rych Huawei nie oferuje rozwi\u0105zania typu I.  ","technical_data":"Nr artyku\u0142u: 10019939\nMaks. Umpp (Ue): 1100 VDC\n\u015aledzenie MPP: 21\nCi\u0105gi na wej\u015bciu na MPP: 1\nCi\u0105gi na wyj\u015bciu na MPP: 1\nBezpiecznik ci\u0105gu: nie\nZabezpieczenie przepi\u0119ciowe: typ I+II\nOd\u0142\u0105cznik: nie\nTyp po\u0142\u0105czenia: po\u0142\u0105czenie \u015brubowe\nPr\u0105d znamionowy InA: 357 ADC\nPr\u0105d znamionowy Isc na ci\u0105g: 17 ADC\nWymiary (WxHxD): 800 x 600 x 300 mm\nWaga ca\u0142kowita: 29 kg ","download":"<a href=\"https:\/\/greenlink.technology\/wp-content\/uploads\/2025\/11\/10019939_DE_DAT_GAK-1100V-M21-I01VRS-O01VRS-Sxxxx-Xxxxx-M-Ue12-d.pdf\" target=\"_blank\" rel=\"noopener\">Arkusz danych niemiecki<\/a>\n<a href=\"https:\/\/greenlink.technology\/wp-content\/uploads\/2025\/11\/10019939_GB_DAT_GAK-1100V-M21-I01VRS-O01VRS-Sxxxx-Xxxxx-M-Ue12-d.pdf\" target=\"_blank\" rel=\"noopener\">Arkusz danych w j\u0119zyku angielskim<\/a>","product_short_description":"<strong>Napi\u0119cie systemowe:<\/strong> 1100 VDC\n<strong>MPP tracker:<\/strong> 21\n<strong>Struny na <\/strong><strong>wej\u015bciu<\/strong><strong>na MPP: <\/strong>1\n<strong>Struny na wyj\u015bciu na MPP: <\/strong>1\n<strong>Zabezpieczenie przeciwprzepi\u0119ciowe:<\/strong> Typ I+II\n<strong>Od\u0142\u0105cznik: <\/strong>Nie\n<strong>Typ po\u0142\u0105czenia:<\/strong> Po\u0142\u0105czenie \u015brubowe","photo_gallery":{"galerie_produkte":[[]]}},"yoast_head":"<!-- This site is optimized with the Yoast SEO plugin v27.3 - https:\/\/yoast.com\/product\/yoast-seo-wordpress\/ -->\n<title>Skrzynka przy\u0142\u0105czeniowa generatora pr\u0105du sta\u0142ego Enwitec GAK 1100V M21 I01VRS O01VRS Sxxxx Xxxxx M- \u00dc12 SolarConnect SUN2000 10019939 - greenLink orchestrating energy flows | enwitec electronic GmbH | LinQ Europe Sp. z o.o.<\/title>\n<meta name=\"robots\" content=\"index, follow, max-snippet:-1, max-image-preview:large, max-video-preview:-1\" \/>\n<link rel=\"canonical\" href=\"https:\/\/greenlink.technology\/pl\/produkt\/solarconnect-sun2000-10019339\/\" \/>\n<meta property=\"og:locale\" content=\"pl_PL\" \/>\n<meta property=\"og:type\" content=\"article\" \/>\n<meta property=\"og:title\" content=\"Skrzynka przy\u0142\u0105czeniowa generatora pr\u0105du sta\u0142ego Enwitec GAK 1100V M21 I01VRS O01VRS Sxxxx Xxxxx M- \u00dc12 SolarConnect SUN2000 10019939 - greenLink orchestrating energy flows | enwitec electronic GmbH | LinQ Europe Sp. z o.o.\" \/>\n<meta property=\"og:url\" content=\"https:\/\/greenlink.technology\/pl\/produkt\/solarconnect-sun2000-10019339\/\" \/>\n<meta property=\"og:site_name\" content=\"greenLink orchestrating energy flows | enwitec electronic GmbH | LinQ Europe Sp. z o.o.\" \/>\n<meta property=\"article:modified_time\" content=\"2025-11-21T11:30:49+00:00\" \/>\n<meta name=\"twitter:card\" content=\"summary_large_image\" \/>\n<script type=\"application\/ld+json\" class=\"yoast-schema-graph\">{\"@context\":\"https:\\\/\\\/schema.org\",\"@graph\":[{\"@type\":\"WebPage\",\"@id\":\"https:\\\/\\\/greenlink.technology\\\/pl\\\/produkt\\\/solarconnect-sun2000-10019339\\\/\",\"url\":\"https:\\\/\\\/greenlink.technology\\\/pl\\\/produkt\\\/solarconnect-sun2000-10019339\\\/\",\"name\":\"Skrzynka przy\u0142\u0105czeniowa generatora pr\u0105du sta\u0142ego Enwitec GAK 1100V M21 I01VRS O01VRS Sxxxx Xxxxx M- \u00dc12 SolarConnect SUN2000 10019939 - greenLink orchestrating energy flows | enwitec electronic GmbH | LinQ Europe Sp. z o.o.\",\"isPartOf\":{\"@id\":\"https:\\\/\\\/enwitec.eu\\\/en\\\/#website\"},\"datePublished\":\"2025-11-11T07:39:44+00:00\",\"dateModified\":\"2025-11-21T11:30:49+00:00\",\"breadcrumb\":{\"@id\":\"https:\\\/\\\/greenlink.technology\\\/pl\\\/produkt\\\/solarconnect-sun2000-10019339\\\/#breadcrumb\"},\"inLanguage\":\"pl-PL\",\"potentialAction\":[{\"@type\":\"ReadAction\",\"target\":[\"https:\\\/\\\/greenlink.technology\\\/pl\\\/produkt\\\/solarconnect-sun2000-10019339\\\/\"]}]},{\"@type\":\"BreadcrumbList\",\"@id\":\"https:\\\/\\\/greenlink.technology\\\/pl\\\/produkt\\\/solarconnect-sun2000-10019339\\\/#breadcrumb\",\"itemListElement\":[{\"@type\":\"ListItem\",\"position\":1,\"name\":\"Startseite\",\"item\":\"https:\\\/\\\/greenlink.technology\\\/pl\\\/\"},{\"@type\":\"ListItem\",\"position\":2,\"name\":\"Produkty\",\"item\":\"https:\\\/\\\/greenlink.technology\\\/pl\\\/o-nas\\\/firma\\\/enwitec\\\/produkty\\\/\"},{\"@type\":\"ListItem\",\"position\":3,\"name\":\"Skrzynka przy\u0142\u0105czeniowa generatora pr\u0105du sta\u0142ego Enwitec GAK 1100V M21 I01VRS O01VRS Sxxxx Xxxxx M- \u00dc12 SolarConnect SUN2000 10019939\"}]},{\"@type\":\"WebSite\",\"@id\":\"https:\\\/\\\/enwitec.eu\\\/en\\\/#website\",\"url\":\"https:\\\/\\\/enwitec.eu\\\/en\\\/\",\"name\":\"greenLink orchestrating energy flows | enwitec electronic GmbH | LinQ Europe Sp. z o.o.\",\"description\":\"\",\"publisher\":{\"@id\":\"https:\\\/\\\/enwitec.eu\\\/en\\\/#organization\"},\"potentialAction\":[{\"@type\":\"SearchAction\",\"target\":{\"@type\":\"EntryPoint\",\"urlTemplate\":\"https:\\\/\\\/enwitec.eu\\\/en\\\/?s={search_term_string}\"},\"query-input\":{\"@type\":\"PropertyValueSpecification\",\"valueRequired\":true,\"valueName\":\"search_term_string\"}}],\"inLanguage\":\"pl-PL\"},{\"@type\":\"Organization\",\"@id\":\"https:\\\/\\\/enwitec.eu\\\/en\\\/#organization\",\"name\":\"greenLink orkiestruj\u0105cy przep\u0142ywy energii | enwitec electronic GmbH | LinQ Europe Sp. z o.o.\",\"url\":\"https:\\\/\\\/enwitec.eu\\\/en\\\/\",\"logo\":{\"@type\":\"ImageObject\",\"inLanguage\":\"pl-PL\",\"@id\":\"https:\\\/\\\/enwitec.eu\\\/en\\\/#\\\/schema\\\/logo\\\/image\\\/\",\"url\":\"https:\\\/\\\/greenlink.technology\\\/wp-content\\\/uploads\\\/2025\\\/01\\\/greenlink-logo-final.png\",\"contentUrl\":\"https:\\\/\\\/greenlink.technology\\\/wp-content\\\/uploads\\\/2025\\\/01\\\/greenlink-logo-final.png\",\"width\":2586,\"height\":629,\"caption\":\"greenLink orkiestruj\u0105cy przep\u0142ywy energii | enwitec electronic GmbH | LinQ Europe Sp. z o.o. \"},\"image\":{\"@id\":\"https:\\\/\\\/enwitec.eu\\\/en\\\/#\\\/schema\\\/logo\\\/image\\\/\"}}]}<\/script>\n<!-- \/ Yoast SEO plugin. -->","yoast_head_json":{"title":"Skrzynka przy\u0142\u0105czeniowa generatora pr\u0105du sta\u0142ego Enwitec GAK 1100V M21 I01VRS O01VRS Sxxxx Xxxxx M- \u00dc12 SolarConnect SUN2000 10019939 - greenLink orchestrating energy flows | enwitec electronic GmbH | LinQ Europe Sp. z o.o.","robots":{"index":"index","follow":"follow","max-snippet":"max-snippet:-1","max-image-preview":"max-image-preview:large","max-video-preview":"max-video-preview:-1"},"canonical":"https:\/\/greenlink.technology\/pl\/produkt\/solarconnect-sun2000-10019339\/","og_locale":"pl_PL","og_type":"article","og_title":"Skrzynka przy\u0142\u0105czeniowa generatora pr\u0105du sta\u0142ego Enwitec GAK 1100V M21 I01VRS O01VRS Sxxxx Xxxxx M- \u00dc12 SolarConnect SUN2000 10019939 - greenLink orchestrating energy flows | enwitec electronic GmbH | LinQ Europe Sp. z o.o.","og_url":"https:\/\/greenlink.technology\/pl\/produkt\/solarconnect-sun2000-10019339\/","og_site_name":"greenLink orchestrating energy flows | enwitec electronic GmbH | LinQ Europe Sp. z o.o.","article_modified_time":"2025-11-21T11:30:49+00:00","twitter_card":"summary_large_image","schema":{"@context":"https:\/\/schema.org","@graph":[{"@type":"WebPage","@id":"https:\/\/greenlink.technology\/pl\/produkt\/solarconnect-sun2000-10019339\/","url":"https:\/\/greenlink.technology\/pl\/produkt\/solarconnect-sun2000-10019339\/","name":"Skrzynka przy\u0142\u0105czeniowa generatora pr\u0105du sta\u0142ego Enwitec GAK 1100V M21 I01VRS O01VRS Sxxxx Xxxxx M- \u00dc12 SolarConnect SUN2000 10019939 - greenLink orchestrating energy flows | enwitec electronic GmbH | LinQ Europe Sp. z o.o.","isPartOf":{"@id":"https:\/\/enwitec.eu\/en\/#website"},"datePublished":"2025-11-11T07:39:44+00:00","dateModified":"2025-11-21T11:30:49+00:00","breadcrumb":{"@id":"https:\/\/greenlink.technology\/pl\/produkt\/solarconnect-sun2000-10019339\/#breadcrumb"},"inLanguage":"pl-PL","potentialAction":[{"@type":"ReadAction","target":["https:\/\/greenlink.technology\/pl\/produkt\/solarconnect-sun2000-10019339\/"]}]},{"@type":"BreadcrumbList","@id":"https:\/\/greenlink.technology\/pl\/produkt\/solarconnect-sun2000-10019339\/#breadcrumb","itemListElement":[{"@type":"ListItem","position":1,"name":"Startseite","item":"https:\/\/greenlink.technology\/pl\/"},{"@type":"ListItem","position":2,"name":"Produkty","item":"https:\/\/greenlink.technology\/pl\/o-nas\/firma\/enwitec\/produkty\/"},{"@type":"ListItem","position":3,"name":"Skrzynka przy\u0142\u0105czeniowa generatora pr\u0105du sta\u0142ego Enwitec GAK 1100V M21 I01VRS O01VRS Sxxxx Xxxxx M- \u00dc12 SolarConnect SUN2000 10019939"}]},{"@type":"WebSite","@id":"https:\/\/enwitec.eu\/en\/#website","url":"https:\/\/enwitec.eu\/en\/","name":"greenLink orchestrating energy flows | enwitec electronic GmbH | LinQ Europe Sp. z o.o.","description":"","publisher":{"@id":"https:\/\/enwitec.eu\/en\/#organization"},"potentialAction":[{"@type":"SearchAction","target":{"@type":"EntryPoint","urlTemplate":"https:\/\/enwitec.eu\/en\/?s={search_term_string}"},"query-input":{"@type":"PropertyValueSpecification","valueRequired":true,"valueName":"search_term_string"}}],"inLanguage":"pl-PL"},{"@type":"Organization","@id":"https:\/\/enwitec.eu\/en\/#organization","name":"greenLink orkiestruj\u0105cy przep\u0142ywy energii | enwitec electronic GmbH | LinQ Europe Sp. z o.o.","url":"https:\/\/enwitec.eu\/en\/","logo":{"@type":"ImageObject","inLanguage":"pl-PL","@id":"https:\/\/enwitec.eu\/en\/#\/schema\/logo\/image\/","url":"https:\/\/greenlink.technology\/wp-content\/uploads\/2025\/01\/greenlink-logo-final.png","contentUrl":"https:\/\/greenlink.technology\/wp-content\/uploads\/2025\/01\/greenlink-logo-final.png","width":2586,"height":629,"caption":"greenLink orkiestruj\u0105cy przep\u0142ywy energii | enwitec electronic GmbH | LinQ Europe Sp. z o.o. "},"image":{"@id":"https:\/\/enwitec.eu\/en\/#\/schema\/logo\/image\/"}}]}},"_links":{"self":[{"href":"https:\/\/greenlink.technology\/pl\/wp-json\/wp\/v2\/product\/20824","targetHints":{"allow":["GET"]}}],"collection":[{"href":"https:\/\/greenlink.technology\/pl\/wp-json\/wp\/v2\/product"}],"about":[{"href":"https:\/\/greenlink.technology\/pl\/wp-json\/wp\/v2\/types\/product"}],"replies":[{"embeddable":true,"href":"https:\/\/greenlink.technology\/pl\/wp-json\/wp\/v2\/comments?post=20824"}],"wp:attachment":[{"href":"https:\/\/greenlink.technology\/pl\/wp-json\/wp\/v2\/media?parent=20824"}],"wp:term":[{"taxonomy":"anwendung","embeddable":true,"href":"https:\/\/greenlink.technology\/pl\/wp-json\/wp\/v2\/anwendung?post=20824"},{"taxonomy":"product_brand","embeddable":true,"href":"https:\/\/greenlink.technology\/pl\/wp-json\/wp\/v2\/product_brand?post=20824"},{"taxonomy":"product_cat","embeddable":true,"href":"https:\/\/greenlink.technology\/pl\/wp-json\/wp\/v2\/product_cat?post=20824"},{"taxonomy":"product_tag","embeddable":true,"href":"https:\/\/greenlink.technology\/pl\/wp-json\/wp\/v2\/product_tag?post=20824"}],"curies":[{"name":"wp","href":"https:\/\/api.w.org\/{rel}","templated":true}]}}