{"id":10162,"date":"2024-02-15T10:46:33","date_gmt":"2024-02-15T09:46:33","guid":{"rendered":"https:\/\/greenlink.technology\/produkt\/fusivel-de-bateria-enwitec-bat-breaker-big-200-10011034\/"},"modified":"2024-02-15T10:46:33","modified_gmt":"2024-02-15T09:46:33","slug":"fusivel-de-bateria-enwitec-bat-breaker-big-200-10011034","status":"publish","type":"product","link":"https:\/\/greenlink.technology\/pt-pt\/produkt\/fusivel-de-bateria-enwitec-bat-breaker-big-200-10011034\/","title":{"rendered":"fus\u00edvel de bateria enwitec BAT-BREAKER -BIG 200 &#8211; 10011034"},"content":{"rendered":"<div class=\"system-stammdaten\">\n<h2><\/h2>\n<p>&nbsp;<\/p>\n<\/div>\n","protected":false},"excerpt":{"rendered":"<p>&nbsp;<\/p>\n","protected":false},"featured_media":10164,"comment_status":"closed","ping_status":"closed","template":"","meta":{"_acf_changed":false},"anwendung":[],"product_brand":[264],"product_cat":[672],"product_tag":[673,674,675],"class_list":{"0":"post-10162","1":"product","2":"type-product","3":"status-publish","4":"has-post-thumbnail","6":"product_brand-enwitec","7":"product_cat-fusiveis-da-bateria","8":"product_tag-10011034-pt-pt","9":"product_tag-bat-breaker-pt-pt","10":"product_tag-fusivel-da-bateria","11":"pa_anzahl-batterien-3-4-pt-pt","12":"pa_anzahl-wechselrichter-3-pt-pt","13":"pa_spannung--75-vdc-pt-pt","15":"first","16":"instock","17":"shipping-taxable","18":"product-type-simple"},"acf":{"product_informations":"fus\u00edvel de bateria enwitec (BAT BREAKER) Prote\u00e7\u00e3o contra sobrecorrente e curto-circuito para sistemas de armazenamento de baterias estacion\u00e1rias ou m\u00f3veis de v\u00e1rias tecnologias (chumbo, l\u00edtio...) e a sua cablagem.\n\nN\u00famero de carregadores\/inversores de bateria: M\u00e1x. 3\nN\u00famero de sistemas de armazenamento de energia: M\u00e1x. 3\n\nC\u00f3digo de correspond\u00eancia: BAT BREAKER -BIG 200-","technical_data":"<div class=\"stammdaten-col\">\n<div class=\"line\">\n<p class=\"system-stammdaten-left\">N.\u00ba do artigo: 10011034\n<span style=\"font-size: inherit;\">Tipo de fus\u00edvel: <\/span><span style=\"font-size: inherit;\">Magn\u00e9tico-hidr\u00e1ulico<\/span><span style=\"font-size: inherit;\">\n<\/span><span style=\"font-size: inherit;\">N\u00famero de carregadores\/inversores de bateria: 3<\/span><span style=\"font-size: inherit;\">\n<\/span><span style=\"font-size: inherit;\">N\u00famero de cadeias de baterias paralelas: <\/span><span style=\"font-size: inherit;\">3\n<\/span><span style=\"font-size: inherit;\">M\u00e1x. Tens\u00e3o DC:   <\/span><span style=\"font-size: inherit;\">75 V\n<\/span><span style=\"font-size: inherit;\">Corrente nominal: 3x200A<\/span><span style=\"font-size: inherit;\">\n<\/span><span style=\"font-size: inherit;\">Corrente de funcionamento cont\u00ednuo: 3x160A<\/span><span style=\"font-size: inherit;\">\n<\/span><span style=\"font-size: inherit;\">M\u00e1x. Corrente de funcionamento durante 30 minutos: 3x180A <\/span><span style=\"font-size: inherit;\">\n<\/span><span style=\"font-size: inherit;\">Carater\u00edstica de disparo: DC - lento<\/span><span style=\"font-size: inherit;\">\n<\/span><span style=\"font-size: inherit;\">Corrente m\u00e1x. de curto-circuito comut\u00e1vel:   <\/span><span style=\"font-size: inherit;\">10kA\n<\/span><span style=\"font-size: inherit;\">Liga\u00e7\u00e3o do carregador\/inversor:\n<\/span><span style=\"font-size: inherit;\">Liga\u00e7\u00e3o \u00e0 bateria: <\/span><span style=\"font-size: inherit;\">3 x 16mm\u00b2 - 120 mm\u00b2 por potencial\n<\/span> <span style=\"font-size: inherit;\">Gama de temperaturas at\u00e9: <\/span><span style=\"font-size: inherit;\">-25\u00b0C a +45\u00b0C (brevemente 50\u00b0C)\n<\/span> <span style=\"font-size: inherit;\">Humidade relativa: <\/span><span style=\"font-size: inherit;\">5% a 95%\n<\/span> <span style=\"font-size: inherit;\">Dimens\u00f5es do arm\u00e1rio da bateria LxAxP: <\/span><span style=\"font-size: inherit;\">400x500x200mm\n<\/span> <span style=\"font-size: inherit;\">Peso total: <\/span><span style=\"font-size: inherit;\">13 kg<\/span><\/p>\n\n<\/div>\n<\/div>","download":"Datenblatt DE: <a href=\"\/wp-content\/uploads\/2024\/02\/10015383_Datenblatt_3AC-400-TNC-5-NH000-X-BC-PES-1.0.pdf\" target=\"_blank\" rel=\"noopener\">10015383_Datenblatt_3AC-400-TNC-5-NH000-X-BC-PES-1.0<\/a>","product_short_description":"<strong>N\u00famero de inversores:<\/strong> 3\n<strong>N\u00famero de baterias:<\/strong> 3\n<strong>Tens\u00e3o:<\/strong> \u2264 75 VDC","photo_gallery":{"galerie_produkte":[[]]}},"yoast_head":"<!-- This site is optimized with the Yoast SEO plugin v27.3 - https:\/\/yoast.com\/product\/yoast-seo-wordpress\/ -->\n<title>fus\u00edvel de bateria enwitec BAT-BREAKER -BIG 200 - 10011034 - greenLink orchestrating energy flows | enwitec electronic GmbH | LinQ Europe Sp. z o.o.<\/title>\n<meta name=\"robots\" content=\"index, follow, max-snippet:-1, max-image-preview:large, max-video-preview:-1\" \/>\n<link rel=\"canonical\" href=\"https:\/\/greenlink.technology\/pt-pt\/produkt\/fusivel-de-bateria-enwitec-bat-breaker-big-200-10011034\/\" \/>\n<meta property=\"og:locale\" content=\"pt_PT\" \/>\n<meta property=\"og:type\" content=\"article\" \/>\n<meta property=\"og:title\" content=\"fus\u00edvel de bateria enwitec BAT-BREAKER -BIG 200 - 10011034 - greenLink orchestrating energy flows | enwitec electronic GmbH | LinQ Europe Sp. z o.o.\" \/>\n<meta property=\"og:description\" content=\"&nbsp;\" \/>\n<meta property=\"og:url\" content=\"https:\/\/greenlink.technology\/pt-pt\/produkt\/fusivel-de-bateria-enwitec-bat-breaker-big-200-10011034\/\" \/>\n<meta property=\"og:site_name\" content=\"greenLink orchestrating energy flows | enwitec electronic GmbH | LinQ Europe Sp. z o.o.\" \/>\n<meta property=\"og:image\" content=\"https:\/\/enwitec.eu\/wp-content\/uploads\/2025\/02\/10011034_front_offen.png\" \/>\n\t<meta property=\"og:image:width\" content=\"350\" \/>\n\t<meta property=\"og:image:height\" content=\"350\" \/>\n\t<meta property=\"og:image:type\" content=\"image\/png\" \/>\n<meta name=\"twitter:card\" content=\"summary_large_image\" \/>\n<script type=\"application\/ld+json\" class=\"yoast-schema-graph\">{\"@context\":\"https:\\\/\\\/schema.org\",\"@graph\":[{\"@type\":\"WebPage\",\"@id\":\"https:\\\/\\\/greenlink.technology\\\/pt-pt\\\/produkt\\\/fusivel-de-bateria-enwitec-bat-breaker-big-200-10011034\\\/\",\"url\":\"https:\\\/\\\/greenlink.technology\\\/pt-pt\\\/produkt\\\/fusivel-de-bateria-enwitec-bat-breaker-big-200-10011034\\\/\",\"name\":\"fus\u00edvel de bateria enwitec BAT-BREAKER -BIG 200 - 10011034 - greenLink orchestrating energy flows | enwitec electronic GmbH | LinQ Europe Sp. z o.o.\",\"isPartOf\":{\"@id\":\"https:\\\/\\\/enwitec.eu\\\/en\\\/#website\"},\"primaryImageOfPage\":{\"@id\":\"https:\\\/\\\/greenlink.technology\\\/pt-pt\\\/produkt\\\/fusivel-de-bateria-enwitec-bat-breaker-big-200-10011034\\\/#primaryimage\"},\"image\":{\"@id\":\"https:\\\/\\\/greenlink.technology\\\/pt-pt\\\/produkt\\\/fusivel-de-bateria-enwitec-bat-breaker-big-200-10011034\\\/#primaryimage\"},\"thumbnailUrl\":\"https:\\\/\\\/greenlink.technology\\\/wp-content\\\/uploads\\\/2025\\\/02\\\/10011034_front_offen.png\",\"datePublished\":\"2024-02-15T09:46:33+00:00\",\"breadcrumb\":{\"@id\":\"https:\\\/\\\/greenlink.technology\\\/pt-pt\\\/produkt\\\/fusivel-de-bateria-enwitec-bat-breaker-big-200-10011034\\\/#breadcrumb\"},\"inLanguage\":\"pt-PT\",\"potentialAction\":[{\"@type\":\"ReadAction\",\"target\":[\"https:\\\/\\\/greenlink.technology\\\/pt-pt\\\/produkt\\\/fusivel-de-bateria-enwitec-bat-breaker-big-200-10011034\\\/\"]}]},{\"@type\":\"ImageObject\",\"inLanguage\":\"pt-PT\",\"@id\":\"https:\\\/\\\/greenlink.technology\\\/pt-pt\\\/produkt\\\/fusivel-de-bateria-enwitec-bat-breaker-big-200-10011034\\\/#primaryimage\",\"url\":\"https:\\\/\\\/greenlink.technology\\\/wp-content\\\/uploads\\\/2025\\\/02\\\/10011034_front_offen.png\",\"contentUrl\":\"https:\\\/\\\/greenlink.technology\\\/wp-content\\\/uploads\\\/2025\\\/02\\\/10011034_front_offen.png\",\"width\":350,\"height\":350},{\"@type\":\"BreadcrumbList\",\"@id\":\"https:\\\/\\\/greenlink.technology\\\/pt-pt\\\/produkt\\\/fusivel-de-bateria-enwitec-bat-breaker-big-200-10011034\\\/#breadcrumb\",\"itemListElement\":[{\"@type\":\"ListItem\",\"position\":1,\"name\":\"Startseite\",\"item\":\"https:\\\/\\\/enwitec.eu\\\/pt-pt\\\/\"},{\"@type\":\"ListItem\",\"position\":2,\"name\":\"Produtos\",\"item\":\"https:\\\/\\\/greenlink.technology\\\/pt-pt\\\/sobre-nos\\\/a-empresa\\\/enwitec\\\/produtos\\\/\"},{\"@type\":\"ListItem\",\"position\":3,\"name\":\"fus\u00edvel de bateria enwitec BAT-BREAKER -BIG 200 &#8211; 10011034\"}]},{\"@type\":\"WebSite\",\"@id\":\"https:\\\/\\\/enwitec.eu\\\/en\\\/#website\",\"url\":\"https:\\\/\\\/enwitec.eu\\\/en\\\/\",\"name\":\"greenLink orchestrating energy flows | enwitec electronic GmbH | LinQ Europe Sp. z o.o.\",\"description\":\"\",\"publisher\":{\"@id\":\"https:\\\/\\\/enwitec.eu\\\/en\\\/#organization\"},\"potentialAction\":[{\"@type\":\"SearchAction\",\"target\":{\"@type\":\"EntryPoint\",\"urlTemplate\":\"https:\\\/\\\/enwitec.eu\\\/en\\\/?s={search_term_string}\"},\"query-input\":{\"@type\":\"PropertyValueSpecification\",\"valueRequired\":true,\"valueName\":\"search_term_string\"}}],\"inLanguage\":\"pt-PT\"},{\"@type\":\"Organization\",\"@id\":\"https:\\\/\\\/enwitec.eu\\\/en\\\/#organization\",\"name\":\"greenLink orquestra\u00e7\u00e3o de fluxos de energia | enwitec electronic GmbH | LinQ Europe Sp. z o.o.\",\"url\":\"https:\\\/\\\/enwitec.eu\\\/en\\\/\",\"logo\":{\"@type\":\"ImageObject\",\"inLanguage\":\"pt-PT\",\"@id\":\"https:\\\/\\\/enwitec.eu\\\/en\\\/#\\\/schema\\\/logo\\\/image\\\/\",\"url\":\"https:\\\/\\\/greenlink.technology\\\/wp-content\\\/uploads\\\/2025\\\/01\\\/greenlink-logo-final.png\",\"contentUrl\":\"https:\\\/\\\/greenlink.technology\\\/wp-content\\\/uploads\\\/2025\\\/01\\\/greenlink-logo-final.png\",\"width\":2586,\"height\":629,\"caption\":\"greenLink orquestra\u00e7\u00e3o de fluxos de energia | enwitec electronic GmbH | LinQ Europe Sp. z o.o. \"},\"image\":{\"@id\":\"https:\\\/\\\/enwitec.eu\\\/en\\\/#\\\/schema\\\/logo\\\/image\\\/\"}}]}<\/script>\n<!-- \/ Yoast SEO plugin. -->","yoast_head_json":{"title":"fus\u00edvel de bateria enwitec BAT-BREAKER -BIG 200 - 10011034 - greenLink orchestrating energy flows | enwitec electronic GmbH | LinQ Europe Sp. z o.o.","robots":{"index":"index","follow":"follow","max-snippet":"max-snippet:-1","max-image-preview":"max-image-preview:large","max-video-preview":"max-video-preview:-1"},"canonical":"https:\/\/greenlink.technology\/pt-pt\/produkt\/fusivel-de-bateria-enwitec-bat-breaker-big-200-10011034\/","og_locale":"pt_PT","og_type":"article","og_title":"fus\u00edvel de bateria enwitec BAT-BREAKER -BIG 200 - 10011034 - greenLink orchestrating energy flows | enwitec electronic GmbH | LinQ Europe Sp. z o.o.","og_description":"&nbsp;","og_url":"https:\/\/greenlink.technology\/pt-pt\/produkt\/fusivel-de-bateria-enwitec-bat-breaker-big-200-10011034\/","og_site_name":"greenLink orchestrating energy flows | enwitec electronic GmbH | LinQ Europe Sp. z o.o.","og_image":[{"width":350,"height":350,"url":"https:\/\/enwitec.eu\/wp-content\/uploads\/2025\/02\/10011034_front_offen.png","type":"image\/png"}],"twitter_card":"summary_large_image","schema":{"@context":"https:\/\/schema.org","@graph":[{"@type":"WebPage","@id":"https:\/\/greenlink.technology\/pt-pt\/produkt\/fusivel-de-bateria-enwitec-bat-breaker-big-200-10011034\/","url":"https:\/\/greenlink.technology\/pt-pt\/produkt\/fusivel-de-bateria-enwitec-bat-breaker-big-200-10011034\/","name":"fus\u00edvel de bateria enwitec BAT-BREAKER -BIG 200 - 10011034 - greenLink orchestrating energy flows | enwitec electronic GmbH | LinQ Europe Sp. z o.o.","isPartOf":{"@id":"https:\/\/enwitec.eu\/en\/#website"},"primaryImageOfPage":{"@id":"https:\/\/greenlink.technology\/pt-pt\/produkt\/fusivel-de-bateria-enwitec-bat-breaker-big-200-10011034\/#primaryimage"},"image":{"@id":"https:\/\/greenlink.technology\/pt-pt\/produkt\/fusivel-de-bateria-enwitec-bat-breaker-big-200-10011034\/#primaryimage"},"thumbnailUrl":"https:\/\/greenlink.technology\/wp-content\/uploads\/2025\/02\/10011034_front_offen.png","datePublished":"2024-02-15T09:46:33+00:00","breadcrumb":{"@id":"https:\/\/greenlink.technology\/pt-pt\/produkt\/fusivel-de-bateria-enwitec-bat-breaker-big-200-10011034\/#breadcrumb"},"inLanguage":"pt-PT","potentialAction":[{"@type":"ReadAction","target":["https:\/\/greenlink.technology\/pt-pt\/produkt\/fusivel-de-bateria-enwitec-bat-breaker-big-200-10011034\/"]}]},{"@type":"ImageObject","inLanguage":"pt-PT","@id":"https:\/\/greenlink.technology\/pt-pt\/produkt\/fusivel-de-bateria-enwitec-bat-breaker-big-200-10011034\/#primaryimage","url":"https:\/\/greenlink.technology\/wp-content\/uploads\/2025\/02\/10011034_front_offen.png","contentUrl":"https:\/\/greenlink.technology\/wp-content\/uploads\/2025\/02\/10011034_front_offen.png","width":350,"height":350},{"@type":"BreadcrumbList","@id":"https:\/\/greenlink.technology\/pt-pt\/produkt\/fusivel-de-bateria-enwitec-bat-breaker-big-200-10011034\/#breadcrumb","itemListElement":[{"@type":"ListItem","position":1,"name":"Startseite","item":"https:\/\/enwitec.eu\/pt-pt\/"},{"@type":"ListItem","position":2,"name":"Produtos","item":"https:\/\/greenlink.technology\/pt-pt\/sobre-nos\/a-empresa\/enwitec\/produtos\/"},{"@type":"ListItem","position":3,"name":"fus\u00edvel de bateria enwitec BAT-BREAKER -BIG 200 &#8211; 10011034"}]},{"@type":"WebSite","@id":"https:\/\/enwitec.eu\/en\/#website","url":"https:\/\/enwitec.eu\/en\/","name":"greenLink orchestrating energy flows | enwitec electronic GmbH | LinQ Europe Sp. z o.o.","description":"","publisher":{"@id":"https:\/\/enwitec.eu\/en\/#organization"},"potentialAction":[{"@type":"SearchAction","target":{"@type":"EntryPoint","urlTemplate":"https:\/\/enwitec.eu\/en\/?s={search_term_string}"},"query-input":{"@type":"PropertyValueSpecification","valueRequired":true,"valueName":"search_term_string"}}],"inLanguage":"pt-PT"},{"@type":"Organization","@id":"https:\/\/enwitec.eu\/en\/#organization","name":"greenLink orquestra\u00e7\u00e3o de fluxos de energia | enwitec electronic GmbH | LinQ Europe Sp. z o.o.","url":"https:\/\/enwitec.eu\/en\/","logo":{"@type":"ImageObject","inLanguage":"pt-PT","@id":"https:\/\/enwitec.eu\/en\/#\/schema\/logo\/image\/","url":"https:\/\/greenlink.technology\/wp-content\/uploads\/2025\/01\/greenlink-logo-final.png","contentUrl":"https:\/\/greenlink.technology\/wp-content\/uploads\/2025\/01\/greenlink-logo-final.png","width":2586,"height":629,"caption":"greenLink orquestra\u00e7\u00e3o de fluxos de energia | enwitec electronic GmbH | LinQ Europe Sp. z o.o. "},"image":{"@id":"https:\/\/enwitec.eu\/en\/#\/schema\/logo\/image\/"}}]}},"_links":{"self":[{"href":"https:\/\/greenlink.technology\/pt-pt\/wp-json\/wp\/v2\/product\/10162","targetHints":{"allow":["GET"]}}],"collection":[{"href":"https:\/\/greenlink.technology\/pt-pt\/wp-json\/wp\/v2\/product"}],"about":[{"href":"https:\/\/greenlink.technology\/pt-pt\/wp-json\/wp\/v2\/types\/product"}],"replies":[{"embeddable":true,"href":"https:\/\/greenlink.technology\/pt-pt\/wp-json\/wp\/v2\/comments?post=10162"}],"wp:featuredmedia":[{"embeddable":true,"href":"https:\/\/greenlink.technology\/pt-pt\/wp-json\/wp\/v2\/media\/10164"}],"wp:attachment":[{"href":"https:\/\/greenlink.technology\/pt-pt\/wp-json\/wp\/v2\/media?parent=10162"}],"wp:term":[{"taxonomy":"anwendung","embeddable":true,"href":"https:\/\/greenlink.technology\/pt-pt\/wp-json\/wp\/v2\/anwendung?post=10162"},{"taxonomy":"product_brand","embeddable":true,"href":"https:\/\/greenlink.technology\/pt-pt\/wp-json\/wp\/v2\/product_brand?post=10162"},{"taxonomy":"product_cat","embeddable":true,"href":"https:\/\/greenlink.technology\/pt-pt\/wp-json\/wp\/v2\/product_cat?post=10162"},{"taxonomy":"product_tag","embeddable":true,"href":"https:\/\/greenlink.technology\/pt-pt\/wp-json\/wp\/v2\/product_tag?post=10162"}],"curies":[{"name":"wp","href":"https:\/\/api.w.org\/{rel}","templated":true}]}}