{"id":10222,"date":"2024-01-25T07:24:36","date_gmt":"2024-01-25T06:24:36","guid":{"rendered":"https:\/\/greenlink.technology\/produkt\/enwitec-distribuidor-ac-3ac-400-tns-2-nh000-x-x-pes-1-0-10015380\/"},"modified":"2024-01-25T07:24:36","modified_gmt":"2024-01-25T06:24:36","slug":"enwitec-distribuidor-ac-3ac-400-tns-2-nh000-x-x-pes-1-0-10015380","status":"publish","type":"product","link":"https:\/\/greenlink.technology\/pt-pt\/produkt\/enwitec-distribuidor-ac-3ac-400-tns-2-nh000-x-x-pes-1-0-10015380\/","title":{"rendered":"enwitec Distribuidor AC 3AC-400-TNS-2-NH000-X-X-PES-1.0 &#8211; 10015380"},"content":{"rendered":"<div class=\"system-stammdaten\">\n<h2><\/h2>\n<p>&nbsp;<\/p>\n<\/div>\n","protected":false},"excerpt":{"rendered":"<p>&nbsp;<\/p>\n","protected":false},"featured_media":10223,"comment_status":"closed","ping_status":"closed","template":"","meta":{"_acf_changed":false},"anwendung":[],"product_brand":[264],"product_cat":[708],"product_tag":[729,710],"class_list":{"0":"post-10222","1":"product","2":"type-product","3":"status-publish","4":"has-post-thumbnail","6":"product_brand-enwitec","7":"product_cat-distribuidor-ac","8":"product_tag-10015380-pt-pt","9":"product_tag-distribuidor-ac","10":"pa_netzformen-tn-c-pt-pt","11":"pa_ueberspannungsschutz-sem","12":"pa_wechselrichtereingaenge-1-2-pt-pt","14":"first","15":"instock","16":"shipping-taxable","17":"product-type-simple"},"acf":{"product_informations":"Distribuidor enwitec AC para inversores fotovoltaicos e aplica\u00e7\u00f5es AC.\n\nTipo de fus\u00edvel: NH000 - elo fus\u00edvel de acordo com o tamanho do inversor; elos fus\u00edveis n\u00e3o inclu\u00eddos no \u00e2mbito da entrega\n\nC\u00f3digo de correspond\u00eancia: 3AC-400-TNS-2-NH000-X-X-PES-1.0","technical_data":"<div class=\"stammdaten-col\">\n<div class=\"line\">\n<p class=\"system-stammdaten-left\">N.\u00ba do artigo: 10015380\n<span style=\"font-size: inherit;\">Forma da malha: <\/span><span style=\"font-size: inherit;\">TN-S\n<\/span><span style=\"font-size: inherit;\">N\u00famero de entradas do inversor: <\/span><span style=\"font-size: inherit;\">2\n<\/span><span style=\"font-size: inherit;\">Prote\u00e7\u00e3o contra sobretens\u00e3o: <\/span><span style=\"font-size: inherit;\">N\u00e3o\n<\/span><span style=\"font-size: inherit;\">Tipo de fus\u00edvel: <\/span><span style=\"font-size: inherit;\">NH\n<\/span><span style=\"font-size: inherit;\">Max (Ue):   <\/span><span style=\"font-size: inherit;\">400 V\n<\/span><span style=\"font-size: inherit;\">Frequ\u00eancia de funcionamento (fn): <\/span><span style=\"font-size: inherit;\">50 Hz\n<\/span><span style=\"font-size: inherit;\">Corrente nominal (In): <\/span><span style=\"font-size: inherit;\">246 A\n<\/span><span style=\"font-size: inherit;\">Terminal de entrada: <\/span> <span style=\"font-size: inherit;\">m\u00e1x. 50 mm\u00b2 \n<\/span><span style=\"font-size: inherit;\">Terminal de sa\u00edda:  <\/span><span style=\"font-size: inherit;\">m\u00e1x. 120 mm\u00b2 \n<\/span><span style=\"font-size: inherit;\">Tipo de instala\u00e7\u00e3o: <\/span><span style=\"font-size: inherit;\">Montagem na parede\n<\/span><span style=\"font-size: inherit;\">Prote\u00e7\u00e3o: <\/span><span style=\"font-size: inherit;\">Arm\u00e1rio de controlo IP65\n<\/span><span style=\"font-size: inherit;\">Dimens\u00f5es: <\/span><span style=\"font-size: inherit;\">270 x 540 x 171 mm<\/span><\/p>\n\n<\/div>\n<\/div>","download":"Datenblatt DE: <a href=\"https:\/\/greenlink.technology\/wp-content\/uploads\/2025\/04\/10015380_Datenblatt_3AC-400-TNS-2-NH000-X-X-PES-1.0.pdf\" target=\"_blank\" rel=\"noopener\">10015380_Datenblatt_3AC-400-TNS-2-NH000-X-X-PES-1.0<\/a>","product_short_description":"<strong>Tens\u00e3o da rede:<\/strong> 400 V\n<strong>Tipo de rede:<\/strong> TN-S\n<strong>N\u00famero de entradas do inversor:<\/strong> 2\n<strong>Prote\u00e7\u00e3o contra sobretens\u00e3o:<\/strong> N\u00e3o","photo_gallery":{"galerie_produkte":[[]]}},"yoast_head":"<!-- This site is optimized with the Yoast SEO plugin v27.3 - https:\/\/yoast.com\/product\/yoast-seo-wordpress\/ -->\n<title>enwitec Distribuidor AC 3AC-400-TNS-2-NH000-X-X-PES-1.0 - 10015380 - greenLink orchestrating energy flows | enwitec electronic GmbH | LinQ Europe Sp. z o.o.<\/title>\n<meta name=\"robots\" content=\"index, follow, max-snippet:-1, max-image-preview:large, max-video-preview:-1\" \/>\n<link rel=\"canonical\" href=\"https:\/\/greenlink.technology\/pt-pt\/produkt\/enwitec-distribuidor-ac-3ac-400-tns-2-nh000-x-x-pes-1-0-10015380\/\" \/>\n<meta property=\"og:locale\" content=\"pt_PT\" \/>\n<meta property=\"og:type\" content=\"article\" \/>\n<meta property=\"og:title\" content=\"enwitec Distribuidor AC 3AC-400-TNS-2-NH000-X-X-PES-1.0 - 10015380 - greenLink orchestrating energy flows | enwitec electronic GmbH | LinQ Europe Sp. z o.o.\" \/>\n<meta property=\"og:description\" content=\"&nbsp;\" \/>\n<meta property=\"og:url\" content=\"https:\/\/greenlink.technology\/pt-pt\/produkt\/enwitec-distribuidor-ac-3ac-400-tns-2-nh000-x-x-pes-1-0-10015380\/\" \/>\n<meta property=\"og:site_name\" content=\"greenLink orchestrating energy flows | enwitec electronic GmbH | LinQ Europe Sp. z o.o.\" \/>\n<meta property=\"og:image\" content=\"https:\/\/greenlink.technology\/wp-content\/uploads\/2025\/02\/10015380_MQ_72dpi_front.png\" \/>\n\t<meta property=\"og:image:width\" content=\"350\" \/>\n\t<meta property=\"og:image:height\" content=\"350\" \/>\n\t<meta property=\"og:image:type\" content=\"image\/png\" \/>\n<meta name=\"twitter:card\" content=\"summary_large_image\" \/>\n<script type=\"application\/ld+json\" class=\"yoast-schema-graph\">{\"@context\":\"https:\\\/\\\/schema.org\",\"@graph\":[{\"@type\":\"WebPage\",\"@id\":\"https:\\\/\\\/greenlink.technology\\\/pt-pt\\\/produkt\\\/enwitec-distribuidor-ac-3ac-400-tns-2-nh000-x-x-pes-1-0-10015380\\\/\",\"url\":\"https:\\\/\\\/greenlink.technology\\\/pt-pt\\\/produkt\\\/enwitec-distribuidor-ac-3ac-400-tns-2-nh000-x-x-pes-1-0-10015380\\\/\",\"name\":\"enwitec Distribuidor AC 3AC-400-TNS-2-NH000-X-X-PES-1.0 - 10015380 - greenLink orchestrating energy flows | enwitec electronic GmbH | LinQ Europe Sp. z o.o.\",\"isPartOf\":{\"@id\":\"https:\\\/\\\/enwitec.eu\\\/en\\\/#website\"},\"primaryImageOfPage\":{\"@id\":\"https:\\\/\\\/greenlink.technology\\\/pt-pt\\\/produkt\\\/enwitec-distribuidor-ac-3ac-400-tns-2-nh000-x-x-pes-1-0-10015380\\\/#primaryimage\"},\"image\":{\"@id\":\"https:\\\/\\\/greenlink.technology\\\/pt-pt\\\/produkt\\\/enwitec-distribuidor-ac-3ac-400-tns-2-nh000-x-x-pes-1-0-10015380\\\/#primaryimage\"},\"thumbnailUrl\":\"https:\\\/\\\/greenlink.technology\\\/wp-content\\\/uploads\\\/2025\\\/02\\\/10015380_MQ_72dpi_front.png\",\"datePublished\":\"2024-01-25T06:24:36+00:00\",\"breadcrumb\":{\"@id\":\"https:\\\/\\\/greenlink.technology\\\/pt-pt\\\/produkt\\\/enwitec-distribuidor-ac-3ac-400-tns-2-nh000-x-x-pes-1-0-10015380\\\/#breadcrumb\"},\"inLanguage\":\"pt-PT\",\"potentialAction\":[{\"@type\":\"ReadAction\",\"target\":[\"https:\\\/\\\/greenlink.technology\\\/pt-pt\\\/produkt\\\/enwitec-distribuidor-ac-3ac-400-tns-2-nh000-x-x-pes-1-0-10015380\\\/\"]}]},{\"@type\":\"ImageObject\",\"inLanguage\":\"pt-PT\",\"@id\":\"https:\\\/\\\/greenlink.technology\\\/pt-pt\\\/produkt\\\/enwitec-distribuidor-ac-3ac-400-tns-2-nh000-x-x-pes-1-0-10015380\\\/#primaryimage\",\"url\":\"https:\\\/\\\/greenlink.technology\\\/wp-content\\\/uploads\\\/2025\\\/02\\\/10015380_MQ_72dpi_front.png\",\"contentUrl\":\"https:\\\/\\\/greenlink.technology\\\/wp-content\\\/uploads\\\/2025\\\/02\\\/10015380_MQ_72dpi_front.png\",\"width\":350,\"height\":350},{\"@type\":\"BreadcrumbList\",\"@id\":\"https:\\\/\\\/greenlink.technology\\\/pt-pt\\\/produkt\\\/enwitec-distribuidor-ac-3ac-400-tns-2-nh000-x-x-pes-1-0-10015380\\\/#breadcrumb\",\"itemListElement\":[{\"@type\":\"ListItem\",\"position\":1,\"name\":\"Startseite\",\"item\":\"https:\\\/\\\/enwitec.eu\\\/pt-pt\\\/\"},{\"@type\":\"ListItem\",\"position\":2,\"name\":\"Produtos\",\"item\":\"https:\\\/\\\/greenlink.technology\\\/pt-pt\\\/sobre-nos\\\/a-empresa\\\/enwitec\\\/produtos\\\/\"},{\"@type\":\"ListItem\",\"position\":3,\"name\":\"enwitec Distribuidor AC 3AC-400-TNS-2-NH000-X-X-PES-1.0 &#8211; 10015380\"}]},{\"@type\":\"WebSite\",\"@id\":\"https:\\\/\\\/enwitec.eu\\\/en\\\/#website\",\"url\":\"https:\\\/\\\/enwitec.eu\\\/en\\\/\",\"name\":\"greenLink orchestrating energy flows | enwitec electronic GmbH | LinQ Europe Sp. z o.o.\",\"description\":\"\",\"publisher\":{\"@id\":\"https:\\\/\\\/enwitec.eu\\\/en\\\/#organization\"},\"potentialAction\":[{\"@type\":\"SearchAction\",\"target\":{\"@type\":\"EntryPoint\",\"urlTemplate\":\"https:\\\/\\\/enwitec.eu\\\/en\\\/?s={search_term_string}\"},\"query-input\":{\"@type\":\"PropertyValueSpecification\",\"valueRequired\":true,\"valueName\":\"search_term_string\"}}],\"inLanguage\":\"pt-PT\"},{\"@type\":\"Organization\",\"@id\":\"https:\\\/\\\/enwitec.eu\\\/en\\\/#organization\",\"name\":\"greenLink orquestra\u00e7\u00e3o de fluxos de energia | enwitec electronic GmbH | LinQ Europe Sp. z o.o.\",\"url\":\"https:\\\/\\\/enwitec.eu\\\/en\\\/\",\"logo\":{\"@type\":\"ImageObject\",\"inLanguage\":\"pt-PT\",\"@id\":\"https:\\\/\\\/enwitec.eu\\\/en\\\/#\\\/schema\\\/logo\\\/image\\\/\",\"url\":\"https:\\\/\\\/greenlink.technology\\\/wp-content\\\/uploads\\\/2025\\\/01\\\/greenlink-logo-final.png\",\"contentUrl\":\"https:\\\/\\\/greenlink.technology\\\/wp-content\\\/uploads\\\/2025\\\/01\\\/greenlink-logo-final.png\",\"width\":2586,\"height\":629,\"caption\":\"greenLink orquestra\u00e7\u00e3o de fluxos de energia | enwitec electronic GmbH | LinQ Europe Sp. z o.o. \"},\"image\":{\"@id\":\"https:\\\/\\\/enwitec.eu\\\/en\\\/#\\\/schema\\\/logo\\\/image\\\/\"}}]}<\/script>\n<!-- \/ Yoast SEO plugin. -->","yoast_head_json":{"title":"enwitec Distribuidor AC 3AC-400-TNS-2-NH000-X-X-PES-1.0 - 10015380 - greenLink orchestrating energy flows | enwitec electronic GmbH | LinQ Europe Sp. z o.o.","robots":{"index":"index","follow":"follow","max-snippet":"max-snippet:-1","max-image-preview":"max-image-preview:large","max-video-preview":"max-video-preview:-1"},"canonical":"https:\/\/greenlink.technology\/pt-pt\/produkt\/enwitec-distribuidor-ac-3ac-400-tns-2-nh000-x-x-pes-1-0-10015380\/","og_locale":"pt_PT","og_type":"article","og_title":"enwitec Distribuidor AC 3AC-400-TNS-2-NH000-X-X-PES-1.0 - 10015380 - greenLink orchestrating energy flows | enwitec electronic GmbH | LinQ Europe Sp. z o.o.","og_description":"&nbsp;","og_url":"https:\/\/greenlink.technology\/pt-pt\/produkt\/enwitec-distribuidor-ac-3ac-400-tns-2-nh000-x-x-pes-1-0-10015380\/","og_site_name":"greenLink orchestrating energy flows | enwitec electronic GmbH | LinQ Europe Sp. z o.o.","og_image":[{"width":350,"height":350,"url":"https:\/\/greenlink.technology\/wp-content\/uploads\/2025\/02\/10015380_MQ_72dpi_front.png","type":"image\/png"}],"twitter_card":"summary_large_image","schema":{"@context":"https:\/\/schema.org","@graph":[{"@type":"WebPage","@id":"https:\/\/greenlink.technology\/pt-pt\/produkt\/enwitec-distribuidor-ac-3ac-400-tns-2-nh000-x-x-pes-1-0-10015380\/","url":"https:\/\/greenlink.technology\/pt-pt\/produkt\/enwitec-distribuidor-ac-3ac-400-tns-2-nh000-x-x-pes-1-0-10015380\/","name":"enwitec Distribuidor AC 3AC-400-TNS-2-NH000-X-X-PES-1.0 - 10015380 - greenLink orchestrating energy flows | enwitec electronic GmbH | LinQ Europe Sp. z o.o.","isPartOf":{"@id":"https:\/\/enwitec.eu\/en\/#website"},"primaryImageOfPage":{"@id":"https:\/\/greenlink.technology\/pt-pt\/produkt\/enwitec-distribuidor-ac-3ac-400-tns-2-nh000-x-x-pes-1-0-10015380\/#primaryimage"},"image":{"@id":"https:\/\/greenlink.technology\/pt-pt\/produkt\/enwitec-distribuidor-ac-3ac-400-tns-2-nh000-x-x-pes-1-0-10015380\/#primaryimage"},"thumbnailUrl":"https:\/\/greenlink.technology\/wp-content\/uploads\/2025\/02\/10015380_MQ_72dpi_front.png","datePublished":"2024-01-25T06:24:36+00:00","breadcrumb":{"@id":"https:\/\/greenlink.technology\/pt-pt\/produkt\/enwitec-distribuidor-ac-3ac-400-tns-2-nh000-x-x-pes-1-0-10015380\/#breadcrumb"},"inLanguage":"pt-PT","potentialAction":[{"@type":"ReadAction","target":["https:\/\/greenlink.technology\/pt-pt\/produkt\/enwitec-distribuidor-ac-3ac-400-tns-2-nh000-x-x-pes-1-0-10015380\/"]}]},{"@type":"ImageObject","inLanguage":"pt-PT","@id":"https:\/\/greenlink.technology\/pt-pt\/produkt\/enwitec-distribuidor-ac-3ac-400-tns-2-nh000-x-x-pes-1-0-10015380\/#primaryimage","url":"https:\/\/greenlink.technology\/wp-content\/uploads\/2025\/02\/10015380_MQ_72dpi_front.png","contentUrl":"https:\/\/greenlink.technology\/wp-content\/uploads\/2025\/02\/10015380_MQ_72dpi_front.png","width":350,"height":350},{"@type":"BreadcrumbList","@id":"https:\/\/greenlink.technology\/pt-pt\/produkt\/enwitec-distribuidor-ac-3ac-400-tns-2-nh000-x-x-pes-1-0-10015380\/#breadcrumb","itemListElement":[{"@type":"ListItem","position":1,"name":"Startseite","item":"https:\/\/enwitec.eu\/pt-pt\/"},{"@type":"ListItem","position":2,"name":"Produtos","item":"https:\/\/greenlink.technology\/pt-pt\/sobre-nos\/a-empresa\/enwitec\/produtos\/"},{"@type":"ListItem","position":3,"name":"enwitec Distribuidor AC 3AC-400-TNS-2-NH000-X-X-PES-1.0 &#8211; 10015380"}]},{"@type":"WebSite","@id":"https:\/\/enwitec.eu\/en\/#website","url":"https:\/\/enwitec.eu\/en\/","name":"greenLink orchestrating energy flows | enwitec electronic GmbH | LinQ Europe Sp. z o.o.","description":"","publisher":{"@id":"https:\/\/enwitec.eu\/en\/#organization"},"potentialAction":[{"@type":"SearchAction","target":{"@type":"EntryPoint","urlTemplate":"https:\/\/enwitec.eu\/en\/?s={search_term_string}"},"query-input":{"@type":"PropertyValueSpecification","valueRequired":true,"valueName":"search_term_string"}}],"inLanguage":"pt-PT"},{"@type":"Organization","@id":"https:\/\/enwitec.eu\/en\/#organization","name":"greenLink orquestra\u00e7\u00e3o de fluxos de energia | enwitec electronic GmbH | LinQ Europe Sp. z o.o.","url":"https:\/\/enwitec.eu\/en\/","logo":{"@type":"ImageObject","inLanguage":"pt-PT","@id":"https:\/\/enwitec.eu\/en\/#\/schema\/logo\/image\/","url":"https:\/\/greenlink.technology\/wp-content\/uploads\/2025\/01\/greenlink-logo-final.png","contentUrl":"https:\/\/greenlink.technology\/wp-content\/uploads\/2025\/01\/greenlink-logo-final.png","width":2586,"height":629,"caption":"greenLink orquestra\u00e7\u00e3o de fluxos de energia | enwitec electronic GmbH | LinQ Europe Sp. z o.o. "},"image":{"@id":"https:\/\/enwitec.eu\/en\/#\/schema\/logo\/image\/"}}]}},"_links":{"self":[{"href":"https:\/\/greenlink.technology\/pt-pt\/wp-json\/wp\/v2\/product\/10222","targetHints":{"allow":["GET"]}}],"collection":[{"href":"https:\/\/greenlink.technology\/pt-pt\/wp-json\/wp\/v2\/product"}],"about":[{"href":"https:\/\/greenlink.technology\/pt-pt\/wp-json\/wp\/v2\/types\/product"}],"replies":[{"embeddable":true,"href":"https:\/\/greenlink.technology\/pt-pt\/wp-json\/wp\/v2\/comments?post=10222"}],"wp:featuredmedia":[{"embeddable":true,"href":"https:\/\/greenlink.technology\/pt-pt\/wp-json\/wp\/v2\/media\/10223"}],"wp:attachment":[{"href":"https:\/\/greenlink.technology\/pt-pt\/wp-json\/wp\/v2\/media?parent=10222"}],"wp:term":[{"taxonomy":"anwendung","embeddable":true,"href":"https:\/\/greenlink.technology\/pt-pt\/wp-json\/wp\/v2\/anwendung?post=10222"},{"taxonomy":"product_brand","embeddable":true,"href":"https:\/\/greenlink.technology\/pt-pt\/wp-json\/wp\/v2\/product_brand?post=10222"},{"taxonomy":"product_cat","embeddable":true,"href":"https:\/\/greenlink.technology\/pt-pt\/wp-json\/wp\/v2\/product_cat?post=10222"},{"taxonomy":"product_tag","embeddable":true,"href":"https:\/\/greenlink.technology\/pt-pt\/wp-json\/wp\/v2\/product_tag?post=10222"}],"curies":[{"name":"wp","href":"https:\/\/api.w.org\/{rel}","templated":true}]}}