{"id":10843,"date":"2024-02-27T15:56:12","date_gmt":"2024-02-27T14:56:12","guid":{"rendered":"https:\/\/greenlink.technology\/produkt\/caixa-de-terminais-para-gerador-de-corrente-continua-enwitec-gak-enwitec-s-1000-1r-x-y-pc-1-0_mc4-10014798\/"},"modified":"2026-01-21T08:54:08","modified_gmt":"2026-01-21T07:54:08","slug":"caixa-de-terminais-para-gerador-de-corrente-continua-enwitec-gak-enwitec-s-1000-1r-x-y-pc-1-0_mc4-10014798","status":"publish","type":"product","link":"https:\/\/greenlink.technology\/pt-pt\/produkt\/caixa-de-terminais-para-gerador-de-corrente-continua-enwitec-gak-enwitec-s-1000-1r-x-y-pc-1-0_mc4-10014798\/","title":{"rendered":"Caixa de terminais para gerador de corrente cont\u00ednua enwitec GAK-enwitec-S-1000-1R-X-Y-PC-1.0_MC4 &#8211; 10014798"},"content":{"rendered":"<div class=\"system-stammdaten\">\n<h2\/>\n&nbsp;<\/p>\n<\/div>\n","protected":false},"excerpt":{"rendered":"<p>&nbsp;<\/p>\n","protected":false},"featured_media":10845,"comment_status":"closed","ping_status":"closed","template":"","meta":{"_acf_changed":false},"anwendung":[],"product_brand":[264],"product_cat":[553],"product_tag":[975,555,554],"class_list":{"0":"post-10843","1":"product","2":"type-product","3":"status-publish","4":"has-post-thumbnail","6":"product_brand-enwitec","7":"product_cat-caixa-de-ligacao-do-gerador","8":"product_tag-10014798-pt-pt","9":"product_tag-caixa-de-ligacao-do-gerador","10":"product_tag-gak-pt-pt","11":"pa_anschlussform-conector-mc4-pt-pt","12":"pa_mpp-tracker-1-pt-pt","13":"pa_strings-im-ausgang-pro-mpp-1-pt-pt","14":"pa_strings-im-eingang-pro-mpp-1-pt-pt","15":"pa_systemspannung--1000-vdc-pt-pt","16":"pa_trennschalter-nao","17":"pa_ueberspannungsschutz-tipo-2","19":"first","20":"instock","21":"shipping-taxable","22":"product-type-simple"},"acf":{"product_informations":"Caixas de jun\u00e7\u00e3o de geradores DC para aplica\u00e7\u00f5es privadas e comerciais em energia fotovoltaica.\n\nConsulta a folha de dados para obteres dados t\u00e9cnicos detalhados!\n\n<strong>Nota<\/strong>\nMatchcode: GAK-S-1000-1R-X-Y-PC-1.2_MC4","technical_data":"<div class=\"stammdaten-col\">\n<div class=\"line\">\n<p class=\"system-stammdaten-left\">N.\u00ba do artigo: 10014798\nMax. Umpp (Ue): 1000 VDC\nSeguidor MPP: 1\nStrings na entrada por MPP: 1\nStrings na sa\u00edda por MPP: 1\nFus\u00edvel de string: N\u00e3o\nProte\u00e7\u00e3o contra sobretens\u00e3o: Classe II\/C\nDesconector: N\u00e3o\nTipo de liga\u00e7\u00e3o: Ficha MC4\nCorrente nominal<sub>Isc<\/sub>: 32 ADC\nCorrente nominal<sub>Isc <\/sub>por string: 32 ADC\nDimens\u00f5es (LxAxP): 175 x 175 x 100 mm\nPeso total: 1,7 kg <\/p>\n\n<\/div>\n<\/div>","download":"<a href=\"https:\/\/greenlink.technology\/wp-content\/uploads\/2025\/12\/10014798-DE_DAT_GAK-S-1000-1R-X-Y-PC-1.2_MC4-a.pdf\" target=\"_blank\" rel=\"noopener\">Ficha t\u00e9cnica EN<\/a>\n<a href=\"https:\/\/greenlink.technology\/wp-content\/uploads\/2025\/12\/10014798-GB_DB_GAK-S-1000-1R-X-Y-PC-1.2_MC4-a.pdf\" target=\"_blank\" rel=\"noopener\">Ficha T\u00e9cnica<\/a>","product_short_description":"<strong>Tens\u00e3o do sistema:<\/strong> 1000 VDC\n<strong>MPP tracker:<\/strong> 1\n<strong>Strings na entrada por MPP:<\/strong> 1\n<strong>Strings na sa\u00edda por MPP: <\/strong>1\n<strong>Prote\u00e7\u00e3o contra sobretens\u00e3o:<\/strong> Classe II\/C\n<strong>Desconector: <\/strong>N\u00e3o\n<strong>Tipo de liga\u00e7\u00e3o:<\/strong> Ficha MC4","photo_gallery":{"galerie_produkte":[[]]}},"yoast_head":"<!-- This site is optimized with the Yoast SEO plugin v27.3 - https:\/\/yoast.com\/product\/yoast-seo-wordpress\/ -->\n<title>Caixa de terminais para gerador de corrente cont\u00ednua enwitec GAK-enwitec-S-1000-1R-X-Y-PC-1.0_MC4 - 10014798 - greenLink orchestrating energy flows | enwitec electronic GmbH | LinQ Europe Sp. z o.o.<\/title>\n<meta name=\"robots\" content=\"index, follow, max-snippet:-1, max-image-preview:large, max-video-preview:-1\" \/>\n<link rel=\"canonical\" href=\"https:\/\/greenlink.technology\/pt-pt\/produkt\/caixa-de-terminais-para-gerador-de-corrente-continua-enwitec-gak-enwitec-s-1000-1r-x-y-pc-1-0_mc4-10014798\/\" \/>\n<meta property=\"og:locale\" content=\"pt_PT\" \/>\n<meta property=\"og:type\" content=\"article\" \/>\n<meta property=\"og:title\" content=\"Caixa de terminais para gerador de corrente cont\u00ednua enwitec GAK-enwitec-S-1000-1R-X-Y-PC-1.0_MC4 - 10014798 - greenLink orchestrating energy flows | enwitec electronic GmbH | LinQ Europe Sp. z o.o.\" \/>\n<meta property=\"og:description\" content=\"&nbsp;\" \/>\n<meta property=\"og:url\" content=\"https:\/\/greenlink.technology\/pt-pt\/produkt\/caixa-de-terminais-para-gerador-de-corrente-continua-enwitec-gak-enwitec-s-1000-1r-x-y-pc-1-0_mc4-10014798\/\" \/>\n<meta property=\"og:site_name\" content=\"greenLink orchestrating energy flows | enwitec electronic GmbH | LinQ Europe Sp. z o.o.\" \/>\n<meta property=\"article:modified_time\" content=\"2026-01-21T07:54:08+00:00\" \/>\n<meta property=\"og:image\" content=\"https:\/\/enwitec.eu\/wp-content\/uploads\/2025\/02\/10014798_front.png\" \/>\n\t<meta property=\"og:image:width\" content=\"500\" \/>\n\t<meta property=\"og:image:height\" content=\"500\" \/>\n\t<meta property=\"og:image:type\" content=\"image\/png\" \/>\n<meta name=\"twitter:card\" content=\"summary_large_image\" \/>\n<script type=\"application\/ld+json\" class=\"yoast-schema-graph\">{\"@context\":\"https:\\\/\\\/schema.org\",\"@graph\":[{\"@type\":\"WebPage\",\"@id\":\"https:\\\/\\\/greenlink.technology\\\/pt-pt\\\/produkt\\\/caixa-de-terminais-para-gerador-de-corrente-continua-enwitec-gak-enwitec-s-1000-1r-x-y-pc-1-0_mc4-10014798\\\/\",\"url\":\"https:\\\/\\\/greenlink.technology\\\/pt-pt\\\/produkt\\\/caixa-de-terminais-para-gerador-de-corrente-continua-enwitec-gak-enwitec-s-1000-1r-x-y-pc-1-0_mc4-10014798\\\/\",\"name\":\"Caixa de terminais para gerador de corrente cont\u00ednua enwitec GAK-enwitec-S-1000-1R-X-Y-PC-1.0_MC4 - 10014798 - greenLink orchestrating energy flows | enwitec electronic GmbH | LinQ Europe Sp. z o.o.\",\"isPartOf\":{\"@id\":\"https:\\\/\\\/enwitec.eu\\\/en\\\/#website\"},\"primaryImageOfPage\":{\"@id\":\"https:\\\/\\\/greenlink.technology\\\/pt-pt\\\/produkt\\\/caixa-de-terminais-para-gerador-de-corrente-continua-enwitec-gak-enwitec-s-1000-1r-x-y-pc-1-0_mc4-10014798\\\/#primaryimage\"},\"image\":{\"@id\":\"https:\\\/\\\/greenlink.technology\\\/pt-pt\\\/produkt\\\/caixa-de-terminais-para-gerador-de-corrente-continua-enwitec-gak-enwitec-s-1000-1r-x-y-pc-1-0_mc4-10014798\\\/#primaryimage\"},\"thumbnailUrl\":\"https:\\\/\\\/greenlink.technology\\\/wp-content\\\/uploads\\\/2025\\\/02\\\/10014798_front.png\",\"datePublished\":\"2024-02-27T14:56:12+00:00\",\"dateModified\":\"2026-01-21T07:54:08+00:00\",\"breadcrumb\":{\"@id\":\"https:\\\/\\\/greenlink.technology\\\/pt-pt\\\/produkt\\\/caixa-de-terminais-para-gerador-de-corrente-continua-enwitec-gak-enwitec-s-1000-1r-x-y-pc-1-0_mc4-10014798\\\/#breadcrumb\"},\"inLanguage\":\"pt-PT\",\"potentialAction\":[{\"@type\":\"ReadAction\",\"target\":[\"https:\\\/\\\/greenlink.technology\\\/pt-pt\\\/produkt\\\/caixa-de-terminais-para-gerador-de-corrente-continua-enwitec-gak-enwitec-s-1000-1r-x-y-pc-1-0_mc4-10014798\\\/\"]}]},{\"@type\":\"ImageObject\",\"inLanguage\":\"pt-PT\",\"@id\":\"https:\\\/\\\/greenlink.technology\\\/pt-pt\\\/produkt\\\/caixa-de-terminais-para-gerador-de-corrente-continua-enwitec-gak-enwitec-s-1000-1r-x-y-pc-1-0_mc4-10014798\\\/#primaryimage\",\"url\":\"https:\\\/\\\/greenlink.technology\\\/wp-content\\\/uploads\\\/2025\\\/02\\\/10014798_front.png\",\"contentUrl\":\"https:\\\/\\\/greenlink.technology\\\/wp-content\\\/uploads\\\/2025\\\/02\\\/10014798_front.png\",\"width\":500,\"height\":500},{\"@type\":\"BreadcrumbList\",\"@id\":\"https:\\\/\\\/greenlink.technology\\\/pt-pt\\\/produkt\\\/caixa-de-terminais-para-gerador-de-corrente-continua-enwitec-gak-enwitec-s-1000-1r-x-y-pc-1-0_mc4-10014798\\\/#breadcrumb\",\"itemListElement\":[{\"@type\":\"ListItem\",\"position\":1,\"name\":\"Startseite\",\"item\":\"https:\\\/\\\/enwitec.eu\\\/pt-pt\\\/\"},{\"@type\":\"ListItem\",\"position\":2,\"name\":\"Produtos\",\"item\":\"https:\\\/\\\/greenlink.technology\\\/pt-pt\\\/sobre-nos\\\/a-empresa\\\/enwitec\\\/produtos\\\/\"},{\"@type\":\"ListItem\",\"position\":3,\"name\":\"Caixa de terminais para gerador de corrente cont\u00ednua enwitec GAK-enwitec-S-1000-1R-X-Y-PC-1.0_MC4 &#8211; 10014798\"}]},{\"@type\":\"WebSite\",\"@id\":\"https:\\\/\\\/enwitec.eu\\\/en\\\/#website\",\"url\":\"https:\\\/\\\/enwitec.eu\\\/en\\\/\",\"name\":\"greenLink orchestrating energy flows | enwitec electronic GmbH | LinQ Europe Sp. z o.o.\",\"description\":\"\",\"publisher\":{\"@id\":\"https:\\\/\\\/enwitec.eu\\\/en\\\/#organization\"},\"potentialAction\":[{\"@type\":\"SearchAction\",\"target\":{\"@type\":\"EntryPoint\",\"urlTemplate\":\"https:\\\/\\\/enwitec.eu\\\/en\\\/?s={search_term_string}\"},\"query-input\":{\"@type\":\"PropertyValueSpecification\",\"valueRequired\":true,\"valueName\":\"search_term_string\"}}],\"inLanguage\":\"pt-PT\"},{\"@type\":\"Organization\",\"@id\":\"https:\\\/\\\/enwitec.eu\\\/en\\\/#organization\",\"name\":\"greenLink orquestra\u00e7\u00e3o de fluxos de energia | enwitec electronic GmbH | LinQ Europe Sp. z o.o.\",\"url\":\"https:\\\/\\\/enwitec.eu\\\/en\\\/\",\"logo\":{\"@type\":\"ImageObject\",\"inLanguage\":\"pt-PT\",\"@id\":\"https:\\\/\\\/enwitec.eu\\\/en\\\/#\\\/schema\\\/logo\\\/image\\\/\",\"url\":\"https:\\\/\\\/greenlink.technology\\\/wp-content\\\/uploads\\\/2025\\\/01\\\/greenlink-logo-final.png\",\"contentUrl\":\"https:\\\/\\\/greenlink.technology\\\/wp-content\\\/uploads\\\/2025\\\/01\\\/greenlink-logo-final.png\",\"width\":2586,\"height\":629,\"caption\":\"greenLink orquestra\u00e7\u00e3o de fluxos de energia | enwitec electronic GmbH | LinQ Europe Sp. z o.o. \"},\"image\":{\"@id\":\"https:\\\/\\\/enwitec.eu\\\/en\\\/#\\\/schema\\\/logo\\\/image\\\/\"}}]}<\/script>\n<!-- \/ Yoast SEO plugin. -->","yoast_head_json":{"title":"Caixa de terminais para gerador de corrente cont\u00ednua enwitec GAK-enwitec-S-1000-1R-X-Y-PC-1.0_MC4 - 10014798 - greenLink orchestrating energy flows | enwitec electronic GmbH | LinQ Europe Sp. z o.o.","robots":{"index":"index","follow":"follow","max-snippet":"max-snippet:-1","max-image-preview":"max-image-preview:large","max-video-preview":"max-video-preview:-1"},"canonical":"https:\/\/greenlink.technology\/pt-pt\/produkt\/caixa-de-terminais-para-gerador-de-corrente-continua-enwitec-gak-enwitec-s-1000-1r-x-y-pc-1-0_mc4-10014798\/","og_locale":"pt_PT","og_type":"article","og_title":"Caixa de terminais para gerador de corrente cont\u00ednua enwitec GAK-enwitec-S-1000-1R-X-Y-PC-1.0_MC4 - 10014798 - greenLink orchestrating energy flows | enwitec electronic GmbH | LinQ Europe Sp. z o.o.","og_description":"&nbsp;","og_url":"https:\/\/greenlink.technology\/pt-pt\/produkt\/caixa-de-terminais-para-gerador-de-corrente-continua-enwitec-gak-enwitec-s-1000-1r-x-y-pc-1-0_mc4-10014798\/","og_site_name":"greenLink orchestrating energy flows | enwitec electronic GmbH | LinQ Europe Sp. z o.o.","article_modified_time":"2026-01-21T07:54:08+00:00","og_image":[{"width":500,"height":500,"url":"https:\/\/enwitec.eu\/wp-content\/uploads\/2025\/02\/10014798_front.png","type":"image\/png"}],"twitter_card":"summary_large_image","schema":{"@context":"https:\/\/schema.org","@graph":[{"@type":"WebPage","@id":"https:\/\/greenlink.technology\/pt-pt\/produkt\/caixa-de-terminais-para-gerador-de-corrente-continua-enwitec-gak-enwitec-s-1000-1r-x-y-pc-1-0_mc4-10014798\/","url":"https:\/\/greenlink.technology\/pt-pt\/produkt\/caixa-de-terminais-para-gerador-de-corrente-continua-enwitec-gak-enwitec-s-1000-1r-x-y-pc-1-0_mc4-10014798\/","name":"Caixa de terminais para gerador de corrente cont\u00ednua enwitec GAK-enwitec-S-1000-1R-X-Y-PC-1.0_MC4 - 10014798 - greenLink orchestrating energy flows | enwitec electronic GmbH | LinQ Europe Sp. z o.o.","isPartOf":{"@id":"https:\/\/enwitec.eu\/en\/#website"},"primaryImageOfPage":{"@id":"https:\/\/greenlink.technology\/pt-pt\/produkt\/caixa-de-terminais-para-gerador-de-corrente-continua-enwitec-gak-enwitec-s-1000-1r-x-y-pc-1-0_mc4-10014798\/#primaryimage"},"image":{"@id":"https:\/\/greenlink.technology\/pt-pt\/produkt\/caixa-de-terminais-para-gerador-de-corrente-continua-enwitec-gak-enwitec-s-1000-1r-x-y-pc-1-0_mc4-10014798\/#primaryimage"},"thumbnailUrl":"https:\/\/greenlink.technology\/wp-content\/uploads\/2025\/02\/10014798_front.png","datePublished":"2024-02-27T14:56:12+00:00","dateModified":"2026-01-21T07:54:08+00:00","breadcrumb":{"@id":"https:\/\/greenlink.technology\/pt-pt\/produkt\/caixa-de-terminais-para-gerador-de-corrente-continua-enwitec-gak-enwitec-s-1000-1r-x-y-pc-1-0_mc4-10014798\/#breadcrumb"},"inLanguage":"pt-PT","potentialAction":[{"@type":"ReadAction","target":["https:\/\/greenlink.technology\/pt-pt\/produkt\/caixa-de-terminais-para-gerador-de-corrente-continua-enwitec-gak-enwitec-s-1000-1r-x-y-pc-1-0_mc4-10014798\/"]}]},{"@type":"ImageObject","inLanguage":"pt-PT","@id":"https:\/\/greenlink.technology\/pt-pt\/produkt\/caixa-de-terminais-para-gerador-de-corrente-continua-enwitec-gak-enwitec-s-1000-1r-x-y-pc-1-0_mc4-10014798\/#primaryimage","url":"https:\/\/greenlink.technology\/wp-content\/uploads\/2025\/02\/10014798_front.png","contentUrl":"https:\/\/greenlink.technology\/wp-content\/uploads\/2025\/02\/10014798_front.png","width":500,"height":500},{"@type":"BreadcrumbList","@id":"https:\/\/greenlink.technology\/pt-pt\/produkt\/caixa-de-terminais-para-gerador-de-corrente-continua-enwitec-gak-enwitec-s-1000-1r-x-y-pc-1-0_mc4-10014798\/#breadcrumb","itemListElement":[{"@type":"ListItem","position":1,"name":"Startseite","item":"https:\/\/enwitec.eu\/pt-pt\/"},{"@type":"ListItem","position":2,"name":"Produtos","item":"https:\/\/greenlink.technology\/pt-pt\/sobre-nos\/a-empresa\/enwitec\/produtos\/"},{"@type":"ListItem","position":3,"name":"Caixa de terminais para gerador de corrente cont\u00ednua enwitec GAK-enwitec-S-1000-1R-X-Y-PC-1.0_MC4 &#8211; 10014798"}]},{"@type":"WebSite","@id":"https:\/\/enwitec.eu\/en\/#website","url":"https:\/\/enwitec.eu\/en\/","name":"greenLink orchestrating energy flows | enwitec electronic GmbH | LinQ Europe Sp. z o.o.","description":"","publisher":{"@id":"https:\/\/enwitec.eu\/en\/#organization"},"potentialAction":[{"@type":"SearchAction","target":{"@type":"EntryPoint","urlTemplate":"https:\/\/enwitec.eu\/en\/?s={search_term_string}"},"query-input":{"@type":"PropertyValueSpecification","valueRequired":true,"valueName":"search_term_string"}}],"inLanguage":"pt-PT"},{"@type":"Organization","@id":"https:\/\/enwitec.eu\/en\/#organization","name":"greenLink orquestra\u00e7\u00e3o de fluxos de energia | enwitec electronic GmbH | LinQ Europe Sp. z o.o.","url":"https:\/\/enwitec.eu\/en\/","logo":{"@type":"ImageObject","inLanguage":"pt-PT","@id":"https:\/\/enwitec.eu\/en\/#\/schema\/logo\/image\/","url":"https:\/\/greenlink.technology\/wp-content\/uploads\/2025\/01\/greenlink-logo-final.png","contentUrl":"https:\/\/greenlink.technology\/wp-content\/uploads\/2025\/01\/greenlink-logo-final.png","width":2586,"height":629,"caption":"greenLink orquestra\u00e7\u00e3o de fluxos de energia | enwitec electronic GmbH | LinQ Europe Sp. z o.o. "},"image":{"@id":"https:\/\/enwitec.eu\/en\/#\/schema\/logo\/image\/"}}]}},"_links":{"self":[{"href":"https:\/\/greenlink.technology\/pt-pt\/wp-json\/wp\/v2\/product\/10843","targetHints":{"allow":["GET"]}}],"collection":[{"href":"https:\/\/greenlink.technology\/pt-pt\/wp-json\/wp\/v2\/product"}],"about":[{"href":"https:\/\/greenlink.technology\/pt-pt\/wp-json\/wp\/v2\/types\/product"}],"replies":[{"embeddable":true,"href":"https:\/\/greenlink.technology\/pt-pt\/wp-json\/wp\/v2\/comments?post=10843"}],"wp:featuredmedia":[{"embeddable":true,"href":"https:\/\/greenlink.technology\/pt-pt\/wp-json\/wp\/v2\/media\/10845"}],"wp:attachment":[{"href":"https:\/\/greenlink.technology\/pt-pt\/wp-json\/wp\/v2\/media?parent=10843"}],"wp:term":[{"taxonomy":"anwendung","embeddable":true,"href":"https:\/\/greenlink.technology\/pt-pt\/wp-json\/wp\/v2\/anwendung?post=10843"},{"taxonomy":"product_brand","embeddable":true,"href":"https:\/\/greenlink.technology\/pt-pt\/wp-json\/wp\/v2\/product_brand?post=10843"},{"taxonomy":"product_cat","embeddable":true,"href":"https:\/\/greenlink.technology\/pt-pt\/wp-json\/wp\/v2\/product_cat?post=10843"},{"taxonomy":"product_tag","embeddable":true,"href":"https:\/\/greenlink.technology\/pt-pt\/wp-json\/wp\/v2\/product_tag?post=10843"}],"curies":[{"name":"wp","href":"https:\/\/api.w.org\/{rel}","templated":true}]}}