{"id":10947,"date":"2024-02-26T13:05:05","date_gmt":"2024-02-26T12:05:05","guid":{"rendered":"https:\/\/greenlink.technology\/produkt\/interrutor-de-bombeiro-enwitec-santon-1000-6x2r-t50-bc-pes-1-0-10014008\/"},"modified":"2026-01-21T09:20:07","modified_gmt":"2026-01-21T08:20:07","slug":"interrutor-de-bombeiro-enwitec-santon-1000-6x2r-t50-bc-pes-1-0-10014008","status":"publish","type":"product","link":"https:\/\/greenlink.technology\/pt-pt\/produkt\/interrutor-de-bombeiro-enwitec-santon-1000-6x2r-t50-bc-pes-1-0-10014008\/","title":{"rendered":"interrutor de bombeiro enwitec Santon-1000-6x2R-T50-BC-PES-1.0 &#8211; 10014008"},"content":{"rendered":"","protected":false},"excerpt":{"rendered":"","protected":false},"featured_media":10949,"comment_status":"closed","ping_status":"closed","template":"","meta":{"_acf_changed":false},"anwendung":[],"product_brand":[264],"product_cat":[448],"product_tag":[1022,450,449,451],"class_list":{"0":"post-10947","1":"product","2":"type-product","3":"status-publish","4":"has-post-thumbnail","6":"product_brand-enwitec","7":"product_cat-interruptor-dos-bombeiros","8":"product_tag-10014008-pt-pt","9":"product_tag-fws-pt-pt","10":"product_tag-interruptor-dos-bombeiros","11":"product_tag-santon-pt-pt","12":"pa_anschlussform-ligacao-roscada","13":"pa_mpp-tracker-6-pt-pt","14":"pa_strings-im-ausgang-pro-mpp-2-pt-pt","15":"pa_strings-im-eingang-pro-mpp-2-pt-pt","16":"pa_systemspannung-vdc-1000-pt-pt","17":"pa_ueberspannungsschutz-tipo-12-pt-pt","19":"first","20":"instock","21":"shipping-taxable","22":"product-type-simple"},"acf":{"product_informations":"interrutor de bombeiro enwitec Santon-1000-6x2R-T50-BC-PES-1.0\n\nInterruptor de bombeiro da enwitec. A enwitec combina a tecnologia de conex\u00e3o convencional para sistemas fotovoltaicos com o seccionador PVSEC e, assim, oferece solu\u00e7\u00f5es personalizadas e livremente escalon\u00e1veis at\u00e9 a faixa de megawatts. Com ele, \u00e9 poss\u00edvel desenergizar os cabos CC instalados no edif\u00edcio.   \n\nC\u00f3digo de correspond\u00eancia: Santon-1000-6x2R-T50-BC-PES-1.0","technical_data":"<div class=\"stammdaten-col\">\n<div class=\"line\">\n<p class=\"system-stammdaten-left\">N\u00e3o tens de ler o artigo.: 10014008\nTens\u00e3o do sistema: 1000VDC\nMPP tracker: 6\nStrings de entrada por MPP: 2\nStrings de sa\u00edda por MPP: 2\nProte\u00e7\u00e3o contra sobretens\u00e3o: I + II\/BC\nTipo de liga\u00e7\u00e3o: Liga\u00e7\u00e3o de parafuso\nFus\u00edvel de string: N\u00e3o\nOp\u00e7\u00e3o de monitoriza\u00e7\u00e3o: contactos auxiliares NO do seccionador\nInterruptor de quebra de carga: Sim\nCaixa: Poli\u00e9ster GRP\nDimens\u00f5es (LxAxP): 500 x 600 x 230 mm<\/p>\n\n<\/div>\n<\/div>","download":"<a href=\"https:\/\/greenlink.technology\/wp-content\/uploads\/2025\/11\/10014008_DAT_Santon-1000-6x2R-T50-BC-PES-1.2-a.pdf\" target=\"_blank\" rel=\"noopener\">Folha de dados_PT<\/a>\n<a href=\"https:\/\/greenlink.technology\/wp-content\/uploads\/2025\/04\/10012986_allgemeine-Installationsanleitung_PV-RSS_DACH_DE_V1.1_2024_07_10.pdf\" target=\"_blank\" rel=\"noopener\">Instru\u00e7\u00f5es gerais de instala\u00e7\u00e3o<\/a>","product_short_description":"<strong>Tens\u00e3o do sistema VDC:<\/strong> 1000\n<strong>MPP tracker:<\/strong> 6\n<strong>Strings na entrada por MPP:<\/strong> 2\n<strong>Strings na sa\u00edda por MPP tracker:<\/strong> 2\n<strong>Prote\u00e7\u00e3o contra sobretens\u00e3o:<\/strong> Classe I+II\/BC\n<strong>Tipo de liga\u00e7\u00e3o:<\/strong> Liga\u00e7\u00e3o de parafuso","photo_gallery":{"galerie_produkte":[[]]}},"yoast_head":"<!-- This site is optimized with the Yoast SEO plugin v27.3 - https:\/\/yoast.com\/product\/yoast-seo-wordpress\/ -->\n<title>interrutor de bombeiro enwitec Santon-1000-6x2R-T50-BC-PES-1.0 - 10014008 - greenLink orchestrating energy flows | enwitec electronic GmbH | LinQ Europe Sp. z o.o.<\/title>\n<meta name=\"robots\" content=\"index, follow, max-snippet:-1, max-image-preview:large, max-video-preview:-1\" \/>\n<link rel=\"canonical\" href=\"https:\/\/greenlink.technology\/pt-pt\/produkt\/interrutor-de-bombeiro-enwitec-santon-1000-6x2r-t50-bc-pes-1-0-10014008\/\" \/>\n<meta property=\"og:locale\" content=\"pt_PT\" \/>\n<meta property=\"og:type\" content=\"article\" \/>\n<meta property=\"og:title\" content=\"interrutor de bombeiro enwitec Santon-1000-6x2R-T50-BC-PES-1.0 - 10014008 - greenLink orchestrating energy flows | enwitec electronic GmbH | LinQ Europe Sp. z o.o.\" \/>\n<meta property=\"og:url\" content=\"https:\/\/greenlink.technology\/pt-pt\/produkt\/interrutor-de-bombeiro-enwitec-santon-1000-6x2r-t50-bc-pes-1-0-10014008\/\" \/>\n<meta property=\"og:site_name\" content=\"greenLink orchestrating energy flows | enwitec electronic GmbH | LinQ Europe Sp. z o.o.\" \/>\n<meta property=\"article:modified_time\" content=\"2026-01-21T08:20:07+00:00\" \/>\n<meta property=\"og:image\" content=\"https:\/\/enwitec.eu\/wp-content\/uploads\/2025\/02\/10014008_front_offen.png\" \/>\n\t<meta property=\"og:image:width\" content=\"500\" \/>\n\t<meta property=\"og:image:height\" content=\"500\" \/>\n\t<meta property=\"og:image:type\" content=\"image\/png\" \/>\n<meta name=\"twitter:card\" content=\"summary_large_image\" \/>\n<script type=\"application\/ld+json\" class=\"yoast-schema-graph\">{\"@context\":\"https:\\\/\\\/schema.org\",\"@graph\":[{\"@type\":\"WebPage\",\"@id\":\"https:\\\/\\\/greenlink.technology\\\/pt-pt\\\/produkt\\\/interrutor-de-bombeiro-enwitec-santon-1000-6x2r-t50-bc-pes-1-0-10014008\\\/\",\"url\":\"https:\\\/\\\/greenlink.technology\\\/pt-pt\\\/produkt\\\/interrutor-de-bombeiro-enwitec-santon-1000-6x2r-t50-bc-pes-1-0-10014008\\\/\",\"name\":\"interrutor de bombeiro enwitec Santon-1000-6x2R-T50-BC-PES-1.0 - 10014008 - greenLink orchestrating energy flows | enwitec electronic GmbH | LinQ Europe Sp. z o.o.\",\"isPartOf\":{\"@id\":\"https:\\\/\\\/enwitec.eu\\\/en\\\/#website\"},\"primaryImageOfPage\":{\"@id\":\"https:\\\/\\\/greenlink.technology\\\/pt-pt\\\/produkt\\\/interrutor-de-bombeiro-enwitec-santon-1000-6x2r-t50-bc-pes-1-0-10014008\\\/#primaryimage\"},\"image\":{\"@id\":\"https:\\\/\\\/greenlink.technology\\\/pt-pt\\\/produkt\\\/interrutor-de-bombeiro-enwitec-santon-1000-6x2r-t50-bc-pes-1-0-10014008\\\/#primaryimage\"},\"thumbnailUrl\":\"https:\\\/\\\/greenlink.technology\\\/wp-content\\\/uploads\\\/2025\\\/02\\\/10014008_front_offen.png\",\"datePublished\":\"2024-02-26T12:05:05+00:00\",\"dateModified\":\"2026-01-21T08:20:07+00:00\",\"breadcrumb\":{\"@id\":\"https:\\\/\\\/greenlink.technology\\\/pt-pt\\\/produkt\\\/interrutor-de-bombeiro-enwitec-santon-1000-6x2r-t50-bc-pes-1-0-10014008\\\/#breadcrumb\"},\"inLanguage\":\"pt-PT\",\"potentialAction\":[{\"@type\":\"ReadAction\",\"target\":[\"https:\\\/\\\/greenlink.technology\\\/pt-pt\\\/produkt\\\/interrutor-de-bombeiro-enwitec-santon-1000-6x2r-t50-bc-pes-1-0-10014008\\\/\"]}]},{\"@type\":\"ImageObject\",\"inLanguage\":\"pt-PT\",\"@id\":\"https:\\\/\\\/greenlink.technology\\\/pt-pt\\\/produkt\\\/interrutor-de-bombeiro-enwitec-santon-1000-6x2r-t50-bc-pes-1-0-10014008\\\/#primaryimage\",\"url\":\"https:\\\/\\\/greenlink.technology\\\/wp-content\\\/uploads\\\/2025\\\/02\\\/10014008_front_offen.png\",\"contentUrl\":\"https:\\\/\\\/greenlink.technology\\\/wp-content\\\/uploads\\\/2025\\\/02\\\/10014008_front_offen.png\",\"width\":500,\"height\":500},{\"@type\":\"BreadcrumbList\",\"@id\":\"https:\\\/\\\/greenlink.technology\\\/pt-pt\\\/produkt\\\/interrutor-de-bombeiro-enwitec-santon-1000-6x2r-t50-bc-pes-1-0-10014008\\\/#breadcrumb\",\"itemListElement\":[{\"@type\":\"ListItem\",\"position\":1,\"name\":\"Startseite\",\"item\":\"https:\\\/\\\/enwitec.eu\\\/pt-pt\\\/\"},{\"@type\":\"ListItem\",\"position\":2,\"name\":\"Produtos\",\"item\":\"https:\\\/\\\/greenlink.technology\\\/pt-pt\\\/sobre-nos\\\/a-empresa\\\/enwitec\\\/produtos\\\/\"},{\"@type\":\"ListItem\",\"position\":3,\"name\":\"interrutor de bombeiro enwitec Santon-1000-6x2R-T50-BC-PES-1.0 &#8211; 10014008\"}]},{\"@type\":\"WebSite\",\"@id\":\"https:\\\/\\\/enwitec.eu\\\/en\\\/#website\",\"url\":\"https:\\\/\\\/enwitec.eu\\\/en\\\/\",\"name\":\"greenLink orchestrating energy flows | enwitec electronic GmbH | LinQ Europe Sp. z o.o.\",\"description\":\"\",\"publisher\":{\"@id\":\"https:\\\/\\\/enwitec.eu\\\/en\\\/#organization\"},\"potentialAction\":[{\"@type\":\"SearchAction\",\"target\":{\"@type\":\"EntryPoint\",\"urlTemplate\":\"https:\\\/\\\/enwitec.eu\\\/en\\\/?s={search_term_string}\"},\"query-input\":{\"@type\":\"PropertyValueSpecification\",\"valueRequired\":true,\"valueName\":\"search_term_string\"}}],\"inLanguage\":\"pt-PT\"},{\"@type\":\"Organization\",\"@id\":\"https:\\\/\\\/enwitec.eu\\\/en\\\/#organization\",\"name\":\"greenLink orquestra\u00e7\u00e3o de fluxos de energia | enwitec electronic GmbH | LinQ Europe Sp. z o.o.\",\"url\":\"https:\\\/\\\/enwitec.eu\\\/en\\\/\",\"logo\":{\"@type\":\"ImageObject\",\"inLanguage\":\"pt-PT\",\"@id\":\"https:\\\/\\\/enwitec.eu\\\/en\\\/#\\\/schema\\\/logo\\\/image\\\/\",\"url\":\"https:\\\/\\\/greenlink.technology\\\/wp-content\\\/uploads\\\/2025\\\/01\\\/greenlink-logo-final.png\",\"contentUrl\":\"https:\\\/\\\/greenlink.technology\\\/wp-content\\\/uploads\\\/2025\\\/01\\\/greenlink-logo-final.png\",\"width\":2586,\"height\":629,\"caption\":\"greenLink orquestra\u00e7\u00e3o de fluxos de energia | enwitec electronic GmbH | LinQ Europe Sp. z o.o. \"},\"image\":{\"@id\":\"https:\\\/\\\/enwitec.eu\\\/en\\\/#\\\/schema\\\/logo\\\/image\\\/\"}}]}<\/script>\n<!-- \/ Yoast SEO plugin. -->","yoast_head_json":{"title":"interrutor de bombeiro enwitec Santon-1000-6x2R-T50-BC-PES-1.0 - 10014008 - greenLink orchestrating energy flows | enwitec electronic GmbH | LinQ Europe Sp. z o.o.","robots":{"index":"index","follow":"follow","max-snippet":"max-snippet:-1","max-image-preview":"max-image-preview:large","max-video-preview":"max-video-preview:-1"},"canonical":"https:\/\/greenlink.technology\/pt-pt\/produkt\/interrutor-de-bombeiro-enwitec-santon-1000-6x2r-t50-bc-pes-1-0-10014008\/","og_locale":"pt_PT","og_type":"article","og_title":"interrutor de bombeiro enwitec Santon-1000-6x2R-T50-BC-PES-1.0 - 10014008 - greenLink orchestrating energy flows | enwitec electronic GmbH | LinQ Europe Sp. z o.o.","og_url":"https:\/\/greenlink.technology\/pt-pt\/produkt\/interrutor-de-bombeiro-enwitec-santon-1000-6x2r-t50-bc-pes-1-0-10014008\/","og_site_name":"greenLink orchestrating energy flows | enwitec electronic GmbH | LinQ Europe Sp. z o.o.","article_modified_time":"2026-01-21T08:20:07+00:00","og_image":[{"width":500,"height":500,"url":"https:\/\/enwitec.eu\/wp-content\/uploads\/2025\/02\/10014008_front_offen.png","type":"image\/png"}],"twitter_card":"summary_large_image","schema":{"@context":"https:\/\/schema.org","@graph":[{"@type":"WebPage","@id":"https:\/\/greenlink.technology\/pt-pt\/produkt\/interrutor-de-bombeiro-enwitec-santon-1000-6x2r-t50-bc-pes-1-0-10014008\/","url":"https:\/\/greenlink.technology\/pt-pt\/produkt\/interrutor-de-bombeiro-enwitec-santon-1000-6x2r-t50-bc-pes-1-0-10014008\/","name":"interrutor de bombeiro enwitec Santon-1000-6x2R-T50-BC-PES-1.0 - 10014008 - greenLink orchestrating energy flows | enwitec electronic GmbH | LinQ Europe Sp. z o.o.","isPartOf":{"@id":"https:\/\/enwitec.eu\/en\/#website"},"primaryImageOfPage":{"@id":"https:\/\/greenlink.technology\/pt-pt\/produkt\/interrutor-de-bombeiro-enwitec-santon-1000-6x2r-t50-bc-pes-1-0-10014008\/#primaryimage"},"image":{"@id":"https:\/\/greenlink.technology\/pt-pt\/produkt\/interrutor-de-bombeiro-enwitec-santon-1000-6x2r-t50-bc-pes-1-0-10014008\/#primaryimage"},"thumbnailUrl":"https:\/\/greenlink.technology\/wp-content\/uploads\/2025\/02\/10014008_front_offen.png","datePublished":"2024-02-26T12:05:05+00:00","dateModified":"2026-01-21T08:20:07+00:00","breadcrumb":{"@id":"https:\/\/greenlink.technology\/pt-pt\/produkt\/interrutor-de-bombeiro-enwitec-santon-1000-6x2r-t50-bc-pes-1-0-10014008\/#breadcrumb"},"inLanguage":"pt-PT","potentialAction":[{"@type":"ReadAction","target":["https:\/\/greenlink.technology\/pt-pt\/produkt\/interrutor-de-bombeiro-enwitec-santon-1000-6x2r-t50-bc-pes-1-0-10014008\/"]}]},{"@type":"ImageObject","inLanguage":"pt-PT","@id":"https:\/\/greenlink.technology\/pt-pt\/produkt\/interrutor-de-bombeiro-enwitec-santon-1000-6x2r-t50-bc-pes-1-0-10014008\/#primaryimage","url":"https:\/\/greenlink.technology\/wp-content\/uploads\/2025\/02\/10014008_front_offen.png","contentUrl":"https:\/\/greenlink.technology\/wp-content\/uploads\/2025\/02\/10014008_front_offen.png","width":500,"height":500},{"@type":"BreadcrumbList","@id":"https:\/\/greenlink.technology\/pt-pt\/produkt\/interrutor-de-bombeiro-enwitec-santon-1000-6x2r-t50-bc-pes-1-0-10014008\/#breadcrumb","itemListElement":[{"@type":"ListItem","position":1,"name":"Startseite","item":"https:\/\/enwitec.eu\/pt-pt\/"},{"@type":"ListItem","position":2,"name":"Produtos","item":"https:\/\/greenlink.technology\/pt-pt\/sobre-nos\/a-empresa\/enwitec\/produtos\/"},{"@type":"ListItem","position":3,"name":"interrutor de bombeiro enwitec Santon-1000-6x2R-T50-BC-PES-1.0 &#8211; 10014008"}]},{"@type":"WebSite","@id":"https:\/\/enwitec.eu\/en\/#website","url":"https:\/\/enwitec.eu\/en\/","name":"greenLink orchestrating energy flows | enwitec electronic GmbH | LinQ Europe Sp. z o.o.","description":"","publisher":{"@id":"https:\/\/enwitec.eu\/en\/#organization"},"potentialAction":[{"@type":"SearchAction","target":{"@type":"EntryPoint","urlTemplate":"https:\/\/enwitec.eu\/en\/?s={search_term_string}"},"query-input":{"@type":"PropertyValueSpecification","valueRequired":true,"valueName":"search_term_string"}}],"inLanguage":"pt-PT"},{"@type":"Organization","@id":"https:\/\/enwitec.eu\/en\/#organization","name":"greenLink orquestra\u00e7\u00e3o de fluxos de energia | enwitec electronic GmbH | LinQ Europe Sp. z o.o.","url":"https:\/\/enwitec.eu\/en\/","logo":{"@type":"ImageObject","inLanguage":"pt-PT","@id":"https:\/\/enwitec.eu\/en\/#\/schema\/logo\/image\/","url":"https:\/\/greenlink.technology\/wp-content\/uploads\/2025\/01\/greenlink-logo-final.png","contentUrl":"https:\/\/greenlink.technology\/wp-content\/uploads\/2025\/01\/greenlink-logo-final.png","width":2586,"height":629,"caption":"greenLink orquestra\u00e7\u00e3o de fluxos de energia | enwitec electronic GmbH | LinQ Europe Sp. z o.o. "},"image":{"@id":"https:\/\/enwitec.eu\/en\/#\/schema\/logo\/image\/"}}]}},"_links":{"self":[{"href":"https:\/\/greenlink.technology\/pt-pt\/wp-json\/wp\/v2\/product\/10947","targetHints":{"allow":["GET"]}}],"collection":[{"href":"https:\/\/greenlink.technology\/pt-pt\/wp-json\/wp\/v2\/product"}],"about":[{"href":"https:\/\/greenlink.technology\/pt-pt\/wp-json\/wp\/v2\/types\/product"}],"replies":[{"embeddable":true,"href":"https:\/\/greenlink.technology\/pt-pt\/wp-json\/wp\/v2\/comments?post=10947"}],"wp:featuredmedia":[{"embeddable":true,"href":"https:\/\/greenlink.technology\/pt-pt\/wp-json\/wp\/v2\/media\/10949"}],"wp:attachment":[{"href":"https:\/\/greenlink.technology\/pt-pt\/wp-json\/wp\/v2\/media?parent=10947"}],"wp:term":[{"taxonomy":"anwendung","embeddable":true,"href":"https:\/\/greenlink.technology\/pt-pt\/wp-json\/wp\/v2\/anwendung?post=10947"},{"taxonomy":"product_brand","embeddable":true,"href":"https:\/\/greenlink.technology\/pt-pt\/wp-json\/wp\/v2\/product_brand?post=10947"},{"taxonomy":"product_cat","embeddable":true,"href":"https:\/\/greenlink.technology\/pt-pt\/wp-json\/wp\/v2\/product_cat?post=10947"},{"taxonomy":"product_tag","embeddable":true,"href":"https:\/\/greenlink.technology\/pt-pt\/wp-json\/wp\/v2\/product_tag?post=10947"}],"curies":[{"name":"wp","href":"https:\/\/api.w.org\/{rel}","templated":true}]}}