{"id":11006,"date":"2024-02-29T13:33:14","date_gmt":"2024-02-29T12:33:14","guid":{"rendered":"https:\/\/greenlink.technology\/produkt\/enwitec-protetor-de-alimentacao-de-grelha-e-protecao-fitossanitaria-414-kva-de-acordo-com-na-eea-ne7-ch2020-10016124\/"},"modified":"2024-02-29T13:33:14","modified_gmt":"2024-02-29T12:33:14","slug":"enwitec-protetor-de-alimentacao-de-grelha-e-protecao-fitossanitaria-414-kva-de-acordo-com-na-eea-ne7-ch2020-10016124","status":"publish","type":"product","link":"https:\/\/greenlink.technology\/pt-pt\/produkt\/enwitec-protetor-de-alimentacao-de-grelha-e-protecao-fitossanitaria-414-kva-de-acordo-com-na-eea-ne7-ch2020-10016124\/","title":{"rendered":"enwitec Protetor de alimenta\u00e7\u00e3o de grelha e prote\u00e7\u00e3o fitossanit\u00e1ria \u2013 41,4 kVA \u2013 de acordo com NA\/EEA-NE7 \u2013 CH2020 \u2013 10016124"},"content":{"rendered":"<div class=\"system-stammdaten\">\n<h2><\/h2>\n<p>&nbsp;<\/p>\n<\/div>\n","protected":false},"excerpt":{"rendered":"<p>&nbsp;<\/p>\n","protected":false},"featured_media":11007,"comment_status":"closed","ping_status":"closed","template":"","meta":{"_acf_changed":false},"anwendung":[],"product_brand":[264],"product_cat":[581],"product_tag":[1046,586,583,612],"class_list":{"0":"post-11006","1":"product","2":"type-product","3":"status-publish","4":"has-post-thumbnail","6":"product_brand-enwitec","7":"product_cat-protecao-da-rede-e-do-sistema","8":"product_tag-10016124-pt-pt","9":"product_tag-protecao-da-rede-e-do-sistema","10":"product_tag-protecao-na","11":"product_tag-protetor-de-alimentacao","12":"pa_laenderfreigabe-ch-pt-pt","13":"pa_leistung-30-86-kva-pt-pt","14":"pa_trennung-todo-polo","16":"first","17":"instock","18":"shipping-taxable","19":"product-type-simple"},"acf":{"product_informations":"Rede e prote\u00e7\u00e3o fitossanit\u00e1ria (NA) da enwitec. De acordo com a diretiva nacional, as centrais de produ\u00e7\u00e3o devem ser encerradas em caso de desvios de tens\u00e3o ou de frequ\u00eancia inadmiss\u00edveis na rede de baixa tens\u00e3o. Se os valores-limite admiss\u00edveis na regra de aplica\u00e7\u00e3o forem excedidos, a central de produ\u00e7\u00e3o \u00e9 automaticamente desligada da rede. Se a tens\u00e3o de rede ou a frequ\u00eancia da rede estiver de volta \u00e0 faixa permitida, o sistema ser\u00e1 automaticamente ligado novamente. Oferecemos produtos standard e solu\u00e7\u00f5es individuais, que se adaptam \u00e0s necessidades do respetivo sistema fotovoltaico.    \n\nEsta prote\u00e7\u00e3o de rede e sistema \u00e9 especialmente constru\u00edda para o mercado su\u00ed\u00e7o, de acordo com <strong>NA\/EEA-NE7 - CH2020<\/strong> .\n\n<strong>Observa\u00e7\u00e3o<\/strong>\nC\u00f3digo da correspond\u00eancia: feed-guard-NE7-PV-41,4KVA-TNS_TT_1.0","technical_data":"<div class=\"stammdaten-col\">\n<div class=\"line\">\n<p class=\"system-stammdaten-left\">Artigo n.\u00ba: 10016124\nTipo de rede: TT \/ TN-S\nPot\u00eancia: 41,4 kVA\nAprova\u00e7\u00e3o do pa\u00eds: NA\/EEA-NE7 - CH2020\nSepara\u00e7\u00e3o: all-pole\nBloco de terminal de desconex\u00e3o de teste: n\u00e3o\nEntradas: 1 x\nTerminais de entrada de rede: 10 - 50 \u00f8\nSa\u00eddas: 1 x\nTerminais de sa\u00edda: 10 - 50 \u00f8\nEntradas de cabo: Cabo grommet M75<\/p>\n\n<\/div>\n<\/div>","download":"<a href=\"https:\/\/greenlink.technology\/wp-content\/uploads\/2025\/04\/10016124_Datenblatt_feed-guard-NE7-PV-414KVA-TNS_TT_1.0_2024_03_13.pdf\" target=\"_blank\" rel=\"noopener\">Ficha t\u00e9cnica EN<\/a>\n<a href=\"https:\/\/greenlink.technology\/wp-content\/uploads\/2025\/04\/10018665_Installationsanleitung_NA-Schutz_DE_2023_10_25.pdf\" target=\"_blank\" rel=\"noopener\">Instala\u00e7\u00e3o<\/a>","product_short_description":"<strong>Lan\u00e7amento no pa\u00eds:<\/strong> NA\/EEA-NE7 - CH2020\n<strong>Pot\u00eancia:<\/strong> 41,4 kVA\n<strong>Separa\u00e7\u00e3o:<\/strong> all-pole\n<strong>Tipo de rede: <\/strong>TT \/ TN-S","photo_gallery":{"galerie_produkte":[[]]}},"yoast_head":"<!-- This site is optimized with the Yoast SEO plugin v27.3 - https:\/\/yoast.com\/product\/yoast-seo-wordpress\/ -->\n<title>enwitec Protetor de alimenta\u00e7\u00e3o de grelha e prote\u00e7\u00e3o fitossanit\u00e1ria \u2013 41,4 kVA \u2013 de acordo com NA\/EEA-NE7 \u2013 CH2020 \u2013 10016124 - greenLink orchestrating energy flows | enwitec electronic GmbH | LinQ Europe Sp. z o.o.<\/title>\n<meta name=\"robots\" content=\"index, follow, max-snippet:-1, max-image-preview:large, max-video-preview:-1\" \/>\n<link rel=\"canonical\" href=\"https:\/\/greenlink.technology\/pt-pt\/produkt\/enwitec-protetor-de-alimentacao-de-grelha-e-protecao-fitossanitaria-414-kva-de-acordo-com-na-eea-ne7-ch2020-10016124\/\" \/>\n<meta property=\"og:locale\" content=\"pt_PT\" \/>\n<meta property=\"og:type\" content=\"article\" \/>\n<meta property=\"og:title\" content=\"enwitec Protetor de alimenta\u00e7\u00e3o de grelha e prote\u00e7\u00e3o fitossanit\u00e1ria \u2013 41,4 kVA \u2013 de acordo com NA\/EEA-NE7 \u2013 CH2020 \u2013 10016124 - greenLink orchestrating energy flows | enwitec electronic GmbH | LinQ Europe Sp. z o.o.\" \/>\n<meta property=\"og:description\" content=\"&nbsp;\" \/>\n<meta property=\"og:url\" content=\"https:\/\/greenlink.technology\/pt-pt\/produkt\/enwitec-protetor-de-alimentacao-de-grelha-e-protecao-fitossanitaria-414-kva-de-acordo-com-na-eea-ne7-ch2020-10016124\/\" \/>\n<meta property=\"og:site_name\" content=\"greenLink orchestrating energy flows | enwitec electronic GmbH | LinQ Europe Sp. z o.o.\" \/>\n<meta property=\"og:image\" content=\"https:\/\/enwitec.eu\/wp-content\/uploads\/2025\/02\/10016124_front.png\" \/>\n\t<meta property=\"og:image:width\" content=\"500\" \/>\n\t<meta property=\"og:image:height\" content=\"500\" \/>\n\t<meta property=\"og:image:type\" content=\"image\/png\" \/>\n<meta name=\"twitter:card\" content=\"summary_large_image\" \/>\n<script type=\"application\/ld+json\" class=\"yoast-schema-graph\">{\"@context\":\"https:\\\/\\\/schema.org\",\"@graph\":[{\"@type\":\"WebPage\",\"@id\":\"https:\\\/\\\/greenlink.technology\\\/pt-pt\\\/produkt\\\/enwitec-protetor-de-alimentacao-de-grelha-e-protecao-fitossanitaria-414-kva-de-acordo-com-na-eea-ne7-ch2020-10016124\\\/\",\"url\":\"https:\\\/\\\/greenlink.technology\\\/pt-pt\\\/produkt\\\/enwitec-protetor-de-alimentacao-de-grelha-e-protecao-fitossanitaria-414-kva-de-acordo-com-na-eea-ne7-ch2020-10016124\\\/\",\"name\":\"enwitec Protetor de alimenta\u00e7\u00e3o de grelha e prote\u00e7\u00e3o fitossanit\u00e1ria \u2013 41,4 kVA \u2013 de acordo com NA\\\/EEA-NE7 \u2013 CH2020 \u2013 10016124 - greenLink orchestrating energy flows | enwitec electronic GmbH | LinQ Europe Sp. z o.o.\",\"isPartOf\":{\"@id\":\"https:\\\/\\\/enwitec.eu\\\/en\\\/#website\"},\"primaryImageOfPage\":{\"@id\":\"https:\\\/\\\/greenlink.technology\\\/pt-pt\\\/produkt\\\/enwitec-protetor-de-alimentacao-de-grelha-e-protecao-fitossanitaria-414-kva-de-acordo-com-na-eea-ne7-ch2020-10016124\\\/#primaryimage\"},\"image\":{\"@id\":\"https:\\\/\\\/greenlink.technology\\\/pt-pt\\\/produkt\\\/enwitec-protetor-de-alimentacao-de-grelha-e-protecao-fitossanitaria-414-kva-de-acordo-com-na-eea-ne7-ch2020-10016124\\\/#primaryimage\"},\"thumbnailUrl\":\"https:\\\/\\\/greenlink.technology\\\/wp-content\\\/uploads\\\/2025\\\/02\\\/10016124_front.png\",\"datePublished\":\"2024-02-29T12:33:14+00:00\",\"breadcrumb\":{\"@id\":\"https:\\\/\\\/greenlink.technology\\\/pt-pt\\\/produkt\\\/enwitec-protetor-de-alimentacao-de-grelha-e-protecao-fitossanitaria-414-kva-de-acordo-com-na-eea-ne7-ch2020-10016124\\\/#breadcrumb\"},\"inLanguage\":\"pt-PT\",\"potentialAction\":[{\"@type\":\"ReadAction\",\"target\":[\"https:\\\/\\\/greenlink.technology\\\/pt-pt\\\/produkt\\\/enwitec-protetor-de-alimentacao-de-grelha-e-protecao-fitossanitaria-414-kva-de-acordo-com-na-eea-ne7-ch2020-10016124\\\/\"]}]},{\"@type\":\"ImageObject\",\"inLanguage\":\"pt-PT\",\"@id\":\"https:\\\/\\\/greenlink.technology\\\/pt-pt\\\/produkt\\\/enwitec-protetor-de-alimentacao-de-grelha-e-protecao-fitossanitaria-414-kva-de-acordo-com-na-eea-ne7-ch2020-10016124\\\/#primaryimage\",\"url\":\"https:\\\/\\\/greenlink.technology\\\/wp-content\\\/uploads\\\/2025\\\/02\\\/10016124_front.png\",\"contentUrl\":\"https:\\\/\\\/greenlink.technology\\\/wp-content\\\/uploads\\\/2025\\\/02\\\/10016124_front.png\",\"width\":500,\"height\":500},{\"@type\":\"BreadcrumbList\",\"@id\":\"https:\\\/\\\/greenlink.technology\\\/pt-pt\\\/produkt\\\/enwitec-protetor-de-alimentacao-de-grelha-e-protecao-fitossanitaria-414-kva-de-acordo-com-na-eea-ne7-ch2020-10016124\\\/#breadcrumb\",\"itemListElement\":[{\"@type\":\"ListItem\",\"position\":1,\"name\":\"Startseite\",\"item\":\"https:\\\/\\\/enwitec.eu\\\/pt-pt\\\/\"},{\"@type\":\"ListItem\",\"position\":2,\"name\":\"Produtos\",\"item\":\"https:\\\/\\\/greenlink.technology\\\/pt-pt\\\/sobre-nos\\\/a-empresa\\\/enwitec\\\/produtos\\\/\"},{\"@type\":\"ListItem\",\"position\":3,\"name\":\"enwitec Protetor de alimenta\u00e7\u00e3o de grelha e prote\u00e7\u00e3o fitossanit\u00e1ria \u2013 41,4 kVA \u2013 de acordo com NA\\\/EEA-NE7 \u2013 CH2020 \u2013 10016124\"}]},{\"@type\":\"WebSite\",\"@id\":\"https:\\\/\\\/enwitec.eu\\\/en\\\/#website\",\"url\":\"https:\\\/\\\/enwitec.eu\\\/en\\\/\",\"name\":\"greenLink orchestrating energy flows | enwitec electronic GmbH | LinQ Europe Sp. z o.o.\",\"description\":\"\",\"publisher\":{\"@id\":\"https:\\\/\\\/enwitec.eu\\\/en\\\/#organization\"},\"potentialAction\":[{\"@type\":\"SearchAction\",\"target\":{\"@type\":\"EntryPoint\",\"urlTemplate\":\"https:\\\/\\\/enwitec.eu\\\/en\\\/?s={search_term_string}\"},\"query-input\":{\"@type\":\"PropertyValueSpecification\",\"valueRequired\":true,\"valueName\":\"search_term_string\"}}],\"inLanguage\":\"pt-PT\"},{\"@type\":\"Organization\",\"@id\":\"https:\\\/\\\/enwitec.eu\\\/en\\\/#organization\",\"name\":\"greenLink orquestra\u00e7\u00e3o de fluxos de energia | enwitec electronic GmbH | LinQ Europe Sp. z o.o.\",\"url\":\"https:\\\/\\\/enwitec.eu\\\/en\\\/\",\"logo\":{\"@type\":\"ImageObject\",\"inLanguage\":\"pt-PT\",\"@id\":\"https:\\\/\\\/enwitec.eu\\\/en\\\/#\\\/schema\\\/logo\\\/image\\\/\",\"url\":\"https:\\\/\\\/greenlink.technology\\\/wp-content\\\/uploads\\\/2025\\\/01\\\/greenlink-logo-final.png\",\"contentUrl\":\"https:\\\/\\\/greenlink.technology\\\/wp-content\\\/uploads\\\/2025\\\/01\\\/greenlink-logo-final.png\",\"width\":2586,\"height\":629,\"caption\":\"greenLink orquestra\u00e7\u00e3o de fluxos de energia | enwitec electronic GmbH | LinQ Europe Sp. z o.o. \"},\"image\":{\"@id\":\"https:\\\/\\\/enwitec.eu\\\/en\\\/#\\\/schema\\\/logo\\\/image\\\/\"}}]}<\/script>\n<!-- \/ Yoast SEO plugin. -->","yoast_head_json":{"title":"enwitec Protetor de alimenta\u00e7\u00e3o de grelha e prote\u00e7\u00e3o fitossanit\u00e1ria \u2013 41,4 kVA \u2013 de acordo com NA\/EEA-NE7 \u2013 CH2020 \u2013 10016124 - greenLink orchestrating energy flows | enwitec electronic GmbH | LinQ Europe Sp. z o.o.","robots":{"index":"index","follow":"follow","max-snippet":"max-snippet:-1","max-image-preview":"max-image-preview:large","max-video-preview":"max-video-preview:-1"},"canonical":"https:\/\/greenlink.technology\/pt-pt\/produkt\/enwitec-protetor-de-alimentacao-de-grelha-e-protecao-fitossanitaria-414-kva-de-acordo-com-na-eea-ne7-ch2020-10016124\/","og_locale":"pt_PT","og_type":"article","og_title":"enwitec Protetor de alimenta\u00e7\u00e3o de grelha e prote\u00e7\u00e3o fitossanit\u00e1ria \u2013 41,4 kVA \u2013 de acordo com NA\/EEA-NE7 \u2013 CH2020 \u2013 10016124 - greenLink orchestrating energy flows | enwitec electronic GmbH | LinQ Europe Sp. z o.o.","og_description":"&nbsp;","og_url":"https:\/\/greenlink.technology\/pt-pt\/produkt\/enwitec-protetor-de-alimentacao-de-grelha-e-protecao-fitossanitaria-414-kva-de-acordo-com-na-eea-ne7-ch2020-10016124\/","og_site_name":"greenLink orchestrating energy flows | enwitec electronic GmbH | LinQ Europe Sp. z o.o.","og_image":[{"width":500,"height":500,"url":"https:\/\/enwitec.eu\/wp-content\/uploads\/2025\/02\/10016124_front.png","type":"image\/png"}],"twitter_card":"summary_large_image","schema":{"@context":"https:\/\/schema.org","@graph":[{"@type":"WebPage","@id":"https:\/\/greenlink.technology\/pt-pt\/produkt\/enwitec-protetor-de-alimentacao-de-grelha-e-protecao-fitossanitaria-414-kva-de-acordo-com-na-eea-ne7-ch2020-10016124\/","url":"https:\/\/greenlink.technology\/pt-pt\/produkt\/enwitec-protetor-de-alimentacao-de-grelha-e-protecao-fitossanitaria-414-kva-de-acordo-com-na-eea-ne7-ch2020-10016124\/","name":"enwitec Protetor de alimenta\u00e7\u00e3o de grelha e prote\u00e7\u00e3o fitossanit\u00e1ria \u2013 41,4 kVA \u2013 de acordo com NA\/EEA-NE7 \u2013 CH2020 \u2013 10016124 - greenLink orchestrating energy flows | enwitec electronic GmbH | LinQ Europe Sp. z o.o.","isPartOf":{"@id":"https:\/\/enwitec.eu\/en\/#website"},"primaryImageOfPage":{"@id":"https:\/\/greenlink.technology\/pt-pt\/produkt\/enwitec-protetor-de-alimentacao-de-grelha-e-protecao-fitossanitaria-414-kva-de-acordo-com-na-eea-ne7-ch2020-10016124\/#primaryimage"},"image":{"@id":"https:\/\/greenlink.technology\/pt-pt\/produkt\/enwitec-protetor-de-alimentacao-de-grelha-e-protecao-fitossanitaria-414-kva-de-acordo-com-na-eea-ne7-ch2020-10016124\/#primaryimage"},"thumbnailUrl":"https:\/\/greenlink.technology\/wp-content\/uploads\/2025\/02\/10016124_front.png","datePublished":"2024-02-29T12:33:14+00:00","breadcrumb":{"@id":"https:\/\/greenlink.technology\/pt-pt\/produkt\/enwitec-protetor-de-alimentacao-de-grelha-e-protecao-fitossanitaria-414-kva-de-acordo-com-na-eea-ne7-ch2020-10016124\/#breadcrumb"},"inLanguage":"pt-PT","potentialAction":[{"@type":"ReadAction","target":["https:\/\/greenlink.technology\/pt-pt\/produkt\/enwitec-protetor-de-alimentacao-de-grelha-e-protecao-fitossanitaria-414-kva-de-acordo-com-na-eea-ne7-ch2020-10016124\/"]}]},{"@type":"ImageObject","inLanguage":"pt-PT","@id":"https:\/\/greenlink.technology\/pt-pt\/produkt\/enwitec-protetor-de-alimentacao-de-grelha-e-protecao-fitossanitaria-414-kva-de-acordo-com-na-eea-ne7-ch2020-10016124\/#primaryimage","url":"https:\/\/greenlink.technology\/wp-content\/uploads\/2025\/02\/10016124_front.png","contentUrl":"https:\/\/greenlink.technology\/wp-content\/uploads\/2025\/02\/10016124_front.png","width":500,"height":500},{"@type":"BreadcrumbList","@id":"https:\/\/greenlink.technology\/pt-pt\/produkt\/enwitec-protetor-de-alimentacao-de-grelha-e-protecao-fitossanitaria-414-kva-de-acordo-com-na-eea-ne7-ch2020-10016124\/#breadcrumb","itemListElement":[{"@type":"ListItem","position":1,"name":"Startseite","item":"https:\/\/enwitec.eu\/pt-pt\/"},{"@type":"ListItem","position":2,"name":"Produtos","item":"https:\/\/greenlink.technology\/pt-pt\/sobre-nos\/a-empresa\/enwitec\/produtos\/"},{"@type":"ListItem","position":3,"name":"enwitec Protetor de alimenta\u00e7\u00e3o de grelha e prote\u00e7\u00e3o fitossanit\u00e1ria \u2013 41,4 kVA \u2013 de acordo com NA\/EEA-NE7 \u2013 CH2020 \u2013 10016124"}]},{"@type":"WebSite","@id":"https:\/\/enwitec.eu\/en\/#website","url":"https:\/\/enwitec.eu\/en\/","name":"greenLink orchestrating energy flows | enwitec electronic GmbH | LinQ Europe Sp. z o.o.","description":"","publisher":{"@id":"https:\/\/enwitec.eu\/en\/#organization"},"potentialAction":[{"@type":"SearchAction","target":{"@type":"EntryPoint","urlTemplate":"https:\/\/enwitec.eu\/en\/?s={search_term_string}"},"query-input":{"@type":"PropertyValueSpecification","valueRequired":true,"valueName":"search_term_string"}}],"inLanguage":"pt-PT"},{"@type":"Organization","@id":"https:\/\/enwitec.eu\/en\/#organization","name":"greenLink orquestra\u00e7\u00e3o de fluxos de energia | enwitec electronic GmbH | LinQ Europe Sp. z o.o.","url":"https:\/\/enwitec.eu\/en\/","logo":{"@type":"ImageObject","inLanguage":"pt-PT","@id":"https:\/\/enwitec.eu\/en\/#\/schema\/logo\/image\/","url":"https:\/\/greenlink.technology\/wp-content\/uploads\/2025\/01\/greenlink-logo-final.png","contentUrl":"https:\/\/greenlink.technology\/wp-content\/uploads\/2025\/01\/greenlink-logo-final.png","width":2586,"height":629,"caption":"greenLink orquestra\u00e7\u00e3o de fluxos de energia | enwitec electronic GmbH | LinQ Europe Sp. z o.o. "},"image":{"@id":"https:\/\/enwitec.eu\/en\/#\/schema\/logo\/image\/"}}]}},"_links":{"self":[{"href":"https:\/\/greenlink.technology\/pt-pt\/wp-json\/wp\/v2\/product\/11006","targetHints":{"allow":["GET"]}}],"collection":[{"href":"https:\/\/greenlink.technology\/pt-pt\/wp-json\/wp\/v2\/product"}],"about":[{"href":"https:\/\/greenlink.technology\/pt-pt\/wp-json\/wp\/v2\/types\/product"}],"replies":[{"embeddable":true,"href":"https:\/\/greenlink.technology\/pt-pt\/wp-json\/wp\/v2\/comments?post=11006"}],"wp:featuredmedia":[{"embeddable":true,"href":"https:\/\/greenlink.technology\/pt-pt\/wp-json\/wp\/v2\/media\/11007"}],"wp:attachment":[{"href":"https:\/\/greenlink.technology\/pt-pt\/wp-json\/wp\/v2\/media?parent=11006"}],"wp:term":[{"taxonomy":"anwendung","embeddable":true,"href":"https:\/\/greenlink.technology\/pt-pt\/wp-json\/wp\/v2\/anwendung?post=11006"},{"taxonomy":"product_brand","embeddable":true,"href":"https:\/\/greenlink.technology\/pt-pt\/wp-json\/wp\/v2\/product_brand?post=11006"},{"taxonomy":"product_cat","embeddable":true,"href":"https:\/\/greenlink.technology\/pt-pt\/wp-json\/wp\/v2\/product_cat?post=11006"},{"taxonomy":"product_tag","embeddable":true,"href":"https:\/\/greenlink.technology\/pt-pt\/wp-json\/wp\/v2\/product_tag?post=11006"}],"curies":[{"name":"wp","href":"https:\/\/api.w.org\/{rel}","templated":true}]}}