{"id":11062,"date":"2024-02-29T10:50:36","date_gmt":"2024-02-29T09:50:36","guid":{"rendered":"https:\/\/greenlink.technology\/produkt\/enwitec-dc-gerador-caixa-de-juncao-gak-enwitec-s-1000-3x2r-x-y-pc-1-0-10014959\/"},"modified":"2024-02-29T10:50:36","modified_gmt":"2024-02-29T09:50:36","slug":"enwitec-dc-gerador-caixa-de-juncao-gak-enwitec-s-1000-3x2r-x-y-pc-1-0-10014959","status":"publish","type":"product","link":"https:\/\/greenlink.technology\/pt-pt\/produkt\/enwitec-dc-gerador-caixa-de-juncao-gak-enwitec-s-1000-3x2r-x-y-pc-1-0-10014959\/","title":{"rendered":"enwitec DC Gerador Caixa de Jun\u00e7\u00e3o GAK-enwitec-S-1000-3x2R-X-Y-PC-1.0 \u2013 10014959"},"content":{"rendered":"<div class=\"system-stammdaten\">\n<h2><\/h2>\n<p>&nbsp;<\/p>\n<\/div>\n","protected":false},"excerpt":{"rendered":"<p>&nbsp;<\/p>\n","protected":false},"featured_media":11063,"comment_status":"closed","ping_status":"closed","template":"","meta":{"_acf_changed":false},"anwendung":[],"product_brand":[264],"product_cat":[553],"product_tag":[1063,555,554],"class_list":{"0":"post-11062","1":"product","2":"type-product","3":"status-publish","4":"has-post-thumbnail","6":"product_brand-enwitec","7":"product_cat-caixa-de-ligacao-do-gerador","8":"product_tag-10014959-pt-pt","9":"product_tag-caixa-de-ligacao-do-gerador","10":"product_tag-gak-pt-pt","11":"pa_anschlussform-ligacao-roscada","12":"pa_mpp-tracker-3-pt-pt","13":"pa_strings-im-ausgang-pro-mpp-1-pt-pt","14":"pa_strings-im-eingang-pro-mpp-2-pt-pt","15":"pa_systemspannung--1000-vdc-pt-pt","16":"pa_trennschalter-nao","17":"pa_ueberspannungsschutz-tipo-2","19":"first","20":"instock","21":"shipping-taxable","22":"product-type-simple"},"acf":{"product_informations":"Caixas de jun\u00e7\u00e3o de geradores CC para aplica\u00e7\u00f5es residenciais e comerciais em energia fotovoltaica.\n\nPara obter dados t\u00e9cnicos detalhados, consulte a ficha t\u00e9cnica!\n\n<strong>Observa\u00e7\u00e3o<\/strong>\nC\u00f3digo da correspond\u00eancia: GAK-enwitec-S-1000-3x2R-X-Y-PC-1.0","technical_data":"<div class=\"stammdaten-col\">\n<div class=\"line\">\n<p class=\"system-stammdaten-left\">Artigo n.\u00ba: 10014959\nUmpp m\u00e1ximo (Ue): 1000 VDC\nMPP tracker: 3\nstrings na entrada por MPP: 2\nstrings na sa\u00edda por MPP: 1\nstring fus\u00edvel: N\u00e3o\nProte\u00e7\u00e3o contra surtos: Classe II\/C\nSeccionador: N\u00e3o\nTipo de conex\u00e3o: Conex\u00e3o\nde parafuso Corrente nominal I<sub>sc<\/sub>: 96 ADC\nCorrente nominal I<sub>sc <\/sub>por string: 16 ADC\nDimens\u00f5es (LxAxP): 361 x 254 x 111 mm\nPeso total: 4 kg <\/p>\n\n<\/div>\n<\/div>","download":"<a href=\"https:\/\/greenlink.technology\/wp-content\/uploads\/2025\/04\/10014959_Datenblatt_GAK-S-1000-3x2R-X-Y-PC-1.0_2024_02_22.pdf\" target=\"_blank\" rel=\"noopener\">Ficha t\u00e9cnica EN<\/a>","product_short_description":"<strong>Tens\u00e3o do sistema:<\/strong> 1000 VDC\n<strong>MPP Tracker:<\/strong> 3\n<strong>cordas de entrada por MPP:<\/strong> 2\n<strong>cordas de sa\u00edda por MPP: <\/strong>1\n<strong>Prote\u00e7\u00e3o contra surtos:<\/strong> Classe II\/C\n<strong>Seccionador <\/strong>: N\u00e3o\n<strong>Tipo de conex\u00e3o:<\/strong> Conex\u00e3o de parafuso","photo_gallery":{"galerie_produkte":[[]]}},"yoast_head":"<!-- This site is optimized with the Yoast SEO plugin v27.3 - https:\/\/yoast.com\/product\/yoast-seo-wordpress\/ -->\n<title>enwitec DC Gerador Caixa de Jun\u00e7\u00e3o GAK-enwitec-S-1000-3x2R-X-Y-PC-1.0 \u2013 10014959 - greenLink orchestrating energy flows | enwitec electronic GmbH | LinQ Europe Sp. z o.o.<\/title>\n<meta name=\"robots\" content=\"index, follow, max-snippet:-1, max-image-preview:large, max-video-preview:-1\" \/>\n<link rel=\"canonical\" href=\"https:\/\/greenlink.technology\/pt-pt\/produkt\/enwitec-dc-gerador-caixa-de-juncao-gak-enwitec-s-1000-3x2r-x-y-pc-1-0-10014959\/\" \/>\n<meta property=\"og:locale\" content=\"pt_PT\" \/>\n<meta property=\"og:type\" content=\"article\" \/>\n<meta property=\"og:title\" content=\"enwitec DC Gerador Caixa de Jun\u00e7\u00e3o GAK-enwitec-S-1000-3x2R-X-Y-PC-1.0 \u2013 10014959 - greenLink orchestrating energy flows | enwitec electronic GmbH | LinQ Europe Sp. z o.o.\" \/>\n<meta property=\"og:description\" content=\"&nbsp;\" \/>\n<meta property=\"og:url\" content=\"https:\/\/greenlink.technology\/pt-pt\/produkt\/enwitec-dc-gerador-caixa-de-juncao-gak-enwitec-s-1000-3x2r-x-y-pc-1-0-10014959\/\" \/>\n<meta property=\"og:site_name\" content=\"greenLink orchestrating energy flows | enwitec electronic GmbH | LinQ Europe Sp. z o.o.\" \/>\n<meta property=\"og:image\" content=\"https:\/\/enwitec.eu\/wp-content\/uploads\/2025\/02\/10014959_front.png\" \/>\n\t<meta property=\"og:image:width\" content=\"500\" \/>\n\t<meta property=\"og:image:height\" content=\"500\" \/>\n\t<meta property=\"og:image:type\" content=\"image\/png\" \/>\n<meta name=\"twitter:card\" content=\"summary_large_image\" \/>\n<script type=\"application\/ld+json\" class=\"yoast-schema-graph\">{\"@context\":\"https:\\\/\\\/schema.org\",\"@graph\":[{\"@type\":\"WebPage\",\"@id\":\"https:\\\/\\\/greenlink.technology\\\/pt-pt\\\/produkt\\\/enwitec-dc-gerador-caixa-de-juncao-gak-enwitec-s-1000-3x2r-x-y-pc-1-0-10014959\\\/\",\"url\":\"https:\\\/\\\/greenlink.technology\\\/pt-pt\\\/produkt\\\/enwitec-dc-gerador-caixa-de-juncao-gak-enwitec-s-1000-3x2r-x-y-pc-1-0-10014959\\\/\",\"name\":\"enwitec DC Gerador Caixa de Jun\u00e7\u00e3o GAK-enwitec-S-1000-3x2R-X-Y-PC-1.0 \u2013 10014959 - greenLink orchestrating energy flows | enwitec electronic GmbH | LinQ Europe Sp. z o.o.\",\"isPartOf\":{\"@id\":\"https:\\\/\\\/enwitec.eu\\\/en\\\/#website\"},\"primaryImageOfPage\":{\"@id\":\"https:\\\/\\\/greenlink.technology\\\/pt-pt\\\/produkt\\\/enwitec-dc-gerador-caixa-de-juncao-gak-enwitec-s-1000-3x2r-x-y-pc-1-0-10014959\\\/#primaryimage\"},\"image\":{\"@id\":\"https:\\\/\\\/greenlink.technology\\\/pt-pt\\\/produkt\\\/enwitec-dc-gerador-caixa-de-juncao-gak-enwitec-s-1000-3x2r-x-y-pc-1-0-10014959\\\/#primaryimage\"},\"thumbnailUrl\":\"https:\\\/\\\/greenlink.technology\\\/wp-content\\\/uploads\\\/2025\\\/02\\\/10014959_front.png\",\"datePublished\":\"2024-02-29T09:50:36+00:00\",\"breadcrumb\":{\"@id\":\"https:\\\/\\\/greenlink.technology\\\/pt-pt\\\/produkt\\\/enwitec-dc-gerador-caixa-de-juncao-gak-enwitec-s-1000-3x2r-x-y-pc-1-0-10014959\\\/#breadcrumb\"},\"inLanguage\":\"pt-PT\",\"potentialAction\":[{\"@type\":\"ReadAction\",\"target\":[\"https:\\\/\\\/greenlink.technology\\\/pt-pt\\\/produkt\\\/enwitec-dc-gerador-caixa-de-juncao-gak-enwitec-s-1000-3x2r-x-y-pc-1-0-10014959\\\/\"]}]},{\"@type\":\"ImageObject\",\"inLanguage\":\"pt-PT\",\"@id\":\"https:\\\/\\\/greenlink.technology\\\/pt-pt\\\/produkt\\\/enwitec-dc-gerador-caixa-de-juncao-gak-enwitec-s-1000-3x2r-x-y-pc-1-0-10014959\\\/#primaryimage\",\"url\":\"https:\\\/\\\/greenlink.technology\\\/wp-content\\\/uploads\\\/2025\\\/02\\\/10014959_front.png\",\"contentUrl\":\"https:\\\/\\\/greenlink.technology\\\/wp-content\\\/uploads\\\/2025\\\/02\\\/10014959_front.png\",\"width\":500,\"height\":500},{\"@type\":\"BreadcrumbList\",\"@id\":\"https:\\\/\\\/greenlink.technology\\\/pt-pt\\\/produkt\\\/enwitec-dc-gerador-caixa-de-juncao-gak-enwitec-s-1000-3x2r-x-y-pc-1-0-10014959\\\/#breadcrumb\",\"itemListElement\":[{\"@type\":\"ListItem\",\"position\":1,\"name\":\"Startseite\",\"item\":\"https:\\\/\\\/enwitec.eu\\\/pt-pt\\\/\"},{\"@type\":\"ListItem\",\"position\":2,\"name\":\"Produtos\",\"item\":\"https:\\\/\\\/greenlink.technology\\\/pt-pt\\\/sobre-nos\\\/a-empresa\\\/enwitec\\\/produtos\\\/\"},{\"@type\":\"ListItem\",\"position\":3,\"name\":\"enwitec DC Gerador Caixa de Jun\u00e7\u00e3o GAK-enwitec-S-1000-3x2R-X-Y-PC-1.0 \u2013 10014959\"}]},{\"@type\":\"WebSite\",\"@id\":\"https:\\\/\\\/enwitec.eu\\\/en\\\/#website\",\"url\":\"https:\\\/\\\/enwitec.eu\\\/en\\\/\",\"name\":\"greenLink orchestrating energy flows | enwitec electronic GmbH | LinQ Europe Sp. z o.o.\",\"description\":\"\",\"publisher\":{\"@id\":\"https:\\\/\\\/enwitec.eu\\\/en\\\/#organization\"},\"potentialAction\":[{\"@type\":\"SearchAction\",\"target\":{\"@type\":\"EntryPoint\",\"urlTemplate\":\"https:\\\/\\\/enwitec.eu\\\/en\\\/?s={search_term_string}\"},\"query-input\":{\"@type\":\"PropertyValueSpecification\",\"valueRequired\":true,\"valueName\":\"search_term_string\"}}],\"inLanguage\":\"pt-PT\"},{\"@type\":\"Organization\",\"@id\":\"https:\\\/\\\/enwitec.eu\\\/en\\\/#organization\",\"name\":\"greenLink orquestra\u00e7\u00e3o de fluxos de energia | enwitec electronic GmbH | LinQ Europe Sp. z o.o.\",\"url\":\"https:\\\/\\\/enwitec.eu\\\/en\\\/\",\"logo\":{\"@type\":\"ImageObject\",\"inLanguage\":\"pt-PT\",\"@id\":\"https:\\\/\\\/enwitec.eu\\\/en\\\/#\\\/schema\\\/logo\\\/image\\\/\",\"url\":\"https:\\\/\\\/greenlink.technology\\\/wp-content\\\/uploads\\\/2025\\\/01\\\/greenlink-logo-final.png\",\"contentUrl\":\"https:\\\/\\\/greenlink.technology\\\/wp-content\\\/uploads\\\/2025\\\/01\\\/greenlink-logo-final.png\",\"width\":2586,\"height\":629,\"caption\":\"greenLink orquestra\u00e7\u00e3o de fluxos de energia | enwitec electronic GmbH | LinQ Europe Sp. z o.o. \"},\"image\":{\"@id\":\"https:\\\/\\\/enwitec.eu\\\/en\\\/#\\\/schema\\\/logo\\\/image\\\/\"}}]}<\/script>\n<!-- \/ Yoast SEO plugin. -->","yoast_head_json":{"title":"enwitec DC Gerador Caixa de Jun\u00e7\u00e3o GAK-enwitec-S-1000-3x2R-X-Y-PC-1.0 \u2013 10014959 - greenLink orchestrating energy flows | enwitec electronic GmbH | LinQ Europe Sp. z o.o.","robots":{"index":"index","follow":"follow","max-snippet":"max-snippet:-1","max-image-preview":"max-image-preview:large","max-video-preview":"max-video-preview:-1"},"canonical":"https:\/\/greenlink.technology\/pt-pt\/produkt\/enwitec-dc-gerador-caixa-de-juncao-gak-enwitec-s-1000-3x2r-x-y-pc-1-0-10014959\/","og_locale":"pt_PT","og_type":"article","og_title":"enwitec DC Gerador Caixa de Jun\u00e7\u00e3o GAK-enwitec-S-1000-3x2R-X-Y-PC-1.0 \u2013 10014959 - greenLink orchestrating energy flows | enwitec electronic GmbH | LinQ Europe Sp. z o.o.","og_description":"&nbsp;","og_url":"https:\/\/greenlink.technology\/pt-pt\/produkt\/enwitec-dc-gerador-caixa-de-juncao-gak-enwitec-s-1000-3x2r-x-y-pc-1-0-10014959\/","og_site_name":"greenLink orchestrating energy flows | enwitec electronic GmbH | LinQ Europe Sp. z o.o.","og_image":[{"width":500,"height":500,"url":"https:\/\/enwitec.eu\/wp-content\/uploads\/2025\/02\/10014959_front.png","type":"image\/png"}],"twitter_card":"summary_large_image","schema":{"@context":"https:\/\/schema.org","@graph":[{"@type":"WebPage","@id":"https:\/\/greenlink.technology\/pt-pt\/produkt\/enwitec-dc-gerador-caixa-de-juncao-gak-enwitec-s-1000-3x2r-x-y-pc-1-0-10014959\/","url":"https:\/\/greenlink.technology\/pt-pt\/produkt\/enwitec-dc-gerador-caixa-de-juncao-gak-enwitec-s-1000-3x2r-x-y-pc-1-0-10014959\/","name":"enwitec DC Gerador Caixa de Jun\u00e7\u00e3o GAK-enwitec-S-1000-3x2R-X-Y-PC-1.0 \u2013 10014959 - greenLink orchestrating energy flows | enwitec electronic GmbH | LinQ Europe Sp. z o.o.","isPartOf":{"@id":"https:\/\/enwitec.eu\/en\/#website"},"primaryImageOfPage":{"@id":"https:\/\/greenlink.technology\/pt-pt\/produkt\/enwitec-dc-gerador-caixa-de-juncao-gak-enwitec-s-1000-3x2r-x-y-pc-1-0-10014959\/#primaryimage"},"image":{"@id":"https:\/\/greenlink.technology\/pt-pt\/produkt\/enwitec-dc-gerador-caixa-de-juncao-gak-enwitec-s-1000-3x2r-x-y-pc-1-0-10014959\/#primaryimage"},"thumbnailUrl":"https:\/\/greenlink.technology\/wp-content\/uploads\/2025\/02\/10014959_front.png","datePublished":"2024-02-29T09:50:36+00:00","breadcrumb":{"@id":"https:\/\/greenlink.technology\/pt-pt\/produkt\/enwitec-dc-gerador-caixa-de-juncao-gak-enwitec-s-1000-3x2r-x-y-pc-1-0-10014959\/#breadcrumb"},"inLanguage":"pt-PT","potentialAction":[{"@type":"ReadAction","target":["https:\/\/greenlink.technology\/pt-pt\/produkt\/enwitec-dc-gerador-caixa-de-juncao-gak-enwitec-s-1000-3x2r-x-y-pc-1-0-10014959\/"]}]},{"@type":"ImageObject","inLanguage":"pt-PT","@id":"https:\/\/greenlink.technology\/pt-pt\/produkt\/enwitec-dc-gerador-caixa-de-juncao-gak-enwitec-s-1000-3x2r-x-y-pc-1-0-10014959\/#primaryimage","url":"https:\/\/greenlink.technology\/wp-content\/uploads\/2025\/02\/10014959_front.png","contentUrl":"https:\/\/greenlink.technology\/wp-content\/uploads\/2025\/02\/10014959_front.png","width":500,"height":500},{"@type":"BreadcrumbList","@id":"https:\/\/greenlink.technology\/pt-pt\/produkt\/enwitec-dc-gerador-caixa-de-juncao-gak-enwitec-s-1000-3x2r-x-y-pc-1-0-10014959\/#breadcrumb","itemListElement":[{"@type":"ListItem","position":1,"name":"Startseite","item":"https:\/\/enwitec.eu\/pt-pt\/"},{"@type":"ListItem","position":2,"name":"Produtos","item":"https:\/\/greenlink.technology\/pt-pt\/sobre-nos\/a-empresa\/enwitec\/produtos\/"},{"@type":"ListItem","position":3,"name":"enwitec DC Gerador Caixa de Jun\u00e7\u00e3o GAK-enwitec-S-1000-3x2R-X-Y-PC-1.0 \u2013 10014959"}]},{"@type":"WebSite","@id":"https:\/\/enwitec.eu\/en\/#website","url":"https:\/\/enwitec.eu\/en\/","name":"greenLink orchestrating energy flows | enwitec electronic GmbH | LinQ Europe Sp. z o.o.","description":"","publisher":{"@id":"https:\/\/enwitec.eu\/en\/#organization"},"potentialAction":[{"@type":"SearchAction","target":{"@type":"EntryPoint","urlTemplate":"https:\/\/enwitec.eu\/en\/?s={search_term_string}"},"query-input":{"@type":"PropertyValueSpecification","valueRequired":true,"valueName":"search_term_string"}}],"inLanguage":"pt-PT"},{"@type":"Organization","@id":"https:\/\/enwitec.eu\/en\/#organization","name":"greenLink orquestra\u00e7\u00e3o de fluxos de energia | enwitec electronic GmbH | LinQ Europe Sp. z o.o.","url":"https:\/\/enwitec.eu\/en\/","logo":{"@type":"ImageObject","inLanguage":"pt-PT","@id":"https:\/\/enwitec.eu\/en\/#\/schema\/logo\/image\/","url":"https:\/\/greenlink.technology\/wp-content\/uploads\/2025\/01\/greenlink-logo-final.png","contentUrl":"https:\/\/greenlink.technology\/wp-content\/uploads\/2025\/01\/greenlink-logo-final.png","width":2586,"height":629,"caption":"greenLink orquestra\u00e7\u00e3o de fluxos de energia | enwitec electronic GmbH | LinQ Europe Sp. z o.o. "},"image":{"@id":"https:\/\/enwitec.eu\/en\/#\/schema\/logo\/image\/"}}]}},"_links":{"self":[{"href":"https:\/\/greenlink.technology\/pt-pt\/wp-json\/wp\/v2\/product\/11062","targetHints":{"allow":["GET"]}}],"collection":[{"href":"https:\/\/greenlink.technology\/pt-pt\/wp-json\/wp\/v2\/product"}],"about":[{"href":"https:\/\/greenlink.technology\/pt-pt\/wp-json\/wp\/v2\/types\/product"}],"replies":[{"embeddable":true,"href":"https:\/\/greenlink.technology\/pt-pt\/wp-json\/wp\/v2\/comments?post=11062"}],"wp:featuredmedia":[{"embeddable":true,"href":"https:\/\/greenlink.technology\/pt-pt\/wp-json\/wp\/v2\/media\/11063"}],"wp:attachment":[{"href":"https:\/\/greenlink.technology\/pt-pt\/wp-json\/wp\/v2\/media?parent=11062"}],"wp:term":[{"taxonomy":"anwendung","embeddable":true,"href":"https:\/\/greenlink.technology\/pt-pt\/wp-json\/wp\/v2\/anwendung?post=11062"},{"taxonomy":"product_brand","embeddable":true,"href":"https:\/\/greenlink.technology\/pt-pt\/wp-json\/wp\/v2\/product_brand?post=11062"},{"taxonomy":"product_cat","embeddable":true,"href":"https:\/\/greenlink.technology\/pt-pt\/wp-json\/wp\/v2\/product_cat?post=11062"},{"taxonomy":"product_tag","embeddable":true,"href":"https:\/\/greenlink.technology\/pt-pt\/wp-json\/wp\/v2\/product_tag?post=11062"}],"curies":[{"name":"wp","href":"https:\/\/api.w.org\/{rel}","templated":true}]}}