{"id":17189,"date":"2025-06-30T13:31:38","date_gmt":"2025-06-30T11:31:38","guid":{"rendered":"https:\/\/enwitec.eu\/?post_type=product&#038;p=17189"},"modified":"2025-09-15T11:16:29","modified_gmt":"2025-09-15T09:16:29","slug":"caixa-de-interruptores-de-rede-enwitec-power-backup-dual-eu-10019361-kopie","status":"publish","type":"product","link":"https:\/\/greenlink.technology\/pt-pt\/produkt\/caixa-de-interruptores-de-rede-enwitec-power-backup-dual-eu-10019361-kopie\/","title":{"rendered":"enwitec PowerBackup Brain &#8211; 10019625"},"content":{"rendered":"<div class=\"system-stammdaten\">\n<h2><\/h2>\n<p>&nbsp;<\/p>\n<\/div>\n","protected":false},"excerpt":{"rendered":"<p>&nbsp;<\/p>\n","protected":false},"featured_media":17209,"comment_status":"closed","ping_status":"closed","template":"","meta":{"_acf_changed":false},"anwendung":[],"product_brand":[264],"product_cat":[354],"product_tag":[1562,1563],"class_list":{"0":"post-17189","1":"product","2":"type-product","3":"status-publish","4":"has-post-thumbnail","6":"product_brand-enwitec","7":"product_cat-caixas-de-interruptores-de-rede-na-rede","8":"product_tag-1562","9":"product_tag-cerebro","10":"pa_laenderfreigabe-at-pt-pt","11":"pa_laenderfreigabe-be-pt-pt","12":"pa_laenderfreigabe-ch-pt-pt","13":"pa_laenderfreigabe-es-pt-pt","14":"pa_laenderfreigabe-fr-pt-pt","15":"pa_laenderfreigabe-it-pt-pt","16":"pa_laenderfreigabe-lu-pt-pt","17":"pa_laenderfreigabe-nl-pt-pt","18":"pa_laenderfreigabe-pt-pt-pt-2","19":"pa_laenderfreigabe-pt-pt-pt","20":"pa_max-durchgangsleistung-0-30-kw-pt-pt","21":"pa_nf-a-netzanschlusspunkt-tn-c-pt-pt","22":"pa_nf-a-netzanschlusspunkt-tn-s-pt-pt","23":"pa_nf-a-netzanschlusspunkt-tt-pt-pt","24":"pa_nf-i-d-verbraucheranlage-tn-s-pt-pt","25":"pa_nf-i-d-verbraucheranlage-tt-pt-pt","26":"pa_umschaltung-automatico-pt-pt","28":"first","29":"instock","30":"shipping-taxable","31":"product-type-simple"},"acf":{"product_informations":"A derradeira solu\u00e7\u00e3o de backup inteligente para os teus sistemas de energia.\n\nDescobre o PowerBackup Brain - a derradeira solu\u00e7\u00e3o de backup inteligente para os teus sistemas de energia! Esta solu\u00e7\u00e3o revolucion\u00e1ria de backup completo combina na perfei\u00e7\u00e3o um sistema integrado de gest\u00e3o de energia (EMS), que tamb\u00e9m utiliza IA, com compatibilidade universal para todos os inversores h\u00edbridos at\u00e9 30 kW. \n\nA nossa tecnologia EMS regista e analisa o consumo de energia, o fluxo de energia, os n\u00edveis de carga da bateria, os dados meteorol\u00f3gicos di\u00e1rios e as tarifas de eletricidade para maximizar a efici\u00eancia e a fiabilidade dos seus sistemas. Com fun\u00e7\u00f5es como reserva de energia de emerg\u00eancia adapt\u00e1vel, limita\u00e7\u00e3o de picos de carga e limita\u00e7\u00e3o de picos de produ\u00e7\u00e3o, o PowerBackup Brain estabelece novos padr\u00f5es na tecnologia dom\u00e9stica moderna.\nO sistema de controlo inteligente optimiza o com\u00e9rcio de energia e o conforto, fornece dados de previs\u00e3o aos operadores de rede e permite o ajuste din\u00e2mico da gest\u00e3o de energia. Al\u00e9m disso, beneficia de uma instala\u00e7\u00e3o simples sem a necessidade de uma convers\u00e3o demorada do sistema de distribui\u00e7\u00e3o do consumidor! Pronto para toda a UE, o PowerBackup Brain torna a tua casa preparada para o futuro e oferece a m\u00e1xima efici\u00eancia e seguran\u00e7a. Experimenta o futuro do fornecimento de energia com o PowerBackup Brain!    ","technical_data":"<table border=\"0\" cellspacing=\"0\" cellpadding=\"8\">\n<tbody>\n<tr>\n<th>Designa\u00e7\u00e3o<\/th>\n<th>Valor<\/th>\n<\/tr>\n<tr>\n<td>Artigo n.\u00ba.<\/td>\n<td>10019625<\/td>\n<\/tr>\n<tr>\n<td>Compat\u00edvel com<\/td>\n<td>Todos os inversores h\u00edbridos e de bateria com capacidade para funcionar fora da rede com duas liga\u00e7\u00f5es CA trif\u00e1sicas\nat\u00e9 30 KW<\/td>\n<\/tr>\n<tr>\n<td>Fases<\/td>\n<td>3 fases<\/td>\n<\/tr>\n<tr>\n<td>Desconex\u00e3o da rede el\u00e9ctrica<\/td>\n<td>Desconex\u00e3o de todos os p\u00f3los<\/td>\n<\/tr>\n<tr>\n<td>Rendimento t\u00e9rmico m\u00e1ximo <\/td>\n<td>30 kW<\/td>\n<\/tr>\n<tr>\n<td>C\u00f3digo do pa\u00eds<\/td>\n<td>UE<\/td>\n<\/tr>\n<tr>\n<td>Prote\u00e7\u00e3o NA<\/td>\n<td>n\u00e3o<\/td>\n<\/tr>\n<tr>\n<td>Comutador de origem<\/td>\n<td>n\u00e3o<\/td>\n<\/tr>\n<tr>\n<td>Tens\u00e3o nominal<\/td>\n<td>230\/400V<\/td>\n<\/tr>\n<tr>\n<td>Frequ\u00eancia nominal<\/td>\n<td>50\/60 Hz<\/td>\n<\/tr>\n<tr>\n<td>Corrente de curto-circuito<\/td>\n<td>10 kA<\/td>\n<\/tr>\n<tr>\n<td>Fus\u00edvel de reserva<\/td>\n<td>63 A<\/td>\n<\/tr>\n<tr>\n<td>Gama de temperaturas de funcionamento<\/td>\n<td>-5\u00b0C a +35\u00b0C<\/td>\n<\/tr>\n<tr>\n<td>Humidade do ar<\/td>\n<td>5% a 60%<\/td>\n<\/tr>\n<tr>\n<td>Classe de prote\u00e7\u00e3o<\/td>\n<td>II<\/td>\n<\/tr>\n<tr>\n<td>Dimens\u00f5es LxAxP<\/td>\n<td>600 x 800 x 300<\/td>\n<\/tr>\n<tr>\n<td>Peso<\/td>\n<td>23 kg<\/td>\n<\/tr>\n<tr>\n<td>Caixa<\/td>\n<td>Policarbonato<\/td>\n<\/tr>\n<\/tbody>\n<\/table>","download":"<a href=\"https:\/\/greenlink.technology\/wp-content\/uploads\/2025\/06\/10019625_Datenblatt_Power-Backup-Brain_DE_2025_04_30.pdf\" target=\"_blank\" rel=\"noopener\">Ficha de dados PT<\/a>\n<a href=\"https:\/\/greenlink.technology\/wp-content\/uploads\/2025\/06\/10019625_datasheet_Power-Backup-Brain_EN_2025_05_05.pdf\" target=\"_blank\" rel=\"noopener\">Ficha de dados PT<\/a>\n<a href=\"https:\/\/greenlink.technology\/wp-content\/uploads\/2025\/06\/10019625_Arkusz-danych_Power-Backup-Brain_PL_2025_05_20.pdf\" target=\"_blank\" rel=\"noopener\">Procura por um amigo<\/a>\n\n\u00a0","product_short_description":"<strong>Inversores:<\/strong> todos os inversores h\u00edbridos e de bateria fora da rede\n<strong>Pa\u00eds de lan\u00e7amento:<\/strong> UE\n<strong>d\u00e9bito t\u00e9rmico m\u00e1ximo : <\/strong>  30<span style=\"font-size: inherit;\"> kW<\/span>\n<strong>Comuta\u00e7\u00e3o: <\/strong>autom\u00e1tica\n<strong>Forma da grelha no ponto de liga\u00e7\u00e3o \u00e0 rede:<\/strong> TT, TN-S, TN-C\n<strong>Forma de grelha no sistema do consumidor:<\/strong> TT, TN-S","photo_gallery":{"galerie_produkte":[[]]}},"yoast_head":"<!-- This site is optimized with the Yoast SEO plugin v27.3 - https:\/\/yoast.com\/product\/yoast-seo-wordpress\/ -->\n<title>enwitec PowerBackup Brain - 10019625 - greenLink orchestrating energy flows | enwitec electronic GmbH | LinQ Europe Sp. z o.o.<\/title>\n<meta name=\"robots\" content=\"index, follow, max-snippet:-1, max-image-preview:large, max-video-preview:-1\" \/>\n<link rel=\"canonical\" href=\"https:\/\/greenlink.technology\/pt-pt\/produkt\/caixa-de-interruptores-de-rede-enwitec-power-backup-dual-eu-10019361-kopie\/\" \/>\n<meta property=\"og:locale\" content=\"pt_PT\" \/>\n<meta property=\"og:type\" content=\"article\" \/>\n<meta property=\"og:title\" content=\"enwitec PowerBackup Brain - 10019625 - greenLink orchestrating energy flows | enwitec electronic GmbH | LinQ Europe Sp. z o.o.\" \/>\n<meta property=\"og:description\" content=\"&nbsp;\" \/>\n<meta property=\"og:url\" content=\"https:\/\/greenlink.technology\/pt-pt\/produkt\/caixa-de-interruptores-de-rede-enwitec-power-backup-dual-eu-10019361-kopie\/\" \/>\n<meta property=\"og:site_name\" content=\"greenLink orchestrating energy flows | enwitec electronic GmbH | LinQ Europe Sp. z o.o.\" \/>\n<meta property=\"article:modified_time\" content=\"2025-09-15T09:16:29+00:00\" \/>\n<meta property=\"og:image\" content=\"https:\/\/enwitec.eu\/wp-content\/uploads\/2025\/06\/Brain3.png\" \/>\n\t<meta property=\"og:image:width\" content=\"500\" \/>\n\t<meta property=\"og:image:height\" content=\"500\" \/>\n\t<meta property=\"og:image:type\" content=\"image\/png\" \/>\n<meta name=\"twitter:card\" content=\"summary_large_image\" \/>\n<script type=\"application\/ld+json\" class=\"yoast-schema-graph\">{\"@context\":\"https:\\\/\\\/schema.org\",\"@graph\":[{\"@type\":\"WebPage\",\"@id\":\"https:\\\/\\\/greenlink.technology\\\/pt-pt\\\/produkt\\\/caixa-de-interruptores-de-rede-enwitec-power-backup-dual-eu-10019361-kopie\\\/\",\"url\":\"https:\\\/\\\/greenlink.technology\\\/pt-pt\\\/produkt\\\/caixa-de-interruptores-de-rede-enwitec-power-backup-dual-eu-10019361-kopie\\\/\",\"name\":\"enwitec PowerBackup Brain - 10019625 - greenLink orchestrating energy flows | enwitec electronic GmbH | LinQ Europe Sp. z o.o.\",\"isPartOf\":{\"@id\":\"https:\\\/\\\/enwitec.eu\\\/en\\\/#website\"},\"primaryImageOfPage\":{\"@id\":\"https:\\\/\\\/greenlink.technology\\\/pt-pt\\\/produkt\\\/caixa-de-interruptores-de-rede-enwitec-power-backup-dual-eu-10019361-kopie\\\/#primaryimage\"},\"image\":{\"@id\":\"https:\\\/\\\/greenlink.technology\\\/pt-pt\\\/produkt\\\/caixa-de-interruptores-de-rede-enwitec-power-backup-dual-eu-10019361-kopie\\\/#primaryimage\"},\"thumbnailUrl\":\"https:\\\/\\\/greenlink.technology\\\/wp-content\\\/uploads\\\/2025\\\/06\\\/Brain3.png\",\"datePublished\":\"2025-06-30T11:31:38+00:00\",\"dateModified\":\"2025-09-15T09:16:29+00:00\",\"breadcrumb\":{\"@id\":\"https:\\\/\\\/greenlink.technology\\\/pt-pt\\\/produkt\\\/caixa-de-interruptores-de-rede-enwitec-power-backup-dual-eu-10019361-kopie\\\/#breadcrumb\"},\"inLanguage\":\"pt-PT\",\"potentialAction\":[{\"@type\":\"ReadAction\",\"target\":[\"https:\\\/\\\/greenlink.technology\\\/pt-pt\\\/produkt\\\/caixa-de-interruptores-de-rede-enwitec-power-backup-dual-eu-10019361-kopie\\\/\"]}]},{\"@type\":\"ImageObject\",\"inLanguage\":\"pt-PT\",\"@id\":\"https:\\\/\\\/greenlink.technology\\\/pt-pt\\\/produkt\\\/caixa-de-interruptores-de-rede-enwitec-power-backup-dual-eu-10019361-kopie\\\/#primaryimage\",\"url\":\"https:\\\/\\\/greenlink.technology\\\/wp-content\\\/uploads\\\/2025\\\/06\\\/Brain3.png\",\"contentUrl\":\"https:\\\/\\\/greenlink.technology\\\/wp-content\\\/uploads\\\/2025\\\/06\\\/Brain3.png\",\"width\":500,\"height\":500},{\"@type\":\"BreadcrumbList\",\"@id\":\"https:\\\/\\\/greenlink.technology\\\/pt-pt\\\/produkt\\\/caixa-de-interruptores-de-rede-enwitec-power-backup-dual-eu-10019361-kopie\\\/#breadcrumb\",\"itemListElement\":[{\"@type\":\"ListItem\",\"position\":1,\"name\":\"Startseite\",\"item\":\"https:\\\/\\\/enwitec.eu\\\/pt-pt\\\/\"},{\"@type\":\"ListItem\",\"position\":2,\"name\":\"Produtos\",\"item\":\"https:\\\/\\\/greenlink.technology\\\/pt-pt\\\/sobre-nos\\\/a-empresa\\\/enwitec\\\/produtos\\\/\"},{\"@type\":\"ListItem\",\"position\":3,\"name\":\"enwitec PowerBackup Brain &#8211; 10019625\"}]},{\"@type\":\"WebSite\",\"@id\":\"https:\\\/\\\/enwitec.eu\\\/en\\\/#website\",\"url\":\"https:\\\/\\\/enwitec.eu\\\/en\\\/\",\"name\":\"greenLink orchestrating energy flows | enwitec electronic GmbH | LinQ Europe Sp. z o.o.\",\"description\":\"\",\"publisher\":{\"@id\":\"https:\\\/\\\/enwitec.eu\\\/en\\\/#organization\"},\"potentialAction\":[{\"@type\":\"SearchAction\",\"target\":{\"@type\":\"EntryPoint\",\"urlTemplate\":\"https:\\\/\\\/enwitec.eu\\\/en\\\/?s={search_term_string}\"},\"query-input\":{\"@type\":\"PropertyValueSpecification\",\"valueRequired\":true,\"valueName\":\"search_term_string\"}}],\"inLanguage\":\"pt-PT\"},{\"@type\":\"Organization\",\"@id\":\"https:\\\/\\\/enwitec.eu\\\/en\\\/#organization\",\"name\":\"greenLink orquestra\u00e7\u00e3o de fluxos de energia | enwitec electronic GmbH | LinQ Europe Sp. z o.o.\",\"url\":\"https:\\\/\\\/enwitec.eu\\\/en\\\/\",\"logo\":{\"@type\":\"ImageObject\",\"inLanguage\":\"pt-PT\",\"@id\":\"https:\\\/\\\/enwitec.eu\\\/en\\\/#\\\/schema\\\/logo\\\/image\\\/\",\"url\":\"https:\\\/\\\/greenlink.technology\\\/wp-content\\\/uploads\\\/2025\\\/01\\\/greenlink-logo-final.png\",\"contentUrl\":\"https:\\\/\\\/greenlink.technology\\\/wp-content\\\/uploads\\\/2025\\\/01\\\/greenlink-logo-final.png\",\"width\":2586,\"height\":629,\"caption\":\"greenLink orquestra\u00e7\u00e3o de fluxos de energia | enwitec electronic GmbH | LinQ Europe Sp. z o.o. \"},\"image\":{\"@id\":\"https:\\\/\\\/enwitec.eu\\\/en\\\/#\\\/schema\\\/logo\\\/image\\\/\"}}]}<\/script>\n<!-- \/ Yoast SEO plugin. -->","yoast_head_json":{"title":"enwitec PowerBackup Brain - 10019625 - greenLink orchestrating energy flows | enwitec electronic GmbH | LinQ Europe Sp. z o.o.","robots":{"index":"index","follow":"follow","max-snippet":"max-snippet:-1","max-image-preview":"max-image-preview:large","max-video-preview":"max-video-preview:-1"},"canonical":"https:\/\/greenlink.technology\/pt-pt\/produkt\/caixa-de-interruptores-de-rede-enwitec-power-backup-dual-eu-10019361-kopie\/","og_locale":"pt_PT","og_type":"article","og_title":"enwitec PowerBackup Brain - 10019625 - greenLink orchestrating energy flows | enwitec electronic GmbH | LinQ Europe Sp. z o.o.","og_description":"&nbsp;","og_url":"https:\/\/greenlink.technology\/pt-pt\/produkt\/caixa-de-interruptores-de-rede-enwitec-power-backup-dual-eu-10019361-kopie\/","og_site_name":"greenLink orchestrating energy flows | enwitec electronic GmbH | LinQ Europe Sp. z o.o.","article_modified_time":"2025-09-15T09:16:29+00:00","og_image":[{"width":500,"height":500,"url":"https:\/\/enwitec.eu\/wp-content\/uploads\/2025\/06\/Brain3.png","type":"image\/png"}],"twitter_card":"summary_large_image","schema":{"@context":"https:\/\/schema.org","@graph":[{"@type":"WebPage","@id":"https:\/\/greenlink.technology\/pt-pt\/produkt\/caixa-de-interruptores-de-rede-enwitec-power-backup-dual-eu-10019361-kopie\/","url":"https:\/\/greenlink.technology\/pt-pt\/produkt\/caixa-de-interruptores-de-rede-enwitec-power-backup-dual-eu-10019361-kopie\/","name":"enwitec PowerBackup Brain - 10019625 - greenLink orchestrating energy flows | enwitec electronic GmbH | LinQ Europe Sp. z o.o.","isPartOf":{"@id":"https:\/\/enwitec.eu\/en\/#website"},"primaryImageOfPage":{"@id":"https:\/\/greenlink.technology\/pt-pt\/produkt\/caixa-de-interruptores-de-rede-enwitec-power-backup-dual-eu-10019361-kopie\/#primaryimage"},"image":{"@id":"https:\/\/greenlink.technology\/pt-pt\/produkt\/caixa-de-interruptores-de-rede-enwitec-power-backup-dual-eu-10019361-kopie\/#primaryimage"},"thumbnailUrl":"https:\/\/greenlink.technology\/wp-content\/uploads\/2025\/06\/Brain3.png","datePublished":"2025-06-30T11:31:38+00:00","dateModified":"2025-09-15T09:16:29+00:00","breadcrumb":{"@id":"https:\/\/greenlink.technology\/pt-pt\/produkt\/caixa-de-interruptores-de-rede-enwitec-power-backup-dual-eu-10019361-kopie\/#breadcrumb"},"inLanguage":"pt-PT","potentialAction":[{"@type":"ReadAction","target":["https:\/\/greenlink.technology\/pt-pt\/produkt\/caixa-de-interruptores-de-rede-enwitec-power-backup-dual-eu-10019361-kopie\/"]}]},{"@type":"ImageObject","inLanguage":"pt-PT","@id":"https:\/\/greenlink.technology\/pt-pt\/produkt\/caixa-de-interruptores-de-rede-enwitec-power-backup-dual-eu-10019361-kopie\/#primaryimage","url":"https:\/\/greenlink.technology\/wp-content\/uploads\/2025\/06\/Brain3.png","contentUrl":"https:\/\/greenlink.technology\/wp-content\/uploads\/2025\/06\/Brain3.png","width":500,"height":500},{"@type":"BreadcrumbList","@id":"https:\/\/greenlink.technology\/pt-pt\/produkt\/caixa-de-interruptores-de-rede-enwitec-power-backup-dual-eu-10019361-kopie\/#breadcrumb","itemListElement":[{"@type":"ListItem","position":1,"name":"Startseite","item":"https:\/\/enwitec.eu\/pt-pt\/"},{"@type":"ListItem","position":2,"name":"Produtos","item":"https:\/\/greenlink.technology\/pt-pt\/sobre-nos\/a-empresa\/enwitec\/produtos\/"},{"@type":"ListItem","position":3,"name":"enwitec PowerBackup Brain &#8211; 10019625"}]},{"@type":"WebSite","@id":"https:\/\/enwitec.eu\/en\/#website","url":"https:\/\/enwitec.eu\/en\/","name":"greenLink orchestrating energy flows | enwitec electronic GmbH | LinQ Europe Sp. z o.o.","description":"","publisher":{"@id":"https:\/\/enwitec.eu\/en\/#organization"},"potentialAction":[{"@type":"SearchAction","target":{"@type":"EntryPoint","urlTemplate":"https:\/\/enwitec.eu\/en\/?s={search_term_string}"},"query-input":{"@type":"PropertyValueSpecification","valueRequired":true,"valueName":"search_term_string"}}],"inLanguage":"pt-PT"},{"@type":"Organization","@id":"https:\/\/enwitec.eu\/en\/#organization","name":"greenLink orquestra\u00e7\u00e3o de fluxos de energia | enwitec electronic GmbH | LinQ Europe Sp. z o.o.","url":"https:\/\/enwitec.eu\/en\/","logo":{"@type":"ImageObject","inLanguage":"pt-PT","@id":"https:\/\/enwitec.eu\/en\/#\/schema\/logo\/image\/","url":"https:\/\/greenlink.technology\/wp-content\/uploads\/2025\/01\/greenlink-logo-final.png","contentUrl":"https:\/\/greenlink.technology\/wp-content\/uploads\/2025\/01\/greenlink-logo-final.png","width":2586,"height":629,"caption":"greenLink orquestra\u00e7\u00e3o de fluxos de energia | enwitec electronic GmbH | LinQ Europe Sp. z o.o. "},"image":{"@id":"https:\/\/enwitec.eu\/en\/#\/schema\/logo\/image\/"}}]}},"_links":{"self":[{"href":"https:\/\/greenlink.technology\/pt-pt\/wp-json\/wp\/v2\/product\/17189","targetHints":{"allow":["GET"]}}],"collection":[{"href":"https:\/\/greenlink.technology\/pt-pt\/wp-json\/wp\/v2\/product"}],"about":[{"href":"https:\/\/greenlink.technology\/pt-pt\/wp-json\/wp\/v2\/types\/product"}],"replies":[{"embeddable":true,"href":"https:\/\/greenlink.technology\/pt-pt\/wp-json\/wp\/v2\/comments?post=17189"}],"wp:featuredmedia":[{"embeddable":true,"href":"https:\/\/greenlink.technology\/pt-pt\/wp-json\/wp\/v2\/media\/17209"}],"wp:attachment":[{"href":"https:\/\/greenlink.technology\/pt-pt\/wp-json\/wp\/v2\/media?parent=17189"}],"wp:term":[{"taxonomy":"anwendung","embeddable":true,"href":"https:\/\/greenlink.technology\/pt-pt\/wp-json\/wp\/v2\/anwendung?post=17189"},{"taxonomy":"product_brand","embeddable":true,"href":"https:\/\/greenlink.technology\/pt-pt\/wp-json\/wp\/v2\/product_brand?post=17189"},{"taxonomy":"product_cat","embeddable":true,"href":"https:\/\/greenlink.technology\/pt-pt\/wp-json\/wp\/v2\/product_cat?post=17189"},{"taxonomy":"product_tag","embeddable":true,"href":"https:\/\/greenlink.technology\/pt-pt\/wp-json\/wp\/v2\/product_tag?post=17189"}],"curies":[{"name":"wp","href":"https:\/\/api.w.org\/{rel}","templated":true}]}}