{"id":20821,"date":"2025-11-11T08:39:27","date_gmt":"2025-11-11T07:39:27","guid":{"rendered":"https:\/\/greenlink.technology\/produkt\/solarconnect-sun2000-10019337\/"},"modified":"2025-11-24T07:30:50","modified_gmt":"2025-11-24T06:30:50","slug":"solarconnect-sun2000-10019337","status":"publish","type":"product","link":"https:\/\/greenlink.technology\/pt-pt\/produkt\/solarconnect-sun2000-10019337\/","title":{"rendered":"Caixa de liga\u00e7\u00e3o do gerador de corrente cont\u00ednua Enwitec GAK 1500V M28 I01VRS O01VRS Sxxxx Xxxxx M- \u00dc12 SolarConnect SUN2000 10019937"},"content":{"rendered":"","protected":false},"excerpt":{"rendered":"","protected":false},"featured_media":0,"comment_status":"closed","ping_status":"closed","template":"","meta":{"_acf_changed":false},"anwendung":[],"product_brand":[],"product_cat":[553],"product_tag":[],"class_list":{"0":"post-20821","1":"product","2":"type-product","3":"status-publish","5":"product_cat-caixa-de-ligacao-do-gerador","7":"first","8":"instock","9":"shipping-taxable","10":"product-type-simple"},"acf":{"product_informations":"O SolarConnect SUN2000 \u00e9 o primeiro GAK com condu\u00e7\u00e3o 1:1 de 28 strings individuais e uma tens\u00e3o de sistema de 1.500VDC, destinado a operadores e instaladores de <strong>sistemas fotovoltaicos comerciais<\/strong>, <strong>instala\u00e7\u00f5es industriais<\/strong> e <strong>projectos de energia agr\u00edcola <\/strong>que exigem os mais elevados padr\u00f5es de seguran\u00e7a para liga\u00e7\u00f5es de prote\u00e7\u00e3o contra raios. \u00c9 uma solu\u00e7\u00e3o ideal para projectos exigentes de C&I e de servi\u00e7os p\u00fablicos em toda a Europa. \n\nOs sistemas fotovoltaicos s\u00e3o protegidos de forma fi\u00e1vel contra sobretens\u00f5es e o GAK recebe simultaneamente as fun\u00e7\u00f5es \u00fanicas de seguran\u00e7a e monitoriza\u00e7\u00e3o dos inversores Huawei SUN2000. Cada string fotovoltaica \u00e9 encaminhada individualmente e equipada com <strong>prote\u00e7\u00e3o contra sobretens\u00f5es de Tipo I\/II<\/strong> - perfeita para sistemas com uma liga\u00e7\u00e3o de prote\u00e7\u00e3o contra raios em que a pr\u00f3pria Huawei n\u00e3o oferece uma solu\u00e7\u00e3o de Tipo I. ","technical_data":"N.\u00ba do artigo: 10019937\nMax. Umpp (Ue): 1500 VDC\nMPP tracker: 28\nStrings na entrada por MPP: 1\nStrings na sa\u00edda por MPP: 1\nFus\u00edvel de string: n\u00e3o\nProte\u00e7\u00e3o contra sobretens\u00e3o: tipo I+II\nDesconector: n\u00e3o\nTipo de conex\u00e3o: conex\u00e3o a parafuso\nCorrente nominal InA: 476 ADC\nCorrente nominal Isc por string: 17 ADC\nDimens\u00f5es (LxAxP): 1000 x 800 x 300 mm\nPeso total: 40,5 kg ","download":"<a href=\"https:\/\/greenlink.technology\/wp-content\/uploads\/2025\/11\/10019937_DAT_GAK-1500V-M28-I01VRS-O01VRS-Sxxxx-Xxxxx-M-Ue12-a.pdf\" target=\"_blank\" rel=\"noopener\">Folha de dados em alem\u00e3o<\/a>\n<a href=\"https:\/\/greenlink.technology\/wp-content\/uploads\/2025\/11\/10019937_GB_DAT_GAK-1500V-M28-I01VRS-O01VRS-Sxxxx-Xxxxx-M-Ue12-a.pdf\" target=\"_blank\" rel=\"noopener\">Folha de dados em ingl\u00eas<\/a>","product_short_description":"<strong>Tens\u00e3o do sistema:<\/strong> 1500 VDC\n<strong>MPP tracker:<\/strong> 28\n<strong>Strings na entrada por MPP:<\/strong> 1\n<strong>Strings na sa\u00edda por MPP: <\/strong>1\n<strong>Prote\u00e7\u00e3o contra sobretens\u00e3o:<\/strong> Tipo I+II\n<strong>Desconector: <\/strong>N\u00e3o\n<strong>Tipo de liga\u00e7\u00e3o:<\/strong> Liga\u00e7\u00e3o de parafuso","photo_gallery":{"galerie_produkte":[[]]}},"yoast_head":"<!-- This site is optimized with the Yoast SEO plugin v27.3 - https:\/\/yoast.com\/product\/yoast-seo-wordpress\/ -->\n<title>Caixa de liga\u00e7\u00e3o do gerador de corrente cont\u00ednua Enwitec GAK 1500V M28 I01VRS O01VRS Sxxxx Xxxxx M- \u00dc12 SolarConnect SUN2000 10019937 - greenLink orchestrating energy flows | enwitec electronic GmbH | LinQ Europe Sp. z o.o.<\/title>\n<meta name=\"robots\" content=\"index, follow, max-snippet:-1, max-image-preview:large, max-video-preview:-1\" \/>\n<link rel=\"canonical\" href=\"https:\/\/greenlink.technology\/pt-pt\/produkt\/solarconnect-sun2000-10019337\/\" \/>\n<meta property=\"og:locale\" content=\"pt_PT\" \/>\n<meta property=\"og:type\" content=\"article\" \/>\n<meta property=\"og:title\" content=\"Caixa de liga\u00e7\u00e3o do gerador de corrente cont\u00ednua Enwitec GAK 1500V M28 I01VRS O01VRS Sxxxx Xxxxx M- \u00dc12 SolarConnect SUN2000 10019937 - greenLink orchestrating energy flows | enwitec electronic GmbH | LinQ Europe Sp. z o.o.\" \/>\n<meta property=\"og:url\" content=\"https:\/\/greenlink.technology\/pt-pt\/produkt\/solarconnect-sun2000-10019337\/\" \/>\n<meta property=\"og:site_name\" content=\"greenLink orchestrating energy flows | enwitec electronic GmbH | LinQ Europe Sp. z o.o.\" \/>\n<meta property=\"article:modified_time\" content=\"2025-11-24T06:30:50+00:00\" \/>\n<meta name=\"twitter:card\" content=\"summary_large_image\" \/>\n<script type=\"application\/ld+json\" class=\"yoast-schema-graph\">{\"@context\":\"https:\\\/\\\/schema.org\",\"@graph\":[{\"@type\":\"WebPage\",\"@id\":\"https:\\\/\\\/greenlink.technology\\\/pt-pt\\\/produkt\\\/solarconnect-sun2000-10019337\\\/\",\"url\":\"https:\\\/\\\/greenlink.technology\\\/pt-pt\\\/produkt\\\/solarconnect-sun2000-10019337\\\/\",\"name\":\"Caixa de liga\u00e7\u00e3o do gerador de corrente cont\u00ednua Enwitec GAK 1500V M28 I01VRS O01VRS Sxxxx Xxxxx M- \u00dc12 SolarConnect SUN2000 10019937 - greenLink orchestrating energy flows | enwitec electronic GmbH | LinQ Europe Sp. z o.o.\",\"isPartOf\":{\"@id\":\"https:\\\/\\\/enwitec.eu\\\/en\\\/#website\"},\"datePublished\":\"2025-11-11T07:39:27+00:00\",\"dateModified\":\"2025-11-24T06:30:50+00:00\",\"breadcrumb\":{\"@id\":\"https:\\\/\\\/greenlink.technology\\\/pt-pt\\\/produkt\\\/solarconnect-sun2000-10019337\\\/#breadcrumb\"},\"inLanguage\":\"pt-PT\",\"potentialAction\":[{\"@type\":\"ReadAction\",\"target\":[\"https:\\\/\\\/greenlink.technology\\\/pt-pt\\\/produkt\\\/solarconnect-sun2000-10019337\\\/\"]}]},{\"@type\":\"BreadcrumbList\",\"@id\":\"https:\\\/\\\/greenlink.technology\\\/pt-pt\\\/produkt\\\/solarconnect-sun2000-10019337\\\/#breadcrumb\",\"itemListElement\":[{\"@type\":\"ListItem\",\"position\":1,\"name\":\"Startseite\",\"item\":\"https:\\\/\\\/enwitec.eu\\\/pt-pt\\\/\"},{\"@type\":\"ListItem\",\"position\":2,\"name\":\"Produtos\",\"item\":\"https:\\\/\\\/greenlink.technology\\\/pt-pt\\\/sobre-nos\\\/a-empresa\\\/enwitec\\\/produtos\\\/\"},{\"@type\":\"ListItem\",\"position\":3,\"name\":\"Caixa de liga\u00e7\u00e3o do gerador de corrente cont\u00ednua Enwitec GAK 1500V M28 I01VRS O01VRS Sxxxx Xxxxx M- \u00dc12 SolarConnect SUN2000 10019937\"}]},{\"@type\":\"WebSite\",\"@id\":\"https:\\\/\\\/enwitec.eu\\\/en\\\/#website\",\"url\":\"https:\\\/\\\/enwitec.eu\\\/en\\\/\",\"name\":\"greenLink orchestrating energy flows | enwitec electronic GmbH | LinQ Europe Sp. z o.o.\",\"description\":\"\",\"publisher\":{\"@id\":\"https:\\\/\\\/enwitec.eu\\\/en\\\/#organization\"},\"potentialAction\":[{\"@type\":\"SearchAction\",\"target\":{\"@type\":\"EntryPoint\",\"urlTemplate\":\"https:\\\/\\\/enwitec.eu\\\/en\\\/?s={search_term_string}\"},\"query-input\":{\"@type\":\"PropertyValueSpecification\",\"valueRequired\":true,\"valueName\":\"search_term_string\"}}],\"inLanguage\":\"pt-PT\"},{\"@type\":\"Organization\",\"@id\":\"https:\\\/\\\/enwitec.eu\\\/en\\\/#organization\",\"name\":\"greenLink orquestra\u00e7\u00e3o de fluxos de energia | enwitec electronic GmbH | LinQ Europe Sp. z o.o.\",\"url\":\"https:\\\/\\\/enwitec.eu\\\/en\\\/\",\"logo\":{\"@type\":\"ImageObject\",\"inLanguage\":\"pt-PT\",\"@id\":\"https:\\\/\\\/enwitec.eu\\\/en\\\/#\\\/schema\\\/logo\\\/image\\\/\",\"url\":\"https:\\\/\\\/greenlink.technology\\\/wp-content\\\/uploads\\\/2025\\\/01\\\/greenlink-logo-final.png\",\"contentUrl\":\"https:\\\/\\\/greenlink.technology\\\/wp-content\\\/uploads\\\/2025\\\/01\\\/greenlink-logo-final.png\",\"width\":2586,\"height\":629,\"caption\":\"greenLink orquestra\u00e7\u00e3o de fluxos de energia | enwitec electronic GmbH | LinQ Europe Sp. z o.o. \"},\"image\":{\"@id\":\"https:\\\/\\\/enwitec.eu\\\/en\\\/#\\\/schema\\\/logo\\\/image\\\/\"}}]}<\/script>\n<!-- \/ Yoast SEO plugin. -->","yoast_head_json":{"title":"Caixa de liga\u00e7\u00e3o do gerador de corrente cont\u00ednua Enwitec GAK 1500V M28 I01VRS O01VRS Sxxxx Xxxxx M- \u00dc12 SolarConnect SUN2000 10019937 - greenLink orchestrating energy flows | enwitec electronic GmbH | LinQ Europe Sp. z o.o.","robots":{"index":"index","follow":"follow","max-snippet":"max-snippet:-1","max-image-preview":"max-image-preview:large","max-video-preview":"max-video-preview:-1"},"canonical":"https:\/\/greenlink.technology\/pt-pt\/produkt\/solarconnect-sun2000-10019337\/","og_locale":"pt_PT","og_type":"article","og_title":"Caixa de liga\u00e7\u00e3o do gerador de corrente cont\u00ednua Enwitec GAK 1500V M28 I01VRS O01VRS Sxxxx Xxxxx M- \u00dc12 SolarConnect SUN2000 10019937 - greenLink orchestrating energy flows | enwitec electronic GmbH | LinQ Europe Sp. z o.o.","og_url":"https:\/\/greenlink.technology\/pt-pt\/produkt\/solarconnect-sun2000-10019337\/","og_site_name":"greenLink orchestrating energy flows | enwitec electronic GmbH | LinQ Europe Sp. z o.o.","article_modified_time":"2025-11-24T06:30:50+00:00","twitter_card":"summary_large_image","schema":{"@context":"https:\/\/schema.org","@graph":[{"@type":"WebPage","@id":"https:\/\/greenlink.technology\/pt-pt\/produkt\/solarconnect-sun2000-10019337\/","url":"https:\/\/greenlink.technology\/pt-pt\/produkt\/solarconnect-sun2000-10019337\/","name":"Caixa de liga\u00e7\u00e3o do gerador de corrente cont\u00ednua Enwitec GAK 1500V M28 I01VRS O01VRS Sxxxx Xxxxx M- \u00dc12 SolarConnect SUN2000 10019937 - greenLink orchestrating energy flows | enwitec electronic GmbH | LinQ Europe Sp. z o.o.","isPartOf":{"@id":"https:\/\/enwitec.eu\/en\/#website"},"datePublished":"2025-11-11T07:39:27+00:00","dateModified":"2025-11-24T06:30:50+00:00","breadcrumb":{"@id":"https:\/\/greenlink.technology\/pt-pt\/produkt\/solarconnect-sun2000-10019337\/#breadcrumb"},"inLanguage":"pt-PT","potentialAction":[{"@type":"ReadAction","target":["https:\/\/greenlink.technology\/pt-pt\/produkt\/solarconnect-sun2000-10019337\/"]}]},{"@type":"BreadcrumbList","@id":"https:\/\/greenlink.technology\/pt-pt\/produkt\/solarconnect-sun2000-10019337\/#breadcrumb","itemListElement":[{"@type":"ListItem","position":1,"name":"Startseite","item":"https:\/\/enwitec.eu\/pt-pt\/"},{"@type":"ListItem","position":2,"name":"Produtos","item":"https:\/\/greenlink.technology\/pt-pt\/sobre-nos\/a-empresa\/enwitec\/produtos\/"},{"@type":"ListItem","position":3,"name":"Caixa de liga\u00e7\u00e3o do gerador de corrente cont\u00ednua Enwitec GAK 1500V M28 I01VRS O01VRS Sxxxx Xxxxx M- \u00dc12 SolarConnect SUN2000 10019937"}]},{"@type":"WebSite","@id":"https:\/\/enwitec.eu\/en\/#website","url":"https:\/\/enwitec.eu\/en\/","name":"greenLink orchestrating energy flows | enwitec electronic GmbH | LinQ Europe Sp. z o.o.","description":"","publisher":{"@id":"https:\/\/enwitec.eu\/en\/#organization"},"potentialAction":[{"@type":"SearchAction","target":{"@type":"EntryPoint","urlTemplate":"https:\/\/enwitec.eu\/en\/?s={search_term_string}"},"query-input":{"@type":"PropertyValueSpecification","valueRequired":true,"valueName":"search_term_string"}}],"inLanguage":"pt-PT"},{"@type":"Organization","@id":"https:\/\/enwitec.eu\/en\/#organization","name":"greenLink orquestra\u00e7\u00e3o de fluxos de energia | enwitec electronic GmbH | LinQ Europe Sp. z o.o.","url":"https:\/\/enwitec.eu\/en\/","logo":{"@type":"ImageObject","inLanguage":"pt-PT","@id":"https:\/\/enwitec.eu\/en\/#\/schema\/logo\/image\/","url":"https:\/\/greenlink.technology\/wp-content\/uploads\/2025\/01\/greenlink-logo-final.png","contentUrl":"https:\/\/greenlink.technology\/wp-content\/uploads\/2025\/01\/greenlink-logo-final.png","width":2586,"height":629,"caption":"greenLink orquestra\u00e7\u00e3o de fluxos de energia | enwitec electronic GmbH | LinQ Europe Sp. z o.o. "},"image":{"@id":"https:\/\/enwitec.eu\/en\/#\/schema\/logo\/image\/"}}]}},"_links":{"self":[{"href":"https:\/\/greenlink.technology\/pt-pt\/wp-json\/wp\/v2\/product\/20821","targetHints":{"allow":["GET"]}}],"collection":[{"href":"https:\/\/greenlink.technology\/pt-pt\/wp-json\/wp\/v2\/product"}],"about":[{"href":"https:\/\/greenlink.technology\/pt-pt\/wp-json\/wp\/v2\/types\/product"}],"replies":[{"embeddable":true,"href":"https:\/\/greenlink.technology\/pt-pt\/wp-json\/wp\/v2\/comments?post=20821"}],"wp:attachment":[{"href":"https:\/\/greenlink.technology\/pt-pt\/wp-json\/wp\/v2\/media?parent=20821"}],"wp:term":[{"taxonomy":"anwendung","embeddable":true,"href":"https:\/\/greenlink.technology\/pt-pt\/wp-json\/wp\/v2\/anwendung?post=20821"},{"taxonomy":"product_brand","embeddable":true,"href":"https:\/\/greenlink.technology\/pt-pt\/wp-json\/wp\/v2\/product_brand?post=20821"},{"taxonomy":"product_cat","embeddable":true,"href":"https:\/\/greenlink.technology\/pt-pt\/wp-json\/wp\/v2\/product_cat?post=20821"},{"taxonomy":"product_tag","embeddable":true,"href":"https:\/\/greenlink.technology\/pt-pt\/wp-json\/wp\/v2\/product_tag?post=20821"}],"curies":[{"name":"wp","href":"https:\/\/api.w.org\/{rel}","templated":true}]}}