{"id":9384,"date":"2025-04-14T08:34:23","date_gmt":"2025-04-14T06:34:23","guid":{"rendered":"https:\/\/greenlink.technology\/produkt\/caixa-de-interruptores-de-rede-enwitec-power-backup-63-verto-plus-eu-10019335\/"},"modified":"2025-12-16T15:16:26","modified_gmt":"2025-12-16T14:16:26","slug":"caixa-de-interruptores-de-rede-enwitec-power-backup-63-verto-plus-eu-10019335","status":"publish","type":"product","link":"https:\/\/greenlink.technology\/pt-pt\/produkt\/caixa-de-interruptores-de-rede-enwitec-power-backup-63-verto-plus-eu-10019335\/","title":{"rendered":"Caixa de distribui\u00e7\u00e3o de rede enwitec PowerBackup 63 VERTO PLUS EU &#8211; 10019335"},"content":{"rendered":"<div class=\"system-stammdaten\">\n<h2\/>\n&nbsp;<\/p>\n<\/div>\n","protected":false},"excerpt":{"rendered":"<p>&nbsp;<\/p>\n","protected":false},"featured_media":9385,"comment_status":"closed","ping_status":"closed","template":"","meta":{"_acf_changed":false},"anwendung":[],"product_brand":[264],"product_cat":[354],"product_tag":[401,371,369,372,370,373],"class_list":{"0":"post-9384","1":"product","2":"type-product","3":"status-publish","4":"has-post-thumbnail","6":"product_brand-enwitec","7":"product_cat-caixas-de-interruptores-de-rede-na-rede","8":"product_tag-10019335-pt-pt","9":"product_tag-dispositivo-de-comutacao","10":"product_tag-dispositivos-de-comutacao-da-rede-electrica","11":"product_tag-fronius-pt-pt","12":"product_tag-na-rede","13":"product_tag-verto-plus-pt-pt","14":"pa_laenderfreigabe-at-pt-pt","15":"pa_laenderfreigabe-be-pt-pt","16":"pa_laenderfreigabe-ch-pt-pt","17":"pa_laenderfreigabe-es-pt-pt","18":"pa_laenderfreigabe-fr-pt-pt","19":"pa_laenderfreigabe-lu-pt-pt","20":"pa_laenderfreigabe-nl-pt-pt","21":"pa_laenderfreigabe-pt-pt-pt-2","22":"pa_laenderfreigabe-pt-pt-pt","23":"pa_max-durchgangsleistung-0-30-kw-pt-pt","24":"pa_max-durchgangsleistung-31-100-kw-pt-pt","25":"pa_nf-a-netzanschlusspunkt-tn-c-pt-pt","26":"pa_nf-a-netzanschlusspunkt-tn-s-pt-pt","27":"pa_nf-a-netzanschlusspunkt-tt-pt-pt","28":"pa_nf-i-d-verbraucheranlage-tn-s-pt-pt","29":"pa_nf-i-d-verbraucheranlage-tt-pt-pt","30":"pa_umschaltung-automatico-pt-pt","31":"pa_wechselrichter-fronius-verto-plus-pt-pt","33":"first","34":"instock","35":"shipping-taxable","36":"product-type-simple"},"acf":{"product_informations":"<strong>Caixa de interruptores de rede 3AC 230\/400V 50Hz<\/strong>\n<ul>\n \t<li>Fus\u00edvel de liga\u00e7\u00e3o m\u00e1x. 63A <\/li>\n \t<li>Desconex\u00e3o de todos os p\u00f3los ou de tr\u00eas p\u00f3los<\/li>\n \t<li>TN-C\/S\/TT\/TN-S<\/li>\n<\/ul>\n<strong>adequado para<\/strong>\nFRONIUS - VERTO PLUS 15.0\/17.5\/20.0\/25.0\/30.0\/33.3\n\nDisponibilidade no pa\u00eds: UE 25 (exceto Alemanha e It\u00e1lia)\n<ul>\n \t<li>incl. Contador inteligente Fronius TS65A-3 - \"Touchscreen <\/li>\n<\/ul>\nPara mais informa\u00e7\u00f5es t\u00e9cnicas, descarregue a documenta\u00e7\u00e3o.\n\n<strong>Nota<\/strong>\nC\u00f3digo de correspond\u00eancia: 3PH_FRO_BBD(3)AP_35KW_3PH_FRT_EU25_1.1","technical_data":"<table border=\"0\" cellspacing=\"0\" cellpadding=\"8\">\n<tbody>\n<tr>\n<th>Designa\u00e7\u00e3o<\/th>\n<th>Valor<\/th>\n<\/tr>\n<tr>\n<td>Artigo n.\u00ba.<\/td>\n<td>10019335<\/td>\n<\/tr>\n<tr>\n<td>Compat\u00edvel com<\/td>\n<td>Fronius<\/td>\n<\/tr>\n<tr>\n<td>Fases<\/td>\n<td>3 fases<\/td>\n<\/tr>\n<tr>\n<td>Desconex\u00e3o da rede el\u00e9ctrica<\/td>\n<td>Desconex\u00e3o de todos os p\u00f3los ou de tr\u00eas p\u00f3los<\/td>\n<\/tr>\n<tr>\n<td>Rendimento t\u00e9rmico m\u00e1ximo <\/td>\n<td>35 kW<\/td>\n<\/tr>\n<tr>\n<td>C\u00f3digo do pa\u00eds<\/td>\n<td>UE 25 (exceto Alemanha e It\u00e1lia)<\/td>\n<\/tr>\n<tr>\n<td>Prote\u00e7\u00e3o NA<\/td>\n<td>n\u00e3o<\/td>\n<\/tr>\n<tr>\n<td>Comutador de origem<\/td>\n<td>n\u00e3o<\/td>\n<\/tr>\n<tr>\n<td>Tens\u00e3o nominal<\/td>\n<td>230\/400V<\/td>\n<\/tr>\n<tr>\n<td>Frequ\u00eancia nominal<\/td>\n<td>50\/60 Hz<\/td>\n<\/tr>\n<tr>\n<td>Corrente de curto-circuito<\/td>\n<td>10 kA<\/td>\n<\/tr>\n<tr>\n<td>Fus\u00edvel de reserva<\/td>\n<td>63 A<\/td>\n<\/tr>\n<tr>\n<td>Gama de temperaturas de funcionamento<\/td>\n<td>-5\u00b0C a +35\u00b0C<\/td>\n<\/tr>\n<tr>\n<td>Humidade do ar<\/td>\n<td>5% a 60%<\/td>\n<\/tr>\n<tr>\n<td>Classe de prote\u00e7\u00e3o<\/td>\n<td>II<\/td>\n<\/tr>\n<tr>\n<td>Dimens\u00f5es LxAxP<\/td>\n<td>315 x 600 x 155<\/td>\n<\/tr>\n<tr>\n<td>Peso<\/td>\n<td>7,8 kg<\/td>\n<\/tr>\n<tr>\n<td>Caixa<\/td>\n<td>Policarbonato<\/td>\n<\/tr>\n<\/tbody>\n<\/table>","download":"<a href=\"https:\/\/greenlink.technology\/wp-content\/uploads\/2025\/05\/10019335_Datenblatt_POWER-Backup-63-VERTO-PLUS-EU_2.0_DE_2025_05_26_a.pdf\" target=\"_blank\" rel=\"noopener\">Datasheet EN<\/a>\n<a href=\"https:\/\/greenlink.technology\/wp-content\/uploads\/2025\/10\/10019335_datasheet_POWER-Backup-63-VERTO-PLUS-EU_2.0_EN_d.pdf\" target=\"_blank\" rel=\"noopener\">Folha de dados PT<\/a>\n<a href=\"https:\/\/greenlink.technology\/wp-content\/uploads\/2025\/10\/10019335_Arkusz-danych_POWER-Backup-63-VERTO-PLUS-EU_2.0_PL_d.pdf\">Arkusz danych (polaco)<\/a>\n<a href=\"https:\/\/greenlink.technology\/wp-content\/uploads\/2025\/10\/10019335_datablad_POWER-Backup-63-VERTO-PLUS-EU_2.0_S_d.pdf\">Datablad (sueco)<\/a>\n<a href=\"https:\/\/greenlink.technology\/wp-content\/uploads\/2025\/10\/10019335_ficha-tecnica_POWER-Backup-63-VERTO-PLUS-EU_2.0_E_d.pdf\">Ficha t\u00e9cnica (Espanhol)<\/a>\n<a href=\"https:\/\/greenlink.technology\/wp-content\/uploads\/2025\/10\/10019335_adatlap_POWER-Backup-63-VERTO-PLUS-EU_2.0_H_d.pdf\">Adatlap (h\u00fangaro)<\/a>\n\n<a href=\"https:\/\/greenlink.technology\/wp-content\/uploads\/2025\/11\/10019894_DE_EN_HB_Inst.-Anleitung-Fronius_Verto_Plus-a.pdf\" target=\"_blank\" rel=\"noopener\">Manual DE\/EN<\/a>\n<a href=\"https:\/\/greenlink.technology\/wp-content\/uploads\/2025\/04\/10019894_PL_HB_instrukcja-instalacji_Verto_Plus-a.pdf\" target=\"_blank\" rel=\"noopener\">Podr\u0119cznik (polaco)<\/a>\n<a href=\"https:\/\/greenlink.technology\/wp-content\/uploads\/2025\/04\/10019894_SE_HB_Handbok_Verto_Plus-a.pdf\" target=\"_blank\" rel=\"noopener\">Handbok (sueco)<\/a>\n<a href=\"https:\/\/greenlink.technology\/wp-content\/uploads\/2025\/04\/10019894_ES_HB_Instrucciones-de-instalacion_Verto_Plus-a.pdf\">Manual (Espanhol)<\/a>\n<a href=\"https:\/\/greenlink.technology\/wp-content\/uploads\/2025\/04\/10019894_HU_HB_Telepitesi-utasitasok_Verto_Plus_HU-a.pdf\">K\u00e9zik\u00f6nyv (h\u00fangaro)<\/a>\n\n<a href=\"https:\/\/greenlink.technology\/wp-content\/uploads\/2025\/10\/SE_MD_Enwitec_Notstromumschaltung_DE_250320_encrypted_Verto_Plus.pdf\" target=\"_blank\" rel=\"noopener\">Declara\u00e7\u00e3o do fabricante<\/a>","product_short_description":"<strong>Inversor:<\/strong> Fronius VERTO PLUS\n<strong>Pa\u00eds de lan\u00e7amento:<\/strong> UE 25 (exceto Alemanha + It\u00e1lia)\n<strong>d\u00e9bito t\u00e9rmico m\u00e1ximo : <\/strong>  35<span style=\"font-size: inherit;\"> kW<\/span>\n<strong>Comuta\u00e7\u00e3o: <\/strong>autom\u00e1tica\n<strong>Forma da grelha no ponto de liga\u00e7\u00e3o \u00e0 rede:<\/strong> TT, TN-S, TN-C\n<strong>Forma da rede el\u00e9ctrica na unidade consumidora: <\/strong>TT, TN-S","photo_gallery":{"galerie_produkte":[[]]}},"yoast_head":"<!-- This site is optimized with the Yoast SEO plugin v27.3 - https:\/\/yoast.com\/product\/yoast-seo-wordpress\/ -->\n<title>Caixa de distribui\u00e7\u00e3o de rede enwitec PowerBackup 63 VERTO PLUS EU - 10019335 - greenLink orchestrating energy flows | enwitec electronic GmbH | LinQ Europe Sp. z o.o.<\/title>\n<meta name=\"robots\" content=\"index, follow, max-snippet:-1, max-image-preview:large, max-video-preview:-1\" \/>\n<link rel=\"canonical\" href=\"https:\/\/greenlink.technology\/pt-pt\/produkt\/caixa-de-interruptores-de-rede-enwitec-power-backup-63-verto-plus-eu-10019335\/\" \/>\n<meta property=\"og:locale\" content=\"pt_PT\" \/>\n<meta property=\"og:type\" content=\"article\" \/>\n<meta property=\"og:title\" content=\"Caixa de distribui\u00e7\u00e3o de rede enwitec PowerBackup 63 VERTO PLUS EU - 10019335 - greenLink orchestrating energy flows | enwitec electronic GmbH | LinQ Europe Sp. z o.o.\" \/>\n<meta property=\"og:description\" content=\"&nbsp;\" \/>\n<meta property=\"og:url\" content=\"https:\/\/greenlink.technology\/pt-pt\/produkt\/caixa-de-interruptores-de-rede-enwitec-power-backup-63-verto-plus-eu-10019335\/\" \/>\n<meta property=\"og:site_name\" content=\"greenLink orchestrating energy flows | enwitec electronic GmbH | LinQ Europe Sp. z o.o.\" \/>\n<meta property=\"article:modified_time\" content=\"2025-12-16T14:16:26+00:00\" \/>\n<meta property=\"og:image\" content=\"https:\/\/greenlink.technology\/wp-content\/uploads\/2025\/04\/10017485_front_offen.png\" \/>\n\t<meta property=\"og:image:width\" content=\"1000\" \/>\n\t<meta property=\"og:image:height\" content=\"966\" \/>\n\t<meta property=\"og:image:type\" content=\"image\/png\" \/>\n<meta name=\"twitter:card\" content=\"summary_large_image\" \/>\n<script type=\"application\/ld+json\" class=\"yoast-schema-graph\">{\"@context\":\"https:\\\/\\\/schema.org\",\"@graph\":[{\"@type\":\"WebPage\",\"@id\":\"https:\\\/\\\/greenlink.technology\\\/pt-pt\\\/produkt\\\/caixa-de-interruptores-de-rede-enwitec-power-backup-63-verto-plus-eu-10019335\\\/\",\"url\":\"https:\\\/\\\/greenlink.technology\\\/pt-pt\\\/produkt\\\/caixa-de-interruptores-de-rede-enwitec-power-backup-63-verto-plus-eu-10019335\\\/\",\"name\":\"Caixa de distribui\u00e7\u00e3o de rede enwitec PowerBackup 63 VERTO PLUS EU - 10019335 - greenLink orchestrating energy flows | enwitec electronic GmbH | LinQ Europe Sp. z o.o.\",\"isPartOf\":{\"@id\":\"https:\\\/\\\/enwitec.eu\\\/en\\\/#website\"},\"primaryImageOfPage\":{\"@id\":\"https:\\\/\\\/greenlink.technology\\\/pt-pt\\\/produkt\\\/caixa-de-interruptores-de-rede-enwitec-power-backup-63-verto-plus-eu-10019335\\\/#primaryimage\"},\"image\":{\"@id\":\"https:\\\/\\\/greenlink.technology\\\/pt-pt\\\/produkt\\\/caixa-de-interruptores-de-rede-enwitec-power-backup-63-verto-plus-eu-10019335\\\/#primaryimage\"},\"thumbnailUrl\":\"https:\\\/\\\/greenlink.technology\\\/wp-content\\\/uploads\\\/2025\\\/04\\\/10017485_front_offen.png\",\"datePublished\":\"2025-04-14T06:34:23+00:00\",\"dateModified\":\"2025-12-16T14:16:26+00:00\",\"breadcrumb\":{\"@id\":\"https:\\\/\\\/greenlink.technology\\\/pt-pt\\\/produkt\\\/caixa-de-interruptores-de-rede-enwitec-power-backup-63-verto-plus-eu-10019335\\\/#breadcrumb\"},\"inLanguage\":\"pt-PT\",\"potentialAction\":[{\"@type\":\"ReadAction\",\"target\":[\"https:\\\/\\\/greenlink.technology\\\/pt-pt\\\/produkt\\\/caixa-de-interruptores-de-rede-enwitec-power-backup-63-verto-plus-eu-10019335\\\/\"]}]},{\"@type\":\"ImageObject\",\"inLanguage\":\"pt-PT\",\"@id\":\"https:\\\/\\\/greenlink.technology\\\/pt-pt\\\/produkt\\\/caixa-de-interruptores-de-rede-enwitec-power-backup-63-verto-plus-eu-10019335\\\/#primaryimage\",\"url\":\"https:\\\/\\\/greenlink.technology\\\/wp-content\\\/uploads\\\/2025\\\/04\\\/10017485_front_offen.png\",\"contentUrl\":\"https:\\\/\\\/greenlink.technology\\\/wp-content\\\/uploads\\\/2025\\\/04\\\/10017485_front_offen.png\",\"width\":1000,\"height\":966},{\"@type\":\"BreadcrumbList\",\"@id\":\"https:\\\/\\\/greenlink.technology\\\/pt-pt\\\/produkt\\\/caixa-de-interruptores-de-rede-enwitec-power-backup-63-verto-plus-eu-10019335\\\/#breadcrumb\",\"itemListElement\":[{\"@type\":\"ListItem\",\"position\":1,\"name\":\"Startseite\",\"item\":\"https:\\\/\\\/enwitec.eu\\\/pt-pt\\\/\"},{\"@type\":\"ListItem\",\"position\":2,\"name\":\"Produtos\",\"item\":\"https:\\\/\\\/greenlink.technology\\\/pt-pt\\\/sobre-nos\\\/a-empresa\\\/enwitec\\\/produtos\\\/\"},{\"@type\":\"ListItem\",\"position\":3,\"name\":\"Caixa de distribui\u00e7\u00e3o de rede enwitec PowerBackup 63 VERTO PLUS EU &#8211; 10019335\"}]},{\"@type\":\"WebSite\",\"@id\":\"https:\\\/\\\/enwitec.eu\\\/en\\\/#website\",\"url\":\"https:\\\/\\\/enwitec.eu\\\/en\\\/\",\"name\":\"greenLink orchestrating energy flows | enwitec electronic GmbH | LinQ Europe Sp. z o.o.\",\"description\":\"\",\"publisher\":{\"@id\":\"https:\\\/\\\/enwitec.eu\\\/en\\\/#organization\"},\"potentialAction\":[{\"@type\":\"SearchAction\",\"target\":{\"@type\":\"EntryPoint\",\"urlTemplate\":\"https:\\\/\\\/enwitec.eu\\\/en\\\/?s={search_term_string}\"},\"query-input\":{\"@type\":\"PropertyValueSpecification\",\"valueRequired\":true,\"valueName\":\"search_term_string\"}}],\"inLanguage\":\"pt-PT\"},{\"@type\":\"Organization\",\"@id\":\"https:\\\/\\\/enwitec.eu\\\/en\\\/#organization\",\"name\":\"greenLink orquestra\u00e7\u00e3o de fluxos de energia | enwitec electronic GmbH | LinQ Europe Sp. z o.o.\",\"url\":\"https:\\\/\\\/enwitec.eu\\\/en\\\/\",\"logo\":{\"@type\":\"ImageObject\",\"inLanguage\":\"pt-PT\",\"@id\":\"https:\\\/\\\/enwitec.eu\\\/en\\\/#\\\/schema\\\/logo\\\/image\\\/\",\"url\":\"https:\\\/\\\/greenlink.technology\\\/wp-content\\\/uploads\\\/2025\\\/01\\\/greenlink-logo-final.png\",\"contentUrl\":\"https:\\\/\\\/greenlink.technology\\\/wp-content\\\/uploads\\\/2025\\\/01\\\/greenlink-logo-final.png\",\"width\":2586,\"height\":629,\"caption\":\"greenLink orquestra\u00e7\u00e3o de fluxos de energia | enwitec electronic GmbH | LinQ Europe Sp. z o.o. \"},\"image\":{\"@id\":\"https:\\\/\\\/enwitec.eu\\\/en\\\/#\\\/schema\\\/logo\\\/image\\\/\"}}]}<\/script>\n<!-- \/ Yoast SEO plugin. -->","yoast_head_json":{"title":"Caixa de distribui\u00e7\u00e3o de rede enwitec PowerBackup 63 VERTO PLUS EU - 10019335 - greenLink orchestrating energy flows | enwitec electronic GmbH | LinQ Europe Sp. z o.o.","robots":{"index":"index","follow":"follow","max-snippet":"max-snippet:-1","max-image-preview":"max-image-preview:large","max-video-preview":"max-video-preview:-1"},"canonical":"https:\/\/greenlink.technology\/pt-pt\/produkt\/caixa-de-interruptores-de-rede-enwitec-power-backup-63-verto-plus-eu-10019335\/","og_locale":"pt_PT","og_type":"article","og_title":"Caixa de distribui\u00e7\u00e3o de rede enwitec PowerBackup 63 VERTO PLUS EU - 10019335 - greenLink orchestrating energy flows | enwitec electronic GmbH | LinQ Europe Sp. z o.o.","og_description":"&nbsp;","og_url":"https:\/\/greenlink.technology\/pt-pt\/produkt\/caixa-de-interruptores-de-rede-enwitec-power-backup-63-verto-plus-eu-10019335\/","og_site_name":"greenLink orchestrating energy flows | enwitec electronic GmbH | LinQ Europe Sp. z o.o.","article_modified_time":"2025-12-16T14:16:26+00:00","og_image":[{"width":1000,"height":966,"url":"https:\/\/greenlink.technology\/wp-content\/uploads\/2025\/04\/10017485_front_offen.png","type":"image\/png"}],"twitter_card":"summary_large_image","schema":{"@context":"https:\/\/schema.org","@graph":[{"@type":"WebPage","@id":"https:\/\/greenlink.technology\/pt-pt\/produkt\/caixa-de-interruptores-de-rede-enwitec-power-backup-63-verto-plus-eu-10019335\/","url":"https:\/\/greenlink.technology\/pt-pt\/produkt\/caixa-de-interruptores-de-rede-enwitec-power-backup-63-verto-plus-eu-10019335\/","name":"Caixa de distribui\u00e7\u00e3o de rede enwitec PowerBackup 63 VERTO PLUS EU - 10019335 - greenLink orchestrating energy flows | enwitec electronic GmbH | LinQ Europe Sp. z o.o.","isPartOf":{"@id":"https:\/\/enwitec.eu\/en\/#website"},"primaryImageOfPage":{"@id":"https:\/\/greenlink.technology\/pt-pt\/produkt\/caixa-de-interruptores-de-rede-enwitec-power-backup-63-verto-plus-eu-10019335\/#primaryimage"},"image":{"@id":"https:\/\/greenlink.technology\/pt-pt\/produkt\/caixa-de-interruptores-de-rede-enwitec-power-backup-63-verto-plus-eu-10019335\/#primaryimage"},"thumbnailUrl":"https:\/\/greenlink.technology\/wp-content\/uploads\/2025\/04\/10017485_front_offen.png","datePublished":"2025-04-14T06:34:23+00:00","dateModified":"2025-12-16T14:16:26+00:00","breadcrumb":{"@id":"https:\/\/greenlink.technology\/pt-pt\/produkt\/caixa-de-interruptores-de-rede-enwitec-power-backup-63-verto-plus-eu-10019335\/#breadcrumb"},"inLanguage":"pt-PT","potentialAction":[{"@type":"ReadAction","target":["https:\/\/greenlink.technology\/pt-pt\/produkt\/caixa-de-interruptores-de-rede-enwitec-power-backup-63-verto-plus-eu-10019335\/"]}]},{"@type":"ImageObject","inLanguage":"pt-PT","@id":"https:\/\/greenlink.technology\/pt-pt\/produkt\/caixa-de-interruptores-de-rede-enwitec-power-backup-63-verto-plus-eu-10019335\/#primaryimage","url":"https:\/\/greenlink.technology\/wp-content\/uploads\/2025\/04\/10017485_front_offen.png","contentUrl":"https:\/\/greenlink.technology\/wp-content\/uploads\/2025\/04\/10017485_front_offen.png","width":1000,"height":966},{"@type":"BreadcrumbList","@id":"https:\/\/greenlink.technology\/pt-pt\/produkt\/caixa-de-interruptores-de-rede-enwitec-power-backup-63-verto-plus-eu-10019335\/#breadcrumb","itemListElement":[{"@type":"ListItem","position":1,"name":"Startseite","item":"https:\/\/enwitec.eu\/pt-pt\/"},{"@type":"ListItem","position":2,"name":"Produtos","item":"https:\/\/greenlink.technology\/pt-pt\/sobre-nos\/a-empresa\/enwitec\/produtos\/"},{"@type":"ListItem","position":3,"name":"Caixa de distribui\u00e7\u00e3o de rede enwitec PowerBackup 63 VERTO PLUS EU &#8211; 10019335"}]},{"@type":"WebSite","@id":"https:\/\/enwitec.eu\/en\/#website","url":"https:\/\/enwitec.eu\/en\/","name":"greenLink orchestrating energy flows | enwitec electronic GmbH | LinQ Europe Sp. z o.o.","description":"","publisher":{"@id":"https:\/\/enwitec.eu\/en\/#organization"},"potentialAction":[{"@type":"SearchAction","target":{"@type":"EntryPoint","urlTemplate":"https:\/\/enwitec.eu\/en\/?s={search_term_string}"},"query-input":{"@type":"PropertyValueSpecification","valueRequired":true,"valueName":"search_term_string"}}],"inLanguage":"pt-PT"},{"@type":"Organization","@id":"https:\/\/enwitec.eu\/en\/#organization","name":"greenLink orquestra\u00e7\u00e3o de fluxos de energia | enwitec electronic GmbH | LinQ Europe Sp. z o.o.","url":"https:\/\/enwitec.eu\/en\/","logo":{"@type":"ImageObject","inLanguage":"pt-PT","@id":"https:\/\/enwitec.eu\/en\/#\/schema\/logo\/image\/","url":"https:\/\/greenlink.technology\/wp-content\/uploads\/2025\/01\/greenlink-logo-final.png","contentUrl":"https:\/\/greenlink.technology\/wp-content\/uploads\/2025\/01\/greenlink-logo-final.png","width":2586,"height":629,"caption":"greenLink orquestra\u00e7\u00e3o de fluxos de energia | enwitec electronic GmbH | LinQ Europe Sp. z o.o. "},"image":{"@id":"https:\/\/enwitec.eu\/en\/#\/schema\/logo\/image\/"}}]}},"_links":{"self":[{"href":"https:\/\/greenlink.technology\/pt-pt\/wp-json\/wp\/v2\/product\/9384","targetHints":{"allow":["GET"]}}],"collection":[{"href":"https:\/\/greenlink.technology\/pt-pt\/wp-json\/wp\/v2\/product"}],"about":[{"href":"https:\/\/greenlink.technology\/pt-pt\/wp-json\/wp\/v2\/types\/product"}],"replies":[{"embeddable":true,"href":"https:\/\/greenlink.technology\/pt-pt\/wp-json\/wp\/v2\/comments?post=9384"}],"wp:featuredmedia":[{"embeddable":true,"href":"https:\/\/greenlink.technology\/pt-pt\/wp-json\/wp\/v2\/media\/9385"}],"wp:attachment":[{"href":"https:\/\/greenlink.technology\/pt-pt\/wp-json\/wp\/v2\/media?parent=9384"}],"wp:term":[{"taxonomy":"anwendung","embeddable":true,"href":"https:\/\/greenlink.technology\/pt-pt\/wp-json\/wp\/v2\/anwendung?post=9384"},{"taxonomy":"product_brand","embeddable":true,"href":"https:\/\/greenlink.technology\/pt-pt\/wp-json\/wp\/v2\/product_brand?post=9384"},{"taxonomy":"product_cat","embeddable":true,"href":"https:\/\/greenlink.technology\/pt-pt\/wp-json\/wp\/v2\/product_cat?post=9384"},{"taxonomy":"product_tag","embeddable":true,"href":"https:\/\/greenlink.technology\/pt-pt\/wp-json\/wp\/v2\/product_tag?post=9384"}],"curies":[{"name":"wp","href":"https:\/\/api.w.org\/{rel}","templated":true}]}}